{"id":65065,"date":"2025-05-15T15:48:59","date_gmt":"2025-05-15T19:22:17","guid":{"rendered":"https:\/\/zennative.eu\/product\/pakiet-startowy\/"},"modified":"2025-05-15T22:22:21","modified_gmt":"2025-05-15T19:22:21","slug":"pakiet-startowy","status":"publish","type":"product","link":"https:\/\/zennative.eu\/pl\/produkt\/pakiet-startowy\/","title":{"rendered":"Pakiet startowy"},"content":{"rendered":"\t\t<div data-elementor-type=\"product-post\" data-elementor-id=\"65065\" class=\"elementor elementor-65065\" data-elementor-post-type=\"product\">\n\t\t\t\t\t\t<section class=\"elementor-section elementor-top-section elementor-element elementor-element-dc919c6 elementor-section-boxed elementor-section-height-default elementor-section-height-default\" data-id=\"dc919c6\" data-element_type=\"section\" data-e-type=\"section\">\n\t\t\t\t\t\t<div class=\"elementor-container elementor-column-gap-wide\">\n\t\t\t\t\t<div class=\"elementor-column elementor-col-100 elementor-top-column elementor-element elementor-element-2d0ea25\" data-id=\"2d0ea25\" data-element_type=\"column\" data-e-type=\"column\">\n\t\t\t<div class=\"elementor-widget-wrap elementor-element-populated\">\n\t\t\t\t\t\t<div class=\"elementor-element elementor-element-03f440a elementor-widget elementor-widget-text-editor\" data-id=\"03f440a\" data-element_type=\"widget\" data-e-type=\"widget\" data-widget_type=\"text-editor.default\">\n\t\t\t\t<div class=\"elementor-widget-container\">\n\t\t\t\t\t\t\t\t\t<p><strong>Ten 30-dniowy pakiet startowy zawiera pe\u0142ne spektrum produkt\u00f3w Zen Native, zapewniaj\u0105c idealny przegl\u0105d i kombinacj\u0119 produkt\u00f3w, kt\u00f3re pomog\u0105 Ci rozpocz\u0105\u0107 przygod\u0119 z CBD.<\/strong><\/p>\n<p> Linia unisex Zen Native obejmuje pi\u0119\u0107 znakomitych produkt\u00f3w CBD do stosowania wewn\u0119trznego i zewn\u0119trznego.<\/p>\n<p> <strong>Olejek CBD o pe\u0142nym spektrum 15%<\/strong> powstaje z najwy\u017cszej jako\u015bci ekstraktu z konopi w\u0142\u00f3knistych, rozcie\u0144czonego olejem MCT C8 i zmodyfikowanego w oparciu o s\u0142ynny olejek CBD Zen Native o pe\u0142nym spektrum.<\/p>\n<p> <strong>Olejek CBD Crystal 5%<\/strong> to nasza wyj\u0105tkowa mieszanka izolatu CBD (kryszta\u0142u) z naszego szwajcarskiego laboratorium partnerskiego i ultradrobnego olejku C8 od naszego europejskiego partnera, przechowywana wy\u0142\u0105cznie w szklanych pojemnikach i pozyskiwana wy\u0142\u0105cznie z kokosa.<\/p>\n<p> <strong>Kapsu\u0142ki<\/strong> stanowi\u0105 wyj\u0105tkow\u0105 kombinacj\u0119, specjalnie opracowan\u0105 przez Zen Native w europejskim laboratorium. Zapakowano w Estonii.<\/p>\n<p> <strong>\u017bel aloesowy<\/strong> pozyskiwany jest z najlepszego aloesu uprawianego na Wyspach Kanaryjskich i mieszany w laboratorium Zen Native przy u\u017cyciu najwy\u017cszej jako\u015bci oleju kokosowego C8 oraz najczystszego krystalicznego CBD.<\/p>\n\t\t\t\t\t\t\t\t<\/div>\n\t\t\t\t<\/div>\n\t\t\t\t\t<\/div>\n\t\t<\/div>\n\t\t\t\t\t<\/div>\n\t\t<\/section>\n\t\t\t\t<section class=\"elementor-section elementor-top-section elementor-element elementor-element-fd4c0e5 elementor-section-boxed elementor-section-height-default elementor-section-height-default\" data-id=\"fd4c0e5\" data-element_type=\"section\" data-e-type=\"section\">\n\t\t\t\t\t\t<div class=\"elementor-container elementor-column-gap-default\">\n\t\t\t\t\t<div class=\"elementor-column elementor-col-100 elementor-top-column elementor-element elementor-element-e8b9f91\" data-id=\"e8b9f91\" data-element_type=\"column\" data-e-type=\"column\">\n\t\t\t<div class=\"elementor-widget-wrap elementor-element-populated\">\n\t\t\t\t\t\t<div class=\"elementor-element elementor-element-dc11b90 elementor-widget elementor-widget-the7-accordion\" data-id=\"dc11b90\" data-element_type=\"widget\" data-e-type=\"widget\" data-widget_type=\"the7-accordion.default\">\n\t\t\t\t<div class=\"elementor-widget-container\">\n\t\t\t\t\t\t\t<div class=\"elementor-accordion the7-adv-accordion ac_bb_title ac_bb_active_title ac_top_bottom_borders ac_left_right_borders\" data-accordion-type=\"toggle\" role=\"tablist\">\n\t\t\t\t\t\t\t<div class=\"elementor-accordion-item\">\n\t\t\t\t\t<h3 id=\"elementor-tab-title-2301\" class=\"elementor-tab-title the7-accordion-header deactive-default\" data-tab=\"1\" role=\"tab\" aria-controls=\"elementor-tab-content-2301\">\n\n\t\t\t\t\t\t\t\t\t\t\t\t\t<span class=\"elementor-accordion-icon elementor-accordion-icon-left\" aria-hidden=\"true\">\n\t\t\t\t\t\t\t\t\t\t\t\t\t\t\t<span class=\"elementor-accordion-icon-closed\"><i class=\"fas fa-chevron-down\"><\/i><\/span>\n\t\t\t\t\t\t\t\t\t\t\t\t\t\t\t\t\t<span class=\"elementor-accordion-icon-opened\"><i class=\"fas fa-chevron-up\"><\/i><\/span>\n\t\t\t\t\t\t\t\t\t\t\t\t\t\t\t\t\t\t\t\t\t\t<\/span>\n\t\t\t\t\t\t\t\t\t\t\t\t\t\t\t\t\t\t<a class=\"elementor-accordion-title\" href=\"\">Przewodnik<\/a>\n\t\t\t\t\t<\/h3>\n\t\t\t\t\t<div id=\"elementor-tab-content-2301\" class=\"elementor-tab-content elementor-clearfix deactive-default\" data-tab=\"1\" role=\"tabpanel\" aria-labelledby=\"elementor-tab-title-2301\"><p><strong>\u00a0<\/strong><\/p>\n<h3 class=\"default-heading3\">\u2600\ufe0f Poranny rytua\u0142<\/h3>\n<\/p>\n<p> <strong>Kapsu\u0142ki VITAMIN+ CBD 2100mg CBD (30szt.)<\/strong><\/p>\n<p> Jedna kapsu\u0142ka zawiera wszystkie rozpuszczalne w t\u0142uszczach mikroelementy, kt\u00f3rych potrzebuj\u0105 mieszka\u0144cy kraj\u00f3w nordyckich, aby zachowa\u0107 zdrowie i nat\u0142uszczenie organizmu, a tak\u017ce czysty, krystaliczny CBD, kt\u00f3ry pozwoli zachowa\u0107 bystro\u015b\u0107 i koncentracj\u0119 przez ca\u0142y dzie\u0144. Za\u017cywa\u0107 jedn\u0105 kapsu\u0142k\u0119 w trakcie posi\u0142ku.<\/p>\n<p> <strong>ALOES z CBD i kokosem<\/strong> <br \/><strong>\u00ad<\/strong><br \/> Cudowne po\u0142\u0105czenie aloesu, CBD i kokosa, kt\u00f3re ch\u0142odzi, koi i g\u0142\u0119boko nawil\u017ca sk\u00f3r\u0119, nie pozostawiaj\u0105c t\u0142ustej warstwy ani nie zatykaj\u0105c por\u00f3w. Na\u0142\u00f3\u017c go na twarz, szyj\u0119 i d\u0142onie i nabierz pewno\u015bci siebie!<\/p>\n<h3><\/h3>\n<h3 class=\"default-heading3\"> \ud83c\udf19 Rytua\u0142 wieczorny<\/h3>\n<\/p>\n<p> <strong>HERBATA Z KWIAT\u00d3W KONOPI<\/strong><\/p>\n<p> Wieczorny rytua\u0142 rozpoczynamy herbat\u0105 z kwiat\u00f3w konopi. Eliminuje ch\u0119\u0107 si\u0119gania po przek\u0105ski i napoje alkoholowe. Fili\u017canka herbaty wypita przy \u015bwiecach przed rozpocz\u0119ciem zabieg\u00f3w kosmetycznych i higienicznych pomaga si\u0119 zrelaksowa\u0107.<\/p>\n<p> <strong>Olej CBD o pe\u0142nym spektrum 15%<\/strong><\/p>\n<p> Naturalny nektar konopny, kt\u00f3ry od\u017cywia od wewn\u0105trz. Krople Full Spectrum uspokajaj\u0105 umys\u0142 i zapewniaj\u0105 organizmowi niezb\u0119dn\u0105 r\u00f3wnowag\u0119 fizjologiczn\u0105, kt\u00f3ra uruchamia procesy samoleczenia w ci\u0105gu nocy i zapewnia dobry sen.<\/p>\n<p> <strong>Olejek CBD Crystal 5%<\/strong><\/p>\n<p> G\u0142\u0119bokie i funkcjonalne wieczorne nawil\u017cenie, kt\u00f3re utrzymuje si\u0119 na sk\u00f3rze przez ca\u0142\u0105 noc. Nanie\u015b na twarz, szyj\u0119 i d\u0142onie, aby zr\u00f3wnowa\u017cy\u0107 produkcj\u0119 sebum, zmniejszy\u0107 stan zapalny i pobudzi\u0107 naturaln\u0105 produkcj\u0119 kolagenu w g\u0142\u0119bokich warstwach sk\u00f3ry.<\/p>\n<\/div>\n\t\t\t\t<\/div>\n\t\t\t\t\t\t\t<div class=\"elementor-accordion-item\">\n\t\t\t\t\t<h3 id=\"elementor-tab-title-2302\" class=\"elementor-tab-title the7-accordion-header\" data-tab=\"2\" role=\"tab\" aria-controls=\"elementor-tab-content-2302\">\n\n\t\t\t\t\t\t\t\t\t\t\t\t\t<span class=\"elementor-accordion-icon elementor-accordion-icon-left\" aria-hidden=\"true\">\n\t\t\t\t\t\t\t\t\t\t\t\t\t\t\t<span class=\"elementor-accordion-icon-closed\"><i class=\"fas fa-chevron-down\"><\/i><\/span>\n\t\t\t\t\t\t\t\t\t\t\t\t\t\t\t\t\t<span class=\"elementor-accordion-icon-opened\"><i class=\"fas fa-chevron-up\"><\/i><\/span>\n\t\t\t\t\t\t\t\t\t\t\t\t\t\t\t\t\t\t\t\t\t\t<\/span>\n\t\t\t\t\t\t\t\t\t\t\t\t\t\t\t\t\t\t<a class=\"elementor-accordion-title\" href=\"\">Administracja<\/a>\n\t\t\t\t\t<\/h3>\n\t\t\t\t\t<div id=\"elementor-tab-content-2302\" class=\"elementor-tab-content elementor-clearfix\" data-tab=\"2\" role=\"tabpanel\" aria-labelledby=\"elementor-tab-title-2302\"><p>1 kapsu\u0142ka dziennie, popijaj\u0105c wod\u0105. Najlepiej rano.<\/p>\n<p> 1 kropla olejku na 7,5kg masy cia\u0142a. Zalecane wieczorem, na p\u00f3\u0142 godziny przed p\u00f3j\u015bciem spa\u0107.<\/p>\n<\/div>\n\t\t\t\t<\/div>\n\t\t\t\t\t\t\t<div class=\"elementor-accordion-item\">\n\t\t\t\t\t<h3 id=\"elementor-tab-title-2303\" class=\"elementor-tab-title the7-accordion-header\" data-tab=\"3\" role=\"tab\" aria-controls=\"elementor-tab-content-2303\">\n\n\t\t\t\t\t\t\t\t\t\t\t\t\t<span class=\"elementor-accordion-icon elementor-accordion-icon-left\" aria-hidden=\"true\">\n\t\t\t\t\t\t\t\t\t\t\t\t\t\t\t<span class=\"elementor-accordion-icon-closed\"><i class=\"fas fa-chevron-down\"><\/i><\/span>\n\t\t\t\t\t\t\t\t\t\t\t\t\t\t\t\t\t<span class=\"elementor-accordion-icon-opened\"><i class=\"fas fa-chevron-up\"><\/i><\/span>\n\t\t\t\t\t\t\t\t\t\t\t\t\t\t\t\t\t\t\t\t\t\t<\/span>\n\t\t\t\t\t\t\t\t\t\t\t\t\t\t\t\t\t\t<a class=\"elementor-accordion-title\" href=\"\">Ostrze\u017cenia<\/a>\n\t\t\t\t\t<\/h3>\n\t\t\t\t\t<div id=\"elementor-tab-content-2303\" class=\"elementor-tab-content elementor-clearfix\" data-tab=\"3\" role=\"tabpanel\" aria-labelledby=\"elementor-tab-title-2303\"><p>Niezalecane dla os\u00f3b nieletnich.<\/p>\n<p> Nie zaleca si\u0119 stosowania leku w okresie ci\u0105\u017cy.<\/p>\n<p> Nie nale\u017cy przekracza\u0107 zalecanej dziennej porcji.<\/p>\n<p> Suplement diety nie mo\u017ce by\u0107 stosowany jako substytut zr\u00f3\u017cnicowanej diety.<\/p>\n<p> Przechowywa\u0107 w miejscu niedost\u0119pnym dla dzieci.<\/p>\n<\/div>\n\t\t\t\t<\/div>\n\t\t\t\t\t\t\t<div class=\"elementor-accordion-item\">\n\t\t\t\t\t<h3 id=\"elementor-tab-title-2304\" class=\"elementor-tab-title the7-accordion-header\" data-tab=\"4\" role=\"tab\" aria-controls=\"elementor-tab-content-2304\">\n\n\t\t\t\t\t\t\t\t\t\t\t\t\t<span class=\"elementor-accordion-icon elementor-accordion-icon-left\" aria-hidden=\"true\">\n\t\t\t\t\t\t\t\t\t\t\t\t\t\t\t<span class=\"elementor-accordion-icon-closed\"><i class=\"fas fa-chevron-down\"><\/i><\/span>\n\t\t\t\t\t\t\t\t\t\t\t\t\t\t\t\t\t<span class=\"elementor-accordion-icon-opened\"><i class=\"fas fa-chevron-up\"><\/i><\/span>\n\t\t\t\t\t\t\t\t\t\t\t\t\t\t\t\t\t\t\t\t\t\t<\/span>\n\t\t\t\t\t\t\t\t\t\t\t\t\t\t\t\t\t\t<a class=\"elementor-accordion-title\" href=\"\">Przygotowanie<\/a>\n\t\t\t\t\t<\/h3>\n\t\t\t\t\t<div id=\"elementor-tab-content-2304\" class=\"elementor-tab-content elementor-clearfix\" data-tab=\"4\" role=\"tabpanel\" aria-labelledby=\"elementor-tab-title-2304\"><p><strong>Olejek CBD o pe\u0142nym spektrum<\/strong> powstaje z najwy\u017cszej jako\u015bci ekstraktu z konopi w\u0142\u00f3knistych, rozcie\u0144czonego olejem MCT C8 i zmodyfikowanego w oparciu o s\u0142ynny olejek CBD Zen Native o pe\u0142nym spektrum.<\/p>\n<p> <strong>Olejek Crystal CBD<\/strong> to nasza wyj\u0105tkowa mieszanka izolatu CBD (kryszta\u0142u) z naszego szwajcarskiego laboratorium partnerskiego i ultradrobnego olejku C8 od naszego europejskiego partnera, przechowywana wy\u0142\u0105cznie w szklanych pojemnikach i pozyskiwana wy\u0142\u0105cznie z kokosa.<\/p>\n<p> <strong>Kapsu\u0142ki<\/strong> s\u0105 produkowane na zam\u00f3wienie przez Zen Native w europejskim laboratorium. Zapakowano w Estonii.<\/p>\n<p> <strong>\u017bel aloesowy<\/strong> pozyskiwany jest z najlepszego aloesu uprawianego na Wyspach Kanaryjskich i mieszany w laboratorium Zen Native przy u\u017cyciu najwy\u017cszej jako\u015bci oleju kokosowego C8 oraz najczystszego krystalicznego CBD.<\/p>\n<\/div>\n\t\t\t\t<\/div>\n\t\t\t\t\t\t\t<div class=\"elementor-accordion-item\">\n\t\t\t\t\t<h3 id=\"elementor-tab-title-2305\" class=\"elementor-tab-title the7-accordion-header\" data-tab=\"5\" role=\"tab\" aria-controls=\"elementor-tab-content-2305\">\n\n\t\t\t\t\t\t\t\t\t\t\t\t\t<span class=\"elementor-accordion-icon elementor-accordion-icon-left\" aria-hidden=\"true\">\n\t\t\t\t\t\t\t\t\t\t\t\t\t\t\t<span class=\"elementor-accordion-icon-closed\"><i class=\"fas fa-chevron-down\"><\/i><\/span>\n\t\t\t\t\t\t\t\t\t\t\t\t\t\t\t\t\t<span class=\"elementor-accordion-icon-opened\"><i class=\"fas fa-chevron-up\"><\/i><\/span>\n\t\t\t\t\t\t\t\t\t\t\t\t\t\t\t\t\t\t\t\t\t\t<\/span>\n\t\t\t\t\t\t\t\t\t\t\t\t\t\t\t\t\t\t<a class=\"elementor-accordion-title\" href=\"\">Sk\u0142adowanie<\/a>\n\t\t\t\t\t<\/h3>\n\t\t\t\t\t<div id=\"elementor-tab-content-2305\" class=\"elementor-tab-content elementor-clearfix\" data-tab=\"5\" role=\"tabpanel\" aria-labelledby=\"elementor-tab-title-2305\"><ul>\n<li>Przechowywa\u0107 w ciemnym miejscu, w temperaturze pokojowej.<\/li>\n<li> Kapsu\u0142ki wa\u017cne do 02.2027<\/li>\n<li> Olej b\u0119dzie mia\u0142 trwa\u0142o\u015b\u0107 1 roku od daty produkcji.<\/li>\n<li> Aby lepiej zachowa\u0107 olejek, nie dotykaj pipet\u0105 sk\u00f3ry, j\u0119zyka ani niczego innego. Pozwoli to zapobiec przedostaniu si\u0119 bakterii do butelki.<\/li>\n<\/ul>\n<\/div>\n\t\t\t\t<\/div>\n\t\t\t\t\t<\/div>\n\t\t\t\t\t\t<\/div>\n\t\t\t\t<\/div>\n\t\t\t\t<div class=\"elementor-element elementor-element-609c2e7 elementor-widget elementor-widget-shortcode\" data-id=\"609c2e7\" data-element_type=\"widget\" data-e-type=\"widget\" data-widget_type=\"shortcode.default\">\n\t\t\t\t<div class=\"elementor-widget-container\">\n\t\t\t\t\t\t\t<div class=\"elementor-shortcode\"> <script type=\"application\/ld+json\">\n    {\n      \"@context\": \"https:\/\/lt.zennative.ee\/\u201c,\n      \"@type\": \"Product\",\n      \"name\": \u201cFull \u201cSpectrum CBD oil,\n      \"image\": [\n        \"https:\/\/lt.zennative.ee\/wp-content\/uploads\/2021\/10\/Zen-Native-5-Full-Spectrum-CBD-Oil-Taisspektri-CBD-kanepi-oli_1.png\",\n        \"https:\/\/lt.zennative.ee\/wp-content\/uploads\/2021\/10\/Zen-Native-Pipett-Full-Spectrum-CBD-Oil-Taisspektri-CBD-kanepi-oli.png\",\n        \"https:\/\/lt.zennative.ee\/wp-content\/uploads\/2021\/10\/Zen-Native-5-Full-Spectrum-CBD-Oil-Taisspektri-CBD-kanepi-oli_3.png\"\n       ],\n      \"description\": \"Full Spectrum CBD \u00f5li annab tugevama ja laiema abi kui CBD Kristall \u00d5li ning selle toime on tuntav. Full Spectrum CBD \u00f5li rahustab viha, \u00e4revuse, ebakindluse ja v\u00e4hendab hirmu. F\u00fc\u00fcsiliselt v\u00e4hendab p\u00f5letikku, pingeid ja v\u00e4hki. Full Spectrum CBD \u00f5li sisaldab: k\u00f5iki kannabinoide (CBD, CBG, CBC, CBN...), terpeene ja flavanoide. Kvaliteetseimad ekstraktid on eranditult lahustatud kookose MCT \u00f5lis.\",\n      \"sku\": \"0446310786\",\n      \"brand\": {\n        \"@type\": \"Brand\",\n        \"name\": \u201cZen \u201cNative\n      },\n         \"aggregateRating\": {\n        \"@type\": \"AggregateRating\",\n        \"ratingValue\": \u201c5\u201d,\n        \"reviewCount\": \"89\"\n      },\n      \"offers\": {\n        \"@type\": \"Offer\",\n        \"url\": \"\t\",\n        \"priceCurrency\": \u201cEUR\u201d,\n        \"price\": \"129.99\",\n        \"priceValidUntil\": \"2022-11-20\",\n      }\n    }\n    <\/script><\/div>\n\t\t\t\t\t\t<\/div>\n\t\t\t\t<\/div>\n\t\t\t\t\t<\/div>\n\t\t<\/div>\n\t\t\t\t\t<\/div>\n\t\t<\/section>\n\t\t\t\t<\/div>\n\t\t","protected":false},"excerpt":{"rendered":"<p>Ten 30-dniowy pakiet startowy zawiera pe\u0142ne spektrum produkt\u00f3w Zen Native, zapewniaj\u0105c idealny przegl\u0105d i kombinacj\u0119 produkt\u00f3w, kt\u00f3re pomog\u0105 Ci rozpocz\u0105\u0107 przygod\u0119 z CBD. Linia unisex Zen Native obejmuje pi\u0119\u0107 znakomitych produkt\u00f3w CBD do stosowania wewn\u0119trznego i zewn\u0119trznego. Olejek CBD o pe\u0142nym spektrum 15% powstaje z najwy\u017cszej jako\u015bci ekstraktu z konopi w\u0142\u00f3knistych, rozcie\u0144czonego olejem MCT C8&hellip;<\/p>\n","protected":false},"featured_media":64958,"comment_status":"closed","ping_status":"closed","template":"","meta":[],"product_brand":[],"product_cat":[938],"product_tag":[],"class_list":{"0":"post-65065","1":"product","2":"type-product","3":"status-publish","4":"has-post-thumbnail","6":"product_cat-roznorodny","8":"first","9":"instock","10":"sale","11":"shipping-taxable","12":"purchasable","13":"product-type-simple"},"_links":{"self":[{"href":"https:\/\/zennative.eu\/pl\/wp-json\/wp\/v2\/product\/65065","targetHints":{"allow":["GET"]}}],"collection":[{"href":"https:\/\/zennative.eu\/pl\/wp-json\/wp\/v2\/product"}],"about":[{"href":"https:\/\/zennative.eu\/pl\/wp-json\/wp\/v2\/types\/product"}],"replies":[{"embeddable":true,"href":"https:\/\/zennative.eu\/pl\/wp-json\/wp\/v2\/comments?post=65065"}],"version-history":[{"count":1,"href":"https:\/\/zennative.eu\/pl\/wp-json\/wp\/v2\/product\/65065\/revisions"}],"predecessor-version":[{"id":65066,"href":"https:\/\/zennative.eu\/pl\/wp-json\/wp\/v2\/product\/65065\/revisions\/65066"}],"wp:featuredmedia":[{"embeddable":true,"href":"https:\/\/zennative.eu\/pl\/wp-json\/wp\/v2\/media\/64958"}],"wp:attachment":[{"href":"https:\/\/zennative.eu\/pl\/wp-json\/wp\/v2\/media?parent=65065"}],"wp:term":[{"taxonomy":"product_brand","embeddable":true,"href":"https:\/\/zennative.eu\/pl\/wp-json\/wp\/v2\/product_brand?post=65065"},{"taxonomy":"product_cat","embeddable":true,"href":"https:\/\/zennative.eu\/pl\/wp-json\/wp\/v2\/product_cat?post=65065"},{"taxonomy":"product_tag","embeddable":true,"href":"https:\/\/zennative.eu\/pl\/wp-json\/wp\/v2\/product_tag?post=65065"}],"curies":[{"name":"wp","href":"https:\/\/api.w.org\/{rel}","templated":true}]}}