{"id":63711,"date":"2022-02-08T19:36:20","date_gmt":"2024-10-02T17:42:05","guid":{"rendered":"https:\/\/zennative.eu\/product\/herbata-z-kwiatow-konopi\/"},"modified":"2024-10-05T19:02:36","modified_gmt":"2024-10-05T16:02:36","slug":"herbata-z-kwiatow-konopi","status":"publish","type":"product","link":"https:\/\/zennative.eu\/pl\/produkt\/herbata-z-kwiatow-konopi\/","title":{"rendered":"Herbata z kwiat\u00f3w konopi"},"content":{"rendered":"\t\t<div data-elementor-type=\"product-post\" data-elementor-id=\"63711\" class=\"elementor elementor-63711 elementor-41118\" data-elementor-post-type=\"product\">\n\t\t\t\t\t\t<section class=\"elementor-section elementor-top-section elementor-element elementor-element-4c104f4 elementor-section-boxed elementor-section-height-default elementor-section-height-default\" data-id=\"4c104f4\" data-element_type=\"section\" data-e-type=\"section\">\n\t\t\t\t\t\t<div class=\"elementor-container elementor-column-gap-wide\">\n\t\t\t\t\t<div class=\"elementor-column elementor-col-100 elementor-top-column elementor-element elementor-element-93cefb6\" data-id=\"93cefb6\" data-element_type=\"column\" data-e-type=\"column\">\n\t\t\t<div class=\"elementor-widget-wrap elementor-element-populated\">\n\t\t\t\t\t\t<div class=\"elementor-element elementor-element-2f08d37 elementor-widget elementor-widget-the7-accordion\" data-id=\"2f08d37\" data-element_type=\"widget\" data-e-type=\"widget\" data-widget_type=\"the7-accordion.default\">\n\t\t\t\t<div class=\"elementor-widget-container\">\n\t\t\t\t\t\t\t<div class=\"elementor-accordion the7-adv-accordion ac_bb_title ac_bb_active_title ac_top_bottom_borders ac_left_right_borders animate-on-loading\" data-accordion-type=\"accordion\" role=\"tablist\">\n\t\t\t\t\t\t\t<div class=\"elementor-accordion-item\">\n\t\t\t\t\t<h3 id=\"elementor-tab-title-4931\" class=\"elementor-tab-title the7-accordion-header active-default\" data-tab=\"1\" role=\"tab\" aria-controls=\"elementor-tab-content-4931\">\n\n\t\t\t\t\t\t\t\t\t\t\t\t\t<span class=\"elementor-accordion-icon elementor-accordion-icon-left\" aria-hidden=\"true\">\n\t\t\t\t\t\t\t\t\t\t\t\t\t\t\t<span class=\"elementor-accordion-icon-closed\"><i class=\"fas fa-chevron-down\"><\/i><\/span>\n\t\t\t\t\t\t\t\t\t\t\t\t\t\t\t\t\t<span class=\"elementor-accordion-icon-opened\"><i class=\"fas fa-chevron-up\"><\/i><\/span>\n\t\t\t\t\t\t\t\t\t\t\t\t\t\t\t\t\t\t\t\t\t\t<\/span>\n\t\t\t\t\t\t\t\t\t\t\t\t\t\t\t\t\t\t<a class=\"elementor-accordion-title\" href=\"\">Herbata z konopi indyjskich<\/a>\n\t\t\t\t\t<\/h3>\n\t\t\t\t\t<div id=\"elementor-tab-content-4931\" class=\"elementor-tab-content elementor-clearfix active-default\" data-tab=\"1\" role=\"tabpanel\" aria-labelledby=\"elementor-tab-title-4931\"><p>Domowa, r\u0119cznie zbierana herbata o przyjemnym aromacie i smaku.<\/p>\n<p>Dzia\u0142a uspokajaj\u0105co, relaksuj\u0105co, przeciwzapalnie i wspomagaj\u0105co.<\/p>\n<p>Odpowiednia do: \u0142agodzenia bezsenno\u015bci<\/p>\n<p>Uspokojenie niepokoju<\/p>\n<p>\u0141agodzenie zm\u0119czenia<\/p>\n<p>Aby zmniejszy\u0107 b\u00f3le g\u0142owy<\/p>\n<\/div>\n\t\t\t\t<\/div>\n\t\t\t\t\t\t\t<div class=\"elementor-accordion-item\">\n\t\t\t\t\t<h3 id=\"elementor-tab-title-4932\" class=\"elementor-tab-title the7-accordion-header\" data-tab=\"2\" role=\"tab\" aria-controls=\"elementor-tab-content-4932\">\n\n\t\t\t\t\t\t\t\t\t\t\t\t\t<span class=\"elementor-accordion-icon elementor-accordion-icon-left\" aria-hidden=\"true\">\n\t\t\t\t\t\t\t\t\t\t\t\t\t\t\t<span class=\"elementor-accordion-icon-closed\"><i class=\"fas fa-chevron-down\"><\/i><\/span>\n\t\t\t\t\t\t\t\t\t\t\t\t\t\t\t\t\t<span class=\"elementor-accordion-icon-opened\"><i class=\"fas fa-chevron-up\"><\/i><\/span>\n\t\t\t\t\t\t\t\t\t\t\t\t\t\t\t\t\t\t\t\t\t\t<\/span>\n\t\t\t\t\t\t\t\t\t\t\t\t\t\t\t\t\t\t<a class=\"elementor-accordion-title\" href=\"\">Pomys\u0142<\/a>\n\t\t\t\t\t<\/h3>\n\t\t\t\t\t<div id=\"elementor-tab-content-4932\" class=\"elementor-tab-content elementor-clearfix\" data-tab=\"2\" role=\"tabpanel\" aria-labelledby=\"elementor-tab-title-4932\"><p>Wysokiej jako\u015bci herbata z kwiat\u00f3w konopi nigdy nie zawiera nasion ani nie pachnie sianem.<\/p>\n<p>Wykorzystywane sa <span style=\"text-decoration: underline;\">kwiaty<\/span> roslin <a href=\"https:\/\/zennative.eu\/pl\/czym-jest-cbd\/\">CBD<\/a> i CBG wraz z platkami.<\/p>\n<p>szklany s\u0142oik 30 ml, 7 g<\/p>\n<\/div>\n\t\t\t\t<\/div>\n\t\t\t\t\t\t\t<div class=\"elementor-accordion-item\">\n\t\t\t\t\t<h3 id=\"elementor-tab-title-4933\" class=\"elementor-tab-title the7-accordion-header\" data-tab=\"3\" role=\"tab\" aria-controls=\"elementor-tab-content-4933\">\n\n\t\t\t\t\t\t\t\t\t\t\t\t\t<span class=\"elementor-accordion-icon elementor-accordion-icon-left\" aria-hidden=\"true\">\n\t\t\t\t\t\t\t\t\t\t\t\t\t\t\t<span class=\"elementor-accordion-icon-closed\"><i class=\"fas fa-chevron-down\"><\/i><\/span>\n\t\t\t\t\t\t\t\t\t\t\t\t\t\t\t\t\t<span class=\"elementor-accordion-icon-opened\"><i class=\"fas fa-chevron-up\"><\/i><\/span>\n\t\t\t\t\t\t\t\t\t\t\t\t\t\t\t\t\t\t\t\t\t\t<\/span>\n\t\t\t\t\t\t\t\t\t\t\t\t\t\t\t\t\t\t<a class=\"elementor-accordion-title\" href=\"\">Wykorzystanie<\/a>\n\t\t\t\t\t<\/h3>\n\t\t\t\t\t<div id=\"elementor-tab-content-4933\" class=\"elementor-tab-content elementor-clearfix\" data-tab=\"3\" role=\"tabpanel\" aria-labelledby=\"elementor-tab-title-4933\"><p>Nadaje si\u0119 zar\u00f3wno do gor\u0105cych, jak i zimnych napoj\u00f3w. Dodaj oko\u0142o p\u00f3\u0142 \u0142y\u017ceczki herbaty do fili\u017canki wrz\u0105cej wody i zaparzaj przez 10 minut. Aby przygotowa\u0107 zimn\u0105 herbat\u0119, dodaj konopie do zimnej wody i odstaw do lod\u00f3wki na 10 godzin.<\/p>\n<\/div>\n\t\t\t\t<\/div>\n\t\t\t\t\t<\/div>\n\t\t\t\t\t\t<\/div>\n\t\t\t\t<\/div>\n\t\t\t\t<div class=\"elementor-element elementor-element-c6dbb84 elementor-hidden-desktop elementor-hidden-tablet elementor-hidden-mobile elementor-widget elementor-widget-image\" data-id=\"c6dbb84\" data-element_type=\"widget\" data-e-type=\"widget\" data-widget_type=\"image.default\">\n\t\t\t\t<div class=\"elementor-widget-container\">\n\t\t\t\t\t\t\t\t\t\t\t\t\t\t\t<img fetchpriority=\"high\" decoding=\"async\" width=\"601\" height=\"801\" src=\"https:\/\/zennative.eu\/wp-content\/uploads\/2022\/02\/Zen_Native_CBG_Kanepi_Tee_1.png\" class=\"attachment-large size-large wp-image-63712\" alt=\"\" srcset=\"https:\/\/zennative.eu\/wp-content\/uploads\/2022\/02\/Zen_Native_CBG_Kanepi_Tee_1.png 601w, https:\/\/zennative.eu\/wp-content\/uploads\/2022\/02\/Zen_Native_CBG_Kanepi_Tee_1-225x300.png 225w, https:\/\/zennative.eu\/wp-content\/uploads\/2022\/02\/Zen_Native_CBG_Kanepi_Tee_1-150x200.png 150w\" sizes=\"(max-width: 601px) 100vw, 601px\" \/>\t\t\t\t\t\t\t\t\t\t\t\t\t\t\t<\/div>\n\t\t\t\t<\/div>\n\t\t\t\t\t<\/div>\n\t\t<\/div>\n\t\t\t\t\t<\/div>\n\t\t<\/section>\n\t\t\t\t<\/div>\n\t\t","protected":false},"excerpt":{"rendered":"<p>Herbata konopna z kwiat\u00f3w konopi.<\/p>\n","protected":false},"featured_media":63712,"comment_status":"closed","ping_status":"closed","template":"","meta":[],"product_brand":[],"product_cat":[924],"product_tag":[],"class_list":{"0":"post-63711","1":"product","2":"type-product","3":"status-publish","4":"has-post-thumbnail","6":"product_cat-herbata-z-kwiatow-konopi-cbd","8":"first","9":"instock","10":"shipping-taxable","11":"purchasable","12":"product-type-simple"},"_links":{"self":[{"href":"https:\/\/zennative.eu\/pl\/wp-json\/wp\/v2\/product\/63711","targetHints":{"allow":["GET"]}}],"collection":[{"href":"https:\/\/zennative.eu\/pl\/wp-json\/wp\/v2\/product"}],"about":[{"href":"https:\/\/zennative.eu\/pl\/wp-json\/wp\/v2\/types\/product"}],"replies":[{"embeddable":true,"href":"https:\/\/zennative.eu\/pl\/wp-json\/wp\/v2\/comments?post=63711"}],"version-history":[{"count":3,"href":"https:\/\/zennative.eu\/pl\/wp-json\/wp\/v2\/product\/63711\/revisions"}],"predecessor-version":[{"id":64166,"href":"https:\/\/zennative.eu\/pl\/wp-json\/wp\/v2\/product\/63711\/revisions\/64166"}],"wp:featuredmedia":[{"embeddable":true,"href":"https:\/\/zennative.eu\/pl\/wp-json\/wp\/v2\/media\/63712"}],"wp:attachment":[{"href":"https:\/\/zennative.eu\/pl\/wp-json\/wp\/v2\/media?parent=63711"}],"wp:term":[{"taxonomy":"product_brand","embeddable":true,"href":"https:\/\/zennative.eu\/pl\/wp-json\/wp\/v2\/product_brand?post=63711"},{"taxonomy":"product_cat","embeddable":true,"href":"https:\/\/zennative.eu\/pl\/wp-json\/wp\/v2\/product_cat?post=63711"},{"taxonomy":"product_tag","embeddable":true,"href":"https:\/\/zennative.eu\/pl\/wp-json\/wp\/v2\/product_tag?post=63711"}],"curies":[{"name":"wp","href":"https:\/\/api.w.org\/{rel}","templated":true}]}}