{"id":63326,"date":"2022-02-17T14:09:23","date_gmt":"2024-10-02T17:19:56","guid":{"rendered":"https:\/\/zennative.eu\/product\/cbd-home-spa-zestaw-do-pielegnacji-twarzy\/"},"modified":"2024-10-05T18:58:09","modified_gmt":"2024-10-05T15:58:09","slug":"cbd-home-spa-zestaw-do-pielegnacji-twarzy","status":"publish","type":"product","link":"https:\/\/zennative.eu\/pl\/produkt\/cbd-home-spa-zestaw-do-pielegnacji-twarzy\/","title":{"rendered":"CBD Home SPA &#8211; zestaw do piel\u0119gnacji twarzy"},"content":{"rendered":"\t\t<div data-elementor-type=\"product-post\" data-elementor-id=\"63326\" class=\"elementor elementor-63326 elementor-41762\" data-elementor-post-type=\"product\">\n\t\t\t\t\t\t<section class=\"elementor-section elementor-top-section elementor-element elementor-element-4c104f4 elementor-section-boxed elementor-section-height-default elementor-section-height-default\" data-id=\"4c104f4\" data-element_type=\"section\" data-e-type=\"section\">\n\t\t\t\t\t\t<div class=\"elementor-container elementor-column-gap-wide\">\n\t\t\t\t\t<div class=\"elementor-column elementor-col-100 elementor-top-column elementor-element elementor-element-93cefb6\" data-id=\"93cefb6\" data-element_type=\"column\" data-e-type=\"column\">\n\t\t\t<div class=\"elementor-widget-wrap elementor-element-populated\">\n\t\t\t\t\t\t<div class=\"elementor-element elementor-element-6e627d1 elementor-widget elementor-widget-text-editor\" data-id=\"6e627d1\" data-element_type=\"widget\" data-e-type=\"widget\" data-widget_type=\"text-editor.default\">\n\t\t\t\t<div class=\"elementor-widget-container\">\n\t\t\t\t\t\t\t\t\t<p><strong>Do \u0142agodzenia silnych b\u00f3l\u00f3w mi\u0119\u015bni lub przed aktywn\u0105 aktywno\u015bci\u0105. Gor\u0105cy krem <a href=\"https:\/\/zennative.eu\/pl\/czym-jest-cbd\/\">CBD<\/a> jest dobrym narz\u0119dziem do zapobiegania i ulgi. Ale nie tylko.<\/strong><\/p>\n<p>B\u00f3l mi\u0119\u015bni potrzebuje ciep\u0142ego i koj\u0105cego CBD, aby si\u0119 zregenerowa\u0107. Ten krem ma jedno i drugie. Aktywny gor\u0105cy krem Zen Native rozgrzewa sk\u00f3r\u0119 i ma g\u0142\u0119bokie dzia\u0142anie penetruj\u0105ce.<\/p>\n<p>Jedn\u0105 z najwa\u017cniejszych rzeczy do zrobienia przed \u0107wiczeniami lub prac\u0105 fizyczn\u0105 jest rozgrzanie si\u0119, aby zapobiec urazom. Smaruj\u0105c si\u0119 gor\u0105cym kremem, aktywujesz kr\u0105\u017cenie i pobudzisz mi\u0119\u015bnie, znacznie zmniejszaj\u0105c ryzyko kontuzji.<\/p>\n<p>Wmasuj go w mi\u0119\u015bnie i stawy i poczuj szybkie i d\u0142ugotrwa\u0142e efekty.<\/p>\n<p>UWAGA: Unika\u0107 kontaktu z oczami i umy\u0107 r\u0119ce po u\u017cyciu.<\/p>\n\t\t\t\t\t\t\t\t<\/div>\n\t\t\t\t<\/div>\n\t\t\t\t<div class=\"elementor-element elementor-element-2f08d37 elementor-widget elementor-widget-the7-accordion\" data-id=\"2f08d37\" data-element_type=\"widget\" data-e-type=\"widget\" data-widget_type=\"the7-accordion.default\">\n\t\t\t\t<div class=\"elementor-widget-container\">\n\t\t\t\t\t\t\t<div class=\"elementor-accordion the7-adv-accordion ac_bb_title ac_bb_active_title ac_top_bottom_borders ac_left_right_borders animate-on-loading\" data-accordion-type=\"accordion\" role=\"tablist\">\n\t\t\t\t\t\t\t<div class=\"elementor-accordion-item\">\n\t\t\t\t\t<h3 id=\"elementor-tab-title-4931\" class=\"elementor-tab-title the7-accordion-header active-default\" data-tab=\"1\" role=\"tab\" aria-controls=\"elementor-tab-content-4931\">\n\n\t\t\t\t\t\t\t\t\t\t\t\t\t<span class=\"elementor-accordion-icon elementor-accordion-icon-left\" aria-hidden=\"true\">\n\t\t\t\t\t\t\t\t\t\t\t\t\t\t\t<span class=\"elementor-accordion-icon-closed\"><i class=\"fas fa-chevron-down\"><\/i><\/span>\n\t\t\t\t\t\t\t\t\t\t\t\t\t\t\t\t\t<span class=\"elementor-accordion-icon-opened\"><i class=\"fas fa-chevron-up\"><\/i><\/span>\n\t\t\t\t\t\t\t\t\t\t\t\t\t\t\t\t\t\t\t\t\t\t<\/span>\n\t\t\t\t\t\t\t\t\t\t\t\t\t\t\t\t\t\t<a class=\"elementor-accordion-title\" href=\"\">Sk\u0142ad<\/a>\n\t\t\t\t\t<\/h3>\n\t\t\t\t\t<div id=\"elementor-tab-content-4931\" class=\"elementor-tab-content elementor-clearfix active-default\" data-tab=\"1\" role=\"tabpanel\" aria-labelledby=\"elementor-tab-title-4931\"><p><strong>Woda, zielony olej \u0142ojowy CBD 300 mg, kwas kaprylowy<\/strong><\/p>\n<p>Polysorbote 20 i 80, olej mineralny, trietonalamina, karbomer, uwodorniony olej Castrol, PEG-7, EDTA, guma ksantanowa, BHT.<\/p>\n<p>% loU<strong>WAGA:<\/strong> Jeste\u015bmy w trakcie opracowywania taniej wersji 100 tego produktu. Nie zawiera on wi\u0119cej zwi\u0105zk\u00f3w chemicznych ni\u017c zwyk\u0142y krem do r\u0105k.<\/p>\n<p>30 ml, szklany s\u0142oik z zakr\u0119tk\u0105.<\/p>\n<\/div>\n\t\t\t\t<\/div>\n\t\t\t\t\t\t\t<div class=\"elementor-accordion-item\">\n\t\t\t\t\t<h3 id=\"elementor-tab-title-4932\" class=\"elementor-tab-title the7-accordion-header\" data-tab=\"2\" role=\"tab\" aria-controls=\"elementor-tab-content-4932\">\n\n\t\t\t\t\t\t\t\t\t\t\t\t\t<span class=\"elementor-accordion-icon elementor-accordion-icon-left\" aria-hidden=\"true\">\n\t\t\t\t\t\t\t\t\t\t\t\t\t\t\t<span class=\"elementor-accordion-icon-closed\"><i class=\"fas fa-chevron-down\"><\/i><\/span>\n\t\t\t\t\t\t\t\t\t\t\t\t\t\t\t\t\t<span class=\"elementor-accordion-icon-opened\"><i class=\"fas fa-chevron-up\"><\/i><\/span>\n\t\t\t\t\t\t\t\t\t\t\t\t\t\t\t\t\t\t\t\t\t\t<\/span>\n\t\t\t\t\t\t\t\t\t\t\t\t\t\t\t\t\t\t<a class=\"elementor-accordion-title\" href=\"\">Przechowywanie w<\/a>\n\t\t\t\t\t<\/h3>\n\t\t\t\t\t<div id=\"elementor-tab-content-4932\" class=\"elementor-tab-content elementor-clearfix\" data-tab=\"2\" role=\"tabpanel\" aria-labelledby=\"elementor-tab-title-4932\"><p>Przechowywa\u0107 w ch\u0142odnym, ciemnym miejscu przez 1 rok.<\/p>\n<\/div>\n\t\t\t\t<\/div>\n\t\t\t\t\t<\/div>\n\t\t\t\t\t\t<\/div>\n\t\t\t\t<\/div>\n\t\t\t\t\t<\/div>\n\t\t<\/div>\n\t\t\t\t\t<\/div>\n\t\t<\/section>\n\t\t\t\t<\/div>\n\t\t","protected":false},"excerpt":{"rendered":"<p>Rozgrzewaj\u0105cy i aktywuj\u0105cy krem sportowy Zen Native Active+ zawiera 300 mg CBD<\/p>\n","protected":false},"featured_media":63327,"comment_status":"closed","ping_status":"closed","template":"","meta":[],"product_brand":[],"product_cat":[824],"product_tag":[776,852,851,848,849,850],"class_list":{"0":"post-63326","1":"product","2":"type-product","3":"status-publish","4":"has-post-thumbnail","6":"product_cat-kosmetyki-cbd","7":"product_tag-cbd-pl","8":"product_tag-energetyzujacy","9":"product_tag-goracy-krem","10":"product_tag-krem-sportowy-cbd","11":"product_tag-miesnie-i-stawy","12":"product_tag-rozgrzewanie-i-aktywacja","14":"first","15":"outofstock","16":"shipping-taxable","17":"purchasable","18":"product-type-simple"},"_links":{"self":[{"href":"https:\/\/zennative.eu\/pl\/wp-json\/wp\/v2\/product\/63326","targetHints":{"allow":["GET"]}}],"collection":[{"href":"https:\/\/zennative.eu\/pl\/wp-json\/wp\/v2\/product"}],"about":[{"href":"https:\/\/zennative.eu\/pl\/wp-json\/wp\/v2\/types\/product"}],"replies":[{"embeddable":true,"href":"https:\/\/zennative.eu\/pl\/wp-json\/wp\/v2\/comments?post=63326"}],"version-history":[{"count":7,"href":"https:\/\/zennative.eu\/pl\/wp-json\/wp\/v2\/product\/63326\/revisions"}],"predecessor-version":[{"id":64149,"href":"https:\/\/zennative.eu\/pl\/wp-json\/wp\/v2\/product\/63326\/revisions\/64149"}],"wp:featuredmedia":[{"embeddable":true,"href":"https:\/\/zennative.eu\/pl\/wp-json\/wp\/v2\/media\/63327"}],"wp:attachment":[{"href":"https:\/\/zennative.eu\/pl\/wp-json\/wp\/v2\/media?parent=63326"}],"wp:term":[{"taxonomy":"product_brand","embeddable":true,"href":"https:\/\/zennative.eu\/pl\/wp-json\/wp\/v2\/product_brand?post=63326"},{"taxonomy":"product_cat","embeddable":true,"href":"https:\/\/zennative.eu\/pl\/wp-json\/wp\/v2\/product_cat?post=63326"},{"taxonomy":"product_tag","embeddable":true,"href":"https:\/\/zennative.eu\/pl\/wp-json\/wp\/v2\/product_tag?post=63326"}],"curies":[{"name":"wp","href":"https:\/\/api.w.org\/{rel}","templated":true}]}}