{"id":63306,"date":"2022-02-13T11:04:43","date_gmt":"2024-10-02T17:19:49","guid":{"rendered":"https:\/\/zennative.eu\/product\/olej-cbd-o-pelnym-spektrum-dzialania-3000-mg-30\/"},"modified":"2024-10-05T18:58:55","modified_gmt":"2024-10-05T15:58:55","slug":"olej-cbd-o-pelnym-spektrum-dzialania-3000-mg-30","status":"publish","type":"product","link":"https:\/\/zennative.eu\/pl\/produkt\/olej-cbd-o-pelnym-spektrum-dzialania-3000-mg-30\/","title":{"rendered":"Olej CBD o pe\u0142nym spektrum dzia\u0142ania &#8211; 3000 mg (30%)"},"content":{"rendered":"\t\t<div data-elementor-type=\"product-post\" data-elementor-id=\"63306\" class=\"elementor elementor-63306 elementor-41618\" data-elementor-post-type=\"product\">\n\t\t\t\t\t\t<section class=\"elementor-section elementor-top-section elementor-element elementor-element-4c104f4 elementor-section-boxed elementor-section-height-default elementor-section-height-default\" data-id=\"4c104f4\" data-element_type=\"section\" data-e-type=\"section\">\n\t\t\t\t\t\t<div class=\"elementor-container elementor-column-gap-wide\">\n\t\t\t\t\t<div class=\"elementor-column elementor-col-100 elementor-top-column elementor-element elementor-element-93cefb6\" data-id=\"93cefb6\" data-element_type=\"column\" data-e-type=\"column\">\n\t\t\t<div class=\"elementor-widget-wrap elementor-element-populated\">\n\t\t\t\t\t\t<div class=\"elementor-element elementor-element-6995fa3 elementor-widget elementor-widget-text-editor\" data-id=\"6995fa3\" data-element_type=\"widget\" data-e-type=\"widget\" data-widget_type=\"text-editor.default\">\n\t\t\t\t<div class=\"elementor-widget-container\">\n\t\t\t\t\t\t\t\t\t<p><strong>Olej CBD Zen Native Full Spectrum zawiera pe\u0142n\u0105 moc ro\u015bliny konopi. Zapewnia wszystkie niezb\u0119dne kannabinoidy, w tym<\/strong><strong> CBG, CBC, CBN, THC i 3000 mg CBD.<\/strong><\/p>\n<p>Ten wysokiej jako\u015bci olej CBD zawiera wszystkie flawonoidy i terpeny konopi. Olej CBD Full Spectrum Zen Native o st\u0119\u017ceniu 30% to br\u0105zowo-zielony, przyjemny w smaku olej z konopi indyjskich, kt\u00f3ry jest \u0142atwo wch\u0142aniany przez organizm, poniewa\u017c jest rozpuszczony w oleju MCT z drobnego orzecha kokosowego.<\/p>\n<p>10 ml, ponownie przetworzona szklana, odporna na \u015bwiat\u0142o butelka z pipet\u0105. Co najmniej 200 kropli na butelk\u0119.<\/p>\n<p><strong>Przeczytaj wi\u0119cej:<\/strong> <a href=\"https:\/\/zennative.eu\/pl\/czym-jest-cbd\/\" target=\"_blank\" rel=\"noopener\">Wszystko o CBD?<\/a><\/p>\n\t\t\t\t\t\t\t\t<\/div>\n\t\t\t\t<\/div>\n\t\t\t\t\t<\/div>\n\t\t<\/div>\n\t\t\t\t\t<\/div>\n\t\t<\/section>\n\t\t\t\t<section class=\"elementor-section elementor-top-section elementor-element elementor-element-4aa086c elementor-section-boxed elementor-section-height-default elementor-section-height-default\" data-id=\"4aa086c\" data-element_type=\"section\" data-e-type=\"section\">\n\t\t\t\t\t\t<div class=\"elementor-container elementor-column-gap-default\">\n\t\t\t\t\t<div class=\"elementor-column elementor-col-100 elementor-top-column elementor-element elementor-element-397a537\" data-id=\"397a537\" data-element_type=\"column\" data-e-type=\"column\">\n\t\t\t<div class=\"elementor-widget-wrap elementor-element-populated\">\n\t\t\t\t\t\t<div class=\"elementor-element elementor-element-2f08d37 elementor-widget elementor-widget-the7-accordion\" data-id=\"2f08d37\" data-element_type=\"widget\" data-e-type=\"widget\" data-widget_type=\"the7-accordion.default\">\n\t\t\t\t<div class=\"elementor-widget-container\">\n\t\t\t\t\t\t\t<div class=\"elementor-accordion the7-adv-accordion ac_bb_title ac_bb_active_title ac_top_bottom_borders ac_left_right_borders\" data-accordion-type=\"toggle\" role=\"tablist\">\n\t\t\t\t\t\t\t<div class=\"elementor-accordion-item\">\n\t\t\t\t\t<h3 id=\"elementor-tab-title-4931\" class=\"elementor-tab-title the7-accordion-header deactive-default\" data-tab=\"1\" role=\"tab\" aria-controls=\"elementor-tab-content-4931\">\n\n\t\t\t\t\t\t\t\t\t\t\t\t\t<span class=\"elementor-accordion-icon elementor-accordion-icon-left\" aria-hidden=\"true\">\n\t\t\t\t\t\t\t\t\t\t\t\t\t\t\t<span class=\"elementor-accordion-icon-closed\"><i class=\"fas fa-chevron-down\"><\/i><\/span>\n\t\t\t\t\t\t\t\t\t\t\t\t\t\t\t\t\t<span class=\"elementor-accordion-icon-opened\"><i class=\"fas fa-chevron-up\"><\/i><\/span>\n\t\t\t\t\t\t\t\t\t\t\t\t\t\t\t\t\t\t\t\t\t\t<\/span>\n\t\t\t\t\t\t\t\t\t\t\t\t\t\t\t\t\t\t<a class=\"elementor-accordion-title\" href=\"\">Pomys\u0142<\/a>\n\t\t\t\t\t<\/h3>\n\t\t\t\t\t<div id=\"elementor-tab-content-4931\" class=\"elementor-tab-content elementor-clearfix deactive-default\" data-tab=\"1\" role=\"tabpanel\" aria-labelledby=\"elementor-tab-title-4931\"><p><strong><br \/>\nIde\u0105 stoj\u0105c\u0105 za stworzeniem oleju Full Spectrum CBD by\u0142o wydobycie ca\u0142ej mocy najwy\u017cszej jako\u015bci konopi indyjskich. <\/strong>Zosta\u0142 on stworzony z my\u015bl\u0105 o osobach, dla kt\u00f3rych Crystal CBD Oil nie przynosi\u0142 wystarczaj\u0105co zauwa\u017calnych efekt\u00f3w.<\/p>\n<p><em>Zawiera:<\/em> Ekstrakt z konopi Full Spectrum, olej MCT.<\/p>\n<\/div>\n\t\t\t\t<\/div>\n\t\t\t\t\t\t\t<div class=\"elementor-accordion-item\">\n\t\t\t\t\t<h3 id=\"elementor-tab-title-4932\" class=\"elementor-tab-title the7-accordion-header\" data-tab=\"2\" role=\"tab\" aria-controls=\"elementor-tab-content-4932\">\n\n\t\t\t\t\t\t\t\t\t\t\t\t\t<span class=\"elementor-accordion-icon elementor-accordion-icon-left\" aria-hidden=\"true\">\n\t\t\t\t\t\t\t\t\t\t\t\t\t\t\t<span class=\"elementor-accordion-icon-closed\"><i class=\"fas fa-chevron-down\"><\/i><\/span>\n\t\t\t\t\t\t\t\t\t\t\t\t\t\t\t\t\t<span class=\"elementor-accordion-icon-opened\"><i class=\"fas fa-chevron-up\"><\/i><\/span>\n\t\t\t\t\t\t\t\t\t\t\t\t\t\t\t\t\t\t\t\t\t\t<\/span>\n\t\t\t\t\t\t\t\t\t\t\t\t\t\t\t\t\t\t<a class=\"elementor-accordion-title\" href=\"\">U\u017cywaj sporadycznie<\/a>\n\t\t\t\t\t<\/h3>\n\t\t\t\t\t<div id=\"elementor-tab-content-4932\" class=\"elementor-tab-content elementor-clearfix\" data-tab=\"2\" role=\"tabpanel\" aria-labelledby=\"elementor-tab-title-4932\"><p>Olej ten ma wszystkie korzystne w\u0142a\u015bciwo\u015bci CBD, w tym:<\/p>\n<ul>\n<li style=\"list-style-type: none;\">\n<ul>\n<li><strong>Uspokaja<\/strong> uk\u0142ad nerwowy, napi\u0119cie mi\u0119\u015bni i niepok\u00f3j<\/li>\n<li><strong>Pomaga zas<\/strong> n\u0105\u0107 i utrzyma\u0107 sen<\/li>\n<li><strong>Obni\u017ca<\/strong> poziom<strong>hormon\u00f3w stresu<\/strong> i <strong>stan\u00f3w zapalnych<\/strong><\/li>\n<\/ul>\n<\/li>\n<\/ul>\n<p>dla osoby o wadze 75 kg = <strong>5 kropli<\/strong> pod j\u0119zyk.<\/p>\n<p>Jedna kropla zawiera <strong>15 mg<\/strong> CBD. 1 mg CBD = na 1 kg.<\/p>\n<p><strong>Przeczytaj wi\u0119cej:<\/strong> <a href=\"https:\/\/zennative.eu\/pl\/czym-jest-cbd\/\" target=\"_blank\" rel=\"noopener\">Wszystko o CBD?<\/a><\/p>\n<\/div>\n\t\t\t\t<\/div>\n\t\t\t\t\t\t\t<div class=\"elementor-accordion-item\">\n\t\t\t\t\t<h3 id=\"elementor-tab-title-4933\" class=\"elementor-tab-title the7-accordion-header\" data-tab=\"3\" role=\"tab\" aria-controls=\"elementor-tab-content-4933\">\n\n\t\t\t\t\t\t\t\t\t\t\t\t\t<span class=\"elementor-accordion-icon elementor-accordion-icon-left\" aria-hidden=\"true\">\n\t\t\t\t\t\t\t\t\t\t\t\t\t\t\t<span class=\"elementor-accordion-icon-closed\"><i class=\"fas fa-chevron-down\"><\/i><\/span>\n\t\t\t\t\t\t\t\t\t\t\t\t\t\t\t\t\t<span class=\"elementor-accordion-icon-opened\"><i class=\"fas fa-chevron-up\"><\/i><\/span>\n\t\t\t\t\t\t\t\t\t\t\t\t\t\t\t\t\t\t\t\t\t\t<\/span>\n\t\t\t\t\t\t\t\t\t\t\t\t\t\t\t\t\t\t<a class=\"elementor-accordion-title\" href=\"\">U\u017cycie zewn\u0119trzne<\/a>\n\t\t\t\t\t<\/h3>\n\t\t\t\t\t<div id=\"elementor-tab-content-4933\" class=\"elementor-tab-content elementor-clearfix\" data-tab=\"3\" role=\"tabpanel\" aria-labelledby=\"elementor-tab-title-4933\"><p>Delikatnie wkropi\u0107 1-3 krople na czyst\u0105 sk\u00f3r\u0119 wielko\u015bci d\u0142oni. Unika\u0107 kontaktu z oczami.<\/p>\n<ul>\n<li style=\"list-style-type: none;\">\n<ul>\n<li>Szybko \u0142agodzi stany zapalne sk\u00f3ry<\/li>\n<li>D\u0142ugotrwale nawil\u017ca i nadaje si\u0119 r\u00f3wnie\u017c do sk\u00f3ry t\u0142ustej<\/li>\n<li>Zwi\u0119ksza naturaln\u0105 produkcj\u0119 kolagenu<\/li>\n<li>Skutecznie zwalcza problemy sk\u00f3rne, takie jak egzema i tr\u0105dzik<\/li>\n<li>\u0141agodzi b\u00f3le mi\u0119\u015bni i staw\u00f3w<\/li>\n<\/ul>\n<\/li>\n<\/ul>\n<p><strong>Kt\u00f3r\u0105 moc wybra\u0107? <\/strong><\/p>\n<p style=\"padding-left: 40px;\"><strong>5%<\/strong> = Do profilaktyki i piel\u0119gnacji sk\u00f3ry<\/p>\n<p style=\"padding-left: 40px;\"><strong>15%<\/strong> = Do piel\u0119gnacji sk\u00f3ry z problemami, stanami zapalnymi lub tr\u0105dzikiem<\/p>\n<p style=\"padding-left: 40px;\">30% = Do \u0142agodzenia i leczenia chor\u00f3b sk\u00f3ry<\/p>\n<p><strong>Czytaj wi\u0119cej:<\/strong> <a href=\"https:\/\/zennative.eu\/pl\/czym-jest-cbd\/\" target=\"_blank\" rel=\"noopener\">Wszystko o CBD?<\/a><\/p>\n<\/div>\n\t\t\t\t<\/div>\n\t\t\t\t\t\t\t<div class=\"elementor-accordion-item\">\n\t\t\t\t\t<h3 id=\"elementor-tab-title-4934\" class=\"elementor-tab-title the7-accordion-header\" data-tab=\"4\" role=\"tab\" aria-controls=\"elementor-tab-content-4934\">\n\n\t\t\t\t\t\t\t\t\t\t\t\t\t<span class=\"elementor-accordion-icon elementor-accordion-icon-left\" aria-hidden=\"true\">\n\t\t\t\t\t\t\t\t\t\t\t\t\t\t\t<span class=\"elementor-accordion-icon-closed\"><i class=\"fas fa-chevron-down\"><\/i><\/span>\n\t\t\t\t\t\t\t\t\t\t\t\t\t\t\t\t\t<span class=\"elementor-accordion-icon-opened\"><i class=\"fas fa-chevron-up\"><\/i><\/span>\n\t\t\t\t\t\t\t\t\t\t\t\t\t\t\t\t\t\t\t\t\t\t<\/span>\n\t\t\t\t\t\t\t\t\t\t\t\t\t\t\t\t\t\t<a class=\"elementor-accordion-title\" href=\"\">Dodatkowe informacje<\/a>\n\t\t\t\t\t<\/h3>\n\t\t\t\t\t<div id=\"elementor-tab-content-4934\" class=\"elementor-tab-content elementor-clearfix\" data-tab=\"4\" role=\"tabpanel\" aria-labelledby=\"elementor-tab-title-4934\"><ul>\n<li>Przetestowane przez Esto\u0144skie Laboratorium Kryminalistyczne | <a href=\"https:\/\/lt.zennative.ee\/Zen-Native-Full-Spectrum-CBD-oli-EKEI-tulemused-uuringuakt-THC-ja-CBD.pdf\" target=\"_blank\" rel=\"noopener\">PDF<\/a><\/li>\n<li>% lo100 nieznanego pochodzenia<\/li>\n<li>Szklana butelka z recyklingu blokuj\u0105ca \u015bwiat\u0142o<\/li>\n<li>Bez oleju palmowego, bez GMO i wega\u0144ski<\/li>\n<li>Wyprodukowano w Estonii<\/li>\n<\/ul>\n<\/div>\n\t\t\t\t<\/div>\n\t\t\t\t\t\t\t<div class=\"elementor-accordion-item\">\n\t\t\t\t\t<h3 id=\"elementor-tab-title-4935\" class=\"elementor-tab-title the7-accordion-header\" data-tab=\"5\" role=\"tab\" aria-controls=\"elementor-tab-content-4935\">\n\n\t\t\t\t\t\t\t\t\t\t\t\t\t<span class=\"elementor-accordion-icon elementor-accordion-icon-left\" aria-hidden=\"true\">\n\t\t\t\t\t\t\t\t\t\t\t\t\t\t\t<span class=\"elementor-accordion-icon-closed\"><i class=\"fas fa-chevron-down\"><\/i><\/span>\n\t\t\t\t\t\t\t\t\t\t\t\t\t\t\t\t\t<span class=\"elementor-accordion-icon-opened\"><i class=\"fas fa-chevron-up\"><\/i><\/span>\n\t\t\t\t\t\t\t\t\t\t\t\t\t\t\t\t\t\t\t\t\t\t<\/span>\n\t\t\t\t\t\t\t\t\t\t\t\t\t\t\t\t\t\t<a class=\"elementor-accordion-title\" href=\"\">Przygotowanie<\/a>\n\t\t\t\t\t<\/h3>\n\t\t\t\t\t<div id=\"elementor-tab-content-4935\" class=\"elementor-tab-content elementor-clearfix\" data-tab=\"5\" role=\"tabpanel\" aria-labelledby=\"elementor-tab-title-4935\"><p>Najwy\u017cszej jako\u015bci konopie s\u0105 ekstrahowane<sub>metod\u0105 <\/sub>nadkrytycznego<sub>CO2 <\/sub>i rozcie\u0144czane olejem kokosowym MCT.<\/p>\n<p>% pPoniewa\u017c poziom THC w wyekstrahowanym mi\u0105\u017cszu wysokiej jako\u015bci ro\u015bliny przekracza tolerancj\u0119 UE wynosz\u0105c\u0105 0,3 irlandzkiego, robimy to w Szwajcarii, gdzie dozwolony jest 1% THC. THC w sprzedawanym przez nas oleju wynosi &lt;0,3%.<\/p>\n<p>Stosujemy t\u0119 metod\u0119, poniewa\u017c pozwala ona unikn\u0105\u0107 wad klasycznych metod, takich jak degradacja termiczna, hydroliza i pozosta\u0142o\u015bci rozpuszczalnik\u00f3w.<\/p>\n<p>Wybieraj\u0105c Zen Native, mo\u017cesz mie\u0107 pewno\u015b\u0107, \u017ce wysy\u0142asz najlepsze CBD na rynku.<\/p>\n<\/div>\n\t\t\t\t<\/div>\n\t\t\t\t\t\t\t<div class=\"elementor-accordion-item\">\n\t\t\t\t\t<h3 id=\"elementor-tab-title-4936\" class=\"elementor-tab-title the7-accordion-header\" data-tab=\"6\" role=\"tab\" aria-controls=\"elementor-tab-content-4936\">\n\n\t\t\t\t\t\t\t\t\t\t\t\t\t<span class=\"elementor-accordion-icon elementor-accordion-icon-left\" aria-hidden=\"true\">\n\t\t\t\t\t\t\t\t\t\t\t\t\t\t\t<span class=\"elementor-accordion-icon-closed\"><i class=\"fas fa-chevron-down\"><\/i><\/span>\n\t\t\t\t\t\t\t\t\t\t\t\t\t\t\t\t\t<span class=\"elementor-accordion-icon-opened\"><i class=\"fas fa-chevron-up\"><\/i><\/span>\n\t\t\t\t\t\t\t\t\t\t\t\t\t\t\t\t\t\t\t\t\t\t<\/span>\n\t\t\t\t\t\t\t\t\t\t\t\t\t\t\t\t\t\t<a class=\"elementor-accordion-title\" href=\"\">Przechowywanie w<\/a>\n\t\t\t\t\t<\/h3>\n\t\t\t\t\t<div id=\"elementor-tab-content-4936\" class=\"elementor-tab-content elementor-clearfix\" data-tab=\"6\" role=\"tabpanel\" aria-labelledby=\"elementor-tab-title-4936\"><ul>\n<li>Przechowywa\u0107 w ciemno\u015bci i w temperaturze pokojowej<\/li>\n<li>Unika\u0107 dotykania pipet\u0105 ust lub sk\u00f3ry<\/li>\n<\/ul>\n<\/div>\n\t\t\t\t<\/div>\n\t\t\t\t\t<\/div>\n\t\t\t\t\t\t<\/div>\n\t\t\t\t<\/div>\n\t\t\t\t<div class=\"elementor-element elementor-element-8b76d92 elementor-hidden-desktop elementor-hidden-tablet elementor-hidden-mobile elementor-widget elementor-widget-image\" data-id=\"8b76d92\" data-element_type=\"widget\" data-e-type=\"widget\" data-widget_type=\"image.default\">\n\t\t\t\t<div class=\"elementor-widget-container\">\n\t\t\t\t\t\t\t\t\t\t\t\t\t\t\t<img fetchpriority=\"high\" decoding=\"async\" width=\"601\" height=\"800\" src=\"https:\/\/zennative.eu\/wp-content\/uploads\/2021\/10\/Zen-Native-5-Full-Spectrum-CBD-Oil-Taisspektri-CBD-kanepi-oli_2.png\" class=\"attachment-large size-large wp-image-63136\" alt=\"olej cbd\" srcset=\"https:\/\/zennative.eu\/wp-content\/uploads\/2021\/10\/Zen-Native-5-Full-Spectrum-CBD-Oil-Taisspektri-CBD-kanepi-oli_2.png 601w, https:\/\/zennative.eu\/wp-content\/uploads\/2021\/10\/Zen-Native-5-Full-Spectrum-CBD-Oil-Taisspektri-CBD-kanepi-oli_2-225x300.png 225w\" sizes=\"(max-width: 601px) 100vw, 601px\" \/>\t\t\t\t\t\t\t\t\t\t\t\t\t\t\t<\/div>\n\t\t\t\t<\/div>\n\t\t\t\t<div class=\"elementor-element elementor-element-08122ab elementor-widget elementor-widget-shortcode\" data-id=\"08122ab\" data-element_type=\"widget\" data-e-type=\"widget\" data-widget_type=\"shortcode.default\">\n\t\t\t\t<div class=\"elementor-widget-container\">\n\t\t\t\t\t\t\t<div class=\"elementor-shortcode\"> \n   <\/div>\n\t\t\t\t\t\t<\/div>\n\t\t\t\t<\/div>\n\t\t\t\t\t<\/div>\n\t\t<\/div>\n\t\t\t\t\t<\/div>\n\t\t<\/section>\n\t\t\t\t<\/div>\n\t\t","protected":false},"excerpt":{"rendered":"<p><strong>Olej CBD Zen Native Full Spectrum zawiera pe\u0142n\u0105 moc ro\u015bliny konopi. Zawiera wszystkie kannabinoidy, w tym<\/strong><strong> CBG, CBC, CBN, THC i 3000 mg CBD.<\/strong> Ten wysokiej jako\u015bci olej CBD zawiera flawonoidy ro\u015blin konopi, terpeny. Olej CBD Full Spectrum 30% Zen Native to br\u0105zowo-zielony olej o przyjemnym smaku konopi, kt\u00f3ry jest \u0142atwo wch\u0142aniany przez organizm, poniewa\u017c jest rozpuszczony w delikatnym oleju MCT z orzecha kokosowego.<\/p>\n<p>10 ml, szklana, odporna na \u015bwiat\u0142o butelka z pipet\u0105 z recyklingu. Minimum 200 kropli na butelk\u0119.<\/p>\n","protected":false},"featured_media":63287,"comment_status":"closed","ping_status":"closed","template":"","meta":[],"product_brand":[],"product_cat":[775],"product_tag":[776,808,836,805,806,807,802,803,804],"class_list":{"0":"post-63306","1":"product","2":"type-product","3":"status-publish","4":"has-post-thumbnail","6":"product_cat-oleje-cbd","7":"product_tag-cbd-pl","8":"product_tag-cbd-tilgad-pl","9":"product_tag-granulat-z-konopi","10":"product_tag-mct-pl","11":"product_tag-olej-konopny-cbd","12":"product_tag-olej-zdrowotny","13":"product_tag-pelne-spektrum","14":"product_tag-pelne-spektrum-pl","15":"product_tag-terpeny-i-flawonoidy-w-kenepie","17":"first","18":"instock","19":"shipping-taxable","20":"purchasable","21":"product-type-simple"},"_links":{"self":[{"href":"https:\/\/zennative.eu\/pl\/wp-json\/wp\/v2\/product\/63306","targetHints":{"allow":["GET"]}}],"collection":[{"href":"https:\/\/zennative.eu\/pl\/wp-json\/wp\/v2\/product"}],"about":[{"href":"https:\/\/zennative.eu\/pl\/wp-json\/wp\/v2\/types\/product"}],"replies":[{"embeddable":true,"href":"https:\/\/zennative.eu\/pl\/wp-json\/wp\/v2\/comments?post=63306"}],"version-history":[{"count":7,"href":"https:\/\/zennative.eu\/pl\/wp-json\/wp\/v2\/product\/63306\/revisions"}],"predecessor-version":[{"id":64151,"href":"https:\/\/zennative.eu\/pl\/wp-json\/wp\/v2\/product\/63306\/revisions\/64151"}],"wp:featuredmedia":[{"embeddable":true,"href":"https:\/\/zennative.eu\/pl\/wp-json\/wp\/v2\/media\/63287"}],"wp:attachment":[{"href":"https:\/\/zennative.eu\/pl\/wp-json\/wp\/v2\/media?parent=63306"}],"wp:term":[{"taxonomy":"product_brand","embeddable":true,"href":"https:\/\/zennative.eu\/pl\/wp-json\/wp\/v2\/product_brand?post=63306"},{"taxonomy":"product_cat","embeddable":true,"href":"https:\/\/zennative.eu\/pl\/wp-json\/wp\/v2\/product_cat?post=63306"},{"taxonomy":"product_tag","embeddable":true,"href":"https:\/\/zennative.eu\/pl\/wp-json\/wp\/v2\/product_tag?post=63306"}],"curies":[{"name":"wp","href":"https:\/\/api.w.org\/{rel}","templated":true}]}}