{"id":63171,"date":"2021-12-07T18:29:44","date_gmt":"2024-10-02T17:14:33","guid":{"rendered":"https:\/\/zennative.eu\/product\/tonik-do-twarzy-cbd-3xc-1-cbd-witamina-c\/"},"modified":"2024-10-05T19:03:43","modified_gmt":"2024-10-05T16:03:43","slug":"tonik-do-twarzy-cbd-3xc-1-cbd-witamina-c","status":"publish","type":"product","link":"https:\/\/zennative.eu\/pl\/produkt\/tonik-do-twarzy-cbd-3xc-1-cbd-witamina-c\/","title":{"rendered":"Tonik do twarzy CBD 3XC 1% CBD + witamina C"},"content":{"rendered":"\t\t<div data-elementor-type=\"product-post\" data-elementor-id=\"63171\" class=\"elementor elementor-63171 elementor-39969\" data-elementor-post-type=\"product\">\n\t\t\t\t\t\t<section class=\"elementor-section elementor-top-section elementor-element elementor-element-4c104f4 elementor-section-boxed elementor-section-height-default elementor-section-height-default\" data-id=\"4c104f4\" data-element_type=\"section\" data-e-type=\"section\">\n\t\t\t\t\t\t<div class=\"elementor-container elementor-column-gap-wide\">\n\t\t\t\t\t<div class=\"elementor-column elementor-col-100 elementor-top-column elementor-element elementor-element-93cefb6\" data-id=\"93cefb6\" data-element_type=\"column\" data-e-type=\"column\">\n\t\t\t<div class=\"elementor-widget-wrap elementor-element-populated\">\n\t\t\t\t\t\t<div class=\"elementor-element elementor-element-2f08d37 elementor-widget elementor-widget-the7-accordion\" data-id=\"2f08d37\" data-element_type=\"widget\" data-e-type=\"widget\" data-widget_type=\"the7-accordion.default\">\n\t\t\t\t<div class=\"elementor-widget-container\">\n\t\t\t\t\t\t\t<div class=\"elementor-accordion the7-adv-accordion ac_bb_title ac_bb_active_title ac_top_bottom_borders ac_left_right_borders\" data-accordion-type=\"toggle\" role=\"tablist\">\n\t\t\t\t\t\t\t<div class=\"elementor-accordion-item\">\n\t\t\t\t\t<h3 id=\"elementor-tab-title-4931\" class=\"elementor-tab-title the7-accordion-header deactive-default\" data-tab=\"1\" role=\"tab\" aria-controls=\"elementor-tab-content-4931\">\n\n\t\t\t\t\t\t\t\t\t\t\t\t\t<span class=\"elementor-accordion-icon elementor-accordion-icon-left\" aria-hidden=\"true\">\n\t\t\t\t\t\t\t\t\t\t\t\t\t\t\t<span class=\"elementor-accordion-icon-closed\"><i class=\"fas fa-chevron-down\"><\/i><\/span>\n\t\t\t\t\t\t\t\t\t\t\t\t\t\t\t\t\t<span class=\"elementor-accordion-icon-opened\"><i class=\"fas fa-chevron-up\"><\/i><\/span>\n\t\t\t\t\t\t\t\t\t\t\t\t\t\t\t\t\t\t\t\t\t\t<\/span>\n\t\t\t\t\t\t\t\t\t\t\t\t\t\t\t\t\t\t<a class=\"elementor-accordion-title\" href=\"\">Pomys\u0142<\/a>\n\t\t\t\t\t<\/h3>\n\t\t\t\t\t<div id=\"elementor-tab-content-4931\" class=\"elementor-tab-content elementor-clearfix deactive-default\" data-tab=\"1\" role=\"tabpanel\" aria-labelledby=\"elementor-tab-title-4931\"><p><strong>3 razy C, ale nie tylko. <\/strong>Chcieli\u015bmy stworzy\u0107 codzienny produkt kosmetyczny CBD, kt\u00f3ry zawiera\u0142by zar\u00f3wno rozpuszczalne w wodzie, jak i t\u0142uszczach super-antyoksydanty, witaminy i olejki eteryczne. Kompletny eliksir pi\u0119kna <em>unisex<\/em>.<\/p>\n<p>Ten wyj\u0105tkowy tonik chroni sk\u00f3r\u0119 przed starzeniem i zwalcza wolne rodniki. Codzienne stosowanie wyra\u017anie odm\u0142adza sk\u00f3r\u0119 i przyspiesza jej procesy gojenia.<\/p>\n<p>Udowodniono, \u017ce witaminy s\u0105 wch\u0142aniane przez sk\u00f3r\u0119 do 10 razy lepiej!<\/p>\n<\/div>\n\t\t\t\t<\/div>\n\t\t\t\t\t\t\t<div class=\"elementor-accordion-item\">\n\t\t\t\t\t<h3 id=\"elementor-tab-title-4932\" class=\"elementor-tab-title the7-accordion-header\" data-tab=\"2\" role=\"tab\" aria-controls=\"elementor-tab-content-4932\">\n\n\t\t\t\t\t\t\t\t\t\t\t\t\t<span class=\"elementor-accordion-icon elementor-accordion-icon-left\" aria-hidden=\"true\">\n\t\t\t\t\t\t\t\t\t\t\t\t\t\t\t<span class=\"elementor-accordion-icon-closed\"><i class=\"fas fa-chevron-down\"><\/i><\/span>\n\t\t\t\t\t\t\t\t\t\t\t\t\t\t\t\t\t<span class=\"elementor-accordion-icon-opened\"><i class=\"fas fa-chevron-up\"><\/i><\/span>\n\t\t\t\t\t\t\t\t\t\t\t\t\t\t\t\t\t\t\t\t\t\t<\/span>\n\t\t\t\t\t\t\t\t\t\t\t\t\t\t\t\t\t\t<a class=\"elementor-accordion-title\" href=\"\">U\u017cycie zewn\u0119trzne<\/a>\n\t\t\t\t\t<\/h3>\n\t\t\t\t\t<div id=\"elementor-tab-content-4932\" class=\"elementor-tab-content elementor-clearfix\" data-tab=\"2\" role=\"tabpanel\" aria-labelledby=\"elementor-tab-title-4932\"><p><strong>Nanie\u015b\u0107 kilka kropli toniku na twarz lub inn\u0105 czyst\u0105 sk\u00f3r\u0119 rano i wieczorem. <\/strong>Idealny do stosowania jako pierwsza warstwa przed serum CBD.<\/p>\n<ul>\n<li style=\"list-style-type: none;\">\n<ul>\n<li>G\u0142\u0119boko od\u017cywia sk\u00f3r\u0119<\/li>\n<li>Nawil\u017ca i uj\u0119drnia sk\u00f3r\u0119<\/li>\n<li>Zwi\u0119ksza naturaln\u0105 produkcj\u0119 kolagenu<\/li>\n<li>Idealny dla sk\u00f3ry tr\u0105dzikowej<\/li>\n<\/ul>\n<\/li>\n<\/ul>\n<p>Przeczytaj wi\u0119cej <a href=\"https:\/\/zennative.eu\/pl\/czym-jest-cbd\/\">o<\/a> kosmetykach CBD tutaj<\/p>\n<\/div>\n\t\t\t\t<\/div>\n\t\t\t\t\t\t\t<div class=\"elementor-accordion-item\">\n\t\t\t\t\t<h3 id=\"elementor-tab-title-4933\" class=\"elementor-tab-title the7-accordion-header\" data-tab=\"3\" role=\"tab\" aria-controls=\"elementor-tab-content-4933\">\n\n\t\t\t\t\t\t\t\t\t\t\t\t\t<span class=\"elementor-accordion-icon elementor-accordion-icon-left\" aria-hidden=\"true\">\n\t\t\t\t\t\t\t\t\t\t\t\t\t\t\t<span class=\"elementor-accordion-icon-closed\"><i class=\"fas fa-chevron-down\"><\/i><\/span>\n\t\t\t\t\t\t\t\t\t\t\t\t\t\t\t\t\t<span class=\"elementor-accordion-icon-opened\"><i class=\"fas fa-chevron-up\"><\/i><\/span>\n\t\t\t\t\t\t\t\t\t\t\t\t\t\t\t\t\t\t\t\t\t\t<\/span>\n\t\t\t\t\t\t\t\t\t\t\t\t\t\t\t\t\t\t<a class=\"elementor-accordion-title\" href=\"\">Sk\u0142ad<\/a>\n\t\t\t\t\t<\/h3>\n\t\t\t\t\t<div id=\"elementor-tab-content-4933\" class=\"elementor-tab-content elementor-clearfix\" data-tab=\"3\" role=\"tabpanel\" aria-labelledby=\"elementor-tab-title-4933\"><p>Woda, C8, CBD, witamina C, witamina E, B12, zielona herbata, aloes, kasztanowiec zwyczajny, Gotu Kola, Ulva compressa, trawa cytrynowa.<\/p>\n<p><strong>CBD <\/strong><\/p>\n<p>Skrystalizowana aktywna cz\u0105steczka z konopi, kt\u00f3ra zwi\u0119ksza naturaln\u0105 produkcj\u0119 kolagenu w sk\u00f3rze, szybko zmniejsza stan zapalny i zaczerwienienie, normalizuje produkcj\u0119 oleju i r\u00f3wnowag\u0119 hormonaln\u0105, poprawiaj\u0105c stan sk\u00f3ry tr\u0105dzikowej.<\/p>\n<p><strong>Witamina C<\/strong><\/p>\n<p>W ustabilizowanej formie stymuluje kr\u0105\u017cenie sk\u00f3ry, redukuje pop\u0119kane naczynka, reguluje pigmentacj\u0119 i wyr\u00f3wnuje koloryt sk\u00f3ry.<\/p>\n<p><strong>C8<\/strong><\/p>\n<p>Cudowna cz\u0105steczka kwasu t\u0142uszczowego z orzecha kokosowego, g\u0142\u0119boko nawil\u017ca i oczyszcza sk\u00f3r\u0119. Normalizuje poziom dro\u017cd\u017cy i ma w\u0142a\u015bciwo\u015bci przeciwgrzybicze.<\/p>\n<p><strong>Zielona herbata <\/strong><\/p>\n<p>Ekstrakt ten energetyzuje sk\u00f3r\u0119 i oczyszcza j\u0105 z metali ci\u0119\u017ckich. Zawiera garbniki, polifenole, kofein\u0119 i fluor.<\/p>\n<p><strong>Aloes<\/strong><\/p>\n<p>Sok nawil\u017caj\u0105cy, przeciwzapalny i regeneruj\u0105cy. Zawiera witamin\u0119 B12, niezb\u0119dne aminokwasy i b\u0142onnik.<\/p>\n<p><strong>Kasztanowiec zwyczajny<\/strong><\/p>\n<p>Wyci\u0105g z kasztanowca zmniejsza opuchlizn\u0119 i obrz\u0119ki oraz dzia\u0142a uj\u0119drniaj\u0105co na sk\u00f3r\u0119.<\/p>\n<p><strong>Gotu Kola<\/strong><\/p>\n<p>Stymuluje funkcje kom\u00f3rek \u0142\u0105cznych i dzia\u0142a uj\u0119drniaj\u0105co na sk\u00f3r\u0119. Zawiera saponiny &#8211; fitochemikalia ro\u015blinne, przyspiesza produkcj\u0119 kolagenu i gojenie si\u0119 ran.<\/p>\n<p><strong>Ulva Compressa <\/strong><\/p>\n<p>Bogaty w sk\u0142adniki od\u017cywcze ekstrakt z alg zwi\u0119ksza elastyczno\u015b\u0107 sk\u00f3ry i zmniejsza sw\u0119dzenie.<\/p>\n<p><strong>Trawa cytrynowa<\/strong><\/p>\n<p>Opr\u00f3cz wspania\u0142ego energetyzuj\u0105cego zapachu, olejek z li\u015bci cyprysu zapewnia r\u00f3wnie\u017c w\u0142a\u015bciwo\u015bci oczyszczaj\u0105ce i przycinaj\u0105ce sk\u00f3r\u0119.<\/p>\n<p><strong>Witamina E <\/strong><\/p>\n<p>Nawil\u017caj\u0105cy i od\u017cywczy przeciwutleniacz, kt\u00f3ry zwi\u0119ksza elastyczno\u015b\u0107 tkanek.<\/p>\n<p><em>Konserwanty: gliceryna, propanediol, guma gellan, fenoksyetanol, cross-polimer akrylanu alkilu, gliceryna etyloheksylowa, dimetikon, laurylosiarczan sodu, wodorotlenek sodu, kwas etylenodiaminotetraoctowy.<\/em><\/p>\n<\/div>\n\t\t\t\t<\/div>\n\t\t\t\t\t\t\t<div class=\"elementor-accordion-item\">\n\t\t\t\t\t<h3 id=\"elementor-tab-title-4934\" class=\"elementor-tab-title the7-accordion-header\" data-tab=\"4\" role=\"tab\" aria-controls=\"elementor-tab-content-4934\">\n\n\t\t\t\t\t\t\t\t\t\t\t\t\t<span class=\"elementor-accordion-icon elementor-accordion-icon-left\" aria-hidden=\"true\">\n\t\t\t\t\t\t\t\t\t\t\t\t\t\t\t<span class=\"elementor-accordion-icon-closed\"><i class=\"fas fa-chevron-down\"><\/i><\/span>\n\t\t\t\t\t\t\t\t\t\t\t\t\t\t\t\t\t<span class=\"elementor-accordion-icon-opened\"><i class=\"fas fa-chevron-up\"><\/i><\/span>\n\t\t\t\t\t\t\t\t\t\t\t\t\t\t\t\t\t\t\t\t\t\t<\/span>\n\t\t\t\t\t\t\t\t\t\t\t\t\t\t\t\t\t\t<a class=\"elementor-accordion-title\" href=\"\">Przygotowanie<\/a>\n\t\t\t\t\t<\/h3>\n\t\t\t\t\t<div id=\"elementor-tab-content-4934\" class=\"elementor-tab-content elementor-clearfix\" data-tab=\"4\" role=\"tabpanel\" aria-labelledby=\"elementor-tab-title-4934\"><p>Znajduje si\u0119 tu mistyczna ilo\u015b\u0107 dobroci. Najwy\u017cszej jako\u015bci kryszta\u0142y, ekstrakty i oleje.<\/p>\n<\/div>\n\t\t\t\t<\/div>\n\t\t\t\t\t\t\t<div class=\"elementor-accordion-item\">\n\t\t\t\t\t<h3 id=\"elementor-tab-title-4935\" class=\"elementor-tab-title the7-accordion-header\" data-tab=\"5\" role=\"tab\" aria-controls=\"elementor-tab-content-4935\">\n\n\t\t\t\t\t\t\t\t\t\t\t\t\t<span class=\"elementor-accordion-icon elementor-accordion-icon-left\" aria-hidden=\"true\">\n\t\t\t\t\t\t\t\t\t\t\t\t\t\t\t<span class=\"elementor-accordion-icon-closed\"><i class=\"fas fa-chevron-down\"><\/i><\/span>\n\t\t\t\t\t\t\t\t\t\t\t\t\t\t\t\t\t<span class=\"elementor-accordion-icon-opened\"><i class=\"fas fa-chevron-up\"><\/i><\/span>\n\t\t\t\t\t\t\t\t\t\t\t\t\t\t\t\t\t\t\t\t\t\t<\/span>\n\t\t\t\t\t\t\t\t\t\t\t\t\t\t\t\t\t\t<a class=\"elementor-accordion-title\" href=\"\">Przechowywanie w<\/a>\n\t\t\t\t\t<\/h3>\n\t\t\t\t\t<div id=\"elementor-tab-content-4935\" class=\"elementor-tab-content elementor-clearfix\" data-tab=\"5\" role=\"tabpanel\" aria-labelledby=\"elementor-tab-title-4935\"><ul>\n<li>Przechowywa\u0107 w ciemno\u015bci i w temperaturze pokojowej<\/li>\n<li>Unika\u0107 dotykania sk\u00f3ry pipet\u0105<\/li>\n<\/ul>\n<\/div>\n\t\t\t\t<\/div>\n\t\t\t\t\t<\/div>\n\t\t\t\t\t\t<\/div>\n\t\t\t\t<\/div>\n\t\t\t\t<div class=\"elementor-element elementor-element-2e64ecd elementor-hidden-desktop elementor-hidden-tablet elementor-hidden-mobile elementor-widget elementor-widget-image\" data-id=\"2e64ecd\" data-element_type=\"widget\" data-e-type=\"widget\" data-widget_type=\"image.default\">\n\t\t\t\t<div class=\"elementor-widget-container\">\n\t\t\t\t\t\t\t\t\t\t\t\t\t\t\t<img fetchpriority=\"high\" decoding=\"async\" width=\"601\" height=\"801\" src=\"https:\/\/zennative.eu\/wp-content\/uploads\/2021\/12\/Artboard-1-copy-82.png\" class=\"attachment-large size-large wp-image-63175\" alt=\"cbd\" srcset=\"https:\/\/zennative.eu\/wp-content\/uploads\/2021\/12\/Artboard-1-copy-82.png 601w, https:\/\/zennative.eu\/wp-content\/uploads\/2021\/12\/Artboard-1-copy-82-225x300.png 225w\" sizes=\"(max-width: 601px) 100vw, 601px\" \/>\t\t\t\t\t\t\t\t\t\t\t\t\t\t\t<\/div>\n\t\t\t\t<\/div>\n\t\t\t\t\t<\/div>\n\t\t<\/div>\n\t\t\t\t\t<\/div>\n\t\t<\/section>\n\t\t\t\t<\/div>\n\t\t","protected":false},"excerpt":{"rendered":"<p>Nasz nowy, szybko dzia\u0142aj\u0105cy supertoner to codzienna warstwa bazowa dla zadbanej sk\u00f3ry.<\/p>\n","protected":false},"featured_media":63172,"comment_status":"closed","ping_status":"closed","template":"","meta":[],"product_brand":[],"product_cat":[824],"product_tag":[777,776,825,826],"class_list":{"0":"post-63171","1":"product","2":"type-product","3":"status-publish","4":"has-post-thumbnail","6":"product_cat-kosmetyki-cbd","7":"product_tag-c8-pl","8":"product_tag-cbd-pl","9":"product_tag-witamina-c","10":"product_tag-witamina-d","12":"first","13":"outofstock","14":"shipping-taxable","15":"purchasable","16":"product-type-simple"},"_links":{"self":[{"href":"https:\/\/zennative.eu\/pl\/wp-json\/wp\/v2\/product\/63171","targetHints":{"allow":["GET"]}}],"collection":[{"href":"https:\/\/zennative.eu\/pl\/wp-json\/wp\/v2\/product"}],"about":[{"href":"https:\/\/zennative.eu\/pl\/wp-json\/wp\/v2\/types\/product"}],"replies":[{"embeddable":true,"href":"https:\/\/zennative.eu\/pl\/wp-json\/wp\/v2\/comments?post=63171"}],"version-history":[{"count":7,"href":"https:\/\/zennative.eu\/pl\/wp-json\/wp\/v2\/product\/63171\/revisions"}],"predecessor-version":[{"id":64172,"href":"https:\/\/zennative.eu\/pl\/wp-json\/wp\/v2\/product\/63171\/revisions\/64172"}],"wp:featuredmedia":[{"embeddable":true,"href":"https:\/\/zennative.eu\/pl\/wp-json\/wp\/v2\/media\/63172"}],"wp:attachment":[{"href":"https:\/\/zennative.eu\/pl\/wp-json\/wp\/v2\/media?parent=63171"}],"wp:term":[{"taxonomy":"product_brand","embeddable":true,"href":"https:\/\/zennative.eu\/pl\/wp-json\/wp\/v2\/product_brand?post=63171"},{"taxonomy":"product_cat","embeddable":true,"href":"https:\/\/zennative.eu\/pl\/wp-json\/wp\/v2\/product_cat?post=63171"},{"taxonomy":"product_tag","embeddable":true,"href":"https:\/\/zennative.eu\/pl\/wp-json\/wp\/v2\/product_tag?post=63171"}],"curies":[{"name":"wp","href":"https:\/\/api.w.org\/{rel}","templated":true}]}}