{"id":63133,"date":"2021-10-27T12:29:53","date_gmt":"2024-10-02T17:14:21","guid":{"rendered":"https:\/\/zennative.eu\/product\/full-spectrum-najbogatszy-olej-z-konopi-cbd-w-estonii\/"},"modified":"2024-10-05T19:04:23","modified_gmt":"2024-10-05T16:04:23","slug":"full-spectrum-najbogatszy-olej-z-konopi-cbd-w-polsce","status":"publish","type":"product","link":"https:\/\/zennative.eu\/pl\/produkt\/full-spectrum-najbogatszy-olej-z-konopi-cbd-w-polsce\/","title":{"rendered":"Full Spectrum &#8211; najbogatszy olej z konopi CBD w Polsce"},"content":{"rendered":"\t\t<div data-elementor-type=\"product-post\" data-elementor-id=\"63133\" class=\"elementor elementor-63133 elementor-39916\" data-elementor-post-type=\"product\">\n\t\t\t\t\t\t<section class=\"elementor-section elementor-top-section elementor-element elementor-element-4c104f4 elementor-section-boxed elementor-section-height-default elementor-section-height-default\" data-id=\"4c104f4\" data-element_type=\"section\" data-e-type=\"section\">\n\t\t\t\t\t\t<div class=\"elementor-container elementor-column-gap-wide\">\n\t\t\t\t\t<div class=\"elementor-column elementor-col-100 elementor-top-column elementor-element elementor-element-93cefb6\" data-id=\"93cefb6\" data-element_type=\"column\" data-e-type=\"column\">\n\t\t\t<div class=\"elementor-widget-wrap elementor-element-populated\">\n\t\t\t\t\t\t<div class=\"elementor-element elementor-element-7349286 elementor-widget elementor-widget-text-editor\" data-id=\"7349286\" data-element_type=\"widget\" data-e-type=\"widget\" data-widget_type=\"text-editor.default\">\n\t\t\t\t<div class=\"elementor-widget-container\">\n\t\t\t\t\t\t\t\t\t<p><strong>Olej CBD Zen Native Full Spectrum zawiera pe\u0142n\u0105 moc ro\u015bliny konopi. Zapewnia wszystkie niezb\u0119dne kannabinoidy, w tym<\/strong><strong> CBG, CBC, CBN, THC i 500\/1500\/3000 mg CBD.<\/strong><\/p>\n<p>Ten wysokiej jako\u015bci olej CBD zawiera wszystkie flawonoidy i terpeny konopi. Olej CBD Full Spectrum Zen Native 5%, 15% lub 30% to br\u0105zowo-zielony, przyjemny w smaku olej z konopi indyjskich, kt\u00f3ry jest \u0142atwo wch\u0142aniany przez organizm, poniewa\u017c jest rozpuszczony w oleju MCT z drobnego orzecha kokosowego.<\/p>\n<p>10 ml, szklana, nieprzepuszczaj\u0105ca \u015bwiat\u0142a butelka z pipet\u0105. Co najmniej 200 kropli na butelk\u0119.<\/p>\n<p><strong>Przeczytaj wi\u0119cej:<\/strong> <a href=\"https:\/\/zennative.eu\/pl\/czym-jest-cbd\/\" target=\"_blank\" rel=\"noopener\">Wszystko o CBD?<\/a><\/p>\n\t\t\t\t\t\t\t\t<\/div>\n\t\t\t\t<\/div>\n\t\t\t\t<div class=\"elementor-element elementor-element-3105200 elementor-widget elementor-widget-the7-accordion\" data-id=\"3105200\" data-element_type=\"widget\" data-e-type=\"widget\" data-widget_type=\"the7-accordion.default\">\n\t\t\t\t<div class=\"elementor-widget-container\">\n\t\t\t\t\t\t\t<div class=\"elementor-accordion the7-adv-accordion ac_bb_title ac_bb_active_title ac_top_bottom_borders ac_left_right_borders\" data-accordion-type=\"toggle\" role=\"tablist\">\n\t\t\t\t\t\t\t<div class=\"elementor-accordion-item\">\n\t\t\t\t\t<h3 id=\"elementor-tab-title-5141\" class=\"elementor-tab-title the7-accordion-header deactive-default\" data-tab=\"1\" role=\"tab\" aria-controls=\"elementor-tab-content-5141\">\n\n\t\t\t\t\t\t\t\t\t\t\t\t\t<span class=\"elementor-accordion-icon elementor-accordion-icon-left\" aria-hidden=\"true\">\n\t\t\t\t\t\t\t\t\t\t\t\t\t\t\t<span class=\"elementor-accordion-icon-closed\"><i class=\"fas fa-chevron-down\"><\/i><\/span>\n\t\t\t\t\t\t\t\t\t\t\t\t\t\t\t\t\t<span class=\"elementor-accordion-icon-opened\"><i class=\"fas fa-chevron-up\"><\/i><\/span>\n\t\t\t\t\t\t\t\t\t\t\t\t\t\t\t\t\t\t\t\t\t\t<\/span>\n\t\t\t\t\t\t\t\t\t\t\t\t\t\t\t\t\t\t<a class=\"elementor-accordion-title\" href=\"\">Pomys\u0142<\/a>\n\t\t\t\t\t<\/h3>\n\t\t\t\t\t<div id=\"elementor-tab-content-5141\" class=\"elementor-tab-content elementor-clearfix deactive-default\" data-tab=\"1\" role=\"tabpanel\" aria-labelledby=\"elementor-tab-title-5141\"><p><strong><br \/>\nIde\u0105 stoj\u0105c\u0105 za stworzeniem oleju Full Spectrum CBD by\u0142o wydobycie ca\u0142ej mocy najwy\u017cszej jako\u015bci konopi indyjskich. <\/strong><\/p>\n<p>Zosta\u0142 on stworzony z my\u015bl\u0105 o osobach, dla kt\u00f3rych Crystal CBD Oil nie przynosi\u0142 wystarczaj\u0105co zauwa\u017calnych efekt\u00f3w.<\/p>\n<p><strong><em>Zawiera:<\/em><\/strong> Ekstrakt z konopi Full Spectrum, olej MCT.<\/p>\n<\/div>\n\t\t\t\t<\/div>\n\t\t\t\t\t\t\t<div class=\"elementor-accordion-item\">\n\t\t\t\t\t<h3 id=\"elementor-tab-title-5142\" class=\"elementor-tab-title the7-accordion-header\" data-tab=\"2\" role=\"tab\" aria-controls=\"elementor-tab-content-5142\">\n\n\t\t\t\t\t\t\t\t\t\t\t\t\t<span class=\"elementor-accordion-icon elementor-accordion-icon-left\" aria-hidden=\"true\">\n\t\t\t\t\t\t\t\t\t\t\t\t\t\t\t<span class=\"elementor-accordion-icon-closed\"><i class=\"fas fa-chevron-down\"><\/i><\/span>\n\t\t\t\t\t\t\t\t\t\t\t\t\t\t\t\t\t<span class=\"elementor-accordion-icon-opened\"><i class=\"fas fa-chevron-up\"><\/i><\/span>\n\t\t\t\t\t\t\t\t\t\t\t\t\t\t\t\t\t\t\t\t\t\t<\/span>\n\t\t\t\t\t\t\t\t\t\t\t\t\t\t\t\t\t\t<a class=\"elementor-accordion-title\" href=\"\">U\u017cywaj sporadycznie<\/a>\n\t\t\t\t\t<\/h3>\n\t\t\t\t\t<div id=\"elementor-tab-content-5142\" class=\"elementor-tab-content elementor-clearfix\" data-tab=\"2\" role=\"tabpanel\" aria-labelledby=\"elementor-tab-title-5142\"><p>Wszystkie korzystne w\u0142a\u015bciwo\u015bci CBD + innych kannabinoid\u00f3w, w tym:<\/p>\n<ul>\n<li style=\"list-style-type: none;\">\n<ul>\n<li><strong>Uspokaja<\/strong> uk\u0142ad nerwowy, napi\u0119cie mi\u0119\u015bni i niepok\u00f3j<\/li>\n<li><strong>Pomaga zas<\/strong> n\u0105\u0107 i utrzyma\u0107 sen<\/li>\n<li><strong>Obni\u017ca <\/strong>poziom hormon\u00f3w stresu i stan\u00f3w zapalnych<\/li>\n<\/ul>\n<\/li>\n<\/ul>\n<p>Dawkowanie dla osoby o wadze 75 kg<\/p>\n<ul>\n<li><strong>%-s5 t =<\/strong> 30 kropli pod j\u0119zyk;<\/li>\n<li><strong>%-s15 t<\/strong> = 10 kropli pod j\u0119zyk;<\/li>\n<li><strong>%-s30 t<\/strong> = 5 kropli pod j\u0119zyk<\/li>\n<\/ul>\n<p><strong>Czytaj wi\u0119cej:<\/strong> <a href=\"https:\/\/zennative.eu\/pl\/czym-jest-cbd\/\">Wszystko o CBD<\/a><\/p>\n<\/div>\n\t\t\t\t<\/div>\n\t\t\t\t\t\t\t<div class=\"elementor-accordion-item\">\n\t\t\t\t\t<h3 id=\"elementor-tab-title-5143\" class=\"elementor-tab-title the7-accordion-header\" data-tab=\"3\" role=\"tab\" aria-controls=\"elementor-tab-content-5143\">\n\n\t\t\t\t\t\t\t\t\t\t\t\t\t<span class=\"elementor-accordion-icon elementor-accordion-icon-left\" aria-hidden=\"true\">\n\t\t\t\t\t\t\t\t\t\t\t\t\t\t\t<span class=\"elementor-accordion-icon-closed\"><i class=\"fas fa-chevron-down\"><\/i><\/span>\n\t\t\t\t\t\t\t\t\t\t\t\t\t\t\t\t\t<span class=\"elementor-accordion-icon-opened\"><i class=\"fas fa-chevron-up\"><\/i><\/span>\n\t\t\t\t\t\t\t\t\t\t\t\t\t\t\t\t\t\t\t\t\t\t<\/span>\n\t\t\t\t\t\t\t\t\t\t\t\t\t\t\t\t\t\t<a class=\"elementor-accordion-title\" href=\"\">U\u017cycie zewn\u0119trzne<\/a>\n\t\t\t\t\t<\/h3>\n\t\t\t\t\t<div id=\"elementor-tab-content-5143\" class=\"elementor-tab-content elementor-clearfix\" data-tab=\"3\" role=\"tabpanel\" aria-labelledby=\"elementor-tab-title-5143\"><p>Delikatnie wkropi\u0107 1-3 krople na czyst\u0105 sk\u00f3r\u0119 wielko\u015bci d\u0142oni. Unika\u0107 kontaktu z oczami.<\/p>\n<ul>\n<li style=\"list-style-type: none;\">\n<ul>\n<li>Szybko \u0142agodzi stany zapalne sk\u00f3ry<\/li>\n<li>G\u0142\u0119boko nawil\u017ca i r\u00f3wnowa\u017cy nawet t\u0142ust\u0105 sk\u00f3r\u0119<\/li>\n<li>Zwi\u0119ksza naturaln\u0105 produkcj\u0119 kolagenu<\/li>\n<li>\u0141agodzi b\u00f3le mi\u0119\u015bni i staw\u00f3w<\/li>\n<\/ul>\n<\/li>\n<\/ul>\n<p><strong>5%<\/strong> = do profilaktyki i og\u00f3lnej piel\u0119gnacji zdrowej sk\u00f3ry<\/p>\n<p><strong>15%<\/strong> = Do piel\u0119gnacji sk\u00f3ry problematycznej, ze stanami zapalnymi lub tr\u0105dzikowej<\/p>\n<p><strong>30%<\/strong> = Do \u0142agodzenia i leczenia chor\u00f3b sk\u00f3ry<\/p>\n<p><strong>Przeczytaj wi\u0119cej:<\/strong> <a href=\"https:\/\/zennative.eu\/pl\/czym-jest-cbd\/\" target=\"_blank\" rel=\"noopener\">Wszystko o CBD?<\/a><\/p>\n<\/div>\n\t\t\t\t<\/div>\n\t\t\t\t\t\t\t<div class=\"elementor-accordion-item\">\n\t\t\t\t\t<h3 id=\"elementor-tab-title-5144\" class=\"elementor-tab-title the7-accordion-header\" data-tab=\"4\" role=\"tab\" aria-controls=\"elementor-tab-content-5144\">\n\n\t\t\t\t\t\t\t\t\t\t\t\t\t<span class=\"elementor-accordion-icon elementor-accordion-icon-left\" aria-hidden=\"true\">\n\t\t\t\t\t\t\t\t\t\t\t\t\t\t\t<span class=\"elementor-accordion-icon-closed\"><i class=\"fas fa-chevron-down\"><\/i><\/span>\n\t\t\t\t\t\t\t\t\t\t\t\t\t\t\t\t\t<span class=\"elementor-accordion-icon-opened\"><i class=\"fas fa-chevron-up\"><\/i><\/span>\n\t\t\t\t\t\t\t\t\t\t\t\t\t\t\t\t\t\t\t\t\t\t<\/span>\n\t\t\t\t\t\t\t\t\t\t\t\t\t\t\t\t\t\t<a class=\"elementor-accordion-title\" href=\"\">Dodatkowe informacje<\/a>\n\t\t\t\t\t<\/h3>\n\t\t\t\t\t<div id=\"elementor-tab-content-5144\" class=\"elementor-tab-content elementor-clearfix\" data-tab=\"4\" role=\"tabpanel\" aria-labelledby=\"elementor-tab-title-5144\"><ul>\n<li>Przetestowane przez Esto\u0144skie Laboratorium Kryminalistyczne | <a href=\"https:\/\/lt.zennative.ee\/Zen-Native-Full-Spectrum-CBD-oli-EKEI-tulemused-uuringuakt-THC-ja-CBD.pdf\" target=\"_blank\" rel=\"noopener\">PDF<\/a><\/li>\n<li>% lo100 nieznanego pochodzenia<\/li>\n<li>Szklana butelka z recyklingu blokuj\u0105ca \u015bwiat\u0142o<\/li>\n<li>Bez oleju palmowego, bez GMO i wega\u0144ski<\/li>\n<li>Wyprodukowano w Estonii<\/li>\n<\/ul>\n<\/div>\n\t\t\t\t<\/div>\n\t\t\t\t\t\t\t<div class=\"elementor-accordion-item\">\n\t\t\t\t\t<h3 id=\"elementor-tab-title-5145\" class=\"elementor-tab-title the7-accordion-header\" data-tab=\"5\" role=\"tab\" aria-controls=\"elementor-tab-content-5145\">\n\n\t\t\t\t\t\t\t\t\t\t\t\t\t<span class=\"elementor-accordion-icon elementor-accordion-icon-left\" aria-hidden=\"true\">\n\t\t\t\t\t\t\t\t\t\t\t\t\t\t\t<span class=\"elementor-accordion-icon-closed\"><i class=\"fas fa-chevron-down\"><\/i><\/span>\n\t\t\t\t\t\t\t\t\t\t\t\t\t\t\t\t\t<span class=\"elementor-accordion-icon-opened\"><i class=\"fas fa-chevron-up\"><\/i><\/span>\n\t\t\t\t\t\t\t\t\t\t\t\t\t\t\t\t\t\t\t\t\t\t<\/span>\n\t\t\t\t\t\t\t\t\t\t\t\t\t\t\t\t\t\t<a class=\"elementor-accordion-title\" href=\"\">Przygotowanie<\/a>\n\t\t\t\t\t<\/h3>\n\t\t\t\t\t<div id=\"elementor-tab-content-5145\" class=\"elementor-tab-content elementor-clearfix\" data-tab=\"5\" role=\"tabpanel\" aria-labelledby=\"elementor-tab-title-5145\"><p>Najwy\u017cszej jako\u015bci konopie s\u0105 ekstrahowane<sub>metod\u0105 <\/sub>nadkrytycznego<sub>CO2 <\/sub>i rozcie\u0144czane olejem kokosowym MCT.<\/p>\n<p>% pPoniewa\u017c poziom THC w wyekstrahowanym mi\u0105\u017cszu wysokiej jako\u015bci ro\u015bliny przekracza tolerancj\u0119 UE wynosz\u0105c\u0105 0,3 irlandzkiego, robimy to w Szwajcarii, gdzie dozwolony jest 1% THC. THC w sprzedawanym przez nas oleju wynosi &lt;0,3%.<\/p>\n<p>Stosujemy t\u0119 metod\u0119, poniewa\u017c pozwala ona unikn\u0105\u0107 wad klasycznych metod, takich jak degradacja termiczna, hydroliza i pozosta\u0142o\u015bci rozpuszczalnik\u00f3w.<\/p>\n<p>Wybieraj\u0105c Zen Native, mo\u017cesz mie\u0107 pewno\u015b\u0107, \u017ce wysy\u0142asz najlepsze CBD na rynku.<\/p>\n<\/div>\n\t\t\t\t<\/div>\n\t\t\t\t\t\t\t<div class=\"elementor-accordion-item\">\n\t\t\t\t\t<h3 id=\"elementor-tab-title-5146\" class=\"elementor-tab-title the7-accordion-header\" data-tab=\"6\" role=\"tab\" aria-controls=\"elementor-tab-content-5146\">\n\n\t\t\t\t\t\t\t\t\t\t\t\t\t<span class=\"elementor-accordion-icon elementor-accordion-icon-left\" aria-hidden=\"true\">\n\t\t\t\t\t\t\t\t\t\t\t\t\t\t\t<span class=\"elementor-accordion-icon-closed\"><i class=\"fas fa-chevron-down\"><\/i><\/span>\n\t\t\t\t\t\t\t\t\t\t\t\t\t\t\t\t\t<span class=\"elementor-accordion-icon-opened\"><i class=\"fas fa-chevron-up\"><\/i><\/span>\n\t\t\t\t\t\t\t\t\t\t\t\t\t\t\t\t\t\t\t\t\t\t<\/span>\n\t\t\t\t\t\t\t\t\t\t\t\t\t\t\t\t\t\t<a class=\"elementor-accordion-title\" href=\"\">Przechowywanie w<\/a>\n\t\t\t\t\t<\/h3>\n\t\t\t\t\t<div id=\"elementor-tab-content-5146\" class=\"elementor-tab-content elementor-clearfix\" data-tab=\"6\" role=\"tabpanel\" aria-labelledby=\"elementor-tab-title-5146\"><ul>\n<li>Przechowywa\u0107 w ciemno\u015bci i w temperaturze pokojowej<\/li>\n<li>Unika\u0107 dotykania pipet\u0105 ust lub sk\u00f3ry<\/li>\n<\/ul>\n<\/div>\n\t\t\t\t<\/div>\n\t\t\t\t\t<\/div>\n\t\t\t\t\t\t<\/div>\n\t\t\t\t<\/div>\n\t\t\t\t\t<\/div>\n\t\t<\/div>\n\t\t\t\t\t<\/div>\n\t\t<\/section>\n\t\t\t\t<section class=\"elementor-section elementor-top-section elementor-element elementor-element-4aa086c elementor-section-boxed elementor-section-height-default elementor-section-height-default\" data-id=\"4aa086c\" data-element_type=\"section\" data-e-type=\"section\">\n\t\t\t\t\t\t<div class=\"elementor-container elementor-column-gap-default\">\n\t\t\t\t\t<div class=\"elementor-column elementor-col-100 elementor-top-column elementor-element elementor-element-397a537\" data-id=\"397a537\" data-element_type=\"column\" data-e-type=\"column\">\n\t\t\t<div class=\"elementor-widget-wrap elementor-element-populated\">\n\t\t\t\t\t\t<div class=\"elementor-element elementor-element-08122ab elementor-widget elementor-widget-shortcode\" data-id=\"08122ab\" data-element_type=\"widget\" data-e-type=\"widget\" data-widget_type=\"shortcode.default\">\n\t\t\t\t<div class=\"elementor-widget-container\">\n\t\t\t\t\t\t\t<div class=\"elementor-shortcode\"><script type=\"application\/ld+json\">\r\n    {\r\n      \"@context\": \"https:\/\/lt.zennative.ee\/\",\r\n      \"@type\": \"product\",\r\n      \"name\": \"Olej CBD o pe\u0142nym spektrum\",\r\n      \"image\": [\r\n        \"https:\/\/lt.zennative.ee\/wp-content\/uploads\/2021\/10\/Zen-Native-5-Full-Spectrum-CBD-Oil-Taisspektri-CBD-kanepi-oli_1.png\",\r\n        \"https:\/\/lt.zennative.ee\/wp-content\/uploads\/2021\/10\/Zen-Native-Pipett-Full-Spectrum-CBD-Oil-Taisspektri-CBD-kanepi-oli.png\",\r\n        \"https:\/\/lt.zennative.ee\/wp-content\/uploads\/2021\/10\/Zen-Native-5-Full-Spectrum-CBD-Oil-Taisspektri-CBD-kanepi-oli_3.png\"\r\n       ],\r\n      \"description\": \"Olej Full Spectrum CBD zapewnia silniejsze i szersze korzy\u015bci ni\u017c CBD Crystal Oil, a efekty s\u0105 zauwa\u017calne. Olej Full Spectrum CBD uspokaja gniew, niepok\u00f3j, niepewno\u015b\u0107 i zmniejsza strach. Fizycznie zmniejsza stany zapalne, napi\u0119cie i nowotwory. Olej Full Spectrum CBD zawiera: wszystkie kannabinoidy (CBD, CBG, CBC, CBN...), terpeny i flawanoidy. Najwy\u017cszej jako\u015bci ekstrakty s\u0105 rozpuszczane wy\u0142\u0105cznie w oleju kokosowym MCT\",\r\n      \"sku\": \"0446310786\",\r\n      }, \"brand\": {\r\n        \"@type\": \"brand\",\r\n        \"name\": \"Zen\"\r\n      },\r\n         }, \"aggregateRating\": {\r\n        }, \"@type\": \"aggregateRating\",\r\n        \"ratingValue\": \"5\",\r\n        \"reviewCount\": \"89\"\r\n      },\r\n      }, \"offers\": {\r\n        \"@type\": \"offer\",\r\n        \"url\": \" \",\r\n        \"priceCurrency\": \"EUR\",\r\n        \"price\": \"129.99\",\r\n        \"priceValidUntil\": \"2022-11-20\",\r\n      }\r\n    }\r\n    <\/script><\/div>\n\t\t\t\t\t\t<\/div>\n\t\t\t\t<\/div>\n\t\t\t\t<div class=\"elementor-element elementor-element-ec82392 elementor-hidden-desktop elementor-hidden-tablet elementor-hidden-mobile elementor-widget elementor-widget-image\" data-id=\"ec82392\" data-element_type=\"widget\" data-e-type=\"widget\" data-widget_type=\"image.default\">\n\t\t\t\t<div class=\"elementor-widget-container\">\n\t\t\t\t\t\t\t\t\t\t\t\t\t\t\t<img fetchpriority=\"high\" decoding=\"async\" width=\"601\" height=\"801\" src=\"https:\/\/zennative.eu\/wp-content\/uploads\/2021\/10\/Zen-Native-5-Full-Spectrum-CBD-Oil-Taisspektri-CBD-kanepi-oli_8.png\" class=\"attachment-large size-large wp-image-63134\" alt=\"olej cbd\" srcset=\"https:\/\/zennative.eu\/wp-content\/uploads\/2021\/10\/Zen-Native-5-Full-Spectrum-CBD-Oil-Taisspektri-CBD-kanepi-oli_8.png 601w, https:\/\/zennative.eu\/wp-content\/uploads\/2021\/10\/Zen-Native-5-Full-Spectrum-CBD-Oil-Taisspektri-CBD-kanepi-oli_8-225x300.png 225w\" sizes=\"(max-width: 601px) 100vw, 601px\" \/>\t\t\t\t\t\t\t\t\t\t\t\t\t\t\t<\/div>\n\t\t\t\t<\/div>\n\t\t\t\t\t<\/div>\n\t\t<\/div>\n\t\t\t\t\t<\/div>\n\t\t<\/section>\n\t\t\t\t<\/div>\n\t\t","protected":false},"excerpt":{"rendered":"<p>Jest to skoncentrowany olej CBD z ca\u0142\u0105 moc\u0105 konopi indyjskich<\/p>\n","protected":false},"featured_media":63134,"comment_status":"closed","ping_status":"closed","template":"","meta":[],"product_brand":[],"product_cat":[775],"product_tag":[776,808,809,805,806,807,802,803,804],"class_list":{"0":"post-63133","1":"product","2":"type-product","3":"status-publish","4":"has-post-thumbnail","6":"product_cat-oleje-cbd","7":"product_tag-cbd-pl","8":"product_tag-cbd-tilgad-pl","9":"product_tag-krople-marihuany","10":"product_tag-mct-pl","11":"product_tag-olej-konopny-cbd","12":"product_tag-olej-zdrowotny","13":"product_tag-pelne-spektrum","14":"product_tag-pelne-spektrum-pl","15":"product_tag-terpeny-i-flawonoidy-w-kenepie","17":"first","18":"instock","19":"shipping-taxable","20":"purchasable","21":"product-type-variable"},"_links":{"self":[{"href":"https:\/\/zennative.eu\/pl\/wp-json\/wp\/v2\/product\/63133","targetHints":{"allow":["GET"]}}],"collection":[{"href":"https:\/\/zennative.eu\/pl\/wp-json\/wp\/v2\/product"}],"about":[{"href":"https:\/\/zennative.eu\/pl\/wp-json\/wp\/v2\/types\/product"}],"replies":[{"embeddable":true,"href":"https:\/\/zennative.eu\/pl\/wp-json\/wp\/v2\/comments?post=63133"}],"version-history":[{"count":10,"href":"https:\/\/zennative.eu\/pl\/wp-json\/wp\/v2\/product\/63133\/revisions"}],"predecessor-version":[{"id":64174,"href":"https:\/\/zennative.eu\/pl\/wp-json\/wp\/v2\/product\/63133\/revisions\/64174"}],"wp:featuredmedia":[{"embeddable":true,"href":"https:\/\/zennative.eu\/pl\/wp-json\/wp\/v2\/media\/63134"}],"wp:attachment":[{"href":"https:\/\/zennative.eu\/pl\/wp-json\/wp\/v2\/media?parent=63133"}],"wp:term":[{"taxonomy":"product_brand","embeddable":true,"href":"https:\/\/zennative.eu\/pl\/wp-json\/wp\/v2\/product_brand?post=63133"},{"taxonomy":"product_cat","embeddable":true,"href":"https:\/\/zennative.eu\/pl\/wp-json\/wp\/v2\/product_cat?post=63133"},{"taxonomy":"product_tag","embeddable":true,"href":"https:\/\/zennative.eu\/pl\/wp-json\/wp\/v2\/product_tag?post=63133"}],"curies":[{"name":"wp","href":"https:\/\/api.w.org\/{rel}","templated":true}]}}