{"id":62919,"date":"2021-01-15T11:06:38","date_gmt":"2024-10-02T17:13:56","guid":{"rendered":"https:\/\/zennative.eu\/product\/olej-cbd-crystal-serum-najlepszy-olej-cbd-na-swiecie\/"},"modified":"2024-10-05T19:05:04","modified_gmt":"2024-10-05T16:05:04","slug":"olej-cbd-crystal-serum-najlepszy-olej-cbd-na-swiecie","status":"publish","type":"product","link":"https:\/\/zennative.eu\/pl\/produkt\/olej-cbd-crystal-serum-najlepszy-olej-cbd-na-swiecie\/","title":{"rendered":"Olej CBD Crystal Serum &#8211; najlepszy olej CBD na \u015bwiecie"},"content":{"rendered":"\t\t<div data-elementor-type=\"product-post\" data-elementor-id=\"62919\" class=\"elementor elementor-62919 elementor-30549\" data-elementor-post-type=\"product\">\n\t\t\t\t\t\t<section class=\"elementor-section elementor-top-section elementor-element elementor-element-4c104f4 elementor-section-boxed elementor-section-height-default elementor-section-height-default\" data-id=\"4c104f4\" data-element_type=\"section\" data-e-type=\"section\">\n\t\t\t\t\t\t<div class=\"elementor-container elementor-column-gap-wide\">\n\t\t\t\t\t<div class=\"elementor-column elementor-col-100 elementor-top-column elementor-element elementor-element-93cefb6\" data-id=\"93cefb6\" data-element_type=\"column\" data-e-type=\"column\">\n\t\t\t<div class=\"elementor-widget-wrap elementor-element-populated\">\n\t\t\t\t\t\t<div class=\"elementor-element elementor-element-7219117 elementor-widget elementor-widget-text-editor\" data-id=\"7219117\" data-element_type=\"widget\" data-e-type=\"widget\" data-widget_type=\"text-editor.default\">\n\t\t\t\t<div class=\"elementor-widget-container\">\n\t\t\t\t\t\t\t\t\t<p><strong>Jest to najwy\u017cszej jako\u015bci olej CBD zawieraj\u0105cy czysty kryszta\u0142 CBD.<\/strong>% ja Olej CBD Zen Native 5%, 15 30% jest bezwonny, bez smaku i \u0142atwo wch\u0142aniany przez organizm, poniewa\u017c jest rozpuszczony w najlepszym oleju MCT z orzecha kokosowego, cudownym kwasie kaprylowym (C8).<\/p>\n<p>10 ml, ponownie przetworzona szklana, odporna na \u015bwiat\u0142o butelka z pipet\u0105. Co najmniej 200 kropli na butelk\u0119.<\/p>\n<p><strong>Przeczytaj wi\u0119cej:<\/strong> <a href=\"https:\/\/zennative.eu\/pl\/czym-jest-cbd\/\" target=\"_blank\" rel=\"noopener\">Wszystko o CBD?<\/a><\/p>\n\t\t\t\t\t\t\t\t<\/div>\n\t\t\t\t<\/div>\n\t\t\t\t<div class=\"elementor-element elementor-element-468905d elementor-widget elementor-widget-the7-accordion\" data-id=\"468905d\" data-element_type=\"widget\" data-e-type=\"widget\" data-widget_type=\"the7-accordion.default\">\n\t\t\t\t<div class=\"elementor-widget-container\">\n\t\t\t\t\t\t\t<div class=\"elementor-accordion the7-adv-accordion ac_bb_title ac_bb_active_title ac_top_bottom_borders ac_left_right_borders\" data-accordion-type=\"toggle\" role=\"tablist\">\n\t\t\t\t\t\t\t<div class=\"elementor-accordion-item\">\n\t\t\t\t\t<h3 id=\"elementor-tab-title-7391\" class=\"elementor-tab-title the7-accordion-header deactive-default\" data-tab=\"1\" role=\"tab\" aria-controls=\"elementor-tab-content-7391\">\n\n\t\t\t\t\t\t\t\t\t\t\t\t\t<span class=\"elementor-accordion-icon elementor-accordion-icon-left\" aria-hidden=\"true\">\n\t\t\t\t\t\t\t\t\t\t\t\t\t\t\t<span class=\"elementor-accordion-icon-closed\"><i class=\"fas fa-chevron-down\"><\/i><\/span>\n\t\t\t\t\t\t\t\t\t\t\t\t\t\t\t\t\t<span class=\"elementor-accordion-icon-opened\"><i class=\"fas fa-chevron-up\"><\/i><\/span>\n\t\t\t\t\t\t\t\t\t\t\t\t\t\t\t\t\t\t\t\t\t\t<\/span>\n\t\t\t\t\t\t\t\t\t\t\t\t\t\t\t\t\t\t<a class=\"elementor-accordion-title\" href=\"\">Pomys\u0142<\/a>\n\t\t\t\t\t<\/h3>\n\t\t\t\t\t<div id=\"elementor-tab-content-7391\" class=\"elementor-tab-content elementor-clearfix deactive-default\" data-tab=\"1\" role=\"tabpanel\" aria-labelledby=\"elementor-tab-title-7391\"><p>W 2019 roku w Zen Native wpadli\u015bmy na pomys\u0142 stworzenia oleju CBD w najczystszej postaci. Poniewa\u017c kannabinoidy s\u0105 rozpuszczalne w t\u0142uszczach, musieli\u015bmy znale\u017a\u0107 najlepsz\u0105 naturaln\u0105 cz\u0105steczk\u0119 t\u0142uszczu. Znale\u017ali\u015bmy j\u0105 w orzechu kokosowym. Dzi\u015b z dum\u0105 oferujemy olej CBD, kt\u00f3ry jest tak delikatny jak woda.<\/p>\n<p><strong><br \/>\n<em>Zawiera:<\/em><\/strong> CBD, C8<\/p>\n<\/div>\n\t\t\t\t<\/div>\n\t\t\t\t\t\t\t<div class=\"elementor-accordion-item\">\n\t\t\t\t\t<h3 id=\"elementor-tab-title-7392\" class=\"elementor-tab-title the7-accordion-header\" data-tab=\"2\" role=\"tab\" aria-controls=\"elementor-tab-content-7392\">\n\n\t\t\t\t\t\t\t\t\t\t\t\t\t<span class=\"elementor-accordion-icon elementor-accordion-icon-left\" aria-hidden=\"true\">\n\t\t\t\t\t\t\t\t\t\t\t\t\t\t\t<span class=\"elementor-accordion-icon-closed\"><i class=\"fas fa-chevron-down\"><\/i><\/span>\n\t\t\t\t\t\t\t\t\t\t\t\t\t\t\t\t\t<span class=\"elementor-accordion-icon-opened\"><i class=\"fas fa-chevron-up\"><\/i><\/span>\n\t\t\t\t\t\t\t\t\t\t\t\t\t\t\t\t\t\t\t\t\t\t<\/span>\n\t\t\t\t\t\t\t\t\t\t\t\t\t\t\t\t\t\t<a class=\"elementor-accordion-title\" href=\"\">U\u017cywaj sporadycznie<\/a>\n\t\t\t\t\t<\/h3>\n\t\t\t\t\t<div id=\"elementor-tab-content-7392\" class=\"elementor-tab-content elementor-clearfix\" data-tab=\"2\" role=\"tabpanel\" aria-labelledby=\"elementor-tab-title-7392\"><p>W tym oleju otrzymujesz wszystkie korzystne w\u0142a\u015bciwo\u015bci CBD, w tym:<\/p>\n<ul>\n<li style=\"list-style-type: none;\">\n<ul>\n<li>Uspokaja uk\u0142ad nerwowy, napi\u0119cie mi\u0119\u015bni i niepok\u00f3j<\/li>\n<li>Pomaga zasn\u0105\u0107 i utrzyma\u0107 sen<\/li>\n<li>Obni\u017ca poziom hormon\u00f3w stresu i stan\u00f3w zapalnych<\/li>\n<\/ul>\n<\/li>\n<\/ul>\n<p>Dawkowanie dla osoby o wadze 75 kg<\/p>\n<ul>\n<li><strong>%-s5 t =<\/strong> 30 kropli pod j\u0119zyk;<\/li>\n<li><strong>%-s15 t<\/strong> = 10 kropli pod j\u0119zyk;<\/li>\n<li><strong>%-s30 t<\/strong> 5 kropli pod j\u0119zyk<\/li>\n<\/ul>\n<p><strong>Czytaj wi\u0119cej:<\/strong> <a href=\"https:\/\/zennative.eu\/pl\/czym-jest-cbd\/\">Wszystko o CBD<\/a><\/p>\n<\/div>\n\t\t\t\t<\/div>\n\t\t\t\t\t\t\t<div class=\"elementor-accordion-item\">\n\t\t\t\t\t<h3 id=\"elementor-tab-title-7393\" class=\"elementor-tab-title the7-accordion-header\" data-tab=\"3\" role=\"tab\" aria-controls=\"elementor-tab-content-7393\">\n\n\t\t\t\t\t\t\t\t\t\t\t\t\t<span class=\"elementor-accordion-icon elementor-accordion-icon-left\" aria-hidden=\"true\">\n\t\t\t\t\t\t\t\t\t\t\t\t\t\t\t<span class=\"elementor-accordion-icon-closed\"><i class=\"fas fa-chevron-down\"><\/i><\/span>\n\t\t\t\t\t\t\t\t\t\t\t\t\t\t\t\t\t<span class=\"elementor-accordion-icon-opened\"><i class=\"fas fa-chevron-up\"><\/i><\/span>\n\t\t\t\t\t\t\t\t\t\t\t\t\t\t\t\t\t\t\t\t\t\t<\/span>\n\t\t\t\t\t\t\t\t\t\t\t\t\t\t\t\t\t\t<a class=\"elementor-accordion-title\" href=\"\">U\u017cycie zewn\u0119trzne<\/a>\n\t\t\t\t\t<\/h3>\n\t\t\t\t\t<div id=\"elementor-tab-content-7393\" class=\"elementor-tab-content elementor-clearfix\" data-tab=\"3\" role=\"tabpanel\" aria-labelledby=\"elementor-tab-title-7393\"><p>Delikatnie wkropi\u0107 1-3 krople na czyst\u0105 sk\u00f3r\u0119 wielko\u015bci d\u0142oni. Unika\u0107 kontaktu z oczami.<\/p>\n<ul>\n<li style=\"list-style-type: none;\">\n<ul>\n<li>Szybko \u0142agodzi stany zapalne sk\u00f3ry<\/li>\n<li>G\u0142\u0119boko nawil\u017ca i r\u00f3wnowa\u017cy nawet t\u0142ust\u0105 sk\u00f3r\u0119<\/li>\n<li>Zwi\u0119ksza naturaln\u0105 produkcj\u0119 kolagenu<\/li>\n<li>\u0141agodzi b\u00f3le mi\u0119\u015bni i staw\u00f3w<\/li>\n<\/ul>\n<\/li>\n<\/ul>\n<p><strong>5%<\/strong> = do profilaktyki i og\u00f3lnej piel\u0119gnacji zdrowej sk\u00f3ry<\/p>\n<p><strong>15%<\/strong> = Do piel\u0119gnacji sk\u00f3ry problematycznej, ze stanami zapalnymi lub tr\u0105dzikowej<\/p>\n<p><strong>30%<\/strong> = Do \u0142agodzenia i leczenia chor\u00f3b sk\u00f3ry<\/p>\n<p><strong>Przeczytaj wi\u0119cej:<\/strong> <a href=\"https:\/\/zennative.eu\/pl\/czym-jest-cbd\/\" target=\"_blank\" rel=\"noopener\">Wszystko o CBD?<\/a><\/p>\n<\/div>\n\t\t\t\t<\/div>\n\t\t\t\t\t\t\t<div class=\"elementor-accordion-item\">\n\t\t\t\t\t<h3 id=\"elementor-tab-title-7394\" class=\"elementor-tab-title the7-accordion-header\" data-tab=\"4\" role=\"tab\" aria-controls=\"elementor-tab-content-7394\">\n\n\t\t\t\t\t\t\t\t\t\t\t\t\t<span class=\"elementor-accordion-icon elementor-accordion-icon-left\" aria-hidden=\"true\">\n\t\t\t\t\t\t\t\t\t\t\t\t\t\t\t<span class=\"elementor-accordion-icon-closed\"><i class=\"fas fa-chevron-down\"><\/i><\/span>\n\t\t\t\t\t\t\t\t\t\t\t\t\t\t\t\t\t<span class=\"elementor-accordion-icon-opened\"><i class=\"fas fa-chevron-up\"><\/i><\/span>\n\t\t\t\t\t\t\t\t\t\t\t\t\t\t\t\t\t\t\t\t\t\t<\/span>\n\t\t\t\t\t\t\t\t\t\t\t\t\t\t\t\t\t\t<a class=\"elementor-accordion-title\" href=\"\">Dodatkowe informacje<\/a>\n\t\t\t\t\t<\/h3>\n\t\t\t\t\t<div id=\"elementor-tab-content-7394\" class=\"elementor-tab-content elementor-clearfix\" data-tab=\"4\" role=\"tabpanel\" aria-labelledby=\"elementor-tab-title-7394\"><ul>\n<li>Zatwierdzony przez \u015awiatow\u0105 Agencj\u0119 Antydopingow\u0105<\/li>\n<li>% lo100 nielegalnego pochodzenia<\/li>\n<li>Lekka butelka z recyklingowanego szk\u0142a<\/li>\n<li>Wolny od oleju palmowego, GMO i wega\u0144ski<\/li>\n<li>Wyprodukowano w Estonii<\/li>\n<\/ul>\n<\/div>\n\t\t\t\t<\/div>\n\t\t\t\t\t\t\t<div class=\"elementor-accordion-item\">\n\t\t\t\t\t<h3 id=\"elementor-tab-title-7395\" class=\"elementor-tab-title the7-accordion-header\" data-tab=\"5\" role=\"tab\" aria-controls=\"elementor-tab-content-7395\">\n\n\t\t\t\t\t\t\t\t\t\t\t\t\t<span class=\"elementor-accordion-icon elementor-accordion-icon-left\" aria-hidden=\"true\">\n\t\t\t\t\t\t\t\t\t\t\t\t\t\t\t<span class=\"elementor-accordion-icon-closed\"><i class=\"fas fa-chevron-down\"><\/i><\/span>\n\t\t\t\t\t\t\t\t\t\t\t\t\t\t\t\t\t<span class=\"elementor-accordion-icon-opened\"><i class=\"fas fa-chevron-up\"><\/i><\/span>\n\t\t\t\t\t\t\t\t\t\t\t\t\t\t\t\t\t\t\t\t\t\t<\/span>\n\t\t\t\t\t\t\t\t\t\t\t\t\t\t\t\t\t\t<a class=\"elementor-accordion-title\" href=\"\">Przygotowanie<\/a>\n\t\t\t\t\t<\/h3>\n\t\t\t\t\t<div id=\"elementor-tab-content-7395\" class=\"elementor-tab-content elementor-clearfix\" data-tab=\"5\" role=\"tabpanel\" aria-labelledby=\"elementor-tab-title-7395\"><p>Cz\u0105steczka CBD jest ekstrahowana z ekstraktu konopnego poprzez krystalizacj\u0119. Nast\u0119pnie rozpuszcza si\u0119 j\u0105 w cz\u0105steczce C8 wyekstrahowanej z orzecha kokosowego.<\/p>\n<\/div>\n\t\t\t\t<\/div>\n\t\t\t\t\t\t\t<div class=\"elementor-accordion-item\">\n\t\t\t\t\t<h3 id=\"elementor-tab-title-7396\" class=\"elementor-tab-title the7-accordion-header\" data-tab=\"6\" role=\"tab\" aria-controls=\"elementor-tab-content-7396\">\n\n\t\t\t\t\t\t\t\t\t\t\t\t\t<span class=\"elementor-accordion-icon elementor-accordion-icon-left\" aria-hidden=\"true\">\n\t\t\t\t\t\t\t\t\t\t\t\t\t\t\t<span class=\"elementor-accordion-icon-closed\"><i class=\"fas fa-chevron-down\"><\/i><\/span>\n\t\t\t\t\t\t\t\t\t\t\t\t\t\t\t\t\t<span class=\"elementor-accordion-icon-opened\"><i class=\"fas fa-chevron-up\"><\/i><\/span>\n\t\t\t\t\t\t\t\t\t\t\t\t\t\t\t\t\t\t\t\t\t\t<\/span>\n\t\t\t\t\t\t\t\t\t\t\t\t\t\t\t\t\t\t<a class=\"elementor-accordion-title\" href=\"\">Przechowywanie w<\/a>\n\t\t\t\t\t<\/h3>\n\t\t\t\t\t<div id=\"elementor-tab-content-7396\" class=\"elementor-tab-content elementor-clearfix\" data-tab=\"6\" role=\"tabpanel\" aria-labelledby=\"elementor-tab-title-7396\"><ul>\n<li>Przechowywa\u0107 w ciemno\u015bci i w temperaturze pokojowej<\/li>\n<li>Unika\u0107 dotykania pipet\u0105 ust lub sk\u00f3ry.<\/li>\n<\/ul>\n<\/div>\n\t\t\t\t<\/div>\n\t\t\t\t\t<\/div>\n\t\t\t\t\t\t<\/div>\n\t\t\t\t<\/div>\n\t\t\t\t<div class=\"elementor-element elementor-element-edab50f elementor-hidden-desktop elementor-hidden-tablet elementor-hidden-mobile elementor-widget elementor-widget-image\" data-id=\"edab50f\" data-element_type=\"widget\" data-e-type=\"widget\" data-widget_type=\"image.default\">\n\t\t\t\t<div class=\"elementor-widget-container\">\n\t\t\t\t\t\t\t\t\t\t\t\t\t\t\t<img fetchpriority=\"high\" decoding=\"async\" width=\"600\" height=\"800\" src=\"https:\/\/zennative.eu\/wp-content\/uploads\/2021\/01\/Zen-Native-Crystal-Serum-CBD-Oil-05.png\" class=\"attachment-large size-large wp-image-62921\" alt=\"olej cbd\" srcset=\"https:\/\/zennative.eu\/wp-content\/uploads\/2021\/01\/Zen-Native-Crystal-Serum-CBD-Oil-05.png 600w, https:\/\/zennative.eu\/wp-content\/uploads\/2021\/01\/Zen-Native-Crystal-Serum-CBD-Oil-05-225x300.png 225w\" sizes=\"(max-width: 600px) 100vw, 600px\" \/>\t\t\t\t\t\t\t\t\t\t\t\t\t\t\t<\/div>\n\t\t\t\t<\/div>\n\t\t\t\t\t<\/div>\n\t\t<\/div>\n\t\t\t\t\t<\/div>\n\t\t<\/section>\n\t\t\t\t<\/div>\n\t\t","protected":false},"excerpt":{"rendered":"<p>Jest to najczystsza forma stosowania CBD<\/p>\n","protected":false},"featured_media":62920,"comment_status":"closed","ping_status":"closed","template":"","meta":[],"product_brand":[],"product_cat":[775],"product_tag":[777,776,778],"class_list":{"0":"post-62919","1":"product","2":"type-product","3":"status-publish","4":"has-post-thumbnail","6":"product_cat-oleje-cbd","7":"product_tag-c8-pl","8":"product_tag-cbd-pl","9":"product_tag-wada-pl","11":"first","12":"instock","13":"shipping-taxable","14":"purchasable","15":"product-type-variable"},"_links":{"self":[{"href":"https:\/\/zennative.eu\/pl\/wp-json\/wp\/v2\/product\/62919","targetHints":{"allow":["GET"]}}],"collection":[{"href":"https:\/\/zennative.eu\/pl\/wp-json\/wp\/v2\/product"}],"about":[{"href":"https:\/\/zennative.eu\/pl\/wp-json\/wp\/v2\/types\/product"}],"replies":[{"embeddable":true,"href":"https:\/\/zennative.eu\/pl\/wp-json\/wp\/v2\/comments?post=62919"}],"version-history":[{"count":7,"href":"https:\/\/zennative.eu\/pl\/wp-json\/wp\/v2\/product\/62919\/revisions"}],"predecessor-version":[{"id":64176,"href":"https:\/\/zennative.eu\/pl\/wp-json\/wp\/v2\/product\/62919\/revisions\/64176"}],"wp:featuredmedia":[{"embeddable":true,"href":"https:\/\/zennative.eu\/pl\/wp-json\/wp\/v2\/media\/62920"}],"wp:attachment":[{"href":"https:\/\/zennative.eu\/pl\/wp-json\/wp\/v2\/media?parent=62919"}],"wp:term":[{"taxonomy":"product_brand","embeddable":true,"href":"https:\/\/zennative.eu\/pl\/wp-json\/wp\/v2\/product_brand?post=62919"},{"taxonomy":"product_cat","embeddable":true,"href":"https:\/\/zennative.eu\/pl\/wp-json\/wp\/v2\/product_cat?post=62919"},{"taxonomy":"product_tag","embeddable":true,"href":"https:\/\/zennative.eu\/pl\/wp-json\/wp\/v2\/product_tag?post=62919"}],"curies":[{"name":"wp","href":"https:\/\/api.w.org\/{rel}","templated":true}]}}