{"id":64312,"date":"2024-10-21T16:12:48","date_gmt":"2024-10-21T13:12:48","guid":{"rendered":"https:\/\/zennative.eu\/cbd-i-badania-kliniczne\/"},"modified":"2024-10-21T16:12:51","modified_gmt":"2024-10-21T13:12:51","slug":"cbd-i-badania-kliniczne","status":"publish","type":"page","link":"https:\/\/zennative.eu\/pl\/cbd-i-badania-kliniczne\/","title":{"rendered":"CBD i badania kliniczne"},"content":{"rendered":"\t\t<div data-elementor-type=\"wp-page\" data-elementor-id=\"64312\" class=\"elementor elementor-64312 elementor-64283\" data-elementor-post-type=\"page\">\n\t\t\t\t\t\t<section class=\"elementor-section elementor-top-section elementor-element elementor-element-4f26e5ce elementor-section-boxed elementor-section-height-default elementor-section-height-default\" data-id=\"4f26e5ce\" data-element_type=\"section\" data-e-type=\"section\" data-settings=\"{&quot;background_background&quot;:&quot;slideshow&quot;,&quot;background_slideshow_gallery&quot;:[{&quot;id&quot;:64285,&quot;url&quot;:&quot;https:\\\/\\\/zennative.eu\\\/wp-content\\\/uploads\\\/2024\\\/10\\\/ZN_H2A8131.png&quot;}],&quot;background_slideshow_loop&quot;:&quot;yes&quot;,&quot;background_slideshow_slide_duration&quot;:5000,&quot;background_slideshow_slide_transition&quot;:&quot;fade&quot;,&quot;background_slideshow_transition_duration&quot;:500}\">\n\t\t\t\t\t\t<div class=\"elementor-container elementor-column-gap-default\">\n\t\t\t\t\t<div class=\"elementor-column elementor-col-100 elementor-top-column elementor-element elementor-element-8b79dbe\" data-id=\"8b79dbe\" data-element_type=\"column\" data-e-type=\"column\" data-settings=\"{&quot;background_background&quot;:&quot;slideshow&quot;,&quot;background_slideshow_gallery&quot;:[],&quot;background_slideshow_loop&quot;:&quot;yes&quot;,&quot;background_slideshow_slide_duration&quot;:5000,&quot;background_slideshow_slide_transition&quot;:&quot;fade&quot;,&quot;background_slideshow_transition_duration&quot;:500}\">\n\t\t\t<div class=\"elementor-widget-wrap elementor-element-populated\">\n\t\t\t\t\t\t<div class=\"elementor-element elementor-element-101e4823 elementor-widget elementor-widget-heading\" data-id=\"101e4823\" data-element_type=\"widget\" data-e-type=\"widget\" data-widget_type=\"heading.default\">\n\t\t\t\t<div class=\"elementor-widget-container\">\n\t\t\t\t\t<h1 class=\"elementor-heading-title elementor-size-default\">Badania kliniczne CBD<\/h1>\t\t\t\t<\/div>\n\t\t\t\t<\/div>\n\t\t\t\t\t<\/div>\n\t\t<\/div>\n\t\t\t\t\t<\/div>\n\t\t<\/section>\n\t\t\t\t<section class=\"elementor-section elementor-top-section elementor-element elementor-element-27f4d9d5 elementor-section-boxed elementor-section-height-default elementor-section-height-default\" data-id=\"27f4d9d5\" data-element_type=\"section\" data-e-type=\"section\">\n\t\t\t\t\t\t<div class=\"elementor-container elementor-column-gap-default\">\n\t\t\t\t\t<div class=\"elementor-column elementor-col-50 elementor-top-column elementor-element elementor-element-75575298\" data-id=\"75575298\" data-element_type=\"column\" data-e-type=\"column\">\n\t\t\t<div class=\"elementor-widget-wrap elementor-element-populated\">\n\t\t\t\t\t\t<div class=\"elementor-element elementor-element-145d8e8c elementor-invisible elementor-widget elementor-widget-text-editor\" data-id=\"145d8e8c\" data-element_type=\"widget\" data-e-type=\"widget\" data-settings=\"{&quot;_animation&quot;:&quot;fadeIn&quot;}\" data-widget_type=\"text-editor.default\">\n\t\t\t\t<div class=\"elementor-widget-container\">\n\t\t\t\t\t\t\t\t\t<h4>Badania kliniczne CBD to szybko rozwijaj\u0105ca si\u0119 dziedzina skupiaj\u0105ca si\u0119 na badaniu korzy\u015bci zdrowotnych wynikaj\u0105cych ze stosowania konopi indyjskich.<\/h4>\n<p> Opublikowano dziesi\u0105tki recenzowanych bada\u0144 potwierdzaj\u0105cych, \u017ce CBD ma szereg efekt\u00f3w terapeutycznych, w tym \u0142agodzenie l\u0119ku, bezsenno\u015bci, przewlek\u0142ego b\u00f3lu i stan\u00f3w zapalnych.<\/p>\n<p> Stwierdzono r\u00f3wnie\u017c, \u017ce CBD pomaga w leczeniu padaczki i chor\u00f3b neurologicznych, na przyk\u0142ad zmniejszaj\u0105c wyst\u0119powanie napad\u00f3w u pacjent\u00f3w niereaguj\u0105cych na konwencjonalne leki.<\/p>\n<p> Chocia\u017c od 2017 r. przeprowadzono kilka wysokiej jako\u015bci randomizowanych bada\u0144 klinicznych, kilka bardzo ekscytuj\u0105cych bada\u0144 na ludziach nadal jest w toku.<\/p>\n<h2> <strong><br \/>Trwaj\u0105ce badania<br \/><\/strong><\/h2>\n<p> <strong>Oto link do listy<\/strong> trwaj\u0105cych bada\u0144 klinicznych na ludziach, prowadzonych wy\u0142\u0105cznie na Uniwersytecie w San Diego, na wyniki kt\u00f3rych z niecierpliwo\u015bci\u0105 czekamy:<\/p>\n<p> <strong><a href=\"https:\/\/clinicaltrials.ucsd.edu\/cannabidiol\" target=\"_blank\" rel=\"noopener\">https:\/\/clinicaltrials.ucsd.edu\/cannabidiol<\/a><br \/><\/strong><\/p>\n<p><strong><br \/><\/strong> Poni\u017cej znajduje si\u0119 link do Rejestru Bada\u0144 Klinicznych Unii Europejskiej: <strong><br \/><a href=\"https:\/\/www.clinicaltrialsregister.eu\/ctr-search\/search?query=cannabidiol&amp;status=ongoing\" target=\"_blank\" rel=\"noopener\">https:\/\/www.clinicaltrialsregister.eu\/<\/a><br \/><\/strong><\/p>\n\t\t\t\t\t\t\t\t<\/div>\n\t\t\t\t<\/div>\n\t\t\t\t\t<\/div>\n\t\t<\/div>\n\t\t\t\t<div class=\"elementor-column elementor-col-50 elementor-top-column elementor-element elementor-element-3335f401\" data-id=\"3335f401\" data-element_type=\"column\" data-e-type=\"column\">\n\t\t\t<div class=\"elementor-widget-wrap elementor-element-populated\">\n\t\t\t\t\t\t<div class=\"elementor-element elementor-element-1481de77 elementor-invisible elementor-widget elementor-widget-text-editor\" data-id=\"1481de77\" data-element_type=\"widget\" data-e-type=\"widget\" data-settings=\"{&quot;_animation&quot;:&quot;fadeIn&quot;}\" data-widget_type=\"text-editor.default\">\n\t\t\t\t<div class=\"elementor-widget-container\">\n\t\t\t\t\t\t\t\t\t<h4>Stanowisko Esto\u0144skiej Rady ds. Lek\u00f3w ju\u017c w 2017 r. w sprawie kannabinoid\u00f3w w medycynie klinicznej opartej na badaniach:<\/h4>\n<ol>\n<li style=\"list-style-type: none;\">\n<ol>\n<li> Substancje wp\u0142ywaj\u0105ce na uk\u0142ad endokannabinoidowy maj\u0105 potencja\u0142 do opracowania lek\u00f3w w kilku dziedzinach medycyny\n<\/li>\n<li> <span style=\"letter-spacing: var(--the7-base-letter-spacing); text-transform: var(--the7-base-text-transform); word-spacing: normal; text-decoration: var(--the7-base-text-decoration);\"><span style=\"letter-spacing: var(--the7-base-letter-spacing); text-transform: var(--the7-base-text-transform); word-spacing: normal; text-decoration: var(--the7-base-text-decoration);\">Pa\u0144stwa musz\u0105 zezwoli\u0107 na swobodne prowadzenie przedklinicznych i klinicznych bada\u0144 kannabinoid\u00f3w w celu sprawdzenia naukowo uzasadnionych hipotez\n<p><\/span><\/span><\/li>\n<li> Palenie marihuany nie jest odpowiedni\u0105 metod\u0105 podawania do stosowania w medycynie klinicznej lub badaniach, nale\u017cy opracowa\u0107 preparaty zapewniaj\u0105ce bezpieczn\u0105 metod\u0119 podawania i dok\u0142adnie znany sk\u0142ad;\n<\/li>\n<li> Aby obiecuj\u0105ca cz\u0105steczka sta\u0142a si\u0119 lekiem, nale\u017cy przygotowa\u0107 wysokiej jako\u015bci preparat oraz wykaza\u0107 rozs\u0105dny bilans korzy\u015bci i ryzyka w randomizowanych badaniach klinicznych, tak\u017ce w przypadku substancji wp\u0142ywaj\u0105cych na uk\u0142ad endokannabinoidowy;<\/li>\n<\/ol>\n<\/li>\n<\/ol>\n<ol>\n<li style=\"list-style-type: none;\"><\/li>\n<\/ol>\n<p> \u0179r\u00f3d\u0142o: Esto\u0144ski Lekarz 2017; 96(6):354\u2013356<\/p>\n\t\t\t\t\t\t\t\t<\/div>\n\t\t\t\t<\/div>\n\t\t\t\t\t<\/div>\n\t\t<\/div>\n\t\t\t\t\t<\/div>\n\t\t<\/section>\n\t\t\t\t<section class=\"elementor-section elementor-top-section elementor-element elementor-element-db137de elementor-section-boxed elementor-section-height-default elementor-section-height-default\" data-id=\"db137de\" data-element_type=\"section\" data-e-type=\"section\">\n\t\t\t\t\t\t<div class=\"elementor-container elementor-column-gap-default\">\n\t\t\t\t\t<div class=\"elementor-column elementor-col-100 elementor-top-column elementor-element elementor-element-3bd60a72\" data-id=\"3bd60a72\" data-element_type=\"column\" data-e-type=\"column\">\n\t\t\t<div class=\"elementor-widget-wrap elementor-element-populated\">\n\t\t\t\t\t\t<div class=\"elementor-element elementor-element-44a45719 elementor-widget elementor-widget-text-editor\" data-id=\"44a45719\" data-element_type=\"widget\" data-e-type=\"widget\" data-widget_type=\"text-editor.default\">\n\t\t\t\t<div class=\"elementor-widget-container\">\n\t\t\t\t\t\t\t\t\t<h2><strong>Uko\u0144czone studia<\/strong><\/h2>\n<\/p>\n<h4 style=\"padding-left: 40px;\"><b><\/b> <strong>CBD i \u0142agodzenie l\u0119ku<\/strong><b><br \/><\/b><\/h4>\n<p style=\"padding-left: 40px;\"> Badanie przeprowadzone na Uniwersytecie w Kolorado wykaza\u0142o, \u017ce CBD pomaga zmniejszy\u0107 stany l\u0119kowe bez skutk\u00f3w ubocznych THC.<\/p>\n<h4 style=\"padding-left: 40px;\"> <span style=\"color: #d6b069;\"><a style=\"color: #d6b069;\" href=\"http:\/\/www.colorado.edu\/today\/2024\/02\/27\/cbd-shown-ease-anxiety-without-risks-can-come-thc\" target=\"_blank\" rel=\"noopener\">\u00bb Przeczytaj badanie na stronie internetowej Uniwersytetu Kolorado<\/a><\/span><\/h4>\n\t\t\t\t\t\t\t\t<\/div>\n\t\t\t\t<\/div>\n\t\t\t\t<div class=\"elementor-element elementor-element-59d79f06 elementor-widget elementor-widget-text-editor\" data-id=\"59d79f06\" data-element_type=\"widget\" data-e-type=\"widget\" data-widget_type=\"text-editor.default\">\n\t\t\t\t<div class=\"elementor-widget-container\">\n\t\t\t\t\t\t\t\t\t<h4 style=\"padding-left: 40px;\"><b><\/b><strong>Wp\u0142yw CBD na stres i problemy ze snem<\/strong><b><br \/><\/b><\/h4>\n<p style=\"padding-left: 40px;\"> W czasopi\u015bmie Journal of Cannabis Research opublikowano badanie dotycz\u0105ce zastosowania CBD w leczeniu stresu, l\u0119ku i problem\u00f3w ze snem.<\/p>\n<h4 style=\"padding-left: 40px;\"> <span style=\"color: #d6b069;\"><a style=\"color: #d6b069;\" href=\"https:\/\/jcannabisresearch.biomedcentral.com\/articles\/10.1186\/s42238-021-00061-5\" target=\"_blank\" rel=\"noopener\">\u00bb Przeczytaj badanie w Journal of Cannabis Research<\/a><\/span><\/h4>\n\t\t\t\t\t\t\t\t<\/div>\n\t\t\t\t<\/div>\n\t\t\t\t<div class=\"elementor-element elementor-element-60f56c66 elementor-widget elementor-widget-text-editor\" data-id=\"60f56c66\" data-element_type=\"widget\" data-e-type=\"widget\" data-widget_type=\"text-editor.default\">\n\t\t\t\t<div class=\"elementor-widget-container\">\n\t\t\t\t\t\t\t\t\t<h4 style=\"padding-left: 40px;\"><b><\/b><strong>Badanie u\u017cytkownik\u00f3w CBD na temat stresu, bezsenno\u015bci i l\u0119ku.<\/strong><b><br \/><\/b><\/h4>\n<p style=\"padding-left: 40px;\"> Badanie BioMed zawiera wyniki ankiet i wykresy graficzne<\/p>\n<h4 style=\"padding-left: 40px;\"> <span style=\"color: #d6b069;\"><a style=\"color: #d6b069;\" href=\"https:\/\/jcannabisresearch.biomedcentral.com\/articles\/10.1186\/s42238-021-00061-5\" target=\"_blank\" rel=\"noopener\">\u00bb Przeczytaj badanie na stronie BioMed Central<\/a><\/span><\/h4>\n\t\t\t\t\t\t\t\t<\/div>\n\t\t\t\t<\/div>\n\t\t\t\t<div class=\"elementor-element elementor-element-76d0ec45 elementor-widget elementor-widget-text-editor\" data-id=\"76d0ec45\" data-element_type=\"widget\" data-e-type=\"widget\" data-widget_type=\"text-editor.default\">\n\t\t\t\t<div class=\"elementor-widget-container\">\n\t\t\t\t\t\t\t\t\t<h4 style=\"padding-left: 40px;\"><strong>Zastosowanie konopi indyjskich w leczeniu PTSD i depresji<\/strong><b><br \/><\/b><\/h4>\n<p style=\"padding-left: 40px;\"> W badaniu podkre\u015blono, \u017ce marihuana medyczna mo\u017ce poprawi\u0107 wyniki zdrowotne w przypadku zespo\u0142u stresu pourazowego i depresji, ale wa\u017cne jest dawkowanie i monitorowanie.<\/p>\n<h4 style=\"padding-left: 40px;\"> <span style=\"color: #d6b069;\"><a style=\"color: #d6b069;\" href=\"https:\/\/www.cambridge.org\/core\/journals\/bjpsych-open\/article\/medicinal-cannabis-for-treating-posttraumatic-stress-disorder-and-comorbid-depression-realworld-evidence\/F88B15F3E00576E757ADF4915F9874A6\" target=\"_blank\" rel=\"noopener\">\u00bb Przeczytaj badanie na stronie Cambridge University Press &amp; Assessment<\/a><\/span><\/h4>\n\t\t\t\t\t\t\t\t<\/div>\n\t\t\t\t<\/div>\n\t\t\t\t<div class=\"elementor-element elementor-element-12678d2d elementor-widget elementor-widget-text-editor\" data-id=\"12678d2d\" data-element_type=\"widget\" data-e-type=\"widget\" data-widget_type=\"text-editor.default\">\n\t\t\t\t<div class=\"elementor-widget-container\">\n\t\t\t\t\t\t\t\t\t<h4 style=\"padding-left: 40px;\"><strong>Stosowanie marihuany medycznej w leczeniu zaburze\u0144 snu<\/strong><\/h4>\n<p style=\"padding-left: 40px;\"> Australijskie badanie analizowa\u0142o wp\u0142yw konopi indyjskich na zaburzenia snu i wykaza\u0142o, \u017ce u\u017cytkownicy odczuwali lepszy sen.<\/p>\n<h4 style=\"padding-left: 40px;\"> <span style=\"color: #d6b069;\"><a style=\"color: #d6b069;\" href=\"https:\/\/www.cambridge.org\/core\/journals\/bjpsych-open\/article\/medicinal-cannabis-for-treating-posttraumatic-stress-disorder-and-comorbid-depression-realworld-evidence\/F88B15F3E00576E757ADF4915F9874A6\" target=\"_blank\" rel=\"noopener\">\u00bb Przeczytaj badanie Nature Science dotycz\u0105ce snu<\/a><\/span><\/h4>\n\t\t\t\t\t\t\t\t<\/div>\n\t\t\t\t<\/div>\n\t\t\t\t\t<\/div>\n\t\t<\/div>\n\t\t\t\t\t<\/div>\n\t\t<\/section>\n\t\t\t\t<section class=\"elementor-section elementor-top-section elementor-element elementor-element-632a7527 elementor-section-boxed elementor-section-height-default elementor-section-height-default\" data-id=\"632a7527\" data-element_type=\"section\" data-e-type=\"section\">\n\t\t\t\t\t\t<div class=\"elementor-container elementor-column-gap-default\">\n\t\t\t\t\t<div class=\"elementor-column elementor-col-100 elementor-top-column elementor-element elementor-element-15178cf9\" data-id=\"15178cf9\" data-element_type=\"column\" data-e-type=\"column\">\n\t\t\t<div class=\"elementor-widget-wrap elementor-element-populated\">\n\t\t\t\t\t\t<div class=\"elementor-element elementor-element-a6d842f elementor-widget elementor-widget-text-editor\" data-id=\"a6d842f\" data-element_type=\"widget\" data-e-type=\"widget\" data-widget_type=\"text-editor.default\">\n\t\t\t\t<div class=\"elementor-widget-container\">\n\t\t\t\t\t\t\t\t\t<h4><strong>Przeczytaj wi\u0119cej:<\/strong> <span style=\"text-decoration: underline;\"><a href=\"https:\/\/zennative.eu\/pl\/czym-jest-cbd\/\">Co to jest CBD?<\/a><\/span><\/p>\n<\/h4>\n<h1> ?<\/h1>\n<h4> <strong>By\u0142y pytania<\/strong><\/h4>\n<p> Prosimy o kontakt <strong><a href=\"mailto:info@zennative.ee\">pod adresem info@zennative.ee<\/a><\/strong> lub <strong><a href=\"tel:0037255524424\">55524424<\/a><\/strong><\/p>\n\t\t\t\t\t\t\t\t<\/div>\n\t\t\t\t<\/div>\n\t\t\t\t\t<\/div>\n\t\t<\/div>\n\t\t\t\t\t<\/div>\n\t\t<\/section>\n\t\t\t\t<\/div>\n\t\t","protected":false},"excerpt":{"rendered":"<p>Badania kliniczne CBD Badania kliniczne CBD to szybko rozwijaj\u0105ca si\u0119 dziedzina skupiaj\u0105ca si\u0119 na badaniu korzy\u015bci zdrowotnych wynikaj\u0105cych ze stosowania konopi indyjskich. Opublikowano dziesi\u0105tki recenzowanych bada\u0144 potwierdzaj\u0105cych, \u017ce CBD ma szereg efekt\u00f3w terapeutycznych, w tym \u0142agodzenie l\u0119ku, bezsenno\u015bci, przewlek\u0142ego b\u00f3lu i stan\u00f3w zapalnych. Stwierdzono r\u00f3wnie\u017c, \u017ce CBD pomaga w leczeniu padaczki i chor\u00f3b neurologicznych, na&hellip;<\/p>\n","protected":false},"author":12,"featured_media":0,"parent":0,"menu_order":0,"comment_status":"closed","ping_status":"closed","template":"","meta":{"footnotes":""},"class_list":["post-64312","page","type-page","status-publish","hentry"],"_links":{"self":[{"href":"https:\/\/zennative.eu\/pl\/wp-json\/wp\/v2\/pages\/64312","targetHints":{"allow":["GET"]}}],"collection":[{"href":"https:\/\/zennative.eu\/pl\/wp-json\/wp\/v2\/pages"}],"about":[{"href":"https:\/\/zennative.eu\/pl\/wp-json\/wp\/v2\/types\/page"}],"author":[{"embeddable":true,"href":"https:\/\/zennative.eu\/pl\/wp-json\/wp\/v2\/users\/12"}],"replies":[{"embeddable":true,"href":"https:\/\/zennative.eu\/pl\/wp-json\/wp\/v2\/comments?post=64312"}],"version-history":[{"count":1,"href":"https:\/\/zennative.eu\/pl\/wp-json\/wp\/v2\/pages\/64312\/revisions"}],"predecessor-version":[{"id":64313,"href":"https:\/\/zennative.eu\/pl\/wp-json\/wp\/v2\/pages\/64312\/revisions\/64313"}],"wp:attachment":[{"href":"https:\/\/zennative.eu\/pl\/wp-json\/wp\/v2\/media?parent=64312"}],"curies":[{"name":"wp","href":"https:\/\/api.w.org\/{rel}","templated":true}]}}