{"id":63537,"date":"2024-10-02T20:27:11","date_gmt":"2024-10-02T17:27:11","guid":{"rendered":"https:\/\/zennative.eu\/czesto-zadawane-pytania\/"},"modified":"2024-10-02T20:27:25","modified_gmt":"2024-10-02T17:27:25","slug":"czesto-zadawane-pytania","status":"publish","type":"page","link":"https:\/\/zennative.eu\/pl\/czesto-zadawane-pytania\/","title":{"rendered":"Cz\u0119sto zadawane pytania"},"content":{"rendered":"\t\t<div data-elementor-type=\"wp-page\" data-elementor-id=\"63537\" class=\"elementor elementor-63537 elementor-48065\" data-elementor-post-type=\"page\">\n\t\t\t\t\t\t<section class=\"elementor-section elementor-top-section elementor-element elementor-element-57e80bca elementor-section-boxed elementor-section-height-default elementor-section-height-default\" data-id=\"57e80bca\" data-element_type=\"section\" data-e-type=\"section\">\n\t\t\t\t\t\t<div class=\"elementor-container elementor-column-gap-default\">\n\t\t\t\t\t<div class=\"elementor-column elementor-col-100 elementor-top-column elementor-element elementor-element-51b0c2f4\" data-id=\"51b0c2f4\" data-element_type=\"column\" data-e-type=\"column\" data-settings=\"{&quot;background_background&quot;:&quot;slideshow&quot;,&quot;background_slideshow_gallery&quot;:[],&quot;background_slideshow_loop&quot;:&quot;yes&quot;,&quot;background_slideshow_slide_duration&quot;:5000,&quot;background_slideshow_slide_transition&quot;:&quot;fade&quot;,&quot;background_slideshow_transition_duration&quot;:500}\">\n\t\t\t<div class=\"elementor-widget-wrap elementor-element-populated\">\n\t\t\t\t\t\t<div class=\"elementor-element elementor-element-3acae558 elementor-widget elementor-widget-heading\" data-id=\"3acae558\" data-element_type=\"widget\" data-e-type=\"widget\" data-widget_type=\"heading.default\">\n\t\t\t\t<div class=\"elementor-widget-container\">\n\t\t\t\t\t<h3 class=\"elementor-heading-title elementor-size-medium\">Cz\u0119sto zadawane pytania<\/h3>\t\t\t\t<\/div>\n\t\t\t\t<\/div>\n\t\t\t\t\t<\/div>\n\t\t<\/div>\n\t\t\t\t\t<\/div>\n\t\t<\/section>\n\t\t\t\t<section class=\"elementor-section elementor-top-section elementor-element elementor-element-73d99d58 elementor-section-boxed elementor-section-height-default elementor-section-height-default\" data-id=\"73d99d58\" data-element_type=\"section\" data-e-type=\"section\">\n\t\t\t\t\t\t<div class=\"elementor-container elementor-column-gap-default\">\n\t\t\t\t\t<div class=\"elementor-column elementor-col-50 elementor-top-column elementor-element elementor-element-4da32985\" data-id=\"4da32985\" data-element_type=\"column\" data-e-type=\"column\">\n\t\t\t<div class=\"elementor-widget-wrap elementor-element-populated\">\n\t\t\t\t\t\t<section class=\"elementor-section elementor-inner-section elementor-element elementor-element-62db05fc elementor-section-boxed elementor-section-height-default elementor-section-height-default\" data-id=\"62db05fc\" data-element_type=\"section\" data-e-type=\"section\" data-settings=\"{&quot;sticky&quot;:&quot;top&quot;,&quot;sticky_offset&quot;:50,&quot;sticky_parent&quot;:&quot;yes&quot;,&quot;sticky_on&quot;:[&quot;desktop&quot;,&quot;tablet&quot;,&quot;mobile&quot;],&quot;sticky_effects_offset&quot;:0,&quot;sticky_anchor_link_offset&quot;:0}\">\n\t\t\t\t\t\t<div class=\"elementor-container elementor-column-gap-default\">\n\t\t\t\t\t<div class=\"elementor-column elementor-col-100 elementor-inner-column elementor-element elementor-element-53791366\" data-id=\"53791366\" data-element_type=\"column\" data-e-type=\"column\">\n\t\t\t<div class=\"elementor-widget-wrap elementor-element-populated\">\n\t\t\t\t\t\t<div class=\"elementor-element elementor-element-4c4e91fc elementor-widget elementor-widget-table-of-contents\" data-id=\"4c4e91fc\" data-element_type=\"widget\" data-e-type=\"widget\" data-settings=\"{&quot;headings_by_tags&quot;:[&quot;h3&quot;],&quot;exclude_headings_by_selector&quot;:[],&quot;marker_view&quot;:&quot;bullets&quot;,&quot;icon&quot;:{&quot;value&quot;:&quot;&quot;,&quot;library&quot;:&quot;&quot;},&quot;no_headings_message&quot;:&quot;No headings were found on this page.&quot;,&quot;hierarchical_view&quot;:&quot;yes&quot;,&quot;min_height&quot;:{&quot;unit&quot;:&quot;px&quot;,&quot;size&quot;:&quot;&quot;,&quot;sizes&quot;:[]},&quot;min_height_tablet&quot;:{&quot;unit&quot;:&quot;px&quot;,&quot;size&quot;:&quot;&quot;,&quot;sizes&quot;:[]},&quot;min_height_mobile&quot;:{&quot;unit&quot;:&quot;px&quot;,&quot;size&quot;:&quot;&quot;,&quot;sizes&quot;:[]}}\" data-widget_type=\"table-of-contents.default\">\n\t\t\t\t<div class=\"elementor-widget-container\">\n\t\t\t\t\t\t\t\t\t<div class=\"elementor-toc__header\">\n\t\t\t\t\t\t<h4 class=\"elementor-toc__header-title\">\n\t\t\t\tSpis tre\u015bci\t\t\t<\/h4>\n\t\t\t\t\t\t\t\t<\/div>\n\t\t\t\t<div id=\"elementor-toc__4c4e91fc\" class=\"elementor-toc__body\">\n\t\t\t<div class=\"elementor-toc__spinner-container\">\n\t\t\t\t<i class=\"elementor-toc__spinner eicon-animation-spin eicon-loading\" aria-hidden=\"true\"><\/i>\t\t\t<\/div>\n\t\t<\/div>\n\t\t\t\t\t\t<\/div>\n\t\t\t\t<\/div>\n\t\t\t\t\t<\/div>\n\t\t<\/div>\n\t\t\t\t\t<\/div>\n\t\t<\/section>\n\t\t\t\t\t<\/div>\n\t\t<\/div>\n\t\t\t\t<div class=\"elementor-column elementor-col-50 elementor-top-column elementor-element elementor-element-388a7df2\" data-id=\"388a7df2\" data-element_type=\"column\" data-e-type=\"column\">\n\t\t\t<div class=\"elementor-widget-wrap elementor-element-populated\">\n\t\t\t\t\t\t<div class=\"elementor-element elementor-element-51beb8a5 elementor-widget elementor-widget-text-editor\" data-id=\"51beb8a5\" data-element_type=\"widget\" data-e-type=\"widget\" data-widget_type=\"text-editor.default\">\n\t\t\t\t<div class=\"elementor-widget-container\">\n\t\t\t\t\t\t\t\t\t<h3>1) Jaka jest r\u00f3\u017cnica mi\u0119dzy czarn\u0105 a bia\u0142\u0105 butelk\u0105?<\/h3>\n<p>Czarna butelka zawiera olej wykonany z ca\u0142ego ekstraktu ro\u015blinnego. Bia\u0142a butelka zawiera olej wykonany z czystego kryszta\u0142u CBD oddzielonego od ekstraktu. <br \/>Czarna butelka zawiera nie tylko CBD, ale tak\u017ce wszystkie kannabinoidy (w tym THC), flawonoidy i terpeny znajduj\u0105ce si\u0119 w ro\u015blinie &#8211; naturalne przeciwutleniacze i olejki eteryczne.<\/p>\n<p>Olej w bia\u0142ej butelce zawiera tylko CBD + olej no\u015bnikowy (olej kokosowy MCT).<\/p>\n<p>% ja% tuZar\u00f3wno Full Spectrum, jak i Crystallized CBD s\u0105 dost\u0119pne w wersjach 5%, 15 30 gevels.<\/p>\n\t\t\t\t\t\t\t\t<\/div>\n\t\t\t\t<\/div>\n\t\t\t\t<div class=\"elementor-element elementor-element-197ea9ad elementor-widget elementor-widget-text-editor\" data-id=\"197ea9ad\" data-element_type=\"widget\" data-e-type=\"widget\" data-widget_type=\"text-editor.default\">\n\t\t\t\t<div class=\"elementor-widget-container\">\n\t\t\t\t\t\t\t\t\t<h3>2) Kt\u00f3ry olej jest dla mnie lepszy?<\/h3>\n<p>Je\u015bli szukasz ulgi w niepokoju, b\u00f3lu, \u015bnie lub innych problemach zdrowotnych, zalecamy olej Full Spectrum. Szerokie spektrum sk\u0142adnik\u00f3w jest bardziej skuteczne ni\u017c czyste CBD.<\/p>\n<p>Cz\u0105steczki znajduj\u0105ce si\u0119 w czarnej butelce s\u0105 niezb\u0119dne do zapewnienia szerszego dzia\u0142ania oleju CBD. Olej CBD Crystal ma mniej zauwa\u017calny efekt w por\u00f3wnaniu do oleju Full Spectrum. Crystal CBD mo\u017ce by\u0107 stosowany na przyk\u0142ad przez najlepszych sportowc\u00f3w, poniewa\u017c CBD jest zatwierdzony przez \u015awiatow\u0105 Agencj\u0119 Antydopingow\u0105.<\/p>\n<p>Olej CBD Crystal Serum lub CBD Isolate jest bardziej odpowiedni dla os\u00f3b wra\u017cliwych i tych, kt\u00f3rzy potrzebuj\u0105 tylko efekt\u00f3w CBD. Ponadto, Crystal Oil nie ma koloru, smaku i zapachu. Ponadto olej w bia\u0142ej butelce jest lepszy dla os\u00f3b udaj\u0105cych si\u0119 do kraju, w kt\u00f3rym nawet niewielka ilo\u015b\u0107 THC jest zakazana.<\/p>\n<p>Podczas podr\u00f3\u017cy nale\u017cy sprawdzi\u0107 przepisy obowi\u0105zuj\u0105ce w miejscu docelowym przed zabraniem ze sob\u0105 jakiegokolwiek oleju.<\/p>\n<p>Skontaktuj si\u0119 z nami, aby znale\u017a\u0107 odpowiedni produkt dla siebie.<\/p>\n\t\t\t\t\t\t\t\t<\/div>\n\t\t\t\t<\/div>\n\t\t\t\t<div class=\"elementor-element elementor-element-612be137 elementor-widget elementor-widget-text-editor\" data-id=\"612be137\" data-element_type=\"widget\" data-e-type=\"widget\" data-widget_type=\"text-editor.default\">\n\t\t\t\t<div class=\"elementor-widget-container\">\n\t\t\t\t\t\t\t\t\t<h3>3) Jak\u0105 si\u0142\u0119 powinienem wybra\u0107? Jaka jest r\u00f3\u017cnica mi\u0119dzy r\u00f3\u017cnymi warto\u015bciami procentowymi?<\/h3>\n<p>Warto\u015b\u0107 procentowa wskazuje ilo\u015b\u0107 CBD w produkcie. Na przyk\u0142ad olejek o mocy &#8222;15%&#8221; zawiera 1500 mg CBD.<\/p>\n<p>Wszystkie butelki maj\u0105 ten sam rozmiar (10 ml) i zawieraj\u0105 co najmniej 200 kropli.<\/p>\n<p>Full Spectrum 5% to olejek o niskiej zawarto\u015bci CBD i jest dobrym wyborem dla dzieci i zwierz\u0105t domowych.<\/p>\n<p>% sFull Spectrum 15 jest odpowiedni dla os\u00f3b, kt\u00f3re od czasu do czasu do\u015bwiadczaj\u0105 \u0142agodnego niepokoju lub zaburze\u0144 snu.<\/p>\n<p>% oFull Spectrum 30 to najwygodniejszy i najbardziej ekonomiczny wyb\u00f3r.<\/p>\n\t\t\t\t\t\t\t\t<\/div>\n\t\t\t\t<\/div>\n\t\t\t\t<div class=\"elementor-element elementor-element-2991d14c elementor-widget elementor-widget-text-editor\" data-id=\"2991d14c\" data-element_type=\"widget\" data-e-type=\"widget\" data-widget_type=\"text-editor.default\">\n\t\t\t\t<div class=\"elementor-widget-container\">\n\t\t\t\t\t\t\t\t\t<h3>4) Ile kropli powinienem u\u017cy\u0107?<\/h3>\n<p>Rozpocznij stosowanie oleju CBD w nast\u0119puj\u0105cy spos\u00f3b:<\/p>\n<p>5%: 1 kropla na ka\u017cde 2,5 kg masy cia\u0142a<\/p>\n<p>15%: 1 kropla na ka\u017cde 7,5 kg masy cia\u0142a<\/p>\n<p>30%: 1 kropla na ka\u017cde 15 kg masy cia\u0142a<\/p>\n<p>Zalecana maksymalna dawka jest do dziesi\u0119ciu razy wy\u017csza. Nale\u017cy monitorowa\u0107 swoje samopoczucie i w razie potrzeby dostosowa\u0107 dawk\u0119 lub j\u0105 powt\u00f3rzy\u0107.<\/p>\n\t\t\t\t\t\t\t\t<\/div>\n\t\t\t\t<\/div>\n\t\t\t\t<div class=\"elementor-element elementor-element-7a4d8311 elementor-widget elementor-widget-text-editor\" data-id=\"7a4d8311\" data-element_type=\"widget\" data-e-type=\"widget\" data-widget_type=\"text-editor.default\">\n\t\t\t\t<div class=\"elementor-widget-container\">\n\t\t\t\t\t\t\t\t\t<h3>5) Jakie s\u0105 do\u015bwiadczenia innych klient\u00f3w?<\/h3>\n<p>Opinie naszych klient\u00f3w s\u0105 bardzo pozytywne. Wielu z nich do\u015bwiadczy\u0142o znacznej poprawy i ulgi w r\u00f3\u017cnych problemach zdrowotnych.<\/p>\n<p>Zebrali\u015bmy kilka historii klient\u00f3w w naszym k\u0105ciku czytelniczym. <br \/>Przeczytaj, w jaki spos\u00f3b znale\u017ali oni ulg\u0119 w r\u00f3\u017cnych problemach zdrowotnych dzi\u0119ki olejowi CBD:<\/p>\n<p><a href=\"https:\/\/zennative.eu\/pl\/kacik-czytelniczy-blog-i-referencje\/\" target=\"_blank\" rel=\"noopener\">https:\/\/zennative.eu\/lugemisnurk-ehk-blogi\/<\/a><\/p>\n<p>Opinie klient\u00f3w na temat produkt\u00f3w mo\u017cna przeczyta\u0107 tutaj:<\/p>\n<p><a href=\"https:\/\/www.trustindex.io\/reviews\/www.zennative.com?lang=et\" target=\"_blank\" rel=\"noopener\">https:\/\/www.trustindex.io\/reviews\/www.zennative.com?lang=et<\/a><\/p>\n\t\t\t\t\t\t\t\t<\/div>\n\t\t\t\t<\/div>\n\t\t\t\t<div class=\"elementor-element elementor-element-17accceb elementor-widget elementor-widget-text-editor\" data-id=\"17accceb\" data-element_type=\"widget\" data-e-type=\"widget\" data-widget_type=\"text-editor.default\">\n\t\t\t\t<div class=\"elementor-widget-container\">\n\t\t\t\t\t\t\t\t\t<h3>6) Czy olej CBD uzale\u017cnia? Jaka jest r\u00f3\u017cnica w por\u00f3wnaniu z THC?<\/h3>\n<p>Nie, olej CBD nie jest psychoaktywny i nie uzale\u017cnia. Chocia\u017c<strong>olej Full Spectrum zawiera niewielk\u0105 ilo\u015b\u0107<\/strong> THC (psychotropowego sk\u0142adnika konopi indyjskich), <strong>dopuszczalna ilo\u015b\u0107 jest tak niska, \u017ce nie wywo\u0142uje efektu odurzenia.<\/strong><\/p>\n<p>Oleje Zen Native CBD Full Spectrum zawieraj\u0105 bardzo niskie poziomy THC naturalnie wyst\u0119puj\u0105ce w wysokiej jako\u015bci ro\u015blinie CBD (prawnie dozwolone &lt;0,3%)<\/p>\n<p>Oleje Crystal CBD zawieraj\u0105 tylko CBD bez \u017cadnych innych kannabinoid\u00f3w.<\/p>\n\t\t\t\t\t\t\t\t<\/div>\n\t\t\t\t<\/div>\n\t\t\t\t<div class=\"elementor-element elementor-element-185acba0 elementor-widget elementor-widget-text-editor\" data-id=\"185acba0\" data-element_type=\"widget\" data-e-type=\"widget\" data-widget_type=\"text-editor.default\">\n\t\t\t\t<div class=\"elementor-widget-container\">\n\t\t\t\t\t\t\t\t\t<h3>7) Jak d\u0142ugo powinienem przyjmowa\u0107 olej CBD?<\/h3>\n<p>Zalecamy rozpocz\u0119cie od 1-3 miesi\u0119cznego kursu, a nast\u0119pnie 1-2 miesi\u0119czn\u0105 przerw\u0119. W zale\u017cno\u015bci od tego, jak si\u0119 czujesz, mo\u017cesz przed\u0142u\u017cy\u0107 kurs lub skr\u00f3ci\u0107 przerw\u0119. Ka\u017cda osoba i sytuacja jest inna. <strong>Prosimy o kontakt z naszym dzia\u0142em obs\u0142ugi klienta. <\/strong><\/p>\n\t\t\t\t\t\t\t\t<\/div>\n\t\t\t\t<\/div>\n\t\t\t\t<div class=\"elementor-element elementor-element-6034a460 elementor-widget elementor-widget-text-editor\" data-id=\"6034a460\" data-element_type=\"widget\" data-e-type=\"widget\" data-widget_type=\"text-editor.default\">\n\t\t\t\t<div class=\"elementor-widget-container\">\n\t\t\t\t\t\t\t\t\t<h3>8) Jak szybko dzia\u0142a olej CBD?<\/h3>\n<p>Kr\u00f3tkoterminowe efekty, takie jak niepok\u00f3j lub z\u0142agodzenie b\u00f3lu, mo\u017cna zauwa\u017cy\u0107 ju\u017c po 5-30 minutach od spo\u017cycia. W przypadku powa\u017cniejszych problem\u00f3w zdrowotnych i w celu osi\u0105gni\u0119cia d\u0142ugoterminowych korzy\u015bci, zmiana kom\u00f3rkowa zajmuje 2-6 tygodni. W wi\u0119kszo\u015bci przypadk\u00f3w warto przed\u0142u\u017cy\u0107 kuracj\u0119 o kolejne 1-2 miesi\u0105ce, aby zapewni\u0107 trwa\u0142e rezultaty.<\/p>\n\t\t\t\t\t\t\t\t<\/div>\n\t\t\t\t<\/div>\n\t\t\t\t<div class=\"elementor-element elementor-element-69a85a41 elementor-widget elementor-widget-text-editor\" data-id=\"69a85a41\" data-element_type=\"widget\" data-e-type=\"widget\" data-widget_type=\"text-editor.default\">\n\t\t\t\t<div class=\"elementor-widget-container\">\n\t\t\t\t\t\t\t\t\t<h3>9) Jak przyjmowa\u0107 olej CBD?<\/h3>\n<p><strong>Wlej olej pod j\u0119zyk i przytrzymaj go<\/strong> tam przez oko\u0142o 1 minut\u0119 przed po\u0142kni\u0119ciem. CBD wch\u0142ania si\u0119 najskuteczniej przez b\u0142on\u0119 \u015bluzow\u0105 jamy ustnej. Po\u0142kni\u0119cie oleju natychmiast zmniejsza jego skuteczno\u015b\u0107. W przypadku stosowania zewn\u0119trznego, delikatnie wmasuj olejek w problematyczny obszar. na\u0142\u00f3\u017c 1 kropl\u0119 na obszar wielko\u015bci d\u0142oni.<\/p>\n\t\t\t\t\t\t\t\t<\/div>\n\t\t\t\t<\/div>\n\t\t\t\t<div class=\"elementor-element elementor-element-7bcfa4e6 elementor-widget elementor-widget-text-editor\" data-id=\"7bcfa4e6\" data-element_type=\"widget\" data-e-type=\"widget\" data-widget_type=\"text-editor.default\">\n\t\t\t\t<div class=\"elementor-widget-container\">\n\t\t\t\t\t\t\t\t\t<h3>10) Kiedy najlepiej przyjmowa\u0107 olej CBD?<\/h3>\n<p>Zalecamy przyjmowanie oleju CBD na oko\u0142o 30 minut przed p\u00f3j\u015bciem spa\u0107. Mo\u017cesz r\u00f3wnie\u017c przyjmowa\u0107 olej rano i\/lub w ci\u0105gu dnia, aby z\u0142agodzi\u0107 codzienny niepok\u00f3j lub depresj\u0119. Je\u015bli olej Full Spectrum powoduje nieprzyjemn\u0105 senno\u015b\u0107 lub zawroty g\u0142owy, zmniejsz jego ilo\u015b\u0107 lub zast\u0105p go olejem Crystal CBD i pozostaw olej Full Spectrum na wiecz\u00f3r.<\/p>\n<p>Wa\u017cne jest, aby pami\u0119ta\u0107, \u017ce efekty mog\u0105 si\u0119 r\u00f3\u017cni\u0107 w zale\u017cno\u015bci od rodzaju oleju. <br \/>Monitoruj swoje samopoczucie i w razie potrzeby dostosuj czas przyjmowania, a tak\u017ce skonsultuj si\u0119 z obs\u0142ug\u0105 klienta Zen Native.<\/p>\n<p>W pojedynczych przypadkach przy pierwszym u\u017cyciu mo\u017ce wyst\u0105pi\u0107 dyskomfort w jamie brzusznej lub w innych miejscach. Zwykle wskazuje to na niedob\u00f3r kannabinoid\u00f3w w organizmie i \u017ce dana osoba rozpaczliwie ich potrzebuje, a tak\u017ce mo\u017ce wskazywa\u0107 na zmiany zachodz\u0105ce w organizmie. Je\u015bli dyskomfort nie ust\u0105pi w ci\u0105gu kilku dni, nale\u017cy przerwa\u0107 stosowanie i natychmiast skontaktowa\u0107 si\u0119 z naszym zespo\u0142em obs\u0142ugi klienta.<\/p>\n\t\t\t\t\t\t\t\t<\/div>\n\t\t\t\t<\/div>\n\t\t\t\t<div class=\"elementor-element elementor-element-4a468ab7 elementor-widget elementor-widget-text-editor\" data-id=\"4a468ab7\" data-element_type=\"widget\" data-e-type=\"widget\" data-widget_type=\"text-editor.default\">\n\t\t\t\t<div class=\"elementor-widget-container\">\n\t\t\t\t\t\t\t\t\t<h3>11) Dlaczego oleje CBD s\u0105 tak drogie?<\/h3>\n<p>Produkcja olejk\u00f3w CBD jest z\u0142o\u017cona i wymaga du\u017cego nak\u0142adu pracy. Znajduje to odzwierciedlenie w cenie produkt\u00f3w.<\/p>\n<p>Nasze ceny s\u0105 kszta\u0142towane przez:<\/p>\n<ul>\n<li>Najwy\u017cszej jako\u015bci produkt pochodzi z wysokiej jako\u015bci nasion i ich uprawy w czystej naturze Hiiumaa;<\/li>\n<li>Aby uzyska\u0107 najszersze spektrum, u\u017cywamy wy\u0142\u0105cznie ro\u015blin kwitn\u0105cych, a nie biomasy;<\/li>\n<li>Wykorzystanie drogiej ekstrakcji CO2 do produkcji najczystszego ekstraktu;<\/li>\n<li>R\u0119czna, ma\u0142oseryjna produkcja laboratoryjna i pakowanie;<\/li>\n<li>Esto\u0144ska lokalna si\u0142a robocza;<\/li>\n<li>Codzienny kontakt, konsultacje i doradztwo;<\/li>\n<\/ul>\n\t\t\t\t\t\t\t\t<\/div>\n\t\t\t\t<\/div>\n\t\t\t\t\t<\/div>\n\t\t<\/div>\n\t\t\t\t\t<\/div>\n\t\t<\/section>\n\t\t\t\t<section class=\"elementor-section elementor-top-section elementor-element elementor-element-5716ef39 elementor-section-boxed elementor-section-height-default elementor-section-height-default\" data-id=\"5716ef39\" data-element_type=\"section\" data-e-type=\"section\">\n\t\t\t\t\t\t<div class=\"elementor-container elementor-column-gap-default\">\n\t\t\t\t\t<div class=\"elementor-column elementor-col-100 elementor-top-column elementor-element elementor-element-2411c6a\" data-id=\"2411c6a\" data-element_type=\"column\" data-e-type=\"column\">\n\t\t\t<div class=\"elementor-widget-wrap elementor-element-populated\">\n\t\t\t\t\t\t<div class=\"elementor-element elementor-element-4f5d82d9 elementor-widget elementor-widget-text-editor\" data-id=\"4f5d82d9\" data-element_type=\"widget\" data-e-type=\"widget\" data-widget_type=\"text-editor.default\">\n\t\t\t\t<div class=\"elementor-widget-container\">\n\t\t\t\t\t\t\t\t\t<h1>?<\/h1>\n<p><strong>Nie mo\u017cesz znale\u017a\u0107 odpowiedzi?<\/strong><\/p>\n<p>Skontaktuj si\u0119 z nami: <\/p>\n<p>Telefonicznie: <a href=\"tel:55524424\">55524424,<\/a> Mailowo: <a href=\"mailto:info@zennative.ee\">info@zennative.ee<\/a> Poprzez czat na stronie: www.zennative.ee<\/p>\n\t\t\t\t\t\t\t\t<\/div>\n\t\t\t\t<\/div>\n\t\t\t\t\t<\/div>\n\t\t<\/div>\n\t\t\t\t\t<\/div>\n\t\t<\/section>\n\t\t\t\t<\/div>\n\t\t","protected":false},"excerpt":{"rendered":"<p>Cz\u0119sto zadawane pytania Spis tre\u015bci 1) Jaka jest r\u00f3\u017cnica mi\u0119dzy czarn\u0105 a bia\u0142\u0105 butelk\u0105? Czarna butelka zawiera olej wykonany z ca\u0142ego ekstraktu ro\u015blinnego. Bia\u0142a butelka zawiera olej wykonany z czystego kryszta\u0142u CBD oddzielonego od ekstraktu. Czarna butelka zawiera nie tylko CBD, ale tak\u017ce wszystkie kannabinoidy (w tym THC), flawonoidy i terpeny znajduj\u0105ce si\u0119 w ro\u015blinie&hellip;<\/p>\n","protected":false},"author":12,"featured_media":0,"parent":0,"menu_order":0,"comment_status":"closed","ping_status":"closed","template":"","meta":{"footnotes":""},"class_list":["post-63537","page","type-page","status-publish","hentry"],"_links":{"self":[{"href":"https:\/\/zennative.eu\/pl\/wp-json\/wp\/v2\/pages\/63537","targetHints":{"allow":["GET"]}}],"collection":[{"href":"https:\/\/zennative.eu\/pl\/wp-json\/wp\/v2\/pages"}],"about":[{"href":"https:\/\/zennative.eu\/pl\/wp-json\/wp\/v2\/types\/page"}],"author":[{"embeddable":true,"href":"https:\/\/zennative.eu\/pl\/wp-json\/wp\/v2\/users\/12"}],"replies":[{"embeddable":true,"href":"https:\/\/zennative.eu\/pl\/wp-json\/wp\/v2\/comments?post=63537"}],"version-history":[{"count":1,"href":"https:\/\/zennative.eu\/pl\/wp-json\/wp\/v2\/pages\/63537\/revisions"}],"predecessor-version":[{"id":63538,"href":"https:\/\/zennative.eu\/pl\/wp-json\/wp\/v2\/pages\/63537\/revisions\/63538"}],"wp:attachment":[{"href":"https:\/\/zennative.eu\/pl\/wp-json\/wp\/v2\/media?parent=63537"}],"curies":[{"name":"wp","href":"https:\/\/api.w.org\/{rel}","templated":true}]}}