{"id":63358,"date":"2024-10-02T20:20:13","date_gmt":"2024-10-02T17:20:13","guid":{"rendered":"https:\/\/zennative.eu\/kacik-czytelniczy-blog-i-referencje\/"},"modified":"2024-10-02T20:26:10","modified_gmt":"2024-10-02T17:26:10","slug":"kacik-czytelniczy-blog-i-referencje","status":"publish","type":"page","link":"https:\/\/zennative.eu\/pl\/kacik-czytelniczy-blog-i-referencje\/","title":{"rendered":"K\u0105cik czytelniczy, blog i referencje"},"content":{"rendered":"\t\t<div data-elementor-type=\"wp-page\" data-elementor-id=\"63358\" class=\"elementor elementor-63358 elementor-41911\" data-elementor-post-type=\"page\">\n\t\t\t\t\t\t<section class=\"elementor-section elementor-top-section elementor-element elementor-element-d44d6a9 elementor-section-boxed elementor-section-height-default elementor-section-height-default\" data-id=\"d44d6a9\" data-element_type=\"section\" data-e-type=\"section\">\n\t\t\t\t\t\t<div class=\"elementor-container elementor-column-gap-default\">\n\t\t\t\t\t<div class=\"elementor-column elementor-col-100 elementor-top-column elementor-element elementor-element-a79eb61\" data-id=\"a79eb61\" data-element_type=\"column\" data-e-type=\"column\">\n\t\t\t<div class=\"elementor-widget-wrap elementor-element-populated\">\n\t\t\t\t\t\t<div class=\"elementor-element elementor-element-b025f16 elementor-hidden-desktop elementor-hidden-tablet elementor-hidden-mobile elementor-widget elementor-widget-image\" data-id=\"b025f16\" data-element_type=\"widget\" data-e-type=\"widget\" data-widget_type=\"image.default\">\n\t\t\t\t<div class=\"elementor-widget-container\">\n\t\t\t\t\t\t\t\t\t\t\t\t\t\t\t<img fetchpriority=\"high\" decoding=\"async\" width=\"754\" height=\"129\" src=\"https:\/\/zennative.eu\/wp-content\/uploads\/2022\/09\/Zen_Native_Logo_EST.png\" class=\"attachment-large size-large wp-image-44342\" alt=\"blogi\" srcset=\"https:\/\/zennative.eu\/wp-content\/uploads\/2022\/09\/Zen_Native_Logo_EST.png 754w, https:\/\/zennative.eu\/wp-content\/uploads\/2022\/09\/Zen_Native_Logo_EST-300x51.png 300w\" sizes=\"(max-width: 754px) 100vw, 754px\" \/>\t\t\t\t\t\t\t\t\t\t\t\t\t\t\t<\/div>\n\t\t\t\t<\/div>\n\t\t\t\t<div class=\"elementor-element elementor-element-324b0a3 elementor-grid-3 elementor-grid-tablet-2 elementor-grid-mobile-1 elementor-posts--thumbnail-top elementor-widget elementor-widget-posts\" data-id=\"324b0a3\" data-element_type=\"widget\" data-e-type=\"widget\" data-settings=\"{&quot;classic_columns&quot;:&quot;3&quot;,&quot;classic_columns_tablet&quot;:&quot;2&quot;,&quot;classic_columns_mobile&quot;:&quot;1&quot;,&quot;classic_row_gap&quot;:{&quot;unit&quot;:&quot;px&quot;,&quot;size&quot;:35,&quot;sizes&quot;:[]},&quot;classic_row_gap_tablet&quot;:{&quot;unit&quot;:&quot;px&quot;,&quot;size&quot;:&quot;&quot;,&quot;sizes&quot;:[]},&quot;classic_row_gap_mobile&quot;:{&quot;unit&quot;:&quot;px&quot;,&quot;size&quot;:&quot;&quot;,&quot;sizes&quot;:[]}}\" data-widget_type=\"posts.classic\">\n\t\t\t\t<div class=\"elementor-widget-container\">\n\t\t\t\t\t\t\t<div class=\"elementor-posts-container elementor-posts elementor-posts--skin-classic elementor-grid\" role=\"list\">\n\t\t\t\t<article class=\"elementor-post elementor-grid-item post-63600 post type-post status-publish format-standard has-post-thumbnail hentry category-bez-kategorii category-744 description-off\" role=\"listitem\">\n\t\t\t\t<a class=\"elementor-post__thumbnail__link\" href=\"https:\/\/zennative.eu\/pl\/bez-kategorii\/wraz-z-nadejsciem-wiosny-jak-wspomoc-cialo-i-umysl-za-pomoca-konopi-cbd\/\" tabindex=\"-1\">\n\t\t\t<div class=\"elementor-post__thumbnail\"><img decoding=\"async\" width=\"1600\" height=\"900\" src=\"https:\/\/zennative.eu\/wp-content\/uploads\/2024\/04\/wfj1iaq1.c3x.jpg\" class=\"attachment-full size-full wp-image-63603\" alt=\"\" srcset=\"https:\/\/zennative.eu\/wp-content\/uploads\/2024\/04\/wfj1iaq1.c3x.jpg 1600w, https:\/\/zennative.eu\/wp-content\/uploads\/2024\/04\/wfj1iaq1.c3x-1200x675.jpg 1200w, https:\/\/zennative.eu\/wp-content\/uploads\/2024\/04\/wfj1iaq1.c3x-300x169.jpg 300w, https:\/\/zennative.eu\/wp-content\/uploads\/2024\/04\/wfj1iaq1.c3x-1024x576.jpg 1024w, https:\/\/zennative.eu\/wp-content\/uploads\/2024\/04\/wfj1iaq1.c3x-768x432.jpg 768w, https:\/\/zennative.eu\/wp-content\/uploads\/2024\/04\/wfj1iaq1.c3x-1536x864.jpg 1536w\" sizes=\"(max-width: 1600px) 100vw, 1600px\" \/><\/div>\n\t\t<\/a>\n\t\t\t\t<div class=\"elementor-post__text\">\n\t\t\t\t<h3 class=\"elementor-post__title\">\n\t\t\t<a href=\"https:\/\/zennative.eu\/pl\/bez-kategorii\/wraz-z-nadejsciem-wiosny-jak-wspomoc-cialo-i-umysl-za-pomoca-konopi-cbd\/\">\n\t\t\t\tWraz z nadej\u015bciem wiosny, jak wspom\u00f3c cia\u0142o i umys\u0142 za pomoc\u0105 konopi CBD?\t\t\t<\/a>\n\t\t<\/h3>\n\t\t\t\t<div class=\"elementor-post__meta-data\">\n\t\t\t\t\t<span class=\"elementor-post-date\">\n\t\t\t2. pa\u017a 2024\t\t<\/span>\n\t\t\t\t<\/div>\n\t\t\t\t<div class=\"elementor-post__excerpt\">\n\t\t\t<p>Cho\u0107 ciemna i d\u0142uga zima powoli odchodzi w niepami\u0119\u0107, a przyroda daje ju\u017c pierwsze oznaki wiosny, trudno jest przystosowa\u0107 si\u0119 do nowej pory roku. Wiosna<\/p>\n\t\t<\/div>\n\t\t\n\t\t<a class=\"elementor-post__read-more\" href=\"https:\/\/zennative.eu\/pl\/bez-kategorii\/wraz-z-nadejsciem-wiosny-jak-wspomoc-cialo-i-umysl-za-pomoca-konopi-cbd\/\" aria-label=\"Read more about Wraz z nadej\u015bciem wiosny, jak wspom\u00f3c cia\u0142o i umys\u0142 za pomoc\u0105 konopi CBD?\" tabindex=\"-1\">\n\t\t\tCzytaj wi\u0119cej \"\t\t<\/a>\n\n\t\t\t\t<\/div>\n\t\t\t\t<\/article>\n\t\t\t\t<article class=\"elementor-post elementor-grid-item post-63584 post type-post status-publish format-standard has-post-thumbnail hentry category-bez-kategorii\" role=\"listitem\">\n\t\t\t\t<a class=\"elementor-post__thumbnail__link\" href=\"https:\/\/zennative.eu\/pl\/bez-kategorii\/studio-60-letnia-babcia-odzyskuje-energie-i-radosc-dzieki-naturalnemu-olejowi-konopnemu\/\" tabindex=\"-1\">\n\t\t\t<div class=\"elementor-post__thumbnail\"><img decoding=\"async\" width=\"1200\" height=\"711\" src=\"https:\/\/zennative.eu\/wp-content\/uploads\/2023\/08\/6606d5cd-2ebf-418e-b01a-64fda2c94999.jpg\" class=\"attachment-full size-full wp-image-63585\" alt=\"\" srcset=\"https:\/\/zennative.eu\/wp-content\/uploads\/2023\/08\/6606d5cd-2ebf-418e-b01a-64fda2c94999.jpg 1200w, https:\/\/zennative.eu\/wp-content\/uploads\/2023\/08\/6606d5cd-2ebf-418e-b01a-64fda2c94999-300x178.jpg 300w, https:\/\/zennative.eu\/wp-content\/uploads\/2023\/08\/6606d5cd-2ebf-418e-b01a-64fda2c94999-1024x607.jpg 1024w, https:\/\/zennative.eu\/wp-content\/uploads\/2023\/08\/6606d5cd-2ebf-418e-b01a-64fda2c94999-768x455.jpg 768w\" sizes=\"(max-width: 1200px) 100vw, 1200px\" \/><\/div>\n\t\t<\/a>\n\t\t\t\t<div class=\"elementor-post__text\">\n\t\t\t\t<h3 class=\"elementor-post__title\">\n\t\t\t<a href=\"https:\/\/zennative.eu\/pl\/bez-kategorii\/studio-60-letnia-babcia-odzyskuje-energie-i-radosc-dzieki-naturalnemu-olejowi-konopnemu\/\">\n\t\t\t\tSTUDIO | 60-letnia babcia odzyskuje energi\u0119 i rado\u015b\u0107 dzi\u0119ki naturalnemu olejowi konopnemu\t\t\t<\/a>\n\t\t<\/h3>\n\t\t\t\t<div class=\"elementor-post__meta-data\">\n\t\t\t\t\t<span class=\"elementor-post-date\">\n\t\t\t2. pa\u017a 2024\t\t<\/span>\n\t\t\t\t<\/div>\n\t\t\t\t<div class=\"elementor-post__excerpt\">\n\t\t\t<p>Zaburzenia koncentracji uwagi, stany l\u0119kowe i depresja s\u0105 cz\u0119sto postrzegane jako &#8222;choroby nowego wieku&#8221;, dotykaj\u0105ce g\u0142\u00f3wnie m\u0142odych ludzi, ale tak\u017ce, niezauwa\u017calnie, do\u015b\u0107 powszechne w starszym<\/p>\n\t\t<\/div>\n\t\t\n\t\t<a class=\"elementor-post__read-more\" href=\"https:\/\/zennative.eu\/pl\/bez-kategorii\/studio-60-letnia-babcia-odzyskuje-energie-i-radosc-dzieki-naturalnemu-olejowi-konopnemu\/\" aria-label=\"Read more about STUDIO | 60-letnia babcia odzyskuje energi\u0119 i rado\u015b\u0107 dzi\u0119ki naturalnemu olejowi konopnemu\" tabindex=\"-1\">\n\t\t\tCzytaj wi\u0119cej \"\t\t<\/a>\n\n\t\t\t\t<\/div>\n\t\t\t\t<\/article>\n\t\t\t\t<article class=\"elementor-post elementor-grid-item post-63572 post type-post status-publish format-standard has-post-thumbnail hentry category-bez-kategorii\" role=\"listitem\">\n\t\t\t\t<a class=\"elementor-post__thumbnail__link\" href=\"https:\/\/zennative.eu\/pl\/bez-kategorii\/lekarz-medycyny-meskiej-udziela-porad-jak-zwiekszyc-poziom-testosteronu-i-pozbyc-sie-powszechnego-problemu-zdrowotnego-mezczyzn\/\" tabindex=\"-1\">\n\t\t\t<div class=\"elementor-post__thumbnail\"><img loading=\"lazy\" decoding=\"async\" width=\"1200\" height=\"711\" src=\"https:\/\/zennative.eu\/wp-content\/uploads\/2023\/08\/def6bc00-a916-11ed-92ef-9979847b0d0d.jpg\" class=\"attachment-full size-full wp-image-63573\" alt=\"\" srcset=\"https:\/\/zennative.eu\/wp-content\/uploads\/2023\/08\/def6bc00-a916-11ed-92ef-9979847b0d0d.jpg 1200w, https:\/\/zennative.eu\/wp-content\/uploads\/2023\/08\/def6bc00-a916-11ed-92ef-9979847b0d0d-300x178.jpg 300w, https:\/\/zennative.eu\/wp-content\/uploads\/2023\/08\/def6bc00-a916-11ed-92ef-9979847b0d0d-1024x607.jpg 1024w, https:\/\/zennative.eu\/wp-content\/uploads\/2023\/08\/def6bc00-a916-11ed-92ef-9979847b0d0d-768x455.jpg 768w\" sizes=\"(max-width: 1200px) 100vw, 1200px\" \/><\/div>\n\t\t<\/a>\n\t\t\t\t<div class=\"elementor-post__text\">\n\t\t\t\t<h3 class=\"elementor-post__title\">\n\t\t\t<a href=\"https:\/\/zennative.eu\/pl\/bez-kategorii\/lekarz-medycyny-meskiej-udziela-porad-jak-zwiekszyc-poziom-testosteronu-i-pozbyc-sie-powszechnego-problemu-zdrowotnego-mezczyzn\/\">\n\t\t\t\tLekarz medycyny m\u0119skiej udziela porad | Jak zwi\u0119kszy\u0107 poziom testosteronu i pozby\u0107 si\u0119 powszechnego problemu zdrowotnego m\u0119\u017cczyzn?\t\t\t<\/a>\n\t\t<\/h3>\n\t\t\t\t<div class=\"elementor-post__meta-data\">\n\t\t\t\t\t<span class=\"elementor-post-date\">\n\t\t\t2. pa\u017a 2024\t\t<\/span>\n\t\t\t\t<\/div>\n\t\t\t\t<div class=\"elementor-post__excerpt\">\n\t\t\t<p>O m\u0119skich problemach zdrowotnych nie m\u00f3wi si\u0119 zbyt wiele, a jednak s\u0105 one utrapieniem wielu m\u0119\u017cczyzn. Problemy z libido i erekcj\u0105 mog\u0105 by\u0107 spowodowane zar\u00f3wno<\/p>\n\t\t<\/div>\n\t\t\n\t\t<a class=\"elementor-post__read-more\" href=\"https:\/\/zennative.eu\/pl\/bez-kategorii\/lekarz-medycyny-meskiej-udziela-porad-jak-zwiekszyc-poziom-testosteronu-i-pozbyc-sie-powszechnego-problemu-zdrowotnego-mezczyzn\/\" aria-label=\"Read more about Lekarz medycyny m\u0119skiej udziela porad | Jak zwi\u0119kszy\u0107 poziom testosteronu i pozby\u0107 si\u0119 powszechnego problemu zdrowotnego m\u0119\u017cczyzn?\" tabindex=\"-1\">\n\t\t\tCzytaj wi\u0119cej \"\t\t<\/a>\n\n\t\t\t\t<\/div>\n\t\t\t\t<\/article>\n\t\t\t\t<article class=\"elementor-post elementor-grid-item post-63561 post type-post status-publish format-standard has-post-thumbnail hentry category-bez-kategorii\" role=\"listitem\">\n\t\t\t\t<a class=\"elementor-post__thumbnail__link\" href=\"https:\/\/zennative.eu\/pl\/bez-kategorii\/kertu-37-kiedy-zamienilam-leki-przeciwdepresyjne-na-olej-cbd-znow-poczulam-sie-czlowiekiem\/\" tabindex=\"-1\">\n\t\t\t<div class=\"elementor-post__thumbnail\"><img loading=\"lazy\" decoding=\"async\" width=\"1200\" height=\"711\" src=\"https:\/\/zennative.eu\/wp-content\/uploads\/2023\/08\/868692c0-fdf3-11ed-a22a-e3d42f9bcd1f-1.jpg\" class=\"attachment-full size-full wp-image-63910\" alt=\"\" srcset=\"https:\/\/zennative.eu\/wp-content\/uploads\/2023\/08\/868692c0-fdf3-11ed-a22a-e3d42f9bcd1f-1.jpg 1200w, https:\/\/zennative.eu\/wp-content\/uploads\/2023\/08\/868692c0-fdf3-11ed-a22a-e3d42f9bcd1f-1-300x178.jpg 300w, https:\/\/zennative.eu\/wp-content\/uploads\/2023\/08\/868692c0-fdf3-11ed-a22a-e3d42f9bcd1f-1-1024x607.jpg 1024w, https:\/\/zennative.eu\/wp-content\/uploads\/2023\/08\/868692c0-fdf3-11ed-a22a-e3d42f9bcd1f-1-768x455.jpg 768w\" sizes=\"(max-width: 1200px) 100vw, 1200px\" \/><\/div>\n\t\t<\/a>\n\t\t\t\t<div class=\"elementor-post__text\">\n\t\t\t\t<h3 class=\"elementor-post__title\">\n\t\t\t<a href=\"https:\/\/zennative.eu\/pl\/bez-kategorii\/kertu-37-kiedy-zamienilam-leki-przeciwdepresyjne-na-olej-cbd-znow-poczulam-sie-czlowiekiem\/\">\n\t\t\t\tKertu (37) | Kiedy zamieni\u0142am leki przeciwdepresyjne na olej CBD, zn\u00f3w poczu\u0142am si\u0119 cz\u0142owiekiem!\t\t\t<\/a>\n\t\t<\/h3>\n\t\t\t\t<div class=\"elementor-post__meta-data\">\n\t\t\t\t\t<span class=\"elementor-post-date\">\n\t\t\t2. pa\u017a 2024\t\t<\/span>\n\t\t\t\t<\/div>\n\t\t\t\t<div class=\"elementor-post__excerpt\">\n\t\t\t<p>Zaburzenia l\u0119kowe i depresja mog\u0105 dopa\u015b\u0107 ka\u017cdego z nas niespodziewanie. Nagle duch i blask osoby znikaj\u0105, a pozostaje tylko szary cie\u0144. Aby kontrolowa\u0107 depresj\u0119, lekarze<\/p>\n\t\t<\/div>\n\t\t\n\t\t<a class=\"elementor-post__read-more\" href=\"https:\/\/zennative.eu\/pl\/bez-kategorii\/kertu-37-kiedy-zamienilam-leki-przeciwdepresyjne-na-olej-cbd-znow-poczulam-sie-czlowiekiem\/\" aria-label=\"Read more about Kertu (37) | Kiedy zamieni\u0142am leki przeciwdepresyjne na olej CBD, zn\u00f3w poczu\u0142am si\u0119 cz\u0142owiekiem!\" tabindex=\"-1\">\n\t\t\tCzytaj wi\u0119cej \"\t\t<\/a>\n\n\t\t\t\t<\/div>\n\t\t\t\t<\/article>\n\t\t\t\t<article class=\"elementor-post elementor-grid-item post-63553 post type-post status-publish format-standard has-post-thumbnail hentry category-bez-kategorii\" role=\"listitem\">\n\t\t\t\t<a class=\"elementor-post__thumbnail__link\" href=\"https:\/\/zennative.eu\/pl\/bez-kategorii\/dlaczego-olej-konopny-dla-emerytow-82-letnia-babcia-odzyskuje-witalnosc-i-radosc-zycia\/\" tabindex=\"-1\">\n\t\t\t<div class=\"elementor-post__thumbnail\"><img loading=\"lazy\" decoding=\"async\" width=\"1200\" height=\"711\" src=\"https:\/\/zennative.eu\/wp-content\/uploads\/2023\/08\/cf948010-e59f-11ed-a87a-c9793f1520c6.jpg\" class=\"attachment-full size-full wp-image-63923\" alt=\"\" srcset=\"https:\/\/zennative.eu\/wp-content\/uploads\/2023\/08\/cf948010-e59f-11ed-a87a-c9793f1520c6.jpg 1200w, https:\/\/zennative.eu\/wp-content\/uploads\/2023\/08\/cf948010-e59f-11ed-a87a-c9793f1520c6-300x178.jpg 300w, https:\/\/zennative.eu\/wp-content\/uploads\/2023\/08\/cf948010-e59f-11ed-a87a-c9793f1520c6-1024x607.jpg 1024w, https:\/\/zennative.eu\/wp-content\/uploads\/2023\/08\/cf948010-e59f-11ed-a87a-c9793f1520c6-768x455.jpg 768w\" sizes=\"(max-width: 1200px) 100vw, 1200px\" \/><\/div>\n\t\t<\/a>\n\t\t\t\t<div class=\"elementor-post__text\">\n\t\t\t\t<h3 class=\"elementor-post__title\">\n\t\t\t<a href=\"https:\/\/zennative.eu\/pl\/bez-kategorii\/dlaczego-olej-konopny-dla-emerytow-82-letnia-babcia-odzyskuje-witalnosc-i-radosc-zycia\/\">\n\t\t\t\tDlaczego olej konopny dla emeryt\u00f3w? 82-letnia babcia odzyskuje witalno\u015b\u0107 i rado\u015b\u0107 \u017cycia\t\t\t<\/a>\n\t\t<\/h3>\n\t\t\t\t<div class=\"elementor-post__meta-data\">\n\t\t\t\t\t<span class=\"elementor-post-date\">\n\t\t\t2. pa\u017a 2024\t\t<\/span>\n\t\t\t\t<\/div>\n\t\t\t\t<div class=\"elementor-post__excerpt\">\n\t\t\t<p>W dzisiejszym z\u0142o\u017conym \u015bwiecie ci\u0105g\u0142e niepokoj\u0105ce wiadomo\u015bci i zmiany mog\u0105 powodowa\u0107 ogromny niepok\u00f3j. Radzenie sobie z niepokojem nie jest \u0142atwym wyzwaniem, zw\u0142aszcza dla os\u00f3b starszych,<\/p>\n\t\t<\/div>\n\t\t\n\t\t<a class=\"elementor-post__read-more\" href=\"https:\/\/zennative.eu\/pl\/bez-kategorii\/dlaczego-olej-konopny-dla-emerytow-82-letnia-babcia-odzyskuje-witalnosc-i-radosc-zycia\/\" aria-label=\"Read more about Dlaczego olej konopny dla emeryt\u00f3w? 82-letnia babcia odzyskuje witalno\u015b\u0107 i rado\u015b\u0107 \u017cycia\" tabindex=\"-1\">\n\t\t\tCzytaj wi\u0119cej \"\t\t<\/a>\n\n\t\t\t\t<\/div>\n\t\t\t\t<\/article>\n\t\t\t\t<article class=\"elementor-post elementor-grid-item post-63545 post type-post status-publish format-standard has-post-thumbnail hentry category-bez-kategorii\" role=\"listitem\">\n\t\t\t\t<a class=\"elementor-post__thumbnail__link\" href=\"https:\/\/zennative.eu\/pl\/bez-kategorii\/streszczenie-49-letnia-anneli-znalazlam-naturalna-alternatywe-na-bezsennosc-ktora-dziala\/\" tabindex=\"-1\">\n\t\t\t<div class=\"elementor-post__thumbnail\"><img loading=\"lazy\" decoding=\"async\" width=\"2048\" height=\"1365\" src=\"https:\/\/zennative.eu\/wp-content\/uploads\/2023\/01\/Radau-naturalia-alternatyva-migdomiesiems-kuri-tikrai-veikia.jpg\" class=\"attachment-full size-full wp-image-64006\" alt=\"\" srcset=\"https:\/\/zennative.eu\/wp-content\/uploads\/2023\/01\/Radau-naturalia-alternatyva-migdomiesiems-kuri-tikrai-veikia.jpg 2048w, https:\/\/zennative.eu\/wp-content\/uploads\/2023\/01\/Radau-naturalia-alternatyva-migdomiesiems-kuri-tikrai-veikia-1200x800.jpg 1200w, https:\/\/zennative.eu\/wp-content\/uploads\/2023\/01\/Radau-naturalia-alternatyva-migdomiesiems-kuri-tikrai-veikia-300x200.jpg 300w, https:\/\/zennative.eu\/wp-content\/uploads\/2023\/01\/Radau-naturalia-alternatyva-migdomiesiems-kuri-tikrai-veikia-1024x683.jpg 1024w, https:\/\/zennative.eu\/wp-content\/uploads\/2023\/01\/Radau-naturalia-alternatyva-migdomiesiems-kuri-tikrai-veikia-768x512.jpg 768w, https:\/\/zennative.eu\/wp-content\/uploads\/2023\/01\/Radau-naturalia-alternatyva-migdomiesiems-kuri-tikrai-veikia-1536x1024.jpg 1536w\" sizes=\"(max-width: 2048px) 100vw, 2048px\" \/><\/div>\n\t\t<\/a>\n\t\t\t\t<div class=\"elementor-post__text\">\n\t\t\t\t<h3 class=\"elementor-post__title\">\n\t\t\t<a href=\"https:\/\/zennative.eu\/pl\/bez-kategorii\/streszczenie-49-letnia-anneli-znalazlam-naturalna-alternatywe-na-bezsennosc-ktora-dziala\/\">\n\t\t\t\tSTRESZCZENIE | 49-letnia Anneli: &#8222;Znalaz\u0142am naturaln\u0105 alternatyw\u0119 na bezsenno\u015b\u0107, kt\u00f3ra dzia\u0142a!&#8221;\t\t\t<\/a>\n\t\t<\/h3>\n\t\t\t\t<div class=\"elementor-post__meta-data\">\n\t\t\t\t\t<span class=\"elementor-post-date\">\n\t\t\t2. pa\u017a 2024\t\t<\/span>\n\t\t\t\t<\/div>\n\t\t\t\t<div class=\"elementor-post__excerpt\">\n\t\t\t<p>Anneli zmaga\u0142a si\u0119 z niepokojem i bezsenno\u015bci\u0105, kt\u00f3re pogarsza\u0142y si\u0119 w godzinach ciemno\u015bci, dop\u00f3ki nie wypr\u00f3bowa\u0142a oleju CBD za rad\u0105 swoich przyjaci\u00f3\u0142. Anneli dzieli si\u0119<\/p>\n\t\t<\/div>\n\t\t\n\t\t<a class=\"elementor-post__read-more\" href=\"https:\/\/zennative.eu\/pl\/bez-kategorii\/streszczenie-49-letnia-anneli-znalazlam-naturalna-alternatywe-na-bezsennosc-ktora-dziala\/\" aria-label=\"Read more about STRESZCZENIE | 49-letnia Anneli: &#8222;Znalaz\u0142am naturaln\u0105 alternatyw\u0119 na bezsenno\u015b\u0107, kt\u00f3ra dzia\u0142a!&#8221;\" tabindex=\"-1\">\n\t\t\tCzytaj wi\u0119cej \"\t\t<\/a>\n\n\t\t\t\t<\/div>\n\t\t\t\t<\/article>\n\t\t\t\t<article class=\"elementor-post elementor-grid-item post-63378 post type-post status-publish format-standard has-post-thumbnail hentry category-bez-kategorii tag-cbd-pood-pl tag-historia-pl tag-historia-z tag-olej-cbd tag-olej-konopny tag-zen-native-pl\" role=\"listitem\">\n\t\t\t\t<a class=\"elementor-post__thumbnail__link\" href=\"https:\/\/zennative.eu\/pl\/bez-kategorii\/historia-pochodzenia-zen-native\/\" tabindex=\"-1\">\n\t\t\t<div class=\"elementor-post__thumbnail\"><img loading=\"lazy\" decoding=\"async\" width=\"800\" height=\"700\" src=\"https:\/\/zennative.eu\/wp-content\/uploads\/2021\/12\/ZenNative_first_CBD_oil.png\" class=\"attachment-full size-full wp-image-63044\" alt=\"\" srcset=\"https:\/\/zennative.eu\/wp-content\/uploads\/2021\/12\/ZenNative_first_CBD_oil.png 800w, https:\/\/zennative.eu\/wp-content\/uploads\/2021\/12\/ZenNative_first_CBD_oil-300x263.png 300w, https:\/\/zennative.eu\/wp-content\/uploads\/2021\/12\/ZenNative_first_CBD_oil-1024x896.png 1024w, https:\/\/zennative.eu\/wp-content\/uploads\/2021\/12\/ZenNative_first_CBD_oil-768x672.png 768w, https:\/\/zennative.eu\/wp-content\/uploads\/2021\/12\/ZenNative_first_CBD_oil-1200x1050.png 1200w\" sizes=\"(max-width: 800px) 100vw, 800px\" \/><\/div>\n\t\t<\/a>\n\t\t\t\t<div class=\"elementor-post__text\">\n\t\t\t\t<h3 class=\"elementor-post__title\">\n\t\t\t<a href=\"https:\/\/zennative.eu\/pl\/bez-kategorii\/historia-pochodzenia-zen-native\/\">\n\t\t\t\tHistoria pochodzenia Zen Native\t\t\t<\/a>\n\t\t<\/h3>\n\t\t\t\t<div class=\"elementor-post__meta-data\">\n\t\t\t\t\t<span class=\"elementor-post-date\">\n\t\t\t2. pa\u017a 2024\t\t<\/span>\n\t\t\t\t<\/div>\n\t\t\t\t<div class=\"elementor-post__excerpt\">\n\t\t\t<p>pomys\u0142 na Zen Native 2019 Pomys\u0142 na Zen Native zrodzi\u0142 si\u0119 pod koniec 2019 roku, kiedy Eero zobaczy\u0142 kobiet\u0119 wchodz\u0105c\u0105 do pierwszego sklepu CBD w<\/p>\n\t\t<\/div>\n\t\t\n\t\t<a class=\"elementor-post__read-more\" href=\"https:\/\/zennative.eu\/pl\/bez-kategorii\/historia-pochodzenia-zen-native\/\" aria-label=\"Read more about Historia pochodzenia Zen Native\" tabindex=\"-1\">\n\t\t\tCzytaj wi\u0119cej \"\t\t<\/a>\n\n\t\t\t\t<\/div>\n\t\t\t\t<\/article>\n\t\t\t\t<article class=\"elementor-post elementor-grid-item post-63368 post type-post status-publish format-standard has-post-thumbnail hentry category-bez-kategorii tag-bezsenny tag-cbd-pl tag-covid-pl tag-jak tag-konopie-indyjskie tag-niepokoj tag-ochrona tag-olej-cbd tag-pomoc tag-uklad-odpornosciowy\" role=\"listitem\">\n\t\t\t\t<a class=\"elementor-post__thumbnail__link\" href=\"https:\/\/zennative.eu\/pl\/bez-kategorii\/3-powody-olej-cbd-wzmacnia-uklad-odpornosciowy\/\" tabindex=\"-1\">\n\t\t\t<div class=\"elementor-post__thumbnail\"><img loading=\"lazy\" decoding=\"async\" width=\"533\" height=\"800\" src=\"https:\/\/zennative.eu\/wp-content\/uploads\/2022\/02\/DSCF3761-scaled.jpg\" class=\"attachment-full size-full wp-image-63369\" alt=\"\" srcset=\"https:\/\/zennative.eu\/wp-content\/uploads\/2022\/02\/DSCF3761-scaled.jpg 533w, https:\/\/zennative.eu\/wp-content\/uploads\/2022\/02\/DSCF3761-200x300.jpg 200w, https:\/\/zennative.eu\/wp-content\/uploads\/2022\/02\/DSCF3761-683x1024.jpg 683w, https:\/\/zennative.eu\/wp-content\/uploads\/2022\/02\/DSCF3761-768x1152.jpg 768w, https:\/\/zennative.eu\/wp-content\/uploads\/2022\/02\/DSCF3761-1024x1536.jpg 1024w, https:\/\/zennative.eu\/wp-content\/uploads\/2022\/02\/DSCF3761-1365x2048.jpg 1365w, https:\/\/zennative.eu\/wp-content\/uploads\/2022\/02\/DSCF3761-1200x1800.jpg 1200w, https:\/\/zennative.eu\/wp-content\/uploads\/2022\/02\/DSCF3761-150x225.jpg 150w\" sizes=\"(max-width: 533px) 100vw, 533px\" \/><\/div>\n\t\t<\/a>\n\t\t\t\t<div class=\"elementor-post__text\">\n\t\t\t\t<h3 class=\"elementor-post__title\">\n\t\t\t<a href=\"https:\/\/zennative.eu\/pl\/bez-kategorii\/3-powody-olej-cbd-wzmacnia-uklad-odpornosciowy\/\">\n\t\t\t\t3 Powody | Olej CBD wzmacnia uk\u0142ad odporno\u015bciowy\t\t\t<\/a>\n\t\t<\/h3>\n\t\t\t\t<div class=\"elementor-post__meta-data\">\n\t\t\t\t\t<span class=\"elementor-post-date\">\n\t\t\t2. pa\u017a 2024\t\t<\/span>\n\t\t\t\t<\/div>\n\t\t\t\t<div class=\"elementor-post__excerpt\">\n\t\t\t<p>Ka\u017cdego dnia naszemu organizmowi zagra\u017caj\u0105 r\u00f3\u017cne choroby i infekcje. Wraz ze spadkiem temperatury, bakterie i wirusy lubi\u0105ce zimno, takie jak grypa i COVID-19, staj\u0105 si\u0119<\/p>\n\t\t<\/div>\n\t\t\n\t\t<a class=\"elementor-post__read-more\" href=\"https:\/\/zennative.eu\/pl\/bez-kategorii\/3-powody-olej-cbd-wzmacnia-uklad-odpornosciowy\/\" aria-label=\"Read more about 3 Powody | Olej CBD wzmacnia uk\u0142ad odporno\u015bciowy\" tabindex=\"-1\">\n\t\t\tCzytaj wi\u0119cej \"\t\t<\/a>\n\n\t\t\t\t<\/div>\n\t\t\t\t<\/article>\n\t\t\t\t<article class=\"elementor-post elementor-grid-item post-62848 post type-post status-publish format-standard has-post-thumbnail hentry category-bez-kategorii\" role=\"listitem\">\n\t\t\t\t<a class=\"elementor-post__thumbnail__link\" href=\"https:\/\/zennative.eu\/pl\/bez-kategorii\/wolna-od-alkoholu-historia-helene-o-nowym-wieczornym-rytuale-ktory-zmienil-jej-zycie\/\" tabindex=\"-1\">\n\t\t\t<div class=\"elementor-post__thumbnail\"><img loading=\"lazy\" decoding=\"async\" width=\"1200\" height=\"711\" src=\"https:\/\/zennative.eu\/wp-content\/uploads\/2024\/09\/7d7cf214-1fc7-48e7-9318-3c17133eba3b.jpg\" class=\"attachment-full size-full wp-image-62849\" alt=\"\" srcset=\"https:\/\/zennative.eu\/wp-content\/uploads\/2024\/09\/7d7cf214-1fc7-48e7-9318-3c17133eba3b.jpg 1200w, https:\/\/zennative.eu\/wp-content\/uploads\/2024\/09\/7d7cf214-1fc7-48e7-9318-3c17133eba3b-300x178.jpg 300w, https:\/\/zennative.eu\/wp-content\/uploads\/2024\/09\/7d7cf214-1fc7-48e7-9318-3c17133eba3b-1024x607.jpg 1024w, https:\/\/zennative.eu\/wp-content\/uploads\/2024\/09\/7d7cf214-1fc7-48e7-9318-3c17133eba3b-768x455.jpg 768w\" sizes=\"(max-width: 1200px) 100vw, 1200px\" \/><\/div>\n\t\t<\/a>\n\t\t\t\t<div class=\"elementor-post__text\">\n\t\t\t\t<h3 class=\"elementor-post__title\">\n\t\t\t<a href=\"https:\/\/zennative.eu\/pl\/bez-kategorii\/wolna-od-alkoholu-historia-helene-o-nowym-wieczornym-rytuale-ktory-zmienil-jej-zycie\/\">\n\t\t\t\tWolna od alkoholu: historia Helene o nowym wieczornym rytuale, kt\u00f3ry zmieni\u0142 jej \u017cycie\t\t\t<\/a>\n\t\t<\/h3>\n\t\t\t\t<div class=\"elementor-post__meta-data\">\n\t\t\t\t\t<span class=\"elementor-post-date\">\n\t\t\t2. pa\u017a 2024\t\t<\/span>\n\t\t\t\t<\/div>\n\t\t\t\t<div class=\"elementor-post__excerpt\">\n\t\t\t<p>Wszyscy znali Helen (42) jako kobiet\u0119 sukcesu o ciep\u0142ej i \u017cywej osobowo\u015bci. By\u0142a praktyczna w pracy, a w domu zajmowa\u0142a si\u0119 dzie\u0107mi i gospodarstwem domowym.<\/p>\n\t\t<\/div>\n\t\t\n\t\t<a class=\"elementor-post__read-more\" href=\"https:\/\/zennative.eu\/pl\/bez-kategorii\/wolna-od-alkoholu-historia-helene-o-nowym-wieczornym-rytuale-ktory-zmienil-jej-zycie\/\" aria-label=\"Read more about Wolna od alkoholu: historia Helene o nowym wieczornym rytuale, kt\u00f3ry zmieni\u0142 jej \u017cycie\" tabindex=\"-1\">\n\t\t\tCzytaj wi\u0119cej \"\t\t<\/a>\n\n\t\t\t\t<\/div>\n\t\t\t\t<\/article>\n\t\t\t\t<\/div>\n\t\t\n\t\t\t\t\t\t<\/div>\n\t\t\t\t<\/div>\n\t\t\t\t\t<\/div>\n\t\t<\/div>\n\t\t\t\t\t<\/div>\n\t\t<\/section>\n\t\t\t\t<\/div>\n\t\t","protected":false},"excerpt":{"rendered":"<p>Wszyscy znali Helen (42) jako kobiet\u0119 sukcesu o ciep\u0142ej i \u017cywej osobowo\u015bci. By\u0142a praktyczna w pracy, a w domu zajmowa\u0142a si\u0119 dzie\u0107mi i gospodarstwem domowym. Wieczorami cz\u0119sto nagradza\u0142a si\u0119 kieliszkiem wina, aby ukoi\u0107 codzienne zmartwienia i z\u0142agodzi\u0107 stres. Ostatnio jednak cierpia\u0142a na bezsenno\u015b\u0107 i, wed\u0142ug jej bliskich, traci\u0142a sw\u00f3j blask. Nie wiedz\u0105c o tym, ci\u0105g\u0142e&hellip;<\/p>\n","protected":false},"author":1,"featured_media":0,"parent":0,"menu_order":0,"comment_status":"closed","ping_status":"closed","template":"template-blog-list.php","meta":{"footnotes":""},"class_list":["post-63358","page","type-page","status-publish","hentry"],"_links":{"self":[{"href":"https:\/\/zennative.eu\/pl\/wp-json\/wp\/v2\/pages\/63358","targetHints":{"allow":["GET"]}}],"collection":[{"href":"https:\/\/zennative.eu\/pl\/wp-json\/wp\/v2\/pages"}],"about":[{"href":"https:\/\/zennative.eu\/pl\/wp-json\/wp\/v2\/types\/page"}],"author":[{"embeddable":true,"href":"https:\/\/zennative.eu\/pl\/wp-json\/wp\/v2\/users\/1"}],"replies":[{"embeddable":true,"href":"https:\/\/zennative.eu\/pl\/wp-json\/wp\/v2\/comments?post=63358"}],"version-history":[{"count":5,"href":"https:\/\/zennative.eu\/pl\/wp-json\/wp\/v2\/pages\/63358\/revisions"}],"predecessor-version":[{"id":63514,"href":"https:\/\/zennative.eu\/pl\/wp-json\/wp\/v2\/pages\/63358\/revisions\/63514"}],"wp:attachment":[{"href":"https:\/\/zennative.eu\/pl\/wp-json\/wp\/v2\/media?parent=63358"}],"curies":[{"name":"wp","href":"https:\/\/api.w.org\/{rel}","templated":true}]}}