{"id":62877,"date":"2024-10-02T20:13:50","date_gmt":"2024-10-02T17:13:50","guid":{"rendered":"https:\/\/zennative.eu\/warunki-sprzedazy\/"},"modified":"2025-06-27T10:18:40","modified_gmt":"2025-06-27T07:18:40","slug":"warunki-sprzedazy","status":"publish","type":"page","link":"https:\/\/zennative.eu\/pl\/warunki-sprzedazy\/","title":{"rendered":"Warunki sprzeda\u017cy"},"content":{"rendered":"\t\t<div data-elementor-type=\"wp-page\" data-elementor-id=\"62877\" class=\"elementor elementor-62877 elementor-29656\" data-elementor-post-type=\"page\">\n\t\t\t\t\t\t<section class=\"elementor-section elementor-top-section elementor-element elementor-element-9a40cef elementor-reverse-tablet elementor-reverse-mobile elementor-section-boxed elementor-section-height-default elementor-section-height-default\" data-id=\"9a40cef\" data-element_type=\"section\" data-e-type=\"section\">\n\t\t\t\t\t\t<div class=\"elementor-container elementor-column-gap-wide\">\n\t\t\t\t\t<div class=\"elementor-column elementor-col-50 elementor-top-column elementor-element elementor-element-4205337\" data-id=\"4205337\" data-element_type=\"column\" data-e-type=\"column\">\n\t\t\t<div class=\"elementor-widget-wrap elementor-element-populated\">\n\t\t\t\t\t\t<div class=\"elementor-element elementor-element-b44398e elementor-widget elementor-widget-text-editor\" data-id=\"b44398e\" data-element_type=\"widget\" data-e-type=\"widget\" data-widget_type=\"text-editor.default\">\n\t\t\t\t<div class=\"elementor-widget-container\">\n\t\t\t\t\t\t\t\t\t<h4>Warunki sprzeda\u017cy i zwrotu<\/h4><br><p>W\u0142a\u015bcicielem sklepu internetowego<strong>https:\/\/www.zennative.eu<\/strong> <strong>jest Integritas s.r.o.<\/strong><\/p><br><h4>Wa\u017cno\u015b\u0107 umowy sprzeda\u017cy, informacje o produktach i cenach<\/h4><br><p>Warunki sprzeda\u017cy obowi\u0105zuj\u0105 pomi\u0119dzy <strong>https:\/\/www.zennative.eu <\/strong>(zwanym dalej <strong>Sklepem<\/strong> Internetowym) a <strong>Klientem<\/strong>(zwanym dalej <strong>Klientem<\/strong>) w odniesieniu do praw i obowi\u0105zk\u00f3w wynikaj\u0105cych z zakupu towar\u00f3w.<\/p><br><p>Regulamin Sprzeda\u017cy ma zastosowanie do zakupu towar\u00f3w w Sklepie Internetowym.<\/p><br><p>Ceny produkt\u00f3w sprzedawanych w Sklepie Internetowym podane s\u0105 przy produktach. Cena nie obejmuje koszt\u00f3w dostawy.<\/p><br><p>Informacje o towarach wskazane s\u0105 w Sklepie Internetowym bezpo\u015brednio przy towarach.<\/p><br><p>Sklep Internetowy zastrzega sobie prawo do zmiany warunk\u00f3w sprzeda\u017cy oraz cen sprzeda\u017cy. Zmiany te zostan\u0105 odzwierciedlone na stronie internetowej.<\/p><br><h4>Sk\u0142adanie zam\u00f3wienia<\/h4><br><p>W celu zam\u00f3wienia towar\u00f3w, produkty, kt\u00f3re chcesz zam\u00f3wi\u0107, musz\u0105 zosta\u0107 dodane do koszyka. Aby z\u0142o\u017cy\u0107 zam\u00f3wienie, nale\u017cy wype\u0142ni\u0107 wymagane pola i wybra\u0107 odpowiedni spos\u00f3b dostawy. Nast\u0119pnie wy\u015bwietlana jest kwota op\u0142aty, kt\u00f3r\u0105 mo\u017cna ui\u015bci\u0107 przelewem bankowym lub inn\u0105 metod\u0105 p\u0142atno\u015bci.<\/p><br><h4>Umowa wchodzi w \u017cycie z chwil\u0105 zaksi\u0119gowania kwoty na koncie sklepu internetowego.<\/h4><br><p>W przypadku, gdy zam\u00f3wiony towar nie mo\u017ce zosta\u0107 dostarczony z powodu braku towaru w magazynie lub z jakiegokolwiek innego powodu, Klient zostanie o tym poinformowany tak szybko, jak to mo\u017cliwe, a wp\u0142acone pieni\u0105dze (w tym koszty dostawy) zostan\u0105 zwr\u00f3cone niezw\u0142ocznie, ale nie p\u00f3\u017aniej ni\u017c 14 dni po wys\u0142aniu powiadomienia.<\/p><br><h4>Ceny<\/h4><br><p>Sklep internetowy zastrzega sobie prawo do zmiany cen. Je\u015bli Klient z\u0142o\u017cy\u0142 zam\u00f3wienie przed wej\u015bciem w \u017cycie zmian cen, obowi\u0105zuje cena towaru z chwili wystawienia faktury. Klient nie jest uprawniony do \u017c\u0105dania odszkodowania za jak\u0105kolwiek r\u00f3\u017cnic\u0119.<\/p><br><h4>Dostawa<\/h4><br><p>Towary b\u0119d\u0105 dostarczane do nast\u0119puj\u0105cych kraj\u00f3w: Estonia, \u0141otwa, Litwa i Finlandia<\/p><br><p><\/p><br><p><\/p><br><p>Wyj\u0105tkiem s\u0105 weekendy, w pi\u0105tek zam\u00f3wienia musz\u0105 by\u0107 z\u0142o\u017cone przed godzin\u0105 13:00, je\u015bli jako metod\u0119 dostawy wybrano Itella Smartpost i chcesz otrzyma\u0107 swoje zam\u00f3wienia w sobot\u0119. Zam\u00f3wienie mo\u017cna z\u0142o\u017cy\u0107 w skrzynce pocztowej Omniva do godziny 16:00, aby towary zosta\u0142y dostarczone r\u00f3wnie\u017c w sobot\u0119. <\/p><br><p><br><\/p><br><h4>Odpowiedzialno\u015b\u0107 i si\u0142a wy\u017csza<\/h4><br><p>Sklep internetowy nie ponosi odpowiedzialno\u015bci za szkody wyrz\u0105dzone kupuj\u0105cemu ani za op\u00f3\u017anienia w dostawie produktu, je\u015bli szkoda lub op\u00f3\u017anienie w dostawie produktu wynikaj\u0105 z okoliczno\u015bci, na kt\u00f3re sklep internetowy nie mia\u0142 wp\u0142ywu ani kt\u00f3rych nie m\u00f3g\u0142 przewidzie\u0107.<\/p><br><h4>Prawo do odst\u0105pienia od umowy<\/h4><br><p>towary zakupione w sklepie internetowym https:\/\/www.zennative.com podlegaj\u0105 gwarancji i procedurze zwrotu przewidzianej przez prawo Republiki Esto\u0144skiej. Zakupione towary podlegaj\u0105 14-dniowemu prawu do zwrotu po ich otrzymaniu.<\/p><br><p>Prawo do odst\u0105pienia od umowy nie ma zastosowania, je\u015bli kupuj\u0105cy jest osob\u0105 prawn\u0105.<\/p><br><p>Zwracane towary musz\u0105 by\u0107 nieu\u017cywane, nieuszkodzone i w oryginalnym opakowaniu.<\/p><br><p>Koszt zwrotu towaru ponosi klient, chyba \u017ce powodem zwrotu towaru jest jego niezgodno\u015b\u0107 z zam\u00f3wieniem lub wada.<\/p><br><p>W przypadku, gdy towar by\u0142 u\u017cywany w celu innym ni\u017c konieczny do stwierdzenia charakteru, cech i funkcjonowania towaru lub wykazuje \u015blady u\u017cytkowania lub zu\u017cycia, Sklep Internetowy jest uprawniony do obni\u017cenia op\u0142aty zwrotnej stosownie do zmniejszenia warto\u015bci towaru. Towar.<\/p><br><p>Klient musi zg\u0142osi\u0107 \u017c\u0105danie zwrotu towaru w ci\u0105gu 30 dni od otrzymania towaru, pisz\u0105c bezp\u0142atne \u017c\u0105danie na adres info@zennative.ee. \u017b\u0105danie musi zawiera\u0107 imi\u0119 i nazwisko klienta, nazw\u0119 produktu i numer zam\u00f3wienia.<\/p><br><p>Klient otrzyma zwrot pieni\u0119dzy za zwr\u00f3cone towary niezw\u0142ocznie, ale nie p\u00f3\u017aniej ni\u017c 14 dni po otrzymaniu wniosku o anulowanie.<\/p><br><p>Klient musi zwr\u00f3ci\u0107 towar w ci\u0105gu 14 dni od daty zg\u0142oszenia \u017c\u0105dania lub przedstawi\u0107 dow\u00f3d, \u017ce dostarczy\u0142 towar przewo\u017anikowi w wy\u017cej wymienionym terminie.<\/p><br><p>Sklep internetowy mo\u017ce odm\u00f3wi\u0107 zwrotu pieni\u0119dzy, dop\u00f3ki towary obj\u0119te umow\u0105 nie zostan\u0105 zwr\u00f3cone lub kupuj\u0105cy nie przedstawi dowodu, \u017ce zwr\u00f3ci\u0142 towary, w zale\u017cno\u015bci od tego, co nast\u0105pi wcze\u015bniej.<\/p><br><p>Produkty \u0142atwo psuj\u0105ce si\u0119 i przeterminowane nie podlegaj\u0105 zwrotowi.<\/p><br><p>Sklep internetowy ma prawo odst\u0105pi\u0107 od transakcji sprzeda\u017cy i odzyska\u0107 towar od Kleind, je\u015bli cena towaru w sklepie internetowym jest wskazana znacznie poni\u017cej ceny rynkowej towaru z powodu b\u0142\u0119du.<\/p><br><h4>Pozosta\u0142e warunki<\/h4><br><p>Sklep internetowy nie ponosi odpowiedzialno\u015bci za wady powsta\u0142e po dostarczeniu towaru do klienta.<\/p><br><p>Je\u017celi towar zakupiony w Sklepie Internetowym posiada wady, za kt\u00f3re Sklep Internetowy ponosi odpowiedzialno\u015b\u0107, Sklep Internetowy naprawi lub wymieni wadliwy towar. W przypadku braku mo\u017cliwo\u015bci naprawy lub wymiany towaru, Sklep Internetowy zwr\u00f3ci Klientowi wszystkie <span style=\"color: var(--the7-base-color);font: var(--the7-base-font-big);letter-spacing: var(--the7-base-letter-spacing);text-transform: var(--the7-base-text-transform);text-decoration: var(--the7-base-text-decoration)\">op\u0142aty zwi\u0105zane z umow\u0105 sprzeda\u017cy.<\/span><\/p><br><p>Sklep Internetowy ustosunkuje si\u0119 do reklamacji konsumenta na pi\u015bmie lub w formie mo\u017cliwej do odtworzenia na pi\u015bmie w terminie 15 dni.<\/p><br><h4>Marketing bezpo\u015bredni i przetwarzanie danych osobowych<\/h4><br><p>Sklep internetowy b\u0119dzie wykorzystywa\u0142 podane przez Klienta dane osobowe (w tym imi\u0119 i nazwisko, numer telefonu, adres, adres e-mail, dane bankowe) wy\u0142\u0105cznie w celu realizacji zam\u00f3wienia i wysy\u0142ki towaru do Klienta. Sklep internetowy przekazuje dane osobowe firmie \u015bwiadcz\u0105cej us\u0142ugi transportowe w celu dostarczenia towaru.<\/p><br><p>Sklep internetowy wysy\u0142a newslettery i oferty do Klienta na adres e-mail Klienta tylko wtedy, gdy Klient wyrazi\u0142 ch\u0119\u0107 otrzymywania bezpo\u015brednich wiadomo\u015bci e-mail, podaj\u0105c sw\u00f3j adres e-mail na stronie internetowej.<\/p><br><p>Kupuj\u0105cy ma mo\u017cliwo\u015b\u0107 rezygnacji z subskrypcji ofert i newsletter\u00f3w wysy\u0142anych drog\u0105 elektroniczn\u0105 w dowolnym momencie, informuj\u0105c nas o tym drog\u0105 elektroniczn\u0105 lub post\u0119puj\u0105c zgodnie z instrukcjami zawartymi w wiadomo\u015bci e-mail zawieraj\u0105cej oferty.<\/p><br><h4>Rozstrzyganie spor\u00f3w<\/h4><br><p>Je\u015bli klient ma reklamacj\u0119 dotycz\u0105c\u0105 Sklepu internetowego, powinien wys\u0142a\u0107 j\u0105 na nast\u0119puj\u0105cy adres e-mail: <a href=\"mailto:tallinn@zennative.ee\">info@zennative.ee<\/a> lub telefonicznie: <a href=\"tel:0037255524424\">+372 555 24 424<\/a><\/p><br><p>Spory i nieporozumienia wynikaj\u0105ce z niniejszych warunk\u00f3w b\u0119d\u0105 rozstrzygane w drodze negocjacji mi\u0119dzy stronami. W przypadku, gdy spory i nieporozumienia mi\u0119dzy stronami nie mog\u0105 zosta\u0107 rozstrzygni\u0119te w drodze negocjacji mi\u0119dzy stronami, obie strony maj\u0105 prawo do podj\u0119cia krok\u00f3w prawnych w celu obrony swoich praw przed Urz\u0119dem Ochrony Konsument\u00f3w lub s\u0105dami.<\/p>\t\t\t\t\t\t\t\t<\/div>\n\t\t\t\t<\/div>\n\t\t\t\t\t<\/div>\n\t\t<\/div>\n\t\t\t\t<div class=\"elementor-column elementor-col-50 elementor-top-column elementor-element elementor-element-7db51b5\" data-id=\"7db51b5\" data-element_type=\"column\" data-e-type=\"column\">\n\t\t\t<div class=\"elementor-widget-wrap\">\n\t\t\t\t\t\t\t<\/div>\n\t\t<\/div>\n\t\t\t\t\t<\/div>\n\t\t<\/section>\n\t\t\t\t<\/div>\n\t\t","protected":false},"excerpt":{"rendered":"<p>Warunki sprzeda\u017cy i zwrotu W\u0142a\u015bcicielem sklepu internetowegohttps:\/\/www.zennative.eu jest Integritas s.r.o. Wa\u017cno\u015b\u0107 umowy sprzeda\u017cy, informacje o produktach i cenach Warunki sprzeda\u017cy obowi\u0105zuj\u0105 pomi\u0119dzy https:\/\/www.zennative.eu (zwanym dalej Sklepem Internetowym) a Klientem(zwanym dalej Klientem) w odniesieniu do praw i obowi\u0105zk\u00f3w wynikaj\u0105cych z zakupu towar\u00f3w. Regulamin Sprzeda\u017cy ma zastosowanie do zakupu towar\u00f3w w Sklepie Internetowym. Ceny produkt\u00f3w sprzedawanych w&hellip;<\/p>\n","protected":false},"author":1,"featured_media":0,"parent":0,"menu_order":100,"comment_status":"closed","ping_status":"closed","template":"","meta":{"footnotes":""},"class_list":["post-62877","page","type-page","status-publish","hentry"],"_links":{"self":[{"href":"https:\/\/zennative.eu\/pl\/wp-json\/wp\/v2\/pages\/62877","targetHints":{"allow":["GET"]}}],"collection":[{"href":"https:\/\/zennative.eu\/pl\/wp-json\/wp\/v2\/pages"}],"about":[{"href":"https:\/\/zennative.eu\/pl\/wp-json\/wp\/v2\/types\/page"}],"author":[{"embeddable":true,"href":"https:\/\/zennative.eu\/pl\/wp-json\/wp\/v2\/users\/1"}],"replies":[{"embeddable":true,"href":"https:\/\/zennative.eu\/pl\/wp-json\/wp\/v2\/comments?post=62877"}],"version-history":[{"count":6,"href":"https:\/\/zennative.eu\/pl\/wp-json\/wp\/v2\/pages\/62877\/revisions"}],"predecessor-version":[{"id":65135,"href":"https:\/\/zennative.eu\/pl\/wp-json\/wp\/v2\/pages\/62877\/revisions\/65135"}],"wp:attachment":[{"href":"https:\/\/zennative.eu\/pl\/wp-json\/wp\/v2\/media?parent=62877"}],"curies":[{"name":"wp","href":"https:\/\/api.w.org\/{rel}","templated":true}]}}