{"id":65061,"date":"2025-05-15T15:48:59","date_gmt":"2025-05-15T19:22:15","guid":{"rendered":"https:\/\/zennative.eu\/product\/pacchetto-iniziale\/"},"modified":"2025-05-15T22:22:20","modified_gmt":"2025-05-15T19:22:20","slug":"pacchetto-iniziale","status":"publish","type":"product","link":"https:\/\/zennative.eu\/it\/prodotto\/pacchetto-iniziale\/","title":{"rendered":"Pacchetto iniziale"},"content":{"rendered":"\t\t<div data-elementor-type=\"product-post\" data-elementor-id=\"65061\" class=\"elementor elementor-65061\" data-elementor-post-type=\"product\">\n\t\t\t\t\t\t<section class=\"elementor-section elementor-top-section elementor-element elementor-element-dc919c6 elementor-section-boxed elementor-section-height-default elementor-section-height-default\" data-id=\"dc919c6\" data-element_type=\"section\" data-e-type=\"section\">\n\t\t\t\t\t\t<div class=\"elementor-container elementor-column-gap-wide\">\n\t\t\t\t\t<div class=\"elementor-column elementor-col-100 elementor-top-column elementor-element elementor-element-2d0ea25\" data-id=\"2d0ea25\" data-element_type=\"column\" data-e-type=\"column\">\n\t\t\t<div class=\"elementor-widget-wrap elementor-element-populated\">\n\t\t\t\t\t\t<div class=\"elementor-element elementor-element-03f440a elementor-widget elementor-widget-text-editor\" data-id=\"03f440a\" data-element_type=\"widget\" data-e-type=\"widget\" data-widget_type=\"text-editor.default\">\n\t\t\t\t<div class=\"elementor-widget-container\">\n\t\t\t\t\t\t\t\t\t<p><strong>Questo pacchetto introduttivo da 30 giorni comprende l&#8217;intera gamma di prodotti Zen Native e offre la panoramica e la combinazione di prodotti perfette per iniziare a usare il CBD e a iniziare.<\/strong><\/p>\n<p> La linea unisex Zen Native comprende cinque fantastici prodotti al CBD per uso sia interno che esterno.<\/p>\n<p> <strong>L&#8217;olio Full Spectrum 15% CBD<\/strong> \u00e8 ricavato dall&#8217;estratto di canapa nazionale di altissima qualit\u00e0, diluito con olio MCT C8 pregiato e trasformato nel famoso olio Zen Native Full Spectrum CBD.<\/p>\n<p> <strong>L&#8217;olio Crystal 5% CBD<\/strong> \u00e8 la nostra esclusiva miscela di CBD isolato (crystal) proveniente dal laboratorio del nostro partner svizzero e di olio ultrafine C8 del nostro partner europeo, conservato esclusivamente in contenitori di vetro ed estratto esclusivamente dalla noce di cocco.<\/p>\n<p> <strong>Le capsule<\/strong> sono una combinazione unica, realizzata appositamente da Zen Native in un laboratorio europeo. Confezionato in Estonia.<\/p>\n<p> <strong>Il gel di Aloe Vera<\/strong> \u00e8 ricavato dalla migliore Aloe coltivata nelle Isole Canarie e miscelato nel laboratorio Zen Native utilizzando il pregiato olio di cocco C8 e il CBD cristallino pi\u00f9 puro.<\/p>\n\t\t\t\t\t\t\t\t<\/div>\n\t\t\t\t<\/div>\n\t\t\t\t\t<\/div>\n\t\t<\/div>\n\t\t\t\t\t<\/div>\n\t\t<\/section>\n\t\t\t\t<section class=\"elementor-section elementor-top-section elementor-element elementor-element-fd4c0e5 elementor-section-boxed elementor-section-height-default elementor-section-height-default\" data-id=\"fd4c0e5\" data-element_type=\"section\" data-e-type=\"section\">\n\t\t\t\t\t\t<div class=\"elementor-container elementor-column-gap-default\">\n\t\t\t\t\t<div class=\"elementor-column elementor-col-100 elementor-top-column elementor-element elementor-element-e8b9f91\" data-id=\"e8b9f91\" data-element_type=\"column\" data-e-type=\"column\">\n\t\t\t<div class=\"elementor-widget-wrap elementor-element-populated\">\n\t\t\t\t\t\t<div class=\"elementor-element elementor-element-dc11b90 elementor-widget elementor-widget-the7-accordion\" data-id=\"dc11b90\" data-element_type=\"widget\" data-e-type=\"widget\" data-widget_type=\"the7-accordion.default\">\n\t\t\t\t<div class=\"elementor-widget-container\">\n\t\t\t\t\t\t\t<div class=\"elementor-accordion the7-adv-accordion ac_bb_title ac_bb_active_title ac_top_bottom_borders ac_left_right_borders\" data-accordion-type=\"toggle\" role=\"tablist\">\n\t\t\t\t\t\t\t<div class=\"elementor-accordion-item\">\n\t\t\t\t\t<h3 id=\"elementor-tab-title-2301\" class=\"elementor-tab-title the7-accordion-header deactive-default\" data-tab=\"1\" role=\"tab\" aria-controls=\"elementor-tab-content-2301\">\n\n\t\t\t\t\t\t\t\t\t\t\t\t\t<span class=\"elementor-accordion-icon elementor-accordion-icon-left\" aria-hidden=\"true\">\n\t\t\t\t\t\t\t\t\t\t\t\t\t\t\t<span class=\"elementor-accordion-icon-closed\"><i class=\"fas fa-chevron-down\"><\/i><\/span>\n\t\t\t\t\t\t\t\t\t\t\t\t\t\t\t\t\t<span class=\"elementor-accordion-icon-opened\"><i class=\"fas fa-chevron-up\"><\/i><\/span>\n\t\t\t\t\t\t\t\t\t\t\t\t\t\t\t\t\t\t\t\t\t\t<\/span>\n\t\t\t\t\t\t\t\t\t\t\t\t\t\t\t\t\t\t<a class=\"elementor-accordion-title\" href=\"\">Guida<\/a>\n\t\t\t\t\t<\/h3>\n\t\t\t\t\t<div id=\"elementor-tab-content-2301\" class=\"elementor-tab-content elementor-clearfix deactive-default\" data-tab=\"1\" role=\"tabpanel\" aria-labelledby=\"elementor-tab-title-2301\"><p><strong>\u00a0<\/strong><\/p>\n<h3 class=\"default-heading3\">\u2600\ufe0f Rituale mattutino<\/h3>\n<\/p>\n<p> <strong>Capsule VITAMIN+ CBD 2100 mg CBD (30 pezzi)<\/strong><\/p>\n<p> Una capsula contiene tutti i micronutrienti liposolubili di cui un nordico ha bisogno per mantenere il proprio corpo sano e tonico, oltre a cristalli puri di CBD per mantenerti sveglio e concentrato tutto il giorno. Assumere una capsula con il cibo.<\/p>\n<p> <strong>ALOE con CBD e cocco<\/strong> <br \/><strong>\u00ad<\/strong><br \/> Una meravigliosa combinazione di aloe, CBD e cocco per la pelle che rinfresca, lenisce e idrata in profondit\u00e0, senza ungere n\u00e9 ostruire i pori. Applicalo su viso, collo e mani e risplendi di sicurezza!<\/p>\n<h3><\/h3>\n<h3 class=\"default-heading3\"> \ud83c\udf19 Rituale serale<\/h3>\n<\/p>\n<p> <strong>T\u00c8 AI FIORI DI CANAPA<\/strong><\/p>\n<p> Il rituale serale inizia con il t\u00e8 ai fiori di cannabis. Elimina la voglia di fare spuntini o di consumare bevande alcoliche. Una tazza di t\u00e8 a lume di candela prima di iniziare i trattamenti di bellezza e igiene aiuta a rilassarsi.<\/p>\n<p> <strong>Olio di CBD a spettro completo 15%<\/strong><\/p>\n<p> Nettare di canapa naturale che nutre dall&#8217;interno. Le gocce Full Spectrum calmano la mente e forniscono al corpo il necessario equilibrio fisiologico, innescando processi di autoguarigione durante la notte e garantendo un buon sonno.<\/p>\n<p> <strong>Olio di CBD cristallino al 5%<\/strong><\/p>\n<p> Idratazione serale profonda e funzionale che rimane sulla pelle per tutta la notte. Applicare su viso, collo e mani per riequilibrare la produzione di sebo, ridurre l&#8217;infiammazione e stimolare in profondit\u00e0 la produzione naturale di collagene della pelle.<\/p>\n<\/div>\n\t\t\t\t<\/div>\n\t\t\t\t\t\t\t<div class=\"elementor-accordion-item\">\n\t\t\t\t\t<h3 id=\"elementor-tab-title-2302\" class=\"elementor-tab-title the7-accordion-header\" data-tab=\"2\" role=\"tab\" aria-controls=\"elementor-tab-content-2302\">\n\n\t\t\t\t\t\t\t\t\t\t\t\t\t<span class=\"elementor-accordion-icon elementor-accordion-icon-left\" aria-hidden=\"true\">\n\t\t\t\t\t\t\t\t\t\t\t\t\t\t\t<span class=\"elementor-accordion-icon-closed\"><i class=\"fas fa-chevron-down\"><\/i><\/span>\n\t\t\t\t\t\t\t\t\t\t\t\t\t\t\t\t\t<span class=\"elementor-accordion-icon-opened\"><i class=\"fas fa-chevron-up\"><\/i><\/span>\n\t\t\t\t\t\t\t\t\t\t\t\t\t\t\t\t\t\t\t\t\t\t<\/span>\n\t\t\t\t\t\t\t\t\t\t\t\t\t\t\t\t\t\t<a class=\"elementor-accordion-title\" href=\"\">Amministrazione<\/a>\n\t\t\t\t\t<\/h3>\n\t\t\t\t\t<div id=\"elementor-tab-content-2302\" class=\"elementor-tab-content elementor-clearfix\" data-tab=\"2\" role=\"tabpanel\" aria-labelledby=\"elementor-tab-title-2302\"><p>1 capsula al giorno con cibo e acqua. Preferibilmente al mattino.<\/p>\n<p> 1 goccia di olio ogni 7,5 kg di peso corporeo. Si consiglia di assumerlo la sera mezz&#8217;ora prima di coricarsi.<\/p>\n<\/div>\n\t\t\t\t<\/div>\n\t\t\t\t\t\t\t<div class=\"elementor-accordion-item\">\n\t\t\t\t\t<h3 id=\"elementor-tab-title-2303\" class=\"elementor-tab-title the7-accordion-header\" data-tab=\"3\" role=\"tab\" aria-controls=\"elementor-tab-content-2303\">\n\n\t\t\t\t\t\t\t\t\t\t\t\t\t<span class=\"elementor-accordion-icon elementor-accordion-icon-left\" aria-hidden=\"true\">\n\t\t\t\t\t\t\t\t\t\t\t\t\t\t\t<span class=\"elementor-accordion-icon-closed\"><i class=\"fas fa-chevron-down\"><\/i><\/span>\n\t\t\t\t\t\t\t\t\t\t\t\t\t\t\t\t\t<span class=\"elementor-accordion-icon-opened\"><i class=\"fas fa-chevron-up\"><\/i><\/span>\n\t\t\t\t\t\t\t\t\t\t\t\t\t\t\t\t\t\t\t\t\t\t<\/span>\n\t\t\t\t\t\t\t\t\t\t\t\t\t\t\t\t\t\t<a class=\"elementor-accordion-title\" href=\"\">Avvertenze<\/a>\n\t\t\t\t\t<\/h3>\n\t\t\t\t\t<div id=\"elementor-tab-content-2303\" class=\"elementor-tab-content elementor-clearfix\" data-tab=\"3\" role=\"tabpanel\" aria-labelledby=\"elementor-tab-title-2303\"><p>Non raccomandato ai minorenni.<\/p>\n<p> Se ne sconsiglia l&#8217;uso durante la gravidanza.<\/p>\n<p> Non superare la dose giornaliera raccomandata.<\/p>\n<p> L\u2019integratore alimentare non va inteso come sostituto di una dieta variata.<\/p>\n<p> Tenere fuori dalla portata dei bambini.<\/p>\n<\/div>\n\t\t\t\t<\/div>\n\t\t\t\t\t\t\t<div class=\"elementor-accordion-item\">\n\t\t\t\t\t<h3 id=\"elementor-tab-title-2304\" class=\"elementor-tab-title the7-accordion-header\" data-tab=\"4\" role=\"tab\" aria-controls=\"elementor-tab-content-2304\">\n\n\t\t\t\t\t\t\t\t\t\t\t\t\t<span class=\"elementor-accordion-icon elementor-accordion-icon-left\" aria-hidden=\"true\">\n\t\t\t\t\t\t\t\t\t\t\t\t\t\t\t<span class=\"elementor-accordion-icon-closed\"><i class=\"fas fa-chevron-down\"><\/i><\/span>\n\t\t\t\t\t\t\t\t\t\t\t\t\t\t\t\t\t<span class=\"elementor-accordion-icon-opened\"><i class=\"fas fa-chevron-up\"><\/i><\/span>\n\t\t\t\t\t\t\t\t\t\t\t\t\t\t\t\t\t\t\t\t\t\t<\/span>\n\t\t\t\t\t\t\t\t\t\t\t\t\t\t\t\t\t\t<a class=\"elementor-accordion-title\" href=\"\">Preparazione<\/a>\n\t\t\t\t\t<\/h3>\n\t\t\t\t\t<div id=\"elementor-tab-content-2304\" class=\"elementor-tab-content elementor-clearfix\" data-tab=\"4\" role=\"tabpanel\" aria-labelledby=\"elementor-tab-title-2304\"><p><strong>L&#8217;olio di CBD Full Spectrum<\/strong> \u00e8 ricavato dall&#8217;estratto di canapa nazionale di altissima qualit\u00e0, diluito con olio MCT C8 pregiato e trasformato nel famoso olio di CBD Zen Native Full Spectrum.<\/p>\n<p> <strong>L&#8217;olio Crystal CBD<\/strong> \u00e8 la nostra esclusiva miscela di CBD isolato (crystal) proveniente dal laboratorio del nostro partner svizzero e di olio ultrafine C8 del nostro partner europeo, conservato esclusivamente in contenitori di vetro ed estratto esclusivamente dalla noce di cocco.<\/p>\n<p> <strong>Le capsule<\/strong> vengono realizzate su misura da Zen Native in un laboratorio europeo. Confezionato in Estonia.<\/p>\n<p> <strong>Il gel di Aloe Vera<\/strong> \u00e8 ricavato dalla migliore Aloe coltivata nelle Isole Canarie e miscelato nel laboratorio Zen Native utilizzando il pregiato olio di cocco C8 e il CBD cristallino pi\u00f9 puro.<\/p>\n<\/div>\n\t\t\t\t<\/div>\n\t\t\t\t\t\t\t<div class=\"elementor-accordion-item\">\n\t\t\t\t\t<h3 id=\"elementor-tab-title-2305\" class=\"elementor-tab-title the7-accordion-header\" data-tab=\"5\" role=\"tab\" aria-controls=\"elementor-tab-content-2305\">\n\n\t\t\t\t\t\t\t\t\t\t\t\t\t<span class=\"elementor-accordion-icon elementor-accordion-icon-left\" aria-hidden=\"true\">\n\t\t\t\t\t\t\t\t\t\t\t\t\t\t\t<span class=\"elementor-accordion-icon-closed\"><i class=\"fas fa-chevron-down\"><\/i><\/span>\n\t\t\t\t\t\t\t\t\t\t\t\t\t\t\t\t\t<span class=\"elementor-accordion-icon-opened\"><i class=\"fas fa-chevron-up\"><\/i><\/span>\n\t\t\t\t\t\t\t\t\t\t\t\t\t\t\t\t\t\t\t\t\t\t<\/span>\n\t\t\t\t\t\t\t\t\t\t\t\t\t\t\t\t\t\t<a class=\"elementor-accordion-title\" href=\"\">Magazzinaggio<\/a>\n\t\t\t\t\t<\/h3>\n\t\t\t\t\t<div id=\"elementor-tab-content-2305\" class=\"elementor-tab-content elementor-clearfix\" data-tab=\"5\" role=\"tabpanel\" aria-labelledby=\"elementor-tab-title-2305\"><ul>\n<li>Conservare al buio e a temperatura ambiente.<\/li>\n<li> Le capsule dureranno fino al 02.2027<\/li>\n<li> L&#8217;olio durer\u00e0 1 anno dalla produzione.<\/li>\n<li> Per conservare meglio l&#8217;olio, non toccare la pipetta con la pelle, la lingua o qualsiasi altra cosa, per evitare che i batteri entrino nella bottiglia.<\/li>\n<\/ul>\n<\/div>\n\t\t\t\t<\/div>\n\t\t\t\t\t<\/div>\n\t\t\t\t\t\t<\/div>\n\t\t\t\t<\/div>\n\t\t\t\t<div class=\"elementor-element elementor-element-609c2e7 elementor-widget elementor-widget-shortcode\" data-id=\"609c2e7\" data-element_type=\"widget\" data-e-type=\"widget\" data-widget_type=\"shortcode.default\">\n\t\t\t\t<div class=\"elementor-widget-container\">\n\t\t\t\t\t\t\t<div class=\"elementor-shortcode\"> <script type=\"application\/ld+json\">\n    {\n      \"@context\": \"https:\/\/lt.zennative.ee\/\u201c,\n      \"@type\": \"Product\",\n      \"name\": \u201cFull \u201cSpectrum CBD oil,\n      \"image\": [\n        \"https:\/\/lt.zennative.ee\/wp-content\/uploads\/2021\/10\/Zen-Native-5-Full-Spectrum-CBD-Oil-Taisspektri-CBD-kanepi-oli_1.png\",\n        \"https:\/\/lt.zennative.ee\/wp-content\/uploads\/2021\/10\/Zen-Native-Pipett-Full-Spectrum-CBD-Oil-Taisspektri-CBD-kanepi-oli.png\",\n        \"https:\/\/lt.zennative.ee\/wp-content\/uploads\/2021\/10\/Zen-Native-5-Full-Spectrum-CBD-Oil-Taisspektri-CBD-kanepi-oli_3.png\"\n       ],\n      \"description\": \"Full Spectrum CBD \u00f5li annab tugevama ja laiema abi kui CBD Kristall \u00d5li ning selle toime on tuntav. Full Spectrum CBD \u00f5li rahustab viha, \u00e4revuse, ebakindluse ja v\u00e4hendab hirmu. F\u00fc\u00fcsiliselt v\u00e4hendab p\u00f5letikku, pingeid ja v\u00e4hki. Full Spectrum CBD \u00f5li sisaldab: k\u00f5iki kannabinoide (CBD, CBG, CBC, CBN...), terpeene ja flavanoide. Kvaliteetseimad ekstraktid on eranditult lahustatud kookose MCT \u00f5lis.\",\n      \"sku\": \"0446310786\",\n      \"brand\": {\n        \"@type\": \"Brand\",\n        \"name\": \u201cZen \u201cNative\n      },\n         \"aggregateRating\": {\n        \"@type\": \"AggregateRating\",\n        \"ratingValue\": \u201c5\u201d,\n        \"reviewCount\": \"89\"\n      },\n      \"offers\": {\n        \"@type\": \"Offer\",\n        \"url\": \"\t\",\n        \"priceCurrency\": \u201cEUR\u201d,\n        \"price\": \"129.99\",\n        \"priceValidUntil\": \"2022-11-20\",\n      }\n    }\n    <\/script><\/div>\n\t\t\t\t\t\t<\/div>\n\t\t\t\t<\/div>\n\t\t\t\t\t<\/div>\n\t\t<\/div>\n\t\t\t\t\t<\/div>\n\t\t<\/section>\n\t\t\t\t<\/div>\n\t\t","protected":false},"excerpt":{"rendered":"<p>Questo pacchetto introduttivo da 30 giorni comprende l&#8217;intera gamma di prodotti Zen Native e offre la panoramica e la combinazione di prodotti perfette per iniziare a usare il CBD e a iniziare. La linea unisex Zen Native comprende cinque fantastici prodotti al CBD per uso sia interno che esterno. L&#8217;olio Full Spectrum 15% CBD \u00e8&hellip;<\/p>\n","protected":false},"featured_media":64956,"comment_status":"closed","ping_status":"closed","template":"","meta":[],"product_brand":[],"product_cat":[937],"product_tag":[],"class_list":{"0":"post-65061","1":"product","2":"type-product","3":"status-publish","4":"has-post-thumbnail","6":"product_cat-varie","8":"first","9":"instock","10":"sale","11":"shipping-taxable","12":"purchasable","13":"product-type-simple"},"_links":{"self":[{"href":"https:\/\/zennative.eu\/it\/wp-json\/wp\/v2\/product\/65061","targetHints":{"allow":["GET"]}}],"collection":[{"href":"https:\/\/zennative.eu\/it\/wp-json\/wp\/v2\/product"}],"about":[{"href":"https:\/\/zennative.eu\/it\/wp-json\/wp\/v2\/types\/product"}],"replies":[{"embeddable":true,"href":"https:\/\/zennative.eu\/it\/wp-json\/wp\/v2\/comments?post=65061"}],"version-history":[{"count":1,"href":"https:\/\/zennative.eu\/it\/wp-json\/wp\/v2\/product\/65061\/revisions"}],"predecessor-version":[{"id":65062,"href":"https:\/\/zennative.eu\/it\/wp-json\/wp\/v2\/product\/65061\/revisions\/65062"}],"wp:featuredmedia":[{"embeddable":true,"href":"https:\/\/zennative.eu\/it\/wp-json\/wp\/v2\/media\/64956"}],"wp:attachment":[{"href":"https:\/\/zennative.eu\/it\/wp-json\/wp\/v2\/media?parent=65061"}],"wp:term":[{"taxonomy":"product_brand","embeddable":true,"href":"https:\/\/zennative.eu\/it\/wp-json\/wp\/v2\/product_brand?post=65061"},{"taxonomy":"product_cat","embeddable":true,"href":"https:\/\/zennative.eu\/it\/wp-json\/wp\/v2\/product_cat?post=65061"},{"taxonomy":"product_tag","embeddable":true,"href":"https:\/\/zennative.eu\/it\/wp-json\/wp\/v2\/product_tag?post=65061"}],"curies":[{"name":"wp","href":"https:\/\/api.w.org\/{rel}","templated":true}]}}