{"id":63724,"date":"2022-02-13T07:15:36","date_gmt":"2024-10-02T17:42:08","guid":{"rendered":"https:\/\/zennative.eu\/product\/olio-di-cbd-di-cristallo-500-mg-5\/"},"modified":"2024-10-05T19:10:54","modified_gmt":"2024-10-05T16:10:54","slug":"olio-di-cbd-di-cristallo-500-mg-5","status":"publish","type":"product","link":"https:\/\/zennative.eu\/it\/prodotto\/olio-di-cbd-di-cristallo-500-mg-5\/","title":{"rendered":"Olio di CBD di cristallo &#8211; 500 mg (5%)"},"content":{"rendered":"\t\t<div data-elementor-type=\"product-post\" data-elementor-id=\"63724\" class=\"elementor elementor-63724 elementor-41522\" data-elementor-post-type=\"product\">\n\t\t\t\t\t\t<section class=\"elementor-section elementor-top-section elementor-element elementor-element-4c104f4 elementor-section-boxed elementor-section-height-default elementor-section-height-default\" data-id=\"4c104f4\" data-element_type=\"section\" data-e-type=\"section\">\n\t\t\t\t\t\t<div class=\"elementor-container elementor-column-gap-wide\">\n\t\t\t\t\t<div class=\"elementor-column elementor-col-100 elementor-top-column elementor-element elementor-element-93cefb6\" data-id=\"93cefb6\" data-element_type=\"column\" data-e-type=\"column\">\n\t\t\t<div class=\"elementor-widget-wrap elementor-element-populated\">\n\t\t\t\t\t\t<div class=\"elementor-element elementor-element-dd40012 elementor-widget elementor-widget-text-editor\" data-id=\"dd40012\" data-element_type=\"widget\" data-e-type=\"widget\" data-widget_type=\"text-editor.default\">\n\t\t\t\t<div class=\"elementor-widget-container\">\n\t\t\t\t\t\t\t\t\t<p><strong>Si tratta di un olio di CBD puro contenente 500 mg di CBD in cristalli.<\/strong> L&#8217;olio di CBD al 5% di Zen Native \u00e8 inodore e facilmente assorbibile dall&#8217;organismo perch\u00e9 \u00e8 disciolto nel miglior olio MCT di cocco, il miracoloso acido caprilico.<\/p>\n<p>flacone con pipetta da 10 ml, in vetro ricondizionato a prova di luce. Almeno 200 gocce per flacone.<\/p>\n<p><strong>Per saperne di pi\u00f9:<\/strong> <a href=\"https:\/\/zennative.eu\/it\/che-cose-il-cbd\/\" target=\"_blank\" rel=\"noopener\">Tutto sul CBD?<\/a><\/p>\n\t\t\t\t\t\t\t\t<\/div>\n\t\t\t\t<\/div>\n\t\t\t\t<div class=\"elementor-element elementor-element-b8d2169 elementor-widget elementor-widget-the7-accordion\" data-id=\"b8d2169\" data-element_type=\"widget\" data-e-type=\"widget\" data-widget_type=\"the7-accordion.default\">\n\t\t\t\t<div class=\"elementor-widget-container\">\n\t\t\t\t\t\t\t<div class=\"elementor-accordion the7-adv-accordion ac_bb_title ac_bb_active_title ac_top_bottom_borders ac_left_right_borders\" data-accordion-type=\"toggle\" role=\"tablist\">\n\t\t\t\t\t\t\t<div class=\"elementor-accordion-item\">\n\t\t\t\t\t<h3 id=\"elementor-tab-title-1931\" class=\"elementor-tab-title the7-accordion-header deactive-default\" data-tab=\"1\" role=\"tab\" aria-controls=\"elementor-tab-content-1931\">\n\n\t\t\t\t\t\t\t\t\t\t\t\t\t<span class=\"elementor-accordion-icon elementor-accordion-icon-left\" aria-hidden=\"true\">\n\t\t\t\t\t\t\t\t\t\t\t\t\t\t\t<span class=\"elementor-accordion-icon-closed\"><i class=\"fas fa-chevron-down\"><\/i><\/span>\n\t\t\t\t\t\t\t\t\t\t\t\t\t\t\t\t\t<span class=\"elementor-accordion-icon-opened\"><i class=\"fas fa-chevron-up\"><\/i><\/span>\n\t\t\t\t\t\t\t\t\t\t\t\t\t\t\t\t\t\t\t\t\t\t<\/span>\n\t\t\t\t\t\t\t\t\t\t\t\t\t\t\t\t\t\t<a class=\"elementor-accordion-title\" href=\"\">Idea<\/a>\n\t\t\t\t\t<\/h3>\n\t\t\t\t\t<div id=\"elementor-tab-content-1931\" class=\"elementor-tab-content elementor-clearfix deactive-default\" data-tab=\"1\" role=\"tabpanel\" aria-labelledby=\"elementor-tab-title-1931\"><p>Nel 2019, noi di Zen Native abbiamo avuto l&#8217;idea di creare l&#8217;olio di CBD nella sua forma pi\u00f9 pura. Poich\u00e9 i cannabinoidi sono liposolubili, dovevamo trovare la molecola di grasso naturale pi\u00f9 fine. L&#8217;abbiamo trovata nella noce di cocco. Oggi siamo orgogliosi di offrire un olio di CBD fine come l&#8217;acqua.<\/p>\n<p><strong><br \/>\n<\/strong><em>Contiene:<\/em> CBD, C8<\/p>\n<\/div>\n\t\t\t\t<\/div>\n\t\t\t\t\t\t\t<div class=\"elementor-accordion-item\">\n\t\t\t\t\t<h3 id=\"elementor-tab-title-1932\" class=\"elementor-tab-title the7-accordion-header\" data-tab=\"2\" role=\"tab\" aria-controls=\"elementor-tab-content-1932\">\n\n\t\t\t\t\t\t\t\t\t\t\t\t\t<span class=\"elementor-accordion-icon elementor-accordion-icon-left\" aria-hidden=\"true\">\n\t\t\t\t\t\t\t\t\t\t\t\t\t\t\t<span class=\"elementor-accordion-icon-closed\"><i class=\"fas fa-chevron-down\"><\/i><\/span>\n\t\t\t\t\t\t\t\t\t\t\t\t\t\t\t\t\t<span class=\"elementor-accordion-icon-opened\"><i class=\"fas fa-chevron-up\"><\/i><\/span>\n\t\t\t\t\t\t\t\t\t\t\t\t\t\t\t\t\t\t\t\t\t\t<\/span>\n\t\t\t\t\t\t\t\t\t\t\t\t\t\t\t\t\t\t<a class=\"elementor-accordion-title\" href=\"\">Utilizzo sporadico<\/a>\n\t\t\t\t\t<\/h3>\n\t\t\t\t\t<div id=\"elementor-tab-content-1932\" class=\"elementor-tab-content elementor-clearfix\" data-tab=\"2\" role=\"tabpanel\" aria-labelledby=\"elementor-tab-title-1932\"><p>In questo olio sono presenti tutte le propriet\u00e0 benefiche del CBD, tra cui:<\/p>\n<ul>\n<li style=\"list-style-type: none;\">\n<ul>\n<li>Calma il sistema nervoso, la tensione muscolare e l&#8217;ansia<\/li>\n<li>Aiuta ad addormentarsi e a rimanere addormentati<\/li>\n<li>Abbassa i livelli dell&#8217;ormone dello stress e dell&#8217;infiammazione<\/li>\n<\/ul>\n<\/li>\n<\/ul>\n<p>Una goccia contiene 2,5 mg di CBD. 1mg di CBD = 1kg per kg persona di 75 kg = 30 gocce sotto la lingua.<\/p>\n<p><strong>Per saperne di pi\u00f9:<\/strong> <a href=\"https:\/\/zennative.eu\/it\/che-cose-il-cbd\/\" target=\"_blank\" rel=\"noopener\">Tutto sul CBD?<\/a><\/p>\n<ul>\n<li style=\"list-style-type: none;\"><\/li>\n<\/ul>\n<\/div>\n\t\t\t\t<\/div>\n\t\t\t\t\t\t\t<div class=\"elementor-accordion-item\">\n\t\t\t\t\t<h3 id=\"elementor-tab-title-1933\" class=\"elementor-tab-title the7-accordion-header\" data-tab=\"3\" role=\"tab\" aria-controls=\"elementor-tab-content-1933\">\n\n\t\t\t\t\t\t\t\t\t\t\t\t\t<span class=\"elementor-accordion-icon elementor-accordion-icon-left\" aria-hidden=\"true\">\n\t\t\t\t\t\t\t\t\t\t\t\t\t\t\t<span class=\"elementor-accordion-icon-closed\"><i class=\"fas fa-chevron-down\"><\/i><\/span>\n\t\t\t\t\t\t\t\t\t\t\t\t\t\t\t\t\t<span class=\"elementor-accordion-icon-opened\"><i class=\"fas fa-chevron-up\"><\/i><\/span>\n\t\t\t\t\t\t\t\t\t\t\t\t\t\t\t\t\t\t\t\t\t\t<\/span>\n\t\t\t\t\t\t\t\t\t\t\t\t\t\t\t\t\t\t<a class=\"elementor-accordion-title\" href=\"\">Uso esterno<\/a>\n\t\t\t\t\t<\/h3>\n\t\t\t\t\t<div id=\"elementor-tab-content-1933\" class=\"elementor-tab-content elementor-clearfix\" data-tab=\"3\" role=\"tabpanel\" aria-labelledby=\"elementor-tab-title-1933\"><p>Picchiettare delicatamente 1-3 gocce sulla pelle pulita delle dimensioni del palmo della mano. Evitare il contatto con gli occhi.<\/p>\n<ul>\n<li style=\"list-style-type: none;\">\n<ul>\n<li>Lenisce rapidamente la pelle infiammata<\/li>\n<li>Idrata in profondit\u00e0 e riequilibra anche la pelle grassa<\/li>\n<li>Aumenta la produzione naturale di collagene<\/li>\n<li>Lenisce i dolori muscolari e articolari<\/li>\n<\/ul>\n<\/li>\n<\/ul>\n<p><strong>5%<\/strong> = Per la profilassi e la cura generale della pelle sana<\/p>\n<p><strong>15%<\/strong> = Per la cura della pelle problematica, infiammata o acneica<\/p>\n<p><strong>30%<\/strong> = Per il sollievo e il trattamento delle affezioni cutanee<\/p>\n<p><strong>Per saperne di pi\u00f9:<\/strong> <a href=\"https:\/\/zennative.eu\/it\/che-cose-il-cbd\/\" target=\"_blank\" rel=\"noopener\">Tutto sul CBD?<\/a><\/p>\n<\/div>\n\t\t\t\t<\/div>\n\t\t\t\t\t\t\t<div class=\"elementor-accordion-item\">\n\t\t\t\t\t<h3 id=\"elementor-tab-title-1934\" class=\"elementor-tab-title the7-accordion-header\" data-tab=\"4\" role=\"tab\" aria-controls=\"elementor-tab-content-1934\">\n\n\t\t\t\t\t\t\t\t\t\t\t\t\t<span class=\"elementor-accordion-icon elementor-accordion-icon-left\" aria-hidden=\"true\">\n\t\t\t\t\t\t\t\t\t\t\t\t\t\t\t<span class=\"elementor-accordion-icon-closed\"><i class=\"fas fa-chevron-down\"><\/i><\/span>\n\t\t\t\t\t\t\t\t\t\t\t\t\t\t\t\t\t<span class=\"elementor-accordion-icon-opened\"><i class=\"fas fa-chevron-up\"><\/i><\/span>\n\t\t\t\t\t\t\t\t\t\t\t\t\t\t\t\t\t\t\t\t\t\t<\/span>\n\t\t\t\t\t\t\t\t\t\t\t\t\t\t\t\t\t\t<a class=\"elementor-accordion-title\" href=\"\">Informazioni aggiuntive<\/a>\n\t\t\t\t\t<\/h3>\n\t\t\t\t\t<div id=\"elementor-tab-content-1934\" class=\"elementor-tab-content elementor-clearfix\" data-tab=\"4\" role=\"tabpanel\" aria-labelledby=\"elementor-tab-title-1934\"><ul>\n<li>Autorizzato dall&#8217;Agenzia Mondiale Antidoping<\/li>\n<li>% lo100 di origine illegale<\/li>\n<li>Bottiglia in vetro riciclato foto-repellente<\/li>\n<li>Senza olio di palma, senza OGM e vegano<\/li>\n<li>Prodotto in Estonia<\/li>\n<\/ul>\n<\/div>\n\t\t\t\t<\/div>\n\t\t\t\t\t\t\t<div class=\"elementor-accordion-item\">\n\t\t\t\t\t<h3 id=\"elementor-tab-title-1935\" class=\"elementor-tab-title the7-accordion-header\" data-tab=\"5\" role=\"tab\" aria-controls=\"elementor-tab-content-1935\">\n\n\t\t\t\t\t\t\t\t\t\t\t\t\t<span class=\"elementor-accordion-icon elementor-accordion-icon-left\" aria-hidden=\"true\">\n\t\t\t\t\t\t\t\t\t\t\t\t\t\t\t<span class=\"elementor-accordion-icon-closed\"><i class=\"fas fa-chevron-down\"><\/i><\/span>\n\t\t\t\t\t\t\t\t\t\t\t\t\t\t\t\t\t<span class=\"elementor-accordion-icon-opened\"><i class=\"fas fa-chevron-up\"><\/i><\/span>\n\t\t\t\t\t\t\t\t\t\t\t\t\t\t\t\t\t\t\t\t\t\t<\/span>\n\t\t\t\t\t\t\t\t\t\t\t\t\t\t\t\t\t\t<a class=\"elementor-accordion-title\" href=\"\">Preparazione<\/a>\n\t\t\t\t\t<\/h3>\n\t\t\t\t\t<div id=\"elementor-tab-content-1935\" class=\"elementor-tab-content elementor-clearfix\" data-tab=\"5\" role=\"tabpanel\" aria-labelledby=\"elementor-tab-title-1935\"><p>La molecola di CBD viene estratta dall&#8217;estratto di canapa mediante cristallizzazione. Viene poi disciolta nella molecola C8 estratta dalla noce di cocco.<\/p>\n<\/div>\n\t\t\t\t<\/div>\n\t\t\t\t\t\t\t<div class=\"elementor-accordion-item\">\n\t\t\t\t\t<h3 id=\"elementor-tab-title-1936\" class=\"elementor-tab-title the7-accordion-header\" data-tab=\"6\" role=\"tab\" aria-controls=\"elementor-tab-content-1936\">\n\n\t\t\t\t\t\t\t\t\t\t\t\t\t<span class=\"elementor-accordion-icon elementor-accordion-icon-left\" aria-hidden=\"true\">\n\t\t\t\t\t\t\t\t\t\t\t\t\t\t\t<span class=\"elementor-accordion-icon-closed\"><i class=\"fas fa-chevron-down\"><\/i><\/span>\n\t\t\t\t\t\t\t\t\t\t\t\t\t\t\t\t\t<span class=\"elementor-accordion-icon-opened\"><i class=\"fas fa-chevron-up\"><\/i><\/span>\n\t\t\t\t\t\t\t\t\t\t\t\t\t\t\t\t\t\t\t\t\t\t<\/span>\n\t\t\t\t\t\t\t\t\t\t\t\t\t\t\t\t\t\t<a class=\"elementor-accordion-title\" href=\"\">Stoccaggio presso<\/a>\n\t\t\t\t\t<\/h3>\n\t\t\t\t\t<div id=\"elementor-tab-content-1936\" class=\"elementor-tab-content elementor-clearfix\" data-tab=\"6\" role=\"tabpanel\" aria-labelledby=\"elementor-tab-title-1936\"><ul>\n<li>Conservare al buio e a temperatura ambiente<\/li>\n<li>Evitare di toccare la bocca o la pelle con la pipetta.<\/li>\n<\/ul>\n<\/div>\n\t\t\t\t<\/div>\n\t\t\t\t\t<\/div>\n\t\t\t\t\t\t<\/div>\n\t\t\t\t<\/div>\n\t\t\t\t<div class=\"elementor-element elementor-element-8eae35d elementor-hidden-desktop elementor-hidden-tablet elementor-hidden-mobile elementor-widget elementor-widget-image\" data-id=\"8eae35d\" data-element_type=\"widget\" data-e-type=\"widget\" data-widget_type=\"image.default\">\n\t\t\t\t<div class=\"elementor-widget-container\">\n\t\t\t\t\t\t\t\t\t\t\t\t\t\t\t<img fetchpriority=\"high\" decoding=\"async\" width=\"600\" height=\"800\" src=\"https:\/\/zennative.eu\/wp-content\/uploads\/2021\/01\/Zen-Native-Crystal-Serum-CBD-Oil-06.png\" class=\"attachment-large size-large wp-image-62903\" alt=\"olio di cbd\" srcset=\"https:\/\/zennative.eu\/wp-content\/uploads\/2021\/01\/Zen-Native-Crystal-Serum-CBD-Oil-06.png 600w, https:\/\/zennative.eu\/wp-content\/uploads\/2021\/01\/Zen-Native-Crystal-Serum-CBD-Oil-06-225x300.png 225w\" sizes=\"(max-width: 600px) 100vw, 600px\" \/>\t\t\t\t\t\t\t\t\t\t\t\t\t\t\t<\/div>\n\t\t\t\t<\/div>\n\t\t\t\t\t<\/div>\n\t\t<\/div>\n\t\t\t\t\t<\/div>\n\t\t<\/section>\n\t\t\t\t<\/div>\n\t\t","protected":false},"excerpt":{"rendered":"<p><strong>Si tratta di un olio di CBD puro contenente 500 mg di CBD in cristalli.<\/strong> L&#8217;olio di CBD al 5% di Zen Native \u00e8 inodore, insapore e facilmente assorbibile dall&#8217;organismo perch\u00e9 \u00e8 disciolto nel miglior olio MCT di cocco, il miracoloso acido caprilico.<\/p>\n<p>flacone con pipetta da 10 ml, in vetro ricondizionato a prova di luce. Almeno 200 gocce per flacone. Una goccia contiene 2,5 mg di CBD.<\/p>\n","protected":false},"featured_media":63725,"comment_status":"closed","ping_status":"closed","template":"","meta":[],"product_brand":[],"product_cat":[768],"product_tag":[770,769,798,833,771],"class_list":{"0":"post-63724","1":"product","2":"type-product","3":"status-publish","4":"has-post-thumbnail","6":"product_cat-oli-di-cbd","7":"product_tag-c8-it","8":"product_tag-cbd-it","9":"product_tag-olio-di-canapa-cbd","10":"product_tag-olio-di-cbd","11":"product_tag-wada-it","13":"first","14":"instock","15":"shipping-taxable","16":"purchasable","17":"product-type-simple"},"_links":{"self":[{"href":"https:\/\/zennative.eu\/it\/wp-json\/wp\/v2\/product\/63724","targetHints":{"allow":["GET"]}}],"collection":[{"href":"https:\/\/zennative.eu\/it\/wp-json\/wp\/v2\/product"}],"about":[{"href":"https:\/\/zennative.eu\/it\/wp-json\/wp\/v2\/types\/product"}],"replies":[{"embeddable":true,"href":"https:\/\/zennative.eu\/it\/wp-json\/wp\/v2\/comments?post=63724"}],"version-history":[{"count":3,"href":"https:\/\/zennative.eu\/it\/wp-json\/wp\/v2\/product\/63724\/revisions"}],"predecessor-version":[{"id":64195,"href":"https:\/\/zennative.eu\/it\/wp-json\/wp\/v2\/product\/63724\/revisions\/64195"}],"wp:featuredmedia":[{"embeddable":true,"href":"https:\/\/zennative.eu\/it\/wp-json\/wp\/v2\/media\/63725"}],"wp:attachment":[{"href":"https:\/\/zennative.eu\/it\/wp-json\/wp\/v2\/media?parent=63724"}],"wp:term":[{"taxonomy":"product_brand","embeddable":true,"href":"https:\/\/zennative.eu\/it\/wp-json\/wp\/v2\/product_brand?post=63724"},{"taxonomy":"product_cat","embeddable":true,"href":"https:\/\/zennative.eu\/it\/wp-json\/wp\/v2\/product_cat?post=63724"},{"taxonomy":"product_tag","embeddable":true,"href":"https:\/\/zennative.eu\/it\/wp-json\/wp\/v2\/product_tag?post=63724"}],"curies":[{"name":"wp","href":"https:\/\/api.w.org\/{rel}","templated":true}]}}