{"id":63304,"date":"2022-02-13T11:04:43","date_gmt":"2024-10-02T17:19:48","guid":{"rendered":"https:\/\/zennative.eu\/product\/olio-di-cbd-a-spettro-completo-3000-mg-30\/"},"modified":"2024-10-05T19:07:08","modified_gmt":"2024-10-05T16:07:08","slug":"olio-di-cbd-a-spettro-completo-3000-mg-30","status":"publish","type":"product","link":"https:\/\/zennative.eu\/it\/prodotto\/olio-di-cbd-a-spettro-completo-3000-mg-30\/","title":{"rendered":"Olio di CBD a spettro completo &#8211; 3000 mg (30%)"},"content":{"rendered":"\t\t<div data-elementor-type=\"product-post\" data-elementor-id=\"63304\" class=\"elementor elementor-63304 elementor-41618\" data-elementor-post-type=\"product\">\n\t\t\t\t\t\t<section class=\"elementor-section elementor-top-section elementor-element elementor-element-4c104f4 elementor-section-boxed elementor-section-height-default elementor-section-height-default\" data-id=\"4c104f4\" data-element_type=\"section\" data-e-type=\"section\">\n\t\t\t\t\t\t<div class=\"elementor-container elementor-column-gap-wide\">\n\t\t\t\t\t<div class=\"elementor-column elementor-col-100 elementor-top-column elementor-element elementor-element-93cefb6\" data-id=\"93cefb6\" data-element_type=\"column\" data-e-type=\"column\">\n\t\t\t<div class=\"elementor-widget-wrap elementor-element-populated\">\n\t\t\t\t\t\t<div class=\"elementor-element elementor-element-6995fa3 elementor-widget elementor-widget-text-editor\" data-id=\"6995fa3\" data-element_type=\"widget\" data-e-type=\"widget\" data-widget_type=\"text-editor.default\">\n\t\t\t\t<div class=\"elementor-widget-container\">\n\t\t\t\t\t\t\t\t\t<p><strong>L&#8217;olio di CBD Zen Native Full Spectrum contiene tutta la potenza della pianta di canapa. Fornisce tutti i cannabinoidi necessari, tra cui<\/strong><strong> CBG, CBC, CBN, THC e 3000 mg di CBD.<\/strong><\/p>\n<p>Questo olio di CBD di qualit\u00e0 superiore contiene tutti i flavonoidi e i terpeni della canapa. L&#8217;olio di CBD a spettro completo di Zen Native, con una concentrazione del 30%, \u00e8 un olio di cannabis dal colore verde-marrone e dal sapore gradevole, facilmente assorbibile dall&#8217;organismo perch\u00e9 disciolto in olio MCT di cocco pregiato.<\/p>\n<p>flacone con pipetta da 10 ml, in vetro ricondizionato a prova di luce. Almeno 200 gocce in totale per flacone.<\/p>\n<p><strong>Per saperne di pi\u00f9:<\/strong> <a href=\"https:\/\/zennative.eu\/it\/che-cose-il-cbd\/\" target=\"_blank\" rel=\"noopener\">Tutto sul CBD?<\/a><\/p>\n\t\t\t\t\t\t\t\t<\/div>\n\t\t\t\t<\/div>\n\t\t\t\t\t<\/div>\n\t\t<\/div>\n\t\t\t\t\t<\/div>\n\t\t<\/section>\n\t\t\t\t<section class=\"elementor-section elementor-top-section elementor-element elementor-element-4aa086c elementor-section-boxed elementor-section-height-default elementor-section-height-default\" data-id=\"4aa086c\" data-element_type=\"section\" data-e-type=\"section\">\n\t\t\t\t\t\t<div class=\"elementor-container elementor-column-gap-default\">\n\t\t\t\t\t<div class=\"elementor-column elementor-col-100 elementor-top-column elementor-element elementor-element-397a537\" data-id=\"397a537\" data-element_type=\"column\" data-e-type=\"column\">\n\t\t\t<div class=\"elementor-widget-wrap elementor-element-populated\">\n\t\t\t\t\t\t<div class=\"elementor-element elementor-element-2f08d37 elementor-widget elementor-widget-the7-accordion\" data-id=\"2f08d37\" data-element_type=\"widget\" data-e-type=\"widget\" data-widget_type=\"the7-accordion.default\">\n\t\t\t\t<div class=\"elementor-widget-container\">\n\t\t\t\t\t\t\t<div class=\"elementor-accordion the7-adv-accordion ac_bb_title ac_bb_active_title ac_top_bottom_borders ac_left_right_borders\" data-accordion-type=\"toggle\" role=\"tablist\">\n\t\t\t\t\t\t\t<div class=\"elementor-accordion-item\">\n\t\t\t\t\t<h3 id=\"elementor-tab-title-4931\" class=\"elementor-tab-title the7-accordion-header deactive-default\" data-tab=\"1\" role=\"tab\" aria-controls=\"elementor-tab-content-4931\">\n\n\t\t\t\t\t\t\t\t\t\t\t\t\t<span class=\"elementor-accordion-icon elementor-accordion-icon-left\" aria-hidden=\"true\">\n\t\t\t\t\t\t\t\t\t\t\t\t\t\t\t<span class=\"elementor-accordion-icon-closed\"><i class=\"fas fa-chevron-down\"><\/i><\/span>\n\t\t\t\t\t\t\t\t\t\t\t\t\t\t\t\t\t<span class=\"elementor-accordion-icon-opened\"><i class=\"fas fa-chevron-up\"><\/i><\/span>\n\t\t\t\t\t\t\t\t\t\t\t\t\t\t\t\t\t\t\t\t\t\t<\/span>\n\t\t\t\t\t\t\t\t\t\t\t\t\t\t\t\t\t\t<a class=\"elementor-accordion-title\" href=\"\">Idea<\/a>\n\t\t\t\t\t<\/h3>\n\t\t\t\t\t<div id=\"elementor-tab-content-4931\" class=\"elementor-tab-content elementor-clearfix deactive-default\" data-tab=\"1\" role=\"tabpanel\" aria-labelledby=\"elementor-tab-title-4931\"><p><strong><br \/>\nL&#8217;idea alla base della creazione dell&#8217;olio di CBD Full Spectrum \u00e8 stata quella di estrarre tutta la potenza della pianta di cannabis di altissima qualit\u00e0. <\/strong>\u00c8 stato creato per le persone per le quali l&#8217;olio di CBD Crystal non aveva un effetto abbastanza evidente.<\/p>\n<p><em>Contiene:<\/em> Estratto di canapa a spettro completo, olio MCT.<\/p>\n<\/div>\n\t\t\t\t<\/div>\n\t\t\t\t\t\t\t<div class=\"elementor-accordion-item\">\n\t\t\t\t\t<h3 id=\"elementor-tab-title-4932\" class=\"elementor-tab-title the7-accordion-header\" data-tab=\"2\" role=\"tab\" aria-controls=\"elementor-tab-content-4932\">\n\n\t\t\t\t\t\t\t\t\t\t\t\t\t<span class=\"elementor-accordion-icon elementor-accordion-icon-left\" aria-hidden=\"true\">\n\t\t\t\t\t\t\t\t\t\t\t\t\t\t\t<span class=\"elementor-accordion-icon-closed\"><i class=\"fas fa-chevron-down\"><\/i><\/span>\n\t\t\t\t\t\t\t\t\t\t\t\t\t\t\t\t\t<span class=\"elementor-accordion-icon-opened\"><i class=\"fas fa-chevron-up\"><\/i><\/span>\n\t\t\t\t\t\t\t\t\t\t\t\t\t\t\t\t\t\t\t\t\t\t<\/span>\n\t\t\t\t\t\t\t\t\t\t\t\t\t\t\t\t\t\t<a class=\"elementor-accordion-title\" href=\"\">Utilizzo sporadico<\/a>\n\t\t\t\t\t<\/h3>\n\t\t\t\t\t<div id=\"elementor-tab-content-4932\" class=\"elementor-tab-content elementor-clearfix\" data-tab=\"2\" role=\"tabpanel\" aria-labelledby=\"elementor-tab-title-4932\"><p>Questo olio possiede tutte le propriet\u00e0 benefiche del CBD, tra cui:<\/p>\n<ul>\n<li style=\"list-style-type: none;\">\n<ul>\n<li><strong>Calma<\/strong> il sistema nervoso, la tensione muscolare e l&#8217;ansia<\/li>\n<li><strong>Aiuta ad addormentarsi<\/strong> e a rimanere addormentati<\/li>\n<li><strong>Abbassa i<\/strong> livelli<strong>dell&#8217;ormone dello stress<\/strong> e dell&#8217;<strong>infiammazione<\/strong><\/li>\n<\/ul>\n<\/li>\n<\/ul>\n<p>per una persona di 75 kg = <strong>5 gocce<\/strong> sotto la lingua.<\/p>\n<p>Una goccia contiene <strong>15 mg di<\/strong> CBD. 1mg di CBD = per 1kg.<\/p>\n<p><strong>Per saperne di pi\u00f9:<\/strong> <a href=\"https:\/\/zennative.eu\/it\/che-cose-il-cbd\/\" target=\"_blank\" rel=\"noopener\">Tutto sul CBD?<\/a><\/p>\n<\/div>\n\t\t\t\t<\/div>\n\t\t\t\t\t\t\t<div class=\"elementor-accordion-item\">\n\t\t\t\t\t<h3 id=\"elementor-tab-title-4933\" class=\"elementor-tab-title the7-accordion-header\" data-tab=\"3\" role=\"tab\" aria-controls=\"elementor-tab-content-4933\">\n\n\t\t\t\t\t\t\t\t\t\t\t\t\t<span class=\"elementor-accordion-icon elementor-accordion-icon-left\" aria-hidden=\"true\">\n\t\t\t\t\t\t\t\t\t\t\t\t\t\t\t<span class=\"elementor-accordion-icon-closed\"><i class=\"fas fa-chevron-down\"><\/i><\/span>\n\t\t\t\t\t\t\t\t\t\t\t\t\t\t\t\t\t<span class=\"elementor-accordion-icon-opened\"><i class=\"fas fa-chevron-up\"><\/i><\/span>\n\t\t\t\t\t\t\t\t\t\t\t\t\t\t\t\t\t\t\t\t\t\t<\/span>\n\t\t\t\t\t\t\t\t\t\t\t\t\t\t\t\t\t\t<a class=\"elementor-accordion-title\" href=\"\">Uso esterno<\/a>\n\t\t\t\t\t<\/h3>\n\t\t\t\t\t<div id=\"elementor-tab-content-4933\" class=\"elementor-tab-content elementor-clearfix\" data-tab=\"3\" role=\"tabpanel\" aria-labelledby=\"elementor-tab-title-4933\"><p>Picchiettare delicatamente 1-3 gocce sulla pelle pulita delle dimensioni del palmo della mano. Evitare il contatto con gli occhi.<\/p>\n<ul>\n<li style=\"list-style-type: none;\">\n<ul>\n<li>Lenisce rapidamente la pelle infiammata<\/li>\n<li>Idratante a lunga durata e adatto anche alle pelli grasse<\/li>\n<li>Aumenta la produzione naturale di collagene<\/li>\n<li>Combatte con successo problemi della pelle come eczema e acne<\/li>\n<li>Lenisce i dolori muscolari e articolari<\/li>\n<\/ul>\n<\/li>\n<\/ul>\n<p><strong>Quale dosaggio scegliere? <\/strong><\/p>\n<p style=\"padding-left: 40px;\"><strong>5%<\/strong> = Per la profilassi e la cura della pelle<\/p>\n<p style=\"padding-left: 40px;\"><strong>15%<\/strong> = Per la cura della pelle problematica, infiammata o acneica<\/p>\n<p style=\"padding-left: 40px;\"><strong>30%<\/strong> = Per il sollievo e il trattamento delle affezioni cutanee<\/p>\n<p><strong>Per saperne di pi\u00f9:<\/strong> <a href=\"https:\/\/zennative.eu\/it\/che-cose-il-cbd\/\" target=\"_blank\" rel=\"noopener\">Tutto sul CBD?<\/a><\/p>\n<\/div>\n\t\t\t\t<\/div>\n\t\t\t\t\t\t\t<div class=\"elementor-accordion-item\">\n\t\t\t\t\t<h3 id=\"elementor-tab-title-4934\" class=\"elementor-tab-title the7-accordion-header\" data-tab=\"4\" role=\"tab\" aria-controls=\"elementor-tab-content-4934\">\n\n\t\t\t\t\t\t\t\t\t\t\t\t\t<span class=\"elementor-accordion-icon elementor-accordion-icon-left\" aria-hidden=\"true\">\n\t\t\t\t\t\t\t\t\t\t\t\t\t\t\t<span class=\"elementor-accordion-icon-closed\"><i class=\"fas fa-chevron-down\"><\/i><\/span>\n\t\t\t\t\t\t\t\t\t\t\t\t\t\t\t\t\t<span class=\"elementor-accordion-icon-opened\"><i class=\"fas fa-chevron-up\"><\/i><\/span>\n\t\t\t\t\t\t\t\t\t\t\t\t\t\t\t\t\t\t\t\t\t\t<\/span>\n\t\t\t\t\t\t\t\t\t\t\t\t\t\t\t\t\t\t<a class=\"elementor-accordion-title\" href=\"\">Informazioni aggiuntive<\/a>\n\t\t\t\t\t<\/h3>\n\t\t\t\t\t<div id=\"elementor-tab-content-4934\" class=\"elementor-tab-content elementor-clearfix\" data-tab=\"4\" role=\"tabpanel\" aria-labelledby=\"elementor-tab-title-4934\"><ul>\n<li>Testato dal Laboratorio Estone di Scienze Forensi | <a href=\"https:\/\/lt.zennative.ee\/Zen-Native-Full-Spectrum-CBD-oli-EKEI-tulemused-uuringuakt-THC-ja-CBD.pdf\" target=\"_blank\" rel=\"noopener\">PDF<\/a><\/li>\n<li>% lo100 di origine sconosciuta<\/li>\n<li>Bottiglia bloccaluce in vetro riciclato<\/li>\n<li>Senza olio di palma, senza OGM e vegano<\/li>\n<li>Prodotto in Estonia<\/li>\n<\/ul>\n<\/div>\n\t\t\t\t<\/div>\n\t\t\t\t\t\t\t<div class=\"elementor-accordion-item\">\n\t\t\t\t\t<h3 id=\"elementor-tab-title-4935\" class=\"elementor-tab-title the7-accordion-header\" data-tab=\"5\" role=\"tab\" aria-controls=\"elementor-tab-content-4935\">\n\n\t\t\t\t\t\t\t\t\t\t\t\t\t<span class=\"elementor-accordion-icon elementor-accordion-icon-left\" aria-hidden=\"true\">\n\t\t\t\t\t\t\t\t\t\t\t\t\t\t\t<span class=\"elementor-accordion-icon-closed\"><i class=\"fas fa-chevron-down\"><\/i><\/span>\n\t\t\t\t\t\t\t\t\t\t\t\t\t\t\t\t\t<span class=\"elementor-accordion-icon-opened\"><i class=\"fas fa-chevron-up\"><\/i><\/span>\n\t\t\t\t\t\t\t\t\t\t\t\t\t\t\t\t\t\t\t\t\t\t<\/span>\n\t\t\t\t\t\t\t\t\t\t\t\t\t\t\t\t\t\t<a class=\"elementor-accordion-title\" href=\"\">Preparazione<\/a>\n\t\t\t\t\t<\/h3>\n\t\t\t\t\t<div id=\"elementor-tab-content-4935\" class=\"elementor-tab-content elementor-clearfix\" data-tab=\"5\" role=\"tabpanel\" aria-labelledby=\"elementor-tab-title-4935\"><p>La canapa di altissima qualit\u00e0 viene estratta con il<sub>metodo <\/sub>della<sub>CO2 <\/sub>supercritica e diluita con olio MCT di cocco.<\/p>\n<p>% pPoich\u00e9 il livello di THC nella polpa estratta dalla pianta di alta qualit\u00e0 supera la tolleranza UE dello 0,3 irlandese, lo facciamo in Svizzera, dove \u00e8 consentito l&#8217;1% di THC. Il THC nell&#8217;olio che vendiamo \u00e8 &lt;0,3%.<\/p>\n<p>Utilizziamo questo metodo perch\u00e9 evita gli inconvenienti dei metodi classici, come la degradazione termica, l&#8217;idrolisi e i residui di solventi.<\/p>\n<p>Scegliendo Zen Native, potete essere certi di ricevere il miglior CBD del mercato.<\/p>\n<\/div>\n\t\t\t\t<\/div>\n\t\t\t\t\t\t\t<div class=\"elementor-accordion-item\">\n\t\t\t\t\t<h3 id=\"elementor-tab-title-4936\" class=\"elementor-tab-title the7-accordion-header\" data-tab=\"6\" role=\"tab\" aria-controls=\"elementor-tab-content-4936\">\n\n\t\t\t\t\t\t\t\t\t\t\t\t\t<span class=\"elementor-accordion-icon elementor-accordion-icon-left\" aria-hidden=\"true\">\n\t\t\t\t\t\t\t\t\t\t\t\t\t\t\t<span class=\"elementor-accordion-icon-closed\"><i class=\"fas fa-chevron-down\"><\/i><\/span>\n\t\t\t\t\t\t\t\t\t\t\t\t\t\t\t\t\t<span class=\"elementor-accordion-icon-opened\"><i class=\"fas fa-chevron-up\"><\/i><\/span>\n\t\t\t\t\t\t\t\t\t\t\t\t\t\t\t\t\t\t\t\t\t\t<\/span>\n\t\t\t\t\t\t\t\t\t\t\t\t\t\t\t\t\t\t<a class=\"elementor-accordion-title\" href=\"\">Stoccaggio presso<\/a>\n\t\t\t\t\t<\/h3>\n\t\t\t\t\t<div id=\"elementor-tab-content-4936\" class=\"elementor-tab-content elementor-clearfix\" data-tab=\"6\" role=\"tabpanel\" aria-labelledby=\"elementor-tab-title-4936\"><ul>\n<li>Conservare al buio e a temperatura ambiente<\/li>\n<li>Evitare di toccare la bocca o la pelle con la pipetta<\/li>\n<\/ul>\n<\/div>\n\t\t\t\t<\/div>\n\t\t\t\t\t<\/div>\n\t\t\t\t\t\t<\/div>\n\t\t\t\t<\/div>\n\t\t\t\t<div class=\"elementor-element elementor-element-8b76d92 elementor-hidden-desktop elementor-hidden-tablet elementor-hidden-mobile elementor-widget elementor-widget-image\" data-id=\"8b76d92\" data-element_type=\"widget\" data-e-type=\"widget\" data-widget_type=\"image.default\">\n\t\t\t\t<div class=\"elementor-widget-container\">\n\t\t\t\t\t\t\t\t\t\t\t\t\t\t\t<img fetchpriority=\"high\" decoding=\"async\" width=\"601\" height=\"800\" src=\"https:\/\/zennative.eu\/wp-content\/uploads\/2021\/10\/Zen-Native-5-Full-Spectrum-CBD-Oil-Taisspektri-CBD-kanepi-oli_2.png\" class=\"attachment-large size-large wp-image-63124\" alt=\"olio di cbd\" srcset=\"https:\/\/zennative.eu\/wp-content\/uploads\/2021\/10\/Zen-Native-5-Full-Spectrum-CBD-Oil-Taisspektri-CBD-kanepi-oli_2.png 601w, https:\/\/zennative.eu\/wp-content\/uploads\/2021\/10\/Zen-Native-5-Full-Spectrum-CBD-Oil-Taisspektri-CBD-kanepi-oli_2-225x300.png 225w\" sizes=\"(max-width: 601px) 100vw, 601px\" \/>\t\t\t\t\t\t\t\t\t\t\t\t\t\t\t<\/div>\n\t\t\t\t<\/div>\n\t\t\t\t<div class=\"elementor-element elementor-element-08122ab elementor-widget elementor-widget-shortcode\" data-id=\"08122ab\" data-element_type=\"widget\" data-e-type=\"widget\" data-widget_type=\"shortcode.default\">\n\t\t\t\t<div class=\"elementor-widget-container\">\n\t\t\t\t\t\t\t<div class=\"elementor-shortcode\"> \n   <\/div>\n\t\t\t\t\t\t<\/div>\n\t\t\t\t<\/div>\n\t\t\t\t\t<\/div>\n\t\t<\/div>\n\t\t\t\t\t<\/div>\n\t\t<\/section>\n\t\t\t\t<\/div>\n\t\t","protected":false},"excerpt":{"rendered":"<p><strong>L&#8217;olio di CBD Zen Native Full Spectrum contiene tutta la potenza della pianta di canapa. Contiene tutti i cannabinoidi, tra cui<\/strong><strong> CBG, CBC, CBN, THC e 3000 mg di CBD.<\/strong> Questo olio di CBD di qualit\u00e0 superiore contiene flavonoidi e terpeni della pianta di canapa. L&#8217;olio di CBD al 30% Full Spectrum di Zen Native \u00e8 un olio verde-marrone, dal gradevole sapore di cannabis, facilmente assorbibile dall&#8217;organismo perch\u00e9 disciolto in olio MCT di cocco.<\/p>\n<p>flacone con pipetta da 10 ml, in vetro riciclato a prova di luce. Minimo 200 gocce per flacone.<\/p>\n","protected":false},"featured_media":63282,"comment_status":"closed","ping_status":"closed","template":"","meta":[],"product_brand":[],"product_cat":[768],"product_tag":[769,800,797,798,799,835,794,795,796],"class_list":{"0":"post-63304","1":"product","2":"type-product","3":"status-publish","4":"has-post-thumbnail","6":"product_cat-oli-di-cbd","7":"product_tag-cbd-it","8":"product_tag-cbd-tilgad-it","9":"product_tag-mct-it","10":"product_tag-olio-di-canapa-cbd","11":"product_tag-olio-per-la-salute","12":"product_tag-pellet-di-canapa","13":"product_tag-spettro-completo","14":"product_tag-spettro-completo-it","15":"product_tag-terpeni-e-flavonoidi-in-kenep","17":"first","18":"instock","19":"shipping-taxable","20":"purchasable","21":"product-type-simple"},"_links":{"self":[{"href":"https:\/\/zennative.eu\/it\/wp-json\/wp\/v2\/product\/63304","targetHints":{"allow":["GET"]}}],"collection":[{"href":"https:\/\/zennative.eu\/it\/wp-json\/wp\/v2\/product"}],"about":[{"href":"https:\/\/zennative.eu\/it\/wp-json\/wp\/v2\/types\/product"}],"replies":[{"embeddable":true,"href":"https:\/\/zennative.eu\/it\/wp-json\/wp\/v2\/comments?post=63304"}],"version-history":[{"count":7,"href":"https:\/\/zennative.eu\/it\/wp-json\/wp\/v2\/product\/63304\/revisions"}],"predecessor-version":[{"id":64182,"href":"https:\/\/zennative.eu\/it\/wp-json\/wp\/v2\/product\/63304\/revisions\/64182"}],"wp:featuredmedia":[{"embeddable":true,"href":"https:\/\/zennative.eu\/it\/wp-json\/wp\/v2\/media\/63282"}],"wp:attachment":[{"href":"https:\/\/zennative.eu\/it\/wp-json\/wp\/v2\/media?parent=63304"}],"wp:term":[{"taxonomy":"product_brand","embeddable":true,"href":"https:\/\/zennative.eu\/it\/wp-json\/wp\/v2\/product_brand?post=63304"},{"taxonomy":"product_cat","embeddable":true,"href":"https:\/\/zennative.eu\/it\/wp-json\/wp\/v2\/product_cat?post=63304"},{"taxonomy":"product_tag","embeddable":true,"href":"https:\/\/zennative.eu\/it\/wp-json\/wp\/v2\/product_tag?post=63304"}],"curies":[{"name":"wp","href":"https:\/\/api.w.org\/{rel}","templated":true}]}}