{"id":63164,"date":"2021-12-07T18:29:44","date_gmt":"2024-10-02T17:14:30","guid":{"rendered":"https:\/\/zennative.eu\/product\/tonico-per-il-viso-al-cbd-3xc-1-cbd-vitamina-c\/"},"modified":"2024-10-02T20:40:44","modified_gmt":"2024-10-02T17:40:44","slug":"tonico-per-il-viso-al-cbd-3xc-1-cbd-vitamina-c","status":"publish","type":"product","link":"https:\/\/zennative.eu\/it\/prodotto\/tonico-per-il-viso-al-cbd-3xc-1-cbd-vitamina-c\/","title":{"rendered":"Tonico per il viso al CBD 3XC 1% CBD + Vitamina C"},"content":{"rendered":"\t\t<div data-elementor-type=\"product-post\" data-elementor-id=\"63164\" class=\"elementor elementor-63164 elementor-39969\" data-elementor-post-type=\"product\">\n\t\t\t\t\t\t<section class=\"elementor-section elementor-top-section elementor-element elementor-element-4c104f4 elementor-section-boxed elementor-section-height-default elementor-section-height-default\" data-id=\"4c104f4\" data-element_type=\"section\" data-e-type=\"section\">\n\t\t\t\t\t\t<div class=\"elementor-container elementor-column-gap-wide\">\n\t\t\t\t\t<div class=\"elementor-column elementor-col-100 elementor-top-column elementor-element elementor-element-93cefb6\" data-id=\"93cefb6\" data-element_type=\"column\" data-e-type=\"column\">\n\t\t\t<div class=\"elementor-widget-wrap elementor-element-populated\">\n\t\t\t\t\t\t<div class=\"elementor-element elementor-element-2f08d37 elementor-widget elementor-widget-the7-accordion\" data-id=\"2f08d37\" data-element_type=\"widget\" data-e-type=\"widget\" data-widget_type=\"the7-accordion.default\">\n\t\t\t\t<div class=\"elementor-widget-container\">\n\t\t\t\t\t\t\t<div class=\"elementor-accordion the7-adv-accordion ac_bb_title ac_bb_active_title ac_top_bottom_borders ac_left_right_borders\" data-accordion-type=\"toggle\" role=\"tablist\">\n\t\t\t\t\t\t\t<div class=\"elementor-accordion-item\">\n\t\t\t\t\t<h3 id=\"elementor-tab-title-4931\" class=\"elementor-tab-title the7-accordion-header deactive-default\" data-tab=\"1\" role=\"tab\" aria-controls=\"elementor-tab-content-4931\">\n\n\t\t\t\t\t\t\t\t\t\t\t\t\t<span class=\"elementor-accordion-icon elementor-accordion-icon-left\" aria-hidden=\"true\">\n\t\t\t\t\t\t\t\t\t\t\t\t\t\t\t<span class=\"elementor-accordion-icon-closed\"><i class=\"fas fa-chevron-down\"><\/i><\/span>\n\t\t\t\t\t\t\t\t\t\t\t\t\t\t\t\t\t<span class=\"elementor-accordion-icon-opened\"><i class=\"fas fa-chevron-up\"><\/i><\/span>\n\t\t\t\t\t\t\t\t\t\t\t\t\t\t\t\t\t\t\t\t\t\t<\/span>\n\t\t\t\t\t\t\t\t\t\t\t\t\t\t\t\t\t\t<a class=\"elementor-accordion-title\" href=\"\">Idea<\/a>\n\t\t\t\t\t<\/h3>\n\t\t\t\t\t<div id=\"elementor-tab-content-4931\" class=\"elementor-tab-content elementor-clearfix deactive-default\" data-tab=\"1\" role=\"tabpanel\" aria-labelledby=\"elementor-tab-title-4931\"><p><strong>3 volte C, ma non solo. <\/strong>Volevamo creare un prodotto cosmetico CBD per tutti i giorni che contenesse super-antiossidanti, vitamine e oli essenziali sia idrosolubili che liposolubili. Un elisir di bellezza completo <em>e unisex<\/em>.<\/p>\n<p>Questo tonico unico protegge la pelle dall&#8217;invecchiamento e combatte i radicali liberi. L&#8217;uso quotidiano ringiovanisce visibilmente la pelle e ne accelera i processi di guarigione.<\/p>\n<p>\u00c8 stato dimostrato che le vitamine vengono assorbite dalla pelle fino a 10 volte meglio!<\/p>\n<\/div>\n\t\t\t\t<\/div>\n\t\t\t\t\t\t\t<div class=\"elementor-accordion-item\">\n\t\t\t\t\t<h3 id=\"elementor-tab-title-4932\" class=\"elementor-tab-title the7-accordion-header\" data-tab=\"2\" role=\"tab\" aria-controls=\"elementor-tab-content-4932\">\n\n\t\t\t\t\t\t\t\t\t\t\t\t\t<span class=\"elementor-accordion-icon elementor-accordion-icon-left\" aria-hidden=\"true\">\n\t\t\t\t\t\t\t\t\t\t\t\t\t\t\t<span class=\"elementor-accordion-icon-closed\"><i class=\"fas fa-chevron-down\"><\/i><\/span>\n\t\t\t\t\t\t\t\t\t\t\t\t\t\t\t\t\t<span class=\"elementor-accordion-icon-opened\"><i class=\"fas fa-chevron-up\"><\/i><\/span>\n\t\t\t\t\t\t\t\t\t\t\t\t\t\t\t\t\t\t\t\t\t\t<\/span>\n\t\t\t\t\t\t\t\t\t\t\t\t\t\t\t\t\t\t<a class=\"elementor-accordion-title\" href=\"\">Uso esterno<\/a>\n\t\t\t\t\t<\/h3>\n\t\t\t\t\t<div id=\"elementor-tab-content-4932\" class=\"elementor-tab-content elementor-clearfix\" data-tab=\"2\" role=\"tabpanel\" aria-labelledby=\"elementor-tab-title-4932\"><p><strong>Tamponare qualche goccia di tonico sul viso o sulla pelle pulita, mattina e sera. <\/strong>Ideale da usare come primo strato prima del Siero al CBD.<\/p>\n<ul>\n<li style=\"list-style-type: none;\">\n<ul>\n<li>\n<p>Nutre profondamente la pelle<\/p>\n<\/li>\n<li>\n<p>Idrata e rassoda la pelle<\/p>\n<\/li>\n<li>\n<p>Aumenta la produzione naturale di collagene<\/p>\n<\/li>\n<li>\n<p>Ideale per la pelle a tendenza acneica<\/p>\n<\/li>\n<\/ul>\n<\/li>\n<\/ul>\n<p>Per saperne di pi\u00f9 <a href=\"https:\/\/zennative.eu\/et\/mis-on-cbd\/\">sui<\/a> cosmetici al CBD, cliccate qui<\/p>\n<\/div>\n\t\t\t\t<\/div>\n\t\t\t\t\t\t\t<div class=\"elementor-accordion-item\">\n\t\t\t\t\t<h3 id=\"elementor-tab-title-4933\" class=\"elementor-tab-title the7-accordion-header\" data-tab=\"3\" role=\"tab\" aria-controls=\"elementor-tab-content-4933\">\n\n\t\t\t\t\t\t\t\t\t\t\t\t\t<span class=\"elementor-accordion-icon elementor-accordion-icon-left\" aria-hidden=\"true\">\n\t\t\t\t\t\t\t\t\t\t\t\t\t\t\t<span class=\"elementor-accordion-icon-closed\"><i class=\"fas fa-chevron-down\"><\/i><\/span>\n\t\t\t\t\t\t\t\t\t\t\t\t\t\t\t\t\t<span class=\"elementor-accordion-icon-opened\"><i class=\"fas fa-chevron-up\"><\/i><\/span>\n\t\t\t\t\t\t\t\t\t\t\t\t\t\t\t\t\t\t\t\t\t\t<\/span>\n\t\t\t\t\t\t\t\t\t\t\t\t\t\t\t\t\t\t<a class=\"elementor-accordion-title\" href=\"\">Composizione<\/a>\n\t\t\t\t\t<\/h3>\n\t\t\t\t\t<div id=\"elementor-tab-content-4933\" class=\"elementor-tab-content elementor-clearfix\" data-tab=\"3\" role=\"tabpanel\" aria-labelledby=\"elementor-tab-title-4933\"><p>Acqua, C8, CBD, Vitamina C, Vitamina E, B12, T\u00e8 verde, Aloe vera, Ippocastano, Gotu Kola, Ulva compressa, Citronella.<\/p>\n<p><strong>CBD <\/strong><\/p>\n<p>Molecola attiva cristallizzata proveniente dalla canapa che stimola la produzione naturale di collagene della pelle, riduce rapidamente infiammazioni e arrossamenti, normalizza la produzione di olio e l&#8217;equilibrio ormonale, migliorando la pelle a tendenza acneica.<\/p>\n<p><strong>Vitamina C<\/strong><\/p>\n<p>In forma stabilizzata, stimola la circolazione cutanea, riduce i capillari rotti, regola la pigmentazione e uniforma il tono della pelle.<\/p>\n<p><strong>C8<\/strong><\/p>\n<p>Una miracolosa molecola di acido grasso proveniente dalla noce di cocco, idrata profondamente e purifica la pelle. Normalizza i livelli di lievito e ha propriet\u00e0 antimicotiche.<\/p>\n<p><strong>T\u00e8 verde <\/strong><\/p>\n<p>Questo estratto energizza la pelle e la purifica dai metalli pesanti. Contiene tannini, polifenoli, caffeina e fluoro.<\/p>\n<p><strong>Aloe vera<\/strong><\/p>\n<p>Succo idratante, antinfiammatorio e ricostituente. Contiene B12, aminoacidi essenziali e fibre essenziali.<\/p>\n<p><strong>Ippocastano<\/strong><\/p>\n<p>L&#8217;estratto riduce le borse e i gonfiori e ha un effetto tensore sulla pelle.<\/p>\n<p><strong>Gotu Kola<\/strong><\/p>\n<p>Stimola la funzione delle cellule connettive e ha un effetto rassodante sulla pelle. Contiene saponine &#8211; sostanze fitochimiche vegetali, accelera la produzione di collagene e la guarigione delle ferite.<\/p>\n<p><strong>Ulva Compressa <\/strong><\/p>\n<p>L&#8217;estratto di alghe ricco di sostanze nutritive aumenta l&#8217;elasticit\u00e0 della pelle e riduce il prurito e il fastidio.<\/p>\n<p><strong>Citronella<\/strong><\/p>\n<p>Oltre al suo meraviglioso profumo energizzante, l&#8217;olio della foglia di cipresso fornisce anche propriet\u00e0 di pulizia e rifinitura della pelle.<\/p>\n<p><strong>Vitamina E <\/strong><\/p>\n<p>Antiossidante idratante e nutriente che aumenta l&#8217;elasticit\u00e0 dei tessuti.<\/p>\n<p><em>Conservanti: glicerina, propandiolo, gomma di gellano, fenossietanolo, alchil acrilato cross-polimero, etilesil glicerina, dimeticone, sodio laurilsolfato, idrossido di sodio, acido etilendiamminotetraacetico.<\/em><\/p>\n<\/div>\n\t\t\t\t<\/div>\n\t\t\t\t\t\t\t<div class=\"elementor-accordion-item\">\n\t\t\t\t\t<h3 id=\"elementor-tab-title-4934\" class=\"elementor-tab-title the7-accordion-header\" data-tab=\"4\" role=\"tab\" aria-controls=\"elementor-tab-content-4934\">\n\n\t\t\t\t\t\t\t\t\t\t\t\t\t<span class=\"elementor-accordion-icon elementor-accordion-icon-left\" aria-hidden=\"true\">\n\t\t\t\t\t\t\t\t\t\t\t\t\t\t\t<span class=\"elementor-accordion-icon-closed\"><i class=\"fas fa-chevron-down\"><\/i><\/span>\n\t\t\t\t\t\t\t\t\t\t\t\t\t\t\t\t\t<span class=\"elementor-accordion-icon-opened\"><i class=\"fas fa-chevron-up\"><\/i><\/span>\n\t\t\t\t\t\t\t\t\t\t\t\t\t\t\t\t\t\t\t\t\t\t<\/span>\n\t\t\t\t\t\t\t\t\t\t\t\t\t\t\t\t\t\t<a class=\"elementor-accordion-title\" href=\"\">Preparazione<\/a>\n\t\t\t\t\t<\/h3>\n\t\t\t\t\t<div id=\"elementor-tab-content-4934\" class=\"elementor-tab-content elementor-clearfix\" data-tab=\"4\" role=\"tabpanel\" aria-labelledby=\"elementor-tab-title-4934\"><p>Qui \u00e8 racchiusa una quantit\u00e0 mistica di bont\u00e0. Cristalli, estratti e oli di altissima qualit\u00e0.<\/p>\n<\/div>\n\t\t\t\t<\/div>\n\t\t\t\t\t\t\t<div class=\"elementor-accordion-item\">\n\t\t\t\t\t<h3 id=\"elementor-tab-title-4935\" class=\"elementor-tab-title the7-accordion-header\" data-tab=\"5\" role=\"tab\" aria-controls=\"elementor-tab-content-4935\">\n\n\t\t\t\t\t\t\t\t\t\t\t\t\t<span class=\"elementor-accordion-icon elementor-accordion-icon-left\" aria-hidden=\"true\">\n\t\t\t\t\t\t\t\t\t\t\t\t\t\t\t<span class=\"elementor-accordion-icon-closed\"><i class=\"fas fa-chevron-down\"><\/i><\/span>\n\t\t\t\t\t\t\t\t\t\t\t\t\t\t\t\t\t<span class=\"elementor-accordion-icon-opened\"><i class=\"fas fa-chevron-up\"><\/i><\/span>\n\t\t\t\t\t\t\t\t\t\t\t\t\t\t\t\t\t\t\t\t\t\t<\/span>\n\t\t\t\t\t\t\t\t\t\t\t\t\t\t\t\t\t\t<a class=\"elementor-accordion-title\" href=\"\">Stoccaggio presso<\/a>\n\t\t\t\t\t<\/h3>\n\t\t\t\t\t<div id=\"elementor-tab-content-4935\" class=\"elementor-tab-content elementor-clearfix\" data-tab=\"5\" role=\"tabpanel\" aria-labelledby=\"elementor-tab-title-4935\"><ul>\n<li>Conservare al buio e a temperatura ambiente<\/li>\n<li>Evitare di toccare la pelle con la pipetta<\/li>\n<\/ul>\n<\/div>\n\t\t\t\t<\/div>\n\t\t\t\t\t<\/div>\n\t\t\t\t\t\t<\/div>\n\t\t\t\t<\/div>\n\t\t\t\t<div class=\"elementor-element elementor-element-2e64ecd elementor-hidden-desktop elementor-hidden-tablet elementor-hidden-mobile elementor-widget elementor-widget-image\" data-id=\"2e64ecd\" data-element_type=\"widget\" data-e-type=\"widget\" data-widget_type=\"image.default\">\n\t\t\t\t<div class=\"elementor-widget-container\">\n\t\t\t\t\t\t\t\t\t\t\t\t\t\t\t<img fetchpriority=\"high\" decoding=\"async\" width=\"601\" height=\"801\" src=\"https:\/\/zennative.eu\/wp-content\/uploads\/2021\/12\/Artboard-1-copy-82.png\" class=\"attachment-large size-large wp-image-63168\" alt=\"cbd\" srcset=\"https:\/\/zennative.eu\/wp-content\/uploads\/2021\/12\/Artboard-1-copy-82.png 601w, https:\/\/zennative.eu\/wp-content\/uploads\/2021\/12\/Artboard-1-copy-82-225x300.png 225w\" sizes=\"(max-width: 601px) 100vw, 601px\" \/>\t\t\t\t\t\t\t\t\t\t\t\t\t\t\t<\/div>\n\t\t\t\t<\/div>\n\t\t\t\t\t<\/div>\n\t\t<\/div>\n\t\t\t\t\t<\/div>\n\t\t<\/section>\n\t\t\t\t<\/div>\n\t\t","protected":false},"excerpt":{"rendered":"<p>Il nostro nuovo super-tonico ad azione rapida \u00e8 uno strato di base quotidiano per una pelle riccamente curata.<\/p>\n","protected":false},"featured_media":63165,"comment_status":"closed","ping_status":"closed","template":"","meta":[],"product_brand":[],"product_cat":[821],"product_tag":[770,769,822,823],"class_list":{"0":"post-63164","1":"product","2":"type-product","3":"status-publish","4":"has-post-thumbnail","6":"product_cat-cosmetici-al-cbd","7":"product_tag-c8-it","8":"product_tag-cbd-it","9":"product_tag-vitamina-c","10":"product_tag-vitamina-d","12":"first","13":"outofstock","14":"shipping-taxable","15":"purchasable","16":"product-type-simple"},"_links":{"self":[{"href":"https:\/\/zennative.eu\/it\/wp-json\/wp\/v2\/product\/63164","targetHints":{"allow":["GET"]}}],"collection":[{"href":"https:\/\/zennative.eu\/it\/wp-json\/wp\/v2\/product"}],"about":[{"href":"https:\/\/zennative.eu\/it\/wp-json\/wp\/v2\/types\/product"}],"replies":[{"embeddable":true,"href":"https:\/\/zennative.eu\/it\/wp-json\/wp\/v2\/comments?post=63164"}],"version-history":[{"count":5,"href":"https:\/\/zennative.eu\/it\/wp-json\/wp\/v2\/product\/63164\/revisions"}],"predecessor-version":[{"id":63666,"href":"https:\/\/zennative.eu\/it\/wp-json\/wp\/v2\/product\/63164\/revisions\/63666"}],"wp:featuredmedia":[{"embeddable":true,"href":"https:\/\/zennative.eu\/it\/wp-json\/wp\/v2\/media\/63165"}],"wp:attachment":[{"href":"https:\/\/zennative.eu\/it\/wp-json\/wp\/v2\/media?parent=63164"}],"wp:term":[{"taxonomy":"product_brand","embeddable":true,"href":"https:\/\/zennative.eu\/it\/wp-json\/wp\/v2\/product_brand?post=63164"},{"taxonomy":"product_cat","embeddable":true,"href":"https:\/\/zennative.eu\/it\/wp-json\/wp\/v2\/product_cat?post=63164"},{"taxonomy":"product_tag","embeddable":true,"href":"https:\/\/zennative.eu\/it\/wp-json\/wp\/v2\/product_tag?post=63164"}],"curies":[{"name":"wp","href":"https:\/\/api.w.org\/{rel}","templated":true}]}}