{"id":64308,"date":"2024-10-21T16:12:46","date_gmt":"2024-10-21T13:12:46","guid":{"rendered":"https:\/\/zennative.eu\/cbd-e-ricerca-clinica\/"},"modified":"2024-10-21T16:12:51","modified_gmt":"2024-10-21T13:12:51","slug":"cbd-e-ricerca-clinica","status":"publish","type":"page","link":"https:\/\/zennative.eu\/it\/cbd-e-ricerca-clinica\/","title":{"rendered":"CBD e ricerca clinica"},"content":{"rendered":"\t\t<div data-elementor-type=\"wp-page\" data-elementor-id=\"64308\" class=\"elementor elementor-64308 elementor-64283\" data-elementor-post-type=\"page\">\n\t\t\t\t\t\t<section class=\"elementor-section elementor-top-section elementor-element elementor-element-4f26e5ce elementor-section-boxed elementor-section-height-default elementor-section-height-default\" data-id=\"4f26e5ce\" data-element_type=\"section\" data-e-type=\"section\" data-settings=\"{&quot;background_background&quot;:&quot;slideshow&quot;,&quot;background_slideshow_gallery&quot;:[{&quot;id&quot;:64285,&quot;url&quot;:&quot;https:\\\/\\\/zennative.eu\\\/wp-content\\\/uploads\\\/2024\\\/10\\\/ZN_H2A8131.png&quot;}],&quot;background_slideshow_loop&quot;:&quot;yes&quot;,&quot;background_slideshow_slide_duration&quot;:5000,&quot;background_slideshow_slide_transition&quot;:&quot;fade&quot;,&quot;background_slideshow_transition_duration&quot;:500}\">\n\t\t\t\t\t\t<div class=\"elementor-container elementor-column-gap-default\">\n\t\t\t\t\t<div class=\"elementor-column elementor-col-100 elementor-top-column elementor-element elementor-element-8b79dbe\" data-id=\"8b79dbe\" data-element_type=\"column\" data-e-type=\"column\" data-settings=\"{&quot;background_background&quot;:&quot;slideshow&quot;,&quot;background_slideshow_gallery&quot;:[],&quot;background_slideshow_loop&quot;:&quot;yes&quot;,&quot;background_slideshow_slide_duration&quot;:5000,&quot;background_slideshow_slide_transition&quot;:&quot;fade&quot;,&quot;background_slideshow_transition_duration&quot;:500}\">\n\t\t\t<div class=\"elementor-widget-wrap elementor-element-populated\">\n\t\t\t\t\t\t<div class=\"elementor-element elementor-element-101e4823 elementor-widget elementor-widget-heading\" data-id=\"101e4823\" data-element_type=\"widget\" data-e-type=\"widget\" data-widget_type=\"heading.default\">\n\t\t\t\t<div class=\"elementor-widget-container\">\n\t\t\t\t\t<h1 class=\"elementor-heading-title elementor-size-default\">Ricerca clinica sul CBD<\/h1>\t\t\t\t<\/div>\n\t\t\t\t<\/div>\n\t\t\t\t\t<\/div>\n\t\t<\/div>\n\t\t\t\t\t<\/div>\n\t\t<\/section>\n\t\t\t\t<section class=\"elementor-section elementor-top-section elementor-element elementor-element-27f4d9d5 elementor-section-boxed elementor-section-height-default elementor-section-height-default\" data-id=\"27f4d9d5\" data-element_type=\"section\" data-e-type=\"section\">\n\t\t\t\t\t\t<div class=\"elementor-container elementor-column-gap-default\">\n\t\t\t\t\t<div class=\"elementor-column elementor-col-50 elementor-top-column elementor-element elementor-element-75575298\" data-id=\"75575298\" data-element_type=\"column\" data-e-type=\"column\">\n\t\t\t<div class=\"elementor-widget-wrap elementor-element-populated\">\n\t\t\t\t\t\t<div class=\"elementor-element elementor-element-145d8e8c elementor-invisible elementor-widget elementor-widget-text-editor\" data-id=\"145d8e8c\" data-element_type=\"widget\" data-e-type=\"widget\" data-settings=\"{&quot;_animation&quot;:&quot;fadeIn&quot;}\" data-widget_type=\"text-editor.default\">\n\t\t\t\t<div class=\"elementor-widget-container\">\n\t\t\t\t\t\t\t\t\t<h4>La ricerca clinica sul CBD \u00e8 un campo in rapido sviluppo focalizzato sullo studio dei benefici per la salute della cannabis.<\/h4>\n<p> Sono stati pubblicati dozzine di studi sottoposti a revisione paritaria che confermano che il CBD ha una serie di effetti terapeutici, tra cui il sollievo da ansia, insonnia, dolore cronico e infiammazione.<\/p>\n<p> \u00c8 stato scoperto che il CBD aiuta anche contro l\u2019epilessia e le malattie neurologiche, ad esempio riducendo l\u2019insorgenza di convulsioni in pazienti che non rispondono ai farmaci convenzionali.<\/p>\n<p> Sebbene dal 2017 siano stati condotti numerosi studi clinici randomizzati di alta qualit\u00e0, oggi sono ancora in corso diversi studi sull\u2019uomo molto interessanti.<\/p>\n<h2> <strong><br \/>Ricerca in corso<br \/><\/strong><\/h2>\n<p> <strong>Ecco un collegamento a un elenco<\/strong> di studi clinici sull&#39;uomo in corso presso la sola Universit\u00e0 di San Diego, i cui risultati attendiamo con impazienza:<\/p>\n<p> <strong><a href=\"https:\/\/clinicaltrials.ucsd.edu\/cannabidiol\" target=\"_blank\" rel=\"noopener\">https:\/\/clinicaltrials.ucsd.edu\/cannabidiol<\/a><br \/><\/strong><\/p>\n<p><strong><br \/><\/strong> Ecco il link al registro delle sperimentazioni cliniche dell\u2019Unione Europea: <strong><br \/><a href=\"https:\/\/www.clinicaltrialsregister.eu\/ctr-search\/search?query=cannabidiol&amp;status=ongoing\" target=\"_blank\" rel=\"noopener\">https:\/\/www.clinicaltrialsregister.eu\/<\/a><br \/><\/strong><\/p>\n\t\t\t\t\t\t\t\t<\/div>\n\t\t\t\t<\/div>\n\t\t\t\t\t<\/div>\n\t\t<\/div>\n\t\t\t\t<div class=\"elementor-column elementor-col-50 elementor-top-column elementor-element elementor-element-3335f401\" data-id=\"3335f401\" data-element_type=\"column\" data-e-type=\"column\">\n\t\t\t<div class=\"elementor-widget-wrap elementor-element-populated\">\n\t\t\t\t\t\t<div class=\"elementor-element elementor-element-1481de77 elementor-invisible elementor-widget elementor-widget-text-editor\" data-id=\"1481de77\" data-element_type=\"widget\" data-e-type=\"widget\" data-settings=\"{&quot;_animation&quot;:&quot;fadeIn&quot;}\" data-widget_type=\"text-editor.default\">\n\t\t\t\t<div class=\"elementor-widget-container\">\n\t\t\t\t\t\t\t\t\t<h4>La posizione dell\u2019Ente estone per i medicinali gi\u00e0 nel 2017 riguardo ai cannabinoidi nella medicina clinica basata sulla ricerca:<\/h4>\n<ol>\n<li style=\"list-style-type: none;\">\n<ol>\n<li> Le sostanze che influenzano il sistema endocannabinoide hanno un potenziale di sviluppo farmaceutico in diversi campi medici\n<\/li>\n<li> <span style=\"letter-spacing: var(--the7-base-letter-spacing); text-transform: var(--the7-base-text-transform); word-spacing: normal; text-decoration: var(--the7-base-text-decoration);\"><span style=\"letter-spacing: var(--the7-base-letter-spacing); text-transform: var(--the7-base-text-transform); word-spacing: normal; text-decoration: var(--the7-base-text-decoration);\">Gli Stati devono consentire che gli studi preclinici e clinici sui cannabinoidi siano condotti liberamente per testare ipotesi scientificamente valide\n<p><\/span><\/span><\/li>\n<li> Il fumo di marijuana non \u00e8 un metodo di somministrazione adatto per l&#8217;uso in medicina clinica o per la ricerca, devono essere sviluppati preparati con un metodo di somministrazione sicuro con una composizione nota con precisione;\n<\/li>\n<li> Affinch\u00e9 una molecola promettente possa diventare un farmaco, \u00e8 necessario preparare un preparato di alta qualit\u00e0 e dimostrare un ragionevole equilibrio tra benefici e rischi in studi clinici randomizzati, anche per sostanze che agiscono sul sistema endocannabinoide;<\/li>\n<\/ol>\n<\/li>\n<\/ol>\n<ol>\n<li style=\"list-style-type: none;\"><\/li>\n<\/ol>\n<p> Fonte: Dottore estone 2017; 96(6):354\u2013356<\/p>\n\t\t\t\t\t\t\t\t<\/div>\n\t\t\t\t<\/div>\n\t\t\t\t\t<\/div>\n\t\t<\/div>\n\t\t\t\t\t<\/div>\n\t\t<\/section>\n\t\t\t\t<section class=\"elementor-section elementor-top-section elementor-element elementor-element-db137de elementor-section-boxed elementor-section-height-default elementor-section-height-default\" data-id=\"db137de\" data-element_type=\"section\" data-e-type=\"section\">\n\t\t\t\t\t\t<div class=\"elementor-container elementor-column-gap-default\">\n\t\t\t\t\t<div class=\"elementor-column elementor-col-100 elementor-top-column elementor-element elementor-element-3bd60a72\" data-id=\"3bd60a72\" data-element_type=\"column\" data-e-type=\"column\">\n\t\t\t<div class=\"elementor-widget-wrap elementor-element-populated\">\n\t\t\t\t\t\t<div class=\"elementor-element elementor-element-44a45719 elementor-widget elementor-widget-text-editor\" data-id=\"44a45719\" data-element_type=\"widget\" data-e-type=\"widget\" data-widget_type=\"text-editor.default\">\n\t\t\t\t<div class=\"elementor-widget-container\">\n\t\t\t\t\t\t\t\t\t<h2><strong>Studi completati<\/strong><\/h2>\n<\/p>\n<h4 style=\"padding-left: 40px;\"><b><\/b> <strong>CBD e sollievo dall&#8217;ansia<\/strong><b><br \/><\/b><\/h4>\n<p style=\"padding-left: 40px;\"> Uno studio dell\u2019Universit\u00e0 del Colorado ha scoperto che il CBD aiuta a ridurre l\u2019ansia senza gli effetti collaterali del THC.<\/p>\n<h4 style=\"padding-left: 40px;\"> <span style=\"color: #d6b069;\"><a style=\"color: #d6b069;\" href=\"http:\/\/www.colorado.edu\/today\/2024\/02\/27\/cbd-shown-ease-anxiety-without-risks-can-come-thc\" target=\"_blank\" rel=\"noopener\">\u00bb Leggi lo studio sul sito dell&#8217;Universit\u00e0 del Colorado<\/a><\/span><\/h4>\n\t\t\t\t\t\t\t\t<\/div>\n\t\t\t\t<\/div>\n\t\t\t\t<div class=\"elementor-element elementor-element-59d79f06 elementor-widget elementor-widget-text-editor\" data-id=\"59d79f06\" data-element_type=\"widget\" data-e-type=\"widget\" data-widget_type=\"text-editor.default\">\n\t\t\t\t<div class=\"elementor-widget-container\">\n\t\t\t\t\t\t\t\t\t<h4 style=\"padding-left: 40px;\"><b><\/b><strong>Effetti del CBD sullo stress e sui problemi del sonno<\/strong><b><br \/><\/b><\/h4>\n<p style=\"padding-left: 40px;\"> Il Journal of Cannabis Research ha pubblicato uno studio sull&#8217;uso del CBD per trattare stress, ansia e problemi del sonno.<\/p>\n<h4 style=\"padding-left: 40px;\"> <span style=\"color: #d6b069;\"><a style=\"color: #d6b069;\" href=\"https:\/\/jcannabisresearch.biomedcentral.com\/articles\/10.1186\/s42238-021-00061-5\" target=\"_blank\" rel=\"noopener\">\u00bbLeggi lo studio sul Journal of Cannabis Research<\/a><\/span><\/h4>\n\t\t\t\t\t\t\t\t<\/div>\n\t\t\t\t<\/div>\n\t\t\t\t<div class=\"elementor-element elementor-element-60f56c66 elementor-widget elementor-widget-text-editor\" data-id=\"60f56c66\" data-element_type=\"widget\" data-e-type=\"widget\" data-widget_type=\"text-editor.default\">\n\t\t\t\t<div class=\"elementor-widget-container\">\n\t\t\t\t\t\t\t\t\t<h4 style=\"padding-left: 40px;\"><b><\/b><strong>Uno studio sugli utilizzatori di CBD su stress, insonnia e ansia.<\/strong><b><br \/><\/b><\/h4>\n<p style=\"padding-left: 40px;\"> Lo studio BioMed contiene risultati del sondaggio e grafici<\/p>\n<h4 style=\"padding-left: 40px;\"> <span style=\"color: #d6b069;\"><a style=\"color: #d6b069;\" href=\"https:\/\/jcannabisresearch.biomedcentral.com\/articles\/10.1186\/s42238-021-00061-5\" target=\"_blank\" rel=\"noopener\">\u00bb Leggi lo studio sulla pagina BioMed Central<\/a><\/span><\/h4>\n\t\t\t\t\t\t\t\t<\/div>\n\t\t\t\t<\/div>\n\t\t\t\t<div class=\"elementor-element elementor-element-76d0ec45 elementor-widget elementor-widget-text-editor\" data-id=\"76d0ec45\" data-element_type=\"widget\" data-e-type=\"widget\" data-widget_type=\"text-editor.default\">\n\t\t\t\t<div class=\"elementor-widget-container\">\n\t\t\t\t\t\t\t\t\t<h4 style=\"padding-left: 40px;\"><strong>L&#39;uso della cannabis nel trattamento del disturbo da stress post-traumatico e della depressione<\/strong><b><br \/><\/b><\/h4>\n<p style=\"padding-left: 40px;\"> Lo studio ha evidenziato che la cannabis terapeutica pu\u00f2 migliorare gli esiti sanitari in caso di disturbo da stress post-traumatico e depressione, ma il dosaggio e il monitoraggio sono importanti.<\/p>\n<h4 style=\"padding-left: 40px;\"> <span style=\"color: #d6b069;\"><a style=\"color: #d6b069;\" href=\"https:\/\/www.cambridge.org\/core\/journals\/bjpsych-open\/article\/medicinal-cannabis-for-treating-posttraumatic-stress-disorder-and-comorbid-depression-realworld-evidence\/F88B15F3E00576E757ADF4915F9874A6\" target=\"_blank\" rel=\"noopener\">\u00bb Leggi lo studio sulla pagina Cambridge University Press &amp; Assessment<\/a><\/span><\/h4>\n\t\t\t\t\t\t\t\t<\/div>\n\t\t\t\t<\/div>\n\t\t\t\t<div class=\"elementor-element elementor-element-12678d2d elementor-widget elementor-widget-text-editor\" data-id=\"12678d2d\" data-element_type=\"widget\" data-e-type=\"widget\" data-widget_type=\"text-editor.default\">\n\t\t\t\t<div class=\"elementor-widget-container\">\n\t\t\t\t\t\t\t\t\t<h4 style=\"padding-left: 40px;\"><strong>Uso della cannabis terapeutica per i disturbi del sonno<\/strong><\/h4>\n<p style=\"padding-left: 40px;\"> Uno studio australiano ha esaminato gli effetti della cannabis sui disturbi del sonno e ha scoperto che i consumatori hanno avuto un sonno migliore.<\/p>\n<h4 style=\"padding-left: 40px;\"> <span style=\"color: #d6b069;\"><a style=\"color: #d6b069;\" href=\"https:\/\/www.cambridge.org\/core\/journals\/bjpsych-open\/article\/medicinal-cannabis-for-treating-posttraumatic-stress-disorder-and-comorbid-depression-realworld-evidence\/F88B15F3E00576E757ADF4915F9874A6\" target=\"_blank\" rel=\"noopener\">\u00bb Leggi lo studio Nature Science of Sleep<\/a><\/span><\/h4>\n\t\t\t\t\t\t\t\t<\/div>\n\t\t\t\t<\/div>\n\t\t\t\t\t<\/div>\n\t\t<\/div>\n\t\t\t\t\t<\/div>\n\t\t<\/section>\n\t\t\t\t<section class=\"elementor-section elementor-top-section elementor-element elementor-element-632a7527 elementor-section-boxed elementor-section-height-default elementor-section-height-default\" data-id=\"632a7527\" data-element_type=\"section\" data-e-type=\"section\">\n\t\t\t\t\t\t<div class=\"elementor-container elementor-column-gap-default\">\n\t\t\t\t\t<div class=\"elementor-column elementor-col-100 elementor-top-column elementor-element elementor-element-15178cf9\" data-id=\"15178cf9\" data-element_type=\"column\" data-e-type=\"column\">\n\t\t\t<div class=\"elementor-widget-wrap elementor-element-populated\">\n\t\t\t\t\t\t<div class=\"elementor-element elementor-element-a6d842f elementor-widget elementor-widget-text-editor\" data-id=\"a6d842f\" data-element_type=\"widget\" data-e-type=\"widget\" data-widget_type=\"text-editor.default\">\n\t\t\t\t<div class=\"elementor-widget-container\">\n\t\t\t\t\t\t\t\t\t<h4><strong>Per saperne di pi\u00f9:<\/strong> <span style=\"text-decoration: underline;\"><a href=\"https:\/\/zennative.eu\/it\/che-cose-il-cbd\/\">Cos&#8217;\u00e8 il CBD?<\/a><\/span><\/p>\n<\/h4>\n<h1> ?<\/h1>\n<h4> <strong>C&#8217;erano domande<\/strong><\/h4>\n<p> Non esitate a contattarci <strong><a href=\"mailto:info@zennative.ee\">a info@zennative.ee<\/a><\/strong> o <strong><a href=\"tel:0037255524424\">55524424<\/a><\/strong><\/p>\n\t\t\t\t\t\t\t\t<\/div>\n\t\t\t\t<\/div>\n\t\t\t\t\t<\/div>\n\t\t<\/div>\n\t\t\t\t\t<\/div>\n\t\t<\/section>\n\t\t\t\t<\/div>\n\t\t","protected":false},"excerpt":{"rendered":"<p>Ricerca clinica sul CBD La ricerca clinica sul CBD \u00e8 un campo in rapido sviluppo focalizzato sullo studio dei benefici per la salute della cannabis. Sono stati pubblicati dozzine di studi sottoposti a revisione paritaria che confermano che il CBD ha una serie di effetti terapeutici, tra cui il sollievo da ansia, insonnia, dolore cronico&hellip;<\/p>\n","protected":false},"author":12,"featured_media":0,"parent":0,"menu_order":0,"comment_status":"closed","ping_status":"closed","template":"","meta":{"footnotes":""},"class_list":["post-64308","page","type-page","status-publish","hentry"],"_links":{"self":[{"href":"https:\/\/zennative.eu\/it\/wp-json\/wp\/v2\/pages\/64308","targetHints":{"allow":["GET"]}}],"collection":[{"href":"https:\/\/zennative.eu\/it\/wp-json\/wp\/v2\/pages"}],"about":[{"href":"https:\/\/zennative.eu\/it\/wp-json\/wp\/v2\/types\/page"}],"author":[{"embeddable":true,"href":"https:\/\/zennative.eu\/it\/wp-json\/wp\/v2\/users\/12"}],"replies":[{"embeddable":true,"href":"https:\/\/zennative.eu\/it\/wp-json\/wp\/v2\/comments?post=64308"}],"version-history":[{"count":1,"href":"https:\/\/zennative.eu\/it\/wp-json\/wp\/v2\/pages\/64308\/revisions"}],"predecessor-version":[{"id":64309,"href":"https:\/\/zennative.eu\/it\/wp-json\/wp\/v2\/pages\/64308\/revisions\/64309"}],"wp:attachment":[{"href":"https:\/\/zennative.eu\/it\/wp-json\/wp\/v2\/media?parent=64308"}],"curies":[{"name":"wp","href":"https:\/\/api.w.org\/{rel}","templated":true}]}}