{"id":63535,"date":"2024-10-02T20:27:10","date_gmt":"2024-10-02T17:27:10","guid":{"rendered":"https:\/\/zennative.eu\/domande-frequenti\/"},"modified":"2024-10-02T20:27:25","modified_gmt":"2024-10-02T17:27:25","slug":"domande-frequenti","status":"publish","type":"page","link":"https:\/\/zennative.eu\/it\/domande-frequenti\/","title":{"rendered":"Domande frequenti"},"content":{"rendered":"\t\t<div data-elementor-type=\"wp-page\" data-elementor-id=\"63535\" class=\"elementor elementor-63535 elementor-48065\" data-elementor-post-type=\"page\">\n\t\t\t\t\t\t<section class=\"elementor-section elementor-top-section elementor-element elementor-element-57e80bca elementor-section-boxed elementor-section-height-default elementor-section-height-default\" data-id=\"57e80bca\" data-element_type=\"section\" data-e-type=\"section\">\n\t\t\t\t\t\t<div class=\"elementor-container elementor-column-gap-default\">\n\t\t\t\t\t<div class=\"elementor-column elementor-col-100 elementor-top-column elementor-element elementor-element-51b0c2f4\" data-id=\"51b0c2f4\" data-element_type=\"column\" data-e-type=\"column\" data-settings=\"{&quot;background_background&quot;:&quot;slideshow&quot;,&quot;background_slideshow_gallery&quot;:[],&quot;background_slideshow_loop&quot;:&quot;yes&quot;,&quot;background_slideshow_slide_duration&quot;:5000,&quot;background_slideshow_slide_transition&quot;:&quot;fade&quot;,&quot;background_slideshow_transition_duration&quot;:500}\">\n\t\t\t<div class=\"elementor-widget-wrap elementor-element-populated\">\n\t\t\t\t\t\t<div class=\"elementor-element elementor-element-3acae558 elementor-widget elementor-widget-heading\" data-id=\"3acae558\" data-element_type=\"widget\" data-e-type=\"widget\" data-widget_type=\"heading.default\">\n\t\t\t\t<div class=\"elementor-widget-container\">\n\t\t\t\t\t<h3 class=\"elementor-heading-title elementor-size-medium\">Domande frequenti<\/h3>\t\t\t\t<\/div>\n\t\t\t\t<\/div>\n\t\t\t\t\t<\/div>\n\t\t<\/div>\n\t\t\t\t\t<\/div>\n\t\t<\/section>\n\t\t\t\t<section class=\"elementor-section elementor-top-section elementor-element elementor-element-73d99d58 elementor-section-boxed elementor-section-height-default elementor-section-height-default\" data-id=\"73d99d58\" data-element_type=\"section\" data-e-type=\"section\">\n\t\t\t\t\t\t<div class=\"elementor-container elementor-column-gap-default\">\n\t\t\t\t\t<div class=\"elementor-column elementor-col-50 elementor-top-column elementor-element elementor-element-4da32985\" data-id=\"4da32985\" data-element_type=\"column\" data-e-type=\"column\">\n\t\t\t<div class=\"elementor-widget-wrap elementor-element-populated\">\n\t\t\t\t\t\t<section class=\"elementor-section elementor-inner-section elementor-element elementor-element-62db05fc elementor-section-boxed elementor-section-height-default elementor-section-height-default\" data-id=\"62db05fc\" data-element_type=\"section\" data-e-type=\"section\" data-settings=\"{&quot;sticky&quot;:&quot;top&quot;,&quot;sticky_offset&quot;:50,&quot;sticky_parent&quot;:&quot;yes&quot;,&quot;sticky_on&quot;:[&quot;desktop&quot;,&quot;tablet&quot;,&quot;mobile&quot;],&quot;sticky_effects_offset&quot;:0,&quot;sticky_anchor_link_offset&quot;:0}\">\n\t\t\t\t\t\t<div class=\"elementor-container elementor-column-gap-default\">\n\t\t\t\t\t<div class=\"elementor-column elementor-col-100 elementor-inner-column elementor-element elementor-element-53791366\" data-id=\"53791366\" data-element_type=\"column\" data-e-type=\"column\">\n\t\t\t<div class=\"elementor-widget-wrap elementor-element-populated\">\n\t\t\t\t\t\t<div class=\"elementor-element elementor-element-4c4e91fc elementor-widget elementor-widget-table-of-contents\" data-id=\"4c4e91fc\" data-element_type=\"widget\" data-e-type=\"widget\" data-settings=\"{&quot;headings_by_tags&quot;:[&quot;h3&quot;],&quot;exclude_headings_by_selector&quot;:[],&quot;marker_view&quot;:&quot;bullets&quot;,&quot;icon&quot;:{&quot;value&quot;:&quot;&quot;,&quot;library&quot;:&quot;&quot;},&quot;no_headings_message&quot;:&quot;Non sono state trovate intestazioni in questa pagina.&quot;,&quot;hierarchical_view&quot;:&quot;yes&quot;,&quot;min_height&quot;:{&quot;unit&quot;:&quot;px&quot;,&quot;size&quot;:&quot;&quot;,&quot;sizes&quot;:[]},&quot;min_height_tablet&quot;:{&quot;unit&quot;:&quot;px&quot;,&quot;size&quot;:&quot;&quot;,&quot;sizes&quot;:[]},&quot;min_height_mobile&quot;:{&quot;unit&quot;:&quot;px&quot;,&quot;size&quot;:&quot;&quot;,&quot;sizes&quot;:[]}}\" data-widget_type=\"table-of-contents.default\">\n\t\t\t\t<div class=\"elementor-widget-container\">\n\t\t\t\t\t\t\t\t\t<div class=\"elementor-toc__header\">\n\t\t\t\t\t\t<h4 class=\"elementor-toc__header-title\">\n\t\t\t\tIndice dei contenuti\t\t\t<\/h4>\n\t\t\t\t\t\t\t\t<\/div>\n\t\t\t\t<div id=\"elementor-toc__4c4e91fc\" class=\"elementor-toc__body\">\n\t\t\t<div class=\"elementor-toc__spinner-container\">\n\t\t\t\t<i class=\"elementor-toc__spinner eicon-animation-spin eicon-loading\" aria-hidden=\"true\"><\/i>\t\t\t<\/div>\n\t\t<\/div>\n\t\t\t\t\t\t<\/div>\n\t\t\t\t<\/div>\n\t\t\t\t\t<\/div>\n\t\t<\/div>\n\t\t\t\t\t<\/div>\n\t\t<\/section>\n\t\t\t\t\t<\/div>\n\t\t<\/div>\n\t\t\t\t<div class=\"elementor-column elementor-col-50 elementor-top-column elementor-element elementor-element-388a7df2\" data-id=\"388a7df2\" data-element_type=\"column\" data-e-type=\"column\">\n\t\t\t<div class=\"elementor-widget-wrap elementor-element-populated\">\n\t\t\t\t\t\t<div class=\"elementor-element elementor-element-51beb8a5 elementor-widget elementor-widget-text-editor\" data-id=\"51beb8a5\" data-element_type=\"widget\" data-e-type=\"widget\" data-widget_type=\"text-editor.default\">\n\t\t\t\t<div class=\"elementor-widget-container\">\n\t\t\t\t\t\t\t\t\t<h3>1) Qual \u00e8 la differenza tra una bottiglia nera e una bianca?<\/h3>\n<p>La bottiglia nera contiene l&#8217;olio ricavato dall&#8217;estratto della pianta intera. La bottiglia bianca contiene l&#8217;olio ricavato dal cristallo di CBD puro separato dall&#8217;estratto. <br \/>La bottiglia nera contiene non solo il CBD, ma anche tutti i cannabinoidi (compreso il THC), i flavonoidi e i terpeni presenti nella pianta &#8211; antiossidanti naturali e oli essenziali.<\/p>\n<p>L&#8217;olio in bottiglia bianca contiene solo CBD + olio vettore (olio di cocco MCT).<\/p>\n<p>% ja% tuSia il CBD a spettro completo che il CBD cristallizzato sono disponibili al 5%, al 15 e al 30 %.<\/p>\n\t\t\t\t\t\t\t\t<\/div>\n\t\t\t\t<\/div>\n\t\t\t\t<div class=\"elementor-element elementor-element-197ea9ad elementor-widget elementor-widget-text-editor\" data-id=\"197ea9ad\" data-element_type=\"widget\" data-e-type=\"widget\" data-widget_type=\"text-editor.default\">\n\t\t\t\t<div class=\"elementor-widget-container\">\n\t\t\t\t\t\t\t\t\t<h3>2) Quale olio \u00e8 pi\u00f9 adatto a me?<\/h3>\n<p>Se cercate sollievo da ansia, dolore, sonno o altri problemi di salute, vi consigliamo l&#8217;olio Full Spectrum. L&#8217;ampio spettro di ingredienti \u00e8 pi\u00f9 efficace del CBD puro.<\/p>\n<p>Le particelle presenti nella bottiglia nera sono necessarie per garantire gli effetti pi\u00f9 ampi dell&#8217;olio di CBD. L&#8217;olio di CBD Crystal ha un effetto meno evidente rispetto all&#8217;olio Full Spectrum. Il CBD Crystal pu\u00f2 essere utilizzato, ad esempio, dagli atleti di alto livello, perch\u00e9 il CBD \u00e8 approvato dall&#8217;Agenzia Mondiale Antidoping.<\/p>\n<p>L&#8217;olio di CBD Crystal Serum o CBD Isolate \u00e8 pi\u00f9 adatto alle persone sensibili e a chi ha bisogno solo degli effetti del CBD. Inoltre, l&#8217;olio Crystal \u00e8 privo di colore, sapore e odore. Inoltre, l&#8217;olio in bottiglia bianca \u00e8 pi\u00f9 indicato per chi si reca in un paese in cui \u00e8 vietata anche una piccola quantit\u00e0 di THC.<\/p>\n<p>Quando viaggiate, controllate le leggi della vostra destinazione prima di portare con voi qualsiasi olio.<\/p>\n<p>Non esitate a contattarci per trovare il prodotto giusto per voi.<\/p>\n\t\t\t\t\t\t\t\t<\/div>\n\t\t\t\t<\/div>\n\t\t\t\t<div class=\"elementor-element elementor-element-612be137 elementor-widget elementor-widget-text-editor\" data-id=\"612be137\" data-element_type=\"widget\" data-e-type=\"widget\" data-widget_type=\"text-editor.default\">\n\t\t\t\t<div class=\"elementor-widget-container\">\n\t\t\t\t\t\t\t\t\t<h3>3) Quale forza devo scegliere? Qual \u00e8 la differenza tra le diverse percentuali?<\/h3>\n<p>La percentuale indica la quantit\u00e0 di CBD contenuta nel prodotto. Ad esempio, un olio con una concentrazione del &#8220;15%&#8221; contiene 1500 mg di CBD.<\/p>\n<p>Tutti i flaconi hanno la stessa dimensione (10 ml) e contengono almeno 200 gocce.<\/p>\n<p>Full Spectrum 5% \u00e8 un olio a basso contenuto di CBD ed \u00e8 una buona scelta per bambini e animali domestici.<\/p>\n<p>% sFull Spectrum 15 \u00e8 adatto a chi sperimenta di tanto in tanto lievi ansie o disturbi del sonno.<\/p>\n<p>% oFull Spectrum 30 \u00e8 la scelta pi\u00f9 comoda ed economica per una cura.<\/p>\n\t\t\t\t\t\t\t\t<\/div>\n\t\t\t\t<\/div>\n\t\t\t\t<div class=\"elementor-element elementor-element-2991d14c elementor-widget elementor-widget-text-editor\" data-id=\"2991d14c\" data-element_type=\"widget\" data-e-type=\"widget\" data-widget_type=\"text-editor.default\">\n\t\t\t\t<div class=\"elementor-widget-container\">\n\t\t\t\t\t\t\t\t\t<h3>4) Quante gocce devo usare?<\/h3>\n<p>Iniziate a usare l&#8217;olio di CBD come segue:<\/p>\n<p>5%: 1 goccia ogni 2,5 kg di peso corporeo<\/p>\n<p>15%: 1 goccia ogni 7,5 kg di peso corporeo<\/p>\n<p>30%: 1 goccia ogni 15 kg di peso corporeo<\/p>\n<p>La dose massima raccomandata \u00e8 fino a dieci volte superiore. Tenere sotto controllo le proprie sensazioni e, se necessario, modificare la dose o ripeterla.<\/p>\n\t\t\t\t\t\t\t\t<\/div>\n\t\t\t\t<\/div>\n\t\t\t\t<div class=\"elementor-element elementor-element-7a4d8311 elementor-widget elementor-widget-text-editor\" data-id=\"7a4d8311\" data-element_type=\"widget\" data-e-type=\"widget\" data-widget_type=\"text-editor.default\">\n\t\t\t\t<div class=\"elementor-widget-container\">\n\t\t\t\t\t\t\t\t\t<h3>5) Quali sono le esperienze degli altri clienti?<\/h3>\n<p>Il feedback dei nostri clienti \u00e8 molto positivo. Molti hanno sperimentato miglioramenti significativi e sollievo da vari problemi di salute.<\/p>\n<p>Abbiamo raccolto diverse storie di clienti nel nostro angolo di lettura. <br \/>Leggete come hanno trovato sollievo da vari problemi di salute con l&#8217;olio di CBD:<\/p>\n<p><a href=\"https:\/\/zennative.eu\/it\/angolo-di-lettura-blog-e-testimonianze\/\" target=\"_blank\" rel=\"noopener\">https:\/\/zennative.eu\/lugemisnurk-ehk-blogi\/<\/a><\/p>\n<p>Potete leggere i feedback dei clienti sui prodotti qui:<\/p>\n<p><a href=\"https:\/\/www.trustindex.io\/reviews\/www.zennative.com?lang=et\" target=\"_blank\" rel=\"noopener\">https:\/\/www.trustindex.io\/reviews\/www.zennative.com?lang=et<\/a><\/p>\n\t\t\t\t\t\t\t\t<\/div>\n\t\t\t\t<\/div>\n\t\t\t\t<div class=\"elementor-element elementor-element-17accceb elementor-widget elementor-widget-text-editor\" data-id=\"17accceb\" data-element_type=\"widget\" data-e-type=\"widget\" data-widget_type=\"text-editor.default\">\n\t\t\t\t<div class=\"elementor-widget-container\">\n\t\t\t\t\t\t\t\t\t<h3>6) L&#8217;olio di CBD crea dipendenza? Qual \u00e8 la differenza con il THC?<\/h3>\n<p>No, l&#8217;olio di CBD non \u00e8 psicoattivo e non crea dipendenza. Sebbene<strong>l&#8217;olio Full Spectrum contenga una piccola quantit\u00e0 di<\/strong> THC (il componente psicotropo della pianta di cannabis), <strong>la quantit\u00e0 consentita \u00e8 talmente bassa da non produrre un effetto intossicante.<\/strong><\/p>\n<p>Gli oli Zen Native CBD Full Spectrum contengono i livelli molto bassi di THC naturalmente presenti in una pianta di CBD di alta qualit\u00e0 (legalmente consentiti &lt;0,3%)<\/p>\n<p>Gli oli di CBD Crystal contengono solo CBD senza altri cannabinoidi.<\/p>\n\t\t\t\t\t\t\t\t<\/div>\n\t\t\t\t<\/div>\n\t\t\t\t<div class=\"elementor-element elementor-element-185acba0 elementor-widget elementor-widget-text-editor\" data-id=\"185acba0\" data-element_type=\"widget\" data-e-type=\"widget\" data-widget_type=\"text-editor.default\">\n\t\t\t\t<div class=\"elementor-widget-container\">\n\t\t\t\t\t\t\t\t\t<h3>7) Per quanto tempo devo assumere l&#8217;olio di CBD?<\/h3>\n<p>Si consiglia di iniziare con un ciclo di 1-3 mesi seguito da una pausa di 1-2 mesi. A seconda di come ci si sente, si pu\u00f2 prolungare il corso o accorciare la pausa. Ogni persona e situazione \u00e8 diversa. <strong>Si consiglia di consultare il nostro servizio clienti. <\/strong><\/p>\n\t\t\t\t\t\t\t\t<\/div>\n\t\t\t\t<\/div>\n\t\t\t\t<div class=\"elementor-element elementor-element-6034a460 elementor-widget elementor-widget-text-editor\" data-id=\"6034a460\" data-element_type=\"widget\" data-e-type=\"widget\" data-widget_type=\"text-editor.default\">\n\t\t\t\t<div class=\"elementor-widget-container\">\n\t\t\t\t\t\t\t\t\t<h3>8) In quanto tempo l&#8217;olio di CBD fa effetto?<\/h3>\n<p>Gli effetti a breve termine, come l&#8217;ansia o il sollievo dal dolore, possono essere notati gi\u00e0 dopo 5-30 minuti dall&#8217;ingestione. Per problemi di salute pi\u00f9 gravi e per ottenere benefici a lungo termine, il cambiamento cellulare richiede 2-6 settimane. Nella maggior parte dei casi, vale la pena di prolungare il regime per altri 1-2 mesi per garantire che i risultati siano duraturi.<\/p>\n\t\t\t\t\t\t\t\t<\/div>\n\t\t\t\t<\/div>\n\t\t\t\t<div class=\"elementor-element elementor-element-69a85a41 elementor-widget elementor-widget-text-editor\" data-id=\"69a85a41\" data-element_type=\"widget\" data-e-type=\"widget\" data-widget_type=\"text-editor.default\">\n\t\t\t\t<div class=\"elementor-widget-container\">\n\t\t\t\t\t\t\t\t\t<h3>9) Come assumere l&#8217;olio di CBD?<\/h3>\n<p><strong>Far gocciolare l&#8217;olio sotto la lingua e tenerlo<\/strong> per circa 1 minuto prima di deglutire. Il CBD viene assorbito in modo pi\u00f9 efficace attraverso la mucosa orale. L&#8217;ingestione dell&#8217;olio riduce immediatamente l&#8217;efficacia dell&#8217;olio di CBD. Se usato esternamente, massaggiare delicatamente l&#8217;olio sulla zona interessata. applicare 1 goccia su un&#8217;area grande quanto il palmo della mano.<\/p>\n\t\t\t\t\t\t\t\t<\/div>\n\t\t\t\t<\/div>\n\t\t\t\t<div class=\"elementor-element elementor-element-7bcfa4e6 elementor-widget elementor-widget-text-editor\" data-id=\"7bcfa4e6\" data-element_type=\"widget\" data-e-type=\"widget\" data-widget_type=\"text-editor.default\">\n\t\t\t\t<div class=\"elementor-widget-container\">\n\t\t\t\t\t\t\t\t\t<h3>10) Quando \u00e8 meglio assumere l&#8217;olio di CBD?<\/h3>\n<p>Si consiglia di assumere l&#8217;olio di CBD circa 30 minuti prima di andare a letto. \u00c8 possibile assumere l&#8217;olio anche al mattino e\/o durante il giorno per alleviare l&#8217;ansia o la depressione quotidiana. Se l&#8217;olio Full Spectrum provoca sonnolenza o vertigini, ridurre la quantit\u00e0 o sostituirlo con l&#8217;olio Crystal CBD e lasciare l&#8217;olio Full Spectrum per la sera.<\/p>\n<p>\u00c8 importante ricordare che gli effetti possono variare a seconda del tipo di olio. <br \/>Monitorate il vostro benessere e modificate l&#8217;orario di assunzione, se necessario, e consultate l&#8217;assistenza clienti di Zen Native.<\/p>\n<p>In casi isolati, al primo utilizzo si pu\u00f2 avvertire un certo fastidio all&#8217;addome o altrove. Questo di solito indica che c&#8217;\u00e8 una carenza di cannabinoidi nell&#8217;organismo e che la persona ne ha un disperato bisogno, e pu\u00f2 indicare cambiamenti in atto nel corpo. Se il disagio non scompare entro pochi giorni, si prega di interrompere l&#8217;uso e di contattare immediatamente il nostro team di assistenza clienti.<\/p>\n\t\t\t\t\t\t\t\t<\/div>\n\t\t\t\t<\/div>\n\t\t\t\t<div class=\"elementor-element elementor-element-4a468ab7 elementor-widget elementor-widget-text-editor\" data-id=\"4a468ab7\" data-element_type=\"widget\" data-e-type=\"widget\" data-widget_type=\"text-editor.default\">\n\t\t\t\t<div class=\"elementor-widget-container\">\n\t\t\t\t\t\t\t\t\t<h3>11) Perch\u00e9 gli oli di CBD sono cos\u00ec costosi?<\/h3>\n<p>La produzione di oli di CBD \u00e8 complessa e richiede molto lavoro. Questo si riflette sul prezzo dei prodotti.<\/p>\n<p>I nostri prezzi sono determinati da:<\/p>\n<ul>\n<li>La massima qualit\u00e0 del prodotto deriva da un seme di alta qualit\u00e0 e dalla sua coltivazione nella natura pura di Hiiumaa;<\/li>\n<li>Per ottenere il pi\u00f9 ampio spettro, utilizziamo solo piante da fiore, non biomasse;<\/li>\n<li>L&#8217;uso di una costosa estrazione di CO2 per produrre l&#8217;estratto pi\u00f9 puro;<\/li>\n<li>Produzione e confezionamento artigianali in piccoli lotti in laboratorio;<\/li>\n<li>Manodopera locale estone;<\/li>\n<li>Attivit\u00e0 di sensibilizzazione, consultazione e consulenza quotidiane;<\/li>\n<\/ul>\n\t\t\t\t\t\t\t\t<\/div>\n\t\t\t\t<\/div>\n\t\t\t\t\t<\/div>\n\t\t<\/div>\n\t\t\t\t\t<\/div>\n\t\t<\/section>\n\t\t\t\t<section class=\"elementor-section elementor-top-section elementor-element elementor-element-5716ef39 elementor-section-boxed elementor-section-height-default elementor-section-height-default\" data-id=\"5716ef39\" data-element_type=\"section\" data-e-type=\"section\">\n\t\t\t\t\t\t<div class=\"elementor-container elementor-column-gap-default\">\n\t\t\t\t\t<div class=\"elementor-column elementor-col-100 elementor-top-column elementor-element elementor-element-2411c6a\" data-id=\"2411c6a\" data-element_type=\"column\" data-e-type=\"column\">\n\t\t\t<div class=\"elementor-widget-wrap elementor-element-populated\">\n\t\t\t\t\t\t<div class=\"elementor-element elementor-element-4f5d82d9 elementor-widget elementor-widget-text-editor\" data-id=\"4f5d82d9\" data-element_type=\"widget\" data-e-type=\"widget\" data-widget_type=\"text-editor.default\">\n\t\t\t\t<div class=\"elementor-widget-container\">\n\t\t\t\t\t\t\t\t\t<h1>?<\/h1>\n<p><strong>Non riuscite a trovare la risposta?<\/strong><\/p>\n<p>Contattateci: <\/p>\n<p>Per telefono: <a href=\"tel:55524424\">55524424,<\/a> Per e-mail:<a href=\"mailto:info@zennative.ee\">info@zennative.ee<\/a> Via chat sul sito web: www.zennative.ee<\/p>\n\t\t\t\t\t\t\t\t<\/div>\n\t\t\t\t<\/div>\n\t\t\t\t\t<\/div>\n\t\t<\/div>\n\t\t\t\t\t<\/div>\n\t\t<\/section>\n\t\t\t\t<\/div>\n\t\t","protected":false},"excerpt":{"rendered":"<p>Domande frequenti Indice dei contenuti 1) Qual \u00e8 la differenza tra una bottiglia nera e una bianca? La bottiglia nera contiene l&#8217;olio ricavato dall&#8217;estratto della pianta intera. La bottiglia bianca contiene l&#8217;olio ricavato dal cristallo di CBD puro separato dall&#8217;estratto. La bottiglia nera contiene non solo il CBD, ma anche tutti i cannabinoidi (compreso il&hellip;<\/p>\n","protected":false},"author":12,"featured_media":0,"parent":0,"menu_order":0,"comment_status":"closed","ping_status":"closed","template":"","meta":{"footnotes":""},"class_list":["post-63535","page","type-page","status-publish","hentry"],"_links":{"self":[{"href":"https:\/\/zennative.eu\/it\/wp-json\/wp\/v2\/pages\/63535","targetHints":{"allow":["GET"]}}],"collection":[{"href":"https:\/\/zennative.eu\/it\/wp-json\/wp\/v2\/pages"}],"about":[{"href":"https:\/\/zennative.eu\/it\/wp-json\/wp\/v2\/types\/page"}],"author":[{"embeddable":true,"href":"https:\/\/zennative.eu\/it\/wp-json\/wp\/v2\/users\/12"}],"replies":[{"embeddable":true,"href":"https:\/\/zennative.eu\/it\/wp-json\/wp\/v2\/comments?post=63535"}],"version-history":[{"count":1,"href":"https:\/\/zennative.eu\/it\/wp-json\/wp\/v2\/pages\/63535\/revisions"}],"predecessor-version":[{"id":63536,"href":"https:\/\/zennative.eu\/it\/wp-json\/wp\/v2\/pages\/63535\/revisions\/63536"}],"wp:attachment":[{"href":"https:\/\/zennative.eu\/it\/wp-json\/wp\/v2\/media?parent=63535"}],"curies":[{"name":"wp","href":"https:\/\/api.w.org\/{rel}","templated":true}]}}