{"id":62875,"date":"2024-10-02T20:13:49","date_gmt":"2024-10-02T17:13:49","guid":{"rendered":"https:\/\/zennative.eu\/condizioni-di-vendita\/"},"modified":"2025-06-27T10:18:23","modified_gmt":"2025-06-27T07:18:23","slug":"condizioni-di-vendita","status":"publish","type":"page","link":"https:\/\/zennative.eu\/it\/condizioni-di-vendita\/","title":{"rendered":"Condizioni di vendita"},"content":{"rendered":"\t\t<div data-elementor-type=\"wp-page\" data-elementor-id=\"62875\" class=\"elementor elementor-62875 elementor-29656\" data-elementor-post-type=\"page\">\n\t\t\t\t\t\t<section class=\"elementor-section elementor-top-section elementor-element elementor-element-9a40cef elementor-reverse-tablet elementor-reverse-mobile elementor-section-boxed elementor-section-height-default elementor-section-height-default\" data-id=\"9a40cef\" data-element_type=\"section\" data-e-type=\"section\">\n\t\t\t\t\t\t<div class=\"elementor-container elementor-column-gap-wide\">\n\t\t\t\t\t<div class=\"elementor-column elementor-col-50 elementor-top-column elementor-element elementor-element-4205337\" data-id=\"4205337\" data-element_type=\"column\" data-e-type=\"column\">\n\t\t\t<div class=\"elementor-widget-wrap elementor-element-populated\">\n\t\t\t\t\t\t<div class=\"elementor-element elementor-element-b44398e elementor-widget elementor-widget-text-editor\" data-id=\"b44398e\" data-element_type=\"widget\" data-e-type=\"widget\" data-widget_type=\"text-editor.default\">\n\t\t\t\t<div class=\"elementor-widget-container\">\n\t\t\t\t\t\t\t\t\t<h4>Condizioni di vendita e restituzione<\/h4><br><p>Il proprietario del negozio online<strong>https:\/\/www.zennative.eu<\/strong> \u00e8 <strong>Integritas s.r.o.<\/strong><\/p><br><h4>Validit\u00e0 del contratto di vendita, informazioni sui prodotti e sui prezzi<\/h4><br><p>Le Condizioni di vendita si applicano tra <strong>https:\/\/www.zennative.eu <\/strong>(di seguito denominato <strong>Negozio online<\/strong>) e il <strong>Cliente<\/strong>(di seguito denominato <strong>Cliente<\/strong>) per quanto riguarda i diritti e gli obblighi derivanti dall&#8217;acquisto di merci.<\/p><br><p>Le Condizioni di vendita si applicano all&#8217;acquisto di merci presso il Negozio online.<\/p><br><p>I prezzi dei prodotti venduti nel Negozio online sono indicati con i prodotti stessi. Il prezzo non include le spese di consegna.<\/p><br><p>Le informazioni sulla merce sono indicate nel Negozio online direttamente accanto alla merce.<\/p><br><p>Il Negozio online si riserva il diritto di modificare i termini e le condizioni di vendita e i prezzi di vendita. Tali modifiche saranno riportate sul sito web.<\/p><br><h4>Effettuare un ordine<\/h4><br><p>Per ordinare la merce, i prodotti desiderati devono essere aggiunti al carrello. Per effettuare un ordine, \u00e8 necessario compilare i campi richiesti e selezionare la modalit\u00e0 di consegna appropriata. Verr\u00e0 quindi visualizzato l&#8217;importo dell&#8217;addebito, che pu\u00f2 essere pagato tramite bonifico bancario o altro metodo di pagamento.<\/p><br><h4>Il contratto entrer\u00e0 in vigore non appena l&#8217;importo sar\u00e0 accreditato sul conto del Webshop.<\/h4><br><p>Nel caso in cui la merce ordinata non possa essere consegnata a causa dell&#8217;esaurimento delle scorte o per qualsiasi altro motivo, il Cliente sar\u00e0 informato il prima possibile e l&#8217;importo pagato (comprese le spese di consegna) sar\u00e0 rimborsato immediatamente, ma non oltre 14 giorni dall&#8217;invio della notifica.<\/p><br><h4>Prezzi<\/h4><br><p>Il negozio online si riserva il diritto di adeguare i prezzi. Se il Cliente ha effettuato un ordine prima dell&#8217;entrata in vigore delle modifiche di prezzo, si applicher\u00e0 il prezzo della merce al momento della fatturazione. Il Cliente non avr\u00e0 diritto a richiedere un risarcimento per eventuali differenze.<\/p><br><h4>Consegna<\/h4><br><p>La merce verr\u00e0 consegnata nei seguenti Paesi: Estonia, Lettonia, Lituania e Finlandia<\/p><br><p>Saatekulud kannab Veebipood.<\/p><br><p>K\u00f5ik saadetised j\u00f5uavad Kliendi m\u00e4\u00e4ratud sihtkohta \u00fcldjuhul 2-7 t\u00f6\u00f6p\u00e4eva jooksul alates m\u00fc\u00fcgilepingu j\u00f5ustumisest.<\/p><br><p>Fanno eccezione i fine settimana: il venerd\u00ec gli ordini devono essere effettuati entro le ore 13:00, se \u00e8 stato selezionato Itella Smartpost come metodo di consegna e si desidera ricevere gli ordini il sabato. \u00c8 possibile inserire l&#8217;ordine nella cassetta postale di Omniva fino alle 16:00 in modo che la merce venga consegnata anche il sabato. <\/p><br><p><br><\/p><br><h4>Responsabilit\u00e0 e forza maggiore<\/h4><br><p>Il negozio online non \u00e8 responsabile per eventuali danni causati all&#8217;acquirente o per eventuali ritardi nella consegna del prodotto se il danno o il ritardo nella consegna del prodotto \u00e8 dovuto a una circostanza che il negozio online non poteva influenzare o prevedere.<\/p><br><h4>Diritto di recesso<\/h4><br><p>i beni acquistati nel negozio online https:\/\/www.zennative.com sono soggetti alla garanzia e alla procedura di restituzione prevista dalle leggi della Repubblica di Estonia. I beni acquistati hanno un diritto di recesso di 14 giorni dal ricevimento della merce.<\/p><br><p>Il diritto di recesso non si applica se l&#8217;acquirente \u00e8 una persona giuridica.<\/p><br><p>La merce restituita deve essere inutilizzata, non danneggiata e nella confezione originale.<\/p><br><p>Le spese di restituzione della merce sono a carico del cliente, a meno che il motivo della restituzione non sia che la merce non corrisponde a quella ordinata o \u00e8 difettosa.<\/p><br><p>Nel caso in cui la merce sia stata utilizzata per uno scopo diverso da quello necessario ad accertarne la natura, le caratteristiche e il funzionamento, o se presenta segni di utilizzo o usura, il Webshop avr\u00e0 il diritto di ridurre l&#8217;addebito per la restituzione in base alla riduzione del valore della merce. Merce.<\/p><br><p>Il cliente deve comunicare la richiesta di restituzione della merce entro 30 giorni dal ricevimento della stessa scrivendo una richiesta in forma libera all&#8217;indirizzo info@zennative.ee. La richiesta deve contenere il nome del cliente, il nome del prodotto e il numero d&#8217;ordine.<\/p><br><p>Il cliente sar\u00e0 rimborsato per la merce restituita immediatamente, ma non oltre 14 giorni dal ricevimento della richiesta di cancellazione.<\/p><br><p>Il cliente deve restituire la merce entro 14 giorni dalla data della richiesta o fornire la prova di aver consegnato la merce al corriere entro il suddetto termine.<\/p><br><p>Il negozio online pu\u00f2 rifiutare il rimborso fino a quando i beni oggetto del contratto non sono stati restituiti o l&#8217;acquirente non ha fornito la prova di aver restituito i beni, a seconda di quale delle due condizioni si verifichi per prima.<\/p><br><p>I prodotti deperibili e scaduti non saranno restituiti.<\/p><br><p>Il negozio online ha il diritto di recedere dalla transazione di vendita e di reclamare la merce da Kleind se il prezzo della merce nel negozio online \u00e8 indicato significativamente al di sotto del prezzo di mercato della merce a causa di un errore.<\/p><br><h4>Altre condizioni<\/h4><br><p>Il negozio online non risponde dei difetti che si verificano dopo la consegna della merce al cliente.<\/p><br><p>Se la merce acquistata presso il negozio online presenta difetti per i quali il negozio online \u00e8 responsabile, il negozio online riparer\u00e0 o sostituir\u00e0 la merce difettosa. Nel caso in cui la merce non possa essere riparata o sostituita, il Negozio online rimborser\u00e0 al cliente tutte le <span style=\"color: var(--the7-base-color);font: var(--the7-base-font-big);letter-spacing: var(--the7-base-letter-spacing);text-transform: var(--the7-base-text-transform);text-decoration: var(--the7-base-text-decoration)\">spese relative al contratto di vendita.<\/span><\/p><br><p>Il negozio online risponder\u00e0 al reclamo del consumatore per iscritto o in una forma riproducibile per iscritto entro 15 giorni.<\/p><br><h4>Marketing diretto e trattamento dei dati personali<\/h4><br><p>Il negozio online utilizzer\u00e0 i dati personali forniti dal Cliente (tra cui nome, numero di telefono, indirizzo, indirizzo e-mail, coordinate bancarie) solo ai fini dell&#8217;elaborazione dell&#8217;ordine e dell&#8217;invio della merce al Cliente. Il negozio online inoltra i dati personali a una societ\u00e0 che fornisce servizi di trasporto per la consegna della merce.<\/p><br><p>Il negozio online invia newsletter e offerte al Cliente all&#8217;indirizzo e-mail di quest&#8217;ultimo solo se il Cliente ha espresso il desiderio di ricevere comunicazioni dirette inserendo il proprio indirizzo e-mail sul sito web.<\/p><br><p>L&#8217;Acquirente ha la possibilit\u00e0 di annullare l&#8217;iscrizione alle offerte e alle newsletter inviate via e-mail in qualsiasi momento, informandoci via e-mail o seguendo le istruzioni contenute nell&#8217;e-mail contenente le offerte.<\/p><br><h4>Risoluzione delle controversie<\/h4><br><p>Se il cliente ha un reclamo sul Negozio online, deve inviarlo al seguente indirizzo e-mail: <a href=\"mailto:tallinn@zennative.ee\">info@zennative.ee<\/a> o per telefono: <a href=\"tel:0037255524424\">+372 555 24 424<\/a><\/p><br><p>Le controversie e i disaccordi derivanti dai presenti termini e condizioni saranno risolti mediante negoziazione tra le parti. Nel caso in cui le controversie e i disaccordi tra le parti non possano essere risolti attraverso la negoziazione tra le parti, entrambe le parti hanno il diritto di intraprendere un&#8217;azione legale per difendere i propri diritti davanti all&#8217;Ufficio per la tutela dei consumatori o ai tribunali.<\/p>\t\t\t\t\t\t\t\t<\/div>\n\t\t\t\t<\/div>\n\t\t\t\t\t<\/div>\n\t\t<\/div>\n\t\t\t\t<div class=\"elementor-column elementor-col-50 elementor-top-column elementor-element elementor-element-7db51b5\" data-id=\"7db51b5\" data-element_type=\"column\" data-e-type=\"column\">\n\t\t\t<div class=\"elementor-widget-wrap\">\n\t\t\t\t\t\t\t<\/div>\n\t\t<\/div>\n\t\t\t\t\t<\/div>\n\t\t<\/section>\n\t\t\t\t<\/div>\n\t\t","protected":false},"excerpt":{"rendered":"<p>Condizioni di vendita e restituzione Il proprietario del negozio onlinehttps:\/\/www.zennative.eu \u00e8 Integritas s.r.o. Validit\u00e0 del contratto di vendita, informazioni sui prodotti e sui prezzi Le Condizioni di vendita si applicano tra https:\/\/www.zennative.eu (di seguito denominato Negozio online) e il Cliente(di seguito denominato Cliente) per quanto riguarda i diritti e gli obblighi derivanti dall&#8217;acquisto di merci.&hellip;<\/p>\n","protected":false},"author":1,"featured_media":0,"parent":0,"menu_order":100,"comment_status":"closed","ping_status":"closed","template":"","meta":{"footnotes":""},"class_list":["post-62875","page","type-page","status-publish","hentry"],"_links":{"self":[{"href":"https:\/\/zennative.eu\/it\/wp-json\/wp\/v2\/pages\/62875","targetHints":{"allow":["GET"]}}],"collection":[{"href":"https:\/\/zennative.eu\/it\/wp-json\/wp\/v2\/pages"}],"about":[{"href":"https:\/\/zennative.eu\/it\/wp-json\/wp\/v2\/types\/page"}],"author":[{"embeddable":true,"href":"https:\/\/zennative.eu\/it\/wp-json\/wp\/v2\/users\/1"}],"replies":[{"embeddable":true,"href":"https:\/\/zennative.eu\/it\/wp-json\/wp\/v2\/comments?post=62875"}],"version-history":[{"count":6,"href":"https:\/\/zennative.eu\/it\/wp-json\/wp\/v2\/pages\/62875\/revisions"}],"predecessor-version":[{"id":65134,"href":"https:\/\/zennative.eu\/it\/wp-json\/wp\/v2\/pages\/62875\/revisions\/65134"}],"wp:attachment":[{"href":"https:\/\/zennative.eu\/it\/wp-json\/wp\/v2\/media?parent=62875"}],"curies":[{"name":"wp","href":"https:\/\/api.w.org\/{rel}","templated":true}]}}