{"id":65057,"date":"2025-05-15T15:48:59","date_gmt":"2025-05-15T19:22:13","guid":{"rendered":"https:\/\/zennative.eu\/product\/aloituspaketti\/"},"modified":"2025-05-15T22:22:20","modified_gmt":"2025-05-15T19:22:20","slug":"aloituspaketti","status":"publish","type":"product","link":"https:\/\/zennative.eu\/fi\/tuote\/aloituspaketti\/","title":{"rendered":"Aloituspaketti"},"content":{"rendered":"\t\t<div data-elementor-type=\"product-post\" data-elementor-id=\"65057\" class=\"elementor elementor-65057\" data-elementor-post-type=\"product\">\n\t\t\t\t\t\t<section class=\"elementor-section elementor-top-section elementor-element elementor-element-dc919c6 elementor-section-boxed elementor-section-height-default elementor-section-height-default\" data-id=\"dc919c6\" data-element_type=\"section\" data-e-type=\"section\">\n\t\t\t\t\t\t<div class=\"elementor-container elementor-column-gap-wide\">\n\t\t\t\t\t<div class=\"elementor-column elementor-col-100 elementor-top-column elementor-element elementor-element-2d0ea25\" data-id=\"2d0ea25\" data-element_type=\"column\" data-e-type=\"column\">\n\t\t\t<div class=\"elementor-widget-wrap elementor-element-populated\">\n\t\t\t\t\t\t<div class=\"elementor-element elementor-element-03f440a elementor-widget elementor-widget-text-editor\" data-id=\"03f440a\" data-element_type=\"widget\" data-e-type=\"widget\" data-widget_type=\"text-editor.default\">\n\t\t\t\t<div class=\"elementor-widget-container\">\n\t\t\t\t\t\t\t\t\t<p><strong>T\u00e4m\u00e4 30 p\u00e4iv\u00e4n aloituspaketti sis\u00e4lt\u00e4\u00e4 Zen Native -tuotteiden t\u00e4yden kirjon ja tarjoaa t\u00e4ydellisen yleiskatsauksen sek\u00e4 tuoteyhdistelm\u00e4n, jolla p\u00e4\u00e4set alkuun CBD:n kanssa.<\/strong><\/p>\n<p> Zen Native -unisex-tuotelinja sis\u00e4lt\u00e4\u00e4 viisi loistavaa CBD-tuotetta sek\u00e4 sis\u00e4iseen ett\u00e4 ulkoiseen k\u00e4ytt\u00f6\u00f6n.<\/p>\n<p> <strong>T\u00e4yden spektrin 15 % CBD-\u00f6ljy<\/strong> on valmistettu korkealaatuisesta kotimaisesta hamppuuutteesta, joka on laimennettu hienolla MCT C8 -\u00f6ljyll\u00e4 ja viritetty kuuluisaksi Zen Native Full Spectrum CBD -\u00f6ljyksi.<\/p>\n<p> <strong>Crystal 5% CBD -\u00f6ljy<\/strong> on oma, ylellinen sekoituksemme sveitsil\u00e4isen kumppanilaboratoriomme CBD-isolaattia (kristalli) ja eurooppalaisen kumppanimme C8-ultrahienoa \u00f6ljy\u00e4, jota s\u00e4ilytet\u00e4\u00e4n yksinomaan lasis\u00e4ili\u00f6iss\u00e4 ja uutetaan yksinomaan kookoksesta.<\/p>\n<p> <strong>Kapselit<\/strong> ovat ainutlaatuinen yhdistelm\u00e4, jonka Zen Native on valmistanut erityisesti eurooppalaisessa laboratoriossa. Pakattu Virossa.<\/p>\n<p> <strong>Aloe vera -geeli<\/strong> on per\u00e4isin Kanariansaarilla kasvatetusta hienoimmasta aloe verasta, ja se on sekoitettu Zen Native -laboratoriossa k\u00e4ytt\u00e4en hienoa C8-kookos\u00f6ljy\u00e4 ja puhtainta kristallista CBD:t\u00e4.<\/p>\n\t\t\t\t\t\t\t\t<\/div>\n\t\t\t\t<\/div>\n\t\t\t\t\t<\/div>\n\t\t<\/div>\n\t\t\t\t\t<\/div>\n\t\t<\/section>\n\t\t\t\t<section class=\"elementor-section elementor-top-section elementor-element elementor-element-fd4c0e5 elementor-section-boxed elementor-section-height-default elementor-section-height-default\" data-id=\"fd4c0e5\" data-element_type=\"section\" data-e-type=\"section\">\n\t\t\t\t\t\t<div class=\"elementor-container elementor-column-gap-default\">\n\t\t\t\t\t<div class=\"elementor-column elementor-col-100 elementor-top-column elementor-element elementor-element-e8b9f91\" data-id=\"e8b9f91\" data-element_type=\"column\" data-e-type=\"column\">\n\t\t\t<div class=\"elementor-widget-wrap elementor-element-populated\">\n\t\t\t\t\t\t<div class=\"elementor-element elementor-element-dc11b90 elementor-widget elementor-widget-the7-accordion\" data-id=\"dc11b90\" data-element_type=\"widget\" data-e-type=\"widget\" data-widget_type=\"the7-accordion.default\">\n\t\t\t\t<div class=\"elementor-widget-container\">\n\t\t\t\t\t\t\t<div class=\"elementor-accordion the7-adv-accordion ac_bb_title ac_bb_active_title ac_top_bottom_borders ac_left_right_borders\" data-accordion-type=\"toggle\" role=\"tablist\">\n\t\t\t\t\t\t\t<div class=\"elementor-accordion-item\">\n\t\t\t\t\t<h3 id=\"elementor-tab-title-2301\" class=\"elementor-tab-title the7-accordion-header deactive-default\" data-tab=\"1\" role=\"tab\" aria-controls=\"elementor-tab-content-2301\">\n\n\t\t\t\t\t\t\t\t\t\t\t\t\t<span class=\"elementor-accordion-icon elementor-accordion-icon-left\" aria-hidden=\"true\">\n\t\t\t\t\t\t\t\t\t\t\t\t\t\t\t<span class=\"elementor-accordion-icon-closed\"><i class=\"fas fa-chevron-down\"><\/i><\/span>\n\t\t\t\t\t\t\t\t\t\t\t\t\t\t\t\t\t<span class=\"elementor-accordion-icon-opened\"><i class=\"fas fa-chevron-up\"><\/i><\/span>\n\t\t\t\t\t\t\t\t\t\t\t\t\t\t\t\t\t\t\t\t\t\t<\/span>\n\t\t\t\t\t\t\t\t\t\t\t\t\t\t\t\t\t\t<a class=\"elementor-accordion-title\" href=\"\">Opas<\/a>\n\t\t\t\t\t<\/h3>\n\t\t\t\t\t<div id=\"elementor-tab-content-2301\" class=\"elementor-tab-content elementor-clearfix deactive-default\" data-tab=\"1\" role=\"tabpanel\" aria-labelledby=\"elementor-tab-title-2301\"><p><strong>\u00a0<\/strong><\/p>\n<h3 class=\"default-heading3\">\u2600\ufe0f Aamurituaali<\/h3>\n<\/p>\n<p> <strong>VITAMIINI+ CBD-kapselit 2100 mg CBD:t\u00e4 (30 kpl)<\/strong><\/p>\n<p> Yksi kapseli sis\u00e4lt\u00e4\u00e4 kaikki pohjoismaalaisen tarvitsemat rasvaliukoiset mikroravintoaineet pit\u00e4\u00e4kseen kehonsa terveen\u00e4 ja \u00f6ljyttyn\u00e4, sek\u00e4 puhdasta kristallista CBD:t\u00e4, joka pit\u00e4\u00e4 sinut ter\u00e4v\u00e4n\u00e4 ja keskittyneen\u00e4 koko p\u00e4iv\u00e4n. Ota yksi kapseli ruoan kanssa.<\/p>\n<p> <strong>ALOE CBD:ll\u00e4 ja kookoksella<\/strong> <br \/><strong>\u00ad<\/strong><br \/> Ihana yhdistelm\u00e4 aloe veraa, CBD:t\u00e4 ja kookosta iholle, joka viilent\u00e4\u00e4, rauhoittaa ja kosteuttaa syv\u00e4sti, mutta ei j\u00e4t\u00e4 ihoa rasvaiseksi tai tuki ihohuokosia. Levit\u00e4 sit\u00e4 kasvoillesi, kaulallesi ja k\u00e4sillesi ja hehku itsevarmasti!<\/p>\n<h3><\/h3>\n<h3 class=\"default-heading3\"> \ud83c\udf19 Iltarituaali<\/h3>\n<\/p>\n<p> <strong>HAMPUN KUKKATEE<\/strong><\/p>\n<p> Illan rituaali alkaa kannabiksen kukkateell\u00e4. Se poistaa halun napostella tai nauttia alkoholijuomia. Kupillinen teet\u00e4 kynttil\u00e4nvalossa ennen kauneus- ja hygieniatoimenpiteiden aloittamista auttaa rentoutumaan.<\/p>\n<p> <strong>T\u00e4yden spektrin CBD-\u00f6ljy 15 %<\/strong><\/p>\n<p> Luonnollista hamppunektaria, joka ravitsee sis\u00e4lt\u00e4p\u00e4in. T\u00e4yden spektrin tipat rauhoittavat mielt\u00e4 ja tarjoavat keholle tarvittavan fysiologisen tasapainon, mik\u00e4 k\u00e4ynnist\u00e4\u00e4 itseparantumisprosesseja koko y\u00f6n ja varmistaa hyv\u00e4n unen.<\/p>\n<p> <strong>Kristalli CBD-\u00f6ljy 5%<\/strong><\/p>\n<p> Syv\u00e4 ja tehokas iltakosteutus, joka pysyy iholla koko y\u00f6n. Levit\u00e4 kasvoille, kaulalle ja k\u00e4sille tasapainottaaksesi talintuotantoa, v\u00e4hent\u00e4\u00e4ksesi tulehdusta ja tehostaaksesi ihon luonnollista kollageenin tuotantoa syv\u00e4ll\u00e4.<\/p>\n<\/div>\n\t\t\t\t<\/div>\n\t\t\t\t\t\t\t<div class=\"elementor-accordion-item\">\n\t\t\t\t\t<h3 id=\"elementor-tab-title-2302\" class=\"elementor-tab-title the7-accordion-header\" data-tab=\"2\" role=\"tab\" aria-controls=\"elementor-tab-content-2302\">\n\n\t\t\t\t\t\t\t\t\t\t\t\t\t<span class=\"elementor-accordion-icon elementor-accordion-icon-left\" aria-hidden=\"true\">\n\t\t\t\t\t\t\t\t\t\t\t\t\t\t\t<span class=\"elementor-accordion-icon-closed\"><i class=\"fas fa-chevron-down\"><\/i><\/span>\n\t\t\t\t\t\t\t\t\t\t\t\t\t\t\t\t\t<span class=\"elementor-accordion-icon-opened\"><i class=\"fas fa-chevron-up\"><\/i><\/span>\n\t\t\t\t\t\t\t\t\t\t\t\t\t\t\t\t\t\t\t\t\t\t<\/span>\n\t\t\t\t\t\t\t\t\t\t\t\t\t\t\t\t\t\t<a class=\"elementor-accordion-title\" href=\"\">Hallinto<\/a>\n\t\t\t\t\t<\/h3>\n\t\t\t\t\t<div id=\"elementor-tab-content-2302\" class=\"elementor-tab-content elementor-clearfix\" data-tab=\"2\" role=\"tabpanel\" aria-labelledby=\"elementor-tab-title-2302\"><p>1 kapseli p\u00e4iv\u00e4ss\u00e4 ruoan ja veden kanssa. Mieluiten aamulla.<\/p>\n<p> 1 tippa \u00f6ljy\u00e4 7,5 painokiloa kohden. Suositellaan illalla puoli tuntia ennen nukkumaanmenoa.<\/p>\n<\/div>\n\t\t\t\t<\/div>\n\t\t\t\t\t\t\t<div class=\"elementor-accordion-item\">\n\t\t\t\t\t<h3 id=\"elementor-tab-title-2303\" class=\"elementor-tab-title the7-accordion-header\" data-tab=\"3\" role=\"tab\" aria-controls=\"elementor-tab-content-2303\">\n\n\t\t\t\t\t\t\t\t\t\t\t\t\t<span class=\"elementor-accordion-icon elementor-accordion-icon-left\" aria-hidden=\"true\">\n\t\t\t\t\t\t\t\t\t\t\t\t\t\t\t<span class=\"elementor-accordion-icon-closed\"><i class=\"fas fa-chevron-down\"><\/i><\/span>\n\t\t\t\t\t\t\t\t\t\t\t\t\t\t\t\t\t<span class=\"elementor-accordion-icon-opened\"><i class=\"fas fa-chevron-up\"><\/i><\/span>\n\t\t\t\t\t\t\t\t\t\t\t\t\t\t\t\t\t\t\t\t\t\t<\/span>\n\t\t\t\t\t\t\t\t\t\t\t\t\t\t\t\t\t\t<a class=\"elementor-accordion-title\" href=\"\">Varoitukset<\/a>\n\t\t\t\t\t<\/h3>\n\t\t\t\t\t<div id=\"elementor-tab-content-2303\" class=\"elementor-tab-content elementor-clearfix\" data-tab=\"3\" role=\"tabpanel\" aria-labelledby=\"elementor-tab-title-2303\"><p>Ei suositella alaik\u00e4isille.<\/p>\n<p> K\u00e4ytt\u00f6\u00e4 raskauden aikana ei suositella.<\/p>\n<p> \u00c4l\u00e4 ylit\u00e4 suositeltua p\u00e4ivitt\u00e4ist\u00e4 saantia.<\/p>\n<p> Ravintolis\u00e4\u00e4 ei k\u00e4ytet\u00e4 monipuolisen ruokavalion korvikkeena.<\/p>\n<p> Pid\u00e4 poissa lasten ulottuvilta.<\/p>\n<\/div>\n\t\t\t\t<\/div>\n\t\t\t\t\t\t\t<div class=\"elementor-accordion-item\">\n\t\t\t\t\t<h3 id=\"elementor-tab-title-2304\" class=\"elementor-tab-title the7-accordion-header\" data-tab=\"4\" role=\"tab\" aria-controls=\"elementor-tab-content-2304\">\n\n\t\t\t\t\t\t\t\t\t\t\t\t\t<span class=\"elementor-accordion-icon elementor-accordion-icon-left\" aria-hidden=\"true\">\n\t\t\t\t\t\t\t\t\t\t\t\t\t\t\t<span class=\"elementor-accordion-icon-closed\"><i class=\"fas fa-chevron-down\"><\/i><\/span>\n\t\t\t\t\t\t\t\t\t\t\t\t\t\t\t\t\t<span class=\"elementor-accordion-icon-opened\"><i class=\"fas fa-chevron-up\"><\/i><\/span>\n\t\t\t\t\t\t\t\t\t\t\t\t\t\t\t\t\t\t\t\t\t\t<\/span>\n\t\t\t\t\t\t\t\t\t\t\t\t\t\t\t\t\t\t<a class=\"elementor-accordion-title\" href=\"\">Valmistelu<\/a>\n\t\t\t\t\t<\/h3>\n\t\t\t\t\t<div id=\"elementor-tab-content-2304\" class=\"elementor-tab-content elementor-clearfix\" data-tab=\"4\" role=\"tabpanel\" aria-labelledby=\"elementor-tab-title-2304\"><p><strong>T\u00e4yden spektrin CBD-\u00f6ljy<\/strong> on valmistettu korkealaatuisesta kotimaisesta hamppu-uutteesta, joka on laimennettu hienolla MCT C8 -\u00f6ljyll\u00e4 ja viritetty kuuluisaksi Zen Native -t\u00e4yden spektrin CBD-\u00f6ljyksi.<\/p>\n<p> <strong>Crystal CBD -\u00f6ljy<\/strong> on oma, ylellinen sekoituksemme sveitsil\u00e4isen kumppanilaboratoriomme CBD-isolaattia (kristalli) ja eurooppalaisen kumppanimme C8-ultrahienoa \u00f6ljy\u00e4, jota s\u00e4ilytet\u00e4\u00e4n yksinomaan lasis\u00e4ili\u00f6iss\u00e4 ja uutetaan yksinomaan kookoksesta.<\/p>\n<p> <strong>Kapselit<\/strong> on valmistanut Zen Native mittatilausty\u00f6n\u00e4 eurooppalaisessa laboratoriossa. Pakattu Virossa.<\/p>\n<p> <strong>Aloe vera -geeli<\/strong> on per\u00e4isin Kanariansaarilla kasvatetusta hienoimmasta aloe verasta, ja se on sekoitettu Zen Native -laboratoriossa k\u00e4ytt\u00e4en hienoa C8-kookos\u00f6ljy\u00e4 ja puhtainta kristallista CBD:t\u00e4.<\/p>\n<\/div>\n\t\t\t\t<\/div>\n\t\t\t\t\t\t\t<div class=\"elementor-accordion-item\">\n\t\t\t\t\t<h3 id=\"elementor-tab-title-2305\" class=\"elementor-tab-title the7-accordion-header\" data-tab=\"5\" role=\"tab\" aria-controls=\"elementor-tab-content-2305\">\n\n\t\t\t\t\t\t\t\t\t\t\t\t\t<span class=\"elementor-accordion-icon elementor-accordion-icon-left\" aria-hidden=\"true\">\n\t\t\t\t\t\t\t\t\t\t\t\t\t\t\t<span class=\"elementor-accordion-icon-closed\"><i class=\"fas fa-chevron-down\"><\/i><\/span>\n\t\t\t\t\t\t\t\t\t\t\t\t\t\t\t\t\t<span class=\"elementor-accordion-icon-opened\"><i class=\"fas fa-chevron-up\"><\/i><\/span>\n\t\t\t\t\t\t\t\t\t\t\t\t\t\t\t\t\t\t\t\t\t\t<\/span>\n\t\t\t\t\t\t\t\t\t\t\t\t\t\t\t\t\t\t<a class=\"elementor-accordion-title\" href=\"\">Varastointi<\/a>\n\t\t\t\t\t<\/h3>\n\t\t\t\t\t<div id=\"elementor-tab-content-2305\" class=\"elementor-tab-content elementor-clearfix\" data-tab=\"5\" role=\"tabpanel\" aria-labelledby=\"elementor-tab-title-2305\"><ul>\n<li>S\u00e4ilyt\u00e4 pime\u00e4ss\u00e4 ja huoneenl\u00e4mm\u00f6ss\u00e4.<\/li>\n<li> Kapselit ovat voimassa 02.2027 asti<\/li>\n<li> \u00d6ljy kest\u00e4\u00e4 1 vuoden tuotannon j\u00e4lkeen.<\/li>\n<li> S\u00e4ilytt\u00e4\u00e4ksesi \u00f6ljy paremmin, \u00e4l\u00e4 kosketa pipetti\u00e4 ihoasi, kielt\u00e4si tai mit\u00e4\u00e4n muuta, jotta bakteerit eiv\u00e4t p\u00e4\u00e4se pulloon.<\/li>\n<\/ul>\n<\/div>\n\t\t\t\t<\/div>\n\t\t\t\t\t<\/div>\n\t\t\t\t\t\t<\/div>\n\t\t\t\t<\/div>\n\t\t\t\t<div class=\"elementor-element elementor-element-609c2e7 elementor-widget elementor-widget-shortcode\" data-id=\"609c2e7\" data-element_type=\"widget\" data-e-type=\"widget\" data-widget_type=\"shortcode.default\">\n\t\t\t\t<div class=\"elementor-widget-container\">\n\t\t\t\t\t\t\t<div class=\"elementor-shortcode\"> <script type=\"application\/ld+json\">\n    {\n      \"@context\": \"https:\/\/lt.zennative.ee\/\u201c,\n      \"@type\": \"Product\",\n      \"name\": \u201cFull \u201cSpectrum CBD oil,\n      \"image\": [\n        \"https:\/\/lt.zennative.ee\/wp-content\/uploads\/2021\/10\/Zen-Native-5-Full-Spectrum-CBD-Oil-Taisspektri-CBD-kanepi-oli_1.png\",\n        \"https:\/\/lt.zennative.ee\/wp-content\/uploads\/2021\/10\/Zen-Native-Pipett-Full-Spectrum-CBD-Oil-Taisspektri-CBD-kanepi-oli.png\",\n        \"https:\/\/lt.zennative.ee\/wp-content\/uploads\/2021\/10\/Zen-Native-5-Full-Spectrum-CBD-Oil-Taisspektri-CBD-kanepi-oli_3.png\"\n       ],\n      \"description\": \"Full Spectrum CBD \u00f5li annab tugevama ja laiema abi kui CBD Kristall \u00d5li ning selle toime on tuntav. Full Spectrum CBD \u00f5li rahustab viha, \u00e4revuse, ebakindluse ja v\u00e4hendab hirmu. F\u00fc\u00fcsiliselt v\u00e4hendab p\u00f5letikku, pingeid ja v\u00e4hki. Full Spectrum CBD \u00f5li sisaldab: k\u00f5iki kannabinoide (CBD, CBG, CBC, CBN...), terpeene ja flavanoide. Kvaliteetseimad ekstraktid on eranditult lahustatud kookose MCT \u00f5lis.\",\n      \"sku\": \"0446310786\",\n      \"brand\": {\n        \"@type\": \"Brand\",\n        \"name\": \u201cZen \u201cNative\n      },\n         \"aggregateRating\": {\n        \"@type\": \"AggregateRating\",\n        \"ratingValue\": \u201c5\u201d,\n        \"reviewCount\": \"89\"\n      },\n      \"offers\": {\n        \"@type\": \"Offer\",\n        \"url\": \"\t\",\n        \"priceCurrency\": \u201cEUR\u201d,\n        \"price\": \"129.99\",\n        \"priceValidUntil\": \"2022-11-20\",\n      }\n    }\n    <\/script><\/div>\n\t\t\t\t\t\t<\/div>\n\t\t\t\t<\/div>\n\t\t\t\t\t<\/div>\n\t\t<\/div>\n\t\t\t\t\t<\/div>\n\t\t<\/section>\n\t\t\t\t<\/div>\n\t\t","protected":false},"excerpt":{"rendered":"<p>T\u00e4m\u00e4 30 p\u00e4iv\u00e4n aloituspaketti sis\u00e4lt\u00e4\u00e4 Zen Native -tuotteiden t\u00e4yden kirjon ja tarjoaa t\u00e4ydellisen yleiskatsauksen sek\u00e4 tuoteyhdistelm\u00e4n, jolla p\u00e4\u00e4set alkuun CBD:n kanssa. Zen Native -unisex-tuotelinja sis\u00e4lt\u00e4\u00e4 viisi loistavaa CBD-tuotetta sek\u00e4 sis\u00e4iseen ett\u00e4 ulkoiseen k\u00e4ytt\u00f6\u00f6n. T\u00e4yden spektrin 15 % CBD-\u00f6ljy on valmistettu korkealaatuisesta kotimaisesta hamppuuutteesta, joka on laimennettu hienolla MCT C8 -\u00f6ljyll\u00e4 ja viritetty kuuluisaksi Zen Native&hellip;<\/p>\n","protected":false},"featured_media":64954,"comment_status":"closed","ping_status":"closed","template":"","meta":[],"product_brand":[],"product_cat":[935],"product_tag":[],"class_list":{"0":"post-65057","1":"product","2":"type-product","3":"status-publish","4":"has-post-thumbnail","6":"product_cat-sekalaiset","8":"first","9":"instock","10":"sale","11":"shipping-taxable","12":"purchasable","13":"product-type-simple"},"_links":{"self":[{"href":"https:\/\/zennative.eu\/fi\/wp-json\/wp\/v2\/product\/65057","targetHints":{"allow":["GET"]}}],"collection":[{"href":"https:\/\/zennative.eu\/fi\/wp-json\/wp\/v2\/product"}],"about":[{"href":"https:\/\/zennative.eu\/fi\/wp-json\/wp\/v2\/types\/product"}],"replies":[{"embeddable":true,"href":"https:\/\/zennative.eu\/fi\/wp-json\/wp\/v2\/comments?post=65057"}],"version-history":[{"count":1,"href":"https:\/\/zennative.eu\/fi\/wp-json\/wp\/v2\/product\/65057\/revisions"}],"predecessor-version":[{"id":65058,"href":"https:\/\/zennative.eu\/fi\/wp-json\/wp\/v2\/product\/65057\/revisions\/65058"}],"wp:featuredmedia":[{"embeddable":true,"href":"https:\/\/zennative.eu\/fi\/wp-json\/wp\/v2\/media\/64954"}],"wp:attachment":[{"href":"https:\/\/zennative.eu\/fi\/wp-json\/wp\/v2\/media?parent=65057"}],"wp:term":[{"taxonomy":"product_brand","embeddable":true,"href":"https:\/\/zennative.eu\/fi\/wp-json\/wp\/v2\/product_brand?post=65057"},{"taxonomy":"product_cat","embeddable":true,"href":"https:\/\/zennative.eu\/fi\/wp-json\/wp\/v2\/product_cat?post=65057"},{"taxonomy":"product_tag","embeddable":true,"href":"https:\/\/zennative.eu\/fi\/wp-json\/wp\/v2\/product_tag?post=65057"}],"curies":[{"name":"wp","href":"https:\/\/api.w.org\/{rel}","templated":true}]}}