{"id":48432,"date":"2021-12-21T20:19:06","date_gmt":"2021-12-21T18:19:06","guid":{"rendered":"https:\/\/zennative.eu\/product\/lahjakortit\/"},"modified":"2023-05-05T15:44:24","modified_gmt":"2023-05-05T13:44:24","slug":"lahjakortit","status":"publish","type":"product","link":"https:\/\/zennative.eu\/fi\/tuote\/lahjakortit\/","title":{"rendered":"Lahjakortit"},"content":{"rendered":"\t\t<div data-elementor-type=\"product-post\" data-elementor-id=\"48432\" class=\"elementor elementor-48432\" data-elementor-post-type=\"product\">\n\t\t\t\t\t\t<section class=\"elementor-section elementor-top-section elementor-element elementor-element-4c104f4 elementor-section-boxed elementor-section-height-default elementor-section-height-default\" data-id=\"4c104f4\" data-element_type=\"section\" data-e-type=\"section\">\n\t\t\t\t\t\t<div class=\"elementor-container elementor-column-gap-wide\">\n\t\t\t\t\t<div class=\"elementor-column elementor-col-100 elementor-top-column elementor-element elementor-element-93cefb6\" data-id=\"93cefb6\" data-element_type=\"column\" data-e-type=\"column\">\n\t\t\t<div class=\"elementor-widget-wrap elementor-element-populated\">\n\t\t\t\t\t\t<div class=\"elementor-element elementor-element-2f08d37 elementor-widget elementor-widget-the7-accordion\" data-id=\"2f08d37\" data-element_type=\"widget\" data-e-type=\"widget\" data-widget_type=\"the7-accordion.default\">\n\t\t\t\t<div class=\"elementor-widget-container\">\n\t\t\t\t\t\t\t<div class=\"elementor-accordion the7-adv-accordion ac_bb_title ac_bb_active_title ac_top_bottom_borders ac_left_right_borders animate-on-loading\" data-accordion-type=\"accordion\" role=\"tablist\">\n\t\t\t\t\t\t\t<div class=\"elementor-accordion-item\">\n\t\t\t\t\t<h3 id=\"elementor-tab-title-4931\" class=\"elementor-tab-title the7-accordion-header active-default\" data-tab=\"1\" role=\"tab\" aria-controls=\"elementor-tab-content-4931\">\n\n\t\t\t\t\t\t\t\t\t\t\t\t\t<span class=\"elementor-accordion-icon elementor-accordion-icon-left\" aria-hidden=\"true\">\n\t\t\t\t\t\t\t\t\t\t\t\t\t\t\t<span class=\"elementor-accordion-icon-closed\"><i class=\"fas fa-chevron-down\"><\/i><\/span>\n\t\t\t\t\t\t\t\t\t\t\t\t\t\t\t\t\t<span class=\"elementor-accordion-icon-opened\"><i class=\"fas fa-chevron-up\"><\/i><\/span>\n\t\t\t\t\t\t\t\t\t\t\t\t\t\t\t\t\t\t\t\t\t\t<\/span>\n\t\t\t\t\t\t\t\t\t\t\t\t\t\t\t\t\t\t<a class=\"elementor-accordion-title\" href=\"\">Lahjakortit - tiedot<\/a>\n\t\t\t\t\t<\/h3>\n\t\t\t\t\t<div id=\"elementor-tab-content-4931\" class=\"elementor-tab-content elementor-clearfix active-default\" data-tab=\"1\" role=\"tabpanel\" aria-labelledby=\"elementor-tab-title-4931\"><p>Zen Nativen digitaaliset lahjakortit ovat voimassa myym\u00e4l\u00e4ss\u00e4, fyysisess\u00e4 myym\u00e4l\u00e4ss\u00e4 sek\u00e4 hieronnasta ja kauneushoidoista maksettaessa.<\/p>\n<p>Valitse summa ja vastaanottaja ja lis\u00e4\u00e4 henkil\u00f6kohtainen viesti. Lahjakortti saapuu s\u00e4hk\u00f6postitse.<\/p>\n<p>Voimassa 1 vuoden ajan<\/p>\n<\/div>\n\t\t\t\t<\/div>\n\t\t\t\t\t<\/div>\n\t\t\t\t\t\t<\/div>\n\t\t\t\t<\/div>\n\t\t\t\t<div class=\"elementor-element elementor-element-9f63e3f elementor-hidden-desktop elementor-hidden-tablet elementor-hidden-mobile elementor-widget elementor-widget-image\" data-id=\"9f63e3f\" data-element_type=\"widget\" data-e-type=\"widget\" data-widget_type=\"image.default\">\n\t\t\t\t<div class=\"elementor-widget-container\">\n\t\t\t\t\t\t\t\t\t\t\t\t\t\t\t<img fetchpriority=\"high\" decoding=\"async\" width=\"793\" height=\"792\" src=\"https:\/\/zennative.eu\/wp-content\/uploads\/2021\/12\/ZenNative_Digitaalne_Kinkekaart_2022-27.png\" class=\"attachment-large size-large wp-image-47263\" alt=\"Lahjakortit\" srcset=\"https:\/\/zennative.eu\/wp-content\/uploads\/2021\/12\/ZenNative_Digitaalne_Kinkekaart_2022-27.png 793w, https:\/\/zennative.eu\/wp-content\/uploads\/2021\/12\/ZenNative_Digitaalne_Kinkekaart_2022-27-200x200.png 200w, https:\/\/zennative.eu\/wp-content\/uploads\/2021\/12\/ZenNative_Digitaalne_Kinkekaart_2022-27-300x300.png 300w, https:\/\/zennative.eu\/wp-content\/uploads\/2021\/12\/ZenNative_Digitaalne_Kinkekaart_2022-27-150x150.png 150w, https:\/\/zennative.eu\/wp-content\/uploads\/2021\/12\/ZenNative_Digitaalne_Kinkekaart_2022-27-768x767.png 768w, https:\/\/zennative.eu\/wp-content\/uploads\/2021\/12\/ZenNative_Digitaalne_Kinkekaart_2022-27-96x96.png 96w\" sizes=\"(max-width: 793px) 100vw, 793px\" \/>\t\t\t\t\t\t\t\t\t\t\t\t\t\t\t<\/div>\n\t\t\t\t<\/div>\n\t\t\t\t\t<\/div>\n\t\t<\/div>\n\t\t\t\t\t<\/div>\n\t\t<\/section>\n\t\t\t\t<\/div>\n\t\t","protected":false},"excerpt":{"rendered":"<p>Lahjakortit<\/p>\n","protected":false},"featured_media":47263,"comment_status":"closed","ping_status":"closed","template":"","meta":[],"product_brand":[],"product_cat":[723],"product_tag":[],"class_list":{"0":"post-48432","1":"product","2":"type-product","3":"status-publish","4":"has-post-thumbnail","6":"product_cat-lahjakortit","8":"first","9":"instock","10":"shipping-taxable","11":"purchasable","12":"product-type-simple"},"_links":{"self":[{"href":"https:\/\/zennative.eu\/fi\/wp-json\/wp\/v2\/product\/48432","targetHints":{"allow":["GET"]}}],"collection":[{"href":"https:\/\/zennative.eu\/fi\/wp-json\/wp\/v2\/product"}],"about":[{"href":"https:\/\/zennative.eu\/fi\/wp-json\/wp\/v2\/types\/product"}],"replies":[{"embeddable":true,"href":"https:\/\/zennative.eu\/fi\/wp-json\/wp\/v2\/comments?post=48432"}],"version-history":[{"count":3,"href":"https:\/\/zennative.eu\/fi\/wp-json\/wp\/v2\/product\/48432\/revisions"}],"predecessor-version":[{"id":48542,"href":"https:\/\/zennative.eu\/fi\/wp-json\/wp\/v2\/product\/48432\/revisions\/48542"}],"wp:featuredmedia":[{"embeddable":true,"href":"https:\/\/zennative.eu\/fi\/wp-json\/wp\/v2\/media\/47263"}],"wp:attachment":[{"href":"https:\/\/zennative.eu\/fi\/wp-json\/wp\/v2\/media?parent=48432"}],"wp:term":[{"taxonomy":"product_brand","embeddable":true,"href":"https:\/\/zennative.eu\/fi\/wp-json\/wp\/v2\/product_brand?post=48432"},{"taxonomy":"product_cat","embeddable":true,"href":"https:\/\/zennative.eu\/fi\/wp-json\/wp\/v2\/product_cat?post=48432"},{"taxonomy":"product_tag","embeddable":true,"href":"https:\/\/zennative.eu\/fi\/wp-json\/wp\/v2\/product_tag?post=48432"}],"curies":[{"name":"wp","href":"https:\/\/api.w.org\/{rel}","templated":true}]}}