{"id":48430,"date":"2022-02-17T14:09:23","date_gmt":"2022-02-17T12:09:23","guid":{"rendered":"https:\/\/zennative.eu\/product\/cbd-home-spa-kasvohoitosarja\/"},"modified":"2025-07-02T18:31:16","modified_gmt":"2025-07-02T15:31:16","slug":"cbd-home-spa-kasvohoitosarja","status":"publish","type":"product","link":"https:\/\/zennative.eu\/fi\/tuote\/cbd-home-spa-kasvohoitosarja\/","title":{"rendered":"CBD Home SPA \u2013 Kasvohoitosarja"},"content":{"rendered":"\t\t<div data-elementor-type=\"product-post\" data-elementor-id=\"48430\" class=\"elementor elementor-48430 elementor-41762\" data-elementor-post-type=\"product\">\n\t\t\t\t\t\t<section class=\"elementor-section elementor-top-section elementor-element elementor-element-4c104f4 elementor-section-boxed elementor-section-height-default elementor-section-height-default\" data-id=\"4c104f4\" data-element_type=\"section\" data-e-type=\"section\">\n\t\t\t\t\t\t<div class=\"elementor-container elementor-column-gap-wide\">\n\t\t\t\t\t<div class=\"elementor-column elementor-col-100 elementor-top-column elementor-element elementor-element-93cefb6\" data-id=\"93cefb6\" data-element_type=\"column\" data-e-type=\"column\">\n\t\t\t<div class=\"elementor-widget-wrap elementor-element-populated\">\n\t\t\t\t\t\t<div class=\"elementor-element elementor-element-6e627d1 elementor-widget elementor-widget-text-editor\" data-id=\"6e627d1\" data-element_type=\"widget\" data-e-type=\"widget\" data-widget_type=\"text-editor.default\">\n\t\t\t\t<div class=\"elementor-widget-container\">\n\t\t\t\t\t\t\t\t\t<p align=\"left\">CBD-l\u00e4mp\u00f6voide tarjoaa tehokasta helpotusta lihaskipuihin \u2013 niin ennaltaehk\u00e4isyyn kuin akuuttien s\u00e4rkyjen hoitoon. Se yhdist\u00e4\u00e4 l\u00e4mmitt\u00e4v\u00e4n vaikutuksen ja rauhoittavan CBD:n, jotka yhdess\u00e4 edist\u00e4v\u00e4t lihasten palautumista ja lievitt\u00e4v\u00e4t kipua.<\/p>\n<p align=\"left\">Yksi t\u00e4rkeimmist\u00e4 keinoista ehk\u00e4ist\u00e4 vammoja ennen liikuntaa tai fyysist\u00e4 ty\u00f6t\u00e4 on kunnollinen l\u00e4mmittely. L\u00e4mp\u00f6voiteen k\u00e4ytt\u00f6 aktivoi verenkiertoa ja virkist\u00e4\u00e4 lihaksia, mik\u00e4 v\u00e4hent\u00e4\u00e4 loukkaantumisriski\u00e4 merkitt\u00e4v\u00e4sti.<\/p>\n<p align=\"left\">Zen Nativen aktiivinen kuumavoide on syv\u00e4vaikutteinen ja tehokas \u2013 hiero sit\u00e4 suoraan lihaksiin ja niveliin, ja tunne vaikutukset nopeasti ja pitk\u00e4kestoisesti.<\/p>\n<p align=\"left\"><b>Huom:<\/b> V\u00e4lt\u00e4 kosketusta silmiin ja pese k\u00e4det k\u00e4yt\u00f6n j\u00e4lkeen.<\/p>\n\t\t\t\t\t\t\t\t<\/div>\n\t\t\t\t<\/div>\n\t\t\t\t<div class=\"elementor-element elementor-element-2f08d37 elementor-widget elementor-widget-the7-accordion\" data-id=\"2f08d37\" data-element_type=\"widget\" data-e-type=\"widget\" data-widget_type=\"the7-accordion.default\">\n\t\t\t\t<div class=\"elementor-widget-container\">\n\t\t\t\t\t\t\t<div class=\"elementor-accordion the7-adv-accordion ac_bb_title ac_bb_active_title ac_top_bottom_borders ac_left_right_borders animate-on-loading\" data-accordion-type=\"accordion\" role=\"tablist\">\n\t\t\t\t\t\t\t<div class=\"elementor-accordion-item\">\n\t\t\t\t\t<h3 id=\"elementor-tab-title-4931\" class=\"elementor-tab-title the7-accordion-header active-default\" data-tab=\"1\" role=\"tab\" aria-controls=\"elementor-tab-content-4931\">\n\n\t\t\t\t\t\t\t\t\t\t\t\t\t<span class=\"elementor-accordion-icon elementor-accordion-icon-left\" aria-hidden=\"true\">\n\t\t\t\t\t\t\t\t\t\t\t\t\t\t\t<span class=\"elementor-accordion-icon-closed\"><i class=\"fas fa-chevron-down\"><\/i><\/span>\n\t\t\t\t\t\t\t\t\t\t\t\t\t\t\t\t\t<span class=\"elementor-accordion-icon-opened\"><i class=\"fas fa-chevron-up\"><\/i><\/span>\n\t\t\t\t\t\t\t\t\t\t\t\t\t\t\t\t\t\t\t\t\t\t<\/span>\n\t\t\t\t\t\t\t\t\t\t\t\t\t\t\t\t\t\t<a class=\"elementor-accordion-title\" href=\"\">Koostumus<\/a>\n\t\t\t\t\t<\/h3>\n\t\t\t\t\t<div id=\"elementor-tab-content-4931\" class=\"elementor-tab-content elementor-clearfix active-default\" data-tab=\"1\" role=\"tabpanel\" aria-labelledby=\"elementor-tab-title-4931\"><p align=\"left\"><b>Vesi, Taliana-\u00f6ljy CBD 300mg, kapryylihappo<\/b><\/p>\n<p align=\"left\">Polysorbote 20 ja 80, mineraali\u00f6ljy, trietonaalamiini, karbomeeri, hydrogentoitu Castrol-\u00f6ljy, PEG-7, EDTA, ksantaanikumi, BHT.<\/p>\n<p align=\"left\">Huomautus: Kehit\u00e4mme parhaillaan 100 % luonnollista versiota t\u00e4st\u00e4 tuotteesta. Nykyisess\u00e4 koostumuksessa ei kuitenkaan ole enemp\u00e4\u00e4 kemiallisia yhdisteit\u00e4 kuin tavallisessa k\u00e4sivoiteessa.<\/p>\n<p align=\"left\">30 ml \u2013 lasipurkki kierrekorkilla.<\/p>\n<\/div>\n\t\t\t\t<\/div>\n\t\t\t\t\t\t\t<div class=\"elementor-accordion-item\">\n\t\t\t\t\t<h3 id=\"elementor-tab-title-4932\" class=\"elementor-tab-title the7-accordion-header\" data-tab=\"2\" role=\"tab\" aria-controls=\"elementor-tab-content-4932\">\n\n\t\t\t\t\t\t\t\t\t\t\t\t\t<span class=\"elementor-accordion-icon elementor-accordion-icon-left\" aria-hidden=\"true\">\n\t\t\t\t\t\t\t\t\t\t\t\t\t\t\t<span class=\"elementor-accordion-icon-closed\"><i class=\"fas fa-chevron-down\"><\/i><\/span>\n\t\t\t\t\t\t\t\t\t\t\t\t\t\t\t\t\t<span class=\"elementor-accordion-icon-opened\"><i class=\"fas fa-chevron-up\"><\/i><\/span>\n\t\t\t\t\t\t\t\t\t\t\t\t\t\t\t\t\t\t\t\t\t\t<\/span>\n\t\t\t\t\t\t\t\t\t\t\t\t\t\t\t\t\t\t<a class=\"elementor-accordion-title\" href=\"\">S\u00e4ilytys<\/a>\n\t\t\t\t\t<\/h3>\n\t\t\t\t\t<div id=\"elementor-tab-content-4932\" class=\"elementor-tab-content elementor-clearfix\" data-tab=\"2\" role=\"tabpanel\" aria-labelledby=\"elementor-tab-title-4932\"><p>S\u00e4ilyt\u00e4 viile\u00e4ss\u00e4 ja valolta suojattuna. K\u00e4yt\u00e4 vuoden sis\u00e4ll\u00e4 avaamisesta.<\/p>\n<\/div>\n\t\t\t\t<\/div>\n\t\t\t\t\t<\/div>\n\t\t\t\t\t\t<\/div>\n\t\t\t\t<\/div>\n\t\t\t\t\t<\/div>\n\t\t<\/div>\n\t\t\t\t\t<\/div>\n\t\t<\/section>\n\t\t\t\t<\/div>\n\t\t","protected":false},"excerpt":{"rendered":"<p>Zen Native Active+ l\u00e4mmitt\u00e4v\u00e4 ja aktivoiva urheiluvoide sis\u00e4lt\u00e4\u00e4 300 mg CBD:t\u00e4.<\/p>\n","protected":false},"featured_media":47293,"comment_status":"closed","ping_status":"closed","template":"","meta":[],"product_brand":[],"product_cat":[711],"product_tag":[697,718,722,721,720,719],"class_list":{"0":"post-48430","1":"product","2":"type-product","3":"status-publish","4":"has-post-thumbnail","6":"product_cat-cbd-kosmetiikka","7":"product_tag-cbd-fi","8":"product_tag-cbd-urheiluvoide","9":"product_tag-energisoiva","10":"product_tag-kuuma-kerma","11":"product_tag-lammittaminen-ja-aktivointi","12":"product_tag-lihakset-ja-nivelet","14":"first","15":"outofstock","16":"shipping-taxable","17":"purchasable","18":"product-type-simple"},"_links":{"self":[{"href":"https:\/\/zennative.eu\/fi\/wp-json\/wp\/v2\/product\/48430","targetHints":{"allow":["GET"]}}],"collection":[{"href":"https:\/\/zennative.eu\/fi\/wp-json\/wp\/v2\/product"}],"about":[{"href":"https:\/\/zennative.eu\/fi\/wp-json\/wp\/v2\/types\/product"}],"replies":[{"embeddable":true,"href":"https:\/\/zennative.eu\/fi\/wp-json\/wp\/v2\/comments?post=48430"}],"version-history":[{"count":5,"href":"https:\/\/zennative.eu\/fi\/wp-json\/wp\/v2\/product\/48430\/revisions"}],"predecessor-version":[{"id":65147,"href":"https:\/\/zennative.eu\/fi\/wp-json\/wp\/v2\/product\/48430\/revisions\/65147"}],"wp:featuredmedia":[{"embeddable":true,"href":"https:\/\/zennative.eu\/fi\/wp-json\/wp\/v2\/media\/47293"}],"wp:attachment":[{"href":"https:\/\/zennative.eu\/fi\/wp-json\/wp\/v2\/media?parent=48430"}],"wp:term":[{"taxonomy":"product_brand","embeddable":true,"href":"https:\/\/zennative.eu\/fi\/wp-json\/wp\/v2\/product_brand?post=48430"},{"taxonomy":"product_cat","embeddable":true,"href":"https:\/\/zennative.eu\/fi\/wp-json\/wp\/v2\/product_cat?post=48430"},{"taxonomy":"product_tag","embeddable":true,"href":"https:\/\/zennative.eu\/fi\/wp-json\/wp\/v2\/product_tag?post=48430"}],"curies":[{"name":"wp","href":"https:\/\/api.w.org\/{rel}","templated":true}]}}