{"id":48423,"date":"2021-01-15T11:06:38","date_gmt":"2021-01-15T09:06:38","guid":{"rendered":"https:\/\/zennative.eu\/product\/kristalli-seerumi-cbd-oljy-maailman-hienoin-cbd-oljy\/"},"modified":"2025-07-02T19:05:37","modified_gmt":"2025-07-02T16:05:37","slug":"kristalli-seerumi-cbd-oljy-maailman-hienoin-cbd-oljy","status":"publish","type":"product","link":"https:\/\/zennative.eu\/fi\/tuote\/kristalli-seerumi-cbd-oljy-maailman-hienoin-cbd-oljy\/","title":{"rendered":"Kristalli Seerumi CBD-\u00f6ljy \u2013 maailman hienointa laatua"},"content":{"rendered":"\t\t<div data-elementor-type=\"product-post\" data-elementor-id=\"48423\" class=\"elementor elementor-48423 elementor-30549\" data-elementor-post-type=\"product\">\n\t\t\t\t\t\t<section class=\"elementor-section elementor-top-section elementor-element elementor-element-4c104f4 elementor-section-boxed elementor-section-height-default elementor-section-height-default\" data-id=\"4c104f4\" data-element_type=\"section\" data-e-type=\"section\">\n\t\t\t\t\t\t<div class=\"elementor-container elementor-column-gap-wide\">\n\t\t\t\t\t<div class=\"elementor-column elementor-col-100 elementor-top-column elementor-element elementor-element-93cefb6\" data-id=\"93cefb6\" data-element_type=\"column\" data-e-type=\"column\">\n\t\t\t<div class=\"elementor-widget-wrap elementor-element-populated\">\n\t\t\t\t\t\t<div class=\"elementor-element elementor-element-7219117 elementor-widget elementor-widget-text-editor\" data-id=\"7219117\" data-element_type=\"widget\" data-e-type=\"widget\" data-widget_type=\"text-editor.default\">\n\t\t\t\t<div class=\"elementor-widget-container\">\n\t\t\t\t\t\t\t\t\t<p align=\"left\">Zen Nativen 5\u202f%, 15\u202f% ja 30\u202f% CBD-\u00f6ljyt sis\u00e4lt\u00e4v\u00e4t puhdasta CBD-kristallia. Hajuttomina ja mauttomina ne imeytyv\u00e4t tehokkaasti elimist\u00f6\u00f6n, sill\u00e4 ne on liuotettu hienojakoiseen, kapryylihappoa (C8) sis\u00e4lt\u00e4v\u00e4\u00e4n MCT-\u00f6ljyyn, joka on valmistettu kookosp\u00e4hkin\u00e4st\u00e4.<\/p>\n<p align=\"left\">10 ml:n pipettipullo on valmistettu kierr\u00e4tyslasista ja se on valoa l\u00e4p\u00e4isem\u00e4t\u00f6n. Yksi pullo sis\u00e4lt\u00e4\u00e4 v\u00e4hint\u00e4\u00e4n 200 tippaa.<\/p>\n<p align=\"left\">Lue lis\u00e4\u00e4: Kaikki tiedot CBD:st\u00e4<\/p>\n\t\t\t\t\t\t\t\t<\/div>\n\t\t\t\t<\/div>\n\t\t\t\t<div class=\"elementor-element elementor-element-468905d elementor-widget elementor-widget-the7-accordion\" data-id=\"468905d\" data-element_type=\"widget\" data-e-type=\"widget\" data-widget_type=\"the7-accordion.default\">\n\t\t\t\t<div class=\"elementor-widget-container\">\n\t\t\t\t\t\t\t<div class=\"elementor-accordion the7-adv-accordion ac_bb_title ac_bb_active_title ac_top_bottom_borders ac_left_right_borders\" data-accordion-type=\"toggle\" role=\"tablist\">\n\t\t\t\t\t\t\t<div class=\"elementor-accordion-item\">\n\t\t\t\t\t<h3 id=\"elementor-tab-title-7391\" class=\"elementor-tab-title the7-accordion-header deactive-default\" data-tab=\"1\" role=\"tab\" aria-controls=\"elementor-tab-content-7391\">\n\n\t\t\t\t\t\t\t\t\t\t\t\t\t<span class=\"elementor-accordion-icon elementor-accordion-icon-left\" aria-hidden=\"true\">\n\t\t\t\t\t\t\t\t\t\t\t\t\t\t\t<span class=\"elementor-accordion-icon-closed\"><i class=\"fas fa-chevron-down\"><\/i><\/span>\n\t\t\t\t\t\t\t\t\t\t\t\t\t\t\t\t\t<span class=\"elementor-accordion-icon-opened\"><i class=\"fas fa-chevron-up\"><\/i><\/span>\n\t\t\t\t\t\t\t\t\t\t\t\t\t\t\t\t\t\t\t\t\t\t<\/span>\n\t\t\t\t\t\t\t\t\t\t\t\t\t\t\t\t\t\t<a class=\"elementor-accordion-title\" href=\"\">Idea<\/a>\n\t\t\t\t\t<\/h3>\n\t\t\t\t\t<div id=\"elementor-tab-content-7391\" class=\"elementor-tab-content elementor-clearfix deactive-default\" data-tab=\"1\" role=\"tabpanel\" aria-labelledby=\"elementor-tab-title-7391\"><p align=\"left\">Vuonna 2019 Zen Nativessa syntyi ajatus kehitt\u00e4\u00e4 CBD-\u00f6ljy mahdollisimman puhtaassa ja tehokkaassa muodossa. Koska kannabinoidit ovat rasvaliukoisia, etsimme luonnollisista rasvoista kaikkein hienojakoisinta \u2013 ja l\u00f6ysimme sen kookosp\u00e4hkin\u00e4st\u00e4. T\u00e4n\u00e4\u00e4n voimme ylpe\u00e4n\u00e4 tarjota CBD-\u00f6ljy\u00e4, jonka koostumus on l\u00e4hes yht\u00e4 hienojakoinen kuin vesi.<\/p>\n<p align=\"left\">Sis\u00e4lt\u00e4\u00e4: CBD, C8 (kapryylihappo)<\/p>\n<\/div>\n\t\t\t\t<\/div>\n\t\t\t\t\t\t\t<div class=\"elementor-accordion-item\">\n\t\t\t\t\t<h3 id=\"elementor-tab-title-7392\" class=\"elementor-tab-title the7-accordion-header\" data-tab=\"2\" role=\"tab\" aria-controls=\"elementor-tab-content-7392\">\n\n\t\t\t\t\t\t\t\t\t\t\t\t\t<span class=\"elementor-accordion-icon elementor-accordion-icon-left\" aria-hidden=\"true\">\n\t\t\t\t\t\t\t\t\t\t\t\t\t\t\t<span class=\"elementor-accordion-icon-closed\"><i class=\"fas fa-chevron-down\"><\/i><\/span>\n\t\t\t\t\t\t\t\t\t\t\t\t\t\t\t\t\t<span class=\"elementor-accordion-icon-opened\"><i class=\"fas fa-chevron-up\"><\/i><\/span>\n\t\t\t\t\t\t\t\t\t\t\t\t\t\t\t\t\t\t\t\t\t\t<\/span>\n\t\t\t\t\t\t\t\t\t\t\t\t\t\t\t\t\t\t<a class=\"elementor-accordion-title\" href=\"\">Sis\u00e4iseen k\u00e4ytt\u00f6\u00f6n<\/a>\n\t\t\t\t\t<\/h3>\n\t\t\t\t\t<div id=\"elementor-tab-content-7392\" class=\"elementor-tab-content elementor-clearfix\" data-tab=\"2\" role=\"tabpanel\" aria-labelledby=\"elementor-tab-title-7392\"><p align=\"left\">T\u00e4ss\u00e4 \u00f6ljyss\u00e4 yhdistyv\u00e4t kaikki CBD:n keskeiset hy\u00f6dyt, kuten:<\/p>\n<ul>\n<li>\n<p align=\"left\"><b>Rauhoittaa<\/b> hermostoa, lievitt\u00e4\u00e4 lihasj\u00e4nnityst\u00e4 ja helpottaa ahdistusta<\/p>\n<\/li>\n<li>\n<p align=\"left\"><b>Edist\u00e4\u00e4 unta<\/b> \u2013 auttaa nukahtamaan ja pysym\u00e4\u00e4n unessa<\/p>\n<\/li>\n<li>\n<p align=\"left\"><b>V\u00e4hent\u00e4\u00e4<\/b> stressihormonien ja tulehduksen tasoja<\/p>\n<\/li>\n<\/ul>\n<p align=\"left\">Annostus 75 kg painavalle henkil\u00f6lle<\/p>\n<ul>\n<li>\n<p align=\"left\"><b>5 %<\/b> = 30 tippaa kielen alle<\/p>\n<\/li>\n<li>\n<p align=\"left\"><b>15 %<\/b> = 10 tippaa kielen alle<\/p>\n<\/li>\n<li>\n<p align=\"left\"><b>30 %<\/b> = 5 tippaa kielen alle<\/p>\n<\/li>\n<\/ul>\n<p align=\"left\">Lue lis\u00e4\u00e4: Kaikki tiedot CBD:st\u00e4<\/p>\n<\/div>\n\t\t\t\t<\/div>\n\t\t\t\t\t\t\t<div class=\"elementor-accordion-item\">\n\t\t\t\t\t<h3 id=\"elementor-tab-title-7393\" class=\"elementor-tab-title the7-accordion-header\" data-tab=\"3\" role=\"tab\" aria-controls=\"elementor-tab-content-7393\">\n\n\t\t\t\t\t\t\t\t\t\t\t\t\t<span class=\"elementor-accordion-icon elementor-accordion-icon-left\" aria-hidden=\"true\">\n\t\t\t\t\t\t\t\t\t\t\t\t\t\t\t<span class=\"elementor-accordion-icon-closed\"><i class=\"fas fa-chevron-down\"><\/i><\/span>\n\t\t\t\t\t\t\t\t\t\t\t\t\t\t\t\t\t<span class=\"elementor-accordion-icon-opened\"><i class=\"fas fa-chevron-up\"><\/i><\/span>\n\t\t\t\t\t\t\t\t\t\t\t\t\t\t\t\t\t\t\t\t\t\t<\/span>\n\t\t\t\t\t\t\t\t\t\t\t\t\t\t\t\t\t\t<a class=\"elementor-accordion-title\" href=\"\">Ulkoiseen k\u00e4ytt\u00f6\u00f6n<\/a>\n\t\t\t\t\t<\/h3>\n\t\t\t\t\t<div id=\"elementor-tab-content-7393\" class=\"elementor-tab-content elementor-clearfix\" data-tab=\"3\" role=\"tabpanel\" aria-labelledby=\"elementor-tab-title-7393\"><p align=\"left\">Annostele ja levit\u00e4 varovasti 1\u20133 tippaa puhtaalle iholle, k\u00e4mmenen kokoiselle alueelle. Varo silmien aluetta.<\/p>\n<ul>\n<li>\n<p align=\"left\">Rauhoittaa nopeasti tulehtunutta ihoa<\/p>\n<\/li>\n<li>\n<p align=\"left\">Pitk\u00e4kestoinen kosteuttaja \u2013 sopii my\u00f6s rasvaiselle iholle<\/p>\n<\/li>\n<li>\n<p align=\"left\">Tehostaa ja tukee luonnollista kollageenin tuotantoa<\/p>\n<\/li>\n<li>\n<p align=\"left\">Torjuu tehokkaasti iho-ongelmia, kuten ekseemaa ja aknea<\/p>\n<\/li>\n<li>\n<p align=\"left\">Rauhoittaa kipeytyneit\u00e4 lihaksia ja niveli\u00e4<\/p>\n<\/li>\n<\/ul>\n<p align=\"left\"><b>Mik\u00e4 vahvuus kannattaa valita?<br \/>\n<\/b> 5 % = Ennaltaehk\u00e4isev\u00e4\u00e4n k\u00e4ytt\u00f6\u00f6n ja ihon hoitoon<br \/>\n15 % = Tulehtuneen, akneen taipuvaisen ihon hoitoon<br \/>\n30 % = Ihosairauksien lievitt\u00e4miseen ja hoitoon.<\/p>\n<p align=\"left\">Lue lis\u00e4\u00e4: Kaikki tiedot CBD:st\u00e4<\/p>\n<\/div>\n\t\t\t\t<\/div>\n\t\t\t\t\t\t\t<div class=\"elementor-accordion-item\">\n\t\t\t\t\t<h3 id=\"elementor-tab-title-7394\" class=\"elementor-tab-title the7-accordion-header\" data-tab=\"4\" role=\"tab\" aria-controls=\"elementor-tab-content-7394\">\n\n\t\t\t\t\t\t\t\t\t\t\t\t\t<span class=\"elementor-accordion-icon elementor-accordion-icon-left\" aria-hidden=\"true\">\n\t\t\t\t\t\t\t\t\t\t\t\t\t\t\t<span class=\"elementor-accordion-icon-closed\"><i class=\"fas fa-chevron-down\"><\/i><\/span>\n\t\t\t\t\t\t\t\t\t\t\t\t\t\t\t\t\t<span class=\"elementor-accordion-icon-opened\"><i class=\"fas fa-chevron-up\"><\/i><\/span>\n\t\t\t\t\t\t\t\t\t\t\t\t\t\t\t\t\t\t\t\t\t\t<\/span>\n\t\t\t\t\t\t\t\t\t\t\t\t\t\t\t\t\t\t<a class=\"elementor-accordion-title\" href=\"\">Lis\u00e4tietoja<\/a>\n\t\t\t\t\t<\/h3>\n\t\t\t\t\t<div id=\"elementor-tab-content-7394\" class=\"elementor-tab-content elementor-clearfix\" data-tab=\"4\" role=\"tabpanel\" aria-labelledby=\"elementor-tab-title-7394\"><ul>\n<li>\n<p align=\"left\">Kansainv\u00e4lisen antidopingj\u00e4rjest\u00f6n hyv\u00e4ksym\u00e4<\/p>\n<\/li>\n<li>\n<p align=\"left\">100 % luonnollista alkuper\u00e4\u00e4<\/p>\n<\/li>\n<li>\n<p align=\"left\">Kierr\u00e4tyslasista valmistettu valonkest\u00e4v\u00e4 pullo<\/p>\n<\/li>\n<li>\n<p align=\"left\">Palmu\u00f6ljyt\u00f6n, GMO-vapaa ja vegaaninen<\/p>\n<\/li>\n<li>\n<p align=\"left\">Valmistettu Virossa<\/p>\n<\/li>\n<\/ul>\n<\/div>\n\t\t\t\t<\/div>\n\t\t\t\t\t\t\t<div class=\"elementor-accordion-item\">\n\t\t\t\t\t<h3 id=\"elementor-tab-title-7395\" class=\"elementor-tab-title the7-accordion-header\" data-tab=\"5\" role=\"tab\" aria-controls=\"elementor-tab-content-7395\">\n\n\t\t\t\t\t\t\t\t\t\t\t\t\t<span class=\"elementor-accordion-icon elementor-accordion-icon-left\" aria-hidden=\"true\">\n\t\t\t\t\t\t\t\t\t\t\t\t\t\t\t<span class=\"elementor-accordion-icon-closed\"><i class=\"fas fa-chevron-down\"><\/i><\/span>\n\t\t\t\t\t\t\t\t\t\t\t\t\t\t\t\t\t<span class=\"elementor-accordion-icon-opened\"><i class=\"fas fa-chevron-up\"><\/i><\/span>\n\t\t\t\t\t\t\t\t\t\t\t\t\t\t\t\t\t\t\t\t\t\t<\/span>\n\t\t\t\t\t\t\t\t\t\t\t\t\t\t\t\t\t\t<a class=\"elementor-accordion-title\" href=\"\">Valmistus<\/a>\n\t\t\t\t\t<\/h3>\n\t\t\t\t\t<div id=\"elementor-tab-content-7395\" class=\"elementor-tab-content elementor-clearfix\" data-tab=\"5\" role=\"tabpanel\" aria-labelledby=\"elementor-tab-title-7395\"><p align=\"left\">CBD-molekyyli erotetaan hamppu-uutteesta kiteytt\u00e4m\u00e4ll\u00e4, mink\u00e4 j\u00e4lkeen se liuotetaan kookosp\u00e4hkin\u00e4st\u00e4 uutettuun C8-rasvahappoon (kapryylihappo).<\/p>\n<\/div>\n\t\t\t\t<\/div>\n\t\t\t\t\t\t\t<div class=\"elementor-accordion-item\">\n\t\t\t\t\t<h3 id=\"elementor-tab-title-7396\" class=\"elementor-tab-title the7-accordion-header\" data-tab=\"6\" role=\"tab\" aria-controls=\"elementor-tab-content-7396\">\n\n\t\t\t\t\t\t\t\t\t\t\t\t\t<span class=\"elementor-accordion-icon elementor-accordion-icon-left\" aria-hidden=\"true\">\n\t\t\t\t\t\t\t\t\t\t\t\t\t\t\t<span class=\"elementor-accordion-icon-closed\"><i class=\"fas fa-chevron-down\"><\/i><\/span>\n\t\t\t\t\t\t\t\t\t\t\t\t\t\t\t\t\t<span class=\"elementor-accordion-icon-opened\"><i class=\"fas fa-chevron-up\"><\/i><\/span>\n\t\t\t\t\t\t\t\t\t\t\t\t\t\t\t\t\t\t\t\t\t\t<\/span>\n\t\t\t\t\t\t\t\t\t\t\t\t\t\t\t\t\t\t<a class=\"elementor-accordion-title\" href=\"\">S\u00e4ilytys<\/a>\n\t\t\t\t\t<\/h3>\n\t\t\t\t\t<div id=\"elementor-tab-content-7396\" class=\"elementor-tab-content elementor-clearfix\" data-tab=\"6\" role=\"tabpanel\" aria-labelledby=\"elementor-tab-title-7396\"><ul>\n<li>\n<p align=\"left\">S\u00e4ilyt\u00e4 huoneenl\u00e4mm\u00f6ss\u00e4, valolta suojattuna<\/p>\n<\/li>\n<li>\n<p align=\"left\">V\u00e4lt\u00e4 pipetin koskettamista suuhun tai ihoon<\/p>\n<\/li>\n<\/ul>\n<\/div>\n\t\t\t\t<\/div>\n\t\t\t\t\t<\/div>\n\t\t\t\t\t\t<\/div>\n\t\t\t\t<\/div>\n\t\t\t\t<div class=\"elementor-element elementor-element-edab50f elementor-hidden-desktop elementor-hidden-tablet elementor-hidden-mobile elementor-widget elementor-widget-image\" data-id=\"edab50f\" data-element_type=\"widget\" data-e-type=\"widget\" data-widget_type=\"image.default\">\n\t\t\t\t<div class=\"elementor-widget-container\">\n\t\t\t\t\t\t\t\t\t\t\t\t\t\t\t<img fetchpriority=\"high\" decoding=\"async\" width=\"600\" height=\"800\" src=\"https:\/\/zennative.eu\/wp-content\/uploads\/2021\/01\/Zen-Native-Crystal-Serum-CBD-Oil-05.png\" class=\"attachment-large size-large wp-image-47209\" alt=\"\" srcset=\"https:\/\/zennative.eu\/wp-content\/uploads\/2021\/01\/Zen-Native-Crystal-Serum-CBD-Oil-05.png 600w, https:\/\/zennative.eu\/wp-content\/uploads\/2021\/01\/Zen-Native-Crystal-Serum-CBD-Oil-05-225x300.png 225w\" sizes=\"(max-width: 600px) 100vw, 600px\" \/>\t\t\t\t\t\t\t\t\t\t\t\t\t\t\t<\/div>\n\t\t\t\t<\/div>\n\t\t\t\t\t<\/div>\n\t\t<\/div>\n\t\t\t\t\t<\/div>\n\t\t<\/section>\n\t\t\t\t<\/div>\n\t\t","protected":false},"excerpt":{"rendered":"<p>T\u00e4m\u00e4 on CBD:n puhtain muoto.<\/p>\n","protected":false},"featured_media":47206,"comment_status":"closed","ping_status":"closed","template":"","meta":[],"product_brand":[],"product_cat":[706],"product_tag":[707,697,708],"class_list":{"0":"post-48423","1":"product","2":"type-product","3":"status-publish","4":"has-post-thumbnail","6":"product_cat-cbd-oljyt","7":"product_tag-c8-fi","8":"product_tag-cbd-fi","9":"product_tag-wada-fi","11":"first","12":"instock","13":"shipping-taxable","14":"purchasable","15":"product-type-variable"},"_links":{"self":[{"href":"https:\/\/zennative.eu\/fi\/wp-json\/wp\/v2\/product\/48423","targetHints":{"allow":["GET"]}}],"collection":[{"href":"https:\/\/zennative.eu\/fi\/wp-json\/wp\/v2\/product"}],"about":[{"href":"https:\/\/zennative.eu\/fi\/wp-json\/wp\/v2\/types\/product"}],"replies":[{"embeddable":true,"href":"https:\/\/zennative.eu\/fi\/wp-json\/wp\/v2\/comments?post=48423"}],"version-history":[{"count":9,"href":"https:\/\/zennative.eu\/fi\/wp-json\/wp\/v2\/product\/48423\/revisions"}],"predecessor-version":[{"id":65174,"href":"https:\/\/zennative.eu\/fi\/wp-json\/wp\/v2\/product\/48423\/revisions\/65174"}],"wp:featuredmedia":[{"embeddable":true,"href":"https:\/\/zennative.eu\/fi\/wp-json\/wp\/v2\/media\/47206"}],"wp:attachment":[{"href":"https:\/\/zennative.eu\/fi\/wp-json\/wp\/v2\/media?parent=48423"}],"wp:term":[{"taxonomy":"product_brand","embeddable":true,"href":"https:\/\/zennative.eu\/fi\/wp-json\/wp\/v2\/product_brand?post=48423"},{"taxonomy":"product_cat","embeddable":true,"href":"https:\/\/zennative.eu\/fi\/wp-json\/wp\/v2\/product_cat?post=48423"},{"taxonomy":"product_tag","embeddable":true,"href":"https:\/\/zennative.eu\/fi\/wp-json\/wp\/v2\/product_tag?post=48423"}],"curies":[{"name":"wp","href":"https:\/\/api.w.org\/{rel}","templated":true}]}}