{"id":48416,"date":"2021-10-27T12:29:53","date_gmt":"2021-10-27T10:29:53","guid":{"rendered":"https:\/\/zennative.eu\/product\/full-spectrum-viron-runsain-cbd-kannabisoljy\/"},"modified":"2025-07-02T19:03:12","modified_gmt":"2025-07-02T16:03:12","slug":"full-spectrum-viron-runsain-cbd-kannabisoljy","status":"publish","type":"product","link":"https:\/\/zennative.eu\/fi\/tuote\/full-spectrum-viron-runsain-cbd-kannabisoljy\/","title":{"rendered":"Full Spectrum CBD-\u00f6ljy \u2013 Suomen t\u00e4ytel\u00e4isin kannabis\u00f6ljy"},"content":{"rendered":"\t\t<div data-elementor-type=\"product-post\" data-elementor-id=\"48416\" class=\"elementor elementor-48416 elementor-39916\" data-elementor-post-type=\"product\">\n\t\t\t\t\t\t<section class=\"elementor-section elementor-top-section elementor-element elementor-element-4c104f4 elementor-section-boxed elementor-section-height-default elementor-section-height-default\" data-id=\"4c104f4\" data-element_type=\"section\" data-e-type=\"section\">\n\t\t\t\t\t\t<div class=\"elementor-container elementor-column-gap-wide\">\n\t\t\t\t\t<div class=\"elementor-column elementor-col-100 elementor-top-column elementor-element elementor-element-93cefb6\" data-id=\"93cefb6\" data-element_type=\"column\" data-e-type=\"column\">\n\t\t\t<div class=\"elementor-widget-wrap elementor-element-populated\">\n\t\t\t\t\t\t<div class=\"elementor-element elementor-element-7349286 elementor-widget elementor-widget-text-editor\" data-id=\"7349286\" data-element_type=\"widget\" data-e-type=\"widget\" data-widget_type=\"text-editor.default\">\n\t\t\t\t<div class=\"elementor-widget-container\">\n\t\t\t\t\t\t\t\t\t<p align=\"left\">Zen Nativen 5\u202f%, 15\u202f% ja 30\u202f% Full Spectrum CBD-\u00f6ljyt sis\u00e4lt\u00e4v\u00e4t koko hamppukasvin luonnollisen tehon. \u00d6ljyiss\u00e4 on laaja kirjo kannabinoideja \u2013 mukaan lukien CBG, CBC, CBN, THC \u2013 sek\u00e4 500, 1500 tai 3000 mg CBD:t\u00e4.<\/p>\n<p align=\"left\">Ne sis\u00e4lt\u00e4v\u00e4t my\u00f6s kaikki hampun luonnolliset flavonoidit ja terpeenit. Ruskeanvihre\u00e4, miellytt\u00e4v\u00e4n makuinen \u00f6ljy imeytyy tehokkaasti elimist\u00f6\u00f6n, sill\u00e4 se on liuotettu hienojakoiseen, kookosp\u00e4hkin\u00e4st\u00e4 valmistettuun MCT-\u00f6ljyyn.<\/p>\n<p align=\"left\">10 ml:n pipettipullo on valmistettu valoa l\u00e4p\u00e4isem\u00e4tt\u00f6m\u00e4st\u00e4 kierr\u00e4tyslasista. Yksi pullo sis\u00e4lt\u00e4\u00e4 v\u00e4hint\u00e4\u00e4n 200 tippaa.<\/p>\n<p align=\"left\">Lue lis\u00e4\u00e4: Kaikki tiedot CBD:st\u00e4<\/p>\n\t\t\t\t\t\t\t\t<\/div>\n\t\t\t\t<\/div>\n\t\t\t\t<div class=\"elementor-element elementor-element-3105200 elementor-widget elementor-widget-the7-accordion\" data-id=\"3105200\" data-element_type=\"widget\" data-e-type=\"widget\" data-widget_type=\"the7-accordion.default\">\n\t\t\t\t<div class=\"elementor-widget-container\">\n\t\t\t\t\t\t\t<div class=\"elementor-accordion the7-adv-accordion ac_bb_title ac_bb_active_title ac_top_bottom_borders ac_left_right_borders\" data-accordion-type=\"toggle\" role=\"tablist\">\n\t\t\t\t\t\t\t<div class=\"elementor-accordion-item\">\n\t\t\t\t\t<h3 id=\"elementor-tab-title-5141\" class=\"elementor-tab-title the7-accordion-header deactive-default\" data-tab=\"1\" role=\"tab\" aria-controls=\"elementor-tab-content-5141\">\n\n\t\t\t\t\t\t\t\t\t\t\t\t\t<span class=\"elementor-accordion-icon elementor-accordion-icon-left\" aria-hidden=\"true\">\n\t\t\t\t\t\t\t\t\t\t\t\t\t\t\t<span class=\"elementor-accordion-icon-closed\"><i class=\"fas fa-chevron-down\"><\/i><\/span>\n\t\t\t\t\t\t\t\t\t\t\t\t\t\t\t\t\t<span class=\"elementor-accordion-icon-opened\"><i class=\"fas fa-chevron-up\"><\/i><\/span>\n\t\t\t\t\t\t\t\t\t\t\t\t\t\t\t\t\t\t\t\t\t\t<\/span>\n\t\t\t\t\t\t\t\t\t\t\t\t\t\t\t\t\t\t<a class=\"elementor-accordion-title\" href=\"\">Idea<\/a>\n\t\t\t\t\t<\/h3>\n\t\t\t\t\t<div id=\"elementor-tab-content-5141\" class=\"elementor-tab-content elementor-clearfix deactive-default\" data-tab=\"1\" role=\"tabpanel\" aria-labelledby=\"elementor-tab-title-5141\"><p align=\"left\">Full Spectrum CBD -\u00f6ljyn kehityksen taustalla oli ajatus hy\u00f6dynt\u00e4\u00e4 koko korkealaatuisen kannabiskasvin teho. Se on suunniteltu erityisesti niille, joille Crystal CBD -\u00f6ljy ei tuottanut riitt\u00e4v\u00e4\u00e4 vaikutusta.<\/p>\n<p align=\"left\"><b>Sis\u00e4lt\u00e4\u00e4:<\/b> t\u00e4yden spektrin hamppu-uutetta, MCT-\u00f6ljy\u00e4.<\/p>\n<\/div>\n\t\t\t\t<\/div>\n\t\t\t\t\t\t\t<div class=\"elementor-accordion-item\">\n\t\t\t\t\t<h3 id=\"elementor-tab-title-5142\" class=\"elementor-tab-title the7-accordion-header\" data-tab=\"2\" role=\"tab\" aria-controls=\"elementor-tab-content-5142\">\n\n\t\t\t\t\t\t\t\t\t\t\t\t\t<span class=\"elementor-accordion-icon elementor-accordion-icon-left\" aria-hidden=\"true\">\n\t\t\t\t\t\t\t\t\t\t\t\t\t\t\t<span class=\"elementor-accordion-icon-closed\"><i class=\"fas fa-chevron-down\"><\/i><\/span>\n\t\t\t\t\t\t\t\t\t\t\t\t\t\t\t\t\t<span class=\"elementor-accordion-icon-opened\"><i class=\"fas fa-chevron-up\"><\/i><\/span>\n\t\t\t\t\t\t\t\t\t\t\t\t\t\t\t\t\t\t\t\t\t\t<\/span>\n\t\t\t\t\t\t\t\t\t\t\t\t\t\t\t\t\t\t<a class=\"elementor-accordion-title\" href=\"\">Sis\u00e4iseen k\u00e4ytt\u00f6\u00f6n<\/a>\n\t\t\t\t\t<\/h3>\n\t\t\t\t\t<div id=\"elementor-tab-content-5142\" class=\"elementor-tab-content elementor-clearfix\" data-tab=\"2\" role=\"tabpanel\" aria-labelledby=\"elementor-tab-title-5142\"><p align=\"left\">T\u00e4ss\u00e4 \u00f6ljyss\u00e4 yhdistyv\u00e4t kaikki CBD:n keskeiset hy\u00f6dyt, kuten:<\/p>\n<ul>\n<li>\n<p align=\"left\"><b>Rauhoittaa<\/b> hermostoa, lievitt\u00e4\u00e4 lihasj\u00e4nnityst\u00e4 ja helpottaa ahdistusta<\/p>\n<\/li>\n<li>\n<p align=\"left\"><b>Edist\u00e4\u00e4 unta<\/b> \u2013 auttaa nukahtamaan ja pysym\u00e4\u00e4n unessa<\/p>\n<\/li>\n<li>\n<p align=\"left\"><b>V\u00e4hent\u00e4\u00e4<\/b> stressihormonien ja tulehduksen tasoja<\/p>\n<\/li>\n<\/ul>\n<p align=\"left\">Annostus 75 kg painavalle henkil\u00f6lle<\/p>\n<ul>\n<li>\n<p align=\"left\"><b>5 %<\/b> = 30 tippaa kielen alle<\/p>\n<\/li>\n<li>\n<p align=\"left\"><b>15 %<\/b> = 10 tippaa kielen alle<\/p>\n<\/li>\n<li>\n<p align=\"left\"><b>30 %<\/b> = 5 tippaa kielen alle<\/p>\n<\/li>\n<\/ul>\n<p align=\"left\">Lue lis\u00e4\u00e4: Kaikki tiedot CBD:st\u00e4<\/p>\n<\/div>\n\t\t\t\t<\/div>\n\t\t\t\t\t\t\t<div class=\"elementor-accordion-item\">\n\t\t\t\t\t<h3 id=\"elementor-tab-title-5143\" class=\"elementor-tab-title the7-accordion-header\" data-tab=\"3\" role=\"tab\" aria-controls=\"elementor-tab-content-5143\">\n\n\t\t\t\t\t\t\t\t\t\t\t\t\t<span class=\"elementor-accordion-icon elementor-accordion-icon-left\" aria-hidden=\"true\">\n\t\t\t\t\t\t\t\t\t\t\t\t\t\t\t<span class=\"elementor-accordion-icon-closed\"><i class=\"fas fa-chevron-down\"><\/i><\/span>\n\t\t\t\t\t\t\t\t\t\t\t\t\t\t\t\t\t<span class=\"elementor-accordion-icon-opened\"><i class=\"fas fa-chevron-up\"><\/i><\/span>\n\t\t\t\t\t\t\t\t\t\t\t\t\t\t\t\t\t\t\t\t\t\t<\/span>\n\t\t\t\t\t\t\t\t\t\t\t\t\t\t\t\t\t\t<a class=\"elementor-accordion-title\" href=\"\">Ulkoiseen k\u00e4ytt\u00f6\u00f6n<\/a>\n\t\t\t\t\t<\/h3>\n\t\t\t\t\t<div id=\"elementor-tab-content-5143\" class=\"elementor-tab-content elementor-clearfix\" data-tab=\"3\" role=\"tabpanel\" aria-labelledby=\"elementor-tab-title-5143\"><p align=\"left\">Annostele ja levit\u00e4 varovasti 1\u20133 tippaa puhtaalle iholle, k\u00e4mmenen kokoiselle alueelle. Varo silmien aluetta.<\/p>\n<ul>\n<li>\n<p align=\"left\">Rauhoittaa nopeasti tulehtunutta ihoa<\/p>\n<\/li>\n<li>\n<p align=\"left\">Pitk\u00e4kestoinen kosteuttaja \u2013 sopii my\u00f6s rasvaiselle iholle<\/p>\n<\/li>\n<li>\n<p align=\"left\">Tehostaa ja tukee luonnollista kollageenin tuotantoa<\/p>\n<\/li>\n<li>\n<p align=\"left\">Torjuu tehokkaasti iho-ongelmia, kuten ekseemaa ja aknea<\/p>\n<\/li>\n<li>\n<p align=\"left\">Rauhoittaa kipeytyneit\u00e4 lihaksia ja niveli\u00e4<\/p>\n<\/li>\n<\/ul>\n<p align=\"left\"><b>Mik\u00e4 vahvuus kannattaa valita?<br \/>\n<\/b> 5 % = Ennaltaehk\u00e4isev\u00e4\u00e4n k\u00e4ytt\u00f6\u00f6n ja ihon hoitoon<br \/>\n15 % = Tulehtuneen, akneen taipuvaisen ihon hoitoon<br \/>\n30 % = Ihosairauksien lievitt\u00e4miseen ja hoitoon.<\/p>\n<p align=\"left\">Lue lis\u00e4\u00e4: Kaikki tiedot CBD:st\u00e4<\/p>\n<\/div>\n\t\t\t\t<\/div>\n\t\t\t\t\t\t\t<div class=\"elementor-accordion-item\">\n\t\t\t\t\t<h3 id=\"elementor-tab-title-5144\" class=\"elementor-tab-title the7-accordion-header\" data-tab=\"4\" role=\"tab\" aria-controls=\"elementor-tab-content-5144\">\n\n\t\t\t\t\t\t\t\t\t\t\t\t\t<span class=\"elementor-accordion-icon elementor-accordion-icon-left\" aria-hidden=\"true\">\n\t\t\t\t\t\t\t\t\t\t\t\t\t\t\t<span class=\"elementor-accordion-icon-closed\"><i class=\"fas fa-chevron-down\"><\/i><\/span>\n\t\t\t\t\t\t\t\t\t\t\t\t\t\t\t\t\t<span class=\"elementor-accordion-icon-opened\"><i class=\"fas fa-chevron-up\"><\/i><\/span>\n\t\t\t\t\t\t\t\t\t\t\t\t\t\t\t\t\t\t\t\t\t\t<\/span>\n\t\t\t\t\t\t\t\t\t\t\t\t\t\t\t\t\t\t<a class=\"elementor-accordion-title\" href=\"\">Lis\u00e4tietoja<\/a>\n\t\t\t\t\t<\/h3>\n\t\t\t\t\t<div id=\"elementor-tab-content-5144\" class=\"elementor-tab-content elementor-clearfix\" data-tab=\"4\" role=\"tabpanel\" aria-labelledby=\"elementor-tab-title-5144\"><ul>\n<li>\n<p align=\"left\">Testattu Viron oikeusl\u00e4\u00e4ketieteellisess\u00e4 laboratoriossa | [PDF]<\/p>\n<\/li>\n<li>\n<p align=\"left\">100 % luonnollista alkuper\u00e4\u00e4<\/p>\n<\/li>\n<li>\n<p align=\"left\">Kierr\u00e4tyslasista valmistettu valonkest\u00e4v\u00e4 pullo<\/p>\n<\/li>\n<li>\n<p align=\"left\">Palmu\u00f6ljyt\u00f6n, GMO-vapaa ja vegaaninen<\/p>\n<\/li>\n<li>\n<p align=\"left\">Valmistettu Virossa<\/p>\n<\/li>\n<\/ul>\n<\/div>\n\t\t\t\t<\/div>\n\t\t\t\t\t\t\t<div class=\"elementor-accordion-item\">\n\t\t\t\t\t<h3 id=\"elementor-tab-title-5145\" class=\"elementor-tab-title the7-accordion-header\" data-tab=\"5\" role=\"tab\" aria-controls=\"elementor-tab-content-5145\">\n\n\t\t\t\t\t\t\t\t\t\t\t\t\t<span class=\"elementor-accordion-icon elementor-accordion-icon-left\" aria-hidden=\"true\">\n\t\t\t\t\t\t\t\t\t\t\t\t\t\t\t<span class=\"elementor-accordion-icon-closed\"><i class=\"fas fa-chevron-down\"><\/i><\/span>\n\t\t\t\t\t\t\t\t\t\t\t\t\t\t\t\t\t<span class=\"elementor-accordion-icon-opened\"><i class=\"fas fa-chevron-up\"><\/i><\/span>\n\t\t\t\t\t\t\t\t\t\t\t\t\t\t\t\t\t\t\t\t\t\t<\/span>\n\t\t\t\t\t\t\t\t\t\t\t\t\t\t\t\t\t\t<a class=\"elementor-accordion-title\" href=\"\">Valmistus<\/a>\n\t\t\t\t\t<\/h3>\n\t\t\t\t\t<div id=\"elementor-tab-content-5145\" class=\"elementor-tab-content elementor-clearfix\" data-tab=\"5\" role=\"tabpanel\" aria-labelledby=\"elementor-tab-title-5145\"><p align=\"left\">CBD-\u00f6ljy on valmistettu korkealaatuisesta hampusta tehokkaalla CO2-uuttomenetelm\u00e4ll\u00e4, ja se on laimennettu kookosp\u00e4hkin\u00e4n MCT-\u00f6ljyll\u00e4.<\/p>\n<p align=\"left\">Koska uutetun massan THC-pitoisuus ylitt\u00e4\u00e4 EU:n sallitun 0,3 % rajan, valmistus tapahtuu Sveitsiss\u00e4, jossa raja on 1 %. Valmiin myym\u00e4mme tuotteen THC-pitoisuus on alle 0,3 %.<\/p>\n<p align=\"left\">Valitsemme t\u00e4m\u00e4n valmistustavan, koska se v\u00e4ltt\u00e4\u00e4 klassisten uuttomenetelmien haitat, kuten l\u00e4mp\u00f6hajoavuuden, hydrolyysin ja liuotinj\u00e4\u00e4m\u00e4t.<\/p>\n<p align=\"left\">Valitsemalla Zen Nativen, voit olla varma saavasi markkinoiden parasta CBD-laatua.<\/p>\n<\/div>\n\t\t\t\t<\/div>\n\t\t\t\t\t\t\t<div class=\"elementor-accordion-item\">\n\t\t\t\t\t<h3 id=\"elementor-tab-title-5146\" class=\"elementor-tab-title the7-accordion-header\" data-tab=\"6\" role=\"tab\" aria-controls=\"elementor-tab-content-5146\">\n\n\t\t\t\t\t\t\t\t\t\t\t\t\t<span class=\"elementor-accordion-icon elementor-accordion-icon-left\" aria-hidden=\"true\">\n\t\t\t\t\t\t\t\t\t\t\t\t\t\t\t<span class=\"elementor-accordion-icon-closed\"><i class=\"fas fa-chevron-down\"><\/i><\/span>\n\t\t\t\t\t\t\t\t\t\t\t\t\t\t\t\t\t<span class=\"elementor-accordion-icon-opened\"><i class=\"fas fa-chevron-up\"><\/i><\/span>\n\t\t\t\t\t\t\t\t\t\t\t\t\t\t\t\t\t\t\t\t\t\t<\/span>\n\t\t\t\t\t\t\t\t\t\t\t\t\t\t\t\t\t\t<a class=\"elementor-accordion-title\" href=\"\">S\u00e4ilytys<\/a>\n\t\t\t\t\t<\/h3>\n\t\t\t\t\t<div id=\"elementor-tab-content-5146\" class=\"elementor-tab-content elementor-clearfix\" data-tab=\"6\" role=\"tabpanel\" aria-labelledby=\"elementor-tab-title-5146\"><ul>\n<li>\n<p align=\"left\">S\u00e4ilyt\u00e4 huoneenl\u00e4mm\u00f6ss\u00e4, valolta suojattuna<\/p>\n<\/li>\n<li>\n<p align=\"left\">V\u00e4lt\u00e4 pipetin koskettamista suuhun tai ihoon<\/p>\n<\/li>\n<\/ul>\n<\/div>\n\t\t\t\t<\/div>\n\t\t\t\t\t<\/div>\n\t\t\t\t\t\t<\/div>\n\t\t\t\t<\/div>\n\t\t\t\t\t<\/div>\n\t\t<\/div>\n\t\t\t\t\t<\/div>\n\t\t<\/section>\n\t\t\t\t<section class=\"elementor-section elementor-top-section elementor-element elementor-element-4aa086c elementor-section-boxed elementor-section-height-default elementor-section-height-default\" data-id=\"4aa086c\" data-element_type=\"section\" data-e-type=\"section\">\n\t\t\t\t\t\t<div class=\"elementor-container elementor-column-gap-default\">\n\t\t\t\t\t<div class=\"elementor-column elementor-col-100 elementor-top-column elementor-element elementor-element-397a537\" data-id=\"397a537\" data-element_type=\"column\" data-e-type=\"column\">\n\t\t\t<div class=\"elementor-widget-wrap elementor-element-populated\">\n\t\t\t\t\t\t<div class=\"elementor-element elementor-element-08122ab elementor-widget elementor-widget-shortcode\" data-id=\"08122ab\" data-element_type=\"widget\" data-e-type=\"widget\" data-widget_type=\"shortcode.default\">\n\t\t\t\t<div class=\"elementor-widget-container\">\n\t\t\t\t\t\t\t<div class=\"elementor-shortcode\"><script type=\"application\/ld+json\">\r\n    {\r\n      \"@context\": \"https:\/\/lt.zennative.ee\/\u201c,\r\n      \"@type\": \"Product\",\r\n      \"name\": \u201cFull \u201cSpectrum CBD oil,\r\n      \"image\": [\r\n        \"https:\/\/lt.zennative.ee\/wp-content\/uploads\/2021\/10\/Zen-Native-5-Full-Spectrum-CBD-Oil-Taisspektri-CBD-kanepi-oli_1.png\",\r\n        \"https:\/\/lt.zennative.ee\/wp-content\/uploads\/2021\/10\/Zen-Native-Pipett-Full-Spectrum-CBD-Oil-Taisspektri-CBD-kanepi-oli.png\",\r\n        \"https:\/\/lt.zennative.ee\/wp-content\/uploads\/2021\/10\/Zen-Native-5-Full-Spectrum-CBD-Oil-Taisspektri-CBD-kanepi-oli_3.png\"\r\n       ],\r\n      \"description\": \"Full Spectrum CBD \u00f5li annab tugevama ja laiema abi kui CBD Kristall \u00d5li ning selle toime on tuntav. Full Spectrum CBD \u00f5li rahustab viha, \u00e4revuse, ebakindluse ja v\u00e4hendab hirmu. F\u00fc\u00fcsiliselt v\u00e4hendab p\u00f5letikku, pingeid ja v\u00e4hki. Full Spectrum CBD \u00f5li sisaldab: k\u00f5iki kannabinoide (CBD, CBG, CBC, CBN...), terpeene ja flavanoide. Kvaliteetseimad ekstraktid on eranditult lahustatud kookose MCT \u00f5lis.\",\r\n      \"sku\": \"0446310786\",\r\n      \"brand\": {\r\n        \"@type\": \"Brand\",\r\n        \"name\": \u201cZen \u201cNative\r\n      },\r\n         \"aggregateRating\": {\r\n        \"@type\": \"AggregateRating\",\r\n        \"ratingValue\": \u201c5\u201d,\r\n        \"reviewCount\": \"89\"\r\n      },\r\n      \"offers\": {\r\n        \"@type\": \"Offer\",\r\n        \"url\": \"\t\",\r\n        \"priceCurrency\": \u201cEUR\u201d,\r\n        \"price\": \"129.99\",\r\n        \"priceValidUntil\": \"2022-11-20\",\r\n      }\r\n    }\r\n    <\/script><\/div>\n\t\t\t\t\t\t<\/div>\n\t\t\t\t<\/div>\n\t\t\t\t<div class=\"elementor-element elementor-element-ec82392 elementor-hidden-desktop elementor-hidden-tablet elementor-hidden-mobile elementor-widget elementor-widget-image\" data-id=\"ec82392\" data-element_type=\"widget\" data-e-type=\"widget\" data-widget_type=\"image.default\">\n\t\t\t\t<div class=\"elementor-widget-container\">\n\t\t\t\t\t\t\t\t\t\t\t\t\t\t\t<img fetchpriority=\"high\" decoding=\"async\" width=\"601\" height=\"801\" src=\"https:\/\/zennative.eu\/wp-content\/uploads\/2021\/10\/Zen-Native-5-Full-Spectrum-CBD-Oil-Taisspektri-CBD-kanepi-oli_8.png\" class=\"attachment-large size-large wp-image-47233\" alt=\"\" srcset=\"https:\/\/zennative.eu\/wp-content\/uploads\/2021\/10\/Zen-Native-5-Full-Spectrum-CBD-Oil-Taisspektri-CBD-kanepi-oli_8.png 601w, https:\/\/zennative.eu\/wp-content\/uploads\/2021\/10\/Zen-Native-5-Full-Spectrum-CBD-Oil-Taisspektri-CBD-kanepi-oli_8-225x300.png 225w\" sizes=\"(max-width: 601px) 100vw, 601px\" \/>\t\t\t\t\t\t\t\t\t\t\t\t\t\t\t<\/div>\n\t\t\t\t<\/div>\n\t\t\t\t\t<\/div>\n\t\t<\/div>\n\t\t\t\t\t<\/div>\n\t\t<\/section>\n\t\t\t\t<\/div>\n\t\t","protected":false},"excerpt":{"rendered":"<p>Se on tiivistetty CBD-\u00f6ljy, jossa on kaikki kannabiskasvin voima.<\/p>\n","protected":false},"featured_media":47233,"comment_status":"closed","ping_status":"closed","template":"","meta":[],"product_brand":[],"product_cat":[706],"product_tag":[697,702,705,698,700,717,699,701,703],"class_list":{"0":"post-48416","1":"product","2":"type-product","3":"status-publish","4":"has-post-thumbnail","6":"product_cat-cbd-oljyt","7":"product_tag-cbd-fi","8":"product_tag-cbd-hamppu-oljy","9":"product_tag-cbd-tippa","10":"product_tag-full-spectrum-fi","11":"product_tag-hamppu-terpeenit-ja-flavonoidit","12":"product_tag-hamppu-tippaa-fi","13":"product_tag-koko-spektri","14":"product_tag-mct-fi","15":"product_tag-terveysoljy","17":"first","18":"instock","19":"shipping-taxable","20":"purchasable","21":"product-type-variable"},"_links":{"self":[{"href":"https:\/\/zennative.eu\/fi\/wp-json\/wp\/v2\/product\/48416","targetHints":{"allow":["GET"]}}],"collection":[{"href":"https:\/\/zennative.eu\/fi\/wp-json\/wp\/v2\/product"}],"about":[{"href":"https:\/\/zennative.eu\/fi\/wp-json\/wp\/v2\/types\/product"}],"replies":[{"embeddable":true,"href":"https:\/\/zennative.eu\/fi\/wp-json\/wp\/v2\/comments?post=48416"}],"version-history":[{"count":9,"href":"https:\/\/zennative.eu\/fi\/wp-json\/wp\/v2\/product\/48416\/revisions"}],"predecessor-version":[{"id":65172,"href":"https:\/\/zennative.eu\/fi\/wp-json\/wp\/v2\/product\/48416\/revisions\/65172"}],"wp:featuredmedia":[{"embeddable":true,"href":"https:\/\/zennative.eu\/fi\/wp-json\/wp\/v2\/media\/47233"}],"wp:attachment":[{"href":"https:\/\/zennative.eu\/fi\/wp-json\/wp\/v2\/media?parent=48416"}],"wp:term":[{"taxonomy":"product_brand","embeddable":true,"href":"https:\/\/zennative.eu\/fi\/wp-json\/wp\/v2\/product_brand?post=48416"},{"taxonomy":"product_cat","embeddable":true,"href":"https:\/\/zennative.eu\/fi\/wp-json\/wp\/v2\/product_cat?post=48416"},{"taxonomy":"product_tag","embeddable":true,"href":"https:\/\/zennative.eu\/fi\/wp-json\/wp\/v2\/product_tag?post=48416"}],"curies":[{"name":"wp","href":"https:\/\/api.w.org\/{rel}","templated":true}]}}