{"id":48414,"date":"2021-12-07T18:29:44","date_gmt":"2021-12-07T16:29:44","guid":{"rendered":"https:\/\/zennative.eu\/product\/cbd-kasvovesi-3xc-1-cbd-c-vitamiini\/"},"modified":"2025-07-02T19:00:54","modified_gmt":"2025-07-02T16:00:54","slug":"cbd-kasvovesi-3xc-1-cbd-c-vitamiini","status":"publish","type":"product","link":"https:\/\/zennative.eu\/fi\/tuote\/cbd-kasvovesi-3xc-1-cbd-c-vitamiini\/","title":{"rendered":"CBD-kasvovesi 3XC 1% CBD + C-vitamiini"},"content":{"rendered":"\t\t<div data-elementor-type=\"product-post\" data-elementor-id=\"48414\" class=\"elementor elementor-48414 elementor-39969\" data-elementor-post-type=\"product\">\n\t\t\t\t\t\t<section class=\"elementor-section elementor-top-section elementor-element elementor-element-4c104f4 elementor-section-boxed elementor-section-height-default elementor-section-height-default\" data-id=\"4c104f4\" data-element_type=\"section\" data-e-type=\"section\">\n\t\t\t\t\t\t<div class=\"elementor-container elementor-column-gap-wide\">\n\t\t\t\t\t<div class=\"elementor-column elementor-col-100 elementor-top-column elementor-element elementor-element-93cefb6\" data-id=\"93cefb6\" data-element_type=\"column\" data-e-type=\"column\">\n\t\t\t<div class=\"elementor-widget-wrap elementor-element-populated\">\n\t\t\t\t\t\t<div class=\"elementor-element elementor-element-2f08d37 elementor-widget elementor-widget-the7-accordion\" data-id=\"2f08d37\" data-element_type=\"widget\" data-e-type=\"widget\" data-widget_type=\"the7-accordion.default\">\n\t\t\t\t<div class=\"elementor-widget-container\">\n\t\t\t\t\t\t\t<div class=\"elementor-accordion the7-adv-accordion ac_bb_title ac_bb_active_title ac_top_bottom_borders ac_left_right_borders\" data-accordion-type=\"toggle\" role=\"tablist\">\n\t\t\t\t\t\t\t<div class=\"elementor-accordion-item\">\n\t\t\t\t\t<h3 id=\"elementor-tab-title-4931\" class=\"elementor-tab-title the7-accordion-header deactive-default\" data-tab=\"1\" role=\"tab\" aria-controls=\"elementor-tab-content-4931\">\n\n\t\t\t\t\t\t\t\t\t\t\t\t\t<span class=\"elementor-accordion-icon elementor-accordion-icon-left\" aria-hidden=\"true\">\n\t\t\t\t\t\t\t\t\t\t\t\t\t\t\t<span class=\"elementor-accordion-icon-closed\"><i class=\"fas fa-chevron-down\"><\/i><\/span>\n\t\t\t\t\t\t\t\t\t\t\t\t\t\t\t\t\t<span class=\"elementor-accordion-icon-opened\"><i class=\"fas fa-chevron-up\"><\/i><\/span>\n\t\t\t\t\t\t\t\t\t\t\t\t\t\t\t\t\t\t\t\t\t\t<\/span>\n\t\t\t\t\t\t\t\t\t\t\t\t\t\t\t\t\t\t<a class=\"elementor-accordion-title\" href=\"\">Idea<\/a>\n\t\t\t\t\t<\/h3>\n\t\t\t\t\t<div id=\"elementor-tab-content-4931\" class=\"elementor-tab-content elementor-clearfix deactive-default\" data-tab=\"1\" role=\"tabpanel\" aria-labelledby=\"elementor-tab-title-4931\"><p align=\"left\">Kolminkertainen C \u2013 mutta ei pelk\u00e4st\u00e4\u00e4n sit\u00e4. Halusimme luoda p\u00e4ivitt\u00e4iseen k\u00e4ytt\u00f6\u00f6n sopivan CBD-kosmetiikkatuotteen, joka sis\u00e4lt\u00e4\u00e4 sek\u00e4 vesi- ett\u00e4 rasvaliukoisia superantioksidantteja, vitamiineja ja eteerisi\u00e4 \u00f6ljyj\u00e4. T\u00e4ydellinen unisex-kauneuseliksiiri.<\/p>\n<p align=\"left\">T\u00e4m\u00e4 ainutlaatuinen kasvovesi suojaa ihoa ik\u00e4\u00e4ntymiselt\u00e4 ja taistelee vapaita radikaaleja vastaan. P\u00e4ivitt\u00e4inen k\u00e4ytt\u00f6 nuorentaa ihoa n\u00e4kyv\u00e4sti ja edist\u00e4\u00e4 sen luonnollisia uudistumisprosesseja.<\/p>\n<p align=\"left\">Vitamiinien on todistettu imeytyv\u00e4n ihon l\u00e4pi jopa 10 x tehokkaammin!<\/p>\n<\/div>\n\t\t\t\t<\/div>\n\t\t\t\t\t\t\t<div class=\"elementor-accordion-item\">\n\t\t\t\t\t<h3 id=\"elementor-tab-title-4932\" class=\"elementor-tab-title the7-accordion-header\" data-tab=\"2\" role=\"tab\" aria-controls=\"elementor-tab-content-4932\">\n\n\t\t\t\t\t\t\t\t\t\t\t\t\t<span class=\"elementor-accordion-icon elementor-accordion-icon-left\" aria-hidden=\"true\">\n\t\t\t\t\t\t\t\t\t\t\t\t\t\t\t<span class=\"elementor-accordion-icon-closed\"><i class=\"fas fa-chevron-down\"><\/i><\/span>\n\t\t\t\t\t\t\t\t\t\t\t\t\t\t\t\t\t<span class=\"elementor-accordion-icon-opened\"><i class=\"fas fa-chevron-up\"><\/i><\/span>\n\t\t\t\t\t\t\t\t\t\t\t\t\t\t\t\t\t\t\t\t\t\t<\/span>\n\t\t\t\t\t\t\t\t\t\t\t\t\t\t\t\t\t\t<a class=\"elementor-accordion-title\" href=\"\">Ulkoiseen k\u00e4ytt\u00f6\u00f6n<\/a>\n\t\t\t\t\t<\/h3>\n\t\t\t\t\t<div id=\"elementor-tab-content-4932\" class=\"elementor-tab-content elementor-clearfix\" data-tab=\"2\" role=\"tabpanel\" aria-labelledby=\"elementor-tab-title-4932\"><p align=\"left\">Annostele muutama tippa kasvoille tai muulle puhtaalle iholle aamuin ja illoin. Ihanteellinen k\u00e4ytett\u00e4v\u00e4ksi ensimm\u00e4isen\u00e4 hoitokerroksena ennen CBD-seerumia.<\/p>\n<p align=\"left\">\u2022 Ravitsee ihoa syv\u00e4lt\u00e4<\/p>\n<p align=\"left\">\u2022 Kosteuttaa ja kiinteytt\u00e4\u00e4 ihoa<\/p>\n<p align=\"left\">\u2022 Lis\u00e4\u00e4 luonnollista kollageenin tuotantoa<\/p>\n<p align=\"left\">\u2022 Soveltuu erityisesti akneen taipuvaiselle iholle<\/p>\n<p align=\"left\">Lue lis\u00e4\u00e4 CBD-kosmetiikasta: Kaikki CBD:st\u00e4<\/p>\n<\/div>\n\t\t\t\t<\/div>\n\t\t\t\t\t\t\t<div class=\"elementor-accordion-item\">\n\t\t\t\t\t<h3 id=\"elementor-tab-title-4933\" class=\"elementor-tab-title the7-accordion-header\" data-tab=\"3\" role=\"tab\" aria-controls=\"elementor-tab-content-4933\">\n\n\t\t\t\t\t\t\t\t\t\t\t\t\t<span class=\"elementor-accordion-icon elementor-accordion-icon-left\" aria-hidden=\"true\">\n\t\t\t\t\t\t\t\t\t\t\t\t\t\t\t<span class=\"elementor-accordion-icon-closed\"><i class=\"fas fa-chevron-down\"><\/i><\/span>\n\t\t\t\t\t\t\t\t\t\t\t\t\t\t\t\t\t<span class=\"elementor-accordion-icon-opened\"><i class=\"fas fa-chevron-up\"><\/i><\/span>\n\t\t\t\t\t\t\t\t\t\t\t\t\t\t\t\t\t\t\t\t\t\t<\/span>\n\t\t\t\t\t\t\t\t\t\t\t\t\t\t\t\t\t\t<a class=\"elementor-accordion-title\" href=\"\">Koostumus<\/a>\n\t\t\t\t\t<\/h3>\n\t\t\t\t\t<div id=\"elementor-tab-content-4933\" class=\"elementor-tab-content elementor-clearfix\" data-tab=\"3\" role=\"tabpanel\" aria-labelledby=\"elementor-tab-title-4933\"><p align=\"left\">Vesi, C8, CBD, C-vitamiini, E-vitamiini, B12, vihre\u00e4 tee, aloe vera, hevoskastanja, gotu kola, Ulva compressa -lev\u00e4, sitruunaruoho.<\/p>\n<p align=\"left\"><b>CBD<\/b><\/p>\n<p align=\"left\">Puhdas, kiteytetty molekyyli hampusta. Lis\u00e4\u00e4 ihon luonnollista kollageenituotantoa. V\u00e4hent\u00e4\u00e4 tulehdusta ja punoitusta, tasapainottaa \u00f6ljyn tuotantoa ja hormonitoimintaa sek\u00e4 tukee akneen taipuvaisen ihon hyvinvointia.<\/p>\n<p align=\"left\"><b>C-vitamiini<\/b><\/p>\n<p align=\"left\">Stabiloitu muoto, joka lis\u00e4\u00e4 ihon verenkiertoa, v\u00e4hent\u00e4\u00e4 katkenneita hiussuonia, s\u00e4\u00e4telee pigmentaatiota ja tasoittaa ihon s\u00e4vy\u00e4.<\/p>\n<p align=\"left\"><b>C8<\/b><\/p>\n<p align=\"left\">Tehokas kookosp\u00e4hkin\u00e4st\u00e4 saatu rasvahappo, joka kosteuttaa ja puhdistaa syv\u00e4lt\u00e4. Tasapainottaa ihon mikrobiomia ja ehk\u00e4isee sienikasvua.<\/p>\n<p align=\"left\"><b>Vihre\u00e4 tee<\/b><\/p>\n<p align=\"left\">Energisoi ja puhdistaa ihoa raskasmetalleista. Sis\u00e4lt\u00e4\u00e4 tanniineja, polyfenoleja, kofeiinia ja fluoria.<\/p>\n<p align=\"left\"><b>Aloe vera<\/b><\/p>\n<p align=\"left\">Kosteuttava, palauttava ja tulehdusta lievitt\u00e4v\u00e4 ainesosa, joka sis\u00e4lt\u00e4\u00e4 B12-vitamiinia, v\u00e4ltt\u00e4m\u00e4tt\u00f6mi\u00e4 aminohappoja ja kuituja.<\/p>\n<p align=\"left\"><b>Hevoskastanja<\/b><\/p>\n<p align=\"left\">Kiinteytt\u00e4v\u00e4 uute, joka v\u00e4hent\u00e4\u00e4 turvotusta ja parantaa ihon kimmoisuutta.<\/p>\n<p align=\"left\"><b>Gotu kola<\/b><\/p>\n<p align=\"left\">Stimuloiva kasviuute, joka edist\u00e4\u00e4 sidekudossolujen toimintaa ja kiinteytt\u00e4\u00e4 ihoa. Sis\u00e4lt\u00e4\u00e4 saponiineja \u2013 kasvipohjaisia fytokemikaaleja, jotka nopeuttavat kollageenin muodostumista ja tukevat haavojen paranemista.<\/p>\n<p align=\"left\"><b>Ulva compressa -lev\u00e4<\/b><\/p>\n<p align=\"left\">Ravinteikas lev\u00e4uute, joka lis\u00e4\u00e4 ihon kimmoisuutta ja v\u00e4hent\u00e4\u00e4 kutinaa ja \u00e4rsytyst\u00e4.<\/p>\n<p align=\"left\"><b>Sitruunaruoho<\/b><\/p>\n<p align=\"left\">Ihanan virkist\u00e4v\u00e4n tuoksun lis\u00e4ksi kylm\u00e4puristettu lehti\u00f6ljy puhdistaa ihoa ja auttaa kiinteytt\u00e4m\u00e4\u00e4n sit\u00e4.<\/p>\n<p align=\"left\"><b>E-vitamiini<\/b><\/p>\n<p align=\"left\">Tehokas antioksidantti, joka kosteuttaa ja lis\u00e4\u00e4 ihon kimmoisuutta.<\/p>\n<p align=\"left\"><i>S\u00e4il\u00f6nt\u00e4aineet: Glyseriini, propaanidioli, gellaanikumi, fenoksietanoli, alkyyliakrylaattiristipolymeeri, etyyliheksyyliglyseriini, dimetikoni, natriumlauryylisulfaatti, natriumhydroksidi, EDTA.<\/i><\/p>\n<\/div>\n\t\t\t\t<\/div>\n\t\t\t\t\t\t\t<div class=\"elementor-accordion-item\">\n\t\t\t\t\t<h3 id=\"elementor-tab-title-4934\" class=\"elementor-tab-title the7-accordion-header\" data-tab=\"4\" role=\"tab\" aria-controls=\"elementor-tab-content-4934\">\n\n\t\t\t\t\t\t\t\t\t\t\t\t\t<span class=\"elementor-accordion-icon elementor-accordion-icon-left\" aria-hidden=\"true\">\n\t\t\t\t\t\t\t\t\t\t\t\t\t\t\t<span class=\"elementor-accordion-icon-closed\"><i class=\"fas fa-chevron-down\"><\/i><\/span>\n\t\t\t\t\t\t\t\t\t\t\t\t\t\t\t\t\t<span class=\"elementor-accordion-icon-opened\"><i class=\"fas fa-chevron-up\"><\/i><\/span>\n\t\t\t\t\t\t\t\t\t\t\t\t\t\t\t\t\t\t\t\t\t\t<\/span>\n\t\t\t\t\t\t\t\t\t\t\t\t\t\t\t\t\t\t<a class=\"elementor-accordion-title\" href=\"\">Valmistus<\/a>\n\t\t\t\t\t<\/h3>\n\t\t\t\t\t<div id=\"elementor-tab-content-4934\" class=\"elementor-tab-content elementor-clearfix\" data-tab=\"4\" role=\"tabpanel\" aria-labelledby=\"elementor-tab-title-4934\"><p>T\u00e4h\u00e4n kasvoveteen on pakattu poikkeuksellisen runsaasti ihoa hoitavia ainesosia \u2013 laadukkaimpia mineraaleja, uutteita ja \u00f6ljyj\u00e4.<\/p>\n<\/div>\n\t\t\t\t<\/div>\n\t\t\t\t\t\t\t<div class=\"elementor-accordion-item\">\n\t\t\t\t\t<h3 id=\"elementor-tab-title-4935\" class=\"elementor-tab-title the7-accordion-header\" data-tab=\"5\" role=\"tab\" aria-controls=\"elementor-tab-content-4935\">\n\n\t\t\t\t\t\t\t\t\t\t\t\t\t<span class=\"elementor-accordion-icon elementor-accordion-icon-left\" aria-hidden=\"true\">\n\t\t\t\t\t\t\t\t\t\t\t\t\t\t\t<span class=\"elementor-accordion-icon-closed\"><i class=\"fas fa-chevron-down\"><\/i><\/span>\n\t\t\t\t\t\t\t\t\t\t\t\t\t\t\t\t\t<span class=\"elementor-accordion-icon-opened\"><i class=\"fas fa-chevron-up\"><\/i><\/span>\n\t\t\t\t\t\t\t\t\t\t\t\t\t\t\t\t\t\t\t\t\t\t<\/span>\n\t\t\t\t\t\t\t\t\t\t\t\t\t\t\t\t\t\t<a class=\"elementor-accordion-title\" href=\"\">S\u00e4ilytys<\/a>\n\t\t\t\t\t<\/h3>\n\t\t\t\t\t<div id=\"elementor-tab-content-4935\" class=\"elementor-tab-content elementor-clearfix\" data-tab=\"5\" role=\"tabpanel\" aria-labelledby=\"elementor-tab-title-4935\"><ul>\n<li>\n<p align=\"left\">S\u00e4ilyt\u00e4 pime\u00e4ss\u00e4, huoneenl\u00e4mp\u00f6isess\u00e4 paikassa.<\/p>\n<\/li>\n<li>\n<p align=\"left\">V\u00e4lt\u00e4 ihon koskettamista pipetill\u00e4.<\/p>\n<\/li>\n<\/ul>\n<\/div>\n\t\t\t\t<\/div>\n\t\t\t\t\t<\/div>\n\t\t\t\t\t\t<\/div>\n\t\t\t\t<\/div>\n\t\t\t\t<div class=\"elementor-element elementor-element-2e64ecd elementor-hidden-desktop elementor-hidden-tablet elementor-hidden-mobile elementor-widget elementor-widget-image\" data-id=\"2e64ecd\" data-element_type=\"widget\" data-e-type=\"widget\" data-widget_type=\"image.default\">\n\t\t\t\t<div class=\"elementor-widget-container\">\n\t\t\t\t\t\t\t\t\t\t\t\t\t\t\t<img fetchpriority=\"high\" decoding=\"async\" width=\"601\" height=\"801\" src=\"https:\/\/zennative.eu\/wp-content\/uploads\/2021\/12\/Artboard-1-copy-82.png\" class=\"attachment-large size-large wp-image-47225\" alt=\"\" srcset=\"https:\/\/zennative.eu\/wp-content\/uploads\/2021\/12\/Artboard-1-copy-82.png 601w, https:\/\/zennative.eu\/wp-content\/uploads\/2021\/12\/Artboard-1-copy-82-225x300.png 225w\" sizes=\"(max-width: 601px) 100vw, 601px\" \/>\t\t\t\t\t\t\t\t\t\t\t\t\t\t\t<\/div>\n\t\t\t\t<\/div>\n\t\t\t\t\t<\/div>\n\t\t<\/div>\n\t\t\t\t\t<\/div>\n\t\t<\/section>\n\t\t\t\t<\/div>\n\t\t","protected":false},"excerpt":{"rendered":"<p>Uusi nopeavaikutteinen supertoner on jokap\u00e4iv\u00e4inen perusvoide, joka tekee ihosta t\u00e4ytel\u00e4isen huolitellun.<\/p>\n","protected":false},"featured_media":47222,"comment_status":"closed","ping_status":"closed","template":"","meta":[],"product_brand":[],"product_cat":[711],"product_tag":[712,707,697,713],"class_list":{"0":"post-48414","1":"product","2":"type-product","3":"status-publish","4":"has-post-thumbnail","6":"product_cat-cbd-kosmetiikka","7":"product_tag-c-vitamiini","8":"product_tag-c8-fi","9":"product_tag-cbd-fi","10":"product_tag-d-vitamiini","12":"first","13":"outofstock","14":"shipping-taxable","15":"purchasable","16":"product-type-simple"},"_links":{"self":[{"href":"https:\/\/zennative.eu\/fi\/wp-json\/wp\/v2\/product\/48414","targetHints":{"allow":["GET"]}}],"collection":[{"href":"https:\/\/zennative.eu\/fi\/wp-json\/wp\/v2\/product"}],"about":[{"href":"https:\/\/zennative.eu\/fi\/wp-json\/wp\/v2\/types\/product"}],"replies":[{"embeddable":true,"href":"https:\/\/zennative.eu\/fi\/wp-json\/wp\/v2\/comments?post=48414"}],"version-history":[{"count":5,"href":"https:\/\/zennative.eu\/fi\/wp-json\/wp\/v2\/product\/48414\/revisions"}],"predecessor-version":[{"id":65170,"href":"https:\/\/zennative.eu\/fi\/wp-json\/wp\/v2\/product\/48414\/revisions\/65170"}],"wp:featuredmedia":[{"embeddable":true,"href":"https:\/\/zennative.eu\/fi\/wp-json\/wp\/v2\/media\/47222"}],"wp:attachment":[{"href":"https:\/\/zennative.eu\/fi\/wp-json\/wp\/v2\/media?parent=48414"}],"wp:term":[{"taxonomy":"product_brand","embeddable":true,"href":"https:\/\/zennative.eu\/fi\/wp-json\/wp\/v2\/product_brand?post=48414"},{"taxonomy":"product_cat","embeddable":true,"href":"https:\/\/zennative.eu\/fi\/wp-json\/wp\/v2\/product_cat?post=48414"},{"taxonomy":"product_tag","embeddable":true,"href":"https:\/\/zennative.eu\/fi\/wp-json\/wp\/v2\/product_tag?post=48414"}],"curies":[{"name":"wp","href":"https:\/\/api.w.org\/{rel}","templated":true}]}}