{"id":48378,"date":"2022-02-13T11:04:43","date_gmt":"2022-02-13T09:04:43","guid":{"rendered":"https:\/\/zennative.eu\/product\/tayden-spektrin-cbd-oljy-3000mg-30\/"},"modified":"2025-07-02T18:35:00","modified_gmt":"2025-07-02T15:35:00","slug":"tayden-spektrin-cbd-oljy-3000mg-30","status":"publish","type":"product","link":"https:\/\/zennative.eu\/fi\/tuote\/tayden-spektrin-cbd-oljy-3000mg-30\/","title":{"rendered":"Full Spectrum CBD \u00d6ljy \u2013 3000mg (30%)"},"content":{"rendered":"\t\t<div data-elementor-type=\"product-post\" data-elementor-id=\"48378\" class=\"elementor elementor-48378 elementor-41618\" data-elementor-post-type=\"product\">\n\t\t\t\t\t\t<section class=\"elementor-section elementor-top-section elementor-element elementor-element-4c104f4 elementor-section-boxed elementor-section-height-default elementor-section-height-default\" data-id=\"4c104f4\" data-element_type=\"section\" data-e-type=\"section\">\n\t\t\t\t\t\t<div class=\"elementor-container elementor-column-gap-wide\">\n\t\t\t\t\t<div class=\"elementor-column elementor-col-100 elementor-top-column elementor-element elementor-element-93cefb6\" data-id=\"93cefb6\" data-element_type=\"column\" data-e-type=\"column\">\n\t\t\t<div class=\"elementor-widget-wrap elementor-element-populated\">\n\t\t\t\t\t\t<div class=\"elementor-element elementor-element-6995fa3 elementor-widget elementor-widget-text-editor\" data-id=\"6995fa3\" data-element_type=\"widget\" data-e-type=\"widget\" data-widget_type=\"text-editor.default\">\n\t\t\t\t<div class=\"elementor-widget-container\">\n\t\t\t\t\t\t\t\t\t<p align=\"left\">Zen Native Full Spectrum CBD -\u00f6ljy hy\u00f6dynt\u00e4\u00e4 koko hamppukasvin tehon. Se sis\u00e4lt\u00e4\u00e4 kaikki t\u00e4rkeimm\u00e4t kannabinoidit, kuten CBG, CBC, CBN, THC ja 1500 mg CBD:t\u00e4.<\/p>\n<p align=\"left\">T\u00e4m\u00e4 korkealaatuinen \u00f6ljy sis\u00e4lt\u00e4\u00e4 lis\u00e4ksi hampun kaikki flavonoidit ja terpeenit. Zen Nativen 30 % Full Spectrum CBD -\u00f6ljy on ruskeanvihre\u00e4, miellytt\u00e4v\u00e4n makuinen kannabis\u00f6ljy, joka imeytyy helposti elimist\u00f6\u00f6n, sill\u00e4 se on laimennettu hienolaatuiseen kookosp\u00e4hkin\u00e4st\u00e4 saatavaan MCT-\u00f6ljyyn.<\/p>\n<p align=\"left\">10 ml:n pullo on valmistettu kierr\u00e4tyslasista ja se on valoa l\u00e4p\u00e4isem\u00e4t\u00f6n. Yksi pullo sis\u00e4lt\u00e4\u00e4 v\u00e4hint\u00e4\u00e4n 200 tippaa.<\/p>\n<p>Lue lis\u00e4\u00e4: Kaikki tiedot CBD:st\u00e4<\/p>\n\t\t\t\t\t\t\t\t<\/div>\n\t\t\t\t<\/div>\n\t\t\t\t\t<\/div>\n\t\t<\/div>\n\t\t\t\t\t<\/div>\n\t\t<\/section>\n\t\t\t\t<section class=\"elementor-section elementor-top-section elementor-element elementor-element-4aa086c elementor-section-boxed elementor-section-height-default elementor-section-height-default\" data-id=\"4aa086c\" data-element_type=\"section\" data-e-type=\"section\">\n\t\t\t\t\t\t<div class=\"elementor-container elementor-column-gap-default\">\n\t\t\t\t\t<div class=\"elementor-column elementor-col-100 elementor-top-column elementor-element elementor-element-397a537\" data-id=\"397a537\" data-element_type=\"column\" data-e-type=\"column\">\n\t\t\t<div class=\"elementor-widget-wrap elementor-element-populated\">\n\t\t\t\t\t\t<div class=\"elementor-element elementor-element-2f08d37 elementor-widget elementor-widget-the7-accordion\" data-id=\"2f08d37\" data-element_type=\"widget\" data-e-type=\"widget\" data-widget_type=\"the7-accordion.default\">\n\t\t\t\t<div class=\"elementor-widget-container\">\n\t\t\t\t\t\t\t<div class=\"elementor-accordion the7-adv-accordion ac_bb_title ac_bb_active_title ac_top_bottom_borders ac_left_right_borders\" data-accordion-type=\"toggle\" role=\"tablist\">\n\t\t\t\t\t\t\t<div class=\"elementor-accordion-item\">\n\t\t\t\t\t<h3 id=\"elementor-tab-title-4931\" class=\"elementor-tab-title the7-accordion-header deactive-default\" data-tab=\"1\" role=\"tab\" aria-controls=\"elementor-tab-content-4931\">\n\n\t\t\t\t\t\t\t\t\t\t\t\t\t<span class=\"elementor-accordion-icon elementor-accordion-icon-left\" aria-hidden=\"true\">\n\t\t\t\t\t\t\t\t\t\t\t\t\t\t\t<span class=\"elementor-accordion-icon-closed\"><i class=\"fas fa-chevron-down\"><\/i><\/span>\n\t\t\t\t\t\t\t\t\t\t\t\t\t\t\t\t\t<span class=\"elementor-accordion-icon-opened\"><i class=\"fas fa-chevron-up\"><\/i><\/span>\n\t\t\t\t\t\t\t\t\t\t\t\t\t\t\t\t\t\t\t\t\t\t<\/span>\n\t\t\t\t\t\t\t\t\t\t\t\t\t\t\t\t\t\t<a class=\"elementor-accordion-title\" href=\"\">Idea<\/a>\n\t\t\t\t\t<\/h3>\n\t\t\t\t\t<div id=\"elementor-tab-content-4931\" class=\"elementor-tab-content elementor-clearfix deactive-default\" data-tab=\"1\" role=\"tabpanel\" aria-labelledby=\"elementor-tab-title-4931\"><p align=\"left\">Full Spectrum CBD -\u00f6ljyn kehityksen taustalla oli ajatus hy\u00f6dynt\u00e4\u00e4 koko korkealaatuisen kannabiskasvin teho. Se on suunniteltu erityisesti niille, joille Crystal CBD -\u00f6ljy ei tuottanut riitt\u00e4v\u00e4\u00e4 vaikutusta.<\/p>\n<p align=\"left\"><b>Sis\u00e4lt\u00e4\u00e4:<\/b> t\u00e4yden spektrin hamppu-uutetta, MCT-\u00f6ljy\u00e4.<\/p>\n<\/div>\n\t\t\t\t<\/div>\n\t\t\t\t\t\t\t<div class=\"elementor-accordion-item\">\n\t\t\t\t\t<h3 id=\"elementor-tab-title-4932\" class=\"elementor-tab-title the7-accordion-header\" data-tab=\"2\" role=\"tab\" aria-controls=\"elementor-tab-content-4932\">\n\n\t\t\t\t\t\t\t\t\t\t\t\t\t<span class=\"elementor-accordion-icon elementor-accordion-icon-left\" aria-hidden=\"true\">\n\t\t\t\t\t\t\t\t\t\t\t\t\t\t\t<span class=\"elementor-accordion-icon-closed\"><i class=\"fas fa-chevron-down\"><\/i><\/span>\n\t\t\t\t\t\t\t\t\t\t\t\t\t\t\t\t\t<span class=\"elementor-accordion-icon-opened\"><i class=\"fas fa-chevron-up\"><\/i><\/span>\n\t\t\t\t\t\t\t\t\t\t\t\t\t\t\t\t\t\t\t\t\t\t<\/span>\n\t\t\t\t\t\t\t\t\t\t\t\t\t\t\t\t\t\t<a class=\"elementor-accordion-title\" href=\"\">Sis\u00e4iseen k\u00e4ytt\u00f6\u00f6n<\/a>\n\t\t\t\t\t<\/h3>\n\t\t\t\t\t<div id=\"elementor-tab-content-4932\" class=\"elementor-tab-content elementor-clearfix\" data-tab=\"2\" role=\"tabpanel\" aria-labelledby=\"elementor-tab-title-4932\"><p align=\"left\">T\u00e4ss\u00e4 \u00f6ljyss\u00e4 yhdistyv\u00e4t kaikki CBD:n keskeiset hy\u00f6dyt, kuten:<\/p>\n<ul>\n<li>\n<p align=\"left\"><b>Rauhoittaa<\/b> hermostoa, lievitt\u00e4\u00e4 lihasj\u00e4nnityst\u00e4 ja helpottaa ahdistusta<\/p>\n<\/li>\n<li>\n<p align=\"left\"><b>Edist\u00e4\u00e4 unta<\/b> \u2013 auttaa nukahtamaan ja pysym\u00e4\u00e4n unessa<\/p>\n<\/li>\n<li>\n<p align=\"left\"><b>V\u00e4hent\u00e4\u00e4<\/b> stressihormonien ja tulehduksen tasoja<\/p>\n<\/li>\n<\/ul>\n<p align=\"left\"><b>Annosteluohje:<br \/>\n<\/b> 75 kg painavalle henkil\u00f6lle suositusannos on noin <b>5 tippaa<\/b> kielen alle.<\/p>\n<p align=\"left\">Yksi tippa sis\u00e4lt\u00e4\u00e4 noin <b>15 mg CBD:t\u00e4<\/b>.<br \/>\nSuositusannos on <b>1 mg CBD:t\u00e4 per painokilo<\/b>.<\/p>\n<p align=\"left\">Lue lis\u00e4\u00e4: Kaikki tiedot CBD:st\u00e4<\/p>\n<\/div>\n\t\t\t\t<\/div>\n\t\t\t\t\t\t\t<div class=\"elementor-accordion-item\">\n\t\t\t\t\t<h3 id=\"elementor-tab-title-4933\" class=\"elementor-tab-title the7-accordion-header\" data-tab=\"3\" role=\"tab\" aria-controls=\"elementor-tab-content-4933\">\n\n\t\t\t\t\t\t\t\t\t\t\t\t\t<span class=\"elementor-accordion-icon elementor-accordion-icon-left\" aria-hidden=\"true\">\n\t\t\t\t\t\t\t\t\t\t\t\t\t\t\t<span class=\"elementor-accordion-icon-closed\"><i class=\"fas fa-chevron-down\"><\/i><\/span>\n\t\t\t\t\t\t\t\t\t\t\t\t\t\t\t\t\t<span class=\"elementor-accordion-icon-opened\"><i class=\"fas fa-chevron-up\"><\/i><\/span>\n\t\t\t\t\t\t\t\t\t\t\t\t\t\t\t\t\t\t\t\t\t\t<\/span>\n\t\t\t\t\t\t\t\t\t\t\t\t\t\t\t\t\t\t<a class=\"elementor-accordion-title\" href=\"\">Ulkoiseen k\u00e4ytt\u00f6\u00f6n<\/a>\n\t\t\t\t\t<\/h3>\n\t\t\t\t\t<div id=\"elementor-tab-content-4933\" class=\"elementor-tab-content elementor-clearfix\" data-tab=\"3\" role=\"tabpanel\" aria-labelledby=\"elementor-tab-title-4933\"><p align=\"left\">Annostele ja levit\u00e4 varovasti 1\u20133 tippaa puhtaalle iholle, k\u00e4mmenen kokoiselle alueelle. Varo silmien aluetta.<\/p>\n<ul>\n<li>\n<p align=\"left\">Rauhoittaa nopeasti tulehtunutta ihoa<\/p>\n<\/li>\n<li>\n<p align=\"left\">Pitk\u00e4kestoinen kosteuttaja \u2013 sopii my\u00f6s rasvaiselle iholle<\/p>\n<\/li>\n<li>\n<p align=\"left\">Tehostaa ja tukee luonnollista kollageenin tuotantoa<\/p>\n<\/li>\n<li>\n<p align=\"left\">Torjuu tehokkaasti iho-ongelmia, kuten ekseemaa ja aknea<\/p>\n<\/li>\n<li>\n<p align=\"left\">Rauhoittaa kipeytyneit\u00e4 lihaksia ja niveli\u00e4<\/p>\n<\/li>\n<\/ul>\n<p align=\"left\"><b>Mik\u00e4 vahvuus kannattaa valita?<br \/>\n<\/b> 5 % = Ennaltaehk\u00e4isev\u00e4\u00e4n k\u00e4ytt\u00f6\u00f6n ja ihon hoitoon<br \/>\n15 % = Tulehtuneen, akneen taipuvaisen ihon hoitoon<br \/>\n30 % = Ihosairauksien lievitt\u00e4miseen ja hoitoon.<\/p>\n<p align=\"left\">Lue lis\u00e4\u00e4: Kaikki tiedot CBD:st\u00e4<\/p>\n<\/div>\n\t\t\t\t<\/div>\n\t\t\t\t\t\t\t<div class=\"elementor-accordion-item\">\n\t\t\t\t\t<h3 id=\"elementor-tab-title-4934\" class=\"elementor-tab-title the7-accordion-header\" data-tab=\"4\" role=\"tab\" aria-controls=\"elementor-tab-content-4934\">\n\n\t\t\t\t\t\t\t\t\t\t\t\t\t<span class=\"elementor-accordion-icon elementor-accordion-icon-left\" aria-hidden=\"true\">\n\t\t\t\t\t\t\t\t\t\t\t\t\t\t\t<span class=\"elementor-accordion-icon-closed\"><i class=\"fas fa-chevron-down\"><\/i><\/span>\n\t\t\t\t\t\t\t\t\t\t\t\t\t\t\t\t\t<span class=\"elementor-accordion-icon-opened\"><i class=\"fas fa-chevron-up\"><\/i><\/span>\n\t\t\t\t\t\t\t\t\t\t\t\t\t\t\t\t\t\t\t\t\t\t<\/span>\n\t\t\t\t\t\t\t\t\t\t\t\t\t\t\t\t\t\t<a class=\"elementor-accordion-title\" href=\"\">Lis\u00e4tietoja<\/a>\n\t\t\t\t\t<\/h3>\n\t\t\t\t\t<div id=\"elementor-tab-content-4934\" class=\"elementor-tab-content elementor-clearfix\" data-tab=\"4\" role=\"tabpanel\" aria-labelledby=\"elementor-tab-title-4934\"><ul>\n<li>\n<p align=\"left\">Testattu Viron oikeusl\u00e4\u00e4ketieteellisess\u00e4 laboratoriossa | [PDF]<\/p>\n<\/li>\n<li>\n<p align=\"left\">100 % luonnollista alkuper\u00e4\u00e4<\/p>\n<\/li>\n<li>\n<p align=\"left\">Kierr\u00e4tyslasista valmistettu valonkest\u00e4v\u00e4 pullo<\/p>\n<\/li>\n<li>\n<p align=\"left\">Palmu\u00f6ljyt\u00f6n, GMO-vapaa ja vegaaninen<\/p>\n<\/li>\n<li>\n<p align=\"left\">Valmistettu Virossa<\/p>\n<\/li>\n<\/ul>\n<\/div>\n\t\t\t\t<\/div>\n\t\t\t\t\t\t\t<div class=\"elementor-accordion-item\">\n\t\t\t\t\t<h3 id=\"elementor-tab-title-4935\" class=\"elementor-tab-title the7-accordion-header\" data-tab=\"5\" role=\"tab\" aria-controls=\"elementor-tab-content-4935\">\n\n\t\t\t\t\t\t\t\t\t\t\t\t\t<span class=\"elementor-accordion-icon elementor-accordion-icon-left\" aria-hidden=\"true\">\n\t\t\t\t\t\t\t\t\t\t\t\t\t\t\t<span class=\"elementor-accordion-icon-closed\"><i class=\"fas fa-chevron-down\"><\/i><\/span>\n\t\t\t\t\t\t\t\t\t\t\t\t\t\t\t\t\t<span class=\"elementor-accordion-icon-opened\"><i class=\"fas fa-chevron-up\"><\/i><\/span>\n\t\t\t\t\t\t\t\t\t\t\t\t\t\t\t\t\t\t\t\t\t\t<\/span>\n\t\t\t\t\t\t\t\t\t\t\t\t\t\t\t\t\t\t<a class=\"elementor-accordion-title\" href=\"\">Valmistus<\/a>\n\t\t\t\t\t<\/h3>\n\t\t\t\t\t<div id=\"elementor-tab-content-4935\" class=\"elementor-tab-content elementor-clearfix\" data-tab=\"5\" role=\"tabpanel\" aria-labelledby=\"elementor-tab-title-4935\"><p align=\"left\">CBD-\u00f6ljy on valmistettu korkealaatuisesta hampusta tehokkaalla CO2-uuttomenetelm\u00e4ll\u00e4, ja se on laimennettu kookosp\u00e4hkin\u00e4n MCT-\u00f6ljyll\u00e4.<\/p>\n<p align=\"left\">Koska uutetun massan THC-pitoisuus ylitt\u00e4\u00e4 EU:n sallitun 0,3 % rajan, valmistus tapahtuu Sveitsiss\u00e4, jossa raja on 1 %. Valmiin myym\u00e4mme tuotteen THC-pitoisuus on alle 0,3 %.<\/p>\n<p align=\"left\">Valitsemme t\u00e4m\u00e4n valmistustavan, koska se v\u00e4ltt\u00e4\u00e4 klassisten uuttomenetelmien haitat, kuten l\u00e4mp\u00f6hajoavuuden, hydrolyysin ja liuotinj\u00e4\u00e4m\u00e4t.<\/p>\n<p align=\"left\">Valitsemalla Zen Nativen, voit olla varma saavasi markkinoiden parasta CBD-laatua.<\/p>\n<\/div>\n\t\t\t\t<\/div>\n\t\t\t\t\t\t\t<div class=\"elementor-accordion-item\">\n\t\t\t\t\t<h3 id=\"elementor-tab-title-4936\" class=\"elementor-tab-title the7-accordion-header\" data-tab=\"6\" role=\"tab\" aria-controls=\"elementor-tab-content-4936\">\n\n\t\t\t\t\t\t\t\t\t\t\t\t\t<span class=\"elementor-accordion-icon elementor-accordion-icon-left\" aria-hidden=\"true\">\n\t\t\t\t\t\t\t\t\t\t\t\t\t\t\t<span class=\"elementor-accordion-icon-closed\"><i class=\"fas fa-chevron-down\"><\/i><\/span>\n\t\t\t\t\t\t\t\t\t\t\t\t\t\t\t\t\t<span class=\"elementor-accordion-icon-opened\"><i class=\"fas fa-chevron-up\"><\/i><\/span>\n\t\t\t\t\t\t\t\t\t\t\t\t\t\t\t\t\t\t\t\t\t\t<\/span>\n\t\t\t\t\t\t\t\t\t\t\t\t\t\t\t\t\t\t<a class=\"elementor-accordion-title\" href=\"\">S\u00e4ilytys<\/a>\n\t\t\t\t\t<\/h3>\n\t\t\t\t\t<div id=\"elementor-tab-content-4936\" class=\"elementor-tab-content elementor-clearfix\" data-tab=\"6\" role=\"tabpanel\" aria-labelledby=\"elementor-tab-title-4936\"><ul>\n<li>\n<p align=\"left\">S\u00e4ilyt\u00e4 huoneenl\u00e4mm\u00f6ss\u00e4, valolta suojattuna<\/p>\n<\/li>\n<li>\n<p align=\"left\">V\u00e4lt\u00e4 pipetin koskettamista suuhun tai ihoon<\/p>\n<\/li>\n<\/ul>\n<\/div>\n\t\t\t\t<\/div>\n\t\t\t\t\t<\/div>\n\t\t\t\t\t\t<\/div>\n\t\t\t\t<\/div>\n\t\t\t\t<div class=\"elementor-element elementor-element-8b76d92 elementor-hidden-desktop elementor-hidden-tablet elementor-hidden-mobile elementor-widget elementor-widget-image\" data-id=\"8b76d92\" data-element_type=\"widget\" data-e-type=\"widget\" data-widget_type=\"image.default\">\n\t\t\t\t<div class=\"elementor-widget-container\">\n\t\t\t\t\t\t\t\t\t\t\t\t\t\t\t<img fetchpriority=\"high\" decoding=\"async\" width=\"601\" height=\"800\" src=\"https:\/\/zennative.eu\/wp-content\/uploads\/2021\/10\/Zen-Native-5-Full-Spectrum-CBD-Oil-Taisspektri-CBD-kanepi-oli_2.png\" class=\"attachment-large size-large wp-image-47219\" alt=\"\" srcset=\"https:\/\/zennative.eu\/wp-content\/uploads\/2021\/10\/Zen-Native-5-Full-Spectrum-CBD-Oil-Taisspektri-CBD-kanepi-oli_2.png 601w, https:\/\/zennative.eu\/wp-content\/uploads\/2021\/10\/Zen-Native-5-Full-Spectrum-CBD-Oil-Taisspektri-CBD-kanepi-oli_2-225x300.png 225w\" sizes=\"(max-width: 601px) 100vw, 601px\" \/>\t\t\t\t\t\t\t\t\t\t\t\t\t\t\t<\/div>\n\t\t\t\t<\/div>\n\t\t\t\t<div class=\"elementor-element elementor-element-08122ab elementor-widget elementor-widget-shortcode\" data-id=\"08122ab\" data-element_type=\"widget\" data-e-type=\"widget\" data-widget_type=\"shortcode.default\">\n\t\t\t\t<div class=\"elementor-widget-container\">\n\t\t\t\t\t\t\t<div class=\"elementor-shortcode\"> \n   <\/div>\n\t\t\t\t\t\t<\/div>\n\t\t\t\t<\/div>\n\t\t\t\t\t<\/div>\n\t\t<\/div>\n\t\t\t\t\t<\/div>\n\t\t<\/section>\n\t\t\t\t<\/div>\n\t\t","protected":false},"excerpt":{"rendered":"<p><strong>Zen Native Full Spectrum CBD-\u00f6ljy sis\u00e4lt\u00e4\u00e4 koko hamppukasvin tehon. Se sis\u00e4lt\u00e4\u00e4 kaikki kannabinoidit, mukaan lukien CBG, CBC, CBN, THC ja 3000 mg CBD:t\u00e4.<\/strong> T\u00e4m\u00e4 ensiluokkainen CBD-\u00f6ljy sis\u00e4lt\u00e4\u00e4 hamppukasvin flavonoideja, terpeenej\u00e4. Zen Nativen 30% Full Spectrum CBD-\u00f6ljy on ruskeanvihre\u00e4n v\u00e4rinen, miellytt\u00e4v\u00e4n kannabiksen makuinen \u00f6ljy, joka imeytyy helposti elimist\u00f6\u00f6n, koska se on liuotettu hienoon MCT-\u00f6ljyyn kookosp\u00e4hkin\u00e4st\u00e4.<\/p>\n<p>10ml, kierr\u00e4tyslasista valmistettu valonkest\u00e4v\u00e4 pipettipullo. V\u00e4hint\u00e4\u00e4n 200 tippaa per pullo.<\/p>\n","protected":false},"featured_media":47281,"comment_status":"closed","ping_status":"closed","template":"","meta":[],"product_brand":[],"product_cat":[706],"product_tag":[697,702,705,698,700,704,699,701,703],"class_list":{"0":"post-48378","1":"product","2":"type-product","3":"status-publish","4":"has-post-thumbnail","6":"product_cat-cbd-oljyt","7":"product_tag-cbd-fi","8":"product_tag-cbd-hamppu-oljy","9":"product_tag-cbd-tippa","10":"product_tag-full-spectrum-fi","11":"product_tag-hamppu-terpeenit-ja-flavonoidit","12":"product_tag-hamppu-tippaa","13":"product_tag-koko-spektri","14":"product_tag-mct-fi","15":"product_tag-terveysoljy","17":"first","18":"instock","19":"shipping-taxable","20":"purchasable","21":"product-type-simple"},"_links":{"self":[{"href":"https:\/\/zennative.eu\/fi\/wp-json\/wp\/v2\/product\/48378","targetHints":{"allow":["GET"]}}],"collection":[{"href":"https:\/\/zennative.eu\/fi\/wp-json\/wp\/v2\/product"}],"about":[{"href":"https:\/\/zennative.eu\/fi\/wp-json\/wp\/v2\/types\/product"}],"replies":[{"embeddable":true,"href":"https:\/\/zennative.eu\/fi\/wp-json\/wp\/v2\/comments?post=48378"}],"version-history":[{"count":10,"href":"https:\/\/zennative.eu\/fi\/wp-json\/wp\/v2\/product\/48378\/revisions"}],"predecessor-version":[{"id":65149,"href":"https:\/\/zennative.eu\/fi\/wp-json\/wp\/v2\/product\/48378\/revisions\/65149"}],"wp:featuredmedia":[{"embeddable":true,"href":"https:\/\/zennative.eu\/fi\/wp-json\/wp\/v2\/media\/47281"}],"wp:attachment":[{"href":"https:\/\/zennative.eu\/fi\/wp-json\/wp\/v2\/media?parent=48378"}],"wp:term":[{"taxonomy":"product_brand","embeddable":true,"href":"https:\/\/zennative.eu\/fi\/wp-json\/wp\/v2\/product_brand?post=48378"},{"taxonomy":"product_cat","embeddable":true,"href":"https:\/\/zennative.eu\/fi\/wp-json\/wp\/v2\/product_cat?post=48378"},{"taxonomy":"product_tag","embeddable":true,"href":"https:\/\/zennative.eu\/fi\/wp-json\/wp\/v2\/product_tag?post=48378"}],"curies":[{"name":"wp","href":"https:\/\/api.w.org\/{rel}","templated":true}]}}