{"id":48360,"date":"2022-03-01T17:06:35","date_gmt":"2022-03-01T15:06:35","guid":{"rendered":"https:\/\/zennative.eu\/product\/cbg-tinktuura-500mg-5\/"},"modified":"2024-03-01T10:55:28","modified_gmt":"2024-03-01T08:55:28","slug":"cbd-tinktuura-500mg-5","status":"publish","type":"product","link":"https:\/\/zennative.eu\/fi\/tuote\/cbd-tinktuura-500mg-5\/","title":{"rendered":"CBD-tinktuura 500mg (5%)"},"content":{"rendered":"\t\t<div data-elementor-type=\"product-post\" data-elementor-id=\"48360\" class=\"elementor elementor-48360 elementor-41800\" data-elementor-post-type=\"product\">\n\t\t\t\t\t\t<section class=\"elementor-section elementor-top-section elementor-element elementor-element-4c104f4 elementor-section-boxed elementor-section-height-default elementor-section-height-default\" data-id=\"4c104f4\" data-element_type=\"section\" data-e-type=\"section\">\n\t\t\t\t\t\t<div class=\"elementor-container elementor-column-gap-wide\">\n\t\t\t\t\t<div class=\"elementor-column elementor-col-100 elementor-top-column elementor-element elementor-element-93cefb6\" data-id=\"93cefb6\" data-element_type=\"column\" data-e-type=\"column\">\n\t\t\t<div class=\"elementor-widget-wrap elementor-element-populated\">\n\t\t\t\t\t\t<div class=\"elementor-element elementor-element-6e627d1 elementor-widget elementor-widget-text-editor\" data-id=\"6e627d1\" data-element_type=\"widget\" data-e-type=\"widget\" data-widget_type=\"text-editor.default\">\n\t\t\t\t<div class=\"elementor-widget-container\">\n\t\t\t\t\t\t\t\t\t<p><strong>CBD-kannabiskukkatinktuura on nopea helpotus ahdistukseen ja k\u00e4tev\u00e4 tapa nauttia kannabinoideja.<\/strong><\/p>\n<p>Suihkuta t\u00e4t\u00e4 luonnollista tinktuuraa, kun tarvitset tukea keskittymiseen, tarvitset nopeaa helpotusta h\u00e4iritsevist\u00e4 ajatuksista ja haluat kohottaa mielialaasi.<\/p>\n<p>10ml, 50 suihketta<\/p>\n<p>Loe lisaks: <a href=\"https:\/\/zennative.eu\/fi\/mika-on-cbd\/\">Kaikki CBD:st\u00e4?<\/a><\/p>\n\t\t\t\t\t\t\t\t<\/div>\n\t\t\t\t<\/div>\n\t\t\t\t<div class=\"elementor-element elementor-element-2f08d37 elementor-widget elementor-widget-the7-accordion\" data-id=\"2f08d37\" data-element_type=\"widget\" data-e-type=\"widget\" data-widget_type=\"the7-accordion.default\">\n\t\t\t\t<div class=\"elementor-widget-container\">\n\t\t\t\t\t\t\t<div class=\"elementor-accordion the7-adv-accordion ac_bb_title ac_bb_active_title ac_top_bottom_borders ac_left_right_borders animate-on-loading\" data-accordion-type=\"accordion\" role=\"tablist\">\n\t\t\t\t\t\t\t<div class=\"elementor-accordion-item\">\n\t\t\t\t\t<h3 id=\"elementor-tab-title-4931\" class=\"elementor-tab-title the7-accordion-header active-default\" data-tab=\"1\" role=\"tab\" aria-controls=\"elementor-tab-content-4931\">\n\n\t\t\t\t\t\t\t\t\t\t\t\t\t<span class=\"elementor-accordion-icon elementor-accordion-icon-left\" aria-hidden=\"true\">\n\t\t\t\t\t\t\t\t\t\t\t\t\t\t\t<span class=\"elementor-accordion-icon-closed\"><i class=\"fas fa-chevron-down\"><\/i><\/span>\n\t\t\t\t\t\t\t\t\t\t\t\t\t\t\t\t\t<span class=\"elementor-accordion-icon-opened\"><i class=\"fas fa-chevron-up\"><\/i><\/span>\n\t\t\t\t\t\t\t\t\t\t\t\t\t\t\t\t\t\t\t\t\t\t<\/span>\n\t\t\t\t\t\t\t\t\t\t\t\t\t\t\t\t\t\t<a class=\"elementor-accordion-title\" href=\"\">Koostumus<\/a>\n\t\t\t\t\t<\/h3>\n\t\t\t\t\t<div id=\"elementor-tab-content-4931\" class=\"elementor-tab-content elementor-clearfix active-default\" data-tab=\"1\" role=\"tabpanel\" aria-labelledby=\"elementor-tab-title-4931\"><p><strong><br \/>\nCBD Hampputinktuura, puhdistettu vesi<\/strong><\/p>\n<p>Tuote sis\u00e4lt\u00e4\u00e4:<\/p>\n<p>42% tilavuusprosenttia etanolia<\/p>\n<p>5% CBG (kannabigeroli)<\/p>\n<p>0,1% THC (tetrahydracannabinoli)<\/p>\n<\/div>\n\t\t\t\t<\/div>\n\t\t\t\t\t\t\t<div class=\"elementor-accordion-item\">\n\t\t\t\t\t<h3 id=\"elementor-tab-title-4932\" class=\"elementor-tab-title the7-accordion-header\" data-tab=\"2\" role=\"tab\" aria-controls=\"elementor-tab-content-4932\">\n\n\t\t\t\t\t\t\t\t\t\t\t\t\t<span class=\"elementor-accordion-icon elementor-accordion-icon-left\" aria-hidden=\"true\">\n\t\t\t\t\t\t\t\t\t\t\t\t\t\t\t<span class=\"elementor-accordion-icon-closed\"><i class=\"fas fa-chevron-down\"><\/i><\/span>\n\t\t\t\t\t\t\t\t\t\t\t\t\t\t\t\t\t<span class=\"elementor-accordion-icon-opened\"><i class=\"fas fa-chevron-up\"><\/i><\/span>\n\t\t\t\t\t\t\t\t\t\t\t\t\t\t\t\t\t\t\t\t\t\t<\/span>\n\t\t\t\t\t\t\t\t\t\t\t\t\t\t\t\t\t\t<a class=\"elementor-accordion-title\" href=\"\">Varastointi<\/a>\n\t\t\t\t\t<\/h3>\n\t\t\t\t\t<div id=\"elementor-tab-content-4932\" class=\"elementor-tab-content elementor-clearfix\" data-tab=\"2\" role=\"tabpanel\" aria-labelledby=\"elementor-tab-title-4932\"><p>S\u00e4ilyt\u00e4 viile\u00e4ss\u00e4, pime\u00e4ss\u00e4 paikassa 1 vuoden ajan.<\/p>\n<\/div>\n\t\t\t\t<\/div>\n\t\t\t\t\t<\/div>\n\t\t\t\t\t\t<\/div>\n\t\t\t\t<\/div>\n\t\t\t\t<div class=\"elementor-element elementor-element-b06ee2a elementor-hidden-desktop elementor-hidden-tablet elementor-hidden-mobile elementor-widget elementor-widget-image\" data-id=\"b06ee2a\" data-element_type=\"widget\" data-e-type=\"widget\" data-widget_type=\"image.default\">\n\t\t\t\t<div class=\"elementor-widget-container\">\n\t\t\t\t\t\t\t\t\t\t\t\t\t\t\t\t<a href=\"https:\/\/zennative.eu\/fi\/tuote\/cbd-home-spa-kasvohoitosarja\/\">\n\t\t\t\t\t\t\t<img fetchpriority=\"high\" decoding=\"async\" width=\"601\" height=\"801\" src=\"https:\/\/zennative.eu\/wp-content\/uploads\/2022\/03\/ZenNative_CBG_Tinktuur_sprei_500mg_5.png\" class=\"attachment-large size-large wp-image-47295\" alt=\"CBD\" srcset=\"https:\/\/zennative.eu\/wp-content\/uploads\/2022\/03\/ZenNative_CBG_Tinktuur_sprei_500mg_5.png 601w, https:\/\/zennative.eu\/wp-content\/uploads\/2022\/03\/ZenNative_CBG_Tinktuur_sprei_500mg_5-225x300.png 225w, https:\/\/zennative.eu\/wp-content\/uploads\/2022\/03\/ZenNative_CBG_Tinktuur_sprei_500mg_5-150x200.png 150w\" sizes=\"(max-width: 601px) 100vw, 601px\" \/>\t\t\t\t\t\t\t\t<\/a>\n\t\t\t\t\t\t\t\t\t\t\t\t\t\t\t<\/div>\n\t\t\t\t<\/div>\n\t\t\t\t\t<\/div>\n\t\t<\/div>\n\t\t\t\t\t<\/div>\n\t\t<\/section>\n\t\t\t\t<\/div>\n\t\t","protected":false},"excerpt":{"rendered":"<p><strong>CBD-kannabiskukkatinktuura on nopea helpotus ahdistukseen ja k\u00e4tev\u00e4 tapa nauttia kannabinoideja<\/strong>.<\/p>\n<p>Suihkuta t\u00e4t\u00e4 luonnollista tinktuuraa, kun tarvitset tukea keskittymiseen, tarvitset nopeaa helpotusta h\u00e4iritseviin ajatuksiin ja haluat kohottaa mielialaasi.<\/p>\n<p>10ml lasipullo, 50 suihketta.<\/p>\n","protected":false},"featured_media":47295,"comment_status":"closed","ping_status":"closed","template":"","meta":[],"product_brand":[],"product_cat":[740],"product_tag":[697,718,722,721,720,719],"class_list":{"0":"post-48360","1":"product","2":"type-product","3":"status-publish","4":"has-post-thumbnail","6":"product_cat-cbd-tinktuura","7":"product_tag-cbd-fi","8":"product_tag-cbd-urheiluvoide","9":"product_tag-energisoiva","10":"product_tag-kuuma-kerma","11":"product_tag-lammittaminen-ja-aktivointi","12":"product_tag-lihakset-ja-nivelet","14":"first","15":"outofstock","16":"shipping-taxable","17":"purchasable","18":"product-type-simple"},"_links":{"self":[{"href":"https:\/\/zennative.eu\/fi\/wp-json\/wp\/v2\/product\/48360","targetHints":{"allow":["GET"]}}],"collection":[{"href":"https:\/\/zennative.eu\/fi\/wp-json\/wp\/v2\/product"}],"about":[{"href":"https:\/\/zennative.eu\/fi\/wp-json\/wp\/v2\/types\/product"}],"replies":[{"embeddable":true,"href":"https:\/\/zennative.eu\/fi\/wp-json\/wp\/v2\/comments?post=48360"}],"version-history":[{"count":7,"href":"https:\/\/zennative.eu\/fi\/wp-json\/wp\/v2\/product\/48360\/revisions"}],"predecessor-version":[{"id":61404,"href":"https:\/\/zennative.eu\/fi\/wp-json\/wp\/v2\/product\/48360\/revisions\/61404"}],"wp:featuredmedia":[{"embeddable":true,"href":"https:\/\/zennative.eu\/fi\/wp-json\/wp\/v2\/media\/47295"}],"wp:attachment":[{"href":"https:\/\/zennative.eu\/fi\/wp-json\/wp\/v2\/media?parent=48360"}],"wp:term":[{"taxonomy":"product_brand","embeddable":true,"href":"https:\/\/zennative.eu\/fi\/wp-json\/wp\/v2\/product_brand?post=48360"},{"taxonomy":"product_cat","embeddable":true,"href":"https:\/\/zennative.eu\/fi\/wp-json\/wp\/v2\/product_cat?post=48360"},{"taxonomy":"product_tag","embeddable":true,"href":"https:\/\/zennative.eu\/fi\/wp-json\/wp\/v2\/product_tag?post=48360"}],"curies":[{"name":"wp","href":"https:\/\/api.w.org\/{rel}","templated":true}]}}