{"id":64304,"date":"2024-10-21T16:12:44","date_gmt":"2024-10-21T13:12:44","guid":{"rendered":"https:\/\/zennative.eu\/cbd-ja-kliininen-tutkimus\/"},"modified":"2024-10-21T16:12:51","modified_gmt":"2024-10-21T13:12:51","slug":"cbd-ja-kliininen-tutkimus","status":"publish","type":"page","link":"https:\/\/zennative.eu\/fi\/cbd-ja-kliininen-tutkimus\/","title":{"rendered":"CBD ja kliininen tutkimus"},"content":{"rendered":"\t\t<div data-elementor-type=\"wp-page\" data-elementor-id=\"64304\" class=\"elementor elementor-64304 elementor-64283\" data-elementor-post-type=\"page\">\n\t\t\t\t\t\t<section class=\"elementor-section elementor-top-section elementor-element elementor-element-4f26e5ce elementor-section-boxed elementor-section-height-default elementor-section-height-default\" data-id=\"4f26e5ce\" data-element_type=\"section\" data-e-type=\"section\" data-settings=\"{&quot;background_background&quot;:&quot;slideshow&quot;,&quot;background_slideshow_gallery&quot;:[{&quot;id&quot;:64285,&quot;url&quot;:&quot;https:\\\/\\\/zennative.eu\\\/wp-content\\\/uploads\\\/2024\\\/10\\\/ZN_H2A8131.png&quot;}],&quot;background_slideshow_loop&quot;:&quot;yes&quot;,&quot;background_slideshow_slide_duration&quot;:5000,&quot;background_slideshow_slide_transition&quot;:&quot;fade&quot;,&quot;background_slideshow_transition_duration&quot;:500}\">\n\t\t\t\t\t\t<div class=\"elementor-container elementor-column-gap-default\">\n\t\t\t\t\t<div class=\"elementor-column elementor-col-100 elementor-top-column elementor-element elementor-element-8b79dbe\" data-id=\"8b79dbe\" data-element_type=\"column\" data-e-type=\"column\" data-settings=\"{&quot;background_background&quot;:&quot;slideshow&quot;,&quot;background_slideshow_gallery&quot;:[],&quot;background_slideshow_loop&quot;:&quot;yes&quot;,&quot;background_slideshow_slide_duration&quot;:5000,&quot;background_slideshow_slide_transition&quot;:&quot;fade&quot;,&quot;background_slideshow_transition_duration&quot;:500}\">\n\t\t\t<div class=\"elementor-widget-wrap elementor-element-populated\">\n\t\t\t\t\t\t<div class=\"elementor-element elementor-element-101e4823 elementor-widget elementor-widget-heading\" data-id=\"101e4823\" data-element_type=\"widget\" data-e-type=\"widget\" data-widget_type=\"heading.default\">\n\t\t\t\t<div class=\"elementor-widget-container\">\n\t\t\t\t\t<h1 class=\"elementor-heading-title elementor-size-default\">CBD:n kliininen tutkimus<\/h1>\t\t\t\t<\/div>\n\t\t\t\t<\/div>\n\t\t\t\t\t<\/div>\n\t\t<\/div>\n\t\t\t\t\t<\/div>\n\t\t<\/section>\n\t\t\t\t<section class=\"elementor-section elementor-top-section elementor-element elementor-element-27f4d9d5 elementor-section-boxed elementor-section-height-default elementor-section-height-default\" data-id=\"27f4d9d5\" data-element_type=\"section\" data-e-type=\"section\">\n\t\t\t\t\t\t<div class=\"elementor-container elementor-column-gap-default\">\n\t\t\t\t\t<div class=\"elementor-column elementor-col-50 elementor-top-column elementor-element elementor-element-75575298\" data-id=\"75575298\" data-element_type=\"column\" data-e-type=\"column\">\n\t\t\t<div class=\"elementor-widget-wrap elementor-element-populated\">\n\t\t\t\t\t\t<div class=\"elementor-element elementor-element-145d8e8c elementor-invisible elementor-widget elementor-widget-text-editor\" data-id=\"145d8e8c\" data-element_type=\"widget\" data-e-type=\"widget\" data-settings=\"{&quot;_animation&quot;:&quot;fadeIn&quot;}\" data-widget_type=\"text-editor.default\">\n\t\t\t\t<div class=\"elementor-widget-container\">\n\t\t\t\t\t\t\t\t\t<h4>CBD:n kliininen tutkimus on nopeasti kehittyv\u00e4 ala, joka keskittyy kannabiksen terveyshy\u00f6tyjen tutkimiseen.<\/h4>\n<p> Kymmeni\u00e4 hyv\u00e4maineisia tutkimuksia on julkaistu, jotka vahvistavat, ett\u00e4 CBD:ll\u00e4 on useita terapeuttisia vaikutuksia, mukaan lukien ahdistuksen, unettomuuden, kroonisen kivun ja tulehduksen lievitys.<\/p>\n<p> CBD:n on my\u00f6s havaittu auttavan epilepsiassa ja neurologisissa sairauksissa, kuten v\u00e4hent\u00e4m\u00e4\u00e4n kohtausten esiintymist\u00e4 potilailla, jotka eiv\u00e4t reagoi tavanomaisiin l\u00e4\u00e4kkeisiin.<\/p>\n<p> Vaikka useita korkealaatuisia satunnaistettuja kliinisi\u00e4 tutkimuksia on tehty vuodesta 2017 l\u00e4htien, useita eritt\u00e4in j\u00e4nnitt\u00e4vi\u00e4 ihmiskokeita on edelleen k\u00e4ynniss\u00e4.<\/p>\n<h2> <strong><br \/>Jatkuva tutkimus<br \/><\/strong><\/h2>\n<p> <strong>T\u00e4ss\u00e4 on linkki luetteloon<\/strong> pelk\u00e4st\u00e4\u00e4n San Diegon yliopistossa k\u00e4ynniss\u00e4 olevista kliinisist\u00e4 ihmistutkimuksista, joiden tuloksia odotamme innolla:<\/p>\n<p> <strong><a href=\"https:\/\/clinicaltrials.ucsd.edu\/cannabidiol\" target=\"_blank\" rel=\"noopener\">https:\/\/clinicaltrials.ucsd.edu\/cannabidiol<\/a><br \/><\/strong><\/p>\n<p><strong><br \/><\/strong> T\u00e4ss\u00e4 on linkki Euroopan unionin kliinisten tutkimusten rekisteriin: <strong><br \/><a href=\"https:\/\/www.clinicaltrialsregister.eu\/ctr-search\/search?query=cannabidiol&amp;status=ongoing\" target=\"_blank\" rel=\"noopener\">https:\/\/www.clinicaltrialsregister.eu\/<\/a><br \/><\/strong><\/p>\n\t\t\t\t\t\t\t\t<\/div>\n\t\t\t\t<\/div>\n\t\t\t\t\t<\/div>\n\t\t<\/div>\n\t\t\t\t<div class=\"elementor-column elementor-col-50 elementor-top-column elementor-element elementor-element-3335f401\" data-id=\"3335f401\" data-element_type=\"column\" data-e-type=\"column\">\n\t\t\t<div class=\"elementor-widget-wrap elementor-element-populated\">\n\t\t\t\t\t\t<div class=\"elementor-element elementor-element-1481de77 elementor-invisible elementor-widget elementor-widget-text-editor\" data-id=\"1481de77\" data-element_type=\"widget\" data-e-type=\"widget\" data-settings=\"{&quot;_animation&quot;:&quot;fadeIn&quot;}\" data-widget_type=\"text-editor.default\">\n\t\t\t\t<div class=\"elementor-widget-container\">\n\t\t\t\t\t\t\t\t\t<h4>Viron l\u00e4\u00e4keviraston kanta jo vuonna 2017 kannabinoideista tutkimukseen perustuvassa kliinisess\u00e4 l\u00e4\u00e4ketieteess\u00e4:<\/h4>\n<ol>\n<li style=\"list-style-type: none;\">\n<ol>\n<li> Endokannabinoidij\u00e4rjestelm\u00e4\u00e4n vaikuttavilla aineilla on l\u00e4\u00e4kekehityspotentiaalia useilla l\u00e4\u00e4ketieteen aloilla\n<\/li>\n<li> <span style=\"letter-spacing: var(--the7-base-letter-spacing); text-transform: var(--the7-base-text-transform); word-spacing: normal; text-decoration: var(--the7-base-text-decoration);\"><span style=\"letter-spacing: var(--the7-base-letter-spacing); text-transform: var(--the7-base-text-transform); word-spacing: normal; text-decoration: var(--the7-base-text-decoration);\">Valtioiden on sallittava kannabinoidien prekliinisten ja kliinisten tutkimusten vapaa suorittaminen tieteellisesti p\u00e4tevien hypoteesien testaamiseksi\n<p><\/span><\/span><\/li>\n<li> Marihuanan tupakointi ei ole sopiva annostelumenetelm\u00e4 kliiniseen l\u00e4\u00e4ketieteeseen tai tutkimukseen, on kehitett\u00e4v\u00e4 valmisteet, joissa on turvallinen annostelumenetelm\u00e4 ja joiden koostumus on tarkasti tunnettu;\n<\/li>\n<li> Jotta lupaavasta molekyylist\u00e4 tulisi l\u00e4\u00e4ke, on valmistettava korkealaatuinen valmiste ja osoitettava kohtuullinen hy\u00f6ty-riskisuhde satunnaistetuissa kliinisiss\u00e4 kokeissa, my\u00f6s endokannabinoidij\u00e4rjestelm\u00e4\u00e4n vaikuttavien aineiden osalta;<\/li>\n<\/ol>\n<\/li>\n<\/ol>\n<ol>\n<li style=\"list-style-type: none;\"><\/li>\n<\/ol>\n<p> L\u00e4hde: Estonian Doctor 2017; 96(6):354\u2013356<\/p>\n\t\t\t\t\t\t\t\t<\/div>\n\t\t\t\t<\/div>\n\t\t\t\t\t<\/div>\n\t\t<\/div>\n\t\t\t\t\t<\/div>\n\t\t<\/section>\n\t\t\t\t<section class=\"elementor-section elementor-top-section elementor-element elementor-element-db137de elementor-section-boxed elementor-section-height-default elementor-section-height-default\" data-id=\"db137de\" data-element_type=\"section\" data-e-type=\"section\">\n\t\t\t\t\t\t<div class=\"elementor-container elementor-column-gap-default\">\n\t\t\t\t\t<div class=\"elementor-column elementor-col-100 elementor-top-column elementor-element elementor-element-3bd60a72\" data-id=\"3bd60a72\" data-element_type=\"column\" data-e-type=\"column\">\n\t\t\t<div class=\"elementor-widget-wrap elementor-element-populated\">\n\t\t\t\t\t\t<div class=\"elementor-element elementor-element-44a45719 elementor-widget elementor-widget-text-editor\" data-id=\"44a45719\" data-element_type=\"widget\" data-e-type=\"widget\" data-widget_type=\"text-editor.default\">\n\t\t\t\t<div class=\"elementor-widget-container\">\n\t\t\t\t\t\t\t\t\t<h2><strong>Valmistuneet opinnot<\/strong><\/h2>\n<\/p>\n<h4 style=\"padding-left: 40px;\"><b><\/b> <strong>CBD ja ahdistuksen lievitys<\/strong><b><br \/><\/b><\/h4>\n<p style=\"padding-left: 40px;\"> Coloradon yliopiston tutkimuksessa havaittiin, ett\u00e4 CBD auttaa v\u00e4hent\u00e4m\u00e4\u00e4n ahdistusta ilman THC:n sivuvaikutuksia.<\/p>\n<h4 style=\"padding-left: 40px;\"> <span style=\"color: #d6b069;\"><a style=\"color: #d6b069;\" href=\"http:\/\/www.colorado.edu\/today\/2024\/02\/27\/cbd-shown-ease-anxiety-without-risks-can-come-thc\" target=\"_blank\" rel=\"noopener\">\u00bb Lue tutkimus Coloradon yliopiston verkkosivuilta<\/a><\/span><\/h4>\n\t\t\t\t\t\t\t\t<\/div>\n\t\t\t\t<\/div>\n\t\t\t\t<div class=\"elementor-element elementor-element-59d79f06 elementor-widget elementor-widget-text-editor\" data-id=\"59d79f06\" data-element_type=\"widget\" data-e-type=\"widget\" data-widget_type=\"text-editor.default\">\n\t\t\t\t<div class=\"elementor-widget-container\">\n\t\t\t\t\t\t\t\t\t<h4 style=\"padding-left: 40px;\"><b><\/b><strong>CBD:n vaikutukset stressiin ja unih\u00e4iri\u00f6ihin<\/strong><b><br \/><\/b><\/h4>\n<p style=\"padding-left: 40px;\"> Journal of Cannabis Research julkaisi tutkimuksen, jossa tarkastellaan CBD:n k\u00e4ytt\u00f6\u00e4 stressin, ahdistuksen ja uniongelmien hoitoon.<\/p>\n<h4 style=\"padding-left: 40px;\"> <span style=\"color: #d6b069;\"><a style=\"color: #d6b069;\" href=\"https:\/\/jcannabisresearch.biomedcentral.com\/articles\/10.1186\/s42238-021-00061-5\" target=\"_blank\" rel=\"noopener\">\u00bb Lue tutkimus Journal of Cannabis Research -lehdess\u00e4<\/a><\/span><\/h4>\n\t\t\t\t\t\t\t\t<\/div>\n\t\t\t\t<\/div>\n\t\t\t\t<div class=\"elementor-element elementor-element-60f56c66 elementor-widget elementor-widget-text-editor\" data-id=\"60f56c66\" data-element_type=\"widget\" data-e-type=\"widget\" data-widget_type=\"text-editor.default\">\n\t\t\t\t<div class=\"elementor-widget-container\">\n\t\t\t\t\t\t\t\t\t<h4 style=\"padding-left: 40px;\"><b><\/b><strong>CBD:n k\u00e4ytt\u00e4jien tutkimus stressist\u00e4, unettomuudesta ja ahdistuksesta.<\/strong><b><br \/><\/b><\/h4>\n<p style=\"padding-left: 40px;\"> BioMed-tutkimuksessa on tutkimustuloksia ja graafisia kaavioita<\/p>\n<h4 style=\"padding-left: 40px;\"> <span style=\"color: #d6b069;\"><a style=\"color: #d6b069;\" href=\"https:\/\/jcannabisresearch.biomedcentral.com\/articles\/10.1186\/s42238-021-00061-5\" target=\"_blank\" rel=\"noopener\">\u00bb Lue tutkimus BioMed Central -sivulta<\/a><\/span><\/h4>\n\t\t\t\t\t\t\t\t<\/div>\n\t\t\t\t<\/div>\n\t\t\t\t<div class=\"elementor-element elementor-element-76d0ec45 elementor-widget elementor-widget-text-editor\" data-id=\"76d0ec45\" data-element_type=\"widget\" data-e-type=\"widget\" data-widget_type=\"text-editor.default\">\n\t\t\t\t<div class=\"elementor-widget-container\">\n\t\t\t\t\t\t\t\t\t<h4 style=\"padding-left: 40px;\"><strong>Kannabiksen k\u00e4ytt\u00f6 PTSD:n ja masennuksen hoidossa<\/strong><b><br \/><\/b><\/h4>\n<p style=\"padding-left: 40px;\"> Tutkimus korosti, ett\u00e4 l\u00e4\u00e4ketieteellinen kannabis voi parantaa PTSD:n ja masennuksen terveystuloksia, mutta annostelu ja seuranta ovat t\u00e4rkeit\u00e4.<\/p>\n<h4 style=\"padding-left: 40px;\"> <span style=\"color: #d6b069;\"><a style=\"color: #d6b069;\" href=\"https:\/\/www.cambridge.org\/core\/journals\/bjpsych-open\/article\/medicinal-cannabis-for-treating-posttraumatic-stress-disorder-and-comorbid-depression-realworld-evidence\/F88B15F3E00576E757ADF4915F9874A6\" target=\"_blank\" rel=\"noopener\">\u00bb Lue tutkimus Cambridge University Press &amp; Assessment -sivulta<\/a><\/span><\/h4>\n\t\t\t\t\t\t\t\t<\/div>\n\t\t\t\t<\/div>\n\t\t\t\t<div class=\"elementor-element elementor-element-12678d2d elementor-widget elementor-widget-text-editor\" data-id=\"12678d2d\" data-element_type=\"widget\" data-e-type=\"widget\" data-widget_type=\"text-editor.default\">\n\t\t\t\t<div class=\"elementor-widget-container\">\n\t\t\t\t\t\t\t\t\t<h4 style=\"padding-left: 40px;\"><strong>L\u00e4\u00e4kekannabiksen k\u00e4ytt\u00f6 unih\u00e4iri\u00f6ihin<\/strong><\/h4>\n<p style=\"padding-left: 40px;\"> Australialaisessa tutkimuksessa tarkasteltiin kannabiksen vaikutuksia unih\u00e4iri\u00f6ihin ja havaittiin, ett\u00e4 k\u00e4ytt\u00e4j\u00e4t nukkuivat paremmin.<\/p>\n<h4 style=\"padding-left: 40px;\"> <span style=\"color: #d6b069;\"><a style=\"color: #d6b069;\" href=\"https:\/\/www.cambridge.org\/core\/journals\/bjpsych-open\/article\/medicinal-cannabis-for-treating-posttraumatic-stress-disorder-and-comorbid-depression-realworld-evidence\/F88B15F3E00576E757ADF4915F9874A6\" target=\"_blank\" rel=\"noopener\">\u00bb Lue Nature Science of Sleep -tutkimus<\/a><\/span><\/h4>\n\t\t\t\t\t\t\t\t<\/div>\n\t\t\t\t<\/div>\n\t\t\t\t\t<\/div>\n\t\t<\/div>\n\t\t\t\t\t<\/div>\n\t\t<\/section>\n\t\t\t\t<section class=\"elementor-section elementor-top-section elementor-element elementor-element-632a7527 elementor-section-boxed elementor-section-height-default elementor-section-height-default\" data-id=\"632a7527\" data-element_type=\"section\" data-e-type=\"section\">\n\t\t\t\t\t\t<div class=\"elementor-container elementor-column-gap-default\">\n\t\t\t\t\t<div class=\"elementor-column elementor-col-100 elementor-top-column elementor-element elementor-element-15178cf9\" data-id=\"15178cf9\" data-element_type=\"column\" data-e-type=\"column\">\n\t\t\t<div class=\"elementor-widget-wrap elementor-element-populated\">\n\t\t\t\t\t\t<div class=\"elementor-element elementor-element-a6d842f elementor-widget elementor-widget-text-editor\" data-id=\"a6d842f\" data-element_type=\"widget\" data-e-type=\"widget\" data-widget_type=\"text-editor.default\">\n\t\t\t\t<div class=\"elementor-widget-container\">\n\t\t\t\t\t\t\t\t\t<h4><strong>Lue lis\u00e4\u00e4:<\/strong> <span style=\"text-decoration: underline;\"><a href=\"https:\/\/zennative.eu\/fi\/mika-on-cbd\/\">Mik\u00e4 on CBD?<\/a><\/span><\/p>\n<\/h4>\n<h1> ?<\/h1>\n<h4> <strong>Tuli kysymyksi\u00e4<\/strong><\/h4>\n<p> Ota rohkeasti yhteytt\u00e4 <strong><a href=\"mailto:info@zennative.ee\">info@zennative.ee<\/a><\/strong> tai <strong><a href=\"tel:0037255524424\">55524424<\/a><\/strong><\/p>\n\t\t\t\t\t\t\t\t<\/div>\n\t\t\t\t<\/div>\n\t\t\t\t\t<\/div>\n\t\t<\/div>\n\t\t\t\t\t<\/div>\n\t\t<\/section>\n\t\t\t\t<\/div>\n\t\t","protected":false},"excerpt":{"rendered":"<p>CBD:n kliininen tutkimus CBD:n kliininen tutkimus on nopeasti kehittyv\u00e4 ala, joka keskittyy kannabiksen terveyshy\u00f6tyjen tutkimiseen. Kymmeni\u00e4 hyv\u00e4maineisia tutkimuksia on julkaistu, jotka vahvistavat, ett\u00e4 CBD:ll\u00e4 on useita terapeuttisia vaikutuksia, mukaan lukien ahdistuksen, unettomuuden, kroonisen kivun ja tulehduksen lievitys. CBD:n on my\u00f6s havaittu auttavan epilepsiassa ja neurologisissa sairauksissa, kuten v\u00e4hent\u00e4m\u00e4\u00e4n kohtausten esiintymist\u00e4 potilailla, jotka eiv\u00e4t reagoi tavanomaisiin&hellip;<\/p>\n","protected":false},"author":12,"featured_media":0,"parent":0,"menu_order":0,"comment_status":"closed","ping_status":"closed","template":"","meta":{"footnotes":""},"class_list":["post-64304","page","type-page","status-publish","hentry"],"_links":{"self":[{"href":"https:\/\/zennative.eu\/fi\/wp-json\/wp\/v2\/pages\/64304","targetHints":{"allow":["GET"]}}],"collection":[{"href":"https:\/\/zennative.eu\/fi\/wp-json\/wp\/v2\/pages"}],"about":[{"href":"https:\/\/zennative.eu\/fi\/wp-json\/wp\/v2\/types\/page"}],"author":[{"embeddable":true,"href":"https:\/\/zennative.eu\/fi\/wp-json\/wp\/v2\/users\/12"}],"replies":[{"embeddable":true,"href":"https:\/\/zennative.eu\/fi\/wp-json\/wp\/v2\/comments?post=64304"}],"version-history":[{"count":1,"href":"https:\/\/zennative.eu\/fi\/wp-json\/wp\/v2\/pages\/64304\/revisions"}],"predecessor-version":[{"id":64305,"href":"https:\/\/zennative.eu\/fi\/wp-json\/wp\/v2\/pages\/64304\/revisions\/64305"}],"wp:attachment":[{"href":"https:\/\/zennative.eu\/fi\/wp-json\/wp\/v2\/media?parent=64304"}],"curies":[{"name":"wp","href":"https:\/\/api.w.org\/{rel}","templated":true}]}}