{"id":47341,"date":"2023-03-18T17:33:53","date_gmt":"2023-03-18T15:33:53","guid":{"rendered":"https:\/\/zennative.eu\/lugemisnurk-ehk-blogi\/"},"modified":"2023-05-07T10:07:12","modified_gmt":"2023-05-07T08:07:12","slug":"blogi","status":"publish","type":"page","link":"https:\/\/zennative.eu\/fi\/blogi\/","title":{"rendered":"Blogi"},"content":{"rendered":"\t\t<div data-elementor-type=\"wp-page\" data-elementor-id=\"47341\" class=\"elementor elementor-47341 elementor-41911\" data-elementor-post-type=\"page\">\n\t\t\t\t\t\t<section class=\"elementor-section elementor-top-section elementor-element elementor-element-d44d6a9 elementor-section-boxed elementor-section-height-default elementor-section-height-default\" data-id=\"d44d6a9\" data-element_type=\"section\" data-e-type=\"section\">\n\t\t\t\t\t\t<div class=\"elementor-container elementor-column-gap-default\">\n\t\t\t\t\t<div class=\"elementor-column elementor-col-100 elementor-top-column elementor-element elementor-element-a79eb61\" data-id=\"a79eb61\" data-element_type=\"column\" data-e-type=\"column\">\n\t\t\t<div class=\"elementor-widget-wrap elementor-element-populated\">\n\t\t\t\t\t\t<div class=\"elementor-element elementor-element-b025f16 elementor-hidden-desktop elementor-hidden-tablet elementor-hidden-mobile elementor-widget elementor-widget-image\" data-id=\"b025f16\" data-element_type=\"widget\" data-e-type=\"widget\" data-widget_type=\"image.default\">\n\t\t\t\t<div class=\"elementor-widget-container\">\n\t\t\t\t\t\t\t\t\t\t\t\t\t\t\t<img fetchpriority=\"high\" decoding=\"async\" width=\"754\" height=\"129\" src=\"https:\/\/zennative.eu\/wp-content\/uploads\/2022\/09\/Zen_Native_Logo_EST.png\" class=\"attachment-large size-large wp-image-47317\" alt=\"\" srcset=\"https:\/\/zennative.eu\/wp-content\/uploads\/2022\/09\/Zen_Native_Logo_EST.png 754w, https:\/\/zennative.eu\/wp-content\/uploads\/2022\/09\/Zen_Native_Logo_EST-300x51.png 300w\" sizes=\"(max-width: 754px) 100vw, 754px\" \/>\t\t\t\t\t\t\t\t\t\t\t\t\t\t\t<\/div>\n\t\t\t\t<\/div>\n\t\t\t\t<div class=\"elementor-element elementor-element-324b0a3 elementor-grid-3 elementor-grid-tablet-2 elementor-grid-mobile-1 elementor-posts--thumbnail-top elementor-widget elementor-widget-posts\" data-id=\"324b0a3\" data-element_type=\"widget\" data-e-type=\"widget\" data-settings=\"{&quot;classic_columns&quot;:&quot;3&quot;,&quot;classic_columns_tablet&quot;:&quot;2&quot;,&quot;classic_columns_mobile&quot;:&quot;1&quot;,&quot;classic_row_gap&quot;:{&quot;unit&quot;:&quot;px&quot;,&quot;size&quot;:35,&quot;sizes&quot;:[]},&quot;classic_row_gap_tablet&quot;:{&quot;unit&quot;:&quot;px&quot;,&quot;size&quot;:&quot;&quot;,&quot;sizes&quot;:[]},&quot;classic_row_gap_mobile&quot;:{&quot;unit&quot;:&quot;px&quot;,&quot;size&quot;:&quot;&quot;,&quot;sizes&quot;:[]}}\" data-widget_type=\"posts.classic\">\n\t\t\t\t<div class=\"elementor-widget-container\">\n\t\t\t\t\t\t\t<div class=\"elementor-posts-container elementor-posts elementor-posts--skin-classic elementor-grid\" role=\"list\">\n\t\t\t\t<article class=\"elementor-post elementor-grid-item post-48446 post type-post status-publish format-standard has-post-thumbnail hentry category-info-fi tag-alkuperatarina tag-cbd-kauppa tag-cbd-oljy tag-hamppuoljy tag-historia tag-zen-native-fi\" role=\"listitem\">\n\t\t\t\t<a class=\"elementor-post__thumbnail__link\" href=\"https:\/\/zennative.eu\/fi\/info-fi\/zen-native-alkuperatarina\/\" tabindex=\"-1\" >\n\t\t\t<div class=\"elementor-post__thumbnail\"><img decoding=\"async\" width=\"300\" height=\"263\" src=\"https:\/\/zennative.eu\/wp-content\/uploads\/2021\/12\/ZenNative_first_CBD_oil-300x263.png\" class=\"attachment-medium size-medium wp-image-47242\" alt=\"\" srcset=\"https:\/\/zennative.eu\/wp-content\/uploads\/2021\/12\/ZenNative_first_CBD_oil-300x263.png 300w, https:\/\/zennative.eu\/wp-content\/uploads\/2021\/12\/ZenNative_first_CBD_oil-1024x896.png 1024w, https:\/\/zennative.eu\/wp-content\/uploads\/2021\/12\/ZenNative_first_CBD_oil-768x672.png 768w, https:\/\/zennative.eu\/wp-content\/uploads\/2021\/12\/ZenNative_first_CBD_oil-1200x1050.png 1200w, https:\/\/zennative.eu\/wp-content\/uploads\/2021\/12\/ZenNative_first_CBD_oil.png 800w\" sizes=\"(max-width: 300px) 100vw, 300px\" \/><\/div>\n\t\t<\/a>\n\t\t\t\t<div class=\"elementor-post__text\">\n\t\t\t\t<h3 class=\"elementor-post__title\">\n\t\t\t<a href=\"https:\/\/zennative.eu\/fi\/info-fi\/zen-native-alkuperatarina\/\" >\n\t\t\t\tZen Native alkuper\u00e4tarina\t\t\t<\/a>\n\t\t<\/h3>\n\t\t\t\t<div class=\"elementor-post__meta-data\">\n\t\t\t\t\t<span class=\"elementor-post-date\">\n\t\t\t3. touko 2023\t\t<\/span>\n\t\t\t\t<\/div>\n\t\t\t\t<div class=\"elementor-post__excerpt\">\n\t\t\t<p>2019 Zen native idee Idea Zen Nativeen syntyi vuoden 2019 lopulla, kun Eero n\u00e4ki naisen k\u00e4velev\u00e4n Viron ensimm\u00e4iseen CBD-myym\u00e4l\u00e4\u00e4n, silm\u00e4t onnesta kostuneina, tulevan yl\u00f6s ja<\/p>\n\t\t<\/div>\n\t\t\n\t\t<a class=\"elementor-post__read-more\" href=\"https:\/\/zennative.eu\/fi\/info-fi\/zen-native-alkuperatarina\/\" aria-label=\"Read more about Zen Native alkuper\u00e4tarina\" tabindex=\"-1\" >\n\t\t\tLue lis\u00e4\u00e4 \u00bb\t\t<\/a>\n\n\t\t\t\t<\/div>\n\t\t\t\t<\/article>\n\t\t\t\t<article class=\"elementor-post elementor-grid-item post-48444 post type-post status-publish format-standard has-post-thumbnail hentry category-info-fi tag-ahdistus tag-apua tag-cbd-fi tag-cbd-oljy tag-covid-fi tag-hamppu tag-immuunijarjestelma tag-miten tag-suojaus tag-uneton\" role=\"listitem\">\n\t\t\t\t<a class=\"elementor-post__thumbnail__link\" href=\"https:\/\/zennative.eu\/fi\/info-fi\/3-syyta-cbd-oljy-vahvistaa-immuunijarjestelmaa\/\" tabindex=\"-1\" >\n\t\t\t<div class=\"elementor-post__thumbnail\"><img decoding=\"async\" width=\"200\" height=\"300\" src=\"https:\/\/zennative.eu\/wp-content\/uploads\/2022\/02\/DSCF3761-200x300.jpg\" class=\"attachment-medium size-medium wp-image-47270\" alt=\"\" srcset=\"https:\/\/zennative.eu\/wp-content\/uploads\/2022\/02\/DSCF3761-200x300.jpg 200w, https:\/\/zennative.eu\/wp-content\/uploads\/2022\/02\/DSCF3761-683x1024.jpg 683w, https:\/\/zennative.eu\/wp-content\/uploads\/2022\/02\/DSCF3761-768x1152.jpg 768w, https:\/\/zennative.eu\/wp-content\/uploads\/2022\/02\/DSCF3761-1024x1536.jpg 1024w, https:\/\/zennative.eu\/wp-content\/uploads\/2022\/02\/DSCF3761-1365x2048.jpg 1365w, https:\/\/zennative.eu\/wp-content\/uploads\/2022\/02\/DSCF3761-1200x1800.jpg 1200w, https:\/\/zennative.eu\/wp-content\/uploads\/2022\/02\/DSCF3761-150x225.jpg 150w, https:\/\/zennative.eu\/wp-content\/uploads\/2022\/02\/DSCF3761-scaled.jpg 533w\" sizes=\"(max-width: 200px) 100vw, 200px\" \/><\/div>\n\t\t<\/a>\n\t\t\t\t<div class=\"elementor-post__text\">\n\t\t\t\t<h3 class=\"elementor-post__title\">\n\t\t\t<a href=\"https:\/\/zennative.eu\/fi\/info-fi\/3-syyta-cbd-oljy-vahvistaa-immuunijarjestelmaa\/\" >\n\t\t\t\t3 syyt\u00e4 | CBD-\u00f6ljy vahvistaa immuunij\u00e4rjestelm\u00e4\u00e4\t\t\t<\/a>\n\t\t<\/h3>\n\t\t\t\t<div class=\"elementor-post__meta-data\">\n\t\t\t\t\t<span class=\"elementor-post-date\">\n\t\t\t3. touko 2023\t\t<\/span>\n\t\t\t\t<\/div>\n\t\t\t\t<div class=\"elementor-post__excerpt\">\n\t\t\t<p>Kehoamme uhkaavat p\u00e4ivitt\u00e4in erilaiset sairaudet ja infektiot. L\u00e4mp\u00f6tilan laskiessa kylm\u00e4\u00e4 rakastavat bakteerit ja virukset, kuten influenssa ja COVID-19, aktivoituvat. Siksi on erityisen t\u00e4rke\u00e4\u00e4 pit\u00e4\u00e4 immuunij\u00e4rjestelm\u00e4<\/p>\n\t\t<\/div>\n\t\t\n\t\t<a class=\"elementor-post__read-more\" href=\"https:\/\/zennative.eu\/fi\/info-fi\/3-syyta-cbd-oljy-vahvistaa-immuunijarjestelmaa\/\" aria-label=\"Read more about 3 syyt\u00e4 | CBD-\u00f6ljy vahvistaa immuunij\u00e4rjestelm\u00e4\u00e4\" tabindex=\"-1\" >\n\t\t\tLue lis\u00e4\u00e4 \u00bb\t\t<\/a>\n\n\t\t\t\t<\/div>\n\t\t\t\t<\/article>\n\t\t\t\t<\/div>\n\t\t\n\t\t\t\t\t\t<\/div>\n\t\t\t\t<\/div>\n\t\t\t\t\t<\/div>\n\t\t<\/div>\n\t\t\t\t\t<\/div>\n\t\t<\/section>\n\t\t\t\t<\/div>\n\t\t","protected":false},"excerpt":{"rendered":"<p>Kehoamme uhkaavat p\u00e4ivitt\u00e4in erilaiset sairaudet ja infektiot. L\u00e4mp\u00f6tilan laskiessa kylm\u00e4\u00e4 rakastavat bakteerit ja virukset, kuten influenssa ja COVID-19, aktivoituvat. Siksi on erityisen t\u00e4rke\u00e4\u00e4 pit\u00e4\u00e4 immuunij\u00e4rjestelm\u00e4 vahvana juuri nyt. Immuunij\u00e4rjestelm\u00e4mme koostuu soluista, kudoksista ja elimist\u00e4, jotka toimivat hyvin herk\u00e4ss\u00e4 tasapainossa eli homeostaasissa. Pit\u00e4m\u00e4ll\u00e4 elimist\u00f6n toiminnan normaalina tuemme parhaiten n\u00e4it\u00e4 osia toimimaan yhdess\u00e4 ulkoisten hy\u00f6kk\u00e4ysten torjumiseksi. T\u00e4ss\u00e4&hellip;<\/p>\n","protected":false},"author":1,"featured_media":0,"parent":0,"menu_order":0,"comment_status":"closed","ping_status":"closed","template":"template-blog-list.php","meta":{"footnotes":""},"class_list":["post-47341","page","type-page","status-publish","hentry"],"_links":{"self":[{"href":"https:\/\/zennative.eu\/fi\/wp-json\/wp\/v2\/pages\/47341","targetHints":{"allow":["GET"]}}],"collection":[{"href":"https:\/\/zennative.eu\/fi\/wp-json\/wp\/v2\/pages"}],"about":[{"href":"https:\/\/zennative.eu\/fi\/wp-json\/wp\/v2\/types\/page"}],"author":[{"embeddable":true,"href":"https:\/\/zennative.eu\/fi\/wp-json\/wp\/v2\/users\/1"}],"replies":[{"embeddable":true,"href":"https:\/\/zennative.eu\/fi\/wp-json\/wp\/v2\/comments?post=47341"}],"version-history":[{"count":4,"href":"https:\/\/zennative.eu\/fi\/wp-json\/wp\/v2\/pages\/47341\/revisions"}],"predecessor-version":[{"id":48577,"href":"https:\/\/zennative.eu\/fi\/wp-json\/wp\/v2\/pages\/47341\/revisions\/48577"}],"wp:attachment":[{"href":"https:\/\/zennative.eu\/fi\/wp-json\/wp\/v2\/media?parent=47341"}],"curies":[{"name":"wp","href":"https:\/\/api.w.org\/{rel}","templated":true}]}}