{"id":65069,"date":"2025-05-15T15:48:59","date_gmt":"2025-05-15T19:22:19","guid":{"rendered":"https:\/\/zennative.eu\/product\/paquete-de-inicio\/"},"modified":"2025-05-15T22:22:21","modified_gmt":"2025-05-15T19:22:21","slug":"paquete-de-inicio","status":"publish","type":"product","link":"https:\/\/zennative.eu\/es\/producto\/paquete-de-inicio\/","title":{"rendered":"Paquete de inicio"},"content":{"rendered":"\t\t<div data-elementor-type=\"product-post\" data-elementor-id=\"65069\" class=\"elementor elementor-65069\" data-elementor-post-type=\"product\">\n\t\t\t\t\t\t<section class=\"elementor-section elementor-top-section elementor-element elementor-element-dc919c6 elementor-section-boxed elementor-section-height-default elementor-section-height-default\" data-id=\"dc919c6\" data-element_type=\"section\" data-e-type=\"section\">\n\t\t\t\t\t\t<div class=\"elementor-container elementor-column-gap-wide\">\n\t\t\t\t\t<div class=\"elementor-column elementor-col-100 elementor-top-column elementor-element elementor-element-2d0ea25\" data-id=\"2d0ea25\" data-element_type=\"column\" data-e-type=\"column\">\n\t\t\t<div class=\"elementor-widget-wrap elementor-element-populated\">\n\t\t\t\t\t\t<div class=\"elementor-element elementor-element-03f440a elementor-widget elementor-widget-text-editor\" data-id=\"03f440a\" data-element_type=\"widget\" data-e-type=\"widget\" data-widget_type=\"text-editor.default\">\n\t\t\t\t<div class=\"elementor-widget-container\">\n\t\t\t\t\t\t\t\t\t<p><strong>Este paquete de inicio de 30 d\u00edas es el espectro completo de productos Zen Native y proporciona la descripci\u00f3n general y la combinaci\u00f3n de productos perfectas para comenzar con el CBD y comenzar.<\/strong><\/p>\n<p> La l\u00ednea unisex Zen Native incluye cinco excelentes productos de CBD para uso interno y externo.<\/p>\n<p> <strong>El aceite de CBD de espectro completo al 15 %<\/strong> est\u00e1 elaborado con extracto de c\u00e1\u00f1amo dom\u00e9stico de la m\u00e1s alta calidad, que se diluye con aceite MCT C8 fino y se transforma en el famoso aceite de CBD de espectro completo Zen Native.<\/p>\n<p> <strong>El aceite Crystal 5% CBD<\/strong> es nuestra propia mezcla glamorosa de aislado de CBD (cristal) de nuestro laboratorio asociado suizo y aceite ultrafino C8 de nuestro socio europeo, conservado exclusivamente en envases de vidrio y extra\u00eddo exclusivamente del coco.<\/p>\n<p> <strong>Las c\u00e1psulas<\/strong> son una combinaci\u00f3n \u00fanica, elaborada especialmente por Zen Native en un laboratorio europeo. Empaquetado en Estonia.<\/p>\n<p> <strong>El gel de aloe vera<\/strong> se obtiene del mejor aloe cultivado en las Islas Canarias y se mezcla en el laboratorio Zen Native utilizando aceite de coco C8 fino y el CBD cristalino m\u00e1s puro.<\/p>\n\t\t\t\t\t\t\t\t<\/div>\n\t\t\t\t<\/div>\n\t\t\t\t\t<\/div>\n\t\t<\/div>\n\t\t\t\t\t<\/div>\n\t\t<\/section>\n\t\t\t\t<section class=\"elementor-section elementor-top-section elementor-element elementor-element-fd4c0e5 elementor-section-boxed elementor-section-height-default elementor-section-height-default\" data-id=\"fd4c0e5\" data-element_type=\"section\" data-e-type=\"section\">\n\t\t\t\t\t\t<div class=\"elementor-container elementor-column-gap-default\">\n\t\t\t\t\t<div class=\"elementor-column elementor-col-100 elementor-top-column elementor-element elementor-element-e8b9f91\" data-id=\"e8b9f91\" data-element_type=\"column\" data-e-type=\"column\">\n\t\t\t<div class=\"elementor-widget-wrap elementor-element-populated\">\n\t\t\t\t\t\t<div class=\"elementor-element elementor-element-dc11b90 elementor-widget elementor-widget-the7-accordion\" data-id=\"dc11b90\" data-element_type=\"widget\" data-e-type=\"widget\" data-widget_type=\"the7-accordion.default\">\n\t\t\t\t<div class=\"elementor-widget-container\">\n\t\t\t\t\t\t\t<div class=\"elementor-accordion the7-adv-accordion ac_bb_title ac_bb_active_title ac_top_bottom_borders ac_left_right_borders\" data-accordion-type=\"toggle\" role=\"tablist\">\n\t\t\t\t\t\t\t<div class=\"elementor-accordion-item\">\n\t\t\t\t\t<h3 id=\"elementor-tab-title-2301\" class=\"elementor-tab-title the7-accordion-header deactive-default\" data-tab=\"1\" role=\"tab\" aria-controls=\"elementor-tab-content-2301\">\n\n\t\t\t\t\t\t\t\t\t\t\t\t\t<span class=\"elementor-accordion-icon elementor-accordion-icon-left\" aria-hidden=\"true\">\n\t\t\t\t\t\t\t\t\t\t\t\t\t\t\t<span class=\"elementor-accordion-icon-closed\"><i class=\"fas fa-chevron-down\"><\/i><\/span>\n\t\t\t\t\t\t\t\t\t\t\t\t\t\t\t\t\t<span class=\"elementor-accordion-icon-opened\"><i class=\"fas fa-chevron-up\"><\/i><\/span>\n\t\t\t\t\t\t\t\t\t\t\t\t\t\t\t\t\t\t\t\t\t\t<\/span>\n\t\t\t\t\t\t\t\t\t\t\t\t\t\t\t\t\t\t<a class=\"elementor-accordion-title\" href=\"\">Gu\u00eda<\/a>\n\t\t\t\t\t<\/h3>\n\t\t\t\t\t<div id=\"elementor-tab-content-2301\" class=\"elementor-tab-content elementor-clearfix deactive-default\" data-tab=\"1\" role=\"tabpanel\" aria-labelledby=\"elementor-tab-title-2301\"><p><strong>\u00a0<\/strong><\/p>\n<h3 class=\"default-heading3\">\u2600\ufe0f Ritual matutino<\/h3>\n<\/p>\n<p> <strong>C\u00e1psulas de CBD VITAMIN+ 2100 mg (30 unidades)<\/strong><\/p>\n<p> Una c\u00e1psula contiene todos los micronutrientes liposolubles que una persona n\u00f3rdica necesita para mantener su cuerpo sano y aceitado, adem\u00e1s de CBD cristalino puro para mantenerte alerta y concentrado durante todo el d\u00eda. Tome una c\u00e1psula con la comida.<\/p>\n<p> <strong>ALOE con CBD y coco<\/strong> <br \/><strong>\u00ad<\/strong><br \/> Una maravillosa combinaci\u00f3n de aloe, CBD y coco para la piel que refresca, suaviza e hidrata profundamente, pero no deja la piel grasosa ni obstruye los poros. \u00a1Aplicalo en tu rostro, cuello y manos y brilla con confianza!<\/p>\n<h3><\/h3>\n<h3 class=\"default-heading3\"> \ud83c\udf19 Ritual de la tarde<\/h3>\n<\/p>\n<p> <strong>T\u00c9 DE FLOR DE C\u00c1\u00d1AMO<\/strong><\/p>\n<p> El ritual de la tarde comienza con el t\u00e9 de flor de cannabis. Quita las ganas de picar o consumir bebidas alcoh\u00f3licas. Una taza de t\u00e9 a la luz de las velas antes de comenzar con los procedimientos de belleza e higiene ayuda a relajarse.<\/p>\n<p> <strong>Aceite de CBD de espectro completo al 15%<\/strong><\/p>\n<p> N\u00e9ctar de c\u00e1\u00f1amo natural que nutre desde dentro. Las gotas de espectro completo calman la mente y proporcionan al cuerpo el equilibrio fisiol\u00f3gico necesario, lo que desencadena procesos de autocuraci\u00f3n durante toda la noche y garantiza un buen sue\u00f1o.<\/p>\n<p> <strong>Aceite de CBD cristalino al 5%<\/strong><\/p>\n<p> Hidrataci\u00f3n nocturna profunda y funcional que permanece en la piel toda la noche. Aplicar en rostro, cuello y manos para equilibrar la producci\u00f3n de sebo, reducir la inflamaci\u00f3n y estimular la producci\u00f3n natural de col\u00e1geno de la piel en profundidad.<\/p>\n<\/div>\n\t\t\t\t<\/div>\n\t\t\t\t\t\t\t<div class=\"elementor-accordion-item\">\n\t\t\t\t\t<h3 id=\"elementor-tab-title-2302\" class=\"elementor-tab-title the7-accordion-header\" data-tab=\"2\" role=\"tab\" aria-controls=\"elementor-tab-content-2302\">\n\n\t\t\t\t\t\t\t\t\t\t\t\t\t<span class=\"elementor-accordion-icon elementor-accordion-icon-left\" aria-hidden=\"true\">\n\t\t\t\t\t\t\t\t\t\t\t\t\t\t\t<span class=\"elementor-accordion-icon-closed\"><i class=\"fas fa-chevron-down\"><\/i><\/span>\n\t\t\t\t\t\t\t\t\t\t\t\t\t\t\t\t\t<span class=\"elementor-accordion-icon-opened\"><i class=\"fas fa-chevron-up\"><\/i><\/span>\n\t\t\t\t\t\t\t\t\t\t\t\t\t\t\t\t\t\t\t\t\t\t<\/span>\n\t\t\t\t\t\t\t\t\t\t\t\t\t\t\t\t\t\t<a class=\"elementor-accordion-title\" href=\"\">Administraci\u00f3n<\/a>\n\t\t\t\t\t<\/h3>\n\t\t\t\t\t<div id=\"elementor-tab-content-2302\" class=\"elementor-tab-content elementor-clearfix\" data-tab=\"2\" role=\"tabpanel\" aria-labelledby=\"elementor-tab-title-2302\"><p>1 c\u00e1psula al d\u00eda con comida y agua. Preferiblemente por la ma\u00f1ana.<\/p>\n<p> 1 gota de aceite por cada 7,5 kg de peso corporal. Se recomienda tomarlo por la noche media hora antes de acostarse.<\/p>\n<\/div>\n\t\t\t\t<\/div>\n\t\t\t\t\t\t\t<div class=\"elementor-accordion-item\">\n\t\t\t\t\t<h3 id=\"elementor-tab-title-2303\" class=\"elementor-tab-title the7-accordion-header\" data-tab=\"3\" role=\"tab\" aria-controls=\"elementor-tab-content-2303\">\n\n\t\t\t\t\t\t\t\t\t\t\t\t\t<span class=\"elementor-accordion-icon elementor-accordion-icon-left\" aria-hidden=\"true\">\n\t\t\t\t\t\t\t\t\t\t\t\t\t\t\t<span class=\"elementor-accordion-icon-closed\"><i class=\"fas fa-chevron-down\"><\/i><\/span>\n\t\t\t\t\t\t\t\t\t\t\t\t\t\t\t\t\t<span class=\"elementor-accordion-icon-opened\"><i class=\"fas fa-chevron-up\"><\/i><\/span>\n\t\t\t\t\t\t\t\t\t\t\t\t\t\t\t\t\t\t\t\t\t\t<\/span>\n\t\t\t\t\t\t\t\t\t\t\t\t\t\t\t\t\t\t<a class=\"elementor-accordion-title\" href=\"\">Advertencias<\/a>\n\t\t\t\t\t<\/h3>\n\t\t\t\t\t<div id=\"elementor-tab-content-2303\" class=\"elementor-tab-content elementor-clearfix\" data-tab=\"3\" role=\"tabpanel\" aria-labelledby=\"elementor-tab-title-2303\"><p>No recomendado para menores de edad.<\/p>\n<p> No se recomienda su uso durante el embarazo.<\/p>\n<p> No exceda la ingesta diaria recomendada.<\/p>\n<p> El complemento alimenticio no debe utilizarse como sustituto de una dieta variada.<\/p>\n<p> Mantener fuera del alcance de los ni\u00f1os.<\/p>\n<\/div>\n\t\t\t\t<\/div>\n\t\t\t\t\t\t\t<div class=\"elementor-accordion-item\">\n\t\t\t\t\t<h3 id=\"elementor-tab-title-2304\" class=\"elementor-tab-title the7-accordion-header\" data-tab=\"4\" role=\"tab\" aria-controls=\"elementor-tab-content-2304\">\n\n\t\t\t\t\t\t\t\t\t\t\t\t\t<span class=\"elementor-accordion-icon elementor-accordion-icon-left\" aria-hidden=\"true\">\n\t\t\t\t\t\t\t\t\t\t\t\t\t\t\t<span class=\"elementor-accordion-icon-closed\"><i class=\"fas fa-chevron-down\"><\/i><\/span>\n\t\t\t\t\t\t\t\t\t\t\t\t\t\t\t\t\t<span class=\"elementor-accordion-icon-opened\"><i class=\"fas fa-chevron-up\"><\/i><\/span>\n\t\t\t\t\t\t\t\t\t\t\t\t\t\t\t\t\t\t\t\t\t\t<\/span>\n\t\t\t\t\t\t\t\t\t\t\t\t\t\t\t\t\t\t<a class=\"elementor-accordion-title\" href=\"\">Preparaci\u00f3n<\/a>\n\t\t\t\t\t<\/h3>\n\t\t\t\t\t<div id=\"elementor-tab-content-2304\" class=\"elementor-tab-content elementor-clearfix\" data-tab=\"4\" role=\"tabpanel\" aria-labelledby=\"elementor-tab-title-2304\"><p><strong>El aceite de CBD de espectro completo<\/strong> est\u00e1 elaborado a partir de extracto de c\u00e1\u00f1amo dom\u00e9stico de la m\u00e1s alta calidad, que se diluye con aceite MCT C8 fino y se sintoniza con el famoso aceite de CBD de espectro completo Zen Native.<\/p>\n<p> <strong>El aceite de CBD Crystal<\/strong> es nuestra propia mezcla glamorosa de aislado de CBD (cristal) de nuestro laboratorio asociado suizo y aceite ultrafino C8 de nuestro socio europeo, conservado exclusivamente en envases de vidrio y extra\u00eddo exclusivamente del coco.<\/p>\n<p> <strong>Las c\u00e1psulas<\/strong> est\u00e1n fabricadas a medida por Zen Native en un laboratorio europeo. Empaquetado en Estonia.<\/p>\n<p> <strong>El gel de aloe vera<\/strong> se obtiene del mejor aloe cultivado en las Islas Canarias y se mezcla en el laboratorio Zen Native utilizando aceite de coco C8 fino y el CBD cristalino m\u00e1s puro.<\/p>\n<\/div>\n\t\t\t\t<\/div>\n\t\t\t\t\t\t\t<div class=\"elementor-accordion-item\">\n\t\t\t\t\t<h3 id=\"elementor-tab-title-2305\" class=\"elementor-tab-title the7-accordion-header\" data-tab=\"5\" role=\"tab\" aria-controls=\"elementor-tab-content-2305\">\n\n\t\t\t\t\t\t\t\t\t\t\t\t\t<span class=\"elementor-accordion-icon elementor-accordion-icon-left\" aria-hidden=\"true\">\n\t\t\t\t\t\t\t\t\t\t\t\t\t\t\t<span class=\"elementor-accordion-icon-closed\"><i class=\"fas fa-chevron-down\"><\/i><\/span>\n\t\t\t\t\t\t\t\t\t\t\t\t\t\t\t\t\t<span class=\"elementor-accordion-icon-opened\"><i class=\"fas fa-chevron-up\"><\/i><\/span>\n\t\t\t\t\t\t\t\t\t\t\t\t\t\t\t\t\t\t\t\t\t\t<\/span>\n\t\t\t\t\t\t\t\t\t\t\t\t\t\t\t\t\t\t<a class=\"elementor-accordion-title\" href=\"\">Almacenamiento<\/a>\n\t\t\t\t\t<\/h3>\n\t\t\t\t\t<div id=\"elementor-tab-content-2305\" class=\"elementor-tab-content elementor-clearfix\" data-tab=\"5\" role=\"tabpanel\" aria-labelledby=\"elementor-tab-title-2305\"><ul>\n<li>Conservar en un lugar oscuro y a temperatura ambiente.<\/li>\n<li> Las c\u00e1psulas durar\u00e1n hasta el 02.2027<\/li>\n<li> El aceite durar\u00e1 1 a\u00f1o despu\u00e9s de su producci\u00f3n.<\/li>\n<li> Para conservar mejor el aceite, no toque la pipeta con su piel, lengua ni ninguna otra cosa para evitar que entren bacterias en la botella.<\/li>\n<\/ul>\n<\/div>\n\t\t\t\t<\/div>\n\t\t\t\t\t<\/div>\n\t\t\t\t\t\t<\/div>\n\t\t\t\t<\/div>\n\t\t\t\t<div class=\"elementor-element elementor-element-609c2e7 elementor-widget elementor-widget-shortcode\" data-id=\"609c2e7\" data-element_type=\"widget\" data-e-type=\"widget\" data-widget_type=\"shortcode.default\">\n\t\t\t\t<div class=\"elementor-widget-container\">\n\t\t\t\t\t\t\t<div class=\"elementor-shortcode\"> <script type=\"application\/ld+json\">\n    {\n      \"@context\": \"https:\/\/lt.zennative.ee\/\u201c,\n      \"@type\": \"Product\",\n      \"name\": \u201cFull \u201cSpectrum CBD oil,\n      \"image\": [\n        \"https:\/\/lt.zennative.ee\/wp-content\/uploads\/2021\/10\/Zen-Native-5-Full-Spectrum-CBD-Oil-Taisspektri-CBD-kanepi-oli_1.png\",\n        \"https:\/\/lt.zennative.ee\/wp-content\/uploads\/2021\/10\/Zen-Native-Pipett-Full-Spectrum-CBD-Oil-Taisspektri-CBD-kanepi-oli.png\",\n        \"https:\/\/lt.zennative.ee\/wp-content\/uploads\/2021\/10\/Zen-Native-5-Full-Spectrum-CBD-Oil-Taisspektri-CBD-kanepi-oli_3.png\"\n       ],\n      \"description\": \"Full Spectrum CBD \u00f5li annab tugevama ja laiema abi kui CBD Kristall \u00d5li ning selle toime on tuntav. Full Spectrum CBD \u00f5li rahustab viha, \u00e4revuse, ebakindluse ja v\u00e4hendab hirmu. F\u00fc\u00fcsiliselt v\u00e4hendab p\u00f5letikku, pingeid ja v\u00e4hki. Full Spectrum CBD \u00f5li sisaldab: k\u00f5iki kannabinoide (CBD, CBG, CBC, CBN...), terpeene ja flavanoide. Kvaliteetseimad ekstraktid on eranditult lahustatud kookose MCT \u00f5lis.\",\n      \"sku\": \"0446310786\",\n      \"brand\": {\n        \"@type\": \"Brand\",\n        \"name\": \u201cZen \u201cNative\n      },\n         \"aggregateRating\": {\n        \"@type\": \"AggregateRating\",\n        \"ratingValue\": \u201c5\u201d,\n        \"reviewCount\": \"89\"\n      },\n      \"offers\": {\n        \"@type\": \"Offer\",\n        \"url\": \"\t\",\n        \"priceCurrency\": \u201cEUR\u201d,\n        \"price\": \"129.99\",\n        \"priceValidUntil\": \"2022-11-20\",\n      }\n    }\n    <\/script><\/div>\n\t\t\t\t\t\t<\/div>\n\t\t\t\t<\/div>\n\t\t\t\t\t<\/div>\n\t\t<\/div>\n\t\t\t\t\t<\/div>\n\t\t<\/section>\n\t\t\t\t<\/div>\n\t\t","protected":false},"excerpt":{"rendered":"<p>Este paquete de inicio de 30 d\u00edas es el espectro completo de productos Zen Native y proporciona la descripci\u00f3n general y la combinaci\u00f3n de productos perfectas para comenzar con el CBD y comenzar. La l\u00ednea unisex Zen Native incluye cinco excelentes productos de CBD para uso interno y externo. El aceite de CBD de espectro&hellip;<\/p>\n","protected":false},"featured_media":64960,"comment_status":"closed","ping_status":"closed","template":"","meta":[],"product_brand":[],"product_cat":[940],"product_tag":[],"class_list":{"0":"post-65069","1":"product","2":"type-product","3":"status-publish","4":"has-post-thumbnail","6":"product_cat-miscelaneas","8":"first","9":"instock","10":"sale","11":"shipping-taxable","12":"purchasable","13":"product-type-simple"},"_links":{"self":[{"href":"https:\/\/zennative.eu\/es\/wp-json\/wp\/v2\/product\/65069","targetHints":{"allow":["GET"]}}],"collection":[{"href":"https:\/\/zennative.eu\/es\/wp-json\/wp\/v2\/product"}],"about":[{"href":"https:\/\/zennative.eu\/es\/wp-json\/wp\/v2\/types\/product"}],"replies":[{"embeddable":true,"href":"https:\/\/zennative.eu\/es\/wp-json\/wp\/v2\/comments?post=65069"}],"version-history":[{"count":1,"href":"https:\/\/zennative.eu\/es\/wp-json\/wp\/v2\/product\/65069\/revisions"}],"predecessor-version":[{"id":65070,"href":"https:\/\/zennative.eu\/es\/wp-json\/wp\/v2\/product\/65069\/revisions\/65070"}],"wp:featuredmedia":[{"embeddable":true,"href":"https:\/\/zennative.eu\/es\/wp-json\/wp\/v2\/media\/64960"}],"wp:attachment":[{"href":"https:\/\/zennative.eu\/es\/wp-json\/wp\/v2\/media?parent=65069"}],"wp:term":[{"taxonomy":"product_brand","embeddable":true,"href":"https:\/\/zennative.eu\/es\/wp-json\/wp\/v2\/product_brand?post=65069"},{"taxonomy":"product_cat","embeddable":true,"href":"https:\/\/zennative.eu\/es\/wp-json\/wp\/v2\/product_cat?post=65069"},{"taxonomy":"product_tag","embeddable":true,"href":"https:\/\/zennative.eu\/es\/wp-json\/wp\/v2\/product_tag?post=65069"}],"curies":[{"name":"wp","href":"https:\/\/api.w.org\/{rel}","templated":true}]}}