{"id":63716,"date":"2022-02-08T19:36:20","date_gmt":"2024-10-02T17:42:06","guid":{"rendered":"https:\/\/zennative.eu\/product\/te-de-flores-de-canamo\/"},"modified":"2024-10-05T18:41:22","modified_gmt":"2024-10-05T15:41:22","slug":"te-de-flores-de-canamo","status":"publish","type":"product","link":"https:\/\/zennative.eu\/es\/producto\/te-de-flores-de-canamo\/","title":{"rendered":"T\u00e9 de flores de c\u00e1\u00f1amo"},"content":{"rendered":"\t\t<div data-elementor-type=\"product-post\" data-elementor-id=\"63716\" class=\"elementor elementor-63716 elementor-41118\" data-elementor-post-type=\"product\">\n\t\t\t\t\t\t<section class=\"elementor-section elementor-top-section elementor-element elementor-element-4c104f4 elementor-section-boxed elementor-section-height-default elementor-section-height-default\" data-id=\"4c104f4\" data-element_type=\"section\" data-e-type=\"section\">\n\t\t\t\t\t\t<div class=\"elementor-container elementor-column-gap-wide\">\n\t\t\t\t\t<div class=\"elementor-column elementor-col-100 elementor-top-column elementor-element elementor-element-93cefb6\" data-id=\"93cefb6\" data-element_type=\"column\" data-e-type=\"column\">\n\t\t\t<div class=\"elementor-widget-wrap elementor-element-populated\">\n\t\t\t\t\t\t<div class=\"elementor-element elementor-element-2f08d37 elementor-widget elementor-widget-the7-accordion\" data-id=\"2f08d37\" data-element_type=\"widget\" data-e-type=\"widget\" data-widget_type=\"the7-accordion.default\">\n\t\t\t\t<div class=\"elementor-widget-container\">\n\t\t\t\t\t\t\t<div class=\"elementor-accordion the7-adv-accordion ac_bb_title ac_bb_active_title ac_top_bottom_borders ac_left_right_borders animate-on-loading\" data-accordion-type=\"accordion\" role=\"tablist\">\n\t\t\t\t\t\t\t<div class=\"elementor-accordion-item\">\n\t\t\t\t\t<h3 id=\"elementor-tab-title-4931\" class=\"elementor-tab-title the7-accordion-header active-default\" data-tab=\"1\" role=\"tab\" aria-controls=\"elementor-tab-content-4931\">\n\n\t\t\t\t\t\t\t\t\t\t\t\t\t<span class=\"elementor-accordion-icon elementor-accordion-icon-left\" aria-hidden=\"true\">\n\t\t\t\t\t\t\t\t\t\t\t\t\t\t\t<span class=\"elementor-accordion-icon-closed\"><i class=\"fas fa-chevron-down\"><\/i><\/span>\n\t\t\t\t\t\t\t\t\t\t\t\t\t\t\t\t\t<span class=\"elementor-accordion-icon-opened\"><i class=\"fas fa-chevron-up\"><\/i><\/span>\n\t\t\t\t\t\t\t\t\t\t\t\t\t\t\t\t\t\t\t\t\t\t<\/span>\n\t\t\t\t\t\t\t\t\t\t\t\t\t\t\t\t\t\t<a class=\"elementor-accordion-title\" href=\"\">T\u00e9 de cannabis<\/a>\n\t\t\t\t\t<\/h3>\n\t\t\t\t\t<div id=\"elementor-tab-content-4931\" class=\"elementor-tab-content elementor-clearfix active-default\" data-tab=\"1\" role=\"tabpanel\" aria-labelledby=\"elementor-tab-title-4931\"><p>T\u00e9 dom\u00e9stico, recogido a mano, de agradable aroma y sabor.<\/p>\n<p>Calmante, relajante, antiinflamatorio y de apoyo.<\/p>\n<p>Indicado para : aliviar el insomnio<\/p>\n<p>Calmar la ansiedad<\/p>\n<p>Aliviar la fatiga<\/p>\n<p>Reducir los dolores de cabeza<\/p>\n<\/div>\n\t\t\t\t<\/div>\n\t\t\t\t\t\t\t<div class=\"elementor-accordion-item\">\n\t\t\t\t\t<h3 id=\"elementor-tab-title-4932\" class=\"elementor-tab-title the7-accordion-header\" data-tab=\"2\" role=\"tab\" aria-controls=\"elementor-tab-content-4932\">\n\n\t\t\t\t\t\t\t\t\t\t\t\t\t<span class=\"elementor-accordion-icon elementor-accordion-icon-left\" aria-hidden=\"true\">\n\t\t\t\t\t\t\t\t\t\t\t\t\t\t\t<span class=\"elementor-accordion-icon-closed\"><i class=\"fas fa-chevron-down\"><\/i><\/span>\n\t\t\t\t\t\t\t\t\t\t\t\t\t\t\t\t\t<span class=\"elementor-accordion-icon-opened\"><i class=\"fas fa-chevron-up\"><\/i><\/span>\n\t\t\t\t\t\t\t\t\t\t\t\t\t\t\t\t\t\t\t\t\t\t<\/span>\n\t\t\t\t\t\t\t\t\t\t\t\t\t\t\t\t\t\t<a class=\"elementor-accordion-title\" href=\"\">Idea<\/a>\n\t\t\t\t\t<\/h3>\n\t\t\t\t\t<div id=\"elementor-tab-content-4932\" class=\"elementor-tab-content elementor-clearfix\" data-tab=\"2\" role=\"tabpanel\" aria-labelledby=\"elementor-tab-title-4932\"><p>Un t\u00e9 de flores de cannabis de calidad nunca contendr\u00e1 semillas ni oler\u00e1 a heno.<\/p>\n<p>Se utilizan <span style=\"text-decoration: underline;\">las flores de<\/span> las plantas <a href=\"https:\/\/zennative.eu\/es\/que-es-el-cbd\/\">CBD<\/a> y CBG, junto con los p\u00e9talos.<\/p>\n<p>tarro de cristal de 30 ml, 7 g<\/p>\n<\/div>\n\t\t\t\t<\/div>\n\t\t\t\t\t\t\t<div class=\"elementor-accordion-item\">\n\t\t\t\t\t<h3 id=\"elementor-tab-title-4933\" class=\"elementor-tab-title the7-accordion-header\" data-tab=\"3\" role=\"tab\" aria-controls=\"elementor-tab-content-4933\">\n\n\t\t\t\t\t\t\t\t\t\t\t\t\t<span class=\"elementor-accordion-icon elementor-accordion-icon-left\" aria-hidden=\"true\">\n\t\t\t\t\t\t\t\t\t\t\t\t\t\t\t<span class=\"elementor-accordion-icon-closed\"><i class=\"fas fa-chevron-down\"><\/i><\/span>\n\t\t\t\t\t\t\t\t\t\t\t\t\t\t\t\t\t<span class=\"elementor-accordion-icon-opened\"><i class=\"fas fa-chevron-up\"><\/i><\/span>\n\t\t\t\t\t\t\t\t\t\t\t\t\t\t\t\t\t\t\t\t\t\t<\/span>\n\t\t\t\t\t\t\t\t\t\t\t\t\t\t\t\t\t\t<a class=\"elementor-accordion-title\" href=\"\">Uso de<\/a>\n\t\t\t\t\t<\/h3>\n\t\t\t\t\t<div id=\"elementor-tab-content-4933\" class=\"elementor-tab-content elementor-clearfix\" data-tab=\"3\" role=\"tabpanel\" aria-labelledby=\"elementor-tab-title-4933\"><p>Adecuado tanto para bebidas fr\u00edas como calientes. A\u00f1ada media cucharadita de t\u00e9 a una taza de agua hirviendo y deje reposar durante 10 minutos. Para preparar t\u00e9 fr\u00edo, a\u00f1ada el c\u00e1\u00f1amo al agua fr\u00eda y d\u00e9jelo reposar en el frigor\u00edfico durante 10 horas.<\/p>\n<\/div>\n\t\t\t\t<\/div>\n\t\t\t\t\t<\/div>\n\t\t\t\t\t\t<\/div>\n\t\t\t\t<\/div>\n\t\t\t\t<div class=\"elementor-element elementor-element-c6dbb84 elementor-hidden-desktop elementor-hidden-tablet elementor-hidden-mobile elementor-widget elementor-widget-image\" data-id=\"c6dbb84\" data-element_type=\"widget\" data-e-type=\"widget\" data-widget_type=\"image.default\">\n\t\t\t\t<div class=\"elementor-widget-container\">\n\t\t\t\t\t\t\t\t\t\t\t\t\t\t\t<img fetchpriority=\"high\" decoding=\"async\" width=\"601\" height=\"801\" src=\"https:\/\/zennative.eu\/wp-content\/uploads\/2022\/02\/Zen_Native_CBG_Kanepi_Tee_1.png\" class=\"attachment-large size-large wp-image-63717\" alt=\"\" srcset=\"https:\/\/zennative.eu\/wp-content\/uploads\/2022\/02\/Zen_Native_CBG_Kanepi_Tee_1.png 601w, https:\/\/zennative.eu\/wp-content\/uploads\/2022\/02\/Zen_Native_CBG_Kanepi_Tee_1-225x300.png 225w, https:\/\/zennative.eu\/wp-content\/uploads\/2022\/02\/Zen_Native_CBG_Kanepi_Tee_1-150x200.png 150w\" sizes=\"(max-width: 601px) 100vw, 601px\" \/>\t\t\t\t\t\t\t\t\t\t\t\t\t\t\t<\/div>\n\t\t\t\t<\/div>\n\t\t\t\t\t<\/div>\n\t\t<\/div>\n\t\t\t\t\t<\/div>\n\t\t<\/section>\n\t\t\t\t<\/div>\n\t\t","protected":false},"excerpt":{"rendered":"<p>T\u00e9 de c\u00e1\u00f1amo de flores de c\u00e1\u00f1amo.<\/p>\n","protected":false},"featured_media":63717,"comment_status":"closed","ping_status":"closed","template":"","meta":[],"product_brand":[],"product_cat":[925],"product_tag":[],"class_list":{"0":"post-63716","1":"product","2":"type-product","3":"status-publish","4":"has-post-thumbnail","6":"product_cat-te-de-flores-de-canamo-cbd","8":"first","9":"instock","10":"shipping-taxable","11":"purchasable","12":"product-type-simple"},"_links":{"self":[{"href":"https:\/\/zennative.eu\/es\/wp-json\/wp\/v2\/product\/63716","targetHints":{"allow":["GET"]}}],"collection":[{"href":"https:\/\/zennative.eu\/es\/wp-json\/wp\/v2\/product"}],"about":[{"href":"https:\/\/zennative.eu\/es\/wp-json\/wp\/v2\/types\/product"}],"replies":[{"embeddable":true,"href":"https:\/\/zennative.eu\/es\/wp-json\/wp\/v2\/comments?post=63716"}],"version-history":[{"count":3,"href":"https:\/\/zennative.eu\/es\/wp-json\/wp\/v2\/product\/63716\/revisions"}],"predecessor-version":[{"id":64104,"href":"https:\/\/zennative.eu\/es\/wp-json\/wp\/v2\/product\/63716\/revisions\/64104"}],"wp:featuredmedia":[{"embeddable":true,"href":"https:\/\/zennative.eu\/es\/wp-json\/wp\/v2\/media\/63717"}],"wp:attachment":[{"href":"https:\/\/zennative.eu\/es\/wp-json\/wp\/v2\/media?parent=63716"}],"wp:term":[{"taxonomy":"product_brand","embeddable":true,"href":"https:\/\/zennative.eu\/es\/wp-json\/wp\/v2\/product_brand?post=63716"},{"taxonomy":"product_cat","embeddable":true,"href":"https:\/\/zennative.eu\/es\/wp-json\/wp\/v2\/product_cat?post=63716"},{"taxonomy":"product_tag","embeddable":true,"href":"https:\/\/zennative.eu\/es\/wp-json\/wp\/v2\/product_tag?post=63716"}],"curies":[{"name":"wp","href":"https:\/\/api.w.org\/{rel}","templated":true}]}}