{"id":63351,"date":"2022-03-01T17:06:35","date_gmt":"2024-10-02T17:20:06","guid":{"rendered":"https:\/\/zennative.eu\/product\/cbd-tintura-500mg-5\/"},"modified":"2024-10-05T18:32:58","modified_gmt":"2024-10-05T15:32:58","slug":"cbd-tintura-500mg-5","status":"publish","type":"product","link":"https:\/\/zennative.eu\/es\/producto\/cbd-tintura-500mg-5\/","title":{"rendered":"CBD Tintura 500mg (5%)"},"content":{"rendered":"\t\t<div data-elementor-type=\"product-post\" data-elementor-id=\"63351\" class=\"elementor elementor-63351 elementor-41800\" data-elementor-post-type=\"product\">\n\t\t\t\t\t\t<section class=\"elementor-section elementor-top-section elementor-element elementor-element-4c104f4 elementor-section-boxed elementor-section-height-default elementor-section-height-default\" data-id=\"4c104f4\" data-element_type=\"section\" data-e-type=\"section\">\n\t\t\t\t\t\t<div class=\"elementor-container elementor-column-gap-wide\">\n\t\t\t\t\t<div class=\"elementor-column elementor-col-100 elementor-top-column elementor-element elementor-element-93cefb6\" data-id=\"93cefb6\" data-element_type=\"column\" data-e-type=\"column\">\n\t\t\t<div class=\"elementor-widget-wrap elementor-element-populated\">\n\t\t\t\t\t\t<div class=\"elementor-element elementor-element-6e627d1 elementor-widget elementor-widget-text-editor\" data-id=\"6e627d1\" data-element_type=\"widget\" data-e-type=\"widget\" data-widget_type=\"text-editor.default\">\n\t\t\t\t<div class=\"elementor-widget-container\">\n\t\t\t\t\t\t\t\t\t<p><b>La tintura de flores de cannabis CBG es un alivio r\u00e1pido de la ansiedad y una forma c\u00f3moda de consumir cannabinoides.<\/b><\/p>\n<p>Pulveriza esta tintura natural cuando necesites ayuda para concentrarte, necesites un alivio r\u00e1pido de los pensamientos que te distraen y quieras levantar tu estado de \u00e1nimo.<\/p>\n<p>10ml, 50 pulverizaciones<\/p>\n<p>M\u00e1s informaci\u00f3n: <a href=\"https:\/\/zennative.eu\/es\/que-es-el-cbd\/\">\u00bfTodo sobre el CBD?<\/a><\/p>\n\t\t\t\t\t\t\t\t<\/div>\n\t\t\t\t<\/div>\n\t\t\t\t<div class=\"elementor-element elementor-element-2f08d37 elementor-widget elementor-widget-the7-accordion\" data-id=\"2f08d37\" data-element_type=\"widget\" data-e-type=\"widget\" data-widget_type=\"the7-accordion.default\">\n\t\t\t\t<div class=\"elementor-widget-container\">\n\t\t\t\t\t\t\t<div class=\"elementor-accordion the7-adv-accordion ac_bb_title ac_bb_active_title ac_top_bottom_borders ac_left_right_borders animate-on-loading\" data-accordion-type=\"accordion\" role=\"tablist\">\n\t\t\t\t\t\t\t<div class=\"elementor-accordion-item\">\n\t\t\t\t\t<h3 id=\"elementor-tab-title-4931\" class=\"elementor-tab-title the7-accordion-header active-default\" data-tab=\"1\" role=\"tab\" aria-controls=\"elementor-tab-content-4931\">\n\n\t\t\t\t\t\t\t\t\t\t\t\t\t<span class=\"elementor-accordion-icon elementor-accordion-icon-left\" aria-hidden=\"true\">\n\t\t\t\t\t\t\t\t\t\t\t\t\t\t\t<span class=\"elementor-accordion-icon-closed\"><i class=\"fas fa-chevron-down\"><\/i><\/span>\n\t\t\t\t\t\t\t\t\t\t\t\t\t\t\t\t\t<span class=\"elementor-accordion-icon-opened\"><i class=\"fas fa-chevron-up\"><\/i><\/span>\n\t\t\t\t\t\t\t\t\t\t\t\t\t\t\t\t\t\t\t\t\t\t<\/span>\n\t\t\t\t\t\t\t\t\t\t\t\t\t\t\t\t\t\t<a class=\"elementor-accordion-title\" href=\"\">Composici\u00f3n<\/a>\n\t\t\t\t\t<\/h3>\n\t\t\t\t\t<div id=\"elementor-tab-content-4931\" class=\"elementor-tab-content elementor-clearfix active-default\" data-tab=\"1\" role=\"tabpanel\" aria-labelledby=\"elementor-tab-title-4931\"><p><strong><br \/>CBG Tintura de c\u00e1\u00f1amo, agua purificada<\/strong><\/p>\n<p>El producto contiene<\/p>\n<p>42% de etanol en volumen<\/p>\n<p>5% de CBG (Cannabigerol)<\/p>\n<p>0,1% de THC (Tetrahidrocannabinol)<\/p>\n<\/div>\n\t\t\t\t<\/div>\n\t\t\t\t\t\t\t<div class=\"elementor-accordion-item\">\n\t\t\t\t\t<h3 id=\"elementor-tab-title-4932\" class=\"elementor-tab-title the7-accordion-header\" data-tab=\"2\" role=\"tab\" aria-controls=\"elementor-tab-content-4932\">\n\n\t\t\t\t\t\t\t\t\t\t\t\t\t<span class=\"elementor-accordion-icon elementor-accordion-icon-left\" aria-hidden=\"true\">\n\t\t\t\t\t\t\t\t\t\t\t\t\t\t\t<span class=\"elementor-accordion-icon-closed\"><i class=\"fas fa-chevron-down\"><\/i><\/span>\n\t\t\t\t\t\t\t\t\t\t\t\t\t\t\t\t\t<span class=\"elementor-accordion-icon-opened\"><i class=\"fas fa-chevron-up\"><\/i><\/span>\n\t\t\t\t\t\t\t\t\t\t\t\t\t\t\t\t\t\t\t\t\t\t<\/span>\n\t\t\t\t\t\t\t\t\t\t\t\t\t\t\t\t\t\t<a class=\"elementor-accordion-title\" href=\"\">Almacenamiento en<\/a>\n\t\t\t\t\t<\/h3>\n\t\t\t\t\t<div id=\"elementor-tab-content-4932\" class=\"elementor-tab-content elementor-clearfix\" data-tab=\"2\" role=\"tabpanel\" aria-labelledby=\"elementor-tab-title-4932\"><p>Conservar en un lugar fresco y oscuro durante 1 a\u00f1o.<\/p>\n<\/div>\n\t\t\t\t<\/div>\n\t\t\t\t\t<\/div>\n\t\t\t\t\t\t<\/div>\n\t\t\t\t<\/div>\n\t\t\t\t<div class=\"elementor-element elementor-element-b06ee2a elementor-hidden-desktop elementor-hidden-tablet elementor-hidden-mobile elementor-widget elementor-widget-image\" data-id=\"b06ee2a\" data-element_type=\"widget\" data-e-type=\"widget\" data-widget_type=\"image.default\">\n\t\t\t\t<div class=\"elementor-widget-container\">\n\t\t\t\t\t\t\t\t\t\t\t\t\t\t\t\t<a href=\"https:\/\/zennative.eu\/et\/toode\/cbd-naohoolduse-komplekt\/\">\n\t\t\t\t\t\t\t<img fetchpriority=\"high\" decoding=\"async\" width=\"601\" height=\"801\" src=\"https:\/\/zennative.eu\/wp-content\/uploads\/2022\/03\/ZenNative_CBG_Tinktuur_sprei_500mg_5.png\" class=\"attachment-large size-large wp-image-63352\" alt=\"cbg\" srcset=\"https:\/\/zennative.eu\/wp-content\/uploads\/2022\/03\/ZenNative_CBG_Tinktuur_sprei_500mg_5.png 601w, https:\/\/zennative.eu\/wp-content\/uploads\/2022\/03\/ZenNative_CBG_Tinktuur_sprei_500mg_5-225x300.png 225w, https:\/\/zennative.eu\/wp-content\/uploads\/2022\/03\/ZenNative_CBG_Tinktuur_sprei_500mg_5-150x200.png 150w\" sizes=\"(max-width: 601px) 100vw, 601px\" \/>\t\t\t\t\t\t\t\t<\/a>\n\t\t\t\t\t\t\t\t\t\t\t\t\t\t\t<\/div>\n\t\t\t\t<\/div>\n\t\t\t\t\t<\/div>\n\t\t<\/div>\n\t\t\t\t\t<\/div>\n\t\t<\/section>\n\t\t\t\t<\/div>\n\t\t","protected":false},"excerpt":{"rendered":"<p><b>Una tintura hecha con flores de c\u00e1\u00f1amo CBD es un alivio r\u00e1pido para la ansiedad y un remedio pr\u00e1ctico para los cannabinoides.<\/b><\/p>\n<p>Pulveriza esta tintura natural cuando necesites ayuda para concentrarte, necesites un alivio r\u00e1pido de los pensamientos que te distraen y quieras levantar tu estado de \u00e1nimo.<\/p>\n<p>frasco de cristal de 10 ml, 50 pulverizaciones.<\/p>\n","protected":false},"featured_media":63352,"comment_status":"closed","ping_status":"closed","template":"","meta":[],"product_brand":[],"product_cat":[861],"product_tag":[855,783,856,853,857,854],"class_list":{"0":"post-63351","1":"product","2":"type-product","3":"status-publish","4":"has-post-thumbnail","6":"product_cat-tintura-de-cbd","7":"product_tag-calentamiento-y-activacion","8":"product_tag-cbd-es","9":"product_tag-crema-caliente","10":"product_tag-crema-deportiva-cbd","11":"product_tag-energizante","12":"product_tag-musculos-y-articulaciones","14":"first","15":"outofstock","16":"shipping-taxable","17":"purchasable","18":"product-type-simple"},"_links":{"self":[{"href":"https:\/\/zennative.eu\/es\/wp-json\/wp\/v2\/product\/63351","targetHints":{"allow":["GET"]}}],"collection":[{"href":"https:\/\/zennative.eu\/es\/wp-json\/wp\/v2\/product"}],"about":[{"href":"https:\/\/zennative.eu\/es\/wp-json\/wp\/v2\/types\/product"}],"replies":[{"embeddable":true,"href":"https:\/\/zennative.eu\/es\/wp-json\/wp\/v2\/comments?post=63351"}],"version-history":[{"count":7,"href":"https:\/\/zennative.eu\/es\/wp-json\/wp\/v2\/product\/63351\/revisions"}],"predecessor-version":[{"id":64083,"href":"https:\/\/zennative.eu\/es\/wp-json\/wp\/v2\/product\/63351\/revisions\/64083"}],"wp:featuredmedia":[{"embeddable":true,"href":"https:\/\/zennative.eu\/es\/wp-json\/wp\/v2\/media\/63352"}],"wp:attachment":[{"href":"https:\/\/zennative.eu\/es\/wp-json\/wp\/v2\/media?parent=63351"}],"wp:term":[{"taxonomy":"product_brand","embeddable":true,"href":"https:\/\/zennative.eu\/es\/wp-json\/wp\/v2\/product_brand?post=63351"},{"taxonomy":"product_cat","embeddable":true,"href":"https:\/\/zennative.eu\/es\/wp-json\/wp\/v2\/product_cat?post=63351"},{"taxonomy":"product_tag","embeddable":true,"href":"https:\/\/zennative.eu\/es\/wp-json\/wp\/v2\/product_tag?post=63351"}],"curies":[{"name":"wp","href":"https:\/\/api.w.org\/{rel}","templated":true}]}}