{"id":63334,"date":"2022-02-17T14:09:23","date_gmt":"2024-10-02T17:19:58","guid":{"rendered":"https:\/\/zennative.eu\/product\/cbd-home-spa-kit-de-tratamiento-facial\/"},"modified":"2024-10-05T18:33:39","modified_gmt":"2024-10-05T15:33:39","slug":"cbd-home-spa-kit-de-tratamiento-facial","status":"publish","type":"product","link":"https:\/\/zennative.eu\/es\/producto\/cbd-home-spa-kit-de-tratamiento-facial\/","title":{"rendered":"CBD Home SPA &#8211; Kit de tratamiento facial"},"content":{"rendered":"\t\t<div data-elementor-type=\"product-post\" data-elementor-id=\"63334\" class=\"elementor elementor-63334 elementor-41762\" data-elementor-post-type=\"product\">\n\t\t\t\t\t\t<section class=\"elementor-section elementor-top-section elementor-element elementor-element-4c104f4 elementor-section-boxed elementor-section-height-default elementor-section-height-default\" data-id=\"4c104f4\" data-element_type=\"section\" data-e-type=\"section\">\n\t\t\t\t\t\t<div class=\"elementor-container elementor-column-gap-wide\">\n\t\t\t\t\t<div class=\"elementor-column elementor-col-100 elementor-top-column elementor-element elementor-element-93cefb6\" data-id=\"93cefb6\" data-element_type=\"column\" data-e-type=\"column\">\n\t\t\t<div class=\"elementor-widget-wrap elementor-element-populated\">\n\t\t\t\t\t\t<div class=\"elementor-element elementor-element-6e627d1 elementor-widget elementor-widget-text-editor\" data-id=\"6e627d1\" data-element_type=\"widget\" data-e-type=\"widget\" data-widget_type=\"text-editor.default\">\n\t\t\t\t<div class=\"elementor-widget-container\">\n\t\t\t\t\t\t\t\t\t<p><strong>Para el alivio de dolores musculares fuertes o antes de una actividad activa. La crema caliente <a href=\"https:\/\/zennative.eu\/es\/que-es-el-cbd\/\">de CBD<\/a> es una buena herramienta de prevenci\u00f3n y alivio. Pero no s\u00f3lo.<\/strong><\/p>\n<p>El dolor muscular necesita CBD caliente y calmante para recuperarse. Esta crema tiene ambas cosas. La crema caliente activa Zen Native calienta la piel y tiene un efecto de penetraci\u00f3n profunda.<\/p>\n<p>Una de las cosas m\u00e1s importantes que hay que hacer antes de hacer ejercicio o trabajo f\u00edsico es calentar para evitar lesiones. Al lubricarte con una crema caliente, activar\u00e1s la circulaci\u00f3n y dar\u00e1s energ\u00eda a tus m\u00fasculos, reduciendo significativamente el riesgo de lesiones.<\/p>\n<p>Masaj\u00e9ala en m\u00fasculos y articulaciones y siente sus efectos r\u00e1pidos y duraderos.<\/p>\n<p>NOTA: Evite el contacto con los ojos y l\u00e1vese las manos despu\u00e9s de usarla.<\/p>\n\t\t\t\t\t\t\t\t<\/div>\n\t\t\t\t<\/div>\n\t\t\t\t<div class=\"elementor-element elementor-element-2f08d37 elementor-widget elementor-widget-the7-accordion\" data-id=\"2f08d37\" data-element_type=\"widget\" data-e-type=\"widget\" data-widget_type=\"the7-accordion.default\">\n\t\t\t\t<div class=\"elementor-widget-container\">\n\t\t\t\t\t\t\t<div class=\"elementor-accordion the7-adv-accordion ac_bb_title ac_bb_active_title ac_top_bottom_borders ac_left_right_borders animate-on-loading\" data-accordion-type=\"accordion\" role=\"tablist\">\n\t\t\t\t\t\t\t<div class=\"elementor-accordion-item\">\n\t\t\t\t\t<h3 id=\"elementor-tab-title-4931\" class=\"elementor-tab-title the7-accordion-header active-default\" data-tab=\"1\" role=\"tab\" aria-controls=\"elementor-tab-content-4931\">\n\n\t\t\t\t\t\t\t\t\t\t\t\t\t<span class=\"elementor-accordion-icon elementor-accordion-icon-left\" aria-hidden=\"true\">\n\t\t\t\t\t\t\t\t\t\t\t\t\t\t\t<span class=\"elementor-accordion-icon-closed\"><i class=\"fas fa-chevron-down\"><\/i><\/span>\n\t\t\t\t\t\t\t\t\t\t\t\t\t\t\t\t\t<span class=\"elementor-accordion-icon-opened\"><i class=\"fas fa-chevron-up\"><\/i><\/span>\n\t\t\t\t\t\t\t\t\t\t\t\t\t\t\t\t\t\t\t\t\t\t<\/span>\n\t\t\t\t\t\t\t\t\t\t\t\t\t\t\t\t\t\t<a class=\"elementor-accordion-title\" href=\"\">Composici\u00f3n<\/a>\n\t\t\t\t\t<\/h3>\n\t\t\t\t\t<div id=\"elementor-tab-content-4931\" class=\"elementor-tab-content elementor-clearfix active-default\" data-tab=\"1\" role=\"tabpanel\" aria-labelledby=\"elementor-tab-title-4931\"><p><strong>Agua, Aceite de Sebo Verde CBD 300mg, \u00c1cido Capr\u00edlico<\/strong><\/p>\n<p>Polysorbote 20 y 80, Aceite Mineral, Triethonalamine, Carbomer, Hydrogentaed Castrol Oil, PEG-7, EDTA, Xanthan Gum, BHT.<\/p>\n<p>% loN<strong>OTA:<\/strong> Estamos desarrollando una versi\u00f3n 100 de bajo coste de este producto. No contiene m\u00e1s compuestos qu\u00edmicos que una crema de manos normal.<\/p>\n<p>30 ml, tarro de cristal con tap\u00f3n de rosca.<\/p>\n<\/div>\n\t\t\t\t<\/div>\n\t\t\t\t\t\t\t<div class=\"elementor-accordion-item\">\n\t\t\t\t\t<h3 id=\"elementor-tab-title-4932\" class=\"elementor-tab-title the7-accordion-header\" data-tab=\"2\" role=\"tab\" aria-controls=\"elementor-tab-content-4932\">\n\n\t\t\t\t\t\t\t\t\t\t\t\t\t<span class=\"elementor-accordion-icon elementor-accordion-icon-left\" aria-hidden=\"true\">\n\t\t\t\t\t\t\t\t\t\t\t\t\t\t\t<span class=\"elementor-accordion-icon-closed\"><i class=\"fas fa-chevron-down\"><\/i><\/span>\n\t\t\t\t\t\t\t\t\t\t\t\t\t\t\t\t\t<span class=\"elementor-accordion-icon-opened\"><i class=\"fas fa-chevron-up\"><\/i><\/span>\n\t\t\t\t\t\t\t\t\t\t\t\t\t\t\t\t\t\t\t\t\t\t<\/span>\n\t\t\t\t\t\t\t\t\t\t\t\t\t\t\t\t\t\t<a class=\"elementor-accordion-title\" href=\"\">Almacenamiento en<\/a>\n\t\t\t\t\t<\/h3>\n\t\t\t\t\t<div id=\"elementor-tab-content-4932\" class=\"elementor-tab-content elementor-clearfix\" data-tab=\"2\" role=\"tabpanel\" aria-labelledby=\"elementor-tab-title-4932\"><p>Conservar en un lugar fresco y oscuro durante 1 a\u00f1o.<\/p>\n<\/div>\n\t\t\t\t<\/div>\n\t\t\t\t\t<\/div>\n\t\t\t\t\t\t<\/div>\n\t\t\t\t<\/div>\n\t\t\t\t\t<\/div>\n\t\t<\/div>\n\t\t\t\t\t<\/div>\n\t\t<\/section>\n\t\t\t\t<\/div>\n\t\t","protected":false},"excerpt":{"rendered":"<p>La crema deportiva activadora y calentadora Zen Native Active+ contiene 300mg de CBD<\/p>\n","protected":false},"featured_media":63335,"comment_status":"closed","ping_status":"closed","template":"","meta":[],"product_brand":[],"product_cat":[827],"product_tag":[855,783,856,853,857,854],"class_list":{"0":"post-63334","1":"product","2":"type-product","3":"status-publish","4":"has-post-thumbnail","6":"product_cat-cosmeticos-cbd","7":"product_tag-calentamiento-y-activacion","8":"product_tag-cbd-es","9":"product_tag-crema-caliente","10":"product_tag-crema-deportiva-cbd","11":"product_tag-energizante","12":"product_tag-musculos-y-articulaciones","14":"first","15":"outofstock","16":"shipping-taxable","17":"purchasable","18":"product-type-simple"},"_links":{"self":[{"href":"https:\/\/zennative.eu\/es\/wp-json\/wp\/v2\/product\/63334","targetHints":{"allow":["GET"]}}],"collection":[{"href":"https:\/\/zennative.eu\/es\/wp-json\/wp\/v2\/product"}],"about":[{"href":"https:\/\/zennative.eu\/es\/wp-json\/wp\/v2\/types\/product"}],"replies":[{"embeddable":true,"href":"https:\/\/zennative.eu\/es\/wp-json\/wp\/v2\/comments?post=63334"}],"version-history":[{"count":7,"href":"https:\/\/zennative.eu\/es\/wp-json\/wp\/v2\/product\/63334\/revisions"}],"predecessor-version":[{"id":64085,"href":"https:\/\/zennative.eu\/es\/wp-json\/wp\/v2\/product\/63334\/revisions\/64085"}],"wp:featuredmedia":[{"embeddable":true,"href":"https:\/\/zennative.eu\/es\/wp-json\/wp\/v2\/media\/63335"}],"wp:attachment":[{"href":"https:\/\/zennative.eu\/es\/wp-json\/wp\/v2\/media?parent=63334"}],"wp:term":[{"taxonomy":"product_brand","embeddable":true,"href":"https:\/\/zennative.eu\/es\/wp-json\/wp\/v2\/product_brand?post=63334"},{"taxonomy":"product_cat","embeddable":true,"href":"https:\/\/zennative.eu\/es\/wp-json\/wp\/v2\/product_cat?post=63334"},{"taxonomy":"product_tag","embeddable":true,"href":"https:\/\/zennative.eu\/es\/wp-json\/wp\/v2\/product_tag?post=63334"}],"curies":[{"name":"wp","href":"https:\/\/api.w.org\/{rel}","templated":true}]}}