{"id":63308,"date":"2022-02-13T11:04:43","date_gmt":"2024-10-02T17:19:51","guid":{"rendered":"https:\/\/zennative.eu\/product\/aceite-de-cbd-de-espectro-completo-3000mg-30\/"},"modified":"2024-10-05T18:34:40","modified_gmt":"2024-10-05T15:34:40","slug":"aceite-de-cbd-de-espectro-completo-3000mg-30","status":"publish","type":"product","link":"https:\/\/zennative.eu\/es\/producto\/aceite-de-cbd-de-espectro-completo-3000mg-30\/","title":{"rendered":"Aceite de CBD de espectro completo &#8211; 3000mg (30%)"},"content":{"rendered":"\t\t<div data-elementor-type=\"product-post\" data-elementor-id=\"63308\" class=\"elementor elementor-63308 elementor-41618\" data-elementor-post-type=\"product\">\n\t\t\t\t\t\t<section class=\"elementor-section elementor-top-section elementor-element elementor-element-4c104f4 elementor-section-boxed elementor-section-height-default elementor-section-height-default\" data-id=\"4c104f4\" data-element_type=\"section\" data-e-type=\"section\">\n\t\t\t\t\t\t<div class=\"elementor-container elementor-column-gap-wide\">\n\t\t\t\t\t<div class=\"elementor-column elementor-col-100 elementor-top-column elementor-element elementor-element-93cefb6\" data-id=\"93cefb6\" data-element_type=\"column\" data-e-type=\"column\">\n\t\t\t<div class=\"elementor-widget-wrap elementor-element-populated\">\n\t\t\t\t\t\t<div class=\"elementor-element elementor-element-6995fa3 elementor-widget elementor-widget-text-editor\" data-id=\"6995fa3\" data-element_type=\"widget\" data-e-type=\"widget\" data-widget_type=\"text-editor.default\">\n\t\t\t\t<div class=\"elementor-widget-container\">\n\t\t\t\t\t\t\t\t\t<p><strong>El aceite de CBD Zen Native Full Spectrum contiene todo el poder de la planta de c\u00e1\u00f1amo. Proporciona todos los cannabinoides necesarios, incluyendo<\/strong><strong> CBG, CBC, CBN, THC y 3000mg de CBD.<\/strong><\/p>\n<p>Este aceite de CBD premium contiene todos los flavonoides y terpenos del c\u00e1\u00f1amo. Zen Native&#8217;s Full Spectrum CBD Oil al 30% de concentraci\u00f3n es un aceite de cannabis de color verde parduzco y sabor agradable que el cuerpo absorbe f\u00e1cilmente porque est\u00e1 disuelto en aceite MCT de coco fino.<\/p>\n<p>botella de pipeta de vidrio reprocesado a prueba de luz de 10 ml. Al menos 200 gotas en total por botella.<\/p>\n<p><strong>M\u00e1s informaci\u00f3n:<\/strong> <a href=\"https:\/\/zennative.eu\/es\/que-es-el-cbd\/\" target=\"_blank\" rel=\"noopener\">\u00bfTodo sobre el CBD?<\/a><\/p>\n\t\t\t\t\t\t\t\t<\/div>\n\t\t\t\t<\/div>\n\t\t\t\t\t<\/div>\n\t\t<\/div>\n\t\t\t\t\t<\/div>\n\t\t<\/section>\n\t\t\t\t<section class=\"elementor-section elementor-top-section elementor-element elementor-element-4aa086c elementor-section-boxed elementor-section-height-default elementor-section-height-default\" data-id=\"4aa086c\" data-element_type=\"section\" data-e-type=\"section\">\n\t\t\t\t\t\t<div class=\"elementor-container elementor-column-gap-default\">\n\t\t\t\t\t<div class=\"elementor-column elementor-col-100 elementor-top-column elementor-element elementor-element-397a537\" data-id=\"397a537\" data-element_type=\"column\" data-e-type=\"column\">\n\t\t\t<div class=\"elementor-widget-wrap elementor-element-populated\">\n\t\t\t\t\t\t<div class=\"elementor-element elementor-element-2f08d37 elementor-widget elementor-widget-the7-accordion\" data-id=\"2f08d37\" data-element_type=\"widget\" data-e-type=\"widget\" data-widget_type=\"the7-accordion.default\">\n\t\t\t\t<div class=\"elementor-widget-container\">\n\t\t\t\t\t\t\t<div class=\"elementor-accordion the7-adv-accordion ac_bb_title ac_bb_active_title ac_top_bottom_borders ac_left_right_borders\" data-accordion-type=\"toggle\" role=\"tablist\">\n\t\t\t\t\t\t\t<div class=\"elementor-accordion-item\">\n\t\t\t\t\t<h3 id=\"elementor-tab-title-4931\" class=\"elementor-tab-title the7-accordion-header deactive-default\" data-tab=\"1\" role=\"tab\" aria-controls=\"elementor-tab-content-4931\">\n\n\t\t\t\t\t\t\t\t\t\t\t\t\t<span class=\"elementor-accordion-icon elementor-accordion-icon-left\" aria-hidden=\"true\">\n\t\t\t\t\t\t\t\t\t\t\t\t\t\t\t<span class=\"elementor-accordion-icon-closed\"><i class=\"fas fa-chevron-down\"><\/i><\/span>\n\t\t\t\t\t\t\t\t\t\t\t\t\t\t\t\t\t<span class=\"elementor-accordion-icon-opened\"><i class=\"fas fa-chevron-up\"><\/i><\/span>\n\t\t\t\t\t\t\t\t\t\t\t\t\t\t\t\t\t\t\t\t\t\t<\/span>\n\t\t\t\t\t\t\t\t\t\t\t\t\t\t\t\t\t\t<a class=\"elementor-accordion-title\" href=\"\">Idea<\/a>\n\t\t\t\t\t<\/h3>\n\t\t\t\t\t<div id=\"elementor-tab-content-4931\" class=\"elementor-tab-content elementor-clearfix deactive-default\" data-tab=\"1\" role=\"tabpanel\" aria-labelledby=\"elementor-tab-title-4931\"><p><strong><br \/>\nLa idea detr\u00e1s de la creaci\u00f3n del aceite de CBD Full Spectrum era extraer todo el poder de la planta de cannabis de la m\u00e1s alta calidad. <\/strong>Se cre\u00f3 para las personas para las que el aceite de CBD Crystal no ten\u00eda un efecto lo suficientemente notable.<\/p>\n<p><em>Contiene:<\/em> Extracto de c\u00e1\u00f1amo de espectro completo, aceite MCT.<\/p>\n<\/div>\n\t\t\t\t<\/div>\n\t\t\t\t\t\t\t<div class=\"elementor-accordion-item\">\n\t\t\t\t\t<h3 id=\"elementor-tab-title-4932\" class=\"elementor-tab-title the7-accordion-header\" data-tab=\"2\" role=\"tab\" aria-controls=\"elementor-tab-content-4932\">\n\n\t\t\t\t\t\t\t\t\t\t\t\t\t<span class=\"elementor-accordion-icon elementor-accordion-icon-left\" aria-hidden=\"true\">\n\t\t\t\t\t\t\t\t\t\t\t\t\t\t\t<span class=\"elementor-accordion-icon-closed\"><i class=\"fas fa-chevron-down\"><\/i><\/span>\n\t\t\t\t\t\t\t\t\t\t\t\t\t\t\t\t\t<span class=\"elementor-accordion-icon-opened\"><i class=\"fas fa-chevron-up\"><\/i><\/span>\n\t\t\t\t\t\t\t\t\t\t\t\t\t\t\t\t\t\t\t\t\t\t<\/span>\n\t\t\t\t\t\t\t\t\t\t\t\t\t\t\t\t\t\t<a class=\"elementor-accordion-title\" href=\"\">Uso espor\u00e1dico<\/a>\n\t\t\t\t\t<\/h3>\n\t\t\t\t\t<div id=\"elementor-tab-content-4932\" class=\"elementor-tab-content elementor-clearfix\" data-tab=\"2\" role=\"tabpanel\" aria-labelledby=\"elementor-tab-title-4932\"><p>Este aceite tiene todas las propiedades beneficiosas del CBD, incluyendo:<\/p>\n<ul>\n<li style=\"list-style-type: none;\">\n<ul>\n<li><strong>Calma<\/strong> el sistema nervioso, la tensi\u00f3n muscular y la ansiedad<\/li>\n<li><strong>Ayuda a conciliar el sue\u00f1o<\/strong> y a permanecer dormido<\/li>\n<li><strong>Reduce la hormona del estr\u00e9s<\/strong> y los niveles de <strong>inflamaci\u00f3n<\/strong><\/li>\n<\/ul>\n<\/li>\n<\/ul>\n<p>para una persona de 75kg = <strong>5 gotas<\/strong> bajo la lengua.<\/p>\n<p>Una gota contiene <strong>15mg de<\/strong> CBD. 1mg de CBD = por 1kg.<\/p>\n<p><strong>M\u00e1s informaci\u00f3n:<\/strong> <a href=\"https:\/\/zennative.eu\/es\/que-es-el-cbd\/\" target=\"_blank\" rel=\"noopener\">\u00bfTodo sobre el CBD?<\/a><\/p>\n<\/div>\n\t\t\t\t<\/div>\n\t\t\t\t\t\t\t<div class=\"elementor-accordion-item\">\n\t\t\t\t\t<h3 id=\"elementor-tab-title-4933\" class=\"elementor-tab-title the7-accordion-header\" data-tab=\"3\" role=\"tab\" aria-controls=\"elementor-tab-content-4933\">\n\n\t\t\t\t\t\t\t\t\t\t\t\t\t<span class=\"elementor-accordion-icon elementor-accordion-icon-left\" aria-hidden=\"true\">\n\t\t\t\t\t\t\t\t\t\t\t\t\t\t\t<span class=\"elementor-accordion-icon-closed\"><i class=\"fas fa-chevron-down\"><\/i><\/span>\n\t\t\t\t\t\t\t\t\t\t\t\t\t\t\t\t\t<span class=\"elementor-accordion-icon-opened\"><i class=\"fas fa-chevron-up\"><\/i><\/span>\n\t\t\t\t\t\t\t\t\t\t\t\t\t\t\t\t\t\t\t\t\t\t<\/span>\n\t\t\t\t\t\t\t\t\t\t\t\t\t\t\t\t\t\t<a class=\"elementor-accordion-title\" href=\"\">Uso externo<\/a>\n\t\t\t\t\t<\/h3>\n\t\t\t\t\t<div id=\"elementor-tab-content-4933\" class=\"elementor-tab-content elementor-clearfix\" data-tab=\"3\" role=\"tabpanel\" aria-labelledby=\"elementor-tab-title-4933\"><p>Aplique suavemente de 1 a 3 gotas del tama\u00f1o de la palma de la mano sobre la piel limpia. Evitar el contacto con los ojos.<\/p>\n<ul>\n<li style=\"list-style-type: none;\">\n<ul>\n<li>Calma r\u00e1pidamente la piel inflamada<\/li>\n<li>Hidrataci\u00f3n duradera y tambi\u00e9n adecuada para pieles grasas<\/li>\n<li>Estimula la producci\u00f3n natural de col\u00e1geno<\/li>\n<li>Combate con \u00e9xito problemas cut\u00e1neos como el eccema y el acn\u00e9<\/li>\n<li>Alivia los dolores musculares y articulares<\/li>\n<\/ul>\n<\/li>\n<\/ul>\n<p><strong>\u00bfQu\u00e9 concentraci\u00f3n elegir? <\/strong><\/p>\n<p style=\"padding-left: 40px;\"><strong>5%<\/strong> = Para la profilaxis y el cuidado de la piel<\/p>\n<p style=\"padding-left: 40px;\"><strong>15%<\/strong> = Para el cuidado de la piel problem\u00e1tica, inflamada o propensa al acn\u00e9<\/p>\n<p style=\"padding-left: 40px;\"><strong>30%<\/strong> = Para el alivio y tratamiento de afecciones cut\u00e1neas<\/p>\n<p><strong>M\u00e1s informaci\u00f3n:<\/strong> <a href=\"https:\/\/zennative.eu\/es\/que-es-el-cbd\/\" target=\"_blank\" rel=\"noopener\">\u00bfTodo sobre el CBD?<\/a><\/p>\n<\/div>\n\t\t\t\t<\/div>\n\t\t\t\t\t\t\t<div class=\"elementor-accordion-item\">\n\t\t\t\t\t<h3 id=\"elementor-tab-title-4934\" class=\"elementor-tab-title the7-accordion-header\" data-tab=\"4\" role=\"tab\" aria-controls=\"elementor-tab-content-4934\">\n\n\t\t\t\t\t\t\t\t\t\t\t\t\t<span class=\"elementor-accordion-icon elementor-accordion-icon-left\" aria-hidden=\"true\">\n\t\t\t\t\t\t\t\t\t\t\t\t\t\t\t<span class=\"elementor-accordion-icon-closed\"><i class=\"fas fa-chevron-down\"><\/i><\/span>\n\t\t\t\t\t\t\t\t\t\t\t\t\t\t\t\t\t<span class=\"elementor-accordion-icon-opened\"><i class=\"fas fa-chevron-up\"><\/i><\/span>\n\t\t\t\t\t\t\t\t\t\t\t\t\t\t\t\t\t\t\t\t\t\t<\/span>\n\t\t\t\t\t\t\t\t\t\t\t\t\t\t\t\t\t\t<a class=\"elementor-accordion-title\" href=\"\">Informaci\u00f3n complementaria<\/a>\n\t\t\t\t\t<\/h3>\n\t\t\t\t\t<div id=\"elementor-tab-content-4934\" class=\"elementor-tab-content elementor-clearfix\" data-tab=\"4\" role=\"tabpanel\" aria-labelledby=\"elementor-tab-title-4934\"><ul>\n<li>Probado por el Laboratorio de Ciencias Forenses de Estonia | <a href=\"https:\/\/lt.zennative.ee\/Zen-Native-Full-Spectrum-CBD-oli-EKEI-tulemused-uuringuakt-THC-ja-CBD.pdf\" target=\"_blank\" rel=\"noopener\">PDF<\/a><\/li>\n<li>% lo100 de origen desconocido<\/li>\n<li>Botella de vidrio reciclado que bloquea la luz<\/li>\n<li>Sin aceite de palma, sin OMG y vegano<\/li>\n<li>Fabricado en Estonia<\/li>\n<\/ul>\n<\/div>\n\t\t\t\t<\/div>\n\t\t\t\t\t\t\t<div class=\"elementor-accordion-item\">\n\t\t\t\t\t<h3 id=\"elementor-tab-title-4935\" class=\"elementor-tab-title the7-accordion-header\" data-tab=\"5\" role=\"tab\" aria-controls=\"elementor-tab-content-4935\">\n\n\t\t\t\t\t\t\t\t\t\t\t\t\t<span class=\"elementor-accordion-icon elementor-accordion-icon-left\" aria-hidden=\"true\">\n\t\t\t\t\t\t\t\t\t\t\t\t\t\t\t<span class=\"elementor-accordion-icon-closed\"><i class=\"fas fa-chevron-down\"><\/i><\/span>\n\t\t\t\t\t\t\t\t\t\t\t\t\t\t\t\t\t<span class=\"elementor-accordion-icon-opened\"><i class=\"fas fa-chevron-up\"><\/i><\/span>\n\t\t\t\t\t\t\t\t\t\t\t\t\t\t\t\t\t\t\t\t\t\t<\/span>\n\t\t\t\t\t\t\t\t\t\t\t\t\t\t\t\t\t\t<a class=\"elementor-accordion-title\" href=\"\">Preparaci\u00f3n<\/a>\n\t\t\t\t\t<\/h3>\n\t\t\t\t\t<div id=\"elementor-tab-content-4935\" class=\"elementor-tab-content elementor-clearfix\" data-tab=\"5\" role=\"tabpanel\" aria-labelledby=\"elementor-tab-title-4935\"><p>El c\u00e1\u00f1amo de la m\u00e1s alta calidad se extrae mediante el<sub>m\u00e9todo de CO2 <\/sub>supercr\u00edtico y se diluye con aceite MCT de coco.<\/p>\n<p>% pComo el nivel de THC en la pulpa extra\u00edda de la planta de alta calidad supera la tolerancia de la UE de 0,3 irlandeses, lo hacemos en Suiza, donde se permite un 1% de THC. El THC en el aceite que vendemos es &lt;0,3%.<\/p>\n<p>Utilizamos este m\u00e9todo porque evita los inconvenientes de los m\u00e9todos cl\u00e1sicos como la degradaci\u00f3n t\u00e9rmica, la hidr\u00f3lisis y los residuos de disolventes.<\/p>\n<p>Al elegir Zen Native, puede estar seguro de que recibir\u00e1 el mejor CBD del mercado.<\/p>\n<\/div>\n\t\t\t\t<\/div>\n\t\t\t\t\t\t\t<div class=\"elementor-accordion-item\">\n\t\t\t\t\t<h3 id=\"elementor-tab-title-4936\" class=\"elementor-tab-title the7-accordion-header\" data-tab=\"6\" role=\"tab\" aria-controls=\"elementor-tab-content-4936\">\n\n\t\t\t\t\t\t\t\t\t\t\t\t\t<span class=\"elementor-accordion-icon elementor-accordion-icon-left\" aria-hidden=\"true\">\n\t\t\t\t\t\t\t\t\t\t\t\t\t\t\t<span class=\"elementor-accordion-icon-closed\"><i class=\"fas fa-chevron-down\"><\/i><\/span>\n\t\t\t\t\t\t\t\t\t\t\t\t\t\t\t\t\t<span class=\"elementor-accordion-icon-opened\"><i class=\"fas fa-chevron-up\"><\/i><\/span>\n\t\t\t\t\t\t\t\t\t\t\t\t\t\t\t\t\t\t\t\t\t\t<\/span>\n\t\t\t\t\t\t\t\t\t\t\t\t\t\t\t\t\t\t<a class=\"elementor-accordion-title\" href=\"\">Almacenamiento en<\/a>\n\t\t\t\t\t<\/h3>\n\t\t\t\t\t<div id=\"elementor-tab-content-4936\" class=\"elementor-tab-content elementor-clearfix\" data-tab=\"6\" role=\"tabpanel\" aria-labelledby=\"elementor-tab-title-4936\"><ul>\n<li>Conservar en la oscuridad y a temperatura ambiente<\/li>\n<li>Evitar tocar la boca o la piel con la pipeta<\/li>\n<\/ul>\n<\/div>\n\t\t\t\t<\/div>\n\t\t\t\t\t<\/div>\n\t\t\t\t\t\t<\/div>\n\t\t\t\t<\/div>\n\t\t\t\t<div class=\"elementor-element elementor-element-8b76d92 elementor-hidden-desktop elementor-hidden-tablet elementor-hidden-mobile elementor-widget elementor-widget-image\" data-id=\"8b76d92\" data-element_type=\"widget\" data-e-type=\"widget\" data-widget_type=\"image.default\">\n\t\t\t\t<div class=\"elementor-widget-container\">\n\t\t\t\t\t\t\t\t\t\t\t\t\t\t\t<img fetchpriority=\"high\" decoding=\"async\" width=\"601\" height=\"800\" src=\"https:\/\/zennative.eu\/wp-content\/uploads\/2021\/10\/Zen-Native-5-Full-Spectrum-CBD-Oil-Taisspektri-CBD-kanepi-oli_2.png\" class=\"attachment-large size-large wp-image-63148\" alt=\"aceite de cbd\" srcset=\"https:\/\/zennative.eu\/wp-content\/uploads\/2021\/10\/Zen-Native-5-Full-Spectrum-CBD-Oil-Taisspektri-CBD-kanepi-oli_2.png 601w, https:\/\/zennative.eu\/wp-content\/uploads\/2021\/10\/Zen-Native-5-Full-Spectrum-CBD-Oil-Taisspektri-CBD-kanepi-oli_2-225x300.png 225w\" sizes=\"(max-width: 601px) 100vw, 601px\" \/>\t\t\t\t\t\t\t\t\t\t\t\t\t\t\t<\/div>\n\t\t\t\t<\/div>\n\t\t\t\t<div class=\"elementor-element elementor-element-08122ab elementor-widget elementor-widget-shortcode\" data-id=\"08122ab\" data-element_type=\"widget\" data-e-type=\"widget\" data-widget_type=\"shortcode.default\">\n\t\t\t\t<div class=\"elementor-widget-container\">\n\t\t\t\t\t\t\t<div class=\"elementor-shortcode\"> \n   <\/div>\n\t\t\t\t\t\t<\/div>\n\t\t\t\t<\/div>\n\t\t\t\t\t<\/div>\n\t\t<\/div>\n\t\t\t\t\t<\/div>\n\t\t<\/section>\n\t\t\t\t<\/div>\n\t\t","protected":false},"excerpt":{"rendered":"<p><strong>El aceite de CBD Zen Native Full Spectrum contiene toda la potencia de la planta de c\u00e1\u00f1amo. Contiene todos los cannabinoides incluyendo<\/strong><strong> CBG, CBC, CBN, THC y 3000mg de CBD.<\/strong> Este aceite de CBD premium contiene flavonoides de la planta de c\u00e1\u00f1amo, terpenos. El aceite de CBD Full Spectrum de Zen Native con una concentraci\u00f3n del 30% es un aceite de color verde parduzco con un agradable sabor a cannabis que el cuerpo absorbe f\u00e1cilmente porque est\u00e1 disuelto en aceite MCT fino de coco.<\/p>\n<p>10ml, botella de pipeta de vidrio reciclado a prueba de luz. M\u00ednimo 200 gotas por botella.<\/p>\n","protected":false},"featured_media":63292,"comment_status":"closed","ping_status":"closed","template":"","meta":[],"product_brand":[],"product_cat":[782],"product_tag":[815,783,814,816,810,811,813,837,812],"class_list":{"0":"post-63308","1":"product","2":"type-product","3":"status-publish","4":"has-post-thumbnail","6":"product_cat-aceites-de-cbd","7":"product_tag-aceite-saludable","8":"product_tag-cbd-es","9":"product_tag-cbd-aceite-de-canamo","10":"product_tag-cbd-tilgad-es","11":"product_tag-espectro-completo","12":"product_tag-espectro-completo-es","13":"product_tag-mct-es","14":"product_tag-pellets-de-canamo","15":"product_tag-terpenos-y-flavonoides-en-kenep","17":"first","18":"instock","19":"shipping-taxable","20":"purchasable","21":"product-type-simple"},"_links":{"self":[{"href":"https:\/\/zennative.eu\/es\/wp-json\/wp\/v2\/product\/63308","targetHints":{"allow":["GET"]}}],"collection":[{"href":"https:\/\/zennative.eu\/es\/wp-json\/wp\/v2\/product"}],"about":[{"href":"https:\/\/zennative.eu\/es\/wp-json\/wp\/v2\/types\/product"}],"replies":[{"embeddable":true,"href":"https:\/\/zennative.eu\/es\/wp-json\/wp\/v2\/comments?post=63308"}],"version-history":[{"count":7,"href":"https:\/\/zennative.eu\/es\/wp-json\/wp\/v2\/product\/63308\/revisions"}],"predecessor-version":[{"id":64087,"href":"https:\/\/zennative.eu\/es\/wp-json\/wp\/v2\/product\/63308\/revisions\/64087"}],"wp:featuredmedia":[{"embeddable":true,"href":"https:\/\/zennative.eu\/es\/wp-json\/wp\/v2\/media\/63292"}],"wp:attachment":[{"href":"https:\/\/zennative.eu\/es\/wp-json\/wp\/v2\/media?parent=63308"}],"wp:term":[{"taxonomy":"product_brand","embeddable":true,"href":"https:\/\/zennative.eu\/es\/wp-json\/wp\/v2\/product_brand?post=63308"},{"taxonomy":"product_cat","embeddable":true,"href":"https:\/\/zennative.eu\/es\/wp-json\/wp\/v2\/product_cat?post=63308"},{"taxonomy":"product_tag","embeddable":true,"href":"https:\/\/zennative.eu\/es\/wp-json\/wp\/v2\/product_tag?post=63308"}],"curies":[{"name":"wp","href":"https:\/\/api.w.org\/{rel}","templated":true}]}}