{"id":63178,"date":"2021-12-07T18:29:44","date_gmt":"2024-10-02T17:14:36","guid":{"rendered":"https:\/\/zennative.eu\/product\/tonico-facial-cbd-3xc-1-cbd-vitamina-c\/"},"modified":"2024-10-05T18:42:39","modified_gmt":"2024-10-05T15:42:39","slug":"tonico-facial-cbd-3xc-1-cbd-vitamina-c","status":"publish","type":"product","link":"https:\/\/zennative.eu\/es\/producto\/tonico-facial-cbd-3xc-1-cbd-vitamina-c\/","title":{"rendered":"T\u00f3nico facial CBD 3XC 1% CBD + Vitamina C"},"content":{"rendered":"\t\t<div data-elementor-type=\"product-post\" data-elementor-id=\"63178\" class=\"elementor elementor-63178 elementor-39969\" data-elementor-post-type=\"product\">\n\t\t\t\t\t\t<section class=\"elementor-section elementor-top-section elementor-element elementor-element-4c104f4 elementor-section-boxed elementor-section-height-default elementor-section-height-default\" data-id=\"4c104f4\" data-element_type=\"section\" data-e-type=\"section\">\n\t\t\t\t\t\t<div class=\"elementor-container elementor-column-gap-wide\">\n\t\t\t\t\t<div class=\"elementor-column elementor-col-100 elementor-top-column elementor-element elementor-element-93cefb6\" data-id=\"93cefb6\" data-element_type=\"column\" data-e-type=\"column\">\n\t\t\t<div class=\"elementor-widget-wrap elementor-element-populated\">\n\t\t\t\t\t\t<div class=\"elementor-element elementor-element-2f08d37 elementor-widget elementor-widget-the7-accordion\" data-id=\"2f08d37\" data-element_type=\"widget\" data-e-type=\"widget\" data-widget_type=\"the7-accordion.default\">\n\t\t\t\t<div class=\"elementor-widget-container\">\n\t\t\t\t\t\t\t<div class=\"elementor-accordion the7-adv-accordion ac_bb_title ac_bb_active_title ac_top_bottom_borders ac_left_right_borders\" data-accordion-type=\"toggle\" role=\"tablist\">\n\t\t\t\t\t\t\t<div class=\"elementor-accordion-item\">\n\t\t\t\t\t<h3 id=\"elementor-tab-title-4931\" class=\"elementor-tab-title the7-accordion-header deactive-default\" data-tab=\"1\" role=\"tab\" aria-controls=\"elementor-tab-content-4931\">\n\n\t\t\t\t\t\t\t\t\t\t\t\t\t<span class=\"elementor-accordion-icon elementor-accordion-icon-left\" aria-hidden=\"true\">\n\t\t\t\t\t\t\t\t\t\t\t\t\t\t\t<span class=\"elementor-accordion-icon-closed\"><i class=\"fas fa-chevron-down\"><\/i><\/span>\n\t\t\t\t\t\t\t\t\t\t\t\t\t\t\t\t\t<span class=\"elementor-accordion-icon-opened\"><i class=\"fas fa-chevron-up\"><\/i><\/span>\n\t\t\t\t\t\t\t\t\t\t\t\t\t\t\t\t\t\t\t\t\t\t<\/span>\n\t\t\t\t\t\t\t\t\t\t\t\t\t\t\t\t\t\t<a class=\"elementor-accordion-title\" href=\"\">Idea<\/a>\n\t\t\t\t\t<\/h3>\n\t\t\t\t\t<div id=\"elementor-tab-content-4931\" class=\"elementor-tab-content elementor-clearfix deactive-default\" data-tab=\"1\" role=\"tabpanel\" aria-labelledby=\"elementor-tab-title-4931\"><p><strong>3 veces C, pero no s\u00f3lo. <\/strong>Quer\u00edamos fabricar un producto cosm\u00e9tico de CBD de uso diario que contuviera superantioxidantes, vitaminas y aceites esenciales tanto hidrosolubles como liposolubles. Un completo elixir de belleza <em>unisex<\/em>.<\/p>\n<p>Este t\u00f3nico \u00fanico protege la piel del envejecimiento y combate los radicales libres. Su uso diario rejuvenece visiblemente la piel y acelera sus procesos de cicatrizaci\u00f3n.<\/p>\n<p>Se ha demostrado que las vitaminas se absorben a trav\u00e9s de la piel hasta 10 veces mejor<\/p>\n<\/div>\n\t\t\t\t<\/div>\n\t\t\t\t\t\t\t<div class=\"elementor-accordion-item\">\n\t\t\t\t\t<h3 id=\"elementor-tab-title-4932\" class=\"elementor-tab-title the7-accordion-header\" data-tab=\"2\" role=\"tab\" aria-controls=\"elementor-tab-content-4932\">\n\n\t\t\t\t\t\t\t\t\t\t\t\t\t<span class=\"elementor-accordion-icon elementor-accordion-icon-left\" aria-hidden=\"true\">\n\t\t\t\t\t\t\t\t\t\t\t\t\t\t\t<span class=\"elementor-accordion-icon-closed\"><i class=\"fas fa-chevron-down\"><\/i><\/span>\n\t\t\t\t\t\t\t\t\t\t\t\t\t\t\t\t\t<span class=\"elementor-accordion-icon-opened\"><i class=\"fas fa-chevron-up\"><\/i><\/span>\n\t\t\t\t\t\t\t\t\t\t\t\t\t\t\t\t\t\t\t\t\t\t<\/span>\n\t\t\t\t\t\t\t\t\t\t\t\t\t\t\t\t\t\t<a class=\"elementor-accordion-title\" href=\"\">Uso externo<\/a>\n\t\t\t\t\t<\/h3>\n\t\t\t\t\t<div id=\"elementor-tab-content-4932\" class=\"elementor-tab-content elementor-clearfix\" data-tab=\"2\" role=\"tabpanel\" aria-labelledby=\"elementor-tab-title-4932\"><p><strong>Aplicar unas gotas de t\u00f3nico sobre el rostro u otra piel limpia, ma\u00f1ana y noche. <\/strong>Ideal para utilizar como primera capa antes del Suero CBD.<\/p>\n<ul>\n<li style=\"list-style-type: none;\">\n<ul>\n<li>Nutre la piel en profundidad<\/li>\n<li>Hidrata y reafirma la piel<\/li>\n<li>Estimula la producci\u00f3n natural de col\u00e1geno<\/li>\n<li>Ideal para pieles propensas al acn\u00e9<\/li>\n<\/ul>\n<\/li>\n<\/ul>\n<p>M\u00e1s informaci\u00f3n <a href=\"https:\/\/zennative.eu\/es\/que-es-el-cbd\/\">sobre<\/a> los cosm\u00e9ticos CBD aqu\u00ed<\/p>\n<\/div>\n\t\t\t\t<\/div>\n\t\t\t\t\t\t\t<div class=\"elementor-accordion-item\">\n\t\t\t\t\t<h3 id=\"elementor-tab-title-4933\" class=\"elementor-tab-title the7-accordion-header\" data-tab=\"3\" role=\"tab\" aria-controls=\"elementor-tab-content-4933\">\n\n\t\t\t\t\t\t\t\t\t\t\t\t\t<span class=\"elementor-accordion-icon elementor-accordion-icon-left\" aria-hidden=\"true\">\n\t\t\t\t\t\t\t\t\t\t\t\t\t\t\t<span class=\"elementor-accordion-icon-closed\"><i class=\"fas fa-chevron-down\"><\/i><\/span>\n\t\t\t\t\t\t\t\t\t\t\t\t\t\t\t\t\t<span class=\"elementor-accordion-icon-opened\"><i class=\"fas fa-chevron-up\"><\/i><\/span>\n\t\t\t\t\t\t\t\t\t\t\t\t\t\t\t\t\t\t\t\t\t\t<\/span>\n\t\t\t\t\t\t\t\t\t\t\t\t\t\t\t\t\t\t<a class=\"elementor-accordion-title\" href=\"\">Composici\u00f3n<\/a>\n\t\t\t\t\t<\/h3>\n\t\t\t\t\t<div id=\"elementor-tab-content-4933\" class=\"elementor-tab-content elementor-clearfix\" data-tab=\"3\" role=\"tabpanel\" aria-labelledby=\"elementor-tab-title-4933\"><p>Agua, C8, CBD, Vitamina C, Vitamina E, B12, T\u00e9 verde, Aloe vera, Casta\u00f1o de Indias, Gotu Kola, Ulva compressa, Hierba lim\u00f3n.<\/p>\n<p><strong>CBD <\/strong><\/p>\n<p>Mol\u00e9cula activa cristalizada procedente del c\u00e1\u00f1amo que estimula la producci\u00f3n natural de col\u00e1geno de la piel, reduce r\u00e1pidamente la inflamaci\u00f3n y el enrojecimiento, normaliza la producci\u00f3n de grasa y el equilibrio hormonal, mejorando la piel propensa al acn\u00e9.<\/p>\n<p><strong>Vitamina C<\/strong><\/p>\n<p>En forma estabilizada, estimula la circulaci\u00f3n cut\u00e1nea, reduce la rotura de capilares, regula la pigmentaci\u00f3n y unifica el tono de la piel.<\/p>\n<p><strong>C8<\/strong><\/p>\n<p>Mol\u00e9cula milagrosa de \u00e1cido graso procedente del coco, hidrata y purifica la piel en profundidad. Normaliza los niveles de levaduras y tiene propiedades antif\u00fangicas.<\/p>\n<p><strong>T\u00e9 verde <\/strong><\/p>\n<p>Este extracto energiza la piel y la purifica de metales pesados. Contiene taninos, polifenoles, cafe\u00edna y fl\u00faor.<\/p>\n<p><strong>Aloe vera<\/strong><\/p>\n<p>Jugo hidratante, antiinflamatorio y reconstituyente. Contiene B12, amino\u00e1cidos esenciales y fibra esencial.<\/p>\n<p><strong>Casta\u00f1o de Indias<\/strong><\/p>\n<p>El extracto reduce la hinchaz\u00f3n y la inflamaci\u00f3n y tiene un efecto reafirmante sobre la piel.<\/p>\n<p><strong>Gotu Kola<\/strong><\/p>\n<p>Estimula la funci\u00f3n de las c\u00e9lulas conjuntivas y tiene un efecto reafirmante sobre la piel. Contiene saponinas &#8211; fitoqu\u00edmicos vegetales, acelera la producci\u00f3n de col\u00e1geno y la cicatrizaci\u00f3n de heridas.<\/p>\n<p><strong>Ulva Compressa <\/strong><\/p>\n<p>Extracto de algas rico en nutrientes que aumenta la elasticidad de la piel y reduce el picor y el escozor.<\/p>\n<p><strong>Hierba lim\u00f3n<\/strong><\/p>\n<p>Adem\u00e1s de su maravilloso aroma energizante, el aceite de la hoja del cipr\u00e9s tambi\u00e9n proporciona propiedades de limpieza y recorte de la piel.<\/p>\n<p><strong>Vitamina E <\/strong><\/p>\n<p>Antioxidante hidratante y nutritivo que aumenta la elasticidad de los tejidos.<\/p>\n<p><em>Conservantes: glicerina, propanediol, goma gellan, fenoxietanol, pol\u00edmero cruzado de alquilacrilato, etilhexilglicerina, dimeticona, laurilsulfato s\u00f3dico, hidr\u00f3xido s\u00f3dico, \u00e1cido etilendiaminotetraac\u00e9tico.<\/em><\/p>\n<\/div>\n\t\t\t\t<\/div>\n\t\t\t\t\t\t\t<div class=\"elementor-accordion-item\">\n\t\t\t\t\t<h3 id=\"elementor-tab-title-4934\" class=\"elementor-tab-title the7-accordion-header\" data-tab=\"4\" role=\"tab\" aria-controls=\"elementor-tab-content-4934\">\n\n\t\t\t\t\t\t\t\t\t\t\t\t\t<span class=\"elementor-accordion-icon elementor-accordion-icon-left\" aria-hidden=\"true\">\n\t\t\t\t\t\t\t\t\t\t\t\t\t\t\t<span class=\"elementor-accordion-icon-closed\"><i class=\"fas fa-chevron-down\"><\/i><\/span>\n\t\t\t\t\t\t\t\t\t\t\t\t\t\t\t\t\t<span class=\"elementor-accordion-icon-opened\"><i class=\"fas fa-chevron-up\"><\/i><\/span>\n\t\t\t\t\t\t\t\t\t\t\t\t\t\t\t\t\t\t\t\t\t\t<\/span>\n\t\t\t\t\t\t\t\t\t\t\t\t\t\t\t\t\t\t<a class=\"elementor-accordion-title\" href=\"\">Preparaci\u00f3n<\/a>\n\t\t\t\t\t<\/h3>\n\t\t\t\t\t<div id=\"elementor-tab-content-4934\" class=\"elementor-tab-content elementor-clearfix\" data-tab=\"4\" role=\"tabpanel\" aria-labelledby=\"elementor-tab-title-4934\"><p>Aqu\u00ed hay una cantidad m\u00edstica de bondad. Cristales, extractos y aceites de la m\u00e1s alta calidad.<\/p>\n<\/div>\n\t\t\t\t<\/div>\n\t\t\t\t\t\t\t<div class=\"elementor-accordion-item\">\n\t\t\t\t\t<h3 id=\"elementor-tab-title-4935\" class=\"elementor-tab-title the7-accordion-header\" data-tab=\"5\" role=\"tab\" aria-controls=\"elementor-tab-content-4935\">\n\n\t\t\t\t\t\t\t\t\t\t\t\t\t<span class=\"elementor-accordion-icon elementor-accordion-icon-left\" aria-hidden=\"true\">\n\t\t\t\t\t\t\t\t\t\t\t\t\t\t\t<span class=\"elementor-accordion-icon-closed\"><i class=\"fas fa-chevron-down\"><\/i><\/span>\n\t\t\t\t\t\t\t\t\t\t\t\t\t\t\t\t\t<span class=\"elementor-accordion-icon-opened\"><i class=\"fas fa-chevron-up\"><\/i><\/span>\n\t\t\t\t\t\t\t\t\t\t\t\t\t\t\t\t\t\t\t\t\t\t<\/span>\n\t\t\t\t\t\t\t\t\t\t\t\t\t\t\t\t\t\t<a class=\"elementor-accordion-title\" href=\"\">Almacenamiento en<\/a>\n\t\t\t\t\t<\/h3>\n\t\t\t\t\t<div id=\"elementor-tab-content-4935\" class=\"elementor-tab-content elementor-clearfix\" data-tab=\"5\" role=\"tabpanel\" aria-labelledby=\"elementor-tab-title-4935\"><ul>\n<li>Conservar en la oscuridad y a temperatura ambiente<\/li>\n<li>Evitar tocar la piel con la pipeta<\/li>\n<\/ul>\n<\/div>\n\t\t\t\t<\/div>\n\t\t\t\t\t<\/div>\n\t\t\t\t\t\t<\/div>\n\t\t\t\t<\/div>\n\t\t\t\t<div class=\"elementor-element elementor-element-2e64ecd elementor-hidden-desktop elementor-hidden-tablet elementor-hidden-mobile elementor-widget elementor-widget-image\" data-id=\"2e64ecd\" data-element_type=\"widget\" data-e-type=\"widget\" data-widget_type=\"image.default\">\n\t\t\t\t<div class=\"elementor-widget-container\">\n\t\t\t\t\t\t\t\t\t\t\t\t\t\t\t<img fetchpriority=\"high\" decoding=\"async\" width=\"601\" height=\"801\" src=\"https:\/\/zennative.eu\/wp-content\/uploads\/2021\/12\/Artboard-1-copy-82.png\" class=\"attachment-large size-large wp-image-63182\" alt=\"cbd\" srcset=\"https:\/\/zennative.eu\/wp-content\/uploads\/2021\/12\/Artboard-1-copy-82.png 601w, https:\/\/zennative.eu\/wp-content\/uploads\/2021\/12\/Artboard-1-copy-82-225x300.png 225w\" sizes=\"(max-width: 601px) 100vw, 601px\" \/>\t\t\t\t\t\t\t\t\t\t\t\t\t\t\t<\/div>\n\t\t\t\t<\/div>\n\t\t\t\t\t<\/div>\n\t\t<\/div>\n\t\t\t\t\t<\/div>\n\t\t<\/section>\n\t\t\t\t<\/div>\n\t\t","protected":false},"excerpt":{"rendered":"<p>Nuestro nuevo supert\u00f3nico de acci\u00f3n r\u00e1pida es una capa base de uso diario para una piel cuidada.<\/p>\n","protected":false},"featured_media":63179,"comment_status":"closed","ping_status":"closed","template":"","meta":[],"product_brand":[],"product_cat":[827],"product_tag":[784,783,828,829],"class_list":{"0":"post-63178","1":"product","2":"type-product","3":"status-publish","4":"has-post-thumbnail","6":"product_cat-cosmeticos-cbd","7":"product_tag-c8-es","8":"product_tag-cbd-es","9":"product_tag-vitamina-c-es","10":"product_tag-vitamina-d-es","12":"first","13":"outofstock","14":"shipping-taxable","15":"purchasable","16":"product-type-simple"},"_links":{"self":[{"href":"https:\/\/zennative.eu\/es\/wp-json\/wp\/v2\/product\/63178","targetHints":{"allow":["GET"]}}],"collection":[{"href":"https:\/\/zennative.eu\/es\/wp-json\/wp\/v2\/product"}],"about":[{"href":"https:\/\/zennative.eu\/es\/wp-json\/wp\/v2\/types\/product"}],"replies":[{"embeddable":true,"href":"https:\/\/zennative.eu\/es\/wp-json\/wp\/v2\/comments?post=63178"}],"version-history":[{"count":7,"href":"https:\/\/zennative.eu\/es\/wp-json\/wp\/v2\/product\/63178\/revisions"}],"predecessor-version":[{"id":64110,"href":"https:\/\/zennative.eu\/es\/wp-json\/wp\/v2\/product\/63178\/revisions\/64110"}],"wp:featuredmedia":[{"embeddable":true,"href":"https:\/\/zennative.eu\/es\/wp-json\/wp\/v2\/media\/63179"}],"wp:attachment":[{"href":"https:\/\/zennative.eu\/es\/wp-json\/wp\/v2\/media?parent=63178"}],"wp:term":[{"taxonomy":"product_brand","embeddable":true,"href":"https:\/\/zennative.eu\/es\/wp-json\/wp\/v2\/product_brand?post=63178"},{"taxonomy":"product_cat","embeddable":true,"href":"https:\/\/zennative.eu\/es\/wp-json\/wp\/v2\/product_cat?post=63178"},{"taxonomy":"product_tag","embeddable":true,"href":"https:\/\/zennative.eu\/es\/wp-json\/wp\/v2\/product_tag?post=63178"}],"curies":[{"name":"wp","href":"https:\/\/api.w.org\/{rel}","templated":true}]}}