{"id":63145,"date":"2021-10-27T12:29:53","date_gmt":"2024-10-02T17:14:24","guid":{"rendered":"https:\/\/zennative.eu\/product\/full-spectrum-el-aceite-de-cannabis-cbd-mas-abundante-de-estonia\/"},"modified":"2024-10-05T18:43:31","modified_gmt":"2024-10-05T15:43:31","slug":"full-spectrum-el-aceite-de-cannabis-cbd-mas-abundante-en-espana","status":"publish","type":"product","link":"https:\/\/zennative.eu\/es\/producto\/full-spectrum-el-aceite-de-cannabis-cbd-mas-abundante-en-espana\/","title":{"rendered":"Full Spectrum: el aceite de cannabis CBD m\u00e1s abundante en Espa\u00f1a"},"content":{"rendered":"\t\t<div data-elementor-type=\"product-post\" data-elementor-id=\"63145\" class=\"elementor elementor-63145 elementor-39916\" data-elementor-post-type=\"product\">\n\t\t\t\t\t\t<section class=\"elementor-section elementor-top-section elementor-element elementor-element-4c104f4 elementor-section-boxed elementor-section-height-default elementor-section-height-default\" data-id=\"4c104f4\" data-element_type=\"section\" data-e-type=\"section\">\n\t\t\t\t\t\t<div class=\"elementor-container elementor-column-gap-wide\">\n\t\t\t\t\t<div class=\"elementor-column elementor-col-100 elementor-top-column elementor-element elementor-element-93cefb6\" data-id=\"93cefb6\" data-element_type=\"column\" data-e-type=\"column\">\n\t\t\t<div class=\"elementor-widget-wrap elementor-element-populated\">\n\t\t\t\t\t\t<div class=\"elementor-element elementor-element-7349286 elementor-widget elementor-widget-text-editor\" data-id=\"7349286\" data-element_type=\"widget\" data-e-type=\"widget\" data-widget_type=\"text-editor.default\">\n\t\t\t\t<div class=\"elementor-widget-container\">\n\t\t\t\t\t\t\t\t\t<p><strong>El aceite de CBD Zen Native Full Spectrum contiene todo el poder de la planta de c\u00e1\u00f1amo. Proporciona todos los cannabinoides necesarios, incluyendo<\/strong><strong> CBG, CBC, CBN, THC y 500\/1500\/3000mg de CBD.<\/strong><\/p>\n<p>Este aceite de CBD premium contiene todos los flavonoides y terpenos del c\u00e1\u00f1amo. El aceite de CBD Full Spectrum 5%, 15% o 30% de Zen Native es un aceite de cannabis de color verde parduzco y sabor agradable que el cuerpo absorbe f\u00e1cilmente porque est\u00e1 disuelto en aceite MCT de coco fino.<\/p>\n<p>botella de pipeta de vidrio reprocesado a prueba de luz de 10 ml. Al menos 200 gotas en total por botella.<\/p>\n<p><strong>M\u00e1s informaci\u00f3n:<\/strong> <a href=\"https:\/\/zennative.eu\/es\/que-es-el-cbd\/\" target=\"_blank\" rel=\"noopener\">\u00bfTodo sobre el CBD?<\/a><\/p>\n\t\t\t\t\t\t\t\t<\/div>\n\t\t\t\t<\/div>\n\t\t\t\t<div class=\"elementor-element elementor-element-3105200 elementor-widget elementor-widget-the7-accordion\" data-id=\"3105200\" data-element_type=\"widget\" data-e-type=\"widget\" data-widget_type=\"the7-accordion.default\">\n\t\t\t\t<div class=\"elementor-widget-container\">\n\t\t\t\t\t\t\t<div class=\"elementor-accordion the7-adv-accordion ac_bb_title ac_bb_active_title ac_top_bottom_borders ac_left_right_borders\" data-accordion-type=\"toggle\" role=\"tablist\">\n\t\t\t\t\t\t\t<div class=\"elementor-accordion-item\">\n\t\t\t\t\t<h3 id=\"elementor-tab-title-5141\" class=\"elementor-tab-title the7-accordion-header deactive-default\" data-tab=\"1\" role=\"tab\" aria-controls=\"elementor-tab-content-5141\">\n\n\t\t\t\t\t\t\t\t\t\t\t\t\t<span class=\"elementor-accordion-icon elementor-accordion-icon-left\" aria-hidden=\"true\">\n\t\t\t\t\t\t\t\t\t\t\t\t\t\t\t<span class=\"elementor-accordion-icon-closed\"><i class=\"fas fa-chevron-down\"><\/i><\/span>\n\t\t\t\t\t\t\t\t\t\t\t\t\t\t\t\t\t<span class=\"elementor-accordion-icon-opened\"><i class=\"fas fa-chevron-up\"><\/i><\/span>\n\t\t\t\t\t\t\t\t\t\t\t\t\t\t\t\t\t\t\t\t\t\t<\/span>\n\t\t\t\t\t\t\t\t\t\t\t\t\t\t\t\t\t\t<a class=\"elementor-accordion-title\" href=\"\">Idea<\/a>\n\t\t\t\t\t<\/h3>\n\t\t\t\t\t<div id=\"elementor-tab-content-5141\" class=\"elementor-tab-content elementor-clearfix deactive-default\" data-tab=\"1\" role=\"tabpanel\" aria-labelledby=\"elementor-tab-title-5141\"><p><strong><br \/>\nLa idea detr\u00e1s de la creaci\u00f3n del aceite de CBD Full Spectrum era extraer todo el poder de la planta de cannabis de la m\u00e1s alta calidad. <\/strong><\/p>\n<p>Se cre\u00f3 para las personas para las que el aceite de CBD Crystal no ten\u00eda un efecto lo suficientemente notable.<\/p>\n<p><strong><em>Contiene:<\/em><\/strong> Extracto de c\u00e1\u00f1amo de espectro completo, aceite MCT.<\/p>\n<\/div>\n\t\t\t\t<\/div>\n\t\t\t\t\t\t\t<div class=\"elementor-accordion-item\">\n\t\t\t\t\t<h3 id=\"elementor-tab-title-5142\" class=\"elementor-tab-title the7-accordion-header\" data-tab=\"2\" role=\"tab\" aria-controls=\"elementor-tab-content-5142\">\n\n\t\t\t\t\t\t\t\t\t\t\t\t\t<span class=\"elementor-accordion-icon elementor-accordion-icon-left\" aria-hidden=\"true\">\n\t\t\t\t\t\t\t\t\t\t\t\t\t\t\t<span class=\"elementor-accordion-icon-closed\"><i class=\"fas fa-chevron-down\"><\/i><\/span>\n\t\t\t\t\t\t\t\t\t\t\t\t\t\t\t\t\t<span class=\"elementor-accordion-icon-opened\"><i class=\"fas fa-chevron-up\"><\/i><\/span>\n\t\t\t\t\t\t\t\t\t\t\t\t\t\t\t\t\t\t\t\t\t\t<\/span>\n\t\t\t\t\t\t\t\t\t\t\t\t\t\t\t\t\t\t<a class=\"elementor-accordion-title\" href=\"\">Uso espor\u00e1dico<\/a>\n\t\t\t\t\t<\/h3>\n\t\t\t\t\t<div id=\"elementor-tab-content-5142\" class=\"elementor-tab-content elementor-clearfix\" data-tab=\"2\" role=\"tabpanel\" aria-labelledby=\"elementor-tab-title-5142\"><p>Todas las propiedades beneficiosas del CBD + otros cannabinoides, incluyendo:<\/p>\n<ul>\n<li style=\"list-style-type: none;\">\n<ul>\n<li><strong>Calma<\/strong> el sistema nervioso, la tensi\u00f3n muscular y la ansiedad<\/li>\n<li><strong>Ayuda a conciliar el sue\u00f1o<\/strong> y a permanecer dormido<\/li>\n<li><strong>Reduce <\/strong>la hormona del estr\u00e9s y los niveles de inflamaci\u00f3n<\/li>\n<\/ul>\n<\/li>\n<\/ul>\n<p>Dosis para una persona de 75 kg<\/p>\n<ul>\n<li><strong>%-s5 t =<\/strong> 30 gotas bajo la lengua<\/li>\n<li><strong>%-s15 t<\/strong> = 10 gotas bajo la lengua;<\/li>\n<li><strong>%-s30 t<\/strong> = 5 gotas bajo la lengua<\/li>\n<\/ul>\n<p><strong>M\u00e1s informaci\u00f3n:<\/strong> <a href=\"https:\/\/zennative.eu\/es\/que-es-el-cbd\/\">Todo sobre el CBD<\/a><\/p>\n<\/div>\n\t\t\t\t<\/div>\n\t\t\t\t\t\t\t<div class=\"elementor-accordion-item\">\n\t\t\t\t\t<h3 id=\"elementor-tab-title-5143\" class=\"elementor-tab-title the7-accordion-header\" data-tab=\"3\" role=\"tab\" aria-controls=\"elementor-tab-content-5143\">\n\n\t\t\t\t\t\t\t\t\t\t\t\t\t<span class=\"elementor-accordion-icon elementor-accordion-icon-left\" aria-hidden=\"true\">\n\t\t\t\t\t\t\t\t\t\t\t\t\t\t\t<span class=\"elementor-accordion-icon-closed\"><i class=\"fas fa-chevron-down\"><\/i><\/span>\n\t\t\t\t\t\t\t\t\t\t\t\t\t\t\t\t\t<span class=\"elementor-accordion-icon-opened\"><i class=\"fas fa-chevron-up\"><\/i><\/span>\n\t\t\t\t\t\t\t\t\t\t\t\t\t\t\t\t\t\t\t\t\t\t<\/span>\n\t\t\t\t\t\t\t\t\t\t\t\t\t\t\t\t\t\t<a class=\"elementor-accordion-title\" href=\"\">Uso externo<\/a>\n\t\t\t\t\t<\/h3>\n\t\t\t\t\t<div id=\"elementor-tab-content-5143\" class=\"elementor-tab-content elementor-clearfix\" data-tab=\"3\" role=\"tabpanel\" aria-labelledby=\"elementor-tab-title-5143\"><p>Aplique suavemente de 1 a 3 gotas del tama\u00f1o de la palma de la mano sobre la piel limpia. Evitar el contacto con los ojos.<\/p>\n<ul>\n<li style=\"list-style-type: none;\">\n<ul>\n<li>Calma r\u00e1pidamente la piel inflamada<\/li>\n<li>Hidrata en profundidad y equilibra incluso las pieles grasas<\/li>\n<li>Estimula la producci\u00f3n natural de col\u00e1geno<\/li>\n<li>Alivia los dolores musculares y articulares<\/li>\n<\/ul>\n<\/li>\n<\/ul>\n<p><strong>5%<\/strong> = Para la profilaxis y el cuidado general de una piel sana<\/p>\n<p><strong>15%<\/strong> = Para el cuidado de pieles problem\u00e1ticas, inflamadas o con tendencia acneica<\/p>\n<p><strong>30%<\/strong> = Para el alivio y tratamiento de afecciones cut\u00e1neas<\/p>\n<p><strong>M\u00e1s informaci\u00f3n:<\/strong> <a href=\"https:\/\/zennative.eu\/es\/que-es-el-cbd\/\" target=\"_blank\" rel=\"noopener\">\u00bfTodo sobre el CBD?<\/a><\/p>\n<\/div>\n\t\t\t\t<\/div>\n\t\t\t\t\t\t\t<div class=\"elementor-accordion-item\">\n\t\t\t\t\t<h3 id=\"elementor-tab-title-5144\" class=\"elementor-tab-title the7-accordion-header\" data-tab=\"4\" role=\"tab\" aria-controls=\"elementor-tab-content-5144\">\n\n\t\t\t\t\t\t\t\t\t\t\t\t\t<span class=\"elementor-accordion-icon elementor-accordion-icon-left\" aria-hidden=\"true\">\n\t\t\t\t\t\t\t\t\t\t\t\t\t\t\t<span class=\"elementor-accordion-icon-closed\"><i class=\"fas fa-chevron-down\"><\/i><\/span>\n\t\t\t\t\t\t\t\t\t\t\t\t\t\t\t\t\t<span class=\"elementor-accordion-icon-opened\"><i class=\"fas fa-chevron-up\"><\/i><\/span>\n\t\t\t\t\t\t\t\t\t\t\t\t\t\t\t\t\t\t\t\t\t\t<\/span>\n\t\t\t\t\t\t\t\t\t\t\t\t\t\t\t\t\t\t<a class=\"elementor-accordion-title\" href=\"\">Informaci\u00f3n complementaria<\/a>\n\t\t\t\t\t<\/h3>\n\t\t\t\t\t<div id=\"elementor-tab-content-5144\" class=\"elementor-tab-content elementor-clearfix\" data-tab=\"4\" role=\"tabpanel\" aria-labelledby=\"elementor-tab-title-5144\"><ul>\n<li>Probado por el Laboratorio de Ciencias Forenses de Estonia | <a href=\"https:\/\/lt.zennative.ee\/Zen-Native-Full-Spectrum-CBD-oli-EKEI-tulemused-uuringuakt-THC-ja-CBD.pdf\" target=\"_blank\" rel=\"noopener\">PDF<\/a><\/li>\n<li>% lo100 de origen desconocido<\/li>\n<li>Botella de vidrio reciclado que bloquea la luz<\/li>\n<li>Sin aceite de palma, sin OMG y vegano<\/li>\n<li>Fabricado en Estonia<\/li>\n<\/ul>\n<\/div>\n\t\t\t\t<\/div>\n\t\t\t\t\t\t\t<div class=\"elementor-accordion-item\">\n\t\t\t\t\t<h3 id=\"elementor-tab-title-5145\" class=\"elementor-tab-title the7-accordion-header\" data-tab=\"5\" role=\"tab\" aria-controls=\"elementor-tab-content-5145\">\n\n\t\t\t\t\t\t\t\t\t\t\t\t\t<span class=\"elementor-accordion-icon elementor-accordion-icon-left\" aria-hidden=\"true\">\n\t\t\t\t\t\t\t\t\t\t\t\t\t\t\t<span class=\"elementor-accordion-icon-closed\"><i class=\"fas fa-chevron-down\"><\/i><\/span>\n\t\t\t\t\t\t\t\t\t\t\t\t\t\t\t\t\t<span class=\"elementor-accordion-icon-opened\"><i class=\"fas fa-chevron-up\"><\/i><\/span>\n\t\t\t\t\t\t\t\t\t\t\t\t\t\t\t\t\t\t\t\t\t\t<\/span>\n\t\t\t\t\t\t\t\t\t\t\t\t\t\t\t\t\t\t<a class=\"elementor-accordion-title\" href=\"\">Preparaci\u00f3n<\/a>\n\t\t\t\t\t<\/h3>\n\t\t\t\t\t<div id=\"elementor-tab-content-5145\" class=\"elementor-tab-content elementor-clearfix\" data-tab=\"5\" role=\"tabpanel\" aria-labelledby=\"elementor-tab-title-5145\"><p>El c\u00e1\u00f1amo de la m\u00e1s alta calidad se extrae mediante el<sub>m\u00e9todo de CO2 <\/sub>supercr\u00edtico y se diluye con aceite MCT de coco.<\/p>\n<p>% pComo el nivel de THC en la pulpa extra\u00edda de la planta de alta calidad supera la tolerancia de la UE de 0,3 irlandeses, lo hacemos en Suiza, donde se permite un 1% de THC. El THC en el aceite que vendemos es &lt;0,3%.<\/p>\n<p>Utilizamos este m\u00e9todo porque evita los inconvenientes de los m\u00e9todos cl\u00e1sicos como la degradaci\u00f3n t\u00e9rmica, la hidr\u00f3lisis y los residuos de disolventes.<\/p>\n<p>Al elegir Zen Native, puede estar seguro de que recibir\u00e1 el mejor CBD del mercado.<\/p>\n<\/div>\n\t\t\t\t<\/div>\n\t\t\t\t\t\t\t<div class=\"elementor-accordion-item\">\n\t\t\t\t\t<h3 id=\"elementor-tab-title-5146\" class=\"elementor-tab-title the7-accordion-header\" data-tab=\"6\" role=\"tab\" aria-controls=\"elementor-tab-content-5146\">\n\n\t\t\t\t\t\t\t\t\t\t\t\t\t<span class=\"elementor-accordion-icon elementor-accordion-icon-left\" aria-hidden=\"true\">\n\t\t\t\t\t\t\t\t\t\t\t\t\t\t\t<span class=\"elementor-accordion-icon-closed\"><i class=\"fas fa-chevron-down\"><\/i><\/span>\n\t\t\t\t\t\t\t\t\t\t\t\t\t\t\t\t\t<span class=\"elementor-accordion-icon-opened\"><i class=\"fas fa-chevron-up\"><\/i><\/span>\n\t\t\t\t\t\t\t\t\t\t\t\t\t\t\t\t\t\t\t\t\t\t<\/span>\n\t\t\t\t\t\t\t\t\t\t\t\t\t\t\t\t\t\t<a class=\"elementor-accordion-title\" href=\"\">Almacenamiento en<\/a>\n\t\t\t\t\t<\/h3>\n\t\t\t\t\t<div id=\"elementor-tab-content-5146\" class=\"elementor-tab-content elementor-clearfix\" data-tab=\"6\" role=\"tabpanel\" aria-labelledby=\"elementor-tab-title-5146\"><ul>\n<li>Conservar en la oscuridad y a temperatura ambiente<\/li>\n<li>Evitar tocar la boca o la piel con la pipeta<\/li>\n<\/ul>\n<\/div>\n\t\t\t\t<\/div>\n\t\t\t\t\t<\/div>\n\t\t\t\t\t\t<\/div>\n\t\t\t\t<\/div>\n\t\t\t\t\t<\/div>\n\t\t<\/div>\n\t\t\t\t\t<\/div>\n\t\t<\/section>\n\t\t\t\t<section class=\"elementor-section elementor-top-section elementor-element elementor-element-4aa086c elementor-section-boxed elementor-section-height-default elementor-section-height-default\" data-id=\"4aa086c\" data-element_type=\"section\" data-e-type=\"section\">\n\t\t\t\t\t\t<div class=\"elementor-container elementor-column-gap-default\">\n\t\t\t\t\t<div class=\"elementor-column elementor-col-100 elementor-top-column elementor-element elementor-element-397a537\" data-id=\"397a537\" data-element_type=\"column\" data-e-type=\"column\">\n\t\t\t<div class=\"elementor-widget-wrap elementor-element-populated\">\n\t\t\t\t\t\t<div class=\"elementor-element elementor-element-08122ab elementor-widget elementor-widget-shortcode\" data-id=\"08122ab\" data-element_type=\"widget\" data-e-type=\"widget\" data-widget_type=\"shortcode.default\">\n\t\t\t\t<div class=\"elementor-widget-container\">\n\t\t\t\t\t\t\t<div class=\"elementor-shortcode\"><script type=\"application\/ld+json\">\r\n    {\r\n      \"@context\": \"https:\/\/lt.zennative.ee\/\",\r\n      \"@type\": \"producto\",\r\n      \"name\": \"Aceite de CBD de espectro completo\",\r\n      \"imagen\": [ \"imagen\": [\r\n        \"https:\/\/lt.zennative.ee\/wp-content\/uploads\/2021\/10\/Zen-Native-5-Full-Spectrum-CBD-Oil-Taisspektri-CBD-kanepi-oli_1.png\",\r\n        \"https:\/\/lt.zennative.ee\/wp-content\/uploads\/2021\/10\/Zen-Native-Pipett-Full-Spectrum-CBD-Oil-Taisspektri-CBD-kanepi-oli.png\",\r\n        \"https:\/\/lt.zennative.ee\/wp-content\/uploads\/2021\/10\/Zen-Native-5-Full-Spectrum-CBD-Oil-Taisspektri-CBD-kanepi-oli_3.png\"\r\n       ],\r\n      \"description\": \"El aceite de CBD Full Spectrum proporciona beneficios m\u00e1s fuertes y amplios que el CBD Crystal Oil, y los efectos son notables. El aceite de CBD Full Spectrum calma la ira, la ansiedad, la inseguridad y reduce el miedo. F\u00edsicamente reduce la inflamaci\u00f3n, la tensi\u00f3n y el c\u00e1ncer. El aceite de CBD Full Spectrum contiene: todos los cannabinoides (CBD, CBG, CBC, CBN...), terpenos y flavonoides. Los extractos de la m\u00e1s alta calidad se disuelven exclusivamente en aceite MCT de coco\",\r\n      \"sku\": \"0446310786\",\r\n      }, \"brand\": {\r\n        \"@type\": \"marca\",\r\n        \"name\": \"Zen \"Native\r\n      },\r\n         }, \"aggregateRating\": {\r\n        }, \"@type\": \"aggregateRating\",\r\n        \"ratingValue\": \"5\",\r\n        \"reviewCount\": \"89\"\r\n      },\r\n      }, \"offers\": {\r\n        \"@type\": \"oferta\",\r\n        \"url\": \" \",\r\n        \"priceCurrency\": \"EUR\",\r\n        \"price\": \"129.99\",\r\n        \"priceValidUntil\": \"2022-11-20\",\r\n      }\r\n    }\r\n    <\/script><\/div>\n\t\t\t\t\t\t<\/div>\n\t\t\t\t<\/div>\n\t\t\t\t<div class=\"elementor-element elementor-element-ec82392 elementor-hidden-desktop elementor-hidden-tablet elementor-hidden-mobile elementor-widget elementor-widget-image\" data-id=\"ec82392\" data-element_type=\"widget\" data-e-type=\"widget\" data-widget_type=\"image.default\">\n\t\t\t\t<div class=\"elementor-widget-container\">\n\t\t\t\t\t\t\t\t\t\t\t\t\t\t\t<img fetchpriority=\"high\" decoding=\"async\" width=\"601\" height=\"801\" src=\"https:\/\/zennative.eu\/wp-content\/uploads\/2021\/10\/Zen-Native-5-Full-Spectrum-CBD-Oil-Taisspektri-CBD-kanepi-oli_8.png\" class=\"attachment-large size-large wp-image-63146\" alt=\"aceite de cbd\" srcset=\"https:\/\/zennative.eu\/wp-content\/uploads\/2021\/10\/Zen-Native-5-Full-Spectrum-CBD-Oil-Taisspektri-CBD-kanepi-oli_8.png 601w, https:\/\/zennative.eu\/wp-content\/uploads\/2021\/10\/Zen-Native-5-Full-Spectrum-CBD-Oil-Taisspektri-CBD-kanepi-oli_8-225x300.png 225w\" sizes=\"(max-width: 601px) 100vw, 601px\" \/>\t\t\t\t\t\t\t\t\t\t\t\t\t\t\t<\/div>\n\t\t\t\t<\/div>\n\t\t\t\t\t<\/div>\n\t\t<\/div>\n\t\t\t\t\t<\/div>\n\t\t<\/section>\n\t\t\t\t<\/div>\n\t\t","protected":false},"excerpt":{"rendered":"<p>Es un aceite de CBD concentrado con todo el poder de la planta de cannabis<\/p>\n","protected":false},"featured_media":63146,"comment_status":"closed","ping_status":"closed","template":"","meta":[],"product_brand":[],"product_cat":[782],"product_tag":[815,783,814,816,810,811,817,813,812],"class_list":{"0":"post-63145","1":"product","2":"type-product","3":"status-publish","4":"has-post-thumbnail","6":"product_cat-aceites-de-cbd","7":"product_tag-aceite-saludable","8":"product_tag-cbd-es","9":"product_tag-cbd-aceite-de-canamo","10":"product_tag-cbd-tilgad-es","11":"product_tag-espectro-completo","12":"product_tag-espectro-completo-es","13":"product_tag-gotas-de-cannabis","14":"product_tag-mct-es","15":"product_tag-terpenos-y-flavonoides-en-kenep","17":"first","18":"instock","19":"shipping-taxable","20":"purchasable","21":"product-type-variable"},"_links":{"self":[{"href":"https:\/\/zennative.eu\/es\/wp-json\/wp\/v2\/product\/63145","targetHints":{"allow":["GET"]}}],"collection":[{"href":"https:\/\/zennative.eu\/es\/wp-json\/wp\/v2\/product"}],"about":[{"href":"https:\/\/zennative.eu\/es\/wp-json\/wp\/v2\/types\/product"}],"replies":[{"embeddable":true,"href":"https:\/\/zennative.eu\/es\/wp-json\/wp\/v2\/comments?post=63145"}],"version-history":[{"count":10,"href":"https:\/\/zennative.eu\/es\/wp-json\/wp\/v2\/product\/63145\/revisions"}],"predecessor-version":[{"id":64112,"href":"https:\/\/zennative.eu\/es\/wp-json\/wp\/v2\/product\/63145\/revisions\/64112"}],"wp:featuredmedia":[{"embeddable":true,"href":"https:\/\/zennative.eu\/es\/wp-json\/wp\/v2\/media\/63146"}],"wp:attachment":[{"href":"https:\/\/zennative.eu\/es\/wp-json\/wp\/v2\/media?parent=63145"}],"wp:term":[{"taxonomy":"product_brand","embeddable":true,"href":"https:\/\/zennative.eu\/es\/wp-json\/wp\/v2\/product_brand?post=63145"},{"taxonomy":"product_cat","embeddable":true,"href":"https:\/\/zennative.eu\/es\/wp-json\/wp\/v2\/product_cat?post=63145"},{"taxonomy":"product_tag","embeddable":true,"href":"https:\/\/zennative.eu\/es\/wp-json\/wp\/v2\/product_tag?post=63145"}],"curies":[{"name":"wp","href":"https:\/\/api.w.org\/{rel}","templated":true}]}}