{"id":64316,"date":"2024-10-21T16:12:50","date_gmt":"2024-10-21T13:12:50","guid":{"rendered":"https:\/\/zennative.eu\/cbd-y-la-investigacion-clinica\/"},"modified":"2024-10-21T16:12:51","modified_gmt":"2024-10-21T13:12:51","slug":"cbd-y-la-investigacion-clinica","status":"publish","type":"page","link":"https:\/\/zennative.eu\/es\/cbd-y-la-investigacion-clinica\/","title":{"rendered":"CBD y la investigaci\u00f3n cl\u00ednica"},"content":{"rendered":"\t\t<div data-elementor-type=\"wp-page\" data-elementor-id=\"64316\" class=\"elementor elementor-64316 elementor-64283\" data-elementor-post-type=\"page\">\n\t\t\t\t\t\t<section class=\"elementor-section elementor-top-section elementor-element elementor-element-4f26e5ce elementor-section-boxed elementor-section-height-default elementor-section-height-default\" data-id=\"4f26e5ce\" data-element_type=\"section\" data-e-type=\"section\" data-settings=\"{&quot;background_background&quot;:&quot;slideshow&quot;,&quot;background_slideshow_gallery&quot;:[{&quot;id&quot;:64285,&quot;url&quot;:&quot;https:\\\/\\\/zennative.eu\\\/wp-content\\\/uploads\\\/2024\\\/10\\\/ZN_H2A8131.png&quot;}],&quot;background_slideshow_loop&quot;:&quot;yes&quot;,&quot;background_slideshow_slide_duration&quot;:5000,&quot;background_slideshow_slide_transition&quot;:&quot;fade&quot;,&quot;background_slideshow_transition_duration&quot;:500}\">\n\t\t\t\t\t\t<div class=\"elementor-container elementor-column-gap-default\">\n\t\t\t\t\t<div class=\"elementor-column elementor-col-100 elementor-top-column elementor-element elementor-element-8b79dbe\" data-id=\"8b79dbe\" data-element_type=\"column\" data-e-type=\"column\" data-settings=\"{&quot;background_background&quot;:&quot;slideshow&quot;,&quot;background_slideshow_gallery&quot;:[],&quot;background_slideshow_loop&quot;:&quot;yes&quot;,&quot;background_slideshow_slide_duration&quot;:5000,&quot;background_slideshow_slide_transition&quot;:&quot;fade&quot;,&quot;background_slideshow_transition_duration&quot;:500}\">\n\t\t\t<div class=\"elementor-widget-wrap elementor-element-populated\">\n\t\t\t\t\t\t<div class=\"elementor-element elementor-element-101e4823 elementor-widget elementor-widget-heading\" data-id=\"101e4823\" data-element_type=\"widget\" data-e-type=\"widget\" data-widget_type=\"heading.default\">\n\t\t\t\t<div class=\"elementor-widget-container\">\n\t\t\t\t\t<h1 class=\"elementor-heading-title elementor-size-default\">Investigaci\u00f3n cl\u00ednica del CBD<\/h1>\t\t\t\t<\/div>\n\t\t\t\t<\/div>\n\t\t\t\t\t<\/div>\n\t\t<\/div>\n\t\t\t\t\t<\/div>\n\t\t<\/section>\n\t\t\t\t<section class=\"elementor-section elementor-top-section elementor-element elementor-element-27f4d9d5 elementor-section-boxed elementor-section-height-default elementor-section-height-default\" data-id=\"27f4d9d5\" data-element_type=\"section\" data-e-type=\"section\">\n\t\t\t\t\t\t<div class=\"elementor-container elementor-column-gap-default\">\n\t\t\t\t\t<div class=\"elementor-column elementor-col-50 elementor-top-column elementor-element elementor-element-75575298\" data-id=\"75575298\" data-element_type=\"column\" data-e-type=\"column\">\n\t\t\t<div class=\"elementor-widget-wrap elementor-element-populated\">\n\t\t\t\t\t\t<div class=\"elementor-element elementor-element-145d8e8c elementor-invisible elementor-widget elementor-widget-text-editor\" data-id=\"145d8e8c\" data-element_type=\"widget\" data-e-type=\"widget\" data-settings=\"{&quot;_animation&quot;:&quot;fadeIn&quot;}\" data-widget_type=\"text-editor.default\">\n\t\t\t\t<div class=\"elementor-widget-container\">\n\t\t\t\t\t\t\t\t\t<h4>La investigaci\u00f3n cl\u00ednica del CBD es un campo en r\u00e1pido desarrollo centrado en investigar los beneficios del cannabis para la salud.<\/h4>\n<p> Se han publicado decenas de estudios revisados por pares que confirman que el CBD tiene una serie de efectos terap\u00e9uticos, incluido el alivio de la ansiedad, el insomnio, el dolor cr\u00f3nico y la inflamaci\u00f3n.<\/p>\n<p> Tambi\u00e9n se ha descubierto que el CBD ayuda con la epilepsia y las enfermedades neurol\u00f3gicas, como reducir la aparici\u00f3n de convulsiones en pacientes que no responden a los medicamentos convencionales.<\/p>\n<p> Aunque desde 2017 se han realizado varios ensayos cl\u00ednicos aleatorios de alta calidad, todav\u00eda se est\u00e1n llevando a cabo varios ensayos en humanos muy interesantes.<\/p>\n<h2> <strong><br \/>Investigaci\u00f3n en curso<br \/><\/strong><\/h2>\n<p> <strong>Aqu\u00ed hay un enlace a una lista<\/strong> de ensayos cl\u00ednicos en humanos en curso solo en la Universidad de San Diego, cuyos resultados estamos esperando ansiosamente:<\/p>\n<p> <strong><a href=\"https:\/\/clinicaltrials.ucsd.edu\/cannabidiol\" target=\"_blank\" rel=\"noopener\">https:\/\/clinicaltrials.ucsd.edu\/cannabidiol<\/a><br \/><\/strong><\/p>\n<p><strong><br \/><\/strong> Aqu\u00ed hay un enlace al Registro de ensayos cl\u00ednicos de la Uni\u00f3n Europea: <strong><br \/><a href=\"https:\/\/www.clinicaltrialsregister.eu\/ctr-search\/search?query=cannabidiol&amp;status=ongoing\" target=\"_blank\" rel=\"noopener\">https:\/\/www.clinicaltrialsregister.eu\/<\/a><br \/><\/strong><\/p>\n\t\t\t\t\t\t\t\t<\/div>\n\t\t\t\t<\/div>\n\t\t\t\t\t<\/div>\n\t\t<\/div>\n\t\t\t\t<div class=\"elementor-column elementor-col-50 elementor-top-column elementor-element elementor-element-3335f401\" data-id=\"3335f401\" data-element_type=\"column\" data-e-type=\"column\">\n\t\t\t<div class=\"elementor-widget-wrap elementor-element-populated\">\n\t\t\t\t\t\t<div class=\"elementor-element elementor-element-1481de77 elementor-invisible elementor-widget elementor-widget-text-editor\" data-id=\"1481de77\" data-element_type=\"widget\" data-e-type=\"widget\" data-settings=\"{&quot;_animation&quot;:&quot;fadeIn&quot;}\" data-widget_type=\"text-editor.default\">\n\t\t\t\t<div class=\"elementor-widget-container\">\n\t\t\t\t\t\t\t\t\t<h4>La posici\u00f3n de la Junta de Medicamentos de Estonia ya en 2017 con respecto a los cannabinoides en la medicina cl\u00ednica basada en la investigaci\u00f3n:<\/h4>\n<ol>\n<li style=\"list-style-type: none;\">\n<ol>\n<li> Las sustancias que afectan al sistema endocannabinoide tienen potencial de desarrollo de f\u00e1rmacos en varios campos m\u00e9dicos\n<\/li>\n<li> <span style=\"letter-spacing: var(--the7-base-letter-spacing); text-transform: var(--the7-base-text-transform); word-spacing: normal; text-decoration: var(--the7-base-text-decoration);\"><span style=\"letter-spacing: var(--the7-base-letter-spacing); text-transform: var(--the7-base-text-transform); word-spacing: normal; text-decoration: var(--the7-base-text-decoration);\">Los estados deben permitir que se realicen libremente ensayos precl\u00ednicos y cl\u00ednicos de cannabinoides para probar hip\u00f3tesis cient\u00edficamente v\u00e1lidas.\n<p><\/span><\/span><\/li>\n<li> Fumar marihuana no es un m\u00e9todo de administraci\u00f3n adecuado para su uso en medicina cl\u00ednica o para investigaci\u00f3n, se deben desarrollar preparaciones con un m\u00e9todo de administraci\u00f3n seguro y con una composici\u00f3n conocida con precisi\u00f3n;\n<\/li>\n<li> Para que una mol\u00e9cula prometedora se convierta en f\u00e1rmaco, es necesario preparar un preparado de alta calidad y demostrar un equilibrio razonable de beneficios y riesgos en ensayos cl\u00ednicos aleatorios, tambi\u00e9n para sustancias que afectan al sistema endocannabinoide;<\/li>\n<\/ol>\n<\/li>\n<\/ol>\n<ol>\n<li style=\"list-style-type: none;\"><\/li>\n<\/ol>\n<p> Fuente: M\u00e9dico estonio 2017; 96(6):354\u2013356<\/p>\n\t\t\t\t\t\t\t\t<\/div>\n\t\t\t\t<\/div>\n\t\t\t\t\t<\/div>\n\t\t<\/div>\n\t\t\t\t\t<\/div>\n\t\t<\/section>\n\t\t\t\t<section class=\"elementor-section elementor-top-section elementor-element elementor-element-db137de elementor-section-boxed elementor-section-height-default elementor-section-height-default\" data-id=\"db137de\" data-element_type=\"section\" data-e-type=\"section\">\n\t\t\t\t\t\t<div class=\"elementor-container elementor-column-gap-default\">\n\t\t\t\t\t<div class=\"elementor-column elementor-col-100 elementor-top-column elementor-element elementor-element-3bd60a72\" data-id=\"3bd60a72\" data-element_type=\"column\" data-e-type=\"column\">\n\t\t\t<div class=\"elementor-widget-wrap elementor-element-populated\">\n\t\t\t\t\t\t<div class=\"elementor-element elementor-element-44a45719 elementor-widget elementor-widget-text-editor\" data-id=\"44a45719\" data-element_type=\"widget\" data-e-type=\"widget\" data-widget_type=\"text-editor.default\">\n\t\t\t\t<div class=\"elementor-widget-container\">\n\t\t\t\t\t\t\t\t\t<h2><strong>Estudios finalizados<\/strong><\/h2>\n<\/p>\n<h4 style=\"padding-left: 40px;\"><b><\/b> <strong>CBD y alivio de la ansiedad<\/strong><b><br \/><\/b><\/h4>\n<p style=\"padding-left: 40px;\"> Un estudio de la Universidad de Colorado encontr\u00f3 que el CBD ayuda a reducir la ansiedad sin los efectos secundarios del THC.<\/p>\n<h4 style=\"padding-left: 40px;\"> <span style=\"color: #d6b069;\"><a style=\"color: #d6b069;\" href=\"http:\/\/www.colorado.edu\/today\/2024\/02\/27\/cbd-shown-ease-anxiety-without-risks-can-come-thc\" target=\"_blank\" rel=\"noopener\">\u00bb Lea el estudio en el sitio web de la Universidad de Colorado<\/a><\/span><\/h4>\n\t\t\t\t\t\t\t\t<\/div>\n\t\t\t\t<\/div>\n\t\t\t\t<div class=\"elementor-element elementor-element-59d79f06 elementor-widget elementor-widget-text-editor\" data-id=\"59d79f06\" data-element_type=\"widget\" data-e-type=\"widget\" data-widget_type=\"text-editor.default\">\n\t\t\t\t<div class=\"elementor-widget-container\">\n\t\t\t\t\t\t\t\t\t<h4 style=\"padding-left: 40px;\"><b><\/b><strong>Efectos del CBD sobre el estr\u00e9s y los problemas de sue\u00f1o<\/strong><b><br \/><\/b><\/h4>\n<p style=\"padding-left: 40px;\"> El Journal of Cannabis Research public\u00f3 un estudio que analiza el uso del CBD para tratar el estr\u00e9s, la ansiedad y los problemas de sue\u00f1o.<\/p>\n<h4 style=\"padding-left: 40px;\"> <span style=\"color: #d6b069;\"><a style=\"color: #d6b069;\" href=\"https:\/\/jcannabisresearch.biomedcentral.com\/articles\/10.1186\/s42238-021-00061-5\" target=\"_blank\" rel=\"noopener\">\u00bb Lea el estudio en el Journal of Cannabis Research<\/a><\/span><\/h4>\n\t\t\t\t\t\t\t\t<\/div>\n\t\t\t\t<\/div>\n\t\t\t\t<div class=\"elementor-element elementor-element-60f56c66 elementor-widget elementor-widget-text-editor\" data-id=\"60f56c66\" data-element_type=\"widget\" data-e-type=\"widget\" data-widget_type=\"text-editor.default\">\n\t\t\t\t<div class=\"elementor-widget-container\">\n\t\t\t\t\t\t\t\t\t<h4 style=\"padding-left: 40px;\"><b><\/b><strong>Un estudio de usuarios de CBD sobre el estr\u00e9s, el insomnio y la ansiedad.<\/strong><b><br \/><\/b><\/h4>\n<p style=\"padding-left: 40px;\"> El estudio de BioMed tiene resultados de encuestas y cuadros gr\u00e1ficos.<\/p>\n<h4 style=\"padding-left: 40px;\"> <span style=\"color: #d6b069;\"><a style=\"color: #d6b069;\" href=\"https:\/\/jcannabisresearch.biomedcentral.com\/articles\/10.1186\/s42238-021-00061-5\" target=\"_blank\" rel=\"noopener\">\u00bb Lea el estudio en la p\u00e1gina de BioMed Central<\/a><\/span><\/h4>\n\t\t\t\t\t\t\t\t<\/div>\n\t\t\t\t<\/div>\n\t\t\t\t<div class=\"elementor-element elementor-element-76d0ec45 elementor-widget elementor-widget-text-editor\" data-id=\"76d0ec45\" data-element_type=\"widget\" data-e-type=\"widget\" data-widget_type=\"text-editor.default\">\n\t\t\t\t<div class=\"elementor-widget-container\">\n\t\t\t\t\t\t\t\t\t<h4 style=\"padding-left: 40px;\"><strong>El uso de cannabis en el tratamiento del trastorno de estr\u00e9s postraum\u00e1tico y la depresi\u00f3n<\/strong><b><br \/><\/b><\/h4>\n<p style=\"padding-left: 40px;\"> El estudio destac\u00f3 que el cannabis medicinal puede mejorar los resultados de salud en caso de trastorno de estr\u00e9s postraum\u00e1tico y depresi\u00f3n, pero la dosis y el seguimiento son importantes.<\/p>\n<h4 style=\"padding-left: 40px;\"> <span style=\"color: #d6b069;\"><a style=\"color: #d6b069;\" href=\"https:\/\/www.cambridge.org\/core\/journals\/bjpsych-open\/article\/medicinal-cannabis-for-treating-posttraumatic-stress-disorder-and-comorbid-depression-realworld-evidence\/F88B15F3E00576E757ADF4915F9874A6\" target=\"_blank\" rel=\"noopener\">\u00bb Lea el estudio en la p\u00e1gina de Cambridge University Press &amp; Assessment<\/a><\/span><\/h4>\n\t\t\t\t\t\t\t\t<\/div>\n\t\t\t\t<\/div>\n\t\t\t\t<div class=\"elementor-element elementor-element-12678d2d elementor-widget elementor-widget-text-editor\" data-id=\"12678d2d\" data-element_type=\"widget\" data-e-type=\"widget\" data-widget_type=\"text-editor.default\">\n\t\t\t\t<div class=\"elementor-widget-container\">\n\t\t\t\t\t\t\t\t\t<h4 style=\"padding-left: 40px;\"><strong>Uso de cannabis medicinal para los trastornos del sue\u00f1o<\/strong><\/h4>\n<p style=\"padding-left: 40px;\"> Un estudio australiano analiz\u00f3 los efectos del cannabis en los trastornos del sue\u00f1o y descubri\u00f3 que los consumidores dorm\u00edan mejor.<\/p>\n<h4 style=\"padding-left: 40px;\"> <span style=\"color: #d6b069;\"><a style=\"color: #d6b069;\" href=\"https:\/\/www.cambridge.org\/core\/journals\/bjpsych-open\/article\/medicinal-cannabis-for-treating-posttraumatic-stress-disorder-and-comorbid-depression-realworld-evidence\/F88B15F3E00576E757ADF4915F9874A6\" target=\"_blank\" rel=\"noopener\">\u00bb Lea el estudio Nature Science of Sleep<\/a><\/span><\/h4>\n\t\t\t\t\t\t\t\t<\/div>\n\t\t\t\t<\/div>\n\t\t\t\t\t<\/div>\n\t\t<\/div>\n\t\t\t\t\t<\/div>\n\t\t<\/section>\n\t\t\t\t<section class=\"elementor-section elementor-top-section elementor-element elementor-element-632a7527 elementor-section-boxed elementor-section-height-default elementor-section-height-default\" data-id=\"632a7527\" data-element_type=\"section\" data-e-type=\"section\">\n\t\t\t\t\t\t<div class=\"elementor-container elementor-column-gap-default\">\n\t\t\t\t\t<div class=\"elementor-column elementor-col-100 elementor-top-column elementor-element elementor-element-15178cf9\" data-id=\"15178cf9\" data-element_type=\"column\" data-e-type=\"column\">\n\t\t\t<div class=\"elementor-widget-wrap elementor-element-populated\">\n\t\t\t\t\t\t<div class=\"elementor-element elementor-element-a6d842f elementor-widget elementor-widget-text-editor\" data-id=\"a6d842f\" data-element_type=\"widget\" data-e-type=\"widget\" data-widget_type=\"text-editor.default\">\n\t\t\t\t<div class=\"elementor-widget-container\">\n\t\t\t\t\t\t\t\t\t<h4><strong>Leer m\u00e1s:<\/strong> <span style=\"text-decoration: underline;\"><a href=\"https:\/\/zennative.eu\/es\/que-es-el-cbd\/\">\u00bfQu\u00e9 es el CBD?<\/a><\/span><\/p>\n<\/h4>\n<h1> ?<\/h1>\n<h4> <strong>hubo preguntas<\/strong><\/h4>\n<p> No dude en contactarnos <strong><a href=\"mailto:info@zennative.ee\">a info@zennative.ee<\/a><\/strong> o <strong><a href=\"tel:0037255524424\">al 55524424<\/a><\/strong><\/p>\n\t\t\t\t\t\t\t\t<\/div>\n\t\t\t\t<\/div>\n\t\t\t\t\t<\/div>\n\t\t<\/div>\n\t\t\t\t\t<\/div>\n\t\t<\/section>\n\t\t\t\t<\/div>\n\t\t","protected":false},"excerpt":{"rendered":"<p>Investigaci\u00f3n cl\u00ednica del CBD La investigaci\u00f3n cl\u00ednica del CBD es un campo en r\u00e1pido desarrollo centrado en investigar los beneficios del cannabis para la salud. Se han publicado decenas de estudios revisados por pares que confirman que el CBD tiene una serie de efectos terap\u00e9uticos, incluido el alivio de la ansiedad, el insomnio, el dolor&hellip;<\/p>\n","protected":false},"author":12,"featured_media":0,"parent":0,"menu_order":0,"comment_status":"closed","ping_status":"closed","template":"","meta":{"footnotes":""},"class_list":["post-64316","page","type-page","status-publish","hentry"],"_links":{"self":[{"href":"https:\/\/zennative.eu\/es\/wp-json\/wp\/v2\/pages\/64316","targetHints":{"allow":["GET"]}}],"collection":[{"href":"https:\/\/zennative.eu\/es\/wp-json\/wp\/v2\/pages"}],"about":[{"href":"https:\/\/zennative.eu\/es\/wp-json\/wp\/v2\/types\/page"}],"author":[{"embeddable":true,"href":"https:\/\/zennative.eu\/es\/wp-json\/wp\/v2\/users\/12"}],"replies":[{"embeddable":true,"href":"https:\/\/zennative.eu\/es\/wp-json\/wp\/v2\/comments?post=64316"}],"version-history":[{"count":1,"href":"https:\/\/zennative.eu\/es\/wp-json\/wp\/v2\/pages\/64316\/revisions"}],"predecessor-version":[{"id":64317,"href":"https:\/\/zennative.eu\/es\/wp-json\/wp\/v2\/pages\/64316\/revisions\/64317"}],"wp:attachment":[{"href":"https:\/\/zennative.eu\/es\/wp-json\/wp\/v2\/media?parent=64316"}],"curies":[{"name":"wp","href":"https:\/\/api.w.org\/{rel}","templated":true}]}}