{"id":63539,"date":"2024-10-02T20:27:12","date_gmt":"2024-10-02T17:27:12","guid":{"rendered":"https:\/\/zennative.eu\/preguntas-mas-frecuentes\/"},"modified":"2024-10-02T20:27:25","modified_gmt":"2024-10-02T17:27:25","slug":"preguntas-mas-frecuentes","status":"publish","type":"page","link":"https:\/\/zennative.eu\/es\/preguntas-mas-frecuentes\/","title":{"rendered":"Preguntas m\u00e1s frecuentes"},"content":{"rendered":"\t\t<div data-elementor-type=\"wp-page\" data-elementor-id=\"63539\" class=\"elementor elementor-63539 elementor-48065\" data-elementor-post-type=\"page\">\n\t\t\t\t\t\t<section class=\"elementor-section elementor-top-section elementor-element elementor-element-57e80bca elementor-section-boxed elementor-section-height-default elementor-section-height-default\" data-id=\"57e80bca\" data-element_type=\"section\" data-e-type=\"section\">\n\t\t\t\t\t\t<div class=\"elementor-container elementor-column-gap-default\">\n\t\t\t\t\t<div class=\"elementor-column elementor-col-100 elementor-top-column elementor-element elementor-element-51b0c2f4\" data-id=\"51b0c2f4\" data-element_type=\"column\" data-e-type=\"column\" data-settings=\"{&quot;background_background&quot;:&quot;slideshow&quot;,&quot;background_slideshow_gallery&quot;:[],&quot;background_slideshow_loop&quot;:&quot;yes&quot;,&quot;background_slideshow_slide_duration&quot;:5000,&quot;background_slideshow_slide_transition&quot;:&quot;fade&quot;,&quot;background_slideshow_transition_duration&quot;:500}\">\n\t\t\t<div class=\"elementor-widget-wrap elementor-element-populated\">\n\t\t\t\t\t\t<div class=\"elementor-element elementor-element-3acae558 elementor-widget elementor-widget-heading\" data-id=\"3acae558\" data-element_type=\"widget\" data-e-type=\"widget\" data-widget_type=\"heading.default\">\n\t\t\t\t<div class=\"elementor-widget-container\">\n\t\t\t\t\t<h3 class=\"elementor-heading-title elementor-size-medium\">Preguntas m\u00e1s frecuentes<\/h3>\t\t\t\t<\/div>\n\t\t\t\t<\/div>\n\t\t\t\t\t<\/div>\n\t\t<\/div>\n\t\t\t\t\t<\/div>\n\t\t<\/section>\n\t\t\t\t<section class=\"elementor-section elementor-top-section elementor-element elementor-element-73d99d58 elementor-section-boxed elementor-section-height-default elementor-section-height-default\" data-id=\"73d99d58\" data-element_type=\"section\" data-e-type=\"section\">\n\t\t\t\t\t\t<div class=\"elementor-container elementor-column-gap-default\">\n\t\t\t\t\t<div class=\"elementor-column elementor-col-50 elementor-top-column elementor-element elementor-element-4da32985\" data-id=\"4da32985\" data-element_type=\"column\" data-e-type=\"column\">\n\t\t\t<div class=\"elementor-widget-wrap elementor-element-populated\">\n\t\t\t\t\t\t<section class=\"elementor-section elementor-inner-section elementor-element elementor-element-62db05fc elementor-section-boxed elementor-section-height-default elementor-section-height-default\" data-id=\"62db05fc\" data-element_type=\"section\" data-e-type=\"section\" data-settings=\"{&quot;sticky&quot;:&quot;top&quot;,&quot;sticky_offset&quot;:50,&quot;sticky_parent&quot;:&quot;yes&quot;,&quot;sticky_on&quot;:[&quot;desktop&quot;,&quot;tablet&quot;,&quot;mobile&quot;],&quot;sticky_effects_offset&quot;:0,&quot;sticky_anchor_link_offset&quot;:0}\">\n\t\t\t\t\t\t<div class=\"elementor-container elementor-column-gap-default\">\n\t\t\t\t\t<div class=\"elementor-column elementor-col-100 elementor-inner-column elementor-element elementor-element-53791366\" data-id=\"53791366\" data-element_type=\"column\" data-e-type=\"column\">\n\t\t\t<div class=\"elementor-widget-wrap elementor-element-populated\">\n\t\t\t\t\t\t<div class=\"elementor-element elementor-element-4c4e91fc elementor-widget elementor-widget-table-of-contents\" data-id=\"4c4e91fc\" data-element_type=\"widget\" data-e-type=\"widget\" data-settings=\"{&quot;headings_by_tags&quot;:[&quot;h3&quot;],&quot;exclude_headings_by_selector&quot;:[],&quot;marker_view&quot;:&quot;bullets&quot;,&quot;icon&quot;:{&quot;value&quot;:&quot;&quot;,&quot;library&quot;:&quot;&quot;},&quot;no_headings_message&quot;:&quot;No se ha encontrado ning\\u00fan encabezado en esta p\\u00e1gina.&quot;,&quot;hierarchical_view&quot;:&quot;yes&quot;,&quot;min_height&quot;:{&quot;unit&quot;:&quot;px&quot;,&quot;size&quot;:&quot;&quot;,&quot;sizes&quot;:[]},&quot;min_height_tablet&quot;:{&quot;unit&quot;:&quot;px&quot;,&quot;size&quot;:&quot;&quot;,&quot;sizes&quot;:[]},&quot;min_height_mobile&quot;:{&quot;unit&quot;:&quot;px&quot;,&quot;size&quot;:&quot;&quot;,&quot;sizes&quot;:[]}}\" data-widget_type=\"table-of-contents.default\">\n\t\t\t\t<div class=\"elementor-widget-container\">\n\t\t\t\t\t\t\t\t\t<div class=\"elementor-toc__header\">\n\t\t\t\t\t\t<h4 class=\"elementor-toc__header-title\">\n\t\t\t\t\u00cdndice\t\t\t<\/h4>\n\t\t\t\t\t\t\t\t<\/div>\n\t\t\t\t<div id=\"elementor-toc__4c4e91fc\" class=\"elementor-toc__body\">\n\t\t\t<div class=\"elementor-toc__spinner-container\">\n\t\t\t\t<i class=\"elementor-toc__spinner eicon-animation-spin eicon-loading\" aria-hidden=\"true\"><\/i>\t\t\t<\/div>\n\t\t<\/div>\n\t\t\t\t\t\t<\/div>\n\t\t\t\t<\/div>\n\t\t\t\t\t<\/div>\n\t\t<\/div>\n\t\t\t\t\t<\/div>\n\t\t<\/section>\n\t\t\t\t\t<\/div>\n\t\t<\/div>\n\t\t\t\t<div class=\"elementor-column elementor-col-50 elementor-top-column elementor-element elementor-element-388a7df2\" data-id=\"388a7df2\" data-element_type=\"column\" data-e-type=\"column\">\n\t\t\t<div class=\"elementor-widget-wrap elementor-element-populated\">\n\t\t\t\t\t\t<div class=\"elementor-element elementor-element-51beb8a5 elementor-widget elementor-widget-text-editor\" data-id=\"51beb8a5\" data-element_type=\"widget\" data-e-type=\"widget\" data-widget_type=\"text-editor.default\">\n\t\t\t\t<div class=\"elementor-widget-container\">\n\t\t\t\t\t\t\t\t\t<h3>1) \u00bfCu\u00e1l es la diferencia entre una botella negra y una blanca?<\/h3>\n<p>El frasco negro contiene el aceite elaborado a partir del extracto de la planta entera. La botella blanca contiene el aceite elaborado a partir del cristal de CBD puro separado del extracto. <br \/>La botella negra no s\u00f3lo contiene CBD, sino tambi\u00e9n todos los cannabinoides (incluido el THC), flavonoides y terpenos que se encuentran en la planta, antioxidantes naturales y aceites esenciales.<\/p>\n<p>El aceite de la botella blanca contiene s\u00f3lo CBD + aceite portador ( aceite de coco MCT ).<\/p>\n<p>% ja% tuTanto Full Spectrum como Crystallized CBD est\u00e1n disponibles en gevels de 5%, 15 30.<\/p>\n\t\t\t\t\t\t\t\t<\/div>\n\t\t\t\t<\/div>\n\t\t\t\t<div class=\"elementor-element elementor-element-197ea9ad elementor-widget elementor-widget-text-editor\" data-id=\"197ea9ad\" data-element_type=\"widget\" data-e-type=\"widget\" data-widget_type=\"text-editor.default\">\n\t\t\t\t<div class=\"elementor-widget-container\">\n\t\t\t\t\t\t\t\t\t<h3>2) \u00bfQu\u00e9 aceite es mejor para m\u00ed?<\/h3>\n<p>Si buscas alivio para la ansiedad, el dolor, el sue\u00f1o u otros problemas de salud, te recomendamos el aceite Full Spectrum. El amplio espectro de ingredientes es m\u00e1s eficaz que el CBD puro.<\/p>\n<p>Las part\u00edculas que se encuentran en el frasco negro son necesarias para garantizar los efectos m\u00e1s amplios del aceite de CBD. El aceite CBD Crystal tiene un efecto menos perceptible en comparaci\u00f3n con el aceite Full Spectrum. Crystal CBD puede ser utilizado por atletas de \u00e9lite, por ejemplo, porque el CBD est\u00e1 aprobado por la Agencia Mundial Antidopaje.<\/p>\n<p>El aceite CBD Crystal Serum o CBD Isolate es m\u00e1s adecuado para personas sensibles y para quienes s\u00f3lo necesitan los efectos del CBD. Adem\u00e1s, el Aceite Cristal no tiene color, sabor ni olor. Tambi\u00e9n, el aceite en la botella blanca es mejor para aquellos que van a un pa\u00eds donde incluso una peque\u00f1a cantidad de THC est\u00e1 prohibida.<\/p>\n<p>Cuando viajes, comprueba las leyes de tu destino antes de llevarte cualquier aceite.<\/p>\n<p>No dude en ponerse en contacto con nosotros para encontrar el producto adecuado para usted.<\/p>\n\t\t\t\t\t\t\t\t<\/div>\n\t\t\t\t<\/div>\n\t\t\t\t<div class=\"elementor-element elementor-element-612be137 elementor-widget elementor-widget-text-editor\" data-id=\"612be137\" data-element_type=\"widget\" data-e-type=\"widget\" data-widget_type=\"text-editor.default\">\n\t\t\t\t<div class=\"elementor-widget-container\">\n\t\t\t\t\t\t\t\t\t<h3>3) \u00bfQu\u00e9 potencia debo elegir? \u00bfCu\u00e1l es la diferencia entre los distintos porcentajes?<\/h3>\n<p>El porcentaje indica la cantidad de CBD que contiene el producto. Por ejemplo, un aceite con una concentraci\u00f3n del \u00ab15%\u00bb contiene 1500 mg de CBD.<\/p>\n<p>Todos los frascos tienen el mismo tama\u00f1o (10 ml) y contienen al menos 200 gotas.<\/p>\n<p>Full Spectrum 5% es un aceite bajo en CBD y es una buena elecci\u00f3n para ni\u00f1os y mascotas.<\/p>\n<p>% sFull Spectrum 15 es adecuado para quienes experimentan ansiedad leve o trastornos del sue\u00f1o de vez en cuando.<\/p>\n<p>% oFull Spectrum 30 es la opci\u00f3n m\u00e1s conveniente y econ\u00f3mica para una cura.<\/p>\n\t\t\t\t\t\t\t\t<\/div>\n\t\t\t\t<\/div>\n\t\t\t\t<div class=\"elementor-element elementor-element-2991d14c elementor-widget elementor-widget-text-editor\" data-id=\"2991d14c\" data-element_type=\"widget\" data-e-type=\"widget\" data-widget_type=\"text-editor.default\">\n\t\t\t\t<div class=\"elementor-widget-container\">\n\t\t\t\t\t\t\t\t\t<h3>4) \u00bfCu\u00e1ntas gotas debo usar?<\/h3>\n<p>Comience a utilizar el aceite de CBD de la siguiente manera<\/p>\n<p>5%: 1 gota por cada 2,5 kg de peso corporal<\/p>\n<p>15%: 1 gota por cada 7,5 kg de peso corporal<\/p>\n<p>30%: 1 gota por cada 15 kg de peso corporal<\/p>\n<p>El m\u00e1ximo recomendado es hasta diez veces superior. Controle c\u00f3mo se siente y ajuste la dosis o repita la dosis si es necesario.<\/p>\n\t\t\t\t\t\t\t\t<\/div>\n\t\t\t\t<\/div>\n\t\t\t\t<div class=\"elementor-element elementor-element-7a4d8311 elementor-widget elementor-widget-text-editor\" data-id=\"7a4d8311\" data-element_type=\"widget\" data-e-type=\"widget\" data-widget_type=\"text-editor.default\">\n\t\t\t\t<div class=\"elementor-widget-container\">\n\t\t\t\t\t\t\t\t\t<h3>5) \u00bfCu\u00e1les son las experiencias de otros clientes?<\/h3>\n<p>Los comentarios de nuestros clientes son muy positivos. Muchos han experimentado mejoras significativas y alivio de diversos problemas de salud.<\/p>\n<p>Hemos recopilado varias historias de clientes en nuestro rinc\u00f3n de lectura. <br \/>Lea c\u00f3mo han encontrado alivio a diversos problemas de salud con el aceite de CBD:<\/p>\n<p><a href=\"https:\/\/zennative.eu\/es\/rincon-de-lectura-blog-y-testimonios\/\" target=\"_blank\" rel=\"noopener\">https:\/\/zennative.eu\/lugemisnurk-ehk-blogi\/<\/a><\/p>\n<p>Puede leer los comentarios de los clientes sobre los productos aqu\u00ed:<\/p>\n<p><a href=\"https:\/\/www.trustindex.io\/reviews\/www.zennative.com?lang=et\" target=\"_blank\" rel=\"noopener\">https:\/\/www.trustindex.io\/reviews\/www.zennative.com?lang=et<\/a><\/p>\n\t\t\t\t\t\t\t\t<\/div>\n\t\t\t\t<\/div>\n\t\t\t\t<div class=\"elementor-element elementor-element-17accceb elementor-widget elementor-widget-text-editor\" data-id=\"17accceb\" data-element_type=\"widget\" data-e-type=\"widget\" data-widget_type=\"text-editor.default\">\n\t\t\t\t<div class=\"elementor-widget-container\">\n\t\t\t\t\t\t\t\t\t<h3>6) \u00bfEs adictivo el aceite de CBD? \u00bfCu\u00e1l es la diferencia con el THC?<\/h3>\n<p>No, el aceite de CBD no es psicoactivo y no es adictivo. Aunque el<strong>aceite<\/strong> Full <strong>Spectrum contiene una peque\u00f1a cantidad de<\/strong> THC (el componente psicotr\u00f3pico de la planta de cannabis), <strong>la cantidad permitida es tan baja que no produce un efecto intoxicante.<\/strong><\/p>\n<p>Los aceites Zen Native CBD Full Spectrum contienen los baj\u00edsimos niveles de THC que se dan de forma natural en una planta de CBD de alta calidad (legalmente permitido &lt;0,3%)<\/p>\n<p>Los Aceites Crystal CBD contienen \u00fanicamente CBD sin ning\u00fan otro cannabinoide.<\/p>\n\t\t\t\t\t\t\t\t<\/div>\n\t\t\t\t<\/div>\n\t\t\t\t<div class=\"elementor-element elementor-element-185acba0 elementor-widget elementor-widget-text-editor\" data-id=\"185acba0\" data-element_type=\"widget\" data-e-type=\"widget\" data-widget_type=\"text-editor.default\">\n\t\t\t\t<div class=\"elementor-widget-container\">\n\t\t\t\t\t\t\t\t\t<h3>7) \u00bfDurante cu\u00e1nto tiempo debo tomar aceite de CBD?<\/h3>\n<p>Recomendamos empezar con un tratamiento de 1 a 3 meses seguido de un descanso de 1 a 2 meses. Dependiendo de c\u00f3mo te sientas, puedes prolongar el tratamiento o acortar el descanso. Cada persona y situaci\u00f3n es diferente. <strong>Consulte a nuestro servicio de atenci\u00f3n al cliente. <\/strong><\/p>\n\t\t\t\t\t\t\t\t<\/div>\n\t\t\t\t<\/div>\n\t\t\t\t<div class=\"elementor-element elementor-element-6034a460 elementor-widget elementor-widget-text-editor\" data-id=\"6034a460\" data-element_type=\"widget\" data-e-type=\"widget\" data-widget_type=\"text-editor.default\">\n\t\t\t\t<div class=\"elementor-widget-container\">\n\t\t\t\t\t\t\t\t\t<h3>8) \u00bfCu\u00e1nto tarda en hacer efecto el aceite de CBD?<\/h3>\n<p>Los efectos a corto plazo, como la ansiedad o el alivio del dolor, pueden notarse tan pronto como 5-30 minutos despu\u00e9s de la ingesti\u00f3n. Para problemas de salud m\u00e1s graves y para conseguir beneficios a largo plazo, el cambio celular tarda de 2 a 6 semanas. En la mayor\u00eda de los casos, merece la pena prolongar el r\u00e9gimen durante 1-2 meses m\u00e1s para garantizar que los resultados se mantengan.<\/p>\n\t\t\t\t\t\t\t\t<\/div>\n\t\t\t\t<\/div>\n\t\t\t\t<div class=\"elementor-element elementor-element-69a85a41 elementor-widget elementor-widget-text-editor\" data-id=\"69a85a41\" data-element_type=\"widget\" data-e-type=\"widget\" data-widget_type=\"text-editor.default\">\n\t\t\t\t<div class=\"elementor-widget-container\">\n\t\t\t\t\t\t\t\t\t<h3>9) \u00bfC\u00f3mo tomar el aceite de CBD?<\/h3>\n<p><strong>Gotee el aceite bajo la lengua y mant\u00e9ngalo<\/strong> ah\u00ed durante 1 minuto antes de tragarlo. El CBD se absorbe m\u00e1s eficazmente a trav\u00e9s de la mucosa oral. Tragar el aceite reduce inmediatamente la eficacia del aceite de CBD. Cuando se utiliza externamente, masajear suavemente el aceite en la zona problem\u00e1tica. aplique 1 gota en una zona del tama\u00f1o de la palma de la mano.<\/p>\n\t\t\t\t\t\t\t\t<\/div>\n\t\t\t\t<\/div>\n\t\t\t\t<div class=\"elementor-element elementor-element-7bcfa4e6 elementor-widget elementor-widget-text-editor\" data-id=\"7bcfa4e6\" data-element_type=\"widget\" data-e-type=\"widget\" data-widget_type=\"text-editor.default\">\n\t\t\t\t<div class=\"elementor-widget-container\">\n\t\t\t\t\t\t\t\t\t<h3>10) \u00bfCu\u00e1l es el mejor momento para tomar aceite de CBD?<\/h3>\n<p>Recomendamos tomar aceite de CBD unos 30 minutos antes de acostarse. Tambi\u00e9n puede tomar el aceite por la ma\u00f1ana y\/o durante el d\u00eda para aliviar la ansiedad o depresi\u00f3n diarias. Si el aceite Full Spectrum provoca somnolencia o mareos inc\u00f3modos, reduce la cantidad o sustit\u00fayelo por aceite Crystal CBD y deja el aceite Full Spectrum para la noche.<\/p>\n<p>Es importante recordar que los efectos pueden variar dependiendo del tipo de aceite. <br \/>Controla tu bienestar y ajusta el momento de la ingesta si es necesario, y consulta con el servicio de atenci\u00f3n al cliente de Zen Native.<\/p>\n<p>En casos aislados, puede haber alguna molestia en el abdomen o en otra parte en el primer uso. Esto suele indicar que hay una deficiencia de cannabinoides en el cuerpo y que la persona los necesita desesperadamente, y puede indicar que se est\u00e1n produciendo cambios en el cuerpo. Si el malestar no desaparece en unos d\u00edas, por favor, deje de usarlo y p\u00f3ngase en contacto con nuestro equipo de atenci\u00f3n al cliente inmediatamente.<\/p>\n\t\t\t\t\t\t\t\t<\/div>\n\t\t\t\t<\/div>\n\t\t\t\t<div class=\"elementor-element elementor-element-4a468ab7 elementor-widget elementor-widget-text-editor\" data-id=\"4a468ab7\" data-element_type=\"widget\" data-e-type=\"widget\" data-widget_type=\"text-editor.default\">\n\t\t\t\t<div class=\"elementor-widget-container\">\n\t\t\t\t\t\t\t\t\t<h3>11) \u00bfPor qu\u00e9 son tan caros los aceites de CBD?<\/h3>\n<p>La producci\u00f3n de aceites de CBD es compleja y requiere mucho trabajo. Esto se refleja en el precio de los productos.<\/p>\n<p>Nuestros precios est\u00e1n determinados por:<\/p>\n<ul>\n<li>El producto de mayor calidad proviene de una semilla de alta calidad y su cultivo en la naturaleza pura de Hiiumaa;<\/li>\n<li>Para conseguir el espectro m\u00e1s amplio, utilizamos s\u00f3lo plantas con flor, no biomasa;<\/li>\n<li>El uso de la costosa extracci\u00f3n con CO2 para producir el extracto m\u00e1s puro;<\/li>\n<li>Producci\u00f3n artesanal en peque\u00f1os lotes en laboratorio y envasado;<\/li>\n<li>Mano de obra local estonia;<\/li>\n<li>Extensi\u00f3n, consulta y asesoramiento diarios;<\/li>\n<\/ul>\n\t\t\t\t\t\t\t\t<\/div>\n\t\t\t\t<\/div>\n\t\t\t\t\t<\/div>\n\t\t<\/div>\n\t\t\t\t\t<\/div>\n\t\t<\/section>\n\t\t\t\t<section class=\"elementor-section elementor-top-section elementor-element elementor-element-5716ef39 elementor-section-boxed elementor-section-height-default elementor-section-height-default\" data-id=\"5716ef39\" data-element_type=\"section\" data-e-type=\"section\">\n\t\t\t\t\t\t<div class=\"elementor-container elementor-column-gap-default\">\n\t\t\t\t\t<div class=\"elementor-column elementor-col-100 elementor-top-column elementor-element elementor-element-2411c6a\" data-id=\"2411c6a\" data-element_type=\"column\" data-e-type=\"column\">\n\t\t\t<div class=\"elementor-widget-wrap elementor-element-populated\">\n\t\t\t\t\t\t<div class=\"elementor-element elementor-element-4f5d82d9 elementor-widget elementor-widget-text-editor\" data-id=\"4f5d82d9\" data-element_type=\"widget\" data-e-type=\"widget\" data-widget_type=\"text-editor.default\">\n\t\t\t\t<div class=\"elementor-widget-container\">\n\t\t\t\t\t\t\t\t\t<h1>?<\/h1>\n<p><strong>\u00bfNo encuentra la respuesta?<\/strong><\/p>\n<p>P\u00f3ngase en contacto con nosotros: <\/p>\n<p>Por tel\u00e9fono: <a href=\"tel:55524424\">55524424,<\/a> Por correo electr\u00f3nico:<a href=\"mailto:info@zennative.ee\">info@zennative.ee<\/a> Por chat en el sitio web: www.zennative.ee<\/p>\n\t\t\t\t\t\t\t\t<\/div>\n\t\t\t\t<\/div>\n\t\t\t\t\t<\/div>\n\t\t<\/div>\n\t\t\t\t\t<\/div>\n\t\t<\/section>\n\t\t\t\t<\/div>\n\t\t","protected":false},"excerpt":{"rendered":"<p>Preguntas m\u00e1s frecuentes \u00cdndice 1) \u00bfCu\u00e1l es la diferencia entre una botella negra y una blanca? El frasco negro contiene el aceite elaborado a partir del extracto de la planta entera. La botella blanca contiene el aceite elaborado a partir del cristal de CBD puro separado del extracto. La botella negra no s\u00f3lo contiene CBD,&hellip;<\/p>\n","protected":false},"author":12,"featured_media":0,"parent":0,"menu_order":0,"comment_status":"closed","ping_status":"closed","template":"","meta":{"footnotes":""},"class_list":["post-63539","page","type-page","status-publish","hentry"],"_links":{"self":[{"href":"https:\/\/zennative.eu\/es\/wp-json\/wp\/v2\/pages\/63539","targetHints":{"allow":["GET"]}}],"collection":[{"href":"https:\/\/zennative.eu\/es\/wp-json\/wp\/v2\/pages"}],"about":[{"href":"https:\/\/zennative.eu\/es\/wp-json\/wp\/v2\/types\/page"}],"author":[{"embeddable":true,"href":"https:\/\/zennative.eu\/es\/wp-json\/wp\/v2\/users\/12"}],"replies":[{"embeddable":true,"href":"https:\/\/zennative.eu\/es\/wp-json\/wp\/v2\/comments?post=63539"}],"version-history":[{"count":1,"href":"https:\/\/zennative.eu\/es\/wp-json\/wp\/v2\/pages\/63539\/revisions"}],"predecessor-version":[{"id":63540,"href":"https:\/\/zennative.eu\/es\/wp-json\/wp\/v2\/pages\/63539\/revisions\/63540"}],"wp:attachment":[{"href":"https:\/\/zennative.eu\/es\/wp-json\/wp\/v2\/media?parent=63539"}],"curies":[{"name":"wp","href":"https:\/\/api.w.org\/{rel}","templated":true}]}}