{"id":63360,"date":"2024-10-02T20:20:16","date_gmt":"2024-10-02T17:20:16","guid":{"rendered":"https:\/\/zennative.eu\/rincon-de-lectura-blog-y-testimonios\/"},"modified":"2024-10-02T20:26:10","modified_gmt":"2024-10-02T17:26:10","slug":"rincon-de-lectura-blog-y-testimonios","status":"publish","type":"page","link":"https:\/\/zennative.eu\/es\/rincon-de-lectura-blog-y-testimonios\/","title":{"rendered":"Rinc\u00f3n de lectura, blog y testimonios"},"content":{"rendered":"\t\t<div data-elementor-type=\"wp-page\" data-elementor-id=\"63360\" class=\"elementor elementor-63360 elementor-41911\" data-elementor-post-type=\"page\">\n\t\t\t\t\t\t<section class=\"elementor-section elementor-top-section elementor-element elementor-element-d44d6a9 elementor-section-boxed elementor-section-height-default elementor-section-height-default\" data-id=\"d44d6a9\" data-element_type=\"section\" data-e-type=\"section\">\n\t\t\t\t\t\t<div class=\"elementor-container elementor-column-gap-default\">\n\t\t\t\t\t<div class=\"elementor-column elementor-col-100 elementor-top-column elementor-element elementor-element-a79eb61\" data-id=\"a79eb61\" data-element_type=\"column\" data-e-type=\"column\">\n\t\t\t<div class=\"elementor-widget-wrap elementor-element-populated\">\n\t\t\t\t\t\t<div class=\"elementor-element elementor-element-b025f16 elementor-hidden-desktop elementor-hidden-tablet elementor-hidden-mobile elementor-widget elementor-widget-image\" data-id=\"b025f16\" data-element_type=\"widget\" data-e-type=\"widget\" data-widget_type=\"image.default\">\n\t\t\t\t<div class=\"elementor-widget-container\">\n\t\t\t\t\t\t\t\t\t\t\t\t\t\t\t<img fetchpriority=\"high\" decoding=\"async\" width=\"754\" height=\"129\" src=\"https:\/\/zennative.eu\/wp-content\/uploads\/2022\/09\/Zen_Native_Logo_EST.png\" class=\"attachment-large size-large wp-image-44342\" alt=\"blogi\" srcset=\"https:\/\/zennative.eu\/wp-content\/uploads\/2022\/09\/Zen_Native_Logo_EST.png 754w, https:\/\/zennative.eu\/wp-content\/uploads\/2022\/09\/Zen_Native_Logo_EST-300x51.png 300w\" sizes=\"(max-width: 754px) 100vw, 754px\" \/>\t\t\t\t\t\t\t\t\t\t\t\t\t\t\t<\/div>\n\t\t\t\t<\/div>\n\t\t\t\t<div class=\"elementor-element elementor-element-324b0a3 elementor-grid-3 elementor-grid-tablet-2 elementor-grid-mobile-1 elementor-posts--thumbnail-top elementor-widget elementor-widget-posts\" data-id=\"324b0a3\" data-element_type=\"widget\" data-e-type=\"widget\" data-settings=\"{&quot;classic_columns&quot;:&quot;3&quot;,&quot;classic_columns_tablet&quot;:&quot;2&quot;,&quot;classic_columns_mobile&quot;:&quot;1&quot;,&quot;classic_row_gap&quot;:{&quot;unit&quot;:&quot;px&quot;,&quot;size&quot;:35,&quot;sizes&quot;:[]},&quot;classic_row_gap_tablet&quot;:{&quot;unit&quot;:&quot;px&quot;,&quot;size&quot;:&quot;&quot;,&quot;sizes&quot;:[]},&quot;classic_row_gap_mobile&quot;:{&quot;unit&quot;:&quot;px&quot;,&quot;size&quot;:&quot;&quot;,&quot;sizes&quot;:[]}}\" data-widget_type=\"posts.classic\">\n\t\t\t\t<div class=\"elementor-widget-container\">\n\t\t\t\t\t\t\t<div class=\"elementor-posts-container elementor-posts elementor-posts--skin-classic elementor-grid\" role=\"list\">\n\t\t\t\t<article class=\"elementor-post elementor-grid-item post-63605 post type-post status-publish format-standard has-post-thumbnail hentry category-sin-categorizar category-745 description-off\" role=\"listitem\">\n\t\t\t\t<a class=\"elementor-post__thumbnail__link\" href=\"https:\/\/zennative.eu\/es\/sin-categorizar\/con-la-llegada-de-la-primavera-como-apoyar-el-cuerpo-y-la-mente-con-la-ayuda-del-canamo-cbd\/\" tabindex=\"-1\">\n\t\t\t<div class=\"elementor-post__thumbnail\"><img decoding=\"async\" width=\"1600\" height=\"900\" src=\"https:\/\/zennative.eu\/wp-content\/uploads\/2024\/04\/wfj1iaq1.c3x.jpg\" class=\"attachment-full size-full wp-image-63608\" alt=\"\" srcset=\"https:\/\/zennative.eu\/wp-content\/uploads\/2024\/04\/wfj1iaq1.c3x.jpg 1600w, https:\/\/zennative.eu\/wp-content\/uploads\/2024\/04\/wfj1iaq1.c3x-1200x675.jpg 1200w, https:\/\/zennative.eu\/wp-content\/uploads\/2024\/04\/wfj1iaq1.c3x-300x169.jpg 300w, https:\/\/zennative.eu\/wp-content\/uploads\/2024\/04\/wfj1iaq1.c3x-1024x576.jpg 1024w, https:\/\/zennative.eu\/wp-content\/uploads\/2024\/04\/wfj1iaq1.c3x-768x432.jpg 768w, https:\/\/zennative.eu\/wp-content\/uploads\/2024\/04\/wfj1iaq1.c3x-1536x864.jpg 1536w\" sizes=\"(max-width: 1600px) 100vw, 1600px\" \/><\/div>\n\t\t<\/a>\n\t\t\t\t<div class=\"elementor-post__text\">\n\t\t\t\t<h3 class=\"elementor-post__title\">\n\t\t\t<a href=\"https:\/\/zennative.eu\/es\/sin-categorizar\/con-la-llegada-de-la-primavera-como-apoyar-el-cuerpo-y-la-mente-con-la-ayuda-del-canamo-cbd\/\">\n\t\t\t\tCon la llegada de la primavera, \u00bfc\u00f3mo apoyar el cuerpo y la mente con la ayuda del c\u00e1\u00f1amo CBD?\t\t\t<\/a>\n\t\t<\/h3>\n\t\t\t\t<div class=\"elementor-post__meta-data\">\n\t\t\t\t\t<span class=\"elementor-post-date\">\n\t\t\t2. Oct 2024\t\t<\/span>\n\t\t\t\t<\/div>\n\t\t\t\t<div class=\"elementor-post__excerpt\">\n\t\t\t<p>Aunque el oscuro y largo invierno va retrocediendo lentamente y la naturaleza ya muestra los primeros signos de la primavera, resulta dif\u00edcil adaptarse a la<\/p>\n\t\t<\/div>\n\t\t\n\t\t<a class=\"elementor-post__read-more\" href=\"https:\/\/zennative.eu\/es\/sin-categorizar\/con-la-llegada-de-la-primavera-como-apoyar-el-cuerpo-y-la-mente-con-la-ayuda-del-canamo-cbd\/\" aria-label=\"M\u00e1s informaci\u00f3n sobre Con la llegada de la primavera, \u00bfc\u00f3mo apoyar el cuerpo y la mente con la ayuda del c\u00e1\u00f1amo CBD?\" tabindex=\"-1\">\n\t\t\tLeer m\u00e1s \"\t\t<\/a>\n\n\t\t\t\t<\/div>\n\t\t\t\t<\/article>\n\t\t\t\t<article class=\"elementor-post elementor-grid-item post-63587 post type-post status-publish format-standard has-post-thumbnail hentry category-sin-categorizar\" role=\"listitem\">\n\t\t\t\t<a class=\"elementor-post__thumbnail__link\" href=\"https:\/\/zennative.eu\/es\/sin-categorizar\/historia-de-experiencia-una-abuela-de-60-anos-recupero-la-energia-y-la-alegria-con-aceite-de-canamo-natural\/\" tabindex=\"-1\">\n\t\t\t<div class=\"elementor-post__thumbnail\"><img decoding=\"async\" width=\"1200\" height=\"711\" src=\"https:\/\/zennative.eu\/wp-content\/uploads\/2023\/08\/6606d5cd-2ebf-418e-b01a-64fda2c94999.jpg\" class=\"attachment-full size-full wp-image-63588\" alt=\"\" srcset=\"https:\/\/zennative.eu\/wp-content\/uploads\/2023\/08\/6606d5cd-2ebf-418e-b01a-64fda2c94999.jpg 1200w, https:\/\/zennative.eu\/wp-content\/uploads\/2023\/08\/6606d5cd-2ebf-418e-b01a-64fda2c94999-300x178.jpg 300w, https:\/\/zennative.eu\/wp-content\/uploads\/2023\/08\/6606d5cd-2ebf-418e-b01a-64fda2c94999-1024x607.jpg 1024w, https:\/\/zennative.eu\/wp-content\/uploads\/2023\/08\/6606d5cd-2ebf-418e-b01a-64fda2c94999-768x455.jpg 768w\" sizes=\"(max-width: 1200px) 100vw, 1200px\" \/><\/div>\n\t\t<\/a>\n\t\t\t\t<div class=\"elementor-post__text\">\n\t\t\t\t<h3 class=\"elementor-post__title\">\n\t\t\t<a href=\"https:\/\/zennative.eu\/es\/sin-categorizar\/historia-de-experiencia-una-abuela-de-60-anos-recupero-la-energia-y-la-alegria-con-aceite-de-canamo-natural\/\">\n\t\t\t\tHISTORIA DE EXPERIENCIA | Una abuela de 60 a\u00f1os recuper\u00f3 la energ\u00eda y la alegr\u00eda con aceite de c\u00e1\u00f1amo natural\t\t\t<\/a>\n\t\t<\/h3>\n\t\t\t\t<div class=\"elementor-post__meta-data\">\n\t\t\t\t\t<span class=\"elementor-post-date\">\n\t\t\t2. Oct 2024\t\t<\/span>\n\t\t\t\t<\/div>\n\t\t\t\t<div class=\"elementor-post__excerpt\">\n\t\t\t<p>El trastorno por d\u00e9ficit de atenci\u00f3n, la ansiedad y la depresi\u00f3n a menudo se consideran \u00abenfermedades de la nueva era\u00bb que afectan principalmente a los<\/p>\n\t\t<\/div>\n\t\t\n\t\t<a class=\"elementor-post__read-more\" href=\"https:\/\/zennative.eu\/es\/sin-categorizar\/historia-de-experiencia-una-abuela-de-60-anos-recupero-la-energia-y-la-alegria-con-aceite-de-canamo-natural\/\" aria-label=\"M\u00e1s informaci\u00f3n sobre HISTORIA DE EXPERIENCIA | Una abuela de 60 a\u00f1os recuper\u00f3 la energ\u00eda y la alegr\u00eda con aceite de c\u00e1\u00f1amo natural\" tabindex=\"-1\">\n\t\t\tLeer m\u00e1s \"\t\t<\/a>\n\n\t\t\t\t<\/div>\n\t\t\t\t<\/article>\n\t\t\t\t<article class=\"elementor-post elementor-grid-item post-63575 post type-post status-publish format-standard has-post-thumbnail hentry category-sin-categorizar\" role=\"listitem\">\n\t\t\t\t<a class=\"elementor-post__thumbnail__link\" href=\"https:\/\/zennative.eu\/es\/sin-categorizar\/el-medico-de-los-hombres-da-consejos-como-aumentar-los-niveles-de-testosterona-y-deshacerse-de-un-problema-comun-de-salud-masculina\/\" tabindex=\"-1\">\n\t\t\t<div class=\"elementor-post__thumbnail\"><img loading=\"lazy\" decoding=\"async\" width=\"1200\" height=\"711\" src=\"https:\/\/zennative.eu\/wp-content\/uploads\/2023\/08\/def6bc00-a916-11ed-92ef-9979847b0d0d.jpg\" class=\"attachment-full size-full wp-image-63576\" alt=\"\" srcset=\"https:\/\/zennative.eu\/wp-content\/uploads\/2023\/08\/def6bc00-a916-11ed-92ef-9979847b0d0d.jpg 1200w, https:\/\/zennative.eu\/wp-content\/uploads\/2023\/08\/def6bc00-a916-11ed-92ef-9979847b0d0d-300x178.jpg 300w, https:\/\/zennative.eu\/wp-content\/uploads\/2023\/08\/def6bc00-a916-11ed-92ef-9979847b0d0d-1024x607.jpg 1024w, https:\/\/zennative.eu\/wp-content\/uploads\/2023\/08\/def6bc00-a916-11ed-92ef-9979847b0d0d-768x455.jpg 768w\" sizes=\"(max-width: 1200px) 100vw, 1200px\" \/><\/div>\n\t\t<\/a>\n\t\t\t\t<div class=\"elementor-post__text\">\n\t\t\t\t<h3 class=\"elementor-post__title\">\n\t\t\t<a href=\"https:\/\/zennative.eu\/es\/sin-categorizar\/el-medico-de-los-hombres-da-consejos-como-aumentar-los-niveles-de-testosterona-y-deshacerse-de-un-problema-comun-de-salud-masculina\/\">\n\t\t\t\tEl m\u00e9dico de los hombres da consejos | \u00bfC\u00f3mo aumentar los niveles de testosterona y deshacerse de un problema com\u00fan de salud masculina?\t\t\t<\/a>\n\t\t<\/h3>\n\t\t\t\t<div class=\"elementor-post__meta-data\">\n\t\t\t\t\t<span class=\"elementor-post-date\">\n\t\t\t2. Oct 2024\t\t<\/span>\n\t\t\t\t<\/div>\n\t\t\t\t<div class=\"elementor-post__excerpt\">\n\t\t\t<p>No se habla mucho de los problemas de salud masculinos, pero son un quebradero de cabeza para muchos hombres. Los problemas de libido y erecci\u00f3n<\/p>\n\t\t<\/div>\n\t\t\n\t\t<a class=\"elementor-post__read-more\" href=\"https:\/\/zennative.eu\/es\/sin-categorizar\/el-medico-de-los-hombres-da-consejos-como-aumentar-los-niveles-de-testosterona-y-deshacerse-de-un-problema-comun-de-salud-masculina\/\" aria-label=\"M\u00e1s informaci\u00f3n sobre El m\u00e9dico de los hombres da consejos | \u00bfC\u00f3mo aumentar los niveles de testosterona y deshacerse de un problema com\u00fan de salud masculina?\" tabindex=\"-1\">\n\t\t\tLeer m\u00e1s \"\t\t<\/a>\n\n\t\t\t\t<\/div>\n\t\t\t\t<\/article>\n\t\t\t\t<article class=\"elementor-post elementor-grid-item post-63563 post type-post status-publish format-standard has-post-thumbnail hentry category-sin-categorizar\" role=\"listitem\">\n\t\t\t\t<a class=\"elementor-post__thumbnail__link\" href=\"https:\/\/zennative.eu\/es\/sin-categorizar\/kertu-37-cuando-cambie-mis-antidepresivos-por-el-aceite-de-cbd-volvi-a-sentirme-humana\/\" tabindex=\"-1\">\n\t\t\t<div class=\"elementor-post__thumbnail\"><img loading=\"lazy\" decoding=\"async\" width=\"1200\" height=\"711\" src=\"https:\/\/zennative.eu\/wp-content\/uploads\/2023\/08\/868692c0-fdf3-11ed-a22a-e3d42f9bcd1f-1.jpg\" class=\"attachment-full size-full wp-image-63564\" alt=\"\" srcset=\"https:\/\/zennative.eu\/wp-content\/uploads\/2023\/08\/868692c0-fdf3-11ed-a22a-e3d42f9bcd1f-1.jpg 1200w, https:\/\/zennative.eu\/wp-content\/uploads\/2023\/08\/868692c0-fdf3-11ed-a22a-e3d42f9bcd1f-1-300x178.jpg 300w, https:\/\/zennative.eu\/wp-content\/uploads\/2023\/08\/868692c0-fdf3-11ed-a22a-e3d42f9bcd1f-1-1024x607.jpg 1024w, https:\/\/zennative.eu\/wp-content\/uploads\/2023\/08\/868692c0-fdf3-11ed-a22a-e3d42f9bcd1f-1-768x455.jpg 768w\" sizes=\"(max-width: 1200px) 100vw, 1200px\" \/><\/div>\n\t\t<\/a>\n\t\t\t\t<div class=\"elementor-post__text\">\n\t\t\t\t<h3 class=\"elementor-post__title\">\n\t\t\t<a href=\"https:\/\/zennative.eu\/es\/sin-categorizar\/kertu-37-cuando-cambie-mis-antidepresivos-por-el-aceite-de-cbd-volvi-a-sentirme-humana\/\">\n\t\t\t\tKertu (37) | Cuando cambi\u00e9 mis antidepresivos por el aceite de CBD, \u00a1volv\u00ed a sentirme humana!\t\t\t<\/a>\n\t\t<\/h3>\n\t\t\t\t<div class=\"elementor-post__meta-data\">\n\t\t\t\t\t<span class=\"elementor-post-date\">\n\t\t\t2. Oct 2024\t\t<\/span>\n\t\t\t\t<\/div>\n\t\t\t\t<div class=\"elementor-post__excerpt\">\n\t\t\t<p>Los trastornos de ansiedad y la depresi\u00f3n pueden golpear a cualquiera de nosotros de forma inesperada. De repente, el esp\u00edritu y la chispa de una<\/p>\n\t\t<\/div>\n\t\t\n\t\t<a class=\"elementor-post__read-more\" href=\"https:\/\/zennative.eu\/es\/sin-categorizar\/kertu-37-cuando-cambie-mis-antidepresivos-por-el-aceite-de-cbd-volvi-a-sentirme-humana\/\" aria-label=\"M\u00e1s informaci\u00f3n sobre Kertu (37) | Cuando cambi\u00e9 mis antidepresivos por el aceite de CBD, \u00a1volv\u00ed a sentirme humana!\" tabindex=\"-1\">\n\t\t\tLeer m\u00e1s \"\t\t<\/a>\n\n\t\t\t\t<\/div>\n\t\t\t\t<\/article>\n\t\t\t\t<article class=\"elementor-post elementor-grid-item post-63555 post type-post status-publish format-standard has-post-thumbnail hentry category-sin-categorizar\" role=\"listitem\">\n\t\t\t\t<a class=\"elementor-post__thumbnail__link\" href=\"https:\/\/zennative.eu\/es\/sin-categorizar\/por-que-aceite-de-canamo-para-pensionistas-una-abuela-de-82-anos-recupera-la-vitalidad-y-la-alegria\/\" tabindex=\"-1\">\n\t\t\t<div class=\"elementor-post__thumbnail\"><img loading=\"lazy\" decoding=\"async\" width=\"1200\" height=\"711\" src=\"https:\/\/zennative.eu\/wp-content\/uploads\/2023\/08\/cf948010-e59f-11ed-a87a-c9793f1520c6.jpg\" class=\"attachment-full size-full wp-image-63928\" alt=\"\" srcset=\"https:\/\/zennative.eu\/wp-content\/uploads\/2023\/08\/cf948010-e59f-11ed-a87a-c9793f1520c6.jpg 1200w, https:\/\/zennative.eu\/wp-content\/uploads\/2023\/08\/cf948010-e59f-11ed-a87a-c9793f1520c6-300x178.jpg 300w, https:\/\/zennative.eu\/wp-content\/uploads\/2023\/08\/cf948010-e59f-11ed-a87a-c9793f1520c6-1024x607.jpg 1024w, https:\/\/zennative.eu\/wp-content\/uploads\/2023\/08\/cf948010-e59f-11ed-a87a-c9793f1520c6-768x455.jpg 768w\" sizes=\"(max-width: 1200px) 100vw, 1200px\" \/><\/div>\n\t\t<\/a>\n\t\t\t\t<div class=\"elementor-post__text\">\n\t\t\t\t<h3 class=\"elementor-post__title\">\n\t\t\t<a href=\"https:\/\/zennative.eu\/es\/sin-categorizar\/por-que-aceite-de-canamo-para-pensionistas-una-abuela-de-82-anos-recupera-la-vitalidad-y-la-alegria\/\">\n\t\t\t\t\u00bfPor qu\u00e9 aceite de c\u00e1\u00f1amo para pensionistas? una abuela de 82 a\u00f1os recupera la vitalidad y la alegr\u00eda\t\t\t<\/a>\n\t\t<\/h3>\n\t\t\t\t<div class=\"elementor-post__meta-data\">\n\t\t\t\t\t<span class=\"elementor-post-date\">\n\t\t\t2. Oct 2024\t\t<\/span>\n\t\t\t\t<\/div>\n\t\t\t\t<div class=\"elementor-post__excerpt\">\n\t\t\t<p>En el complejo mundo actual, las noticias preocupantes y los cambios constantes pueden causar un gran malestar. Hacer frente a la ansiedad no es un<\/p>\n\t\t<\/div>\n\t\t\n\t\t<a class=\"elementor-post__read-more\" href=\"https:\/\/zennative.eu\/es\/sin-categorizar\/por-que-aceite-de-canamo-para-pensionistas-una-abuela-de-82-anos-recupera-la-vitalidad-y-la-alegria\/\" aria-label=\"M\u00e1s informaci\u00f3n sobre \u00bfPor qu\u00e9 aceite de c\u00e1\u00f1amo para pensionistas? una abuela de 82 a\u00f1os recupera la vitalidad y la alegr\u00eda\" tabindex=\"-1\">\n\t\t\tLeer m\u00e1s \"\t\t<\/a>\n\n\t\t\t\t<\/div>\n\t\t\t\t<\/article>\n\t\t\t\t<article class=\"elementor-post elementor-grid-item post-63547 post type-post status-publish format-standard has-post-thumbnail hentry category-sin-categorizar\" role=\"listitem\">\n\t\t\t\t<a class=\"elementor-post__thumbnail__link\" href=\"https:\/\/zennative.eu\/es\/sin-categorizar\/resumen-ejecutivo-anneli-de-49-anos-he-encontrado-una-alternativa-natural-al-insomnio-que-funciona\/\" tabindex=\"-1\">\n\t\t\t<div class=\"elementor-post__thumbnail\"><img loading=\"lazy\" decoding=\"async\" width=\"2048\" height=\"1365\" src=\"https:\/\/zennative.eu\/wp-content\/uploads\/2023\/01\/Radau-naturalia-alternatyva-migdomiesiems-kuri-tikrai-veikia.jpg\" class=\"attachment-full size-full wp-image-64025\" alt=\"\" srcset=\"https:\/\/zennative.eu\/wp-content\/uploads\/2023\/01\/Radau-naturalia-alternatyva-migdomiesiems-kuri-tikrai-veikia.jpg 2048w, https:\/\/zennative.eu\/wp-content\/uploads\/2023\/01\/Radau-naturalia-alternatyva-migdomiesiems-kuri-tikrai-veikia-1200x800.jpg 1200w, https:\/\/zennative.eu\/wp-content\/uploads\/2023\/01\/Radau-naturalia-alternatyva-migdomiesiems-kuri-tikrai-veikia-300x200.jpg 300w, https:\/\/zennative.eu\/wp-content\/uploads\/2023\/01\/Radau-naturalia-alternatyva-migdomiesiems-kuri-tikrai-veikia-1024x683.jpg 1024w, https:\/\/zennative.eu\/wp-content\/uploads\/2023\/01\/Radau-naturalia-alternatyva-migdomiesiems-kuri-tikrai-veikia-768x512.jpg 768w, https:\/\/zennative.eu\/wp-content\/uploads\/2023\/01\/Radau-naturalia-alternatyva-migdomiesiems-kuri-tikrai-veikia-1536x1024.jpg 1536w\" sizes=\"(max-width: 2048px) 100vw, 2048px\" \/><\/div>\n\t\t<\/a>\n\t\t\t\t<div class=\"elementor-post__text\">\n\t\t\t\t<h3 class=\"elementor-post__title\">\n\t\t\t<a href=\"https:\/\/zennative.eu\/es\/sin-categorizar\/resumen-ejecutivo-anneli-de-49-anos-he-encontrado-una-alternativa-natural-al-insomnio-que-funciona\/\">\n\t\t\t\tRESUMEN EJECUTIVO | Anneli, de 49 a\u00f1os: \u00ab\u00a1He encontrado una alternativa natural al insomnio que funciona!\u00bb\t\t\t<\/a>\n\t\t<\/h3>\n\t\t\t\t<div class=\"elementor-post__meta-data\">\n\t\t\t\t\t<span class=\"elementor-post-date\">\n\t\t\t2. Oct 2024\t\t<\/span>\n\t\t\t\t<\/div>\n\t\t\t\t<div class=\"elementor-post__excerpt\">\n\t\t\t<p>Anneli hab\u00eda estado luchando contra la ansiedad y el insomnio que empeoraban durante las horas de oscuridad hasta que prob\u00f3 el aceite de CBD por<\/p>\n\t\t<\/div>\n\t\t\n\t\t<a class=\"elementor-post__read-more\" href=\"https:\/\/zennative.eu\/es\/sin-categorizar\/resumen-ejecutivo-anneli-de-49-anos-he-encontrado-una-alternativa-natural-al-insomnio-que-funciona\/\" aria-label=\"M\u00e1s informaci\u00f3n sobre RESUMEN EJECUTIVO | Anneli, de 49 a\u00f1os: \u00ab\u00a1He encontrado una alternativa natural al insomnio que funciona!\u00bb\" tabindex=\"-1\">\n\t\t\tLeer m\u00e1s \"\t\t<\/a>\n\n\t\t\t\t<\/div>\n\t\t\t\t<\/article>\n\t\t\t\t<article class=\"elementor-post elementor-grid-item post-63454 post type-post status-publish format-standard has-post-thumbnail hentry category-sin-categorizar tag-aceite-de-canamo tag-aceite-de-cbd tag-cbd-pood-es tag-historia-es tag-historia-de tag-nativo-zen\" role=\"listitem\">\n\t\t\t\t<a class=\"elementor-post__thumbnail__link\" href=\"https:\/\/zennative.eu\/es\/sin-categorizar\/historia-del-origen-de-los-nativos-zen\/\" tabindex=\"-1\">\n\t\t\t<div class=\"elementor-post__thumbnail\"><img loading=\"lazy\" decoding=\"async\" width=\"800\" height=\"700\" src=\"https:\/\/zennative.eu\/wp-content\/uploads\/2021\/12\/ZenNative_first_CBD_oil.png\" class=\"attachment-full size-full wp-image-63079\" alt=\"\" srcset=\"https:\/\/zennative.eu\/wp-content\/uploads\/2021\/12\/ZenNative_first_CBD_oil.png 800w, https:\/\/zennative.eu\/wp-content\/uploads\/2021\/12\/ZenNative_first_CBD_oil-300x263.png 300w, https:\/\/zennative.eu\/wp-content\/uploads\/2021\/12\/ZenNative_first_CBD_oil-1024x896.png 1024w, https:\/\/zennative.eu\/wp-content\/uploads\/2021\/12\/ZenNative_first_CBD_oil-768x672.png 768w, https:\/\/zennative.eu\/wp-content\/uploads\/2021\/12\/ZenNative_first_CBD_oil-1200x1050.png 1200w\" sizes=\"(max-width: 800px) 100vw, 800px\" \/><\/div>\n\t\t<\/a>\n\t\t\t\t<div class=\"elementor-post__text\">\n\t\t\t\t<h3 class=\"elementor-post__title\">\n\t\t\t<a href=\"https:\/\/zennative.eu\/es\/sin-categorizar\/historia-del-origen-de-los-nativos-zen\/\">\n\t\t\t\tHistoria del origen de los nativos zen\t\t\t<\/a>\n\t\t<\/h3>\n\t\t\t\t<div class=\"elementor-post__meta-data\">\n\t\t\t\t\t<span class=\"elementor-post-date\">\n\t\t\t2. Oct 2024\t\t<\/span>\n\t\t\t\t<\/div>\n\t\t\t\t<div class=\"elementor-post__excerpt\">\n\t\t\t<p>2019 La idea de Zen native La idea de Zen Native surgi\u00f3 a finales de 2019, cuando Eero vio a una se\u00f1ora entrar en la<\/p>\n\t\t<\/div>\n\t\t\n\t\t<a class=\"elementor-post__read-more\" href=\"https:\/\/zennative.eu\/es\/sin-categorizar\/historia-del-origen-de-los-nativos-zen\/\" aria-label=\"M\u00e1s informaci\u00f3n sobre Historia del origen de los nativos zen\" tabindex=\"-1\">\n\t\t\tLeer m\u00e1s \"\t\t<\/a>\n\n\t\t\t\t<\/div>\n\t\t\t\t<\/article>\n\t\t\t\t<article class=\"elementor-post elementor-grid-item post-63371 post type-post status-publish format-standard has-post-thumbnail hentry category-sin-categorizar tag-aceite-de-cbd tag-ansiedad tag-ayuda tag-cannabis-es tag-cbd-es tag-como tag-covid-es tag-insomne tag-proteccion tag-sistema-inmunitario\" role=\"listitem\">\n\t\t\t\t<a class=\"elementor-post__thumbnail__link\" href=\"https:\/\/zennative.eu\/es\/sin-categorizar\/3-razones-el-aceite-de-cbd-fortalece-el-sistema-inmunologico\/\" tabindex=\"-1\">\n\t\t\t<div class=\"elementor-post__thumbnail\"><img loading=\"lazy\" decoding=\"async\" width=\"533\" height=\"800\" src=\"https:\/\/zennative.eu\/wp-content\/uploads\/2022\/02\/DSCF3761-scaled.jpg\" class=\"attachment-full size-full wp-image-63372\" alt=\"\" srcset=\"https:\/\/zennative.eu\/wp-content\/uploads\/2022\/02\/DSCF3761-scaled.jpg 533w, https:\/\/zennative.eu\/wp-content\/uploads\/2022\/02\/DSCF3761-200x300.jpg 200w, https:\/\/zennative.eu\/wp-content\/uploads\/2022\/02\/DSCF3761-683x1024.jpg 683w, https:\/\/zennative.eu\/wp-content\/uploads\/2022\/02\/DSCF3761-768x1152.jpg 768w, https:\/\/zennative.eu\/wp-content\/uploads\/2022\/02\/DSCF3761-1024x1536.jpg 1024w, https:\/\/zennative.eu\/wp-content\/uploads\/2022\/02\/DSCF3761-1365x2048.jpg 1365w, https:\/\/zennative.eu\/wp-content\/uploads\/2022\/02\/DSCF3761-1200x1800.jpg 1200w, https:\/\/zennative.eu\/wp-content\/uploads\/2022\/02\/DSCF3761-150x225.jpg 150w\" sizes=\"(max-width: 533px) 100vw, 533px\" \/><\/div>\n\t\t<\/a>\n\t\t\t\t<div class=\"elementor-post__text\">\n\t\t\t\t<h3 class=\"elementor-post__title\">\n\t\t\t<a href=\"https:\/\/zennative.eu\/es\/sin-categorizar\/3-razones-el-aceite-de-cbd-fortalece-el-sistema-inmunologico\/\">\n\t\t\t\t3 Razones | El aceite de CBD fortalece el sistema inmunol\u00f3gico\t\t\t<\/a>\n\t\t<\/h3>\n\t\t\t\t<div class=\"elementor-post__meta-data\">\n\t\t\t\t\t<span class=\"elementor-post-date\">\n\t\t\t2. Oct 2024\t\t<\/span>\n\t\t\t\t<\/div>\n\t\t\t\t<div class=\"elementor-post__excerpt\">\n\t\t\t<p>Cada d\u00eda, nuestro cuerpo se ve amenazado por diferentes enfermedades e infecciones. A medida que bajan las temperaturas, las bacterias y los virus amantes del<\/p>\n\t\t<\/div>\n\t\t\n\t\t<a class=\"elementor-post__read-more\" href=\"https:\/\/zennative.eu\/es\/sin-categorizar\/3-razones-el-aceite-de-cbd-fortalece-el-sistema-inmunologico\/\" aria-label=\"M\u00e1s informaci\u00f3n sobre 3 Razones | El aceite de CBD fortalece el sistema inmunol\u00f3gico\" tabindex=\"-1\">\n\t\t\tLeer m\u00e1s \"\t\t<\/a>\n\n\t\t\t\t<\/div>\n\t\t\t\t<\/article>\n\t\t\t\t<article class=\"elementor-post elementor-grid-item post-62853 post type-post status-publish format-standard has-post-thumbnail hentry category-sin-categorizar\" role=\"listitem\">\n\t\t\t\t<a class=\"elementor-post__thumbnail__link\" href=\"https:\/\/zennative.eu\/es\/sin-categorizar\/libre-del-alcohol-la-historia-de-helene-sobre-un-nuevo-ritual-nocturno-que-cambio-su-vida\/\" tabindex=\"-1\">\n\t\t\t<div class=\"elementor-post__thumbnail\"><img loading=\"lazy\" decoding=\"async\" width=\"1200\" height=\"711\" src=\"https:\/\/zennative.eu\/wp-content\/uploads\/2024\/09\/7d7cf214-1fc7-48e7-9318-3c17133eba3b.jpg\" class=\"attachment-full size-full wp-image-62854\" alt=\"\" srcset=\"https:\/\/zennative.eu\/wp-content\/uploads\/2024\/09\/7d7cf214-1fc7-48e7-9318-3c17133eba3b.jpg 1200w, https:\/\/zennative.eu\/wp-content\/uploads\/2024\/09\/7d7cf214-1fc7-48e7-9318-3c17133eba3b-300x178.jpg 300w, https:\/\/zennative.eu\/wp-content\/uploads\/2024\/09\/7d7cf214-1fc7-48e7-9318-3c17133eba3b-1024x607.jpg 1024w, https:\/\/zennative.eu\/wp-content\/uploads\/2024\/09\/7d7cf214-1fc7-48e7-9318-3c17133eba3b-768x455.jpg 768w\" sizes=\"(max-width: 1200px) 100vw, 1200px\" \/><\/div>\n\t\t<\/a>\n\t\t\t\t<div class=\"elementor-post__text\">\n\t\t\t\t<h3 class=\"elementor-post__title\">\n\t\t\t<a href=\"https:\/\/zennative.eu\/es\/sin-categorizar\/libre-del-alcohol-la-historia-de-helene-sobre-un-nuevo-ritual-nocturno-que-cambio-su-vida\/\">\n\t\t\t\tLibre del alcohol: la historia de Helene sobre un nuevo ritual nocturno que cambi\u00f3 su vida\t\t\t<\/a>\n\t\t<\/h3>\n\t\t\t\t<div class=\"elementor-post__meta-data\">\n\t\t\t\t\t<span class=\"elementor-post-date\">\n\t\t\t2. Oct 2024\t\t<\/span>\n\t\t\t\t<\/div>\n\t\t\t\t<div class=\"elementor-post__excerpt\">\n\t\t\t<p>Todo el mundo conoc\u00eda a Helen (42) como una mujer de \u00e9xito con una personalidad c\u00e1lida y vivaz. Era pr\u00e1ctica en el trabajo y en<\/p>\n\t\t<\/div>\n\t\t\n\t\t<a class=\"elementor-post__read-more\" href=\"https:\/\/zennative.eu\/es\/sin-categorizar\/libre-del-alcohol-la-historia-de-helene-sobre-un-nuevo-ritual-nocturno-que-cambio-su-vida\/\" aria-label=\"M\u00e1s informaci\u00f3n sobre Libre del alcohol: la historia de Helene sobre un nuevo ritual nocturno que cambi\u00f3 su vida\" tabindex=\"-1\">\n\t\t\tLeer m\u00e1s \"\t\t<\/a>\n\n\t\t\t\t<\/div>\n\t\t\t\t<\/article>\n\t\t\t\t<\/div>\n\t\t\n\t\t\t\t\t\t<\/div>\n\t\t\t\t<\/div>\n\t\t\t\t\t<\/div>\n\t\t<\/div>\n\t\t\t\t\t<\/div>\n\t\t<\/section>\n\t\t\t\t<\/div>\n\t\t","protected":false},"excerpt":{"rendered":"<p>Todo el mundo conoc\u00eda a Helen (42) como una mujer de \u00e9xito con una personalidad c\u00e1lida y vivaz. Era pr\u00e1ctica en el trabajo y en casa estaba ocupada con los ni\u00f1os y el hogar. Por las tardes, sol\u00eda premiarse a s\u00ed misma con un vaso de vino para calmar las preocupaciones diarias y aliviar el&hellip;<\/p>\n","protected":false},"author":1,"featured_media":0,"parent":0,"menu_order":0,"comment_status":"closed","ping_status":"closed","template":"template-blog-list.php","meta":{"footnotes":""},"class_list":["post-63360","page","type-page","status-publish","hentry"],"_links":{"self":[{"href":"https:\/\/zennative.eu\/es\/wp-json\/wp\/v2\/pages\/63360","targetHints":{"allow":["GET"]}}],"collection":[{"href":"https:\/\/zennative.eu\/es\/wp-json\/wp\/v2\/pages"}],"about":[{"href":"https:\/\/zennative.eu\/es\/wp-json\/wp\/v2\/types\/page"}],"author":[{"embeddable":true,"href":"https:\/\/zennative.eu\/es\/wp-json\/wp\/v2\/users\/1"}],"replies":[{"embeddable":true,"href":"https:\/\/zennative.eu\/es\/wp-json\/wp\/v2\/comments?post=63360"}],"version-history":[{"count":5,"href":"https:\/\/zennative.eu\/es\/wp-json\/wp\/v2\/pages\/63360\/revisions"}],"predecessor-version":[{"id":63516,"href":"https:\/\/zennative.eu\/es\/wp-json\/wp\/v2\/pages\/63360\/revisions\/63516"}],"wp:attachment":[{"href":"https:\/\/zennative.eu\/es\/wp-json\/wp\/v2\/media?parent=63360"}],"curies":[{"name":"wp","href":"https:\/\/api.w.org\/{rel}","templated":true}]}}