{"id":62879,"date":"2024-10-02T20:13:51","date_gmt":"2024-10-02T17:13:51","guid":{"rendered":"https:\/\/zennative.eu\/condiciones-de-venta\/"},"modified":"2025-06-27T10:19:07","modified_gmt":"2025-06-27T07:19:07","slug":"condiciones-de-venta","status":"publish","type":"page","link":"https:\/\/zennative.eu\/es\/condiciones-de-venta\/","title":{"rendered":"Condiciones de venta"},"content":{"rendered":"\t\t<div data-elementor-type=\"wp-page\" data-elementor-id=\"62879\" class=\"elementor elementor-62879 elementor-29656\" data-elementor-post-type=\"page\">\n\t\t\t\t\t\t<section class=\"elementor-section elementor-top-section elementor-element elementor-element-9a40cef elementor-reverse-tablet elementor-reverse-mobile elementor-section-boxed elementor-section-height-default elementor-section-height-default\" data-id=\"9a40cef\" data-element_type=\"section\" data-e-type=\"section\">\n\t\t\t\t\t\t<div class=\"elementor-container elementor-column-gap-wide\">\n\t\t\t\t\t<div class=\"elementor-column elementor-col-50 elementor-top-column elementor-element elementor-element-4205337\" data-id=\"4205337\" data-element_type=\"column\" data-e-type=\"column\">\n\t\t\t<div class=\"elementor-widget-wrap elementor-element-populated\">\n\t\t\t\t\t\t<div class=\"elementor-element elementor-element-b44398e elementor-widget elementor-widget-text-editor\" data-id=\"b44398e\" data-element_type=\"widget\" data-e-type=\"widget\" data-widget_type=\"text-editor.default\">\n\t\t\t\t<div class=\"elementor-widget-container\">\n\t\t\t\t\t\t\t\t\t<h4>Condiciones de venta y devoluci\u00f3n<\/h4><br><p>El propietario de la tienda online<strong>https:\/\/www.zennative.eu<\/strong> es <strong>Integritas s.r.o.<\/strong><\/p><br><h4>Validez del contrato de venta, informaci\u00f3n sobre productos y precios<\/h4><br><p>Los T\u00e9rminos y Condiciones de Venta se aplican entre <strong>https:\/\/www.zennative.eu <\/strong>(en lo sucesivo, la <strong>Tienda Online<\/strong>) y el <strong>Cliente<\/strong>(en lo sucesivo, el <strong>Cliente<\/strong>) con respecto a los derechos y obligaciones derivados de la compra de mercanc\u00edas.<\/p><br><p>Los T\u00e9rminos y Condiciones de Venta se aplican a la compra de productos en la Tienda Online.<\/p><br><p>Los precios de los productos vendidos en la Tienda Online se indican con los productos. El precio no incluye los gastos de env\u00edo.<\/p><br><p>La informaci\u00f3n sobre los productos se indica en la Tienda Online directamente junto a los productos.<\/p><br><p>La Tienda Online se reserva el derecho a modificar las condiciones de venta y los precios de venta. Estos cambios se reflejar\u00e1n en el sitio web.<\/p><br><h4>Realizar un pedido<\/h4><br><p>Para realizar un pedido, debe a\u00f1adir los productos que desee a su cesta de la compra. Para realizar un pedido, debe rellenar los campos obligatorios y seleccionar el m\u00e9todo de entrega adecuado. A continuaci\u00f3n se mostrar\u00e1 el importe del cargo, que podr\u00e1 abonarse mediante transferencia bancaria u otro m\u00e9todo de pago.<\/p><br><h4>El contrato entrar\u00e1 en vigor en cuanto el importe se haya abonado en la cuenta de la tienda virtual.<\/h4><br><p>En caso de que los productos solicitados no puedan entregarse debido a que no se encuentren en stock o por cualquier otro motivo, se informar\u00e1 al Cliente lo antes posible y el dinero abonado (incluidos los gastos de env\u00edo) se reembolsar\u00e1 de inmediato, pero a m\u00e1s tardar 14 d\u00edas despu\u00e9s del env\u00edo de la notificaci\u00f3n.<\/p><br><h4>Precios<\/h4><br><p>La tienda en l\u00ednea se reserva el derecho de ajustar los precios. Si el Cliente ha realizado un pedido antes de que entren en vigor los cambios de precios, se aplicar\u00e1 el precio de la mercanc\u00eda en el momento de la facturaci\u00f3n. El Cliente no tendr\u00e1 derecho a reclamar compensaci\u00f3n alguna por cualquier diferencia.<\/p><br><h4>Entrega<\/h4><br><p>La mercanc\u00eda se entregar\u00e1 en los siguientes pa\u00edses: Estonia, Letonia, Lituania y Finlandia<\/p><br><p><\/p><br><p><\/p><br><p>Las excepciones son los fines de semana, el viernes los pedidos deben realizarse antes de las 13:00 , si se selecciona Itella Smartpost como m\u00e9todo de entrega y desea recibir sus pedidos el s\u00e1bado. Puede depositar su pedido en el buz\u00f3n de Omniva hasta las 16:00 para que la mercanc\u00eda se entregue tambi\u00e9n el s\u00e1bado. <\/p><br><p><br><\/p><br><h4>Responsabilidad y fuerza mayor<\/h4><br><p>La tienda online no se hace responsable de los da\u00f1os causados al comprador ni del retraso en la entrega del producto si el da\u00f1o o el retraso en la entrega del producto se debe a una circunstancia en la que la tienda online no haya podido influir o prever.<\/p><br><h4>Derecho de desistimiento<\/h4><br><p>los bienes adquiridos en la tienda en l\u00ednea https:\/\/www.zennative.com est\u00e1n sujetos al procedimiento de garant\u00eda y devoluci\u00f3n previsto por la legislaci\u00f3n de la Rep\u00fablica de Estonia. Los bienes adquiridos disponen de un derecho de devoluci\u00f3n de 14 d\u00edas a partir de la recepci\u00f3n de los mismos.<\/p><br><p>El derecho de desistimiento no se aplica si el comprador es una persona jur\u00eddica.<\/p><br><p>Los bienes devueltos deben estar sin usar, sin da\u00f1os y en su embalaje original.<\/p><br><p>Los gastos de devoluci\u00f3n de la mercanc\u00eda correr\u00e1n a cargo del cliente, a menos que el motivo de la devoluci\u00f3n sea que la mercanc\u00eda no se ajusta a lo solicitado o es defectuosa.<\/p><br><p>En caso de que los bienes hayan sido utilizados para un fin distinto del necesario para determinar la naturaleza, las caracter\u00edsticas y el funcionamiento de los bienes, o si presentan signos de uso o desgaste, la tienda en l\u00ednea tendr\u00e1 derecho a reducir los gastos de devoluci\u00f3n en funci\u00f3n de la reducci\u00f3n del valor de los bienes. Mercanc\u00edas.<\/p><br><p>El cliente deber\u00e1 notificar la solicitud de devoluci\u00f3n de los bienes en un plazo de 30 d\u00edas a partir de la recepci\u00f3n de los bienes escribiendo una solicitud en formato libre a info@zennative.ee. La solicitud debe incluir el nombre del cliente, el nombre del producto y el n\u00famero de pedido.<\/p><br><p>Se reembolsar\u00e1 al cliente el importe de los productos devueltos inmediatamente, pero a m\u00e1s tardar 14 d\u00edas despu\u00e9s de la recepci\u00f3n de la solicitud de cancelaci\u00f3n.<\/p><br><p>El cliente deber\u00e1 devolver la mercanc\u00eda en un plazo de 14 d\u00edas a partir de la fecha de la solicitud o presentar una prueba de que ha entregado la mercanc\u00eda al transportista dentro del plazo mencionado.<\/p><br><p>La tienda en l\u00ednea podr\u00e1 denegar el reembolso hasta que se hayan devuelto los bienes objeto del contrato o hasta que el comprador haya presentado una prueba de que ha devuelto los bienes, seg\u00fan qu\u00e9 condici\u00f3n se cumpla primero.<\/p><br><p>Los productos perecederos y caducados no ser\u00e1n devueltos.<\/p><br><p>La tienda online tiene derecho a desistir de la transacci\u00f3n de venta y a reclamar los bienes a Kleind si el precio de los bienes en la tienda online se indica significativamente por debajo del precio de mercado de los bienes debido a un error.<\/p><br><h4>Otros t\u00e9rminos y condiciones<\/h4><br><p>La tienda online no se hace responsable de los defectos que se produzcan una vez entregada la mercanc\u00eda al cliente.<\/p><br><p>Si la mercanc\u00eda adquirida en la tienda online presenta defectos de los que la tienda online sea responsable, la tienda online reparar\u00e1 o sustituir\u00e1 la mercanc\u00eda defectuosa. En caso de que los bienes no puedan ser reparados o sustituidos, la tienda online reembolsar\u00e1 al cliente todos los <span style=\"color: var(--the7-base-color);font: var(--the7-base-font-big);letter-spacing: var(--the7-base-letter-spacing);text-transform: var(--the7-base-text-transform);text-decoration: var(--the7-base-text-decoration)\">gastos relacionados con el contrato de compraventa.<\/span><\/p><br><p>La tienda en l\u00ednea responder\u00e1 a la reclamaci\u00f3n del consumidor por escrito o de forma que pueda reproducirse por escrito en un plazo de 15 d\u00edas.<\/p><br><h4>Marketing directo y tratamiento de datos personales<\/h4><br><p>La tienda online utilizar\u00e1 los datos personales facilitados por el Cliente (incluyendo nombre, n\u00famero de tel\u00e9fono, direcci\u00f3n, direcci\u00f3n de correo electr\u00f3nico, datos bancarios) \u00fanicamente con el fin de tramitar el pedido y enviar la mercanc\u00eda al Cliente. La tienda online transmite los datos personales a una empresa que presta servicios de transporte para la entrega de las mercanc\u00edas.<\/p><br><p>La tienda en l\u00ednea env\u00eda boletines informativos y ofertas al Cliente a la direcci\u00f3n de correo electr\u00f3nico de \u00e9ste s\u00f3lo si el Cliente ha indicado su deseo de recibir env\u00edos directos introduciendo su direcci\u00f3n de correo electr\u00f3nico en el sitio web.<\/p><br><p>El Comprador tiene la posibilidad de darse de baja de las ofertas y boletines enviados por correo electr\u00f3nico en cualquier momento inform\u00e1ndonos por correo electr\u00f3nico o siguiendo las instrucciones que figuran en el correo electr\u00f3nico que contiene las ofertas.<\/p><br><h4>Resoluci\u00f3n de reclamaciones<\/h4><br><p>Si el cliente tiene alguna queja sobre la Tienda Online, deber\u00e1 enviarla a la siguiente direcci\u00f3n de correo electr\u00f3nico: <a href=\"mailto:tallinn@zennative.ee\">info@zennative.ee<\/a> o por tel\u00e9fono: <a href=\"tel:0037255524424\">+372 555 24 424<\/a><\/p><br><p>Los litigios y desacuerdos derivados de las presentes condiciones generales se resolver\u00e1n mediante negociaci\u00f3n entre las partes. En caso de que las disputas y desacuerdos entre las partes no puedan resolverse mediante negociaci\u00f3n entre las partes, ambas partes tienen derecho a emprender acciones legales para defender sus derechos ante la Oficina de Protecci\u00f3n al Consumidor o los tribunales.<\/p>\t\t\t\t\t\t\t\t<\/div>\n\t\t\t\t<\/div>\n\t\t\t\t\t<\/div>\n\t\t<\/div>\n\t\t\t\t<div class=\"elementor-column elementor-col-50 elementor-top-column elementor-element elementor-element-7db51b5\" data-id=\"7db51b5\" data-element_type=\"column\" data-e-type=\"column\">\n\t\t\t<div class=\"elementor-widget-wrap\">\n\t\t\t\t\t\t\t<\/div>\n\t\t<\/div>\n\t\t\t\t\t<\/div>\n\t\t<\/section>\n\t\t\t\t<\/div>\n\t\t","protected":false},"excerpt":{"rendered":"<p>Condiciones de venta y devoluci\u00f3n El propietario de la tienda onlinehttps:\/\/www.zennative.eu es Integritas s.r.o. Validez del contrato de venta, informaci\u00f3n sobre productos y precios Los T\u00e9rminos y Condiciones de Venta se aplican entre https:\/\/www.zennative.eu (en lo sucesivo, la Tienda Online) y el Cliente(en lo sucesivo, el Cliente) con respecto a los derechos y obligaciones derivados&hellip;<\/p>\n","protected":false},"author":1,"featured_media":0,"parent":0,"menu_order":100,"comment_status":"closed","ping_status":"closed","template":"","meta":{"footnotes":""},"class_list":["post-62879","page","type-page","status-publish","hentry"],"_links":{"self":[{"href":"https:\/\/zennative.eu\/es\/wp-json\/wp\/v2\/pages\/62879","targetHints":{"allow":["GET"]}}],"collection":[{"href":"https:\/\/zennative.eu\/es\/wp-json\/wp\/v2\/pages"}],"about":[{"href":"https:\/\/zennative.eu\/es\/wp-json\/wp\/v2\/types\/page"}],"author":[{"embeddable":true,"href":"https:\/\/zennative.eu\/es\/wp-json\/wp\/v2\/users\/1"}],"replies":[{"embeddable":true,"href":"https:\/\/zennative.eu\/es\/wp-json\/wp\/v2\/comments?post=62879"}],"version-history":[{"count":6,"href":"https:\/\/zennative.eu\/es\/wp-json\/wp\/v2\/pages\/62879\/revisions"}],"predecessor-version":[{"id":65137,"href":"https:\/\/zennative.eu\/es\/wp-json\/wp\/v2\/pages\/62879\/revisions\/65137"}],"wp:attachment":[{"href":"https:\/\/zennative.eu\/es\/wp-json\/wp\/v2\/media?parent=62879"}],"curies":[{"name":"wp","href":"https:\/\/api.w.org\/{rel}","templated":true}]}}