{"id":65055,"date":"2025-05-15T15:48:59","date_gmt":"2025-05-15T19:22:13","guid":{"rendered":"https:\/\/zennative.eu\/product\/starter-pack\/"},"modified":"2025-05-15T22:22:20","modified_gmt":"2025-05-15T19:22:20","slug":"starter-pack","status":"publish","type":"product","link":"https:\/\/zennative.eu\/en\/product\/starter-pack\/","title":{"rendered":"Starter pack"},"content":{"rendered":"\t\t<div data-elementor-type=\"product-post\" data-elementor-id=\"65055\" class=\"elementor elementor-65055\" data-elementor-post-type=\"product\">\n\t\t\t\t\t\t<section class=\"elementor-section elementor-top-section elementor-element elementor-element-dc919c6 elementor-section-boxed elementor-section-height-default elementor-section-height-default\" data-id=\"dc919c6\" data-element_type=\"section\" data-e-type=\"section\">\n\t\t\t\t\t\t<div class=\"elementor-container elementor-column-gap-wide\">\n\t\t\t\t\t<div class=\"elementor-column elementor-col-100 elementor-top-column elementor-element elementor-element-2d0ea25\" data-id=\"2d0ea25\" data-element_type=\"column\" data-e-type=\"column\">\n\t\t\t<div class=\"elementor-widget-wrap elementor-element-populated\">\n\t\t\t\t\t\t<div class=\"elementor-element elementor-element-03f440a elementor-widget elementor-widget-text-editor\" data-id=\"03f440a\" data-element_type=\"widget\" data-e-type=\"widget\" data-widget_type=\"text-editor.default\">\n\t\t\t\t<div class=\"elementor-widget-container\">\n\t\t\t\t\t\t\t\t\t<p><strong>This 30-day starter pack is the full spectrum of Zen Native products, providing the perfect overview and product combination to get you started with CBD and get started.<\/strong><\/p>\n<p> The Zen Native unisex line includes five great CBD products for both internal and external use.<\/p>\n<p> <strong>Full Spectrum 15% CBD oil<\/strong> is made from the highest quality domestic hemp extract, which is diluted with fine MCT C8 oil and tuned into the famous Zen Native Full Spectrum CBD oil.<\/p>\n<p> <strong>Crystal 5% CBD oil<\/strong> is our own glamorous blend of CBD isolate (crystal) from our Swiss partner lab and C8 ultrafine oil from our European partner, kept exclusively in glass containers and extracted exclusively from coconut.<\/p>\n<p> <strong>The capsules<\/strong> are a unique combination, specially made by Zen Native in a European laboratory. Packaged in Estonia.<\/p>\n<p> <strong>Aloe Vera Gel<\/strong> is sourced from the finest Aloe grown in the Canary Islands and blended in the Zen Native laboratory using fine C8 coconut oil and the purest crystal CBD.<\/p>\n\t\t\t\t\t\t\t\t<\/div>\n\t\t\t\t<\/div>\n\t\t\t\t\t<\/div>\n\t\t<\/div>\n\t\t\t\t\t<\/div>\n\t\t<\/section>\n\t\t\t\t<section class=\"elementor-section elementor-top-section elementor-element elementor-element-fd4c0e5 elementor-section-boxed elementor-section-height-default elementor-section-height-default\" data-id=\"fd4c0e5\" data-element_type=\"section\" data-e-type=\"section\">\n\t\t\t\t\t\t<div class=\"elementor-container elementor-column-gap-default\">\n\t\t\t\t\t<div class=\"elementor-column elementor-col-100 elementor-top-column elementor-element elementor-element-e8b9f91\" data-id=\"e8b9f91\" data-element_type=\"column\" data-e-type=\"column\">\n\t\t\t<div class=\"elementor-widget-wrap elementor-element-populated\">\n\t\t\t\t\t\t<div class=\"elementor-element elementor-element-dc11b90 elementor-widget elementor-widget-the7-accordion\" data-id=\"dc11b90\" data-element_type=\"widget\" data-e-type=\"widget\" data-widget_type=\"the7-accordion.default\">\n\t\t\t\t<div class=\"elementor-widget-container\">\n\t\t\t\t\t\t\t<div class=\"elementor-accordion the7-adv-accordion ac_bb_title ac_bb_active_title ac_top_bottom_borders ac_left_right_borders\" data-accordion-type=\"toggle\" role=\"tablist\">\n\t\t\t\t\t\t\t<div class=\"elementor-accordion-item\">\n\t\t\t\t\t<h3 id=\"elementor-tab-title-2301\" class=\"elementor-tab-title the7-accordion-header deactive-default\" data-tab=\"1\" role=\"tab\" aria-controls=\"elementor-tab-content-2301\">\n\n\t\t\t\t\t\t\t\t\t\t\t\t\t<span class=\"elementor-accordion-icon elementor-accordion-icon-left\" aria-hidden=\"true\">\n\t\t\t\t\t\t\t\t\t\t\t\t\t\t\t<span class=\"elementor-accordion-icon-closed\"><i class=\"fas fa-chevron-down\"><\/i><\/span>\n\t\t\t\t\t\t\t\t\t\t\t\t\t\t\t\t\t<span class=\"elementor-accordion-icon-opened\"><i class=\"fas fa-chevron-up\"><\/i><\/span>\n\t\t\t\t\t\t\t\t\t\t\t\t\t\t\t\t\t\t\t\t\t\t<\/span>\n\t\t\t\t\t\t\t\t\t\t\t\t\t\t\t\t\t\t<a class=\"elementor-accordion-title\" href=\"\">Guide<\/a>\n\t\t\t\t\t<\/h3>\n\t\t\t\t\t<div id=\"elementor-tab-content-2301\" class=\"elementor-tab-content elementor-clearfix deactive-default\" data-tab=\"1\" role=\"tabpanel\" aria-labelledby=\"elementor-tab-title-2301\"><p><strong>\u00a0<\/strong><\/p>\n<h3 class=\"default-heading3\">\u2600\ufe0f Morning ritual<\/h3>\n<\/p>\n<p> <strong>VITAMIN+ CBD capsules 2100mg CBD (30pcs)<\/strong><\/p>\n<p> One capsule contains all the fat-soluble micronutrients a Nordic person needs to keep their body healthy and well-oiled, plus pure crystal CBD to keep you sharp and focused all day long. Take one capsule with food.<\/p>\n<p> <strong>ALOE with CBD and coconut<\/strong> <br \/><strong>\u00ad<\/strong><br \/> A wonderful combination of aloe, CBD and coconut for the skin that cools, soothes and deeply moisturizes, but does not leave the skin greasy or clog pores. Apply it to your face, neck and hands and glow with confidence!<\/p>\n<h3><\/h3>\n<h3 class=\"default-heading3\"> \ud83c\udf19 Evening ritual<\/h3>\n<\/p>\n<p> <strong>HEMP FLOWER TEA<\/strong><\/p>\n<p> The evening ritual begins with Cannabis Flower tea. It takes away the desire to snack or consume alcoholic beverages. A cup of tea by the candle before the start of beauty and hygiene procedures helps to tune in to relaxation.<\/p>\n<p> <strong>Full Spectrum CBD Oil 15%<\/strong><\/p>\n<p> Natural hemp nectar that nourishes from within. Full Spectrum drops calm the mind and provide the body with the necessary physiological balance, which activates self-healing processes throughout the night and ensures a good night&#8217;s sleep.<\/p>\n<p> <strong>Crystal CBD oil 5%<\/strong><\/p>\n<p> Deep, functional evening hydration that stays on the skin all night. Apply to face, neck and hands to balance sebum production, reduce inflammation and deeply boost the skin&#8217;s natural collagen production.<\/p>\n<\/div>\n\t\t\t\t<\/div>\n\t\t\t\t\t\t\t<div class=\"elementor-accordion-item\">\n\t\t\t\t\t<h3 id=\"elementor-tab-title-2302\" class=\"elementor-tab-title the7-accordion-header\" data-tab=\"2\" role=\"tab\" aria-controls=\"elementor-tab-content-2302\">\n\n\t\t\t\t\t\t\t\t\t\t\t\t\t<span class=\"elementor-accordion-icon elementor-accordion-icon-left\" aria-hidden=\"true\">\n\t\t\t\t\t\t\t\t\t\t\t\t\t\t\t<span class=\"elementor-accordion-icon-closed\"><i class=\"fas fa-chevron-down\"><\/i><\/span>\n\t\t\t\t\t\t\t\t\t\t\t\t\t\t\t\t\t<span class=\"elementor-accordion-icon-opened\"><i class=\"fas fa-chevron-up\"><\/i><\/span>\n\t\t\t\t\t\t\t\t\t\t\t\t\t\t\t\t\t\t\t\t\t\t<\/span>\n\t\t\t\t\t\t\t\t\t\t\t\t\t\t\t\t\t\t<a class=\"elementor-accordion-title\" href=\"\">Administration<\/a>\n\t\t\t\t\t<\/h3>\n\t\t\t\t\t<div id=\"elementor-tab-content-2302\" class=\"elementor-tab-content elementor-clearfix\" data-tab=\"2\" role=\"tabpanel\" aria-labelledby=\"elementor-tab-title-2302\"><p>1 capsule daily with food and water. Preferably in the morning.<\/p>\n<p> 1 drop of oil per 7.5kg of body weight. Recommended in the evening, half an hour before going to bed.<\/p>\n<\/div>\n\t\t\t\t<\/div>\n\t\t\t\t\t\t\t<div class=\"elementor-accordion-item\">\n\t\t\t\t\t<h3 id=\"elementor-tab-title-2303\" class=\"elementor-tab-title the7-accordion-header\" data-tab=\"3\" role=\"tab\" aria-controls=\"elementor-tab-content-2303\">\n\n\t\t\t\t\t\t\t\t\t\t\t\t\t<span class=\"elementor-accordion-icon elementor-accordion-icon-left\" aria-hidden=\"true\">\n\t\t\t\t\t\t\t\t\t\t\t\t\t\t\t<span class=\"elementor-accordion-icon-closed\"><i class=\"fas fa-chevron-down\"><\/i><\/span>\n\t\t\t\t\t\t\t\t\t\t\t\t\t\t\t\t\t<span class=\"elementor-accordion-icon-opened\"><i class=\"fas fa-chevron-up\"><\/i><\/span>\n\t\t\t\t\t\t\t\t\t\t\t\t\t\t\t\t\t\t\t\t\t\t<\/span>\n\t\t\t\t\t\t\t\t\t\t\t\t\t\t\t\t\t\t<a class=\"elementor-accordion-title\" href=\"\">Warnings<\/a>\n\t\t\t\t\t<\/h3>\n\t\t\t\t\t<div id=\"elementor-tab-content-2303\" class=\"elementor-tab-content elementor-clearfix\" data-tab=\"3\" role=\"tabpanel\" aria-labelledby=\"elementor-tab-title-2303\"><p>Not recommended for minors.<\/p>\n<p> Use during pregnancy is not recommended.<\/p>\n<p> Do not exceed the recommended daily intake.<\/p>\n<p> The dietary supplement is not used as a substitute for a varied diet.<\/p>\n<p> Keep out of reach of children.<\/p>\n<\/div>\n\t\t\t\t<\/div>\n\t\t\t\t\t\t\t<div class=\"elementor-accordion-item\">\n\t\t\t\t\t<h3 id=\"elementor-tab-title-2304\" class=\"elementor-tab-title the7-accordion-header\" data-tab=\"4\" role=\"tab\" aria-controls=\"elementor-tab-content-2304\">\n\n\t\t\t\t\t\t\t\t\t\t\t\t\t<span class=\"elementor-accordion-icon elementor-accordion-icon-left\" aria-hidden=\"true\">\n\t\t\t\t\t\t\t\t\t\t\t\t\t\t\t<span class=\"elementor-accordion-icon-closed\"><i class=\"fas fa-chevron-down\"><\/i><\/span>\n\t\t\t\t\t\t\t\t\t\t\t\t\t\t\t\t\t<span class=\"elementor-accordion-icon-opened\"><i class=\"fas fa-chevron-up\"><\/i><\/span>\n\t\t\t\t\t\t\t\t\t\t\t\t\t\t\t\t\t\t\t\t\t\t<\/span>\n\t\t\t\t\t\t\t\t\t\t\t\t\t\t\t\t\t\t<a class=\"elementor-accordion-title\" href=\"\">Preparation<\/a>\n\t\t\t\t\t<\/h3>\n\t\t\t\t\t<div id=\"elementor-tab-content-2304\" class=\"elementor-tab-content elementor-clearfix\" data-tab=\"4\" role=\"tabpanel\" aria-labelledby=\"elementor-tab-title-2304\"><p><strong>Full Spectrum CBD oil<\/strong> is made from the highest quality domestic hemp extract, which is diluted with fine MCT C8 oil and tuned into the famous Zen Native Full Spectrum CBD oil.<\/p>\n<p> <strong>Crystal CBD oil<\/strong> is our own glamorous blend of CBD isolate (crystal) from our Swiss partner lab and C8 ultrafine oil from our European partner, kept exclusively in glass containers and extracted exclusively from coconut.<\/p>\n<p> <strong>The capsules<\/strong> are custom-made by Zen Native in a European laboratory. Packaged in Estonia.<\/p>\n<p> <strong>Aloe Vera Gel<\/strong> is sourced from the finest Aloe grown in the Canary Islands and blended in the Zen Native laboratory using fine C8 coconut oil and the purest crystal CBD.<\/p>\n<\/div>\n\t\t\t\t<\/div>\n\t\t\t\t\t\t\t<div class=\"elementor-accordion-item\">\n\t\t\t\t\t<h3 id=\"elementor-tab-title-2305\" class=\"elementor-tab-title the7-accordion-header\" data-tab=\"5\" role=\"tab\" aria-controls=\"elementor-tab-content-2305\">\n\n\t\t\t\t\t\t\t\t\t\t\t\t\t<span class=\"elementor-accordion-icon elementor-accordion-icon-left\" aria-hidden=\"true\">\n\t\t\t\t\t\t\t\t\t\t\t\t\t\t\t<span class=\"elementor-accordion-icon-closed\"><i class=\"fas fa-chevron-down\"><\/i><\/span>\n\t\t\t\t\t\t\t\t\t\t\t\t\t\t\t\t\t<span class=\"elementor-accordion-icon-opened\"><i class=\"fas fa-chevron-up\"><\/i><\/span>\n\t\t\t\t\t\t\t\t\t\t\t\t\t\t\t\t\t\t\t\t\t\t<\/span>\n\t\t\t\t\t\t\t\t\t\t\t\t\t\t\t\t\t\t<a class=\"elementor-accordion-title\" href=\"\">Storage<\/a>\n\t\t\t\t\t<\/h3>\n\t\t\t\t\t<div id=\"elementor-tab-content-2305\" class=\"elementor-tab-content elementor-clearfix\" data-tab=\"5\" role=\"tabpanel\" aria-labelledby=\"elementor-tab-title-2305\"><ul>\n<li>Store in the dark and at room temperature.<\/li>\n<li> Capsules will last until 02.2027<\/li>\n<li> The oil will last for 1 year after production.<\/li>\n<li> To preserve the oil better, do not touch the pipette to your skin, tongue, or anything else to prevent bacteria from entering the bottle.<\/li>\n<\/ul>\n<\/div>\n\t\t\t\t<\/div>\n\t\t\t\t\t<\/div>\n\t\t\t\t\t\t<\/div>\n\t\t\t\t<\/div>\n\t\t\t\t<div class=\"elementor-element elementor-element-609c2e7 elementor-widget elementor-widget-shortcode\" data-id=\"609c2e7\" data-element_type=\"widget\" data-e-type=\"widget\" data-widget_type=\"shortcode.default\">\n\t\t\t\t<div class=\"elementor-widget-container\">\n\t\t\t\t\t\t\t<div class=\"elementor-shortcode\"> <script type=\"application\/ld+json\">\n    {\n      \"@context\": \"https:\/\/lt.zennative.ee\/\u201c,\n      \"@type\": \"Product\",\n      \"name\": \u201cFull \u201cSpectrum CBD oil,\n      \"image\": [\n        \"https:\/\/lt.zennative.ee\/wp-content\/uploads\/2021\/10\/Zen-Native-5-Full-Spectrum-CBD-Oil-Taisspektri-CBD-kanepi-oli_1.png\",\n        \"https:\/\/lt.zennative.ee\/wp-content\/uploads\/2021\/10\/Zen-Native-Pipett-Full-Spectrum-CBD-Oil-Taisspektri-CBD-kanepi-oli.png\",\n        \"https:\/\/lt.zennative.ee\/wp-content\/uploads\/2021\/10\/Zen-Native-5-Full-Spectrum-CBD-Oil-Taisspektri-CBD-kanepi-oli_3.png\"\n       ],\n      \"description\": \"Full Spectrum CBD \u00f5li annab tugevama ja laiema abi kui CBD Kristall \u00d5li ning selle toime on tuntav. Full Spectrum CBD \u00f5li rahustab viha, \u00e4revuse, ebakindluse ja v\u00e4hendab hirmu. F\u00fc\u00fcsiliselt v\u00e4hendab p\u00f5letikku, pingeid ja v\u00e4hki. Full Spectrum CBD \u00f5li sisaldab: k\u00f5iki kannabinoide (CBD, CBG, CBC, CBN...), terpeene ja flavanoide. Kvaliteetseimad ekstraktid on eranditult lahustatud kookose MCT \u00f5lis.\",\n      \"sku\": \"0446310786\",\n      \"brand\": {\n        \"@type\": \"Brand\",\n        \"name\": \u201cZen \u201cNative\n      },\n         \"aggregateRating\": {\n        \"@type\": \"AggregateRating\",\n        \"ratingValue\": \u201c5\u201d,\n        \"reviewCount\": \"89\"\n      },\n      \"offers\": {\n        \"@type\": \"Offer\",\n        \"url\": \"\t\",\n        \"priceCurrency\": \u201cEUR\u201d,\n        \"price\": \"129.99\",\n        \"priceValidUntil\": \"2022-11-20\",\n      }\n    }\n    <\/script><\/div>\n\t\t\t\t\t\t<\/div>\n\t\t\t\t<\/div>\n\t\t\t\t\t<\/div>\n\t\t<\/div>\n\t\t\t\t\t<\/div>\n\t\t<\/section>\n\t\t\t\t<\/div>\n\t\t","protected":false},"excerpt":{"rendered":"<p>This 30-day starter pack is the full spectrum of Zen Native products, providing the perfect overview and product combination to get you started with CBD and get started. The Zen Native unisex line includes five great CBD products for both internal and external use. Full Spectrum 15% CBD oil is made from the highest quality&hellip;<\/p>\n","protected":false},"featured_media":64953,"comment_status":"closed","ping_status":"closed","template":"","meta":[],"product_brand":[],"product_cat":[639],"product_tag":[],"class_list":{"0":"post-65055","1":"product","2":"type-product","3":"status-publish","4":"has-post-thumbnail","6":"product_cat-varia","8":"first","9":"instock","10":"sale","11":"shipping-taxable","12":"purchasable","13":"product-type-simple"},"_links":{"self":[{"href":"https:\/\/zennative.eu\/en\/wp-json\/wp\/v2\/product\/65055","targetHints":{"allow":["GET"]}}],"collection":[{"href":"https:\/\/zennative.eu\/en\/wp-json\/wp\/v2\/product"}],"about":[{"href":"https:\/\/zennative.eu\/en\/wp-json\/wp\/v2\/types\/product"}],"replies":[{"embeddable":true,"href":"https:\/\/zennative.eu\/en\/wp-json\/wp\/v2\/comments?post=65055"}],"version-history":[{"count":1,"href":"https:\/\/zennative.eu\/en\/wp-json\/wp\/v2\/product\/65055\/revisions"}],"predecessor-version":[{"id":65056,"href":"https:\/\/zennative.eu\/en\/wp-json\/wp\/v2\/product\/65055\/revisions\/65056"}],"wp:featuredmedia":[{"embeddable":true,"href":"https:\/\/zennative.eu\/en\/wp-json\/wp\/v2\/media\/64953"}],"wp:attachment":[{"href":"https:\/\/zennative.eu\/en\/wp-json\/wp\/v2\/media?parent=65055"}],"wp:term":[{"taxonomy":"product_brand","embeddable":true,"href":"https:\/\/zennative.eu\/en\/wp-json\/wp\/v2\/product_brand?post=65055"},{"taxonomy":"product_cat","embeddable":true,"href":"https:\/\/zennative.eu\/en\/wp-json\/wp\/v2\/product_cat?post=65055"},{"taxonomy":"product_tag","embeddable":true,"href":"https:\/\/zennative.eu\/en\/wp-json\/wp\/v2\/product_tag?post=65055"}],"curies":[{"name":"wp","href":"https:\/\/api.w.org\/{rel}","templated":true}]}}