{"id":65059,"date":"2025-05-15T15:48:59","date_gmt":"2025-05-15T19:22:14","guid":{"rendered":"https:\/\/zennative.eu\/product\/starterpaket\/"},"modified":"2025-05-15T22:22:20","modified_gmt":"2025-05-15T19:22:20","slug":"starterpaket","status":"publish","type":"product","link":"https:\/\/zennative.eu\/de\/produkt\/starterpaket\/","title":{"rendered":"Starterpaket"},"content":{"rendered":"\t\t<div data-elementor-type=\"product-post\" data-elementor-id=\"65059\" class=\"elementor elementor-65059\" data-elementor-post-type=\"product\">\n\t\t\t\t\t\t<section class=\"elementor-section elementor-top-section elementor-element elementor-element-dc919c6 elementor-section-boxed elementor-section-height-default elementor-section-height-default\" data-id=\"dc919c6\" data-element_type=\"section\" data-e-type=\"section\">\n\t\t\t\t\t\t<div class=\"elementor-container elementor-column-gap-wide\">\n\t\t\t\t\t<div class=\"elementor-column elementor-col-100 elementor-top-column elementor-element elementor-element-2d0ea25\" data-id=\"2d0ea25\" data-element_type=\"column\" data-e-type=\"column\">\n\t\t\t<div class=\"elementor-widget-wrap elementor-element-populated\">\n\t\t\t\t\t\t<div class=\"elementor-element elementor-element-03f440a elementor-widget elementor-widget-text-editor\" data-id=\"03f440a\" data-element_type=\"widget\" data-e-type=\"widget\" data-widget_type=\"text-editor.default\">\n\t\t\t\t<div class=\"elementor-widget-container\">\n\t\t\t\t\t\t\t\t\t<p><strong>Dieses 30-Tage-Starterpaket umfasst das gesamte Spektrum der Zen Native-Produkte und bietet den perfekten \u00dcberblick und die perfekte Produktkombination, um Ihnen den Einstieg in die CBD-Welt zu erleichtern und den Einstieg zu erleichtern.<\/strong><\/p>\n<p> Die Unisex-Linie von Zen Native umfasst f\u00fcnf gro\u00dfartige CBD-Produkte zur inneren und \u00e4u\u00dferen Anwendung.<\/p>\n<p> <strong>Full Spectrum 15 % CBD-\u00d6l<\/strong> wird aus heimischem Hanfextrakt h\u00f6chster Qualit\u00e4t hergestellt, der mit feinem MCT C8-\u00d6l verd\u00fcnnt und auf das ber\u00fchmte Zen Native Full Spectrum CBD-\u00d6l abgestimmt wird.<\/p>\n<p> <strong>Crystal 5 % CBD-\u00d6l<\/strong> ist unsere eigene glamour\u00f6se Mischung aus CBD-Isolat (Crystal) aus unserem Schweizer Partnerlabor und C8-Ultrafein\u00f6l von unserem europ\u00e4ischen Partner, ausschlie\u00dflich in Glasbeh\u00e4ltern aufbewahrt und ausschlie\u00dflich aus Kokosnuss gewonnen.<\/p>\n<p> <strong>Die Kapseln<\/strong> sind eine einzigartige Kombination, die speziell von Zen Native in einem europ\u00e4ischen Labor hergestellt wurde. Verpackt in Estland.<\/p>\n<p> <strong>Aloe Vera Gel<\/strong> wird aus der feinsten Aloe gewonnen, die auf den Kanarischen Inseln angebaut wird, und im Labor von Zen Native mit feinem C8-Kokosnuss\u00f6l und reinstem kristallinem CBD gemischt.<\/p>\n\t\t\t\t\t\t\t\t<\/div>\n\t\t\t\t<\/div>\n\t\t\t\t\t<\/div>\n\t\t<\/div>\n\t\t\t\t\t<\/div>\n\t\t<\/section>\n\t\t\t\t<section class=\"elementor-section elementor-top-section elementor-element elementor-element-fd4c0e5 elementor-section-boxed elementor-section-height-default elementor-section-height-default\" data-id=\"fd4c0e5\" data-element_type=\"section\" data-e-type=\"section\">\n\t\t\t\t\t\t<div class=\"elementor-container elementor-column-gap-default\">\n\t\t\t\t\t<div class=\"elementor-column elementor-col-100 elementor-top-column elementor-element elementor-element-e8b9f91\" data-id=\"e8b9f91\" data-element_type=\"column\" data-e-type=\"column\">\n\t\t\t<div class=\"elementor-widget-wrap elementor-element-populated\">\n\t\t\t\t\t\t<div class=\"elementor-element elementor-element-dc11b90 elementor-widget elementor-widget-the7-accordion\" data-id=\"dc11b90\" data-element_type=\"widget\" data-e-type=\"widget\" data-widget_type=\"the7-accordion.default\">\n\t\t\t\t<div class=\"elementor-widget-container\">\n\t\t\t\t\t\t\t<div class=\"elementor-accordion the7-adv-accordion ac_bb_title ac_bb_active_title ac_top_bottom_borders ac_left_right_borders\" data-accordion-type=\"toggle\" role=\"tablist\">\n\t\t\t\t\t\t\t<div class=\"elementor-accordion-item\">\n\t\t\t\t\t<h3 id=\"elementor-tab-title-2301\" class=\"elementor-tab-title the7-accordion-header deactive-default\" data-tab=\"1\" role=\"tab\" aria-controls=\"elementor-tab-content-2301\">\n\n\t\t\t\t\t\t\t\t\t\t\t\t\t<span class=\"elementor-accordion-icon elementor-accordion-icon-left\" aria-hidden=\"true\">\n\t\t\t\t\t\t\t\t\t\t\t\t\t\t\t<span class=\"elementor-accordion-icon-closed\"><i class=\"fas fa-chevron-down\"><\/i><\/span>\n\t\t\t\t\t\t\t\t\t\t\t\t\t\t\t\t\t<span class=\"elementor-accordion-icon-opened\"><i class=\"fas fa-chevron-up\"><\/i><\/span>\n\t\t\t\t\t\t\t\t\t\t\t\t\t\t\t\t\t\t\t\t\t\t<\/span>\n\t\t\t\t\t\t\t\t\t\t\t\t\t\t\t\t\t\t<a class=\"elementor-accordion-title\" href=\"\">F\u00fchrung<\/a>\n\t\t\t\t\t<\/h3>\n\t\t\t\t\t<div id=\"elementor-tab-content-2301\" class=\"elementor-tab-content elementor-clearfix deactive-default\" data-tab=\"1\" role=\"tabpanel\" aria-labelledby=\"elementor-tab-title-2301\"><p><strong>\u00a0<\/strong><\/p>\n<h3 class=\"default-heading3\">\u2600\ufe0f Morgenritual<\/h3>\n<\/p>\n<p> <strong>VITAMIN+ CBD Kapseln 2100mg CBD (30 Stk.)<\/strong><\/p>\n<p> Eine Kapsel enth\u00e4lt alle fettl\u00f6slichen Mikron\u00e4hrstoffe, die ein nordischer Mensch braucht, um seinen K\u00f6rper gesund und geschmeidig zu halten, sowie reines kristallines CBD, damit Sie den ganzen Tag \u00fcber scharfsinnig und konzentriert bleiben. Nehmen Sie eine Kapsel zu einer Mahlzeit ein.<\/p>\n<p> <strong>ALOE mit CBD und Kokosnuss<\/strong> <br \/><strong>\u00ad<\/strong><br \/> Eine wunderbare Kombination aus Aloe, CBD und Kokosnuss f\u00fcr die Haut, die k\u00fchlt, beruhigt und tiefenwirksam mit Feuchtigkeit versorgt, die Haut jedoch nicht fettig macht oder die Poren verstopft. Tragen Sie es auf Gesicht, Hals und H\u00e4nde auf und strahlen Sie selbstbewusst!<\/p>\n<h3><\/h3>\n<h3 class=\"default-heading3\"> \ud83c\udf19 Abendritual<\/h3>\n<\/p>\n<p> <strong>Hanfbl\u00fctentee<\/strong><\/p>\n<p> Das Abendritual beginnt mit Cannabisbl\u00fctentee. Es nimmt die Lust auf Snacks oder den Konsum alkoholischer Getr\u00e4nke. Eine Tasse Tee bei Kerzenschein vor Beginn der Sch\u00f6nheits- und Hygienebehandlungen hilft Ihnen zu entspannen.<\/p>\n<p> <strong>Vollspektrum-CBD-\u00d6l 15%<\/strong><\/p>\n<p> Nat\u00fcrlicher Hanfnektar, der von innen n\u00e4hrt. Full Spectrum Tropfen beruhigen den Geist und versorgen den K\u00f6rper mit dem notwendigen physiologischen Gleichgewicht, wodurch die Selbstheilungsprozesse w\u00e4hrend der Nacht ausgel\u00f6st werden und ein guter Schlaf gew\u00e4hrleistet wird.<\/p>\n<p> <strong>Crystal CBD \u00d6l 5%<\/strong><\/p>\n<p> Tiefe und funktionelle Feuchtigkeitsversorgung am Abend, die die ganze Nacht auf der Haut bleibt. Auf Gesicht, Hals und H\u00e4nde auftragen, um die Talgproduktion auszugleichen, Entz\u00fcndungen zu reduzieren und die nat\u00fcrliche Kollagenproduktion der Haut in der Tiefe anzuregen.<\/p>\n<\/div>\n\t\t\t\t<\/div>\n\t\t\t\t\t\t\t<div class=\"elementor-accordion-item\">\n\t\t\t\t\t<h3 id=\"elementor-tab-title-2302\" class=\"elementor-tab-title the7-accordion-header\" data-tab=\"2\" role=\"tab\" aria-controls=\"elementor-tab-content-2302\">\n\n\t\t\t\t\t\t\t\t\t\t\t\t\t<span class=\"elementor-accordion-icon elementor-accordion-icon-left\" aria-hidden=\"true\">\n\t\t\t\t\t\t\t\t\t\t\t\t\t\t\t<span class=\"elementor-accordion-icon-closed\"><i class=\"fas fa-chevron-down\"><\/i><\/span>\n\t\t\t\t\t\t\t\t\t\t\t\t\t\t\t\t\t<span class=\"elementor-accordion-icon-opened\"><i class=\"fas fa-chevron-up\"><\/i><\/span>\n\t\t\t\t\t\t\t\t\t\t\t\t\t\t\t\t\t\t\t\t\t\t<\/span>\n\t\t\t\t\t\t\t\t\t\t\t\t\t\t\t\t\t\t<a class=\"elementor-accordion-title\" href=\"\">Verwaltung<\/a>\n\t\t\t\t\t<\/h3>\n\t\t\t\t\t<div id=\"elementor-tab-content-2302\" class=\"elementor-tab-content elementor-clearfix\" data-tab=\"2\" role=\"tabpanel\" aria-labelledby=\"elementor-tab-title-2302\"><p>1 Kapsel t\u00e4glich mit Essen und Wasser. Am besten morgens.<\/p>\n<p> 1 Tropfen \u00d6l pro 7,5 kg K\u00f6rpergewicht. Empfohlen wird die Einnahme abends eine halbe Stunde vor dem Schlafengehen.<\/p>\n<\/div>\n\t\t\t\t<\/div>\n\t\t\t\t\t\t\t<div class=\"elementor-accordion-item\">\n\t\t\t\t\t<h3 id=\"elementor-tab-title-2303\" class=\"elementor-tab-title the7-accordion-header\" data-tab=\"3\" role=\"tab\" aria-controls=\"elementor-tab-content-2303\">\n\n\t\t\t\t\t\t\t\t\t\t\t\t\t<span class=\"elementor-accordion-icon elementor-accordion-icon-left\" aria-hidden=\"true\">\n\t\t\t\t\t\t\t\t\t\t\t\t\t\t\t<span class=\"elementor-accordion-icon-closed\"><i class=\"fas fa-chevron-down\"><\/i><\/span>\n\t\t\t\t\t\t\t\t\t\t\t\t\t\t\t\t\t<span class=\"elementor-accordion-icon-opened\"><i class=\"fas fa-chevron-up\"><\/i><\/span>\n\t\t\t\t\t\t\t\t\t\t\t\t\t\t\t\t\t\t\t\t\t\t<\/span>\n\t\t\t\t\t\t\t\t\t\t\t\t\t\t\t\t\t\t<a class=\"elementor-accordion-title\" href=\"\">Warnhinweise<\/a>\n\t\t\t\t\t<\/h3>\n\t\t\t\t\t<div id=\"elementor-tab-content-2303\" class=\"elementor-tab-content elementor-clearfix\" data-tab=\"3\" role=\"tabpanel\" aria-labelledby=\"elementor-tab-title-2303\"><p>Nicht f\u00fcr Minderj\u00e4hrige empfohlen.<\/p>\n<p> Die Anwendung w\u00e4hrend der Schwangerschaft wird nicht empfohlen.<\/p>\n<p> Die empfohlene Tagesdosis nicht \u00fcberschreiten.<\/p>\n<p> Das Nahrungserg\u00e4nzungsmittel dient nicht als Ersatz f\u00fcr eine abwechslungsreiche Ern\u00e4hrung.<\/p>\n<p> Au\u00dferhalb der Reichweite von Kindern aufbewahren.<\/p>\n<\/div>\n\t\t\t\t<\/div>\n\t\t\t\t\t\t\t<div class=\"elementor-accordion-item\">\n\t\t\t\t\t<h3 id=\"elementor-tab-title-2304\" class=\"elementor-tab-title the7-accordion-header\" data-tab=\"4\" role=\"tab\" aria-controls=\"elementor-tab-content-2304\">\n\n\t\t\t\t\t\t\t\t\t\t\t\t\t<span class=\"elementor-accordion-icon elementor-accordion-icon-left\" aria-hidden=\"true\">\n\t\t\t\t\t\t\t\t\t\t\t\t\t\t\t<span class=\"elementor-accordion-icon-closed\"><i class=\"fas fa-chevron-down\"><\/i><\/span>\n\t\t\t\t\t\t\t\t\t\t\t\t\t\t\t\t\t<span class=\"elementor-accordion-icon-opened\"><i class=\"fas fa-chevron-up\"><\/i><\/span>\n\t\t\t\t\t\t\t\t\t\t\t\t\t\t\t\t\t\t\t\t\t\t<\/span>\n\t\t\t\t\t\t\t\t\t\t\t\t\t\t\t\t\t\t<a class=\"elementor-accordion-title\" href=\"\">Vorbereitung<\/a>\n\t\t\t\t\t<\/h3>\n\t\t\t\t\t<div id=\"elementor-tab-content-2304\" class=\"elementor-tab-content elementor-clearfix\" data-tab=\"4\" role=\"tabpanel\" aria-labelledby=\"elementor-tab-title-2304\"><p><strong>Full Spectrum CBD-\u00d6l<\/strong> wird aus hochwertigstem heimischen Hanfextrakt hergestellt, der mit feinem MCT C8-\u00d6l verd\u00fcnnt und auf das ber\u00fchmte Zen Native Full Spectrum CBD-\u00d6l abgestimmt wird.<\/p>\n<p> <strong>Crystal CBD-\u00d6l<\/strong> ist unsere eigene glamour\u00f6se Mischung aus CBD-Isolat (Crystal) aus unserem Schweizer Partnerlabor und C8-Ultrafein\u00f6l von unserem europ\u00e4ischen Partner, ausschlie\u00dflich in Glasbeh\u00e4ltern aufbewahrt und ausschlie\u00dflich aus Kokosnuss gewonnen.<\/p>\n<p> <strong>Die Kapseln<\/strong> werden von Zen Native in einem europ\u00e4ischen Labor nach Ma\u00df hergestellt. Verpackt in Estland.<\/p>\n<p> <strong>Aloe Vera Gel<\/strong> wird aus der feinsten Aloe gewonnen, die auf den Kanarischen Inseln angebaut wird, und im Labor von Zen Native mit feinem C8-Kokosnuss\u00f6l und reinstem kristallinem CBD gemischt.<\/p>\n<\/div>\n\t\t\t\t<\/div>\n\t\t\t\t\t\t\t<div class=\"elementor-accordion-item\">\n\t\t\t\t\t<h3 id=\"elementor-tab-title-2305\" class=\"elementor-tab-title the7-accordion-header\" data-tab=\"5\" role=\"tab\" aria-controls=\"elementor-tab-content-2305\">\n\n\t\t\t\t\t\t\t\t\t\t\t\t\t<span class=\"elementor-accordion-icon elementor-accordion-icon-left\" aria-hidden=\"true\">\n\t\t\t\t\t\t\t\t\t\t\t\t\t\t\t<span class=\"elementor-accordion-icon-closed\"><i class=\"fas fa-chevron-down\"><\/i><\/span>\n\t\t\t\t\t\t\t\t\t\t\t\t\t\t\t\t\t<span class=\"elementor-accordion-icon-opened\"><i class=\"fas fa-chevron-up\"><\/i><\/span>\n\t\t\t\t\t\t\t\t\t\t\t\t\t\t\t\t\t\t\t\t\t\t<\/span>\n\t\t\t\t\t\t\t\t\t\t\t\t\t\t\t\t\t\t<a class=\"elementor-accordion-title\" href=\"\">Lagerung<\/a>\n\t\t\t\t\t<\/h3>\n\t\t\t\t\t<div id=\"elementor-tab-content-2305\" class=\"elementor-tab-content elementor-clearfix\" data-tab=\"5\" role=\"tabpanel\" aria-labelledby=\"elementor-tab-title-2305\"><ul>\n<li>Dunkel und bei Zimmertemperatur lagern.<\/li>\n<li> Kapseln reichen bis 02.2027<\/li>\n<li> Das \u00d6l ist nach der Herstellung 1 Jahr haltbar.<\/li>\n<li> Um das \u00d6l besser zu konservieren, ber\u00fchren Sie mit der Pipette nicht Ihre Haut, Zunge oder andere Gegenst\u00e4nde, um zu verhindern, dass Bakterien in die Flasche gelangen.<\/li>\n<\/ul>\n<\/div>\n\t\t\t\t<\/div>\n\t\t\t\t\t<\/div>\n\t\t\t\t\t\t<\/div>\n\t\t\t\t<\/div>\n\t\t\t\t<div class=\"elementor-element elementor-element-609c2e7 elementor-widget elementor-widget-shortcode\" data-id=\"609c2e7\" data-element_type=\"widget\" data-e-type=\"widget\" data-widget_type=\"shortcode.default\">\n\t\t\t\t<div class=\"elementor-widget-container\">\n\t\t\t\t\t\t\t<div class=\"elementor-shortcode\"> <script type=\"application\/ld+json\">\n    {\n      \"@context\": \"https:\/\/lt.zennative.ee\/\u201c,\n      \"@type\": \"Product\",\n      \"name\": \u201cFull \u201cSpectrum CBD oil,\n      \"image\": [\n        \"https:\/\/lt.zennative.ee\/wp-content\/uploads\/2021\/10\/Zen-Native-5-Full-Spectrum-CBD-Oil-Taisspektri-CBD-kanepi-oli_1.png\",\n        \"https:\/\/lt.zennative.ee\/wp-content\/uploads\/2021\/10\/Zen-Native-Pipett-Full-Spectrum-CBD-Oil-Taisspektri-CBD-kanepi-oli.png\",\n        \"https:\/\/lt.zennative.ee\/wp-content\/uploads\/2021\/10\/Zen-Native-5-Full-Spectrum-CBD-Oil-Taisspektri-CBD-kanepi-oli_3.png\"\n       ],\n      \"description\": \"Full Spectrum CBD \u00f5li annab tugevama ja laiema abi kui CBD Kristall \u00d5li ning selle toime on tuntav. Full Spectrum CBD \u00f5li rahustab viha, \u00e4revuse, ebakindluse ja v\u00e4hendab hirmu. F\u00fc\u00fcsiliselt v\u00e4hendab p\u00f5letikku, pingeid ja v\u00e4hki. Full Spectrum CBD \u00f5li sisaldab: k\u00f5iki kannabinoide (CBD, CBG, CBC, CBN...), terpeene ja flavanoide. Kvaliteetseimad ekstraktid on eranditult lahustatud kookose MCT \u00f5lis.\",\n      \"sku\": \"0446310786\",\n      \"brand\": {\n        \"@type\": \"Brand\",\n        \"name\": \u201cZen \u201cNative\n      },\n         \"aggregateRating\": {\n        \"@type\": \"AggregateRating\",\n        \"ratingValue\": \u201c5\u201d,\n        \"reviewCount\": \"89\"\n      },\n      \"offers\": {\n        \"@type\": \"Offer\",\n        \"url\": \"\t\",\n        \"priceCurrency\": \u201cEUR\u201d,\n        \"price\": \"129.99\",\n        \"priceValidUntil\": \"2022-11-20\",\n      }\n    }\n    <\/script><\/div>\n\t\t\t\t\t\t<\/div>\n\t\t\t\t<\/div>\n\t\t\t\t\t<\/div>\n\t\t<\/div>\n\t\t\t\t\t<\/div>\n\t\t<\/section>\n\t\t\t\t<\/div>\n\t\t","protected":false},"excerpt":{"rendered":"<p>Dieses 30-Tage-Starterpaket umfasst das gesamte Spektrum der Zen Native-Produkte und bietet den perfekten \u00dcberblick und die perfekte Produktkombination, um Ihnen den Einstieg in die CBD-Welt zu erleichtern und den Einstieg zu erleichtern. Die Unisex-Linie von Zen Native umfasst f\u00fcnf gro\u00dfartige CBD-Produkte zur inneren und \u00e4u\u00dferen Anwendung. Full Spectrum 15 % CBD-\u00d6l wird aus heimischem Hanfextrakt&hellip;<\/p>\n","protected":false},"featured_media":64955,"comment_status":"closed","ping_status":"closed","template":"","meta":[],"product_brand":[],"product_cat":[936],"product_tag":[],"class_list":{"0":"post-65059","1":"product","2":"type-product","3":"status-publish","4":"has-post-thumbnail","6":"product_cat-verschiedenes","8":"first","9":"instock","10":"sale","11":"shipping-taxable","12":"purchasable","13":"product-type-simple"},"_links":{"self":[{"href":"https:\/\/zennative.eu\/de\/wp-json\/wp\/v2\/product\/65059","targetHints":{"allow":["GET"]}}],"collection":[{"href":"https:\/\/zennative.eu\/de\/wp-json\/wp\/v2\/product"}],"about":[{"href":"https:\/\/zennative.eu\/de\/wp-json\/wp\/v2\/types\/product"}],"replies":[{"embeddable":true,"href":"https:\/\/zennative.eu\/de\/wp-json\/wp\/v2\/comments?post=65059"}],"version-history":[{"count":1,"href":"https:\/\/zennative.eu\/de\/wp-json\/wp\/v2\/product\/65059\/revisions"}],"predecessor-version":[{"id":65060,"href":"https:\/\/zennative.eu\/de\/wp-json\/wp\/v2\/product\/65059\/revisions\/65060"}],"wp:featuredmedia":[{"embeddable":true,"href":"https:\/\/zennative.eu\/de\/wp-json\/wp\/v2\/media\/64955"}],"wp:attachment":[{"href":"https:\/\/zennative.eu\/de\/wp-json\/wp\/v2\/media?parent=65059"}],"wp:term":[{"taxonomy":"product_brand","embeddable":true,"href":"https:\/\/zennative.eu\/de\/wp-json\/wp\/v2\/product_brand?post=65059"},{"taxonomy":"product_cat","embeddable":true,"href":"https:\/\/zennative.eu\/de\/wp-json\/wp\/v2\/product_cat?post=65059"},{"taxonomy":"product_tag","embeddable":true,"href":"https:\/\/zennative.eu\/de\/wp-json\/wp\/v2\/product_tag?post=65059"}],"curies":[{"name":"wp","href":"https:\/\/api.w.org\/{rel}","templated":true}]}}