{"id":64676,"date":"2025-02-15T16:21:44","date_gmt":"2025-02-15T14:52:51","guid":{"rendered":"https:\/\/zennative.eu\/product\/vitamin-kapseln-4200mg-cbd-60stk\/"},"modified":"2025-02-15T16:53:03","modified_gmt":"2025-02-15T14:53:03","slug":"vitamin-kapseln-4200mg-cbd-60stk","status":"publish","type":"product","link":"https:\/\/zennative.eu\/de\/produkt\/vitamin-kapseln-4200mg-cbd-60stk\/","title":{"rendered":"Vitamin+ Kapseln 4200mg CBD (60Stk)"},"content":{"rendered":"\t\t<div data-elementor-type=\"product-post\" data-elementor-id=\"64676\" class=\"elementor elementor-64676 elementor-64612\" data-elementor-post-type=\"product\">\n\t\t\t\t\t\t<section class=\"elementor-section elementor-top-section elementor-element elementor-element-be52df1 elementor-section-boxed elementor-section-height-default elementor-section-height-default\" data-id=\"be52df1\" data-element_type=\"section\" data-e-type=\"section\">\n\t\t\t\t\t\t<div class=\"elementor-container elementor-column-gap-wide\">\n\t\t\t\t\t<div class=\"elementor-column elementor-col-100 elementor-top-column elementor-element elementor-element-abf7203\" data-id=\"abf7203\" data-element_type=\"column\" data-e-type=\"column\">\n\t\t\t<div class=\"elementor-widget-wrap elementor-element-populated\">\n\t\t\t\t\t\t<div class=\"elementor-element elementor-element-7d729db elementor-widget elementor-widget-text-editor\" data-id=\"7d729db\" data-element_type=\"widget\" data-e-type=\"widget\" data-widget_type=\"text-editor.default\">\n\t\t\t\t<div class=\"elementor-widget-container\">\n\t\t\t\t\t\t\t\t\t<p><strong>Zen Native Vitamin+ CBD-Kapseln sind f\u00fcr die morgendliche Einnahme konzipiert und bieten alle fettl\u00f6slichen Vitamine und CBD, die Sie f\u00fcr den Tag ben\u00f6tigen, in einer Kapsel.<\/strong><\/p>\n<p> Unterst\u00fctzen Sie Ihr Herz, Ihre Knochen und Ihr Immunsystem! Diese Kapseln tragen zur Erhaltung der Gesundheit von Herz und Blutgef\u00e4\u00dfen bei, st\u00e4rken das Immunsystem und bewahren die Knochenst\u00e4rke. Dar\u00fcber hinaus unterst\u00fctzen sie die Sehkraft, geben Energie und reduzieren Stress. Eine erstklassige und kraftvolle Kombination f\u00fcr das Wohlbefinden der nordischen Menschen.<\/p><\/p>\n\t\t\t\t\t\t\t\t<\/div>\n\t\t\t\t<\/div>\n\t\t\t\t\t<\/div>\n\t\t<\/div>\n\t\t\t\t\t<\/div>\n\t\t<\/section>\n\t\t\t\t<section class=\"elementor-section elementor-top-section elementor-element elementor-element-1305040 elementor-section-boxed elementor-section-height-default elementor-section-height-default\" data-id=\"1305040\" data-element_type=\"section\" data-e-type=\"section\">\n\t\t\t\t\t\t<div class=\"elementor-container elementor-column-gap-default\">\n\t\t\t\t\t<div class=\"elementor-column elementor-col-100 elementor-top-column elementor-element elementor-element-15e38da\" data-id=\"15e38da\" data-element_type=\"column\" data-e-type=\"column\">\n\t\t\t<div class=\"elementor-widget-wrap elementor-element-populated\">\n\t\t\t\t\t\t<div class=\"elementor-element elementor-element-167dabd elementor-widget elementor-widget-the7-accordion\" data-id=\"167dabd\" data-element_type=\"widget\" data-e-type=\"widget\" data-widget_type=\"the7-accordion.default\">\n\t\t\t\t<div class=\"elementor-widget-container\">\n\t\t\t\t\t\t\t<div class=\"elementor-accordion the7-adv-accordion ac_bb_title ac_bb_active_title ac_top_bottom_borders ac_left_right_borders\" data-accordion-type=\"toggle\" role=\"tablist\">\n\t\t\t\t\t\t\t<div class=\"elementor-accordion-item\">\n\t\t\t\t\t<h3 id=\"elementor-tab-title-2351\" class=\"elementor-tab-title the7-accordion-header deactive-default\" data-tab=\"1\" role=\"tab\" aria-controls=\"elementor-tab-content-2351\">\n\n\t\t\t\t\t\t\t\t\t\t\t\t\t<span class=\"elementor-accordion-icon elementor-accordion-icon-left\" aria-hidden=\"true\">\n\t\t\t\t\t\t\t\t\t\t\t\t\t\t\t<span class=\"elementor-accordion-icon-closed\"><i class=\"fas fa-chevron-down\"><\/i><\/span>\n\t\t\t\t\t\t\t\t\t\t\t\t\t\t\t\t\t<span class=\"elementor-accordion-icon-opened\"><i class=\"fas fa-chevron-up\"><\/i><\/span>\n\t\t\t\t\t\t\t\t\t\t\t\t\t\t\t\t\t\t\t\t\t\t<\/span>\n\t\t\t\t\t\t\t\t\t\t\t\t\t\t\t\t\t\t<a class=\"elementor-accordion-title\" href=\"\">Idee<\/a>\n\t\t\t\t\t<\/h3>\n\t\t\t\t\t<div id=\"elementor-tab-content-2351\" class=\"elementor-tab-content elementor-clearfix deactive-default\" data-tab=\"1\" role=\"tabpanel\" aria-labelledby=\"elementor-tab-title-2351\"><p><b>Die Idee war, alle fettl\u00f6slichen N\u00e4hrstoffe und CBD, die die Menschen in den nordischen L\u00e4ndern t\u00e4glich ben\u00f6tigen, in einer Kapsel zu vereinen.<\/b> Eine Kapsel t\u00e4glich mit erstklassigen Vitaminen und CBD ist eine praktische M\u00f6glichkeit, den Tag richtig zu beginnen: mit viel Energie und einem ruhigen Geist.<\/p>\n<\/div>\n\t\t\t\t<\/div>\n\t\t\t\t\t\t\t<div class=\"elementor-accordion-item\">\n\t\t\t\t\t<h3 id=\"elementor-tab-title-2352\" class=\"elementor-tab-title the7-accordion-header\" data-tab=\"2\" role=\"tab\" aria-controls=\"elementor-tab-content-2352\">\n\n\t\t\t\t\t\t\t\t\t\t\t\t\t<span class=\"elementor-accordion-icon elementor-accordion-icon-left\" aria-hidden=\"true\">\n\t\t\t\t\t\t\t\t\t\t\t\t\t\t\t<span class=\"elementor-accordion-icon-closed\"><i class=\"fas fa-chevron-down\"><\/i><\/span>\n\t\t\t\t\t\t\t\t\t\t\t\t\t\t\t\t\t<span class=\"elementor-accordion-icon-opened\"><i class=\"fas fa-chevron-up\"><\/i><\/span>\n\t\t\t\t\t\t\t\t\t\t\t\t\t\t\t\t\t\t\t\t\t\t<\/span>\n\t\t\t\t\t\t\t\t\t\t\t\t\t\t\t\t\t\t<a class=\"elementor-accordion-title\" href=\"\">Inhalt<\/a>\n\t\t\t\t\t<\/h3>\n\t\t\t\t\t<div id=\"elementor-tab-content-2352\" class=\"elementor-tab-content elementor-clearfix\" data-tab=\"2\" role=\"tabpanel\" aria-labelledby=\"elementor-tab-title-2352\"><ul>\n<li>Vitamin D3 (Cholecalciferol) \u2026 20\u00b5g<\/li>\n<li> Vitamin E (DL-Alpha-Tocopherol) \u2026 270mg<\/li>\n<li> Vitamin K2 MK7 (Menachinon-7) \u2026 120\u00b5g<\/li>\n<li> Vitamin A (Retinylpalmitat) \u2026 310\u00b5g<\/li>\n<li> CBD (Cannabidiol-Isolat) \u2026 70mg<\/li>\n<li> MCT (mittelkettige Triglyceride) \u2026 95mg<\/li>\n<li> Energie \u2026 2,58 kcal<\/li>\n<li> Fett \u2026 0,1g<\/li>\n<li> Kapsel (Gelatine, pflanzliches Glycerin) \u2026 0,3g<\/li>\n<\/ul>\n<\/div>\n\t\t\t\t<\/div>\n\t\t\t\t\t\t\t<div class=\"elementor-accordion-item\">\n\t\t\t\t\t<h3 id=\"elementor-tab-title-2353\" class=\"elementor-tab-title the7-accordion-header\" data-tab=\"3\" role=\"tab\" aria-controls=\"elementor-tab-content-2353\">\n\n\t\t\t\t\t\t\t\t\t\t\t\t\t<span class=\"elementor-accordion-icon elementor-accordion-icon-left\" aria-hidden=\"true\">\n\t\t\t\t\t\t\t\t\t\t\t\t\t\t\t<span class=\"elementor-accordion-icon-closed\"><i class=\"fas fa-chevron-down\"><\/i><\/span>\n\t\t\t\t\t\t\t\t\t\t\t\t\t\t\t\t\t<span class=\"elementor-accordion-icon-opened\"><i class=\"fas fa-chevron-up\"><\/i><\/span>\n\t\t\t\t\t\t\t\t\t\t\t\t\t\t\t\t\t\t\t\t\t\t<\/span>\n\t\t\t\t\t\t\t\t\t\t\t\t\t\t\t\t\t\t<a class=\"elementor-accordion-title\" href=\"\">Verwaltung<\/a>\n\t\t\t\t\t<\/h3>\n\t\t\t\t\t<div id=\"elementor-tab-content-2353\" class=\"elementor-tab-content elementor-clearfix\" data-tab=\"3\" role=\"tabpanel\" aria-labelledby=\"elementor-tab-title-2353\"><p>T\u00e4glich 1 Kapsel mit Essen und Wasser. Am besten morgens.<\/p>\n<\/div>\n\t\t\t\t<\/div>\n\t\t\t\t\t\t\t<div class=\"elementor-accordion-item\">\n\t\t\t\t\t<h3 id=\"elementor-tab-title-2354\" class=\"elementor-tab-title the7-accordion-header\" data-tab=\"4\" role=\"tab\" aria-controls=\"elementor-tab-content-2354\">\n\n\t\t\t\t\t\t\t\t\t\t\t\t\t<span class=\"elementor-accordion-icon elementor-accordion-icon-left\" aria-hidden=\"true\">\n\t\t\t\t\t\t\t\t\t\t\t\t\t\t\t<span class=\"elementor-accordion-icon-closed\"><i class=\"fas fa-chevron-down\"><\/i><\/span>\n\t\t\t\t\t\t\t\t\t\t\t\t\t\t\t\t\t<span class=\"elementor-accordion-icon-opened\"><i class=\"fas fa-chevron-up\"><\/i><\/span>\n\t\t\t\t\t\t\t\t\t\t\t\t\t\t\t\t\t\t\t\t\t\t<\/span>\n\t\t\t\t\t\t\t\t\t\t\t\t\t\t\t\t\t\t<a class=\"elementor-accordion-title\" href=\"\">Warnhinweise<\/a>\n\t\t\t\t\t<\/h3>\n\t\t\t\t\t<div id=\"elementor-tab-content-2354\" class=\"elementor-tab-content elementor-clearfix\" data-tab=\"4\" role=\"tabpanel\" aria-labelledby=\"elementor-tab-title-2354\"><p>Nicht f\u00fcr Minderj\u00e4hrige empfohlen.<\/p>\n<p> Die Anwendung w\u00e4hrend der Schwangerschaft wird nicht empfohlen.<\/p>\n<p> Die empfohlene Tagesdosis nicht \u00fcberschreiten.<\/p>\n<p> Das Nahrungserg\u00e4nzungsmittel ist kein Ersatz f\u00fcr eine abwechslungsreiche Ern\u00e4hrung.<\/p>\n<p> Au\u00dferhalb der Reichweite von Kindern aufbewahren.<\/p>\n<\/div>\n\t\t\t\t<\/div>\n\t\t\t\t\t\t\t<div class=\"elementor-accordion-item\">\n\t\t\t\t\t<h3 id=\"elementor-tab-title-2355\" class=\"elementor-tab-title the7-accordion-header\" data-tab=\"5\" role=\"tab\" aria-controls=\"elementor-tab-content-2355\">\n\n\t\t\t\t\t\t\t\t\t\t\t\t\t<span class=\"elementor-accordion-icon elementor-accordion-icon-left\" aria-hidden=\"true\">\n\t\t\t\t\t\t\t\t\t\t\t\t\t\t\t<span class=\"elementor-accordion-icon-closed\"><i class=\"fas fa-chevron-down\"><\/i><\/span>\n\t\t\t\t\t\t\t\t\t\t\t\t\t\t\t\t\t<span class=\"elementor-accordion-icon-opened\"><i class=\"fas fa-chevron-up\"><\/i><\/span>\n\t\t\t\t\t\t\t\t\t\t\t\t\t\t\t\t\t\t\t\t\t\t<\/span>\n\t\t\t\t\t\t\t\t\t\t\t\t\t\t\t\t\t\t<a class=\"elementor-accordion-title\" href=\"\">Vorbereitung<\/a>\n\t\t\t\t\t<\/h3>\n\t\t\t\t\t<div id=\"elementor-tab-content-2355\" class=\"elementor-tab-content elementor-clearfix\" data-tab=\"5\" role=\"tabpanel\" aria-labelledby=\"elementor-tab-title-2355\"><p>Die Kapseln werden im Auftrag von Zen Native in einem europ\u00e4ischen Labor hergestellt. In Estland verpackt.<\/p>\n<\/div>\n\t\t\t\t<\/div>\n\t\t\t\t\t\t\t<div class=\"elementor-accordion-item\">\n\t\t\t\t\t<h3 id=\"elementor-tab-title-2356\" class=\"elementor-tab-title the7-accordion-header\" data-tab=\"6\" role=\"tab\" aria-controls=\"elementor-tab-content-2356\">\n\n\t\t\t\t\t\t\t\t\t\t\t\t\t<span class=\"elementor-accordion-icon elementor-accordion-icon-left\" aria-hidden=\"true\">\n\t\t\t\t\t\t\t\t\t\t\t\t\t\t\t<span class=\"elementor-accordion-icon-closed\"><i class=\"fas fa-chevron-down\"><\/i><\/span>\n\t\t\t\t\t\t\t\t\t\t\t\t\t\t\t\t\t<span class=\"elementor-accordion-icon-opened\"><i class=\"fas fa-chevron-up\"><\/i><\/span>\n\t\t\t\t\t\t\t\t\t\t\t\t\t\t\t\t\t\t\t\t\t\t<\/span>\n\t\t\t\t\t\t\t\t\t\t\t\t\t\t\t\t\t\t<a class=\"elementor-accordion-title\" href=\"\">Lagerung<\/a>\n\t\t\t\t\t<\/h3>\n\t\t\t\t\t<div id=\"elementor-tab-content-2356\" class=\"elementor-tab-content elementor-clearfix\" data-tab=\"6\" role=\"tabpanel\" aria-labelledby=\"elementor-tab-title-2356\"><ul>\n<li>Dunkel und bei Zimmertemperatur lagern.<\/li>\n<li> G\u00fcltig bis 02.2027<\/li>\n<\/ul>\n<\/div>\n\t\t\t\t<\/div>\n\t\t\t\t\t<\/div>\n\t\t\t\t\t\t<\/div>\n\t\t\t\t<\/div>\n\t\t\t\t<div class=\"elementor-element elementor-element-527bd91 elementor-hidden-desktop elementor-hidden-tablet elementor-hidden-mobile elementor-widget elementor-widget-image\" data-id=\"527bd91\" data-element_type=\"widget\" data-e-type=\"widget\" data-widget_type=\"image.default\">\n\t\t\t\t<div class=\"elementor-widget-container\">\n\t\t\t\t\t\t\t\t\t\t\t\t\t\t\t<img fetchpriority=\"high\" decoding=\"async\" width=\"601\" height=\"800\" src=\"https:\/\/zennative.eu\/wp-content\/uploads\/2025\/02\/Zen-Native-5-Full-Spectrum-CBD-Oil-Taisspektri-CBD-kanepi-oli_2.png\" class=\"attachment-large size-large wp-image-64654\" alt=\"\" srcset=\"https:\/\/zennative.eu\/wp-content\/uploads\/2025\/02\/Zen-Native-5-Full-Spectrum-CBD-Oil-Taisspektri-CBD-kanepi-oli_2.png 601w, https:\/\/zennative.eu\/wp-content\/uploads\/2025\/02\/Zen-Native-5-Full-Spectrum-CBD-Oil-Taisspektri-CBD-kanepi-oli_2-225x300.png 225w\" sizes=\"(max-width: 601px) 100vw, 601px\" \/>\t\t\t\t\t\t\t\t\t\t\t\t\t\t\t<\/div>\n\t\t\t\t<\/div>\n\t\t\t\t<div class=\"elementor-element elementor-element-65f8a2a elementor-widget elementor-widget-shortcode\" data-id=\"65f8a2a\" data-element_type=\"widget\" data-e-type=\"widget\" data-widget_type=\"shortcode.default\">\n\t\t\t\t<div class=\"elementor-widget-container\">\n\t\t\t\t\t\t\t<div class=\"elementor-shortcode\"> <script type=\"application\/ld+json\">\n    {\n      \"@context\": \"https:\/\/lt.zennative.ee\/\u201c,\n      \"@type\": \"Product\",\n      \"name\": \u201cFull \u201cSpectrum CBD oil,\n      \"image\": [\n        \"https:\/\/lt.zennative.ee\/wp-content\/uploads\/2021\/10\/Zen-Native-5-Full-Spectrum-CBD-Oil-Taisspektri-CBD-kanepi-oli_1.png\",\n        \"https:\/\/lt.zennative.ee\/wp-content\/uploads\/2021\/10\/Zen-Native-Pipett-Full-Spectrum-CBD-Oil-Taisspektri-CBD-kanepi-oli.png\",\n        \"https:\/\/lt.zennative.ee\/wp-content\/uploads\/2021\/10\/Zen-Native-5-Full-Spectrum-CBD-Oil-Taisspektri-CBD-kanepi-oli_3.png\"\n       ],\n      \"description\": \"Full Spectrum CBD \u00f5li annab tugevama ja laiema abi kui CBD Kristall \u00d5li ning selle toime on tuntav. Full Spectrum CBD \u00f5li rahustab viha, \u00e4revuse, ebakindluse ja v\u00e4hendab hirmu. F\u00fc\u00fcsiliselt v\u00e4hendab p\u00f5letikku, pingeid ja v\u00e4hki. Full Spectrum CBD \u00f5li sisaldab: k\u00f5iki kannabinoide (CBD, CBG, CBC, CBN...), terpeene ja flavanoide. Kvaliteetseimad ekstraktid on eranditult lahustatud kookose MCT \u00f5lis.\",\n      \"sku\": \"0446310786\",\n      \"brand\": {\n        \"@type\": \"Brand\",\n        \"name\": \u201cZen \u201cNative\n      },\n         \"aggregateRating\": {\n        \"@type\": \"AggregateRating\",\n        \"ratingValue\": \u201c5\u201d,\n        \"reviewCount\": \"89\"\n      },\n      \"offers\": {\n        \"@type\": \"Offer\",\n        \"url\": \"\t\",\n        \"priceCurrency\": \u201cEUR\u201d,\n        \"price\": \"129.99\",\n        \"priceValidUntil\": \"2022-11-20\",\n      }\n    }\n    <\/script><\/div>\n\t\t\t\t\t\t<\/div>\n\t\t\t\t<\/div>\n\t\t\t\t\t<\/div>\n\t\t<\/div>\n\t\t\t\t\t<\/div>\n\t\t<\/section>\n\t\t\t\t<\/div>\n\t\t","protected":false},"excerpt":{"rendered":"<p data-start=\"67\" data-end=\"336\">Diese Kapseln sind f\u00fcr die morgendliche Einnahme konzipiert und versorgen Sie mit wichtigen fettl\u00f6slichen Vitaminen und CBD. Unterst\u00fctzen Sie Ihr <strong data-start=\"186\" data-end=\"227\">Herz, Ihre Blutgef\u00e4\u00dfe, Ihre Knochen und Ihr Immunsystem<\/strong> mit einer einfachen Kapsel! Dar\u00fcber hinaus tragen sie <strong data-start=\"269\" data-end=\"333\">zur Erhaltung der Sehkraft bei, steigern die Energie und reduzieren Stress<\/strong> .<\/p>\n<p data-start=\"338\" data-end=\"476\" data-is-last-node=\"\"> <strong data-start=\"338\" data-end=\"374\">Eine Premium-Kapsel t\u00e4glich<\/strong> versorgt den nordischen Menschen mit den notwendigen N\u00e4hrstoffen und schenkt ihm <strong data-start=\"429\" data-end=\"462\">viel Energie und einen ruhigen Geist<\/strong> f\u00fcr den ganzen Tag.<\/p>\n","protected":false},"featured_media":64617,"comment_status":"open","ping_status":"closed","template":"","meta":[],"product_brand":[],"product_cat":[929],"product_tag":[],"class_list":{"0":"post-64676","1":"product","2":"type-product","3":"status-publish","4":"has-post-thumbnail","6":"product_cat-cbd-kapseln","8":"first","9":"instock","10":"shipping-taxable","11":"purchasable","12":"product-type-simple"},"_links":{"self":[{"href":"https:\/\/zennative.eu\/de\/wp-json\/wp\/v2\/product\/64676","targetHints":{"allow":["GET"]}}],"collection":[{"href":"https:\/\/zennative.eu\/de\/wp-json\/wp\/v2\/product"}],"about":[{"href":"https:\/\/zennative.eu\/de\/wp-json\/wp\/v2\/types\/product"}],"replies":[{"embeddable":true,"href":"https:\/\/zennative.eu\/de\/wp-json\/wp\/v2\/comments?post=64676"}],"version-history":[{"count":1,"href":"https:\/\/zennative.eu\/de\/wp-json\/wp\/v2\/product\/64676\/revisions"}],"predecessor-version":[{"id":64677,"href":"https:\/\/zennative.eu\/de\/wp-json\/wp\/v2\/product\/64676\/revisions\/64677"}],"wp:featuredmedia":[{"embeddable":true,"href":"https:\/\/zennative.eu\/de\/wp-json\/wp\/v2\/media\/64617"}],"wp:attachment":[{"href":"https:\/\/zennative.eu\/de\/wp-json\/wp\/v2\/media?parent=64676"}],"wp:term":[{"taxonomy":"product_brand","embeddable":true,"href":"https:\/\/zennative.eu\/de\/wp-json\/wp\/v2\/product_brand?post=64676"},{"taxonomy":"product_cat","embeddable":true,"href":"https:\/\/zennative.eu\/de\/wp-json\/wp\/v2\/product_cat?post=64676"},{"taxonomy":"product_tag","embeddable":true,"href":"https:\/\/zennative.eu\/de\/wp-json\/wp\/v2\/product_tag?post=64676"}],"curies":[{"name":"wp","href":"https:\/\/api.w.org\/{rel}","templated":true}]}}