{"id":63733,"date":"2022-02-13T09:30:21","date_gmt":"2024-10-02T17:42:12","guid":{"rendered":"https:\/\/zennative.eu\/product\/kristall-cbd-oel-1500mg-15\/"},"modified":"2024-10-05T18:51:33","modified_gmt":"2024-10-05T15:51:33","slug":"kristall-cbd-oel-1500mg-15","status":"publish","type":"product","link":"https:\/\/zennative.eu\/de\/produkt\/kristall-cbd-oel-1500mg-15\/","title":{"rendered":"Kristall CBD-\u00d6l &#8211; 1500mg (15%)"},"content":{"rendered":"\t\t<div data-elementor-type=\"product-post\" data-elementor-id=\"63733\" class=\"elementor elementor-63733 elementor-41552\" data-elementor-post-type=\"product\">\n\t\t\t\t\t\t<section class=\"elementor-section elementor-top-section elementor-element elementor-element-4c104f4 elementor-section-boxed elementor-section-height-default elementor-section-height-default\" data-id=\"4c104f4\" data-element_type=\"section\" data-e-type=\"section\">\n\t\t\t\t\t\t<div class=\"elementor-container elementor-column-gap-wide\">\n\t\t\t\t\t<div class=\"elementor-column elementor-col-100 elementor-top-column elementor-element elementor-element-93cefb6\" data-id=\"93cefb6\" data-element_type=\"column\" data-e-type=\"column\">\n\t\t\t<div class=\"elementor-widget-wrap elementor-element-populated\">\n\t\t\t\t\t\t<div class=\"elementor-element elementor-element-dd40012 elementor-widget elementor-widget-text-editor\" data-id=\"dd40012\" data-element_type=\"widget\" data-e-type=\"widget\" data-widget_type=\"text-editor.default\">\n\t\t\t\t<div class=\"elementor-widget-container\">\n\t\t\t\t\t\t\t\t\t<p><strong>Es ist ein reines CBD-\u00d6l mit 1500mg CBD-Kristall.<\/strong> Das 15%ige CBD-\u00d6l von Zen Native ist geruchsneutral und wird leicht vom K\u00f6rper aufgenommen, da es in feinstem MCT-\u00d6l aus der Kokosnuss, der wundersamen Capryls\u00e4ure, gel\u00f6st ist.<\/p>\n<p>10ml, wiederaufbereitete, lichtdichte Glaspipettenflasche. Mindestens 200 Tropfen pro Flasche.<\/p>\n<p><strong>Lesen Sie mehr:<\/strong> <a href=\"https:\/\/zennative.eu\/de\/was-ist-cbd\/\" target=\"_blank\" rel=\"noopener\">Alles \u00fcber CBD?<\/a><\/p>\n\t\t\t\t\t\t\t\t<\/div>\n\t\t\t\t<\/div>\n\t\t\t\t<div class=\"elementor-element elementor-element-e275dc6 elementor-widget elementor-widget-the7-accordion\" data-id=\"e275dc6\" data-element_type=\"widget\" data-e-type=\"widget\" data-widget_type=\"the7-accordion.default\">\n\t\t\t\t<div class=\"elementor-widget-container\">\n\t\t\t\t\t\t\t<div class=\"elementor-accordion the7-adv-accordion ac_bb_title ac_bb_active_title ac_top_bottom_borders ac_left_right_borders\" data-accordion-type=\"toggle\" role=\"tablist\">\n\t\t\t\t\t\t\t<div class=\"elementor-accordion-item\">\n\t\t\t\t\t<h3 id=\"elementor-tab-title-2371\" class=\"elementor-tab-title the7-accordion-header deactive-default\" data-tab=\"1\" role=\"tab\" aria-controls=\"elementor-tab-content-2371\">\n\n\t\t\t\t\t\t\t\t\t\t\t\t\t<span class=\"elementor-accordion-icon elementor-accordion-icon-left\" aria-hidden=\"true\">\n\t\t\t\t\t\t\t\t\t\t\t\t\t\t\t<span class=\"elementor-accordion-icon-closed\"><i class=\"fas fa-chevron-down\"><\/i><\/span>\n\t\t\t\t\t\t\t\t\t\t\t\t\t\t\t\t\t<span class=\"elementor-accordion-icon-opened\"><i class=\"fas fa-chevron-up\"><\/i><\/span>\n\t\t\t\t\t\t\t\t\t\t\t\t\t\t\t\t\t\t\t\t\t\t<\/span>\n\t\t\t\t\t\t\t\t\t\t\t\t\t\t\t\t\t\t<a class=\"elementor-accordion-title\" href=\"\">Idee<\/a>\n\t\t\t\t\t<\/h3>\n\t\t\t\t\t<div id=\"elementor-tab-content-2371\" class=\"elementor-tab-content elementor-clearfix deactive-default\" data-tab=\"1\" role=\"tabpanel\" aria-labelledby=\"elementor-tab-title-2371\"><p>2019 hatten wir bei Zen Native die Idee, CBD-\u00d6l in seiner reinsten Form herzustellen. Da Cannabinoide fettl\u00f6slich sind, mussten wir das feinste nat\u00fcrliche Fettmolek\u00fcl finden. Das haben wir in der Kokosnuss gefunden. Heute sind wir stolz darauf, CBD-\u00d6l anzubieten, das so fein wie Wasser ist.<\/p>\n<p><strong><br \/>\n<\/strong><em>Enth\u00e4lt:<\/em> CBD, C8<\/p>\n<\/div>\n\t\t\t\t<\/div>\n\t\t\t\t\t\t\t<div class=\"elementor-accordion-item\">\n\t\t\t\t\t<h3 id=\"elementor-tab-title-2372\" class=\"elementor-tab-title the7-accordion-header\" data-tab=\"2\" role=\"tab\" aria-controls=\"elementor-tab-content-2372\">\n\n\t\t\t\t\t\t\t\t\t\t\t\t\t<span class=\"elementor-accordion-icon elementor-accordion-icon-left\" aria-hidden=\"true\">\n\t\t\t\t\t\t\t\t\t\t\t\t\t\t\t<span class=\"elementor-accordion-icon-closed\"><i class=\"fas fa-chevron-down\"><\/i><\/span>\n\t\t\t\t\t\t\t\t\t\t\t\t\t\t\t\t\t<span class=\"elementor-accordion-icon-opened\"><i class=\"fas fa-chevron-up\"><\/i><\/span>\n\t\t\t\t\t\t\t\t\t\t\t\t\t\t\t\t\t\t\t\t\t\t<\/span>\n\t\t\t\t\t\t\t\t\t\t\t\t\t\t\t\t\t\t<a class=\"elementor-accordion-title\" href=\"\">Sporadisch verwenden<\/a>\n\t\t\t\t\t<\/h3>\n\t\t\t\t\t<div id=\"elementor-tab-content-2372\" class=\"elementor-tab-content elementor-clearfix\" data-tab=\"2\" role=\"tabpanel\" aria-labelledby=\"elementor-tab-title-2372\"><p>In diesem \u00d6l erhalten Sie alle positiven Eigenschaften von CBD, einschlie\u00dflich:<\/p>\n<ul>\n<li style=\"list-style-type: none;\">\n<ul>\n<li>Beruhigt das Nervensystem, Muskelverspannungen und Angstzust\u00e4nde<\/li>\n<li>Hilft beim Einschlafen und Durchschlafen<\/li>\n<li>Senkt die Stresshormon- und Entz\u00fcndungswerte<\/li>\n<\/ul>\n<\/li>\n<\/ul>\n<p>Ein Tropfen enth\u00e4lt 7,5 mg CBD. 1mg CBD = 1kg pro Kilogramm f\u00fcr eine 75 kg schwere Person = 10 Tropfen unter die Zunge.<\/p>\n<p><strong>Lesen Sie mehr:<\/strong> <a href=\"https:\/\/zennative.eu\/de\/was-ist-cbd\/\" target=\"_blank\" rel=\"noopener\">Alles \u00fcber CBD?<\/a><\/p>\n<ul>\n<li style=\"list-style-type: none;\"><\/li>\n<\/ul>\n<\/div>\n\t\t\t\t<\/div>\n\t\t\t\t\t\t\t<div class=\"elementor-accordion-item\">\n\t\t\t\t\t<h3 id=\"elementor-tab-title-2373\" class=\"elementor-tab-title the7-accordion-header\" data-tab=\"3\" role=\"tab\" aria-controls=\"elementor-tab-content-2373\">\n\n\t\t\t\t\t\t\t\t\t\t\t\t\t<span class=\"elementor-accordion-icon elementor-accordion-icon-left\" aria-hidden=\"true\">\n\t\t\t\t\t\t\t\t\t\t\t\t\t\t\t<span class=\"elementor-accordion-icon-closed\"><i class=\"fas fa-chevron-down\"><\/i><\/span>\n\t\t\t\t\t\t\t\t\t\t\t\t\t\t\t\t\t<span class=\"elementor-accordion-icon-opened\"><i class=\"fas fa-chevron-up\"><\/i><\/span>\n\t\t\t\t\t\t\t\t\t\t\t\t\t\t\t\t\t\t\t\t\t\t<\/span>\n\t\t\t\t\t\t\t\t\t\t\t\t\t\t\t\t\t\t<a class=\"elementor-accordion-title\" href=\"\">Externe Verwendung<\/a>\n\t\t\t\t\t<\/h3>\n\t\t\t\t\t<div id=\"elementor-tab-content-2373\" class=\"elementor-tab-content elementor-clearfix\" data-tab=\"3\" role=\"tabpanel\" aria-labelledby=\"elementor-tab-title-2373\"><p>Tupfen Sie 1-3 Tropfen sanft auf die saubere Haut in der Gr\u00f6\u00dfe Ihrer Handfl\u00e4che. Vermeiden Sie den Kontakt mit den Augen.<\/p>\n<ul>\n<li style=\"list-style-type: none;\">\n<ul>\n<li>Bes\u00e4nftigt schnell entz\u00fcndete Haut<\/li>\n<li>Spendet tiefenwirksam Feuchtigkeit und gleicht selbst fettige Haut aus<\/li>\n<li>F\u00f6rdert die nat\u00fcrliche Kollagenproduktion<\/li>\n<li>Beruhigt schmerzende Muskeln und Gelenke<\/li>\n<\/ul>\n<\/li>\n<\/ul>\n<p><strong>5%<\/strong> = Zur Prophylaxe und allgemeinen Pflege der gesunden Haut<\/p>\n<p><strong>15%<\/strong> = Zur Pflege von problematischer, entz\u00fcndeter oder zu Akne neigender Haut<\/p>\n<p><strong>30%<\/strong> = Zur Linderung und Behandlung von Hautkrankheiten<\/p>\n<p><strong>Lesen Sie mehr:<\/strong> <a href=\"https:\/\/zennative.eu\/de\/was-ist-cbd\/\" target=\"_blank\" rel=\"noopener\">Alles \u00fcber CBD?<\/a><\/p>\n<\/div>\n\t\t\t\t<\/div>\n\t\t\t\t\t\t\t<div class=\"elementor-accordion-item\">\n\t\t\t\t\t<h3 id=\"elementor-tab-title-2374\" class=\"elementor-tab-title the7-accordion-header\" data-tab=\"4\" role=\"tab\" aria-controls=\"elementor-tab-content-2374\">\n\n\t\t\t\t\t\t\t\t\t\t\t\t\t<span class=\"elementor-accordion-icon elementor-accordion-icon-left\" aria-hidden=\"true\">\n\t\t\t\t\t\t\t\t\t\t\t\t\t\t\t<span class=\"elementor-accordion-icon-closed\"><i class=\"fas fa-chevron-down\"><\/i><\/span>\n\t\t\t\t\t\t\t\t\t\t\t\t\t\t\t\t\t<span class=\"elementor-accordion-icon-opened\"><i class=\"fas fa-chevron-up\"><\/i><\/span>\n\t\t\t\t\t\t\t\t\t\t\t\t\t\t\t\t\t\t\t\t\t\t<\/span>\n\t\t\t\t\t\t\t\t\t\t\t\t\t\t\t\t\t\t<a class=\"elementor-accordion-title\" href=\"\">Zus\u00e4tzliche Informationen<\/a>\n\t\t\t\t\t<\/h3>\n\t\t\t\t\t<div id=\"elementor-tab-content-2374\" class=\"elementor-tab-content elementor-clearfix\" data-tab=\"4\" role=\"tabpanel\" aria-labelledby=\"elementor-tab-title-2374\"><ul>\n<li>Zugelassen von der Welt-Anti-Doping-Agentur<\/li>\n<li>% lo100 illegaler Herkunft<\/li>\n<li>Recycelte, lichtabweisende Glasflasche<\/li>\n<li>Palm\u00f6lfrei, GMO-frei und vegan<\/li>\n<li>Hergestellt in Estland<\/li>\n<\/ul>\n<\/div>\n\t\t\t\t<\/div>\n\t\t\t\t\t\t\t<div class=\"elementor-accordion-item\">\n\t\t\t\t\t<h3 id=\"elementor-tab-title-2375\" class=\"elementor-tab-title the7-accordion-header\" data-tab=\"5\" role=\"tab\" aria-controls=\"elementor-tab-content-2375\">\n\n\t\t\t\t\t\t\t\t\t\t\t\t\t<span class=\"elementor-accordion-icon elementor-accordion-icon-left\" aria-hidden=\"true\">\n\t\t\t\t\t\t\t\t\t\t\t\t\t\t\t<span class=\"elementor-accordion-icon-closed\"><i class=\"fas fa-chevron-down\"><\/i><\/span>\n\t\t\t\t\t\t\t\t\t\t\t\t\t\t\t\t\t<span class=\"elementor-accordion-icon-opened\"><i class=\"fas fa-chevron-up\"><\/i><\/span>\n\t\t\t\t\t\t\t\t\t\t\t\t\t\t\t\t\t\t\t\t\t\t<\/span>\n\t\t\t\t\t\t\t\t\t\t\t\t\t\t\t\t\t\t<a class=\"elementor-accordion-title\" href=\"\">Vorbereitung<\/a>\n\t\t\t\t\t<\/h3>\n\t\t\t\t\t<div id=\"elementor-tab-content-2375\" class=\"elementor-tab-content elementor-clearfix\" data-tab=\"5\" role=\"tabpanel\" aria-labelledby=\"elementor-tab-title-2375\"><p>Das CBD-Molek\u00fcl wird durch Kristallisation aus dem Hanfextrakt extrahiert. Anschlie\u00dfend wird es in dem aus der Kokosnuss extrahierten C8-Molek\u00fcl aufgel\u00f6st.<\/p>\n<\/div>\n\t\t\t\t<\/div>\n\t\t\t\t\t\t\t<div class=\"elementor-accordion-item\">\n\t\t\t\t\t<h3 id=\"elementor-tab-title-2376\" class=\"elementor-tab-title the7-accordion-header\" data-tab=\"6\" role=\"tab\" aria-controls=\"elementor-tab-content-2376\">\n\n\t\t\t\t\t\t\t\t\t\t\t\t\t<span class=\"elementor-accordion-icon elementor-accordion-icon-left\" aria-hidden=\"true\">\n\t\t\t\t\t\t\t\t\t\t\t\t\t\t\t<span class=\"elementor-accordion-icon-closed\"><i class=\"fas fa-chevron-down\"><\/i><\/span>\n\t\t\t\t\t\t\t\t\t\t\t\t\t\t\t\t\t<span class=\"elementor-accordion-icon-opened\"><i class=\"fas fa-chevron-up\"><\/i><\/span>\n\t\t\t\t\t\t\t\t\t\t\t\t\t\t\t\t\t\t\t\t\t\t<\/span>\n\t\t\t\t\t\t\t\t\t\t\t\t\t\t\t\t\t\t<a class=\"elementor-accordion-title\" href=\"\">Lagerung bei<\/a>\n\t\t\t\t\t<\/h3>\n\t\t\t\t\t<div id=\"elementor-tab-content-2376\" class=\"elementor-tab-content elementor-clearfix\" data-tab=\"6\" role=\"tabpanel\" aria-labelledby=\"elementor-tab-title-2376\"><ul>\n<li>Im Dunkeln und bei Raumtemperatur aufbewahren<\/li>\n<li>Vermeiden Sie es, mit der Pipette den Mund oder die Haut zu ber\u00fchren.<\/li>\n<\/ul>\n<\/div>\n\t\t\t\t<\/div>\n\t\t\t\t\t<\/div>\n\t\t\t\t\t\t<\/div>\n\t\t\t\t<\/div>\n\t\t\t\t<div class=\"elementor-element elementor-element-e886313 elementor-hidden-desktop elementor-hidden-tablet elementor-hidden-mobile elementor-widget elementor-widget-image\" data-id=\"e886313\" data-element_type=\"widget\" data-e-type=\"widget\" data-widget_type=\"image.default\">\n\t\t\t\t<div class=\"elementor-widget-container\">\n\t\t\t\t\t\t\t\t\t\t\t\t\t\t\t<img fetchpriority=\"high\" decoding=\"async\" width=\"600\" height=\"800\" src=\"https:\/\/zennative.eu\/wp-content\/uploads\/2021\/01\/Zen-Native-Crystal-Serum-CBD-Oil-06.png\" class=\"attachment-large size-large wp-image-62884\" alt=\"cbd-\u00d6l\" srcset=\"https:\/\/zennative.eu\/wp-content\/uploads\/2021\/01\/Zen-Native-Crystal-Serum-CBD-Oil-06.png 600w, https:\/\/zennative.eu\/wp-content\/uploads\/2021\/01\/Zen-Native-Crystal-Serum-CBD-Oil-06-225x300.png 225w\" sizes=\"(max-width: 600px) 100vw, 600px\" \/>\t\t\t\t\t\t\t\t\t\t\t\t\t\t\t<\/div>\n\t\t\t\t<\/div>\n\t\t\t\t\t<\/div>\n\t\t<\/div>\n\t\t\t\t\t<\/div>\n\t\t<\/section>\n\t\t\t\t<\/div>\n\t\t","protected":false},"excerpt":{"rendered":"<p><strong>Es ist ein reines CBD-\u00d6l mit 1500mg CBD-Kristall.<\/strong> Das 15%ige CBD-\u00d6l von Zen Native ist geruchs- und geschmacksneutral und wird leicht vom K\u00f6rper aufgenommen, da es in feinstem MCT-\u00d6l aus der Kokosnuss, der wundersamen Capryls\u00e4ure, gel\u00f6st ist.<\/p>\n<p>10ml, wiederaufbereitete, lichtdichte Glaspipettenflasche. Mindestens 200 Tropfen pro Flasche. Ein Tropfen enth\u00e4lt 7,5mg CBD.<\/p>\n","protected":false},"featured_media":63734,"comment_status":"closed","ping_status":"closed","template":"","meta":[],"product_brand":[],"product_cat":[761],"product_tag":[763,762,790,832,764],"class_list":{"0":"post-63733","1":"product","2":"type-product","3":"status-publish","4":"has-post-thumbnail","6":"product_cat-cbd-ole","7":"product_tag-c8-de","8":"product_tag-cbd-de","9":"product_tag-cbd-hanfol","10":"product_tag-cbd-ol","11":"product_tag-wada-de","13":"first","14":"instock","15":"shipping-taxable","16":"purchasable","17":"product-type-simple"},"_links":{"self":[{"href":"https:\/\/zennative.eu\/de\/wp-json\/wp\/v2\/product\/63733","targetHints":{"allow":["GET"]}}],"collection":[{"href":"https:\/\/zennative.eu\/de\/wp-json\/wp\/v2\/product"}],"about":[{"href":"https:\/\/zennative.eu\/de\/wp-json\/wp\/v2\/types\/product"}],"replies":[{"embeddable":true,"href":"https:\/\/zennative.eu\/de\/wp-json\/wp\/v2\/comments?post=63733"}],"version-history":[{"count":3,"href":"https:\/\/zennative.eu\/de\/wp-json\/wp\/v2\/product\/63733\/revisions"}],"predecessor-version":[{"id":64128,"href":"https:\/\/zennative.eu\/de\/wp-json\/wp\/v2\/product\/63733\/revisions\/64128"}],"wp:featuredmedia":[{"embeddable":true,"href":"https:\/\/zennative.eu\/de\/wp-json\/wp\/v2\/media\/63734"}],"wp:attachment":[{"href":"https:\/\/zennative.eu\/de\/wp-json\/wp\/v2\/media?parent=63733"}],"wp:term":[{"taxonomy":"product_brand","embeddable":true,"href":"https:\/\/zennative.eu\/de\/wp-json\/wp\/v2\/product_brand?post=63733"},{"taxonomy":"product_cat","embeddable":true,"href":"https:\/\/zennative.eu\/de\/wp-json\/wp\/v2\/product_cat?post=63733"},{"taxonomy":"product_tag","embeddable":true,"href":"https:\/\/zennative.eu\/de\/wp-json\/wp\/v2\/product_tag?post=63733"}],"curies":[{"name":"wp","href":"https:\/\/api.w.org\/{rel}","templated":true}]}}