{"id":63701,"date":"2022-02-08T19:36:20","date_gmt":"2024-10-02T17:42:03","guid":{"rendered":"https:\/\/zennative.eu\/product\/hanfbluetentee\/"},"modified":"2024-10-05T18:52:45","modified_gmt":"2024-10-05T15:52:45","slug":"hanfbluetentee","status":"publish","type":"product","link":"https:\/\/zennative.eu\/de\/produkt\/hanfbluetentee\/","title":{"rendered":"Hanfbl\u00fctentee"},"content":{"rendered":"\t\t<div data-elementor-type=\"product-post\" data-elementor-id=\"63701\" class=\"elementor elementor-63701 elementor-41118\" data-elementor-post-type=\"product\">\n\t\t\t\t\t\t<section class=\"elementor-section elementor-top-section elementor-element elementor-element-4c104f4 elementor-section-boxed elementor-section-height-default elementor-section-height-default\" data-id=\"4c104f4\" data-element_type=\"section\" data-e-type=\"section\">\n\t\t\t\t\t\t<div class=\"elementor-container elementor-column-gap-wide\">\n\t\t\t\t\t<div class=\"elementor-column elementor-col-100 elementor-top-column elementor-element elementor-element-93cefb6\" data-id=\"93cefb6\" data-element_type=\"column\" data-e-type=\"column\">\n\t\t\t<div class=\"elementor-widget-wrap elementor-element-populated\">\n\t\t\t\t\t\t<div class=\"elementor-element elementor-element-2f08d37 elementor-widget elementor-widget-the7-accordion\" data-id=\"2f08d37\" data-element_type=\"widget\" data-e-type=\"widget\" data-widget_type=\"the7-accordion.default\">\n\t\t\t\t<div class=\"elementor-widget-container\">\n\t\t\t\t\t\t\t<div class=\"elementor-accordion the7-adv-accordion ac_bb_title ac_bb_active_title ac_top_bottom_borders ac_left_right_borders animate-on-loading\" data-accordion-type=\"accordion\" role=\"tablist\">\n\t\t\t\t\t\t\t<div class=\"elementor-accordion-item\">\n\t\t\t\t\t<h3 id=\"elementor-tab-title-4931\" class=\"elementor-tab-title the7-accordion-header active-default\" data-tab=\"1\" role=\"tab\" aria-controls=\"elementor-tab-content-4931\">\n\n\t\t\t\t\t\t\t\t\t\t\t\t\t<span class=\"elementor-accordion-icon elementor-accordion-icon-left\" aria-hidden=\"true\">\n\t\t\t\t\t\t\t\t\t\t\t\t\t\t\t<span class=\"elementor-accordion-icon-closed\"><i class=\"fas fa-chevron-down\"><\/i><\/span>\n\t\t\t\t\t\t\t\t\t\t\t\t\t\t\t\t\t<span class=\"elementor-accordion-icon-opened\"><i class=\"fas fa-chevron-up\"><\/i><\/span>\n\t\t\t\t\t\t\t\t\t\t\t\t\t\t\t\t\t\t\t\t\t\t<\/span>\n\t\t\t\t\t\t\t\t\t\t\t\t\t\t\t\t\t\t<a class=\"elementor-accordion-title\" href=\"\">Cannabis-Tee<\/a>\n\t\t\t\t\t<\/h3>\n\t\t\t\t\t<div id=\"elementor-tab-content-4931\" class=\"elementor-tab-content elementor-clearfix active-default\" data-tab=\"1\" role=\"tabpanel\" aria-labelledby=\"elementor-tab-title-4931\"><p>Heimischer, handgepfl\u00fcckter Tee mit angenehmem Aroma und Geschmack.<\/p>\n<p>Beruhigend, entspannend, entz\u00fcndungshemmend und unterst\u00fctzend.<\/p>\n<p>Geeignet f\u00fcr: zur Linderung von Schlaflosigkeit<\/p>\n<p>Zur Beruhigung von Angstzust\u00e4nden<\/p>\n<p>Zur Linderung von M\u00fcdigkeit<\/p>\n<p>Zur Linderung von Kopfschmerzen<\/p>\n<\/div>\n\t\t\t\t<\/div>\n\t\t\t\t\t\t\t<div class=\"elementor-accordion-item\">\n\t\t\t\t\t<h3 id=\"elementor-tab-title-4932\" class=\"elementor-tab-title the7-accordion-header\" data-tab=\"2\" role=\"tab\" aria-controls=\"elementor-tab-content-4932\">\n\n\t\t\t\t\t\t\t\t\t\t\t\t\t<span class=\"elementor-accordion-icon elementor-accordion-icon-left\" aria-hidden=\"true\">\n\t\t\t\t\t\t\t\t\t\t\t\t\t\t\t<span class=\"elementor-accordion-icon-closed\"><i class=\"fas fa-chevron-down\"><\/i><\/span>\n\t\t\t\t\t\t\t\t\t\t\t\t\t\t\t\t\t<span class=\"elementor-accordion-icon-opened\"><i class=\"fas fa-chevron-up\"><\/i><\/span>\n\t\t\t\t\t\t\t\t\t\t\t\t\t\t\t\t\t\t\t\t\t\t<\/span>\n\t\t\t\t\t\t\t\t\t\t\t\t\t\t\t\t\t\t<a class=\"elementor-accordion-title\" href=\"\">Idee<\/a>\n\t\t\t\t\t<\/h3>\n\t\t\t\t\t<div id=\"elementor-tab-content-4932\" class=\"elementor-tab-content elementor-clearfix\" data-tab=\"2\" role=\"tabpanel\" aria-labelledby=\"elementor-tab-title-4932\"><p>Ein hochwertiger Cannabisbl\u00fctentee enth\u00e4lt keine Samen und riecht nicht nach Heu.<\/p>\n<p><span style=\"text-decoration: underline;\">Die Bl\u00fcten der<\/span> <a href=\"https:\/\/zennative.eu\/de\/was-ist-cbd\/\">CBD-<\/a> und CBG-Pflanzen werden zusammen mit den Bl\u00fctenbl\u00e4ttern verwendet.<\/p>\n<p>30ml Glasgef\u00e4\u00df, 7g<\/p>\n<\/div>\n\t\t\t\t<\/div>\n\t\t\t\t\t\t\t<div class=\"elementor-accordion-item\">\n\t\t\t\t\t<h3 id=\"elementor-tab-title-4933\" class=\"elementor-tab-title the7-accordion-header\" data-tab=\"3\" role=\"tab\" aria-controls=\"elementor-tab-content-4933\">\n\n\t\t\t\t\t\t\t\t\t\t\t\t\t<span class=\"elementor-accordion-icon elementor-accordion-icon-left\" aria-hidden=\"true\">\n\t\t\t\t\t\t\t\t\t\t\t\t\t\t\t<span class=\"elementor-accordion-icon-closed\"><i class=\"fas fa-chevron-down\"><\/i><\/span>\n\t\t\t\t\t\t\t\t\t\t\t\t\t\t\t\t\t<span class=\"elementor-accordion-icon-opened\"><i class=\"fas fa-chevron-up\"><\/i><\/span>\n\t\t\t\t\t\t\t\t\t\t\t\t\t\t\t\t\t\t\t\t\t\t<\/span>\n\t\t\t\t\t\t\t\t\t\t\t\t\t\t\t\t\t\t<a class=\"elementor-accordion-title\" href=\"\">Verwendung von<\/a>\n\t\t\t\t\t<\/h3>\n\t\t\t\t\t<div id=\"elementor-tab-content-4933\" class=\"elementor-tab-content elementor-clearfix\" data-tab=\"3\" role=\"tabpanel\" aria-labelledby=\"elementor-tab-title-4933\"><p>Sowohl f\u00fcr hei\u00dfe als auch f\u00fcr kalte Getr\u00e4nke geeignet. Etwa einen halben Teel\u00f6ffel Tee in eine Tasse kochendes Wasser geben und 10 Minuten ziehen lassen. F\u00fcr kalten Tee den Hanf mit kaltem Wasser aufgie\u00dfen und 10 Stunden lang im K\u00fchlschrank ziehen lassen.<\/p>\n<\/div>\n\t\t\t\t<\/div>\n\t\t\t\t\t<\/div>\n\t\t\t\t\t\t<\/div>\n\t\t\t\t<\/div>\n\t\t\t\t<div class=\"elementor-element elementor-element-c6dbb84 elementor-hidden-desktop elementor-hidden-tablet elementor-hidden-mobile elementor-widget elementor-widget-image\" data-id=\"c6dbb84\" data-element_type=\"widget\" data-e-type=\"widget\" data-widget_type=\"image.default\">\n\t\t\t\t<div class=\"elementor-widget-container\">\n\t\t\t\t\t\t\t\t\t\t\t\t\t\t\t<img fetchpriority=\"high\" decoding=\"async\" width=\"601\" height=\"801\" src=\"https:\/\/zennative.eu\/wp-content\/uploads\/2022\/02\/Zen_Native_CBG_Kanepi_Tee_1.png\" class=\"attachment-large size-large wp-image-63702\" alt=\"\" srcset=\"https:\/\/zennative.eu\/wp-content\/uploads\/2022\/02\/Zen_Native_CBG_Kanepi_Tee_1.png 601w, https:\/\/zennative.eu\/wp-content\/uploads\/2022\/02\/Zen_Native_CBG_Kanepi_Tee_1-225x300.png 225w, https:\/\/zennative.eu\/wp-content\/uploads\/2022\/02\/Zen_Native_CBG_Kanepi_Tee_1-150x200.png 150w\" sizes=\"(max-width: 601px) 100vw, 601px\" \/>\t\t\t\t\t\t\t\t\t\t\t\t\t\t\t<\/div>\n\t\t\t\t<\/div>\n\t\t\t\t\t<\/div>\n\t\t<\/div>\n\t\t\t\t\t<\/div>\n\t\t<\/section>\n\t\t\t\t<\/div>\n\t\t","protected":false},"excerpt":{"rendered":"<p>Hanftee aus Hanfbl\u00fcten.<\/p>\n","protected":false},"featured_media":63702,"comment_status":"closed","ping_status":"closed","template":"","meta":[],"product_brand":[],"product_cat":[922],"product_tag":[],"class_list":{"0":"post-63701","1":"product","2":"type-product","3":"status-publish","4":"has-post-thumbnail","6":"product_cat-cbd-hanfblutentee","8":"first","9":"instock","10":"shipping-taxable","11":"purchasable","12":"product-type-simple"},"_links":{"self":[{"href":"https:\/\/zennative.eu\/de\/wp-json\/wp\/v2\/product\/63701","targetHints":{"allow":["GET"]}}],"collection":[{"href":"https:\/\/zennative.eu\/de\/wp-json\/wp\/v2\/product"}],"about":[{"href":"https:\/\/zennative.eu\/de\/wp-json\/wp\/v2\/types\/product"}],"replies":[{"embeddable":true,"href":"https:\/\/zennative.eu\/de\/wp-json\/wp\/v2\/comments?post=63701"}],"version-history":[{"count":3,"href":"https:\/\/zennative.eu\/de\/wp-json\/wp\/v2\/product\/63701\/revisions"}],"predecessor-version":[{"id":64135,"href":"https:\/\/zennative.eu\/de\/wp-json\/wp\/v2\/product\/63701\/revisions\/64135"}],"wp:featuredmedia":[{"embeddable":true,"href":"https:\/\/zennative.eu\/de\/wp-json\/wp\/v2\/media\/63702"}],"wp:attachment":[{"href":"https:\/\/zennative.eu\/de\/wp-json\/wp\/v2\/media?parent=63701"}],"wp:term":[{"taxonomy":"product_brand","embeddable":true,"href":"https:\/\/zennative.eu\/de\/wp-json\/wp\/v2\/product_brand?post=63701"},{"taxonomy":"product_cat","embeddable":true,"href":"https:\/\/zennative.eu\/de\/wp-json\/wp\/v2\/product_cat?post=63701"},{"taxonomy":"product_tag","embeddable":true,"href":"https:\/\/zennative.eu\/de\/wp-json\/wp\/v2\/product_tag?post=63701"}],"curies":[{"name":"wp","href":"https:\/\/api.w.org\/{rel}","templated":true}]}}