{"id":63310,"date":"2022-02-17T14:09:23","date_gmt":"2024-10-02T17:19:53","guid":{"rendered":"https:\/\/zennative.eu\/product\/cbd-home-spa-gesichtsbehandlungsset\/"},"modified":"2024-10-05T18:46:52","modified_gmt":"2024-10-05T15:46:52","slug":"cbd-home-spa-gesichtsbehandlungsset","status":"publish","type":"product","link":"https:\/\/zennative.eu\/de\/produkt\/cbd-home-spa-gesichtsbehandlungsset\/","title":{"rendered":"CBD Home SPA &#8211; Gesichtsbehandlungsset"},"content":{"rendered":"\t\t<div data-elementor-type=\"product-post\" data-elementor-id=\"63310\" class=\"elementor elementor-63310 elementor-41762\" data-elementor-post-type=\"product\">\n\t\t\t\t\t\t<section class=\"elementor-section elementor-top-section elementor-element elementor-element-4c104f4 elementor-section-boxed elementor-section-height-default elementor-section-height-default\" data-id=\"4c104f4\" data-element_type=\"section\" data-e-type=\"section\">\n\t\t\t\t\t\t<div class=\"elementor-container elementor-column-gap-wide\">\n\t\t\t\t\t<div class=\"elementor-column elementor-col-100 elementor-top-column elementor-element elementor-element-93cefb6\" data-id=\"93cefb6\" data-element_type=\"column\" data-e-type=\"column\">\n\t\t\t<div class=\"elementor-widget-wrap elementor-element-populated\">\n\t\t\t\t\t\t<div class=\"elementor-element elementor-element-6e627d1 elementor-widget elementor-widget-text-editor\" data-id=\"6e627d1\" data-element_type=\"widget\" data-e-type=\"widget\" data-widget_type=\"text-editor.default\">\n\t\t\t\t<div class=\"elementor-widget-container\">\n\t\t\t\t\t\t\t\t\t<p><strong>Zur Linderung von starken Muskelschmerzen oder vor aktiver T\u00e4tigkeit. <a href=\"https:\/\/zennative.eu\/de\/was-ist-cbd\/\">CBD<\/a> Hot Cream ist ein gutes Mittel zur Vorbeugung und Linderung. Aber nicht nur.<\/strong><\/p>\n<p>Muskelschmerzen brauchen warmes und beruhigendes CBD, um sich zu erholen. Diese Creme hat beides. Zen Native active hot cream w\u00e4rmt die Haut auf und hat eine tief eindringende Wirkung.<\/p>\n<p>Eines der wichtigsten Dinge vor dem Sport oder k\u00f6rperlicher Arbeit ist das Aufw\u00e4rmen, um Verletzungen zu vermeiden. Indem Sie sich mit einer hei\u00dfen Creme einschmieren, regen Sie die Durchblutung an und bringen Ihre Muskeln in Schwung, was das Verletzungsrisiko deutlich verringert.<\/p>\n<p>Massieren Sie die Creme in Ihre Muskeln und Gelenke ein und sp\u00fcren Sie die schnelle und lang anhaltende Wirkung.<\/p>\n<p>HINWEIS: Vermeiden Sie Augenkontakt und waschen Sie sich nach der Anwendung die H\u00e4nde.<\/p>\n\t\t\t\t\t\t\t\t<\/div>\n\t\t\t\t<\/div>\n\t\t\t\t<div class=\"elementor-element elementor-element-2f08d37 elementor-widget elementor-widget-the7-accordion\" data-id=\"2f08d37\" data-element_type=\"widget\" data-e-type=\"widget\" data-widget_type=\"the7-accordion.default\">\n\t\t\t\t<div class=\"elementor-widget-container\">\n\t\t\t\t\t\t\t<div class=\"elementor-accordion the7-adv-accordion ac_bb_title ac_bb_active_title ac_top_bottom_borders ac_left_right_borders animate-on-loading\" data-accordion-type=\"accordion\" role=\"tablist\">\n\t\t\t\t\t\t\t<div class=\"elementor-accordion-item\">\n\t\t\t\t\t<h3 id=\"elementor-tab-title-4931\" class=\"elementor-tab-title the7-accordion-header active-default\" data-tab=\"1\" role=\"tab\" aria-controls=\"elementor-tab-content-4931\">\n\n\t\t\t\t\t\t\t\t\t\t\t\t\t<span class=\"elementor-accordion-icon elementor-accordion-icon-left\" aria-hidden=\"true\">\n\t\t\t\t\t\t\t\t\t\t\t\t\t\t\t<span class=\"elementor-accordion-icon-closed\"><i class=\"fas fa-chevron-down\"><\/i><\/span>\n\t\t\t\t\t\t\t\t\t\t\t\t\t\t\t\t\t<span class=\"elementor-accordion-icon-opened\"><i class=\"fas fa-chevron-up\"><\/i><\/span>\n\t\t\t\t\t\t\t\t\t\t\t\t\t\t\t\t\t\t\t\t\t\t<\/span>\n\t\t\t\t\t\t\t\t\t\t\t\t\t\t\t\t\t\t<a class=\"elementor-accordion-title\" href=\"\">Zusammensetzung<\/a>\n\t\t\t\t\t<\/h3>\n\t\t\t\t\t<div id=\"elementor-tab-content-4931\" class=\"elementor-tab-content elementor-clearfix active-default\" data-tab=\"1\" role=\"tabpanel\" aria-labelledby=\"elementor-tab-title-4931\"><p><strong>Wasser, Talggr\u00fcn\u00f6l CBD 300mg, Capryls\u00e4ure<\/strong><\/p>\n<p>Polysorbote 20 und 80, Mineral\u00f6l, Triethonalamin, Carbomer, Hydrogentaed Castrol Oil, PEG-7, EDTA, Xanthan Gum, BHT.<\/p>\n<p>% loH<strong>INWEIS:<\/strong> Wir sind dabei, eine kosteng\u00fcnstige 100er-Version dieses Produkts zu entwickeln. Sie enth\u00e4lt nicht mehr chemische Verbindungen als eine normale Handcreme.<\/p>\n<p>30ml, Glastiegel mit Schraubverschluss.<\/p>\n<\/div>\n\t\t\t\t<\/div>\n\t\t\t\t\t\t\t<div class=\"elementor-accordion-item\">\n\t\t\t\t\t<h3 id=\"elementor-tab-title-4932\" class=\"elementor-tab-title the7-accordion-header\" data-tab=\"2\" role=\"tab\" aria-controls=\"elementor-tab-content-4932\">\n\n\t\t\t\t\t\t\t\t\t\t\t\t\t<span class=\"elementor-accordion-icon elementor-accordion-icon-left\" aria-hidden=\"true\">\n\t\t\t\t\t\t\t\t\t\t\t\t\t\t\t<span class=\"elementor-accordion-icon-closed\"><i class=\"fas fa-chevron-down\"><\/i><\/span>\n\t\t\t\t\t\t\t\t\t\t\t\t\t\t\t\t\t<span class=\"elementor-accordion-icon-opened\"><i class=\"fas fa-chevron-up\"><\/i><\/span>\n\t\t\t\t\t\t\t\t\t\t\t\t\t\t\t\t\t\t\t\t\t\t<\/span>\n\t\t\t\t\t\t\t\t\t\t\t\t\t\t\t\t\t\t<a class=\"elementor-accordion-title\" href=\"\">Lagerung bei<\/a>\n\t\t\t\t\t<\/h3>\n\t\t\t\t\t<div id=\"elementor-tab-content-4932\" class=\"elementor-tab-content elementor-clearfix\" data-tab=\"2\" role=\"tabpanel\" aria-labelledby=\"elementor-tab-title-4932\"><p>An einem k\u00fchlen, dunklen Ort 1 Jahr lang aufbewahren.<\/p>\n<\/div>\n\t\t\t\t<\/div>\n\t\t\t\t\t<\/div>\n\t\t\t\t\t\t<\/div>\n\t\t\t\t<\/div>\n\t\t\t\t\t<\/div>\n\t\t<\/div>\n\t\t\t\t\t<\/div>\n\t\t<\/section>\n\t\t\t\t<\/div>\n\t\t","protected":false},"excerpt":{"rendered":"<p>Zen Native Active+ w\u00e4rmende und aktivierende Sportcreme enth\u00e4lt 300mg CBD<\/p>\n","protected":false},"featured_media":63311,"comment_status":"closed","ping_status":"closed","template":"","meta":[],"product_brand":[],"product_cat":[818],"product_tag":[840,762,838,842,841,839],"class_list":{"0":"post-63310","1":"product","2":"type-product","3":"status-publish","4":"has-post-thumbnail","6":"product_cat-cbd-kosmetik","7":"product_tag-aufwarmen-und-aktivieren","8":"product_tag-cbd-de","9":"product_tag-cbd-sportcreme","10":"product_tag-energieversorgung","11":"product_tag-heise-sahne","12":"product_tag-muskeln-und-gelenke","14":"first","15":"outofstock","16":"shipping-taxable","17":"purchasable","18":"product-type-simple"},"_links":{"self":[{"href":"https:\/\/zennative.eu\/de\/wp-json\/wp\/v2\/product\/63310","targetHints":{"allow":["GET"]}}],"collection":[{"href":"https:\/\/zennative.eu\/de\/wp-json\/wp\/v2\/product"}],"about":[{"href":"https:\/\/zennative.eu\/de\/wp-json\/wp\/v2\/types\/product"}],"replies":[{"embeddable":true,"href":"https:\/\/zennative.eu\/de\/wp-json\/wp\/v2\/comments?post=63310"}],"version-history":[{"count":7,"href":"https:\/\/zennative.eu\/de\/wp-json\/wp\/v2\/product\/63310\/revisions"}],"predecessor-version":[{"id":64118,"href":"https:\/\/zennative.eu\/de\/wp-json\/wp\/v2\/product\/63310\/revisions\/64118"}],"wp:featuredmedia":[{"embeddable":true,"href":"https:\/\/zennative.eu\/de\/wp-json\/wp\/v2\/media\/63311"}],"wp:attachment":[{"href":"https:\/\/zennative.eu\/de\/wp-json\/wp\/v2\/media?parent=63310"}],"wp:term":[{"taxonomy":"product_brand","embeddable":true,"href":"https:\/\/zennative.eu\/de\/wp-json\/wp\/v2\/product_brand?post=63310"},{"taxonomy":"product_cat","embeddable":true,"href":"https:\/\/zennative.eu\/de\/wp-json\/wp\/v2\/product_cat?post=63310"},{"taxonomy":"product_tag","embeddable":true,"href":"https:\/\/zennative.eu\/de\/wp-json\/wp\/v2\/product_tag?post=63310"}],"curies":[{"name":"wp","href":"https:\/\/api.w.org\/{rel}","templated":true}]}}