{"id":63302,"date":"2022-02-13T11:04:43","date_gmt":"2024-10-02T17:19:46","guid":{"rendered":"https:\/\/zennative.eu\/product\/vollspektrum-cbd-oel-3000mg-30\/"},"modified":"2024-10-05T18:47:51","modified_gmt":"2024-10-05T15:47:51","slug":"vollspektrum-cbd-oel-3000mg-30","status":"publish","type":"product","link":"https:\/\/zennative.eu\/de\/produkt\/vollspektrum-cbd-oel-3000mg-30\/","title":{"rendered":"Vollspektrum CBD-\u00d6l &#8211; 3000mg (30%)"},"content":{"rendered":"\t\t<div data-elementor-type=\"product-post\" data-elementor-id=\"63302\" class=\"elementor elementor-63302 elementor-41618\" data-elementor-post-type=\"product\">\n\t\t\t\t\t\t<section class=\"elementor-section elementor-top-section elementor-element elementor-element-4c104f4 elementor-section-boxed elementor-section-height-default elementor-section-height-default\" data-id=\"4c104f4\" data-element_type=\"section\" data-e-type=\"section\">\n\t\t\t\t\t\t<div class=\"elementor-container elementor-column-gap-wide\">\n\t\t\t\t\t<div class=\"elementor-column elementor-col-100 elementor-top-column elementor-element elementor-element-93cefb6\" data-id=\"93cefb6\" data-element_type=\"column\" data-e-type=\"column\">\n\t\t\t<div class=\"elementor-widget-wrap elementor-element-populated\">\n\t\t\t\t\t\t<div class=\"elementor-element elementor-element-6995fa3 elementor-widget elementor-widget-text-editor\" data-id=\"6995fa3\" data-element_type=\"widget\" data-e-type=\"widget\" data-widget_type=\"text-editor.default\">\n\t\t\t\t<div class=\"elementor-widget-container\">\n\t\t\t\t\t\t\t\t\t<p><strong>Zen Native Full Spectrum CBD \u00d6l enth\u00e4lt die volle Kraft der Hanfpflanze. Es bietet alle notwendigen Cannabinoide, einschlie\u00dflich<\/strong><strong> CBG, CBC, CBN, THC und 3000mg CBD.<\/strong><\/p>\n<p>Dieses hochwertige CBD-\u00d6l enth\u00e4lt alle Flavonoide und Terpene des Hanfs. Das Full Spectrum CBD Oil von Zen Native mit einer Konzentration von 30% ist ein br\u00e4unlich-gr\u00fcnes, angenehm schmeckendes Cannabis\u00f6l, das leicht vom K\u00f6rper aufgenommen werden kann, da es in MCT-\u00d6l aus feiner Kokosnuss gel\u00f6st ist.<\/p>\n<p>10ml, wiederaufbereitete, lichtdichte Glaspipettenflasche. Insgesamt mindestens 200 Tropfen pro Flasche.<\/p>\n<p><strong>Lesen Sie mehr:<\/strong> <a href=\"https:\/\/zennative.eu\/de\/was-ist-cbd\/\" target=\"_blank\" rel=\"noopener\">Alles \u00fcber CBD?<\/a><\/p>\n\t\t\t\t\t\t\t\t<\/div>\n\t\t\t\t<\/div>\n\t\t\t\t\t<\/div>\n\t\t<\/div>\n\t\t\t\t\t<\/div>\n\t\t<\/section>\n\t\t\t\t<section class=\"elementor-section elementor-top-section elementor-element elementor-element-4aa086c elementor-section-boxed elementor-section-height-default elementor-section-height-default\" data-id=\"4aa086c\" data-element_type=\"section\" data-e-type=\"section\">\n\t\t\t\t\t\t<div class=\"elementor-container elementor-column-gap-default\">\n\t\t\t\t\t<div class=\"elementor-column elementor-col-100 elementor-top-column elementor-element elementor-element-397a537\" data-id=\"397a537\" data-element_type=\"column\" data-e-type=\"column\">\n\t\t\t<div class=\"elementor-widget-wrap elementor-element-populated\">\n\t\t\t\t\t\t<div class=\"elementor-element elementor-element-2f08d37 elementor-widget elementor-widget-the7-accordion\" data-id=\"2f08d37\" data-element_type=\"widget\" data-e-type=\"widget\" data-widget_type=\"the7-accordion.default\">\n\t\t\t\t<div class=\"elementor-widget-container\">\n\t\t\t\t\t\t\t<div class=\"elementor-accordion the7-adv-accordion ac_bb_title ac_bb_active_title ac_top_bottom_borders ac_left_right_borders\" data-accordion-type=\"toggle\" role=\"tablist\">\n\t\t\t\t\t\t\t<div class=\"elementor-accordion-item\">\n\t\t\t\t\t<h3 id=\"elementor-tab-title-4931\" class=\"elementor-tab-title the7-accordion-header deactive-default\" data-tab=\"1\" role=\"tab\" aria-controls=\"elementor-tab-content-4931\">\n\n\t\t\t\t\t\t\t\t\t\t\t\t\t<span class=\"elementor-accordion-icon elementor-accordion-icon-left\" aria-hidden=\"true\">\n\t\t\t\t\t\t\t\t\t\t\t\t\t\t\t<span class=\"elementor-accordion-icon-closed\"><i class=\"fas fa-chevron-down\"><\/i><\/span>\n\t\t\t\t\t\t\t\t\t\t\t\t\t\t\t\t\t<span class=\"elementor-accordion-icon-opened\"><i class=\"fas fa-chevron-up\"><\/i><\/span>\n\t\t\t\t\t\t\t\t\t\t\t\t\t\t\t\t\t\t\t\t\t\t<\/span>\n\t\t\t\t\t\t\t\t\t\t\t\t\t\t\t\t\t\t<a class=\"elementor-accordion-title\" href=\"\">Idee<\/a>\n\t\t\t\t\t<\/h3>\n\t\t\t\t\t<div id=\"elementor-tab-content-4931\" class=\"elementor-tab-content elementor-clearfix deactive-default\" data-tab=\"1\" role=\"tabpanel\" aria-labelledby=\"elementor-tab-title-4931\"><p><strong><br \/>\nDie Idee hinter der Entwicklung von Full Spectrum CBD \u00d6l war es, die ganze Kraft der hochwertigsten Cannabispflanze zu extrahieren. <\/strong>Es wurde f\u00fcr Menschen geschaffen, f\u00fcr die Crystal CBD \u00d6l keine ausreichende Wirkung hatte.<\/p>\n<p><em>Enth\u00e4lt:<\/em> Vollspektrum-Hanfextrakt, MCT-\u00d6l.<\/p>\n<\/div>\n\t\t\t\t<\/div>\n\t\t\t\t\t\t\t<div class=\"elementor-accordion-item\">\n\t\t\t\t\t<h3 id=\"elementor-tab-title-4932\" class=\"elementor-tab-title the7-accordion-header\" data-tab=\"2\" role=\"tab\" aria-controls=\"elementor-tab-content-4932\">\n\n\t\t\t\t\t\t\t\t\t\t\t\t\t<span class=\"elementor-accordion-icon elementor-accordion-icon-left\" aria-hidden=\"true\">\n\t\t\t\t\t\t\t\t\t\t\t\t\t\t\t<span class=\"elementor-accordion-icon-closed\"><i class=\"fas fa-chevron-down\"><\/i><\/span>\n\t\t\t\t\t\t\t\t\t\t\t\t\t\t\t\t\t<span class=\"elementor-accordion-icon-opened\"><i class=\"fas fa-chevron-up\"><\/i><\/span>\n\t\t\t\t\t\t\t\t\t\t\t\t\t\t\t\t\t\t\t\t\t\t<\/span>\n\t\t\t\t\t\t\t\t\t\t\t\t\t\t\t\t\t\t<a class=\"elementor-accordion-title\" href=\"\">Sporadisch verwenden<\/a>\n\t\t\t\t\t<\/h3>\n\t\t\t\t\t<div id=\"elementor-tab-content-4932\" class=\"elementor-tab-content elementor-clearfix\" data-tab=\"2\" role=\"tabpanel\" aria-labelledby=\"elementor-tab-title-4932\"><p>Dieses \u00d6l hat alle positiven Eigenschaften von CBD, einschlie\u00dflich:<\/p>\n<ul>\n<li style=\"list-style-type: none;\">\n<ul>\n<li><strong>Beruhigt<\/strong> das Nervensystem, Muskelverspannungen und Angstzust\u00e4nde<\/li>\n<li><strong>Hilft beim Einschlafen<\/strong> und Durchschlafen<\/li>\n<li><strong>Senkt die Stresshormon-<\/strong> und <strong>Entz\u00fcndungswerte<\/strong><\/li>\n<\/ul>\n<\/li>\n<\/ul>\n<p>f\u00fcr eine 75 kg schwere Person = <strong>5 Tropfen<\/strong> unter die Zunge.<\/p>\n<p>Ein Tropfen enth\u00e4lt <strong>15mg<\/strong> CBD. 1mg CBD = pro 1kg.<\/p>\n<p><strong>Lesen Sie mehr:<\/strong> <a href=\"https:\/\/zennative.eu\/de\/was-ist-cbd\/\" target=\"_blank\" rel=\"noopener\">Alles \u00fcber CBD?<\/a><\/p>\n<\/div>\n\t\t\t\t<\/div>\n\t\t\t\t\t\t\t<div class=\"elementor-accordion-item\">\n\t\t\t\t\t<h3 id=\"elementor-tab-title-4933\" class=\"elementor-tab-title the7-accordion-header\" data-tab=\"3\" role=\"tab\" aria-controls=\"elementor-tab-content-4933\">\n\n\t\t\t\t\t\t\t\t\t\t\t\t\t<span class=\"elementor-accordion-icon elementor-accordion-icon-left\" aria-hidden=\"true\">\n\t\t\t\t\t\t\t\t\t\t\t\t\t\t\t<span class=\"elementor-accordion-icon-closed\"><i class=\"fas fa-chevron-down\"><\/i><\/span>\n\t\t\t\t\t\t\t\t\t\t\t\t\t\t\t\t\t<span class=\"elementor-accordion-icon-opened\"><i class=\"fas fa-chevron-up\"><\/i><\/span>\n\t\t\t\t\t\t\t\t\t\t\t\t\t\t\t\t\t\t\t\t\t\t<\/span>\n\t\t\t\t\t\t\t\t\t\t\t\t\t\t\t\t\t\t<a class=\"elementor-accordion-title\" href=\"\">Externe Verwendung<\/a>\n\t\t\t\t\t<\/h3>\n\t\t\t\t\t<div id=\"elementor-tab-content-4933\" class=\"elementor-tab-content elementor-clearfix\" data-tab=\"3\" role=\"tabpanel\" aria-labelledby=\"elementor-tab-title-4933\"><p>Tupfen Sie 1-3 Tropfen sanft auf die saubere Haut in der Gr\u00f6\u00dfe Ihrer Handfl\u00e4che. Vermeiden Sie den Kontakt mit den Augen.<\/p>\n<ul>\n<li style=\"list-style-type: none;\">\n<ul>\n<li>Bes\u00e4nftigt schnell entz\u00fcndete Haut<\/li>\n<li>Spendet langanhaltend Feuchtigkeit und ist auch f\u00fcr fettige Haut geeignet<\/li>\n<li>F\u00f6rdert die nat\u00fcrliche Kollagenproduktion<\/li>\n<li>Bek\u00e4mpft erfolgreich Hautprobleme wie Ekzeme und Akne<\/li>\n<li>Beruhigt schmerzende Muskeln und Gelenke<\/li>\n<\/ul>\n<\/li>\n<\/ul>\n<p><strong>Welche St\u00e4rke w\u00e4hlen Sie? <\/strong><\/p>\n<p style=\"padding-left: 40px;\"><strong>5%<\/strong> = Zur Prophylaxe und Hautpflege<\/p>\n<p style=\"padding-left: 40px;\"><strong>15%<\/strong> = F\u00fcr die Pflege von problematischer, entz\u00fcndeter oder zu Akne neigender Haut<\/p>\n<p style=\"padding-left: 40px;\"><strong>30%<\/strong> = Zur Linderung und Behandlung von Hautkrankheiten<\/p>\n<p><strong>Lesen Sie mehr:<\/strong> <a href=\"https:\/\/zennative.eu\/de\/was-ist-cbd\/\" target=\"_blank\" rel=\"noopener\">Alles \u00fcber CBD?<\/a><\/p>\n<\/div>\n\t\t\t\t<\/div>\n\t\t\t\t\t\t\t<div class=\"elementor-accordion-item\">\n\t\t\t\t\t<h3 id=\"elementor-tab-title-4934\" class=\"elementor-tab-title the7-accordion-header\" data-tab=\"4\" role=\"tab\" aria-controls=\"elementor-tab-content-4934\">\n\n\t\t\t\t\t\t\t\t\t\t\t\t\t<span class=\"elementor-accordion-icon elementor-accordion-icon-left\" aria-hidden=\"true\">\n\t\t\t\t\t\t\t\t\t\t\t\t\t\t\t<span class=\"elementor-accordion-icon-closed\"><i class=\"fas fa-chevron-down\"><\/i><\/span>\n\t\t\t\t\t\t\t\t\t\t\t\t\t\t\t\t\t<span class=\"elementor-accordion-icon-opened\"><i class=\"fas fa-chevron-up\"><\/i><\/span>\n\t\t\t\t\t\t\t\t\t\t\t\t\t\t\t\t\t\t\t\t\t\t<\/span>\n\t\t\t\t\t\t\t\t\t\t\t\t\t\t\t\t\t\t<a class=\"elementor-accordion-title\" href=\"\">Zus\u00e4tzliche Informationen<\/a>\n\t\t\t\t\t<\/h3>\n\t\t\t\t\t<div id=\"elementor-tab-content-4934\" class=\"elementor-tab-content elementor-clearfix\" data-tab=\"4\" role=\"tabpanel\" aria-labelledby=\"elementor-tab-title-4934\"><ul>\n<li>Gepr\u00fcft durch das Estnische Labor f\u00fcr Forensik | <a href=\"https:\/\/lt.zennative.ee\/Zen-Native-Full-Spectrum-CBD-oli-EKEI-tulemused-uuringuakt-THC-ja-CBD.pdf\" target=\"_blank\" rel=\"noopener\">PDF<\/a><\/li>\n<li>% lo100 mit unbekannter Herkunft<\/li>\n<li>Recycelte Glasflasche mit Lichtschutzfaktor<\/li>\n<li>Palm\u00f6lfrei, GMO-frei und vegan<\/li>\n<li>Hergestellt in Estland<\/li>\n<\/ul>\n<\/div>\n\t\t\t\t<\/div>\n\t\t\t\t\t\t\t<div class=\"elementor-accordion-item\">\n\t\t\t\t\t<h3 id=\"elementor-tab-title-4935\" class=\"elementor-tab-title the7-accordion-header\" data-tab=\"5\" role=\"tab\" aria-controls=\"elementor-tab-content-4935\">\n\n\t\t\t\t\t\t\t\t\t\t\t\t\t<span class=\"elementor-accordion-icon elementor-accordion-icon-left\" aria-hidden=\"true\">\n\t\t\t\t\t\t\t\t\t\t\t\t\t\t\t<span class=\"elementor-accordion-icon-closed\"><i class=\"fas fa-chevron-down\"><\/i><\/span>\n\t\t\t\t\t\t\t\t\t\t\t\t\t\t\t\t\t<span class=\"elementor-accordion-icon-opened\"><i class=\"fas fa-chevron-up\"><\/i><\/span>\n\t\t\t\t\t\t\t\t\t\t\t\t\t\t\t\t\t\t\t\t\t\t<\/span>\n\t\t\t\t\t\t\t\t\t\t\t\t\t\t\t\t\t\t<a class=\"elementor-accordion-title\" href=\"\">Vorbereitung<\/a>\n\t\t\t\t\t<\/h3>\n\t\t\t\t\t<div id=\"elementor-tab-content-4935\" class=\"elementor-tab-content elementor-clearfix\" data-tab=\"5\" role=\"tabpanel\" aria-labelledby=\"elementor-tab-title-4935\"><p>Der Hanf h\u00f6chster Qualit\u00e4t wird mit der superkritischen<sub>CO2-Methode <\/sub>extrahiert und mit Kokosnuss-MCT-\u00d6l verd\u00fcnnt.<\/p>\n<p>% pDa der THC-Gehalt im extrahierten Fruchtfleisch der hochwertigen Pflanze die EU-Toleranz von 0,3 Irisch \u00fcbersteigt, tun wir dies in der Schweiz, wo 1% THC erlaubt ist. Der THC-Gehalt des von uns verkauften \u00d6ls betr\u00e4gt &lt;0,3 %.<\/p>\n<p>Wir verwenden diese Methode, weil sie die Nachteile der klassischen Methoden wie thermische Zersetzung, Hydrolyse und L\u00f6sungsmittelr\u00fcckst\u00e4nde vermeidet.<\/p>\n<p>Wenn Sie sich f\u00fcr Zen Native entscheiden, k\u00f6nnen Sie sicher sein, dass Sie das beste CBD auf dem Markt erhalten.<\/p>\n<\/div>\n\t\t\t\t<\/div>\n\t\t\t\t\t\t\t<div class=\"elementor-accordion-item\">\n\t\t\t\t\t<h3 id=\"elementor-tab-title-4936\" class=\"elementor-tab-title the7-accordion-header\" data-tab=\"6\" role=\"tab\" aria-controls=\"elementor-tab-content-4936\">\n\n\t\t\t\t\t\t\t\t\t\t\t\t\t<span class=\"elementor-accordion-icon elementor-accordion-icon-left\" aria-hidden=\"true\">\n\t\t\t\t\t\t\t\t\t\t\t\t\t\t\t<span class=\"elementor-accordion-icon-closed\"><i class=\"fas fa-chevron-down\"><\/i><\/span>\n\t\t\t\t\t\t\t\t\t\t\t\t\t\t\t\t\t<span class=\"elementor-accordion-icon-opened\"><i class=\"fas fa-chevron-up\"><\/i><\/span>\n\t\t\t\t\t\t\t\t\t\t\t\t\t\t\t\t\t\t\t\t\t\t<\/span>\n\t\t\t\t\t\t\t\t\t\t\t\t\t\t\t\t\t\t<a class=\"elementor-accordion-title\" href=\"\">Lagerung bei<\/a>\n\t\t\t\t\t<\/h3>\n\t\t\t\t\t<div id=\"elementor-tab-content-4936\" class=\"elementor-tab-content elementor-clearfix\" data-tab=\"6\" role=\"tabpanel\" aria-labelledby=\"elementor-tab-title-4936\"><ul>\n<li>Im Dunkeln und bei Raumtemperatur aufbewahren<\/li>\n<li>Vermeiden Sie es, mit der Pipette den Mund oder die Haut zu ber\u00fchren<\/li>\n<\/ul>\n<\/div>\n\t\t\t\t<\/div>\n\t\t\t\t\t<\/div>\n\t\t\t\t\t\t<\/div>\n\t\t\t\t<\/div>\n\t\t\t\t<div class=\"elementor-element elementor-element-8b76d92 elementor-hidden-desktop elementor-hidden-tablet elementor-hidden-mobile elementor-widget elementor-widget-image\" data-id=\"8b76d92\" data-element_type=\"widget\" data-e-type=\"widget\" data-widget_type=\"image.default\">\n\t\t\t\t<div class=\"elementor-widget-container\">\n\t\t\t\t\t\t\t\t\t\t\t\t\t\t\t<img fetchpriority=\"high\" decoding=\"async\" width=\"601\" height=\"800\" src=\"https:\/\/zennative.eu\/wp-content\/uploads\/2021\/10\/Zen-Native-5-Full-Spectrum-CBD-Oil-Taisspektri-CBD-kanepi-oli_2.png\" class=\"attachment-large size-large wp-image-63112\" alt=\"cbd-\u00d6l\" srcset=\"https:\/\/zennative.eu\/wp-content\/uploads\/2021\/10\/Zen-Native-5-Full-Spectrum-CBD-Oil-Taisspektri-CBD-kanepi-oli_2.png 601w, https:\/\/zennative.eu\/wp-content\/uploads\/2021\/10\/Zen-Native-5-Full-Spectrum-CBD-Oil-Taisspektri-CBD-kanepi-oli_2-225x300.png 225w\" sizes=\"(max-width: 601px) 100vw, 601px\" \/>\t\t\t\t\t\t\t\t\t\t\t\t\t\t\t<\/div>\n\t\t\t\t<\/div>\n\t\t\t\t<div class=\"elementor-element elementor-element-08122ab elementor-widget elementor-widget-shortcode\" data-id=\"08122ab\" data-element_type=\"widget\" data-e-type=\"widget\" data-widget_type=\"shortcode.default\">\n\t\t\t\t<div class=\"elementor-widget-container\">\n\t\t\t\t\t\t\t<div class=\"elementor-shortcode\"> \n   <\/div>\n\t\t\t\t\t\t<\/div>\n\t\t\t\t<\/div>\n\t\t\t\t\t<\/div>\n\t\t<\/div>\n\t\t\t\t\t<\/div>\n\t\t<\/section>\n\t\t\t\t<\/div>\n\t\t","protected":false},"excerpt":{"rendered":"<p><strong>Zen Native Full Spectrum CBD \u00d6l enth\u00e4lt die volle Kraft der Hanfpflanze. Es enth\u00e4lt alle Cannabinoide einschlie\u00dflich<\/strong><strong> CBG, CBC, CBN, THC und 3000mg CBD.<\/strong> Dieses hochwertige CBD-\u00d6l enth\u00e4lt Flavonoide und Terpene der Hanfpflanze. Das 30%ige CBD-Vollspektrum-\u00d6l von Zen Native ist ein br\u00e4unlich-gr\u00fcnes, angenehmes \u00d6l mit Cannabis-Geschmack, das vom K\u00f6rper leicht aufgenommen werden kann, da es in feinem MCT-\u00d6l aus der Kokosnuss aufgel\u00f6st ist.<\/p>\n<p>10ml, lichtdichte Pipettenflasche aus recyceltem Glas. Mindestens 200 Tropfen pro Flasche.<\/p>\n","protected":false},"featured_media":63277,"comment_status":"closed","ping_status":"closed","template":"","meta":[],"product_brand":[],"product_cat":[761],"product_tag":[762,790,792,791,834,789,788,786,787],"class_list":{"0":"post-63302","1":"product","2":"type-product","3":"status-publish","4":"has-post-thumbnail","6":"product_cat-cbd-ole","7":"product_tag-cbd-de","8":"product_tag-cbd-hanfol","9":"product_tag-cbd-tilgad-de","10":"product_tag-gesundheitsol","11":"product_tag-hanf-pellets","12":"product_tag-mct-de","13":"product_tag-terpene-und-flavonoide-in-kenep","14":"product_tag-volles-spektrum","15":"product_tag-volles-spektrum-de","17":"first","18":"instock","19":"shipping-taxable","20":"purchasable","21":"product-type-simple"},"_links":{"self":[{"href":"https:\/\/zennative.eu\/de\/wp-json\/wp\/v2\/product\/63302","targetHints":{"allow":["GET"]}}],"collection":[{"href":"https:\/\/zennative.eu\/de\/wp-json\/wp\/v2\/product"}],"about":[{"href":"https:\/\/zennative.eu\/de\/wp-json\/wp\/v2\/types\/product"}],"replies":[{"embeddable":true,"href":"https:\/\/zennative.eu\/de\/wp-json\/wp\/v2\/comments?post=63302"}],"version-history":[{"count":7,"href":"https:\/\/zennative.eu\/de\/wp-json\/wp\/v2\/product\/63302\/revisions"}],"predecessor-version":[{"id":64120,"href":"https:\/\/zennative.eu\/de\/wp-json\/wp\/v2\/product\/63302\/revisions\/64120"}],"wp:featuredmedia":[{"embeddable":true,"href":"https:\/\/zennative.eu\/de\/wp-json\/wp\/v2\/media\/63277"}],"wp:attachment":[{"href":"https:\/\/zennative.eu\/de\/wp-json\/wp\/v2\/media?parent=63302"}],"wp:term":[{"taxonomy":"product_brand","embeddable":true,"href":"https:\/\/zennative.eu\/de\/wp-json\/wp\/v2\/product_brand?post=63302"},{"taxonomy":"product_cat","embeddable":true,"href":"https:\/\/zennative.eu\/de\/wp-json\/wp\/v2\/product_cat?post=63302"},{"taxonomy":"product_tag","embeddable":true,"href":"https:\/\/zennative.eu\/de\/wp-json\/wp\/v2\/product_tag?post=63302"}],"curies":[{"name":"wp","href":"https:\/\/api.w.org\/{rel}","templated":true}]}}