{"id":63157,"date":"2021-12-07T18:29:44","date_gmt":"2024-10-02T17:14:27","guid":{"rendered":"https:\/\/zennative.eu\/product\/cbd-gesichtswasser-3xc-1-cbd-vitamin-c\/"},"modified":"2024-10-05T18:55:04","modified_gmt":"2024-10-05T15:55:04","slug":"cbd-gesichtswasser-3xc-1-cbd-vitamin-c","status":"publish","type":"product","link":"https:\/\/zennative.eu\/de\/produkt\/cbd-gesichtswasser-3xc-1-cbd-vitamin-c\/","title":{"rendered":"CBD-Gesichtswasser 3XC 1% CBD + Vitamin C"},"content":{"rendered":"\t\t<div data-elementor-type=\"product-post\" data-elementor-id=\"63157\" class=\"elementor elementor-63157 elementor-39969\" data-elementor-post-type=\"product\">\n\t\t\t\t\t\t<section class=\"elementor-section elementor-top-section elementor-element elementor-element-4c104f4 elementor-section-boxed elementor-section-height-default elementor-section-height-default\" data-id=\"4c104f4\" data-element_type=\"section\" data-e-type=\"section\">\n\t\t\t\t\t\t<div class=\"elementor-container elementor-column-gap-wide\">\n\t\t\t\t\t<div class=\"elementor-column elementor-col-100 elementor-top-column elementor-element elementor-element-93cefb6\" data-id=\"93cefb6\" data-element_type=\"column\" data-e-type=\"column\">\n\t\t\t<div class=\"elementor-widget-wrap elementor-element-populated\">\n\t\t\t\t\t\t<div class=\"elementor-element elementor-element-2f08d37 elementor-widget elementor-widget-the7-accordion\" data-id=\"2f08d37\" data-element_type=\"widget\" data-e-type=\"widget\" data-widget_type=\"the7-accordion.default\">\n\t\t\t\t<div class=\"elementor-widget-container\">\n\t\t\t\t\t\t\t<div class=\"elementor-accordion the7-adv-accordion ac_bb_title ac_bb_active_title ac_top_bottom_borders ac_left_right_borders\" data-accordion-type=\"toggle\" role=\"tablist\">\n\t\t\t\t\t\t\t<div class=\"elementor-accordion-item\">\n\t\t\t\t\t<h3 id=\"elementor-tab-title-4931\" class=\"elementor-tab-title the7-accordion-header deactive-default\" data-tab=\"1\" role=\"tab\" aria-controls=\"elementor-tab-content-4931\">\n\n\t\t\t\t\t\t\t\t\t\t\t\t\t<span class=\"elementor-accordion-icon elementor-accordion-icon-left\" aria-hidden=\"true\">\n\t\t\t\t\t\t\t\t\t\t\t\t\t\t\t<span class=\"elementor-accordion-icon-closed\"><i class=\"fas fa-chevron-down\"><\/i><\/span>\n\t\t\t\t\t\t\t\t\t\t\t\t\t\t\t\t\t<span class=\"elementor-accordion-icon-opened\"><i class=\"fas fa-chevron-up\"><\/i><\/span>\n\t\t\t\t\t\t\t\t\t\t\t\t\t\t\t\t\t\t\t\t\t\t<\/span>\n\t\t\t\t\t\t\t\t\t\t\t\t\t\t\t\t\t\t<a class=\"elementor-accordion-title\" href=\"\">Idee<\/a>\n\t\t\t\t\t<\/h3>\n\t\t\t\t\t<div id=\"elementor-tab-content-4931\" class=\"elementor-tab-content elementor-clearfix deactive-default\" data-tab=\"1\" role=\"tabpanel\" aria-labelledby=\"elementor-tab-title-4931\"><p><strong>3 mal C, aber nicht nur. <\/strong>Wir wollten ein allt\u00e4gliches CBD-Kosmetikprodukt herstellen, das sowohl wasser- als auch fettl\u00f6sliche Super-Antioxidantien, Vitamine und \u00e4therische \u00d6le enth\u00e4lt. Ein komplettes <em>Unisex-Sch\u00f6nheitselixier<\/em>.<\/p>\n<p>Dieses einzigartige Gesichtswasser sch\u00fctzt die Haut vor Alterung und bek\u00e4mpft freie Radikale. Die t\u00e4gliche Anwendung verj\u00fcngt die Haut sichtbar und beschleunigt ihre Heilungsprozesse.<\/p>\n<p>Die Vitamine werden nachweislich bis zu 10-mal besser von der Haut aufgenommen!<\/p>\n<\/div>\n\t\t\t\t<\/div>\n\t\t\t\t\t\t\t<div class=\"elementor-accordion-item\">\n\t\t\t\t\t<h3 id=\"elementor-tab-title-4932\" class=\"elementor-tab-title the7-accordion-header\" data-tab=\"2\" role=\"tab\" aria-controls=\"elementor-tab-content-4932\">\n\n\t\t\t\t\t\t\t\t\t\t\t\t\t<span class=\"elementor-accordion-icon elementor-accordion-icon-left\" aria-hidden=\"true\">\n\t\t\t\t\t\t\t\t\t\t\t\t\t\t\t<span class=\"elementor-accordion-icon-closed\"><i class=\"fas fa-chevron-down\"><\/i><\/span>\n\t\t\t\t\t\t\t\t\t\t\t\t\t\t\t\t\t<span class=\"elementor-accordion-icon-opened\"><i class=\"fas fa-chevron-up\"><\/i><\/span>\n\t\t\t\t\t\t\t\t\t\t\t\t\t\t\t\t\t\t\t\t\t\t<\/span>\n\t\t\t\t\t\t\t\t\t\t\t\t\t\t\t\t\t\t<a class=\"elementor-accordion-title\" href=\"\">Externe Verwendung<\/a>\n\t\t\t\t\t<\/h3>\n\t\t\t\t\t<div id=\"elementor-tab-content-4932\" class=\"elementor-tab-content elementor-clearfix\" data-tab=\"2\" role=\"tabpanel\" aria-labelledby=\"elementor-tab-title-4932\"><p><strong>Tupfen Sie morgens und abends ein paar Tropfen des Toners auf Ihr Gesicht oder andere saubere Haut. <\/strong>Ideal zur Verwendung als erste Schicht vor dem CBD-Serum.<\/p>\n<ul>\n<li style=\"list-style-type: none;\">\n<ul>\n<li>Pflegt die Haut tiefgreifend<\/li>\n<li>Versorgt die Haut mit Feuchtigkeit und strafft sie<\/li>\n<li>Steigert die nat\u00fcrliche Kollagenproduktion<\/li>\n<li>Ideal f\u00fcr zu Akne neigende Haut<\/li>\n<\/ul>\n<\/li>\n<\/ul>\n<p>Lesen Sie hier mehr <a href=\"https:\/\/zennative.eu\/et\/mis-on-cbd\/\">\u00fcber<\/a>CBD-Kosmetik<\/p>\n<\/div>\n\t\t\t\t<\/div>\n\t\t\t\t\t\t\t<div class=\"elementor-accordion-item\">\n\t\t\t\t\t<h3 id=\"elementor-tab-title-4933\" class=\"elementor-tab-title the7-accordion-header\" data-tab=\"3\" role=\"tab\" aria-controls=\"elementor-tab-content-4933\">\n\n\t\t\t\t\t\t\t\t\t\t\t\t\t<span class=\"elementor-accordion-icon elementor-accordion-icon-left\" aria-hidden=\"true\">\n\t\t\t\t\t\t\t\t\t\t\t\t\t\t\t<span class=\"elementor-accordion-icon-closed\"><i class=\"fas fa-chevron-down\"><\/i><\/span>\n\t\t\t\t\t\t\t\t\t\t\t\t\t\t\t\t\t<span class=\"elementor-accordion-icon-opened\"><i class=\"fas fa-chevron-up\"><\/i><\/span>\n\t\t\t\t\t\t\t\t\t\t\t\t\t\t\t\t\t\t\t\t\t\t<\/span>\n\t\t\t\t\t\t\t\t\t\t\t\t\t\t\t\t\t\t<a class=\"elementor-accordion-title\" href=\"\">Zusammensetzung<\/a>\n\t\t\t\t\t<\/h3>\n\t\t\t\t\t<div id=\"elementor-tab-content-4933\" class=\"elementor-tab-content elementor-clearfix\" data-tab=\"3\" role=\"tabpanel\" aria-labelledby=\"elementor-tab-title-4933\"><p>Wasser, C8, CBD, Vitamin C, Vitamin E, B12, Gr\u00fcner Tee, Aloe vera, Rosskastanie, Gotu Kola, Ulva compressa, Zitronengras.<\/p>\n<p><strong>CBD <\/strong><\/p>\n<p>Ein kristallisiertes aktives Molek\u00fcl aus Hanf, das die nat\u00fcrliche Kollagenproduktion der Haut ankurbelt, Entz\u00fcndungen und R\u00f6tungen rasch reduziert, die \u00d6lproduktion und das hormonelle Gleichgewicht normalisiert und so die zu Akne neigende Haut verbessert.<\/p>\n<p><strong>Vitamin C<\/strong><\/p>\n<p>In stabilisierter Form regt es die Durchblutung der Haut an, reduziert kaputte Kapillaren, reguliert die Pigmentierung und gleicht den Hautton aus.<\/p>\n<p><strong>C8<\/strong><\/p>\n<p>Ein wundersames Fetts\u00e4uremolek\u00fcl aus der Kokosnuss, das die Haut tiefgehend mit Feuchtigkeit versorgt und reinigt. Normalisiert den Hefespiegel und hat antimykotische Eigenschaften.<\/p>\n<p><strong>Gr\u00fcner Tee <\/strong><\/p>\n<p>Dieser Extrakt spendet der Haut Energie und reinigt sie von Schwermetallen. Enth\u00e4lt Gerbstoffe, Polyphenole, Koffein und Fluorid.<\/p>\n<p><strong>Aloe Vera<\/strong><\/p>\n<p>Feuchtigkeitsspendender Saft, entz\u00fcndungshemmend und aufbauend. Enth\u00e4lt B12, essentielle Aminos\u00e4uren und essentielle Ballaststoffe.<\/p>\n<p><strong>Rosskastanie<\/strong><\/p>\n<p>Der Extrakt reduziert Schwellungen und wirkt hautstraffend.<\/p>\n<p><strong>Gotu Kola<\/strong><\/p>\n<p>Stimuliert die Funktion der Bindegewebszellen und hat eine straffende Wirkung auf die Haut. Enth\u00e4lt Saponine &#8211; pflanzliche Phytochemikalien, beschleunigt die Kollagenproduktion und die Wundheilung.<\/p>\n<p><strong>Ulva Kompresse <\/strong><\/p>\n<p>Der n\u00e4hrstoffreiche Algenextrakt erh\u00f6ht die Hautelastizit\u00e4t und mindert Juckreiz und Juckreiz.<\/p>\n<p><strong>Zitronengras<\/strong><\/p>\n<p>Das \u00d6l des Zypressenblatts hat nicht nur einen herrlich belebenden Duft, sondern auch hautreinigende und pflegende Eigenschaften.<\/p>\n<p><strong>Vitamin E <\/strong><\/p>\n<p>Feuchtigkeitsspendendes und n\u00e4hrendes Antioxidans, das die Elastizit\u00e4t des Gewebes erh\u00f6ht.<\/p>\n<p><em>Konservierungsstoffe: Glycerin, Propandiol, Gellangummi, Phenoxyethanol, Alkylacrylat-Kreuzpolymer, Ethylhexylglycerin, Dimethicone, Natriumlaurylsulfat, Natriumhydroxid, Ethylendiamintetraessigs\u00e4ure.<\/em><\/p>\n<\/div>\n\t\t\t\t<\/div>\n\t\t\t\t\t\t\t<div class=\"elementor-accordion-item\">\n\t\t\t\t\t<h3 id=\"elementor-tab-title-4934\" class=\"elementor-tab-title the7-accordion-header\" data-tab=\"4\" role=\"tab\" aria-controls=\"elementor-tab-content-4934\">\n\n\t\t\t\t\t\t\t\t\t\t\t\t\t<span class=\"elementor-accordion-icon elementor-accordion-icon-left\" aria-hidden=\"true\">\n\t\t\t\t\t\t\t\t\t\t\t\t\t\t\t<span class=\"elementor-accordion-icon-closed\"><i class=\"fas fa-chevron-down\"><\/i><\/span>\n\t\t\t\t\t\t\t\t\t\t\t\t\t\t\t\t\t<span class=\"elementor-accordion-icon-opened\"><i class=\"fas fa-chevron-up\"><\/i><\/span>\n\t\t\t\t\t\t\t\t\t\t\t\t\t\t\t\t\t\t\t\t\t\t<\/span>\n\t\t\t\t\t\t\t\t\t\t\t\t\t\t\t\t\t\t<a class=\"elementor-accordion-title\" href=\"\">Vorbereitung<\/a>\n\t\t\t\t\t<\/h3>\n\t\t\t\t\t<div id=\"elementor-tab-content-4934\" class=\"elementor-tab-content elementor-clearfix\" data-tab=\"4\" role=\"tabpanel\" aria-labelledby=\"elementor-tab-title-4934\"><p>Es ist eine mystische Menge an G\u00fcte hier verpackt. Kristalle, Extrakte und \u00d6le von h\u00f6chster Qualit\u00e4t.<\/p>\n<\/div>\n\t\t\t\t<\/div>\n\t\t\t\t\t\t\t<div class=\"elementor-accordion-item\">\n\t\t\t\t\t<h3 id=\"elementor-tab-title-4935\" class=\"elementor-tab-title the7-accordion-header\" data-tab=\"5\" role=\"tab\" aria-controls=\"elementor-tab-content-4935\">\n\n\t\t\t\t\t\t\t\t\t\t\t\t\t<span class=\"elementor-accordion-icon elementor-accordion-icon-left\" aria-hidden=\"true\">\n\t\t\t\t\t\t\t\t\t\t\t\t\t\t\t<span class=\"elementor-accordion-icon-closed\"><i class=\"fas fa-chevron-down\"><\/i><\/span>\n\t\t\t\t\t\t\t\t\t\t\t\t\t\t\t\t\t<span class=\"elementor-accordion-icon-opened\"><i class=\"fas fa-chevron-up\"><\/i><\/span>\n\t\t\t\t\t\t\t\t\t\t\t\t\t\t\t\t\t\t\t\t\t\t<\/span>\n\t\t\t\t\t\t\t\t\t\t\t\t\t\t\t\t\t\t<a class=\"elementor-accordion-title\" href=\"\">Lagerung bei<\/a>\n\t\t\t\t\t<\/h3>\n\t\t\t\t\t<div id=\"elementor-tab-content-4935\" class=\"elementor-tab-content elementor-clearfix\" data-tab=\"5\" role=\"tabpanel\" aria-labelledby=\"elementor-tab-title-4935\"><ul>\n<li>Im Dunkeln und bei Raumtemperatur aufbewahren<\/li>\n<li>Vermeiden Sie die Ber\u00fchrung der Haut mit der Pipette<\/li>\n<\/ul>\n<\/div>\n\t\t\t\t<\/div>\n\t\t\t\t\t<\/div>\n\t\t\t\t\t\t<\/div>\n\t\t\t\t<\/div>\n\t\t\t\t<div class=\"elementor-element elementor-element-2e64ecd elementor-hidden-desktop elementor-hidden-tablet elementor-hidden-mobile elementor-widget elementor-widget-image\" data-id=\"2e64ecd\" data-element_type=\"widget\" data-e-type=\"widget\" data-widget_type=\"image.default\">\n\t\t\t\t<div class=\"elementor-widget-container\">\n\t\t\t\t\t\t\t\t\t\t\t\t\t\t\t<img fetchpriority=\"high\" decoding=\"async\" width=\"601\" height=\"801\" src=\"https:\/\/zennative.eu\/wp-content\/uploads\/2021\/12\/Artboard-1-copy-82.png\" class=\"attachment-large size-large wp-image-63161\" alt=\"cbd\" srcset=\"https:\/\/zennative.eu\/wp-content\/uploads\/2021\/12\/Artboard-1-copy-82.png 601w, https:\/\/zennative.eu\/wp-content\/uploads\/2021\/12\/Artboard-1-copy-82-225x300.png 225w\" sizes=\"(max-width: 601px) 100vw, 601px\" \/>\t\t\t\t\t\t\t\t\t\t\t\t\t\t\t<\/div>\n\t\t\t\t<\/div>\n\t\t\t\t\t<\/div>\n\t\t<\/div>\n\t\t\t\t\t<\/div>\n\t\t<\/section>\n\t\t\t\t<\/div>\n\t\t","protected":false},"excerpt":{"rendered":"<p>Unser neuer, schnell wirkender Super-Toner ist eine t\u00e4gliche Basisschicht f\u00fcr reichhaltig gepflegte Haut.<\/p>\n","protected":false},"featured_media":63158,"comment_status":"closed","ping_status":"closed","template":"","meta":[],"product_brand":[],"product_cat":[818],"product_tag":[763,762,819,820],"class_list":{"0":"post-63157","1":"product","2":"type-product","3":"status-publish","4":"has-post-thumbnail","6":"product_cat-cbd-kosmetik","7":"product_tag-c8-de","8":"product_tag-cbd-de","9":"product_tag-vitamin-c-de","10":"product_tag-vitamin-d-de","12":"first","13":"outofstock","14":"shipping-taxable","15":"purchasable","16":"product-type-simple"},"_links":{"self":[{"href":"https:\/\/zennative.eu\/de\/wp-json\/wp\/v2\/product\/63157","targetHints":{"allow":["GET"]}}],"collection":[{"href":"https:\/\/zennative.eu\/de\/wp-json\/wp\/v2\/product"}],"about":[{"href":"https:\/\/zennative.eu\/de\/wp-json\/wp\/v2\/types\/product"}],"replies":[{"embeddable":true,"href":"https:\/\/zennative.eu\/de\/wp-json\/wp\/v2\/comments?post=63157"}],"version-history":[{"count":9,"href":"https:\/\/zennative.eu\/de\/wp-json\/wp\/v2\/product\/63157\/revisions"}],"predecessor-version":[{"id":64141,"href":"https:\/\/zennative.eu\/de\/wp-json\/wp\/v2\/product\/63157\/revisions\/64141"}],"wp:featuredmedia":[{"embeddable":true,"href":"https:\/\/zennative.eu\/de\/wp-json\/wp\/v2\/media\/63158"}],"wp:attachment":[{"href":"https:\/\/zennative.eu\/de\/wp-json\/wp\/v2\/media?parent=63157"}],"wp:term":[{"taxonomy":"product_brand","embeddable":true,"href":"https:\/\/zennative.eu\/de\/wp-json\/wp\/v2\/product_brand?post=63157"},{"taxonomy":"product_cat","embeddable":true,"href":"https:\/\/zennative.eu\/de\/wp-json\/wp\/v2\/product_cat?post=63157"},{"taxonomy":"product_tag","embeddable":true,"href":"https:\/\/zennative.eu\/de\/wp-json\/wp\/v2\/product_tag?post=63157"}],"curies":[{"name":"wp","href":"https:\/\/api.w.org\/{rel}","templated":true}]}}