{"id":63109,"date":"2021-10-27T12:29:53","date_gmt":"2024-10-02T17:14:15","guid":{"rendered":"https:\/\/zennative.eu\/product\/full-spectrum-das-reichhaltigste-cbd-cannabisoel-in-estland\/"},"modified":"2024-10-05T18:56:09","modified_gmt":"2024-10-05T15:56:09","slug":"full-spectrum-das-reichhaltigste-cbd-cannabisoel-in-deutschland","status":"publish","type":"product","link":"https:\/\/zennative.eu\/de\/produkt\/full-spectrum-das-reichhaltigste-cbd-cannabisoel-in-deutschland\/","title":{"rendered":"Full Spectrum &#8211; das reichhaltigste CBD-Cannabis\u00f6l in Deutschland"},"content":{"rendered":"\t\t<div data-elementor-type=\"product-post\" data-elementor-id=\"63109\" class=\"elementor elementor-63109 elementor-39916\" data-elementor-post-type=\"product\">\n\t\t\t\t\t\t<section class=\"elementor-section elementor-top-section elementor-element elementor-element-4c104f4 elementor-section-boxed elementor-section-height-default elementor-section-height-default\" data-id=\"4c104f4\" data-element_type=\"section\" data-e-type=\"section\">\n\t\t\t\t\t\t<div class=\"elementor-container elementor-column-gap-wide\">\n\t\t\t\t\t<div class=\"elementor-column elementor-col-100 elementor-top-column elementor-element elementor-element-93cefb6\" data-id=\"93cefb6\" data-element_type=\"column\" data-e-type=\"column\">\n\t\t\t<div class=\"elementor-widget-wrap elementor-element-populated\">\n\t\t\t\t\t\t<div class=\"elementor-element elementor-element-7349286 elementor-widget elementor-widget-text-editor\" data-id=\"7349286\" data-element_type=\"widget\" data-e-type=\"widget\" data-widget_type=\"text-editor.default\">\n\t\t\t\t<div class=\"elementor-widget-container\">\n\t\t\t\t\t\t\t\t\t<p><strong>Zen Native Full Spectrum CBD \u00d6l enth\u00e4lt die volle Kraft der Hanfpflanze. Es liefert alle notwendigen Cannabinoide, einschlie\u00dflich<\/strong><strong> CBG, CBC, CBN, THC und 500\/1500\/3000mg CBD.<\/strong><\/p>\n<p>Dieses hochwertige CBD-\u00d6l enth\u00e4lt alle Flavonoide und Terpene des Hanfs. Zen Native&#8217;s 5%, 15% oder 30% Full Spectrum CBD \u00d6l ist ein br\u00e4unlich-gr\u00fcnes, angenehm schmeckendes Cannabis\u00f6l, das leicht vom K\u00f6rper absorbiert wird, da es in MCT-\u00d6l aus feiner Kokosnuss gel\u00f6st ist.<\/p>\n<p>10ml, wiederaufbereitete, lichtdichte Glaspipettenflasche. Insgesamt mindestens 200 Tropfen pro Flasche.<\/p>\n<p><strong>Lesen Sie mehr:<\/strong> <a href=\"https:\/\/zennative.eu\/de\/was-ist-cbd\/\" target=\"_blank\" rel=\"noopener\">Alles \u00fcber CBD?<\/a><\/p>\n\t\t\t\t\t\t\t\t<\/div>\n\t\t\t\t<\/div>\n\t\t\t\t<div class=\"elementor-element elementor-element-3105200 elementor-widget elementor-widget-the7-accordion\" data-id=\"3105200\" data-element_type=\"widget\" data-e-type=\"widget\" data-widget_type=\"the7-accordion.default\">\n\t\t\t\t<div class=\"elementor-widget-container\">\n\t\t\t\t\t\t\t<div class=\"elementor-accordion the7-adv-accordion ac_bb_title ac_bb_active_title ac_top_bottom_borders ac_left_right_borders\" data-accordion-type=\"toggle\" role=\"tablist\">\n\t\t\t\t\t\t\t<div class=\"elementor-accordion-item\">\n\t\t\t\t\t<h3 id=\"elementor-tab-title-5141\" class=\"elementor-tab-title the7-accordion-header deactive-default\" data-tab=\"1\" role=\"tab\" aria-controls=\"elementor-tab-content-5141\">\n\n\t\t\t\t\t\t\t\t\t\t\t\t\t<span class=\"elementor-accordion-icon elementor-accordion-icon-left\" aria-hidden=\"true\">\n\t\t\t\t\t\t\t\t\t\t\t\t\t\t\t<span class=\"elementor-accordion-icon-closed\"><i class=\"fas fa-chevron-down\"><\/i><\/span>\n\t\t\t\t\t\t\t\t\t\t\t\t\t\t\t\t\t<span class=\"elementor-accordion-icon-opened\"><i class=\"fas fa-chevron-up\"><\/i><\/span>\n\t\t\t\t\t\t\t\t\t\t\t\t\t\t\t\t\t\t\t\t\t\t<\/span>\n\t\t\t\t\t\t\t\t\t\t\t\t\t\t\t\t\t\t<a class=\"elementor-accordion-title\" href=\"\">Idee<\/a>\n\t\t\t\t\t<\/h3>\n\t\t\t\t\t<div id=\"elementor-tab-content-5141\" class=\"elementor-tab-content elementor-clearfix deactive-default\" data-tab=\"1\" role=\"tabpanel\" aria-labelledby=\"elementor-tab-title-5141\"><p><strong><br \/>\nDie Idee hinter der Entwicklung von Full Spectrum CBD \u00d6l war es, die ganze Kraft der hochwertigsten Cannabispflanze zu extrahieren. <\/strong><\/p>\n<p>Es wurde f\u00fcr Menschen geschaffen, f\u00fcr die Crystal CBD \u00d6l keine ausreichende Wirkung hatte.<\/p>\n<p><strong><em>Enth\u00e4lt:<\/em><\/strong> Vollspektrum-Hanfextrakt, MCT-\u00d6l.<\/p>\n<\/div>\n\t\t\t\t<\/div>\n\t\t\t\t\t\t\t<div class=\"elementor-accordion-item\">\n\t\t\t\t\t<h3 id=\"elementor-tab-title-5142\" class=\"elementor-tab-title the7-accordion-header\" data-tab=\"2\" role=\"tab\" aria-controls=\"elementor-tab-content-5142\">\n\n\t\t\t\t\t\t\t\t\t\t\t\t\t<span class=\"elementor-accordion-icon elementor-accordion-icon-left\" aria-hidden=\"true\">\n\t\t\t\t\t\t\t\t\t\t\t\t\t\t\t<span class=\"elementor-accordion-icon-closed\"><i class=\"fas fa-chevron-down\"><\/i><\/span>\n\t\t\t\t\t\t\t\t\t\t\t\t\t\t\t\t\t<span class=\"elementor-accordion-icon-opened\"><i class=\"fas fa-chevron-up\"><\/i><\/span>\n\t\t\t\t\t\t\t\t\t\t\t\t\t\t\t\t\t\t\t\t\t\t<\/span>\n\t\t\t\t\t\t\t\t\t\t\t\t\t\t\t\t\t\t<a class=\"elementor-accordion-title\" href=\"\">Sporadisch verwenden<\/a>\n\t\t\t\t\t<\/h3>\n\t\t\t\t\t<div id=\"elementor-tab-content-5142\" class=\"elementor-tab-content elementor-clearfix\" data-tab=\"2\" role=\"tabpanel\" aria-labelledby=\"elementor-tab-title-5142\"><p>Alle vorteilhaften Eigenschaften von CBD + anderen Cannabinoiden, einschlie\u00dflich:<\/p>\n<ul>\n<li style=\"list-style-type: none;\">\n<ul>\n<li><strong>Beruhigt<\/strong> das Nervensystem, Muskelverspannungen und Angstzust\u00e4nde<\/li>\n<li><strong>Hilft beim Einschlafen<\/strong> und Durchschlafen<\/li>\n<li><strong>Senkt die <\/strong>Stresshormon- und Entz\u00fcndungswerte<\/li>\n<\/ul>\n<\/li>\n<\/ul>\n<p>Dosis f\u00fcr eine 75 kg schwere Person<\/p>\n<ul>\n<li><strong>%-s5 t =<\/strong> 30 Tropfen unter die Zunge;<\/li>\n<li><strong>%-s15 t<\/strong> = 10 Tropfen unter die Zunge;<\/li>\n<li><strong>%-s30 t<\/strong> = 5 Tropfen unter die Zunge<\/li>\n<\/ul>\n<p><strong>Lesen Sie mehr:<\/strong> <a href=\"https:\/\/zennative.eu\/de\/was-ist-cbd\/\">Alles \u00fcber CBD<\/a><\/p>\n<\/div>\n\t\t\t\t<\/div>\n\t\t\t\t\t\t\t<div class=\"elementor-accordion-item\">\n\t\t\t\t\t<h3 id=\"elementor-tab-title-5143\" class=\"elementor-tab-title the7-accordion-header\" data-tab=\"3\" role=\"tab\" aria-controls=\"elementor-tab-content-5143\">\n\n\t\t\t\t\t\t\t\t\t\t\t\t\t<span class=\"elementor-accordion-icon elementor-accordion-icon-left\" aria-hidden=\"true\">\n\t\t\t\t\t\t\t\t\t\t\t\t\t\t\t<span class=\"elementor-accordion-icon-closed\"><i class=\"fas fa-chevron-down\"><\/i><\/span>\n\t\t\t\t\t\t\t\t\t\t\t\t\t\t\t\t\t<span class=\"elementor-accordion-icon-opened\"><i class=\"fas fa-chevron-up\"><\/i><\/span>\n\t\t\t\t\t\t\t\t\t\t\t\t\t\t\t\t\t\t\t\t\t\t<\/span>\n\t\t\t\t\t\t\t\t\t\t\t\t\t\t\t\t\t\t<a class=\"elementor-accordion-title\" href=\"\">Externe Verwendung<\/a>\n\t\t\t\t\t<\/h3>\n\t\t\t\t\t<div id=\"elementor-tab-content-5143\" class=\"elementor-tab-content elementor-clearfix\" data-tab=\"3\" role=\"tabpanel\" aria-labelledby=\"elementor-tab-title-5143\"><p>Tupfen Sie 1-3 Tropfen sanft auf die saubere Haut in der Gr\u00f6\u00dfe Ihrer Handfl\u00e4che. Vermeiden Sie den Kontakt mit den Augen.<\/p>\n<ul>\n<li style=\"list-style-type: none;\">\n<ul>\n<li>Bes\u00e4nftigt schnell entz\u00fcndete Haut<\/li>\n<li>Spendet tiefenwirksam Feuchtigkeit und gleicht selbst fettige Haut aus<\/li>\n<li>F\u00f6rdert die nat\u00fcrliche Kollagenproduktion<\/li>\n<li>Beruhigt schmerzende Muskeln und Gelenke<\/li>\n<\/ul>\n<\/li>\n<\/ul>\n<p><strong>5%<\/strong> = Zur Prophylaxe und allgemeinen Pflege der gesunden Haut<\/p>\n<p><strong>15%<\/strong> = Zur Pflege von problematischer, entz\u00fcndeter oder zu Akne neigender Haut<\/p>\n<p><strong>30%<\/strong> = Zur Linderung und Behandlung von Hautkrankheiten<\/p>\n<p><strong>Lesen Sie mehr:<\/strong> <a href=\"https:\/\/zennative.eu\/de\/was-ist-cbd\/\" target=\"_blank\" rel=\"noopener\">Alles \u00fcber CBD?<\/a><\/p>\n<\/div>\n\t\t\t\t<\/div>\n\t\t\t\t\t\t\t<div class=\"elementor-accordion-item\">\n\t\t\t\t\t<h3 id=\"elementor-tab-title-5144\" class=\"elementor-tab-title the7-accordion-header\" data-tab=\"4\" role=\"tab\" aria-controls=\"elementor-tab-content-5144\">\n\n\t\t\t\t\t\t\t\t\t\t\t\t\t<span class=\"elementor-accordion-icon elementor-accordion-icon-left\" aria-hidden=\"true\">\n\t\t\t\t\t\t\t\t\t\t\t\t\t\t\t<span class=\"elementor-accordion-icon-closed\"><i class=\"fas fa-chevron-down\"><\/i><\/span>\n\t\t\t\t\t\t\t\t\t\t\t\t\t\t\t\t\t<span class=\"elementor-accordion-icon-opened\"><i class=\"fas fa-chevron-up\"><\/i><\/span>\n\t\t\t\t\t\t\t\t\t\t\t\t\t\t\t\t\t\t\t\t\t\t<\/span>\n\t\t\t\t\t\t\t\t\t\t\t\t\t\t\t\t\t\t<a class=\"elementor-accordion-title\" href=\"\">Zus\u00e4tzliche Informationen<\/a>\n\t\t\t\t\t<\/h3>\n\t\t\t\t\t<div id=\"elementor-tab-content-5144\" class=\"elementor-tab-content elementor-clearfix\" data-tab=\"4\" role=\"tabpanel\" aria-labelledby=\"elementor-tab-title-5144\"><ul>\n<li>Gepr\u00fcft durch das Estnische Labor f\u00fcr Forensik | <a href=\"https:\/\/lt.zennative.ee\/Zen-Native-Full-Spectrum-CBD-oli-EKEI-tulemused-uuringuakt-THC-ja-CBD.pdf\" target=\"_blank\" rel=\"noopener\">PDF<\/a><\/li>\n<li>% lo100 mit unbekannter Herkunft<\/li>\n<li>Recycelte Glasflasche mit Lichtschutzfaktor<\/li>\n<li>Palm\u00f6lfrei, GMO-frei und vegan<\/li>\n<li>Hergestellt in Estland<\/li>\n<\/ul>\n<\/div>\n\t\t\t\t<\/div>\n\t\t\t\t\t\t\t<div class=\"elementor-accordion-item\">\n\t\t\t\t\t<h3 id=\"elementor-tab-title-5145\" class=\"elementor-tab-title the7-accordion-header\" data-tab=\"5\" role=\"tab\" aria-controls=\"elementor-tab-content-5145\">\n\n\t\t\t\t\t\t\t\t\t\t\t\t\t<span class=\"elementor-accordion-icon elementor-accordion-icon-left\" aria-hidden=\"true\">\n\t\t\t\t\t\t\t\t\t\t\t\t\t\t\t<span class=\"elementor-accordion-icon-closed\"><i class=\"fas fa-chevron-down\"><\/i><\/span>\n\t\t\t\t\t\t\t\t\t\t\t\t\t\t\t\t\t<span class=\"elementor-accordion-icon-opened\"><i class=\"fas fa-chevron-up\"><\/i><\/span>\n\t\t\t\t\t\t\t\t\t\t\t\t\t\t\t\t\t\t\t\t\t\t<\/span>\n\t\t\t\t\t\t\t\t\t\t\t\t\t\t\t\t\t\t<a class=\"elementor-accordion-title\" href=\"\">Vorbereitung<\/a>\n\t\t\t\t\t<\/h3>\n\t\t\t\t\t<div id=\"elementor-tab-content-5145\" class=\"elementor-tab-content elementor-clearfix\" data-tab=\"5\" role=\"tabpanel\" aria-labelledby=\"elementor-tab-title-5145\"><p>Der Hanf h\u00f6chster Qualit\u00e4t wird mit der superkritischen<sub>CO2-Methode <\/sub>extrahiert und mit Kokosnuss-MCT-\u00d6l verd\u00fcnnt.<\/p>\n<p>% pDa der THC-Gehalt im extrahierten Fruchtfleisch der hochwertigen Pflanze die EU-Toleranz von 0,3 Irisch \u00fcbersteigt, tun wir dies in der Schweiz, wo 1% THC erlaubt ist. Der THC-Gehalt des von uns verkauften \u00d6ls betr\u00e4gt &lt;0,3 %.<\/p>\n<p>Wir verwenden diese Methode, weil sie die Nachteile der klassischen Methoden wie thermische Zersetzung, Hydrolyse und L\u00f6sungsmittelr\u00fcckst\u00e4nde vermeidet.<\/p>\n<p>Wenn Sie sich f\u00fcr Zen Native entscheiden, k\u00f6nnen Sie sicher sein, dass Sie das beste CBD auf dem Markt erhalten.<\/p>\n<\/div>\n\t\t\t\t<\/div>\n\t\t\t\t\t\t\t<div class=\"elementor-accordion-item\">\n\t\t\t\t\t<h3 id=\"elementor-tab-title-5146\" class=\"elementor-tab-title the7-accordion-header\" data-tab=\"6\" role=\"tab\" aria-controls=\"elementor-tab-content-5146\">\n\n\t\t\t\t\t\t\t\t\t\t\t\t\t<span class=\"elementor-accordion-icon elementor-accordion-icon-left\" aria-hidden=\"true\">\n\t\t\t\t\t\t\t\t\t\t\t\t\t\t\t<span class=\"elementor-accordion-icon-closed\"><i class=\"fas fa-chevron-down\"><\/i><\/span>\n\t\t\t\t\t\t\t\t\t\t\t\t\t\t\t\t\t<span class=\"elementor-accordion-icon-opened\"><i class=\"fas fa-chevron-up\"><\/i><\/span>\n\t\t\t\t\t\t\t\t\t\t\t\t\t\t\t\t\t\t\t\t\t\t<\/span>\n\t\t\t\t\t\t\t\t\t\t\t\t\t\t\t\t\t\t<a class=\"elementor-accordion-title\" href=\"\">Lagerung bei<\/a>\n\t\t\t\t\t<\/h3>\n\t\t\t\t\t<div id=\"elementor-tab-content-5146\" class=\"elementor-tab-content elementor-clearfix\" data-tab=\"6\" role=\"tabpanel\" aria-labelledby=\"elementor-tab-title-5146\"><ul>\n<li>Im Dunkeln und bei Raumtemperatur aufbewahren<\/li>\n<li>Vermeiden Sie es, mit der Pipette den Mund oder die Haut zu ber\u00fchren<\/li>\n<\/ul>\n<\/div>\n\t\t\t\t<\/div>\n\t\t\t\t\t<\/div>\n\t\t\t\t\t\t<\/div>\n\t\t\t\t<\/div>\n\t\t\t\t\t<\/div>\n\t\t<\/div>\n\t\t\t\t\t<\/div>\n\t\t<\/section>\n\t\t\t\t<section class=\"elementor-section elementor-top-section elementor-element elementor-element-4aa086c elementor-section-boxed elementor-section-height-default elementor-section-height-default\" data-id=\"4aa086c\" data-element_type=\"section\" data-e-type=\"section\">\n\t\t\t\t\t\t<div class=\"elementor-container elementor-column-gap-default\">\n\t\t\t\t\t<div class=\"elementor-column elementor-col-100 elementor-top-column elementor-element elementor-element-397a537\" data-id=\"397a537\" data-element_type=\"column\" data-e-type=\"column\">\n\t\t\t<div class=\"elementor-widget-wrap elementor-element-populated\">\n\t\t\t\t\t\t<div class=\"elementor-element elementor-element-08122ab elementor-widget elementor-widget-shortcode\" data-id=\"08122ab\" data-element_type=\"widget\" data-e-type=\"widget\" data-widget_type=\"shortcode.default\">\n\t\t\t\t<div class=\"elementor-widget-container\">\n\t\t\t\t\t\t\t<div class=\"elementor-shortcode\"><script type=\"application\/ld+json\">\r\n    {\r\n      \"@context\": \"https:\/\/lt.zennative.ee\/\",\r\n      \"@type\": \"Produkt\",\r\n      \"name\": \"Volles \"Spektrum CBD-\u00d6l,\r\n      \"image\": [ \"image\": [\r\n        \"https:\/\/lt.zennative.ee\/wp-content\/uploads\/2021\/10\/Zen-Native-5-Full-Spectrum-CBD-Oil-Taisspektri-CBD-kanepi-oli_1.png\",\r\n        \"https:\/\/lt.zennative.ee\/wp-content\/uploads\/2021\/10\/Zen-Native-Pipett-Full-Spectrum-CBD-Oil-Taisspektri-CBD-kanepi-oli.png\",\r\n        \"https:\/\/lt.zennative.ee\/wp-content\/uploads\/2021\/10\/Zen-Native-5-Full-Spectrum-CBD-Oil-Taisspektri-CBD-kanepi-oli_3.png\"\r\n       ],\r\n      \"description\": \"Full Spectrum CBD \u00d6l bietet st\u00e4rkere und umfassendere Vorteile als CBD Crystal Oil, und die Effekte sind sp\u00fcrbar. Full Spectrum CBD \u00d6l beruhigt Wut, Unruhe, Unsicherheit und reduziert Angst. K\u00f6rperlich reduziert es Entz\u00fcndungen, Spannungen und Krebs. Full Spectrum CBD \u00d6l enth\u00e4lt: alle Cannabinoide (CBD, CBG, CBC, CBN...), Terpene und Flavanoide. Die Extrakte von h\u00f6chster Qualit\u00e4t sind ausschlie\u00dflich in Kokosnuss-MCT-\u00d6l gel\u00f6st\",\r\n      \"sku\": \"0446310786\",\r\n      }, \"brand\": {\r\n        \"@type\": \"brand\",\r\n        \"name\": \"Zen \"Native\r\n      },\r\n         }, \"aggregateRating\": {\r\n        }, \"@type\": \"aggregateRating\",\r\n        \"ratingValue\": \"5\",\r\n        \"reviewCount\": \"89\"\r\n      },\r\n      }, \"offers\": {\r\n        \"@type\": \"offer\",\r\n        \"url\": \" \",\r\n        \"priceCurrency\": \"EUR\",\r\n        \"price\": \"129.99\",\r\n        \"priceValidUntil\": \"2022-11-20\",\r\n      }\r\n    }\r\n    <\/script><\/div>\n\t\t\t\t\t\t<\/div>\n\t\t\t\t<\/div>\n\t\t\t\t<div class=\"elementor-element elementor-element-ec82392 elementor-hidden-desktop elementor-hidden-tablet elementor-hidden-mobile elementor-widget elementor-widget-image\" data-id=\"ec82392\" data-element_type=\"widget\" data-e-type=\"widget\" data-widget_type=\"image.default\">\n\t\t\t\t<div class=\"elementor-widget-container\">\n\t\t\t\t\t\t\t\t\t\t\t\t\t\t\t<img fetchpriority=\"high\" decoding=\"async\" width=\"601\" height=\"801\" src=\"https:\/\/zennative.eu\/wp-content\/uploads\/2021\/10\/Zen-Native-5-Full-Spectrum-CBD-Oil-Taisspektri-CBD-kanepi-oli_8.png\" class=\"attachment-large size-large wp-image-63110\" alt=\"cbd-\u00d6l\" srcset=\"https:\/\/zennative.eu\/wp-content\/uploads\/2021\/10\/Zen-Native-5-Full-Spectrum-CBD-Oil-Taisspektri-CBD-kanepi-oli_8.png 601w, https:\/\/zennative.eu\/wp-content\/uploads\/2021\/10\/Zen-Native-5-Full-Spectrum-CBD-Oil-Taisspektri-CBD-kanepi-oli_8-225x300.png 225w\" sizes=\"(max-width: 601px) 100vw, 601px\" \/>\t\t\t\t\t\t\t\t\t\t\t\t\t\t\t<\/div>\n\t\t\t\t<\/div>\n\t\t\t\t\t<\/div>\n\t\t<\/div>\n\t\t\t\t\t<\/div>\n\t\t<\/section>\n\t\t\t\t<\/div>\n\t\t","protected":false},"excerpt":{"rendered":"<p>Es ist ein konzentriertes CBD-\u00d6l mit der ganzen Kraft der Cannabispflanze<\/p>\n","protected":false},"featured_media":63110,"comment_status":"closed","ping_status":"closed","template":"","meta":[],"product_brand":[],"product_cat":[761],"product_tag":[793,762,790,792,791,789,788,786,787],"class_list":{"0":"post-63109","1":"product","2":"type-product","3":"status-publish","4":"has-post-thumbnail","6":"product_cat-cbd-ole","7":"product_tag-cannabis-tropfen","8":"product_tag-cbd-de","9":"product_tag-cbd-hanfol","10":"product_tag-cbd-tilgad-de","11":"product_tag-gesundheitsol","12":"product_tag-mct-de","13":"product_tag-terpene-und-flavonoide-in-kenep","14":"product_tag-volles-spektrum","15":"product_tag-volles-spektrum-de","17":"first","18":"instock","19":"shipping-taxable","20":"purchasable","21":"product-type-variable"},"_links":{"self":[{"href":"https:\/\/zennative.eu\/de\/wp-json\/wp\/v2\/product\/63109","targetHints":{"allow":["GET"]}}],"collection":[{"href":"https:\/\/zennative.eu\/de\/wp-json\/wp\/v2\/product"}],"about":[{"href":"https:\/\/zennative.eu\/de\/wp-json\/wp\/v2\/types\/product"}],"replies":[{"embeddable":true,"href":"https:\/\/zennative.eu\/de\/wp-json\/wp\/v2\/comments?post=63109"}],"version-history":[{"count":10,"href":"https:\/\/zennative.eu\/de\/wp-json\/wp\/v2\/product\/63109\/revisions"}],"predecessor-version":[{"id":64143,"href":"https:\/\/zennative.eu\/de\/wp-json\/wp\/v2\/product\/63109\/revisions\/64143"}],"wp:featuredmedia":[{"embeddable":true,"href":"https:\/\/zennative.eu\/de\/wp-json\/wp\/v2\/media\/63110"}],"wp:attachment":[{"href":"https:\/\/zennative.eu\/de\/wp-json\/wp\/v2\/media?parent=63109"}],"wp:term":[{"taxonomy":"product_brand","embeddable":true,"href":"https:\/\/zennative.eu\/de\/wp-json\/wp\/v2\/product_brand?post=63109"},{"taxonomy":"product_cat","embeddable":true,"href":"https:\/\/zennative.eu\/de\/wp-json\/wp\/v2\/product_cat?post=63109"},{"taxonomy":"product_tag","embeddable":true,"href":"https:\/\/zennative.eu\/de\/wp-json\/wp\/v2\/product_tag?post=63109"}],"curies":[{"name":"wp","href":"https:\/\/api.w.org\/{rel}","templated":true}]}}