{"id":64306,"date":"2024-10-21T16:12:45","date_gmt":"2024-10-21T13:12:45","guid":{"rendered":"https:\/\/zennative.eu\/cbd-und-klinische-forschung\/"},"modified":"2024-10-21T16:12:51","modified_gmt":"2024-10-21T13:12:51","slug":"cbd-und-klinische-forschung","status":"publish","type":"page","link":"https:\/\/zennative.eu\/de\/cbd-und-klinische-forschung\/","title":{"rendered":"CBD und klinische Forschung"},"content":{"rendered":"\t\t<div data-elementor-type=\"wp-page\" data-elementor-id=\"64306\" class=\"elementor elementor-64306 elementor-64283\" data-elementor-post-type=\"page\">\n\t\t\t\t\t\t<section class=\"elementor-section elementor-top-section elementor-element elementor-element-4f26e5ce elementor-section-boxed elementor-section-height-default elementor-section-height-default\" data-id=\"4f26e5ce\" data-element_type=\"section\" data-e-type=\"section\" data-settings=\"{&quot;background_background&quot;:&quot;slideshow&quot;,&quot;background_slideshow_gallery&quot;:[{&quot;id&quot;:64285,&quot;url&quot;:&quot;https:\\\/\\\/zennative.eu\\\/wp-content\\\/uploads\\\/2024\\\/10\\\/ZN_H2A8131.png&quot;}],&quot;background_slideshow_loop&quot;:&quot;yes&quot;,&quot;background_slideshow_slide_duration&quot;:5000,&quot;background_slideshow_slide_transition&quot;:&quot;fade&quot;,&quot;background_slideshow_transition_duration&quot;:500}\">\n\t\t\t\t\t\t<div class=\"elementor-container elementor-column-gap-default\">\n\t\t\t\t\t<div class=\"elementor-column elementor-col-100 elementor-top-column elementor-element elementor-element-8b79dbe\" data-id=\"8b79dbe\" data-element_type=\"column\" data-e-type=\"column\" data-settings=\"{&quot;background_background&quot;:&quot;slideshow&quot;,&quot;background_slideshow_gallery&quot;:[],&quot;background_slideshow_loop&quot;:&quot;yes&quot;,&quot;background_slideshow_slide_duration&quot;:5000,&quot;background_slideshow_slide_transition&quot;:&quot;fade&quot;,&quot;background_slideshow_transition_duration&quot;:500}\">\n\t\t\t<div class=\"elementor-widget-wrap elementor-element-populated\">\n\t\t\t\t\t\t<div class=\"elementor-element elementor-element-101e4823 elementor-widget elementor-widget-heading\" data-id=\"101e4823\" data-element_type=\"widget\" data-e-type=\"widget\" data-widget_type=\"heading.default\">\n\t\t\t\t<div class=\"elementor-widget-container\">\n\t\t\t\t\t<h1 class=\"elementor-heading-title elementor-size-default\">Klinische CBD-Forschung<\/h1>\t\t\t\t<\/div>\n\t\t\t\t<\/div>\n\t\t\t\t\t<\/div>\n\t\t<\/div>\n\t\t\t\t\t<\/div>\n\t\t<\/section>\n\t\t\t\t<section class=\"elementor-section elementor-top-section elementor-element elementor-element-27f4d9d5 elementor-section-boxed elementor-section-height-default elementor-section-height-default\" data-id=\"27f4d9d5\" data-element_type=\"section\" data-e-type=\"section\">\n\t\t\t\t\t\t<div class=\"elementor-container elementor-column-gap-default\">\n\t\t\t\t\t<div class=\"elementor-column elementor-col-50 elementor-top-column elementor-element elementor-element-75575298\" data-id=\"75575298\" data-element_type=\"column\" data-e-type=\"column\">\n\t\t\t<div class=\"elementor-widget-wrap elementor-element-populated\">\n\t\t\t\t\t\t<div class=\"elementor-element elementor-element-145d8e8c elementor-invisible elementor-widget elementor-widget-text-editor\" data-id=\"145d8e8c\" data-element_type=\"widget\" data-e-type=\"widget\" data-settings=\"{&quot;_animation&quot;:&quot;fadeIn&quot;}\" data-widget_type=\"text-editor.default\">\n\t\t\t\t<div class=\"elementor-widget-container\">\n\t\t\t\t\t\t\t\t\t<h4>Die klinische CBD-Forschung ist ein sich schnell entwickelndes Feld, das sich auf die Untersuchung der gesundheitlichen Vorteile von Cannabis konzentriert.<\/h4>\n<p> Es wurden Dutzende von Experten begutachtete Studien ver\u00f6ffentlicht, die best\u00e4tigen, dass CBD eine Reihe therapeutischer Wirkungen hat, darunter die Linderung von Angstzust\u00e4nden, Schlaflosigkeit, chronischen Schmerzen und Entz\u00fcndungen.<\/p>\n<p> Es wurde auch festgestellt, dass CBD bei Epilepsie und neurologischen Erkrankungen hilft, beispielsweise indem es das Auftreten von Anf\u00e4llen bei Patienten reduziert, die nicht auf herk\u00f6mmliche Medikamente ansprechen.<\/p>\n<p> Obwohl seit 2017 mehrere hochwertige randomisierte klinische Studien durchgef\u00fchrt wurden, laufen auch heute noch einige sehr spannende Studien am Menschen.<\/p>\n<h2> <strong><br \/>Laufende Forschung<br \/><\/strong><\/h2>\n<p> <strong>Hier ist ein Link zu einer Liste<\/strong> laufender klinischer Studien am Menschen allein an der University of San Diego, deren Ergebnisse wir mit Spannung erwarten:<\/p>\n<p> <strong><a href=\"https:\/\/clinicaltrials.ucsd.edu\/cannabidiol\" target=\"_blank\" rel=\"noopener\">https:\/\/clinicaltrials.ucsd.edu\/cannabidiol<\/a><br \/><\/strong><\/p>\n<p><strong><br \/><\/strong> Hier ist ein Link zum Register f\u00fcr klinische Studien der Europ\u00e4ischen Union: <strong><br \/><a href=\"https:\/\/www.clinicaltrialsregister.eu\/ctr-search\/search?query=cannabidiol&amp;status=ongoing\" target=\"_blank\" rel=\"noopener\">https:\/\/www.clinicaltrialsregister.eu\/<\/a><br \/><\/strong><\/p>\n\t\t\t\t\t\t\t\t<\/div>\n\t\t\t\t<\/div>\n\t\t\t\t\t<\/div>\n\t\t<\/div>\n\t\t\t\t<div class=\"elementor-column elementor-col-50 elementor-top-column elementor-element elementor-element-3335f401\" data-id=\"3335f401\" data-element_type=\"column\" data-e-type=\"column\">\n\t\t\t<div class=\"elementor-widget-wrap elementor-element-populated\">\n\t\t\t\t\t\t<div class=\"elementor-element elementor-element-1481de77 elementor-invisible elementor-widget elementor-widget-text-editor\" data-id=\"1481de77\" data-element_type=\"widget\" data-e-type=\"widget\" data-settings=\"{&quot;_animation&quot;:&quot;fadeIn&quot;}\" data-widget_type=\"text-editor.default\">\n\t\t\t\t<div class=\"elementor-widget-container\">\n\t\t\t\t\t\t\t\t\t<h4>Die Position des estnischen Arzneimittelausschusses bereits im Jahr 2017 zu Cannabinoiden in der forschungsbasierten klinischen Medizin:<\/h4>\n<ol>\n<li style=\"list-style-type: none;\">\n<ol>\n<li> Substanzen, die das Endocannabinoidsystem beeinflussen, haben Potenzial f\u00fcr die Arzneimittelentwicklung in mehreren medizinischen Bereichen\n<\/li>\n<li> <span style=\"letter-spacing: var(--the7-base-letter-spacing); text-transform: var(--the7-base-text-transform); word-spacing: normal; text-decoration: var(--the7-base-text-decoration);\"><span style=\"letter-spacing: var(--the7-base-letter-spacing); text-transform: var(--the7-base-text-transform); word-spacing: normal; text-decoration: var(--the7-base-text-decoration);\">Die Staaten m\u00fcssen die freie Durchf\u00fchrung pr\u00e4klinischer und klinischer Studien mit Cannabinoiden zulassen, um wissenschaftlich g\u00fcltige Hypothesen zu testen\n<p><\/span><\/span><\/li>\n<li> Das Rauchen von Marihuana ist keine geeignete Verabreichungsmethode f\u00fcr den Einsatz in der klinischen Medizin oder f\u00fcr die Forschung. Es m\u00fcssen Pr\u00e4parate mit einer sicheren Verabreichungsmethode und einer genau bekannten Zusammensetzung entwickelt werden.\n<\/li>\n<li> Damit aus einem vielversprechenden Molek\u00fcl ein Medikament wird, muss ein qualitativ hochwertiges Pr\u00e4parat hergestellt und in randomisierten klinischen Studien ein angemessenes Nutzen-Risiko-Verh\u00e4ltnis nachgewiesen werden, auch f\u00fcr Substanzen, die das Endocannabinoidsystem beeinflussen;<\/li>\n<\/ol>\n<\/li>\n<\/ol>\n<ol>\n<li style=\"list-style-type: none;\"><\/li>\n<\/ol>\n<p> Quelle: Estnischer Arzt 2017; 96(6):354\u2013356<\/p>\n\t\t\t\t\t\t\t\t<\/div>\n\t\t\t\t<\/div>\n\t\t\t\t\t<\/div>\n\t\t<\/div>\n\t\t\t\t\t<\/div>\n\t\t<\/section>\n\t\t\t\t<section class=\"elementor-section elementor-top-section elementor-element elementor-element-db137de elementor-section-boxed elementor-section-height-default elementor-section-height-default\" data-id=\"db137de\" data-element_type=\"section\" data-e-type=\"section\">\n\t\t\t\t\t\t<div class=\"elementor-container elementor-column-gap-default\">\n\t\t\t\t\t<div class=\"elementor-column elementor-col-100 elementor-top-column elementor-element elementor-element-3bd60a72\" data-id=\"3bd60a72\" data-element_type=\"column\" data-e-type=\"column\">\n\t\t\t<div class=\"elementor-widget-wrap elementor-element-populated\">\n\t\t\t\t\t\t<div class=\"elementor-element elementor-element-44a45719 elementor-widget elementor-widget-text-editor\" data-id=\"44a45719\" data-element_type=\"widget\" data-e-type=\"widget\" data-widget_type=\"text-editor.default\">\n\t\t\t\t<div class=\"elementor-widget-container\">\n\t\t\t\t\t\t\t\t\t<h2><strong>Abgeschlossenes Studium<\/strong><\/h2>\n<\/p>\n<h4 style=\"padding-left: 40px;\"><b><\/b> <strong>CBD und Linderung von Angstzust\u00e4nden<\/strong><b><br \/><\/b><\/h4>\n<p style=\"padding-left: 40px;\"> Eine Studie der University of Colorado ergab, dass CBD hilft, Angstzust\u00e4nde zu reduzieren, ohne die Nebenwirkungen von THC.<\/p>\n<h4 style=\"padding-left: 40px;\"> <span style=\"color: #d6b069;\"><a style=\"color: #d6b069;\" href=\"http:\/\/www.colorado.edu\/today\/2024\/02\/27\/cbd-shown-ease-anxiety-without-risks-can-come-thc\" target=\"_blank\" rel=\"noopener\">\u00bb Lesen Sie die Studie auf der Website der University of Colorado<\/a><\/span><\/h4>\n\t\t\t\t\t\t\t\t<\/div>\n\t\t\t\t<\/div>\n\t\t\t\t<div class=\"elementor-element elementor-element-59d79f06 elementor-widget elementor-widget-text-editor\" data-id=\"59d79f06\" data-element_type=\"widget\" data-e-type=\"widget\" data-widget_type=\"text-editor.default\">\n\t\t\t\t<div class=\"elementor-widget-container\">\n\t\t\t\t\t\t\t\t\t<h4 style=\"padding-left: 40px;\"><b><\/b><strong>Auswirkungen von CBD auf Stress und Schlafprobleme<\/strong><b><br \/><\/b><\/h4>\n<p style=\"padding-left: 40px;\"> Das Journal of Cannabis Research ver\u00f6ffentlichte eine Studie, die sich mit der Verwendung von CBD zur Behandlung von Stress, Angstzust\u00e4nden und Schlafproblemen befasste.<\/p>\n<h4 style=\"padding-left: 40px;\"> <span style=\"color: #d6b069;\"><a style=\"color: #d6b069;\" href=\"https:\/\/jcannabisresearch.biomedcentral.com\/articles\/10.1186\/s42238-021-00061-5\" target=\"_blank\" rel=\"noopener\">\u00bb Lesen Sie die Studie im Journal of Cannabis Research<\/a><\/span><\/h4>\n\t\t\t\t\t\t\t\t<\/div>\n\t\t\t\t<\/div>\n\t\t\t\t<div class=\"elementor-element elementor-element-60f56c66 elementor-widget elementor-widget-text-editor\" data-id=\"60f56c66\" data-element_type=\"widget\" data-e-type=\"widget\" data-widget_type=\"text-editor.default\">\n\t\t\t\t<div class=\"elementor-widget-container\">\n\t\t\t\t\t\t\t\t\t<h4 style=\"padding-left: 40px;\"><b><\/b><strong>Eine Studie mit CBD-Nutzern zu Stress, Schlaflosigkeit und Angstzust\u00e4nden.<\/strong><b><br \/><\/b><\/h4>\n<p style=\"padding-left: 40px;\"> Die BioMed-Studie verf\u00fcgt \u00fcber Umfrageergebnisse und grafische Diagramme<\/p>\n<h4 style=\"padding-left: 40px;\"> <span style=\"color: #d6b069;\"><a style=\"color: #d6b069;\" href=\"https:\/\/jcannabisresearch.biomedcentral.com\/articles\/10.1186\/s42238-021-00061-5\" target=\"_blank\" rel=\"noopener\">\u00bb Lesen Sie die Studie auf der BioMed Central-Seite<\/a><\/span><\/h4>\n\t\t\t\t\t\t\t\t<\/div>\n\t\t\t\t<\/div>\n\t\t\t\t<div class=\"elementor-element elementor-element-76d0ec45 elementor-widget elementor-widget-text-editor\" data-id=\"76d0ec45\" data-element_type=\"widget\" data-e-type=\"widget\" data-widget_type=\"text-editor.default\">\n\t\t\t\t<div class=\"elementor-widget-container\">\n\t\t\t\t\t\t\t\t\t<h4 style=\"padding-left: 40px;\"><strong>Der Einsatz von Cannabis bei der Behandlung von PTBS und Depressionen<\/strong><b><br \/><\/b><\/h4>\n<p style=\"padding-left: 40px;\"> In der Studie wurde hervorgehoben, dass medizinisches Cannabis die Gesundheitsergebnisse bei PTBS und Depressionen verbessern kann, Dosierung und \u00dcberwachung sind jedoch wichtig.<\/p>\n<h4 style=\"padding-left: 40px;\"> <span style=\"color: #d6b069;\"><a style=\"color: #d6b069;\" href=\"https:\/\/www.cambridge.org\/core\/journals\/bjpsych-open\/article\/medicinal-cannabis-for-treating-posttraumatic-stress-disorder-and-comorbid-depression-realworld-evidence\/F88B15F3E00576E757ADF4915F9874A6\" target=\"_blank\" rel=\"noopener\">\u00bb Lesen Sie die Studie auf der Seite Cambridge University Press &amp; Assessment<\/a><\/span><\/h4>\n\t\t\t\t\t\t\t\t<\/div>\n\t\t\t\t<\/div>\n\t\t\t\t<div class=\"elementor-element elementor-element-12678d2d elementor-widget elementor-widget-text-editor\" data-id=\"12678d2d\" data-element_type=\"widget\" data-e-type=\"widget\" data-widget_type=\"text-editor.default\">\n\t\t\t\t<div class=\"elementor-widget-container\">\n\t\t\t\t\t\t\t\t\t<h4 style=\"padding-left: 40px;\"><strong>Verwendung von medizinischem Cannabis bei Schlafst\u00f6rungen<\/strong><\/h4>\n<p style=\"padding-left: 40px;\"> Eine australische Studie untersuchte die Auswirkungen von Cannabis auf Schlafst\u00f6rungen und stellte fest, dass Konsumenten einen besseren Schlaf erlebten.<\/p>\n<h4 style=\"padding-left: 40px;\"> <span style=\"color: #d6b069;\"><a style=\"color: #d6b069;\" href=\"https:\/\/www.cambridge.org\/core\/journals\/bjpsych-open\/article\/medicinal-cannabis-for-treating-posttraumatic-stress-disorder-and-comorbid-depression-realworld-evidence\/F88B15F3E00576E757ADF4915F9874A6\" target=\"_blank\" rel=\"noopener\">\u00bb Lesen Sie die Studie \u201eNature Science of Sleep\u201c.<\/a><\/span><\/h4>\n\t\t\t\t\t\t\t\t<\/div>\n\t\t\t\t<\/div>\n\t\t\t\t\t<\/div>\n\t\t<\/div>\n\t\t\t\t\t<\/div>\n\t\t<\/section>\n\t\t\t\t<section class=\"elementor-section elementor-top-section elementor-element elementor-element-632a7527 elementor-section-boxed elementor-section-height-default elementor-section-height-default\" data-id=\"632a7527\" data-element_type=\"section\" data-e-type=\"section\">\n\t\t\t\t\t\t<div class=\"elementor-container elementor-column-gap-default\">\n\t\t\t\t\t<div class=\"elementor-column elementor-col-100 elementor-top-column elementor-element elementor-element-15178cf9\" data-id=\"15178cf9\" data-element_type=\"column\" data-e-type=\"column\">\n\t\t\t<div class=\"elementor-widget-wrap elementor-element-populated\">\n\t\t\t\t\t\t<div class=\"elementor-element elementor-element-a6d842f elementor-widget elementor-widget-text-editor\" data-id=\"a6d842f\" data-element_type=\"widget\" data-e-type=\"widget\" data-widget_type=\"text-editor.default\">\n\t\t\t\t<div class=\"elementor-widget-container\">\n\t\t\t\t\t\t\t\t\t<h4><strong>Weiterlesen:<\/strong> <span style=\"text-decoration: underline;\"><a href=\"https:\/\/zennative.eu\/de\/was-ist-cbd\/\">Was ist CBD?<\/a><\/span><\/p>\n<\/h4>\n<h1> ?<\/h1>\n<h4> <strong>Es gab Fragen<\/strong><\/h4>\n<p> Bitte kontaktieren Sie uns <strong><a href=\"mailto:info@zennative.ee\">unter info@zennative.ee<\/a><\/strong> oder <strong><a href=\"tel:0037255524424\">55524424<\/a><\/strong><\/p>\n\t\t\t\t\t\t\t\t<\/div>\n\t\t\t\t<\/div>\n\t\t\t\t\t<\/div>\n\t\t<\/div>\n\t\t\t\t\t<\/div>\n\t\t<\/section>\n\t\t\t\t<\/div>\n\t\t","protected":false},"excerpt":{"rendered":"<p>Klinische CBD-Forschung Die klinische CBD-Forschung ist ein sich schnell entwickelndes Feld, das sich auf die Untersuchung der gesundheitlichen Vorteile von Cannabis konzentriert. Es wurden Dutzende von Experten begutachtete Studien ver\u00f6ffentlicht, die best\u00e4tigen, dass CBD eine Reihe therapeutischer Wirkungen hat, darunter die Linderung von Angstzust\u00e4nden, Schlaflosigkeit, chronischen Schmerzen und Entz\u00fcndungen. Es wurde auch festgestellt, dass CBD&hellip;<\/p>\n","protected":false},"author":12,"featured_media":0,"parent":0,"menu_order":0,"comment_status":"closed","ping_status":"closed","template":"","meta":{"footnotes":""},"class_list":["post-64306","page","type-page","status-publish","hentry"],"_links":{"self":[{"href":"https:\/\/zennative.eu\/de\/wp-json\/wp\/v2\/pages\/64306","targetHints":{"allow":["GET"]}}],"collection":[{"href":"https:\/\/zennative.eu\/de\/wp-json\/wp\/v2\/pages"}],"about":[{"href":"https:\/\/zennative.eu\/de\/wp-json\/wp\/v2\/types\/page"}],"author":[{"embeddable":true,"href":"https:\/\/zennative.eu\/de\/wp-json\/wp\/v2\/users\/12"}],"replies":[{"embeddable":true,"href":"https:\/\/zennative.eu\/de\/wp-json\/wp\/v2\/comments?post=64306"}],"version-history":[{"count":1,"href":"https:\/\/zennative.eu\/de\/wp-json\/wp\/v2\/pages\/64306\/revisions"}],"predecessor-version":[{"id":64307,"href":"https:\/\/zennative.eu\/de\/wp-json\/wp\/v2\/pages\/64306\/revisions\/64307"}],"wp:attachment":[{"href":"https:\/\/zennative.eu\/de\/wp-json\/wp\/v2\/media?parent=64306"}],"curies":[{"name":"wp","href":"https:\/\/api.w.org\/{rel}","templated":true}]}}