{"id":63533,"date":"2024-10-02T20:27:09","date_gmt":"2024-10-02T17:27:09","guid":{"rendered":"https:\/\/zennative.eu\/haeufig-gestellte-fragen\/"},"modified":"2024-10-02T20:27:25","modified_gmt":"2024-10-02T17:27:25","slug":"haeufig-gestellte-fragen","status":"publish","type":"page","link":"https:\/\/zennative.eu\/de\/haeufig-gestellte-fragen\/","title":{"rendered":"H\u00e4ufig gestellte Fragen"},"content":{"rendered":"\t\t<div data-elementor-type=\"wp-page\" data-elementor-id=\"63533\" class=\"elementor elementor-63533 elementor-48065\" data-elementor-post-type=\"page\">\n\t\t\t\t\t\t<section class=\"elementor-section elementor-top-section elementor-element elementor-element-57e80bca elementor-section-boxed elementor-section-height-default elementor-section-height-default\" data-id=\"57e80bca\" data-element_type=\"section\" data-e-type=\"section\">\n\t\t\t\t\t\t<div class=\"elementor-container elementor-column-gap-default\">\n\t\t\t\t\t<div class=\"elementor-column elementor-col-100 elementor-top-column elementor-element elementor-element-51b0c2f4\" data-id=\"51b0c2f4\" data-element_type=\"column\" data-e-type=\"column\" data-settings=\"{&quot;background_background&quot;:&quot;slideshow&quot;,&quot;background_slideshow_gallery&quot;:[],&quot;background_slideshow_loop&quot;:&quot;yes&quot;,&quot;background_slideshow_slide_duration&quot;:5000,&quot;background_slideshow_slide_transition&quot;:&quot;fade&quot;,&quot;background_slideshow_transition_duration&quot;:500}\">\n\t\t\t<div class=\"elementor-widget-wrap elementor-element-populated\">\n\t\t\t\t\t\t<div class=\"elementor-element elementor-element-3acae558 elementor-widget elementor-widget-heading\" data-id=\"3acae558\" data-element_type=\"widget\" data-e-type=\"widget\" data-widget_type=\"heading.default\">\n\t\t\t\t<div class=\"elementor-widget-container\">\n\t\t\t\t\t<h3 class=\"elementor-heading-title elementor-size-medium\">H\u00e4ufig gestellte Fragen<\/h3>\t\t\t\t<\/div>\n\t\t\t\t<\/div>\n\t\t\t\t\t<\/div>\n\t\t<\/div>\n\t\t\t\t\t<\/div>\n\t\t<\/section>\n\t\t\t\t<section class=\"elementor-section elementor-top-section elementor-element elementor-element-73d99d58 elementor-section-boxed elementor-section-height-default elementor-section-height-default\" data-id=\"73d99d58\" data-element_type=\"section\" data-e-type=\"section\">\n\t\t\t\t\t\t<div class=\"elementor-container elementor-column-gap-default\">\n\t\t\t\t\t<div class=\"elementor-column elementor-col-50 elementor-top-column elementor-element elementor-element-4da32985\" data-id=\"4da32985\" data-element_type=\"column\" data-e-type=\"column\">\n\t\t\t<div class=\"elementor-widget-wrap elementor-element-populated\">\n\t\t\t\t\t\t<section class=\"elementor-section elementor-inner-section elementor-element elementor-element-62db05fc elementor-section-boxed elementor-section-height-default elementor-section-height-default\" data-id=\"62db05fc\" data-element_type=\"section\" data-e-type=\"section\" data-settings=\"{&quot;sticky&quot;:&quot;top&quot;,&quot;sticky_offset&quot;:50,&quot;sticky_parent&quot;:&quot;yes&quot;,&quot;sticky_on&quot;:[&quot;desktop&quot;,&quot;tablet&quot;,&quot;mobile&quot;],&quot;sticky_effects_offset&quot;:0,&quot;sticky_anchor_link_offset&quot;:0}\">\n\t\t\t\t\t\t<div class=\"elementor-container elementor-column-gap-default\">\n\t\t\t\t\t<div class=\"elementor-column elementor-col-100 elementor-inner-column elementor-element elementor-element-53791366\" data-id=\"53791366\" data-element_type=\"column\" data-e-type=\"column\">\n\t\t\t<div class=\"elementor-widget-wrap elementor-element-populated\">\n\t\t\t\t\t\t<div class=\"elementor-element elementor-element-4c4e91fc elementor-widget elementor-widget-table-of-contents\" data-id=\"4c4e91fc\" data-element_type=\"widget\" data-e-type=\"widget\" data-settings=\"{&quot;headings_by_tags&quot;:[&quot;h3&quot;],&quot;exclude_headings_by_selector&quot;:[],&quot;marker_view&quot;:&quot;bullets&quot;,&quot;icon&quot;:{&quot;value&quot;:&quot;&quot;,&quot;library&quot;:&quot;&quot;},&quot;no_headings_message&quot;:&quot;Es wurden keine \\u00dcberschriften auf dieser Seite gefunden.&quot;,&quot;hierarchical_view&quot;:&quot;yes&quot;,&quot;min_height&quot;:{&quot;unit&quot;:&quot;px&quot;,&quot;size&quot;:&quot;&quot;,&quot;sizes&quot;:[]},&quot;min_height_tablet&quot;:{&quot;unit&quot;:&quot;px&quot;,&quot;size&quot;:&quot;&quot;,&quot;sizes&quot;:[]},&quot;min_height_mobile&quot;:{&quot;unit&quot;:&quot;px&quot;,&quot;size&quot;:&quot;&quot;,&quot;sizes&quot;:[]}}\" data-widget_type=\"table-of-contents.default\">\n\t\t\t\t<div class=\"elementor-widget-container\">\n\t\t\t\t\t\t\t\t\t<div class=\"elementor-toc__header\">\n\t\t\t\t\t\t<h4 class=\"elementor-toc__header-title\">\n\t\t\t\tInhalts\u00fcbersicht\t\t\t<\/h4>\n\t\t\t\t\t\t\t\t<\/div>\n\t\t\t\t<div id=\"elementor-toc__4c4e91fc\" class=\"elementor-toc__body\">\n\t\t\t<div class=\"elementor-toc__spinner-container\">\n\t\t\t\t<i class=\"elementor-toc__spinner eicon-animation-spin eicon-loading\" aria-hidden=\"true\"><\/i>\t\t\t<\/div>\n\t\t<\/div>\n\t\t\t\t\t\t<\/div>\n\t\t\t\t<\/div>\n\t\t\t\t\t<\/div>\n\t\t<\/div>\n\t\t\t\t\t<\/div>\n\t\t<\/section>\n\t\t\t\t\t<\/div>\n\t\t<\/div>\n\t\t\t\t<div class=\"elementor-column elementor-col-50 elementor-top-column elementor-element elementor-element-388a7df2\" data-id=\"388a7df2\" data-element_type=\"column\" data-e-type=\"column\">\n\t\t\t<div class=\"elementor-widget-wrap elementor-element-populated\">\n\t\t\t\t\t\t<div class=\"elementor-element elementor-element-51beb8a5 elementor-widget elementor-widget-text-editor\" data-id=\"51beb8a5\" data-element_type=\"widget\" data-e-type=\"widget\" data-widget_type=\"text-editor.default\">\n\t\t\t\t<div class=\"elementor-widget-container\">\n\t\t\t\t\t\t\t\t\t<h3>1) Was ist der Unterschied zwischen einer schwarzen und einer wei\u00dfen Flasche?<\/h3>\n<p>Die schwarze Flasche enth\u00e4lt das \u00d6l, das aus dem Extrakt der ganzen Pflanze gewonnen wird. Die wei\u00dfe Flasche enth\u00e4lt das \u00d6l, das aus dem reinen CBD-Kristall hergestellt wird, der vom Extrakt getrennt wurde. <br \/>Die schwarze Flasche enth\u00e4lt nicht nur CBD, sondern auch alle Cannabinoide (einschlie\u00dflich THC), Flavonoide und Terpene, die in der Pflanze vorkommen &#8211; nat\u00fcrliche Antioxidantien und \u00e4therische \u00d6le.<\/p>\n<p>Das \u00d6l in der wei\u00dfen Flasche enth\u00e4lt nur CBD und ein Tr\u00e4ger\u00f6l (MCT-Kokosnuss\u00f6l).<\/p>\n<p>% ja% tuSowohl Full Spectrum als auch kristallisiertes CBD sind in 5%, 15 30 gevels erh\u00e4ltlich.<\/p>\n\t\t\t\t\t\t\t\t<\/div>\n\t\t\t\t<\/div>\n\t\t\t\t<div class=\"elementor-element elementor-element-197ea9ad elementor-widget elementor-widget-text-editor\" data-id=\"197ea9ad\" data-element_type=\"widget\" data-e-type=\"widget\" data-widget_type=\"text-editor.default\">\n\t\t\t\t<div class=\"elementor-widget-container\">\n\t\t\t\t\t\t\t\t\t<h3>2) Welches \u00d6l ist besser f\u00fcr mich?<\/h3>\n<p>Wenn Sie auf der Suche nach Linderung von Angstzust\u00e4nden, Schmerzen, Schlaf oder anderen gesundheitlichen Problemen sind, empfehlen wir Full Spectrum \u00d6l. Das breite Spektrum an Inhaltsstoffen ist wirksamer als reines CBD.<\/p>\n<p>Die in der schwarzen Flasche enthaltenen Partikel sind notwendig, um die breitere Wirkung von CBD-\u00d6l zu gew\u00e4hrleisten. CBD-Crystal-\u00d6l hat im Vergleich zu Full Spectrum-\u00d6l eine weniger sp\u00fcrbare Wirkung. Crystal CBD kann zum Beispiel von Spitzensportlern verwendet werden, da CBD von der Welt-Anti-Doping-Agentur zugelassen ist.<\/p>\n<p>CBD Crystal Serum oder CBD Isolat \u00d6l ist besser geeignet f\u00fcr empfindliche Menschen und f\u00fcr diejenigen, die nur die Wirkung von CBD ben\u00f6tigen. Au\u00dferdem ist das Crystal Oil ohne Farbe, Geschmack und Geruch. Au\u00dferdem ist das \u00d6l in der wei\u00dfen Flasche besser f\u00fcr diejenigen geeignet, die in ein Land reisen, in dem auch nur eine kleine Menge THC verboten ist.<\/p>\n<p>Informieren Sie sich auf Reisen \u00fcber die Gesetze Ihres Reiseziels, bevor Sie ein \u00d6l mitnehmen.<\/p>\n<p>Wenden Sie sich an uns, um das richtige Produkt f\u00fcr Sie zu finden.<\/p>\n\t\t\t\t\t\t\t\t<\/div>\n\t\t\t\t<\/div>\n\t\t\t\t<div class=\"elementor-element elementor-element-612be137 elementor-widget elementor-widget-text-editor\" data-id=\"612be137\" data-element_type=\"widget\" data-e-type=\"widget\" data-widget_type=\"text-editor.default\">\n\t\t\t\t<div class=\"elementor-widget-container\">\n\t\t\t\t\t\t\t\t\t<h3>3) Welche St\u00e4rke sollte ich w\u00e4hlen? Was ist der Unterschied zwischen den verschiedenen Prozents\u00e4tzen?<\/h3>\n<p>Der Prozentsatz gibt an, wie viel CBD im Produkt enthalten ist. Ein \u00d6l mit einer St\u00e4rke von &#8222;15%&#8220; enth\u00e4lt zum Beispiel 1500 mg CBD.<\/p>\n<p>Alle Flaschen haben die gleiche Gr\u00f6\u00dfe (10 ml) und enthalten mindestens 200 Tropfen.<\/p>\n<p>Full Spectrum 5% ist ein \u00d6l mit niedrigem CBD-Gehalt und ist eine gute Wahl f\u00fcr Kinder und Haustiere.<\/p>\n<p>% sFull Spectrum 15 eignet sich f\u00fcr Menschen, die von Zeit zu Zeit leichte Angstzust\u00e4nde oder Schlafst\u00f6rungen haben.<\/p>\n<p>% oFull Spectrum 30 ist die bequemste und wirtschaftlichste Wahl f\u00fcr eine Kur.<\/p>\n\t\t\t\t\t\t\t\t<\/div>\n\t\t\t\t<\/div>\n\t\t\t\t<div class=\"elementor-element elementor-element-2991d14c elementor-widget elementor-widget-text-editor\" data-id=\"2991d14c\" data-element_type=\"widget\" data-e-type=\"widget\" data-widget_type=\"text-editor.default\">\n\t\t\t\t<div class=\"elementor-widget-container\">\n\t\t\t\t\t\t\t\t\t<h3>4) Wie viele Tropfen sollte ich verwenden?<\/h3>\n<p>Beginnen Sie mit der Anwendung von CBD-\u00d6l wie folgt:<\/p>\n<p>5%: 1 Tropfen pro 2,5 kg K\u00f6rpergewicht<\/p>\n<p>15%: 1 Tropfen pro 7,5 kg K\u00f6rpergewicht<\/p>\n<p>30%: 1 Tropfen pro 15 kg K\u00f6rpergewicht<\/p>\n<p>Die empfohlene H\u00f6chstdosis ist bis zu zehnmal h\u00f6her. Beobachten Sie, wie Sie sich f\u00fchlen, und passen Sie die Dosis an oder wiederholen Sie die Einnahme, falls erforderlich.<\/p>\n\t\t\t\t\t\t\t\t<\/div>\n\t\t\t\t<\/div>\n\t\t\t\t<div class=\"elementor-element elementor-element-7a4d8311 elementor-widget elementor-widget-text-editor\" data-id=\"7a4d8311\" data-element_type=\"widget\" data-e-type=\"widget\" data-widget_type=\"text-editor.default\">\n\t\t\t\t<div class=\"elementor-widget-container\">\n\t\t\t\t\t\t\t\t\t<h3>5) Was sind die Erfahrungen anderer Kunden?<\/h3>\n<p>Das Feedback unserer Kunden ist sehr positiv. Viele haben deutliche Verbesserungen und Erleichterungen bei verschiedenen Gesundheitsproblemen erfahren.<\/p>\n<p>Wir haben in unserer Leseecke einige Kundengeschichten gesammelt. <br \/>Lesen Sie, wie sie mit CBD-\u00d6l Linderung bei verschiedenen Gesundheitsproblemen erfahren haben:<\/p>\n<p><a href=\"https:\/\/zennative.eu\/de\/leseecke-blog-und-erfahrungsberichte\/\" target=\"_blank\" rel=\"noopener\">https:\/\/zennative.eu\/lugemisnurk-ehk-blogi\/<\/a><\/p>\n<p>Kundenfeedback zu den Produkten k\u00f6nnen Sie hier lesen:<\/p>\n<p><a href=\"https:\/\/www.trustindex.io\/reviews\/www.zennative.com?lang=et\" target=\"_blank\" rel=\"noopener\">https:\/\/www.trustindex.io\/reviews\/www.zennative.com?lang=et<\/a><\/p>\n\t\t\t\t\t\t\t\t<\/div>\n\t\t\t\t<\/div>\n\t\t\t\t<div class=\"elementor-element elementor-element-17accceb elementor-widget elementor-widget-text-editor\" data-id=\"17accceb\" data-element_type=\"widget\" data-e-type=\"widget\" data-widget_type=\"text-editor.default\">\n\t\t\t\t<div class=\"elementor-widget-container\">\n\t\t\t\t\t\t\t\t\t<h3>6) Macht CBD-\u00d6l s\u00fcchtig? Was ist der Unterschied zu THC?<\/h3>\n<p>Nein, CBD-\u00d6l ist nicht psychoaktiv und macht nicht s\u00fcchtig. <strong>Full Spectrum-\u00d6l enth\u00e4lt<\/strong> zwar<strong>eine kleine Menge<\/strong> THC (die psychotrope Komponente der Cannabispflanze), aber <strong>die erlaubte Menge ist so gering, dass sie keine berauschende Wirkung hat.<\/strong><\/p>\n<p>Zen Native CBD Vollspektrum-\u00d6le enthalten den sehr geringen THC-Gehalt, der in einer hochwertigen CBD-Pflanze nat\u00fcrlich vorkommt (gesetzlich erlaubt &lt;0,3%)<\/p>\n<p>Crystal CBD \u00d6le enthalten nur CBD ohne andere Cannabinoide.<\/p>\n\t\t\t\t\t\t\t\t<\/div>\n\t\t\t\t<\/div>\n\t\t\t\t<div class=\"elementor-element elementor-element-185acba0 elementor-widget elementor-widget-text-editor\" data-id=\"185acba0\" data-element_type=\"widget\" data-e-type=\"widget\" data-widget_type=\"text-editor.default\">\n\t\t\t\t<div class=\"elementor-widget-container\">\n\t\t\t\t\t\t\t\t\t<h3>7) Wie lange sollte ich CBD-\u00d6l einnehmen?<\/h3>\n<p>Wir empfehlen, mit einer 1-3 monatigen Kur zu beginnen, gefolgt von einer 1-2 monatigen Pause. Je nachdem, wie Sie sich f\u00fchlen, k\u00f6nnen Sie die Kur verl\u00e4ngern oder die Pause verk\u00fcrzen. Jeder Mensch und jede Situation ist anders. <strong>Bitte konsultieren Sie unseren Kundensupport. <\/strong><\/p>\n\t\t\t\t\t\t\t\t<\/div>\n\t\t\t\t<\/div>\n\t\t\t\t<div class=\"elementor-element elementor-element-6034a460 elementor-widget elementor-widget-text-editor\" data-id=\"6034a460\" data-element_type=\"widget\" data-e-type=\"widget\" data-widget_type=\"text-editor.default\">\n\t\t\t\t<div class=\"elementor-widget-container\">\n\t\t\t\t\t\t\t\t\t<h3>8) Wie schnell tritt die Wirkung von CBD-\u00d6l ein?<\/h3>\n<p>Kurzfristige Wirkungen wie Angstzust\u00e4nde oder Schmerzlinderung k\u00f6nnen bereits 5-30 Minuten nach der Einnahme festgestellt werden. Bei schwerwiegenderen Gesundheitsproblemen und zur Erzielung langfristiger Vorteile dauert die Zellver\u00e4nderung 2-6 Wochen. In den meisten F\u00e4llen lohnt es sich, die Kur um weitere 1-2 Monate zu verl\u00e4ngern, um sicherzustellen, dass die Ergebnisse nachhaltig sind.<\/p>\n\t\t\t\t\t\t\t\t<\/div>\n\t\t\t\t<\/div>\n\t\t\t\t<div class=\"elementor-element elementor-element-69a85a41 elementor-widget elementor-widget-text-editor\" data-id=\"69a85a41\" data-element_type=\"widget\" data-e-type=\"widget\" data-widget_type=\"text-editor.default\">\n\t\t\t\t<div class=\"elementor-widget-container\">\n\t\t\t\t\t\t\t\t\t<h3>9) Wie wird CBD-\u00d6l eingenommen?<\/h3>\n<p><strong>Tr\u00f6pfeln Sie das \u00d6l unter die Zunge und halten Sie es<\/strong> dort f\u00fcr etwa 1 Minute, bevor Sie es schlucken. CBD wird am effektivsten \u00fcber die Mundschleimhaut aufgenommen. Ein Verschlucken des \u00d6ls verringert sofort die Wirksamkeit des CBD-\u00d6ls. Bei \u00e4u\u00dferlicher Anwendung massieren Sie das \u00d6l sanft in die Problemzone ein. tragen Sie 1 Tropfen auf eine handtellergro\u00dfe Fl\u00e4che auf.<\/p>\n\t\t\t\t\t\t\t\t<\/div>\n\t\t\t\t<\/div>\n\t\t\t\t<div class=\"elementor-element elementor-element-7bcfa4e6 elementor-widget elementor-widget-text-editor\" data-id=\"7bcfa4e6\" data-element_type=\"widget\" data-e-type=\"widget\" data-widget_type=\"text-editor.default\">\n\t\t\t\t<div class=\"elementor-widget-container\">\n\t\t\t\t\t\t\t\t\t<h3>10) Wann ist der beste Zeitpunkt f\u00fcr die Einnahme von CBD-\u00d6l?<\/h3>\n<p>Wir empfehlen die Einnahme von CBD-\u00d6l etwa 30 Minuten vor dem Schlafengehen. Sie k\u00f6nnen das \u00d6l auch morgens und\/oder tags\u00fcber einnehmen, um die t\u00e4glichen \u00c4ngste oder Depressionen zu lindern. Wenn das Full Spectrum \u00d6l unangenehme Schl\u00e4frigkeit oder Schwindelgef\u00fchle verursacht, reduzieren Sie die Menge oder ersetzen Sie es durch Crystal CBD \u00d6l und lassen Sie das Full Spectrum \u00d6l f\u00fcr den Abend.<\/p>\n<p>Es ist wichtig, daran zu denken, dass die Wirkung je nach Art des \u00d6ls variieren kann. <br \/>Beobachten Sie Ihr Wohlbefinden und passen Sie gegebenenfalls die Einnahmezeit an und wenden Sie sich an den Zen Native-Kundendienst.<\/p>\n<p>In Einzelf\u00e4llen kann es bei der ersten Einnahme zu Unwohlsein im Unterleib oder anderswo kommen. Dies deutet in der Regel auf einen Mangel an Cannabinoiden im K\u00f6rper hin und darauf, dass die Person diese dringend ben\u00f6tigt, und kann auf Ver\u00e4nderungen im K\u00f6rper hindeuten. Wenn die Beschwerden nicht innerhalb weniger Tage verschwinden, beenden Sie bitte die Einnahme und wenden Sie sich umgehend an unseren Kundendienst.<\/p>\n\t\t\t\t\t\t\t\t<\/div>\n\t\t\t\t<\/div>\n\t\t\t\t<div class=\"elementor-element elementor-element-4a468ab7 elementor-widget elementor-widget-text-editor\" data-id=\"4a468ab7\" data-element_type=\"widget\" data-e-type=\"widget\" data-widget_type=\"text-editor.default\">\n\t\t\t\t<div class=\"elementor-widget-container\">\n\t\t\t\t\t\t\t\t\t<h3>11) Warum sind CBD-\u00d6le so teuer?<\/h3>\n<p>Die Herstellung von CBD-\u00d6len ist komplex und erfordert viel Arbeit. Das spiegelt sich auch im Preis der Produkte wider.<\/p>\n<p>Unsere Preise sind gepr\u00e4gt von:<\/p>\n<ul>\n<li>Das hochwertigste Produkt kommt aus einem hochwertigen Samen und dessen Anbau in der reinen Natur von Hiiumaa;<\/li>\n<li>Um ein m\u00f6glichst breites Spektrum zu erreichen, verwenden wir nur bl\u00fchende Pflanzen, keine Biomasse;<\/li>\n<li>Die Verwendung einer teuren CO2-Extraktion, um den reinsten Extrakt zu erhalten;<\/li>\n<li>Handgefertigte Laborproduktion und Verpackung in kleinen Mengen;<\/li>\n<li>Einheimische estnische Arbeitskr\u00e4fte;<\/li>\n<li>T\u00e4gliches Aufsuchen, Konsultation und Beratung;<\/li>\n<\/ul>\n\t\t\t\t\t\t\t\t<\/div>\n\t\t\t\t<\/div>\n\t\t\t\t\t<\/div>\n\t\t<\/div>\n\t\t\t\t\t<\/div>\n\t\t<\/section>\n\t\t\t\t<section class=\"elementor-section elementor-top-section elementor-element elementor-element-5716ef39 elementor-section-boxed elementor-section-height-default elementor-section-height-default\" data-id=\"5716ef39\" data-element_type=\"section\" data-e-type=\"section\">\n\t\t\t\t\t\t<div class=\"elementor-container elementor-column-gap-default\">\n\t\t\t\t\t<div class=\"elementor-column elementor-col-100 elementor-top-column elementor-element elementor-element-2411c6a\" data-id=\"2411c6a\" data-element_type=\"column\" data-e-type=\"column\">\n\t\t\t<div class=\"elementor-widget-wrap elementor-element-populated\">\n\t\t\t\t\t\t<div class=\"elementor-element elementor-element-4f5d82d9 elementor-widget elementor-widget-text-editor\" data-id=\"4f5d82d9\" data-element_type=\"widget\" data-e-type=\"widget\" data-widget_type=\"text-editor.default\">\n\t\t\t\t<div class=\"elementor-widget-container\">\n\t\t\t\t\t\t\t\t\t<h1>?<\/h1>\n<p><strong>Sie konnten die Antwort nicht finden?<\/strong><\/p>\n<p>Kontaktieren Sie uns: <\/p>\n<p>Per Telefon: <a href=\"tel:55524424\">55524424,<\/a> Per E-Mail:<a href=\"mailto:info@zennative.ee\">info@zennative.ee<\/a> Per Chat auf der Website: www.zennative.ee<\/p>\n\t\t\t\t\t\t\t\t<\/div>\n\t\t\t\t<\/div>\n\t\t\t\t\t<\/div>\n\t\t<\/div>\n\t\t\t\t\t<\/div>\n\t\t<\/section>\n\t\t\t\t<\/div>\n\t\t","protected":false},"excerpt":{"rendered":"<p>H\u00e4ufig gestellte Fragen Inhalts\u00fcbersicht 1) Was ist der Unterschied zwischen einer schwarzen und einer wei\u00dfen Flasche? Die schwarze Flasche enth\u00e4lt das \u00d6l, das aus dem Extrakt der ganzen Pflanze gewonnen wird. Die wei\u00dfe Flasche enth\u00e4lt das \u00d6l, das aus dem reinen CBD-Kristall hergestellt wird, der vom Extrakt getrennt wurde. Die schwarze Flasche enth\u00e4lt nicht nur&hellip;<\/p>\n","protected":false},"author":12,"featured_media":0,"parent":0,"menu_order":0,"comment_status":"closed","ping_status":"closed","template":"","meta":{"footnotes":""},"class_list":["post-63533","page","type-page","status-publish","hentry"],"_links":{"self":[{"href":"https:\/\/zennative.eu\/de\/wp-json\/wp\/v2\/pages\/63533","targetHints":{"allow":["GET"]}}],"collection":[{"href":"https:\/\/zennative.eu\/de\/wp-json\/wp\/v2\/pages"}],"about":[{"href":"https:\/\/zennative.eu\/de\/wp-json\/wp\/v2\/types\/page"}],"author":[{"embeddable":true,"href":"https:\/\/zennative.eu\/de\/wp-json\/wp\/v2\/users\/12"}],"replies":[{"embeddable":true,"href":"https:\/\/zennative.eu\/de\/wp-json\/wp\/v2\/comments?post=63533"}],"version-history":[{"count":1,"href":"https:\/\/zennative.eu\/de\/wp-json\/wp\/v2\/pages\/63533\/revisions"}],"predecessor-version":[{"id":63534,"href":"https:\/\/zennative.eu\/de\/wp-json\/wp\/v2\/pages\/63533\/revisions\/63534"}],"wp:attachment":[{"href":"https:\/\/zennative.eu\/de\/wp-json\/wp\/v2\/media?parent=63533"}],"curies":[{"name":"wp","href":"https:\/\/api.w.org\/{rel}","templated":true}]}}